{"id":1031,"date":"2022-09-20T11:06:24","date_gmt":"2022-09-20T09:06:24","guid":{"rendered":"https:\/\/tibladin.dk\/?post_type=product&#038;p=1031"},"modified":"2026-02-27T14:56:08","modified_gmt":"2026-02-27T13:56:08","slug":"korg-med-blaatt-lock","status":"publish","type":"product","link":"https:\/\/tibladin.dk\/sv\/produkt\/kurv-med-laag-blaa\/","title":{"rendered":"Korg med lock \u2013 bl\u00e5"},"content":{"rendered":"<div class=\"wpb-content-wrapper\"><div class=\"vc_row wpb_row vc_row-fluid\"><div class=\"wpb_column vc_column_container vc_col-sm-4\"><div class=\"vc_column-inner\"><div class=\"wpb_wrapper\"><\/div><\/div><\/div><div class=\"wpb_column vc_column_container vc_col-sm-4\"><div class=\"vc_column-inner\"><div class=\"wpb_wrapper\"><h3 style=\"text-align: left\" class=\"vc_custom_heading vc_do_custom_heading\" >Underh\u00e5ll<\/h3>\n\t<div class=\"wpb_text_column wpb_content_element\" >\n\t\t<div class=\"wpb_wrapper\">\n\t\t\t<p>F\u00f6r reng\u00f6ring \u00e4r det enklaste att dammsuga den noggrant.<\/p>\n\n\t\t<\/div>\n\t<\/div>\n<\/div><\/div><\/div><div class=\"wpb_column vc_column_container vc_col-sm-4\"><div class=\"vc_column-inner\"><div class=\"wpb_wrapper\"><h3 style=\"text-align: left\" class=\"vc_custom_heading vc_do_custom_heading\" >Historien bakom<\/h3>\n\t<div class=\"wpb_text_column wpb_content_element\" >\n\t\t<div class=\"wpb_wrapper\">\n\t\t\t<p>F\u00f6rvaring som dekorerar. Jag \u00e4lskar korgar. De kan ge vilket rum som helst v\u00e4rme och mysighet.<\/p>\n<p>Anv\u00e4nd den h\u00e4r korgen f\u00f6r att sortera dina saker och arrangera dem vackert i rummet.<\/p>\n<p>Korgarna \u00e4r handgjorda av kvinnor fr\u00e5n ett kvinnokooperativ s\u00f6der om Marrakech.<\/p>\n<p>Ett tjockt sn\u00f6re anv\u00e4nds som slingrar sig hela v\u00e4gen runt och slutligen formar korgen. En fin teknik som kvinnorna har utformat.<\/p>\n\n\t\t<\/div>\n\t<\/div>\n<\/div><\/div><\/div><\/div>\n<\/div>","protected":false},"excerpt":{"rendered":"<p>F\u00f6rvaring som dekorerar och ger komfort i alla rum.<\/p>\n<p>Den h\u00e4r rottingkorg kan vara en utm\u00e4rkt f\u00f6rvaring f\u00f6r h\u00e5rband, res\u00e5rband och alla m\u00f6jliga sm\u00e5saker i badrummet, f\u00f6r din stickning eller kanske f\u00f6r ritsaker i arbetsrummet eller barnrummet. Bl\u00e5 tr\u00e5d och en pompom p\u00e5 toppen.<\/p>\n<p>Eftersom produkten \u00e4r handgjord lokalt i Marocko kan storlekarna variera n\u00e5got i h\u00f6jd och bredd.<\/p>\n<p>&nbsp;<\/p>","protected":false},"featured_media":1029,"template":"","meta":{"inline_featured_image":false},"product_brand":[],"product_cat":[47,55,51],"product_tag":[],"class_list":{"0":"post-1031","1":"product","2":"type-product","3":"status-publish","4":"has-post-thumbnail","6":"product_cat-gaven-til-ham","7":"product_cat-kurve","8":"product_cat-opbevaring","10":"first","11":"instock","12":"taxable","13":"shipping-taxable","14":"purchasable","15":"product-type-simple"},"exclude_global_add_ons":[],"addons":[],"yoast_head":"<!-- This site is optimized with the Yoast SEO plugin v27.4 - https:\/\/yoast.com\/product\/yoast-seo-wordpress\/ -->\n<title>Kurv med l\u00e5g - bl\u00e5- Tibladin Fletkurv med l\u00e5g og bl\u00e5 tr\u00e5d<\/title>\n<meta name=\"description\" content=\"Marokkansk Kurv - bl\u00e5. H\u00e5ndlavet af kvinder fra kvindekooperativ syd for Marrakech. Giver varme og hygge i ethvert rum.\" \/>\n<meta name=\"robots\" content=\"index, follow, max-snippet:-1, max-image-preview:large, max-video-preview:-1\" \/>\n<link rel=\"canonical\" href=\"https:\/\/tibladin.dk\/sv\/produkt\/korg-med-blaatt-lock\/\" \/>\n<meta property=\"og:locale\" content=\"sv_SE\" \/>\n<meta property=\"og:type\" content=\"article\" \/>\n<meta property=\"og:title\" content=\"Kurv med l\u00e5g - bl\u00e5- Tibladin Fletkurv med l\u00e5g og bl\u00e5 tr\u00e5d\" \/>\n<meta property=\"og:description\" content=\"Marokkansk Kurv - bl\u00e5. H\u00e5ndlavet af kvinder fra kvindekooperativ syd for Marrakech. Giver varme og hygge i ethvert rum.\" \/>\n<meta property=\"og:url\" content=\"https:\/\/tibladin.dk\/sv\/produkt\/korg-med-blaatt-lock\/\" \/>\n<meta property=\"og:site_name\" content=\"Tibladin\" \/>\n<meta property=\"article:modified_time\" content=\"2026-02-27T13:56:08+00:00\" \/>\n<meta property=\"og:image\" content=\"https:\/\/tibladin.dk\/wp-content\/uploads\/2022\/09\/Tibladin_marokkansk-kurv_blaa-traad-1.jpg\" \/>\n\t<meta property=\"og:image:width\" content=\"800\" \/>\n\t<meta property=\"og:image:height\" content=\"800\" \/>\n\t<meta property=\"og:image:type\" content=\"image\/jpeg\" \/>\n<meta name=\"twitter:card\" content=\"summary_large_image\" \/>\n<meta name=\"twitter:label1\" content=\"Ber\u00e4knad l\u00e4stid\" \/>\n\t<meta name=\"twitter:data1\" content=\"1 minut\" \/>\n<script type=\"application\/ld+json\" class=\"yoast-schema-graph\">{\"@context\":\"https:\\\/\\\/schema.org\",\"@graph\":[{\"@type\":\"WebPage\",\"@id\":\"https:\\\/\\\/tibladin.dk\\\/produkt\\\/kurv-med-laag-blaa\\\/\",\"url\":\"https:\\\/\\\/tibladin.dk\\\/produkt\\\/kurv-med-laag-blaa\\\/\",\"name\":\"Kurv med l\u00e5g - bl\u00e5- Tibladin Fletkurv med l\u00e5g og bl\u00e5 tr\u00e5d\",\"isPartOf\":{\"@id\":\"https:\\\/\\\/tibladin.dk\\\/#website\"},\"primaryImageOfPage\":{\"@id\":\"https:\\\/\\\/tibladin.dk\\\/produkt\\\/kurv-med-laag-blaa\\\/#primaryimage\"},\"image\":{\"@id\":\"https:\\\/\\\/tibladin.dk\\\/produkt\\\/kurv-med-laag-blaa\\\/#primaryimage\"},\"thumbnailUrl\":\"https:\\\/\\\/tibladin.dk\\\/wp-content\\\/uploads\\\/2022\\\/09\\\/Tibladin_marokkansk-kurv_blaa-traad-1.jpg\",\"datePublished\":\"2022-09-20T09:06:24+00:00\",\"dateModified\":\"2026-02-27T13:56:08+00:00\",\"description\":\"Marokkansk Kurv - bl\u00e5. H\u00e5ndlavet af kvinder fra kvindekooperativ syd for Marrakech. Giver varme og hygge i ethvert rum.\",\"breadcrumb\":{\"@id\":\"https:\\\/\\\/tibladin.dk\\\/produkt\\\/kurv-med-laag-blaa\\\/#breadcrumb\"},\"inLanguage\":\"sv-SE\",\"potentialAction\":[{\"@type\":\"ReadAction\",\"target\":[\"https:\\\/\\\/tibladin.dk\\\/produkt\\\/kurv-med-laag-blaa\\\/\"]}]},{\"@type\":\"ImageObject\",\"inLanguage\":\"sv-SE\",\"@id\":\"https:\\\/\\\/tibladin.dk\\\/produkt\\\/kurv-med-laag-blaa\\\/#primaryimage\",\"url\":\"https:\\\/\\\/tibladin.dk\\\/wp-content\\\/uploads\\\/2022\\\/09\\\/Tibladin_marokkansk-kurv_blaa-traad-1.jpg\",\"contentUrl\":\"https:\\\/\\\/tibladin.dk\\\/wp-content\\\/uploads\\\/2022\\\/09\\\/Tibladin_marokkansk-kurv_blaa-traad-1.jpg\",\"width\":800,\"height\":800,\"caption\":\"Marokkansk h\u00e5ndlavet kurv i bl\u00e5\"},{\"@type\":\"BreadcrumbList\",\"@id\":\"https:\\\/\\\/tibladin.dk\\\/produkt\\\/kurv-med-laag-blaa\\\/#breadcrumb\",\"itemListElement\":[{\"@type\":\"ListItem\",\"position\":1,\"name\":\"Hjem\",\"item\":\"https:\\\/\\\/tibladin.dk\\\/\"},{\"@type\":\"ListItem\",\"position\":2,\"name\":\"Shop\",\"item\":\"https:\\\/\\\/tibladin.dk\\\/shop\\\/\"},{\"@type\":\"ListItem\",\"position\":3,\"name\":\"Kurv med l\u00e5g &#8211; bl\u00e5\"}]},{\"@type\":\"WebSite\",\"@id\":\"https:\\\/\\\/tibladin.dk\\\/#website\",\"url\":\"https:\\\/\\\/tibladin.dk\\\/\",\"name\":\"Tibladin\",\"description\":\"Tibladin\",\"publisher\":{\"@id\":\"https:\\\/\\\/tibladin.dk\\\/#organization\"},\"potentialAction\":[{\"@type\":\"SearchAction\",\"target\":{\"@type\":\"EntryPoint\",\"urlTemplate\":\"https:\\\/\\\/tibladin.dk\\\/?s={search_term_string}\"},\"query-input\":{\"@type\":\"PropertyValueSpecification\",\"valueRequired\":true,\"valueName\":\"search_term_string\"}}],\"inLanguage\":\"sv-SE\"},{\"@type\":\"Organization\",\"@id\":\"https:\\\/\\\/tibladin.dk\\\/#organization\",\"name\":\"Tibladin\",\"url\":\"https:\\\/\\\/tibladin.dk\\\/\",\"logo\":{\"@type\":\"ImageObject\",\"inLanguage\":\"sv-SE\",\"@id\":\"https:\\\/\\\/tibladin.dk\\\/#\\\/schema\\\/logo\\\/image\\\/\",\"url\":\"https:\\\/\\\/tibladin.dk\\\/wp-content\\\/uploads\\\/2022\\\/09\\\/tibladin_logo.svg\",\"contentUrl\":\"https:\\\/\\\/tibladin.dk\\\/wp-content\\\/uploads\\\/2022\\\/09\\\/tibladin_logo.svg\",\"caption\":\"Tibladin\"},\"image\":{\"@id\":\"https:\\\/\\\/tibladin.dk\\\/#\\\/schema\\\/logo\\\/image\\\/\"}}]}<\/script>\n<!-- \/ Yoast SEO plugin. -->","yoast_head_json":{"title":"Korg med lock - bl\u00e5 - Tibladin Rottingkorg med lock och bl\u00e5 tr\u00e5d","description":"Marockansk korg - bl\u00e5. Handgjord av kvinnor fr\u00e5n ett kvinnokooperativ s\u00f6der om Marrakech. Ger v\u00e4rme och mysighet i alla rum.","robots":{"index":"index","follow":"follow","max-snippet":"max-snippet:-1","max-image-preview":"max-image-preview:large","max-video-preview":"max-video-preview:-1"},"canonical":"https:\/\/tibladin.dk\/sv\/produkt\/korg-med-blaatt-lock\/","og_locale":"sv_SE","og_type":"article","og_title":"Kurv med l\u00e5g - bl\u00e5- Tibladin Fletkurv med l\u00e5g og bl\u00e5 tr\u00e5d","og_description":"Marokkansk Kurv - bl\u00e5. H\u00e5ndlavet af kvinder fra kvindekooperativ syd for Marrakech. Giver varme og hygge i ethvert rum.","og_url":"https:\/\/tibladin.dk\/sv\/produkt\/korg-med-blaatt-lock\/","og_site_name":"Tibladin","article_modified_time":"2026-02-27T13:56:08+00:00","og_image":[{"width":800,"height":800,"url":"https:\/\/tibladin.dk\/wp-content\/uploads\/2022\/09\/Tibladin_marokkansk-kurv_blaa-traad-1.jpg","type":"image\/jpeg"}],"twitter_card":"summary_large_image","twitter_misc":{"Ber\u00e4knad l\u00e4stid":"1 minut"},"schema":{"@context":"https:\/\/schema.org","@graph":[{"@type":"WebPage","@id":"https:\/\/tibladin.dk\/produkt\/kurv-med-laag-blaa\/","url":"https:\/\/tibladin.dk\/produkt\/kurv-med-laag-blaa\/","name":"Korg med lock - bl\u00e5 - Tibladin Rottingkorg med lock och bl\u00e5 tr\u00e5d","isPartOf":{"@id":"https:\/\/tibladin.dk\/#website"},"primaryImageOfPage":{"@id":"https:\/\/tibladin.dk\/produkt\/kurv-med-laag-blaa\/#primaryimage"},"image":{"@id":"https:\/\/tibladin.dk\/produkt\/kurv-med-laag-blaa\/#primaryimage"},"thumbnailUrl":"https:\/\/tibladin.dk\/wp-content\/uploads\/2022\/09\/Tibladin_marokkansk-kurv_blaa-traad-1.jpg","datePublished":"2022-09-20T09:06:24+00:00","dateModified":"2026-02-27T13:56:08+00:00","description":"Marockansk korg - bl\u00e5. Handgjord av kvinnor fr\u00e5n ett kvinnokooperativ s\u00f6der om Marrakech. Ger v\u00e4rme och mysighet i alla rum.","breadcrumb":{"@id":"https:\/\/tibladin.dk\/produkt\/kurv-med-laag-blaa\/#breadcrumb"},"inLanguage":"sv-SE","potentialAction":[{"@type":"ReadAction","target":["https:\/\/tibladin.dk\/produkt\/kurv-med-laag-blaa\/"]}]},{"@type":"ImageObject","inLanguage":"sv-SE","@id":"https:\/\/tibladin.dk\/produkt\/kurv-med-laag-blaa\/#primaryimage","url":"https:\/\/tibladin.dk\/wp-content\/uploads\/2022\/09\/Tibladin_marokkansk-kurv_blaa-traad-1.jpg","contentUrl":"https:\/\/tibladin.dk\/wp-content\/uploads\/2022\/09\/Tibladin_marokkansk-kurv_blaa-traad-1.jpg","width":800,"height":800,"caption":"Marokkansk h\u00e5ndlavet kurv i bl\u00e5"},{"@type":"BreadcrumbList","@id":"https:\/\/tibladin.dk\/produkt\/kurv-med-laag-blaa\/#breadcrumb","itemListElement":[{"@type":"ListItem","position":1,"name":"Hjem","item":"https:\/\/tibladin.dk\/"},{"@type":"ListItem","position":2,"name":"Shop","item":"https:\/\/tibladin.dk\/shop\/"},{"@type":"ListItem","position":3,"name":"Kurv med l\u00e5g &#8211; bl\u00e5"}]},{"@type":"WebSite","@id":"https:\/\/tibladin.dk\/#website","url":"https:\/\/tibladin.dk\/","name":"Tibladin","description":"Tibladin","publisher":{"@id":"https:\/\/tibladin.dk\/#organization"},"potentialAction":[{"@type":"SearchAction","target":{"@type":"EntryPoint","urlTemplate":"https:\/\/tibladin.dk\/?s={search_term_string}"},"query-input":{"@type":"PropertyValueSpecification","valueRequired":true,"valueName":"search_term_string"}}],"inLanguage":"sv-SE"},{"@type":"Organization","@id":"https:\/\/tibladin.dk\/#organization","name":"Tibladin","url":"https:\/\/tibladin.dk\/","logo":{"@type":"ImageObject","inLanguage":"sv-SE","@id":"https:\/\/tibladin.dk\/#\/schema\/logo\/image\/","url":"https:\/\/tibladin.dk\/wp-content\/uploads\/2022\/09\/tibladin_logo.svg","contentUrl":"https:\/\/tibladin.dk\/wp-content\/uploads\/2022\/09\/tibladin_logo.svg","caption":"Tibladin"},"image":{"@id":"https:\/\/tibladin.dk\/#\/schema\/logo\/image\/"}}]}},"_links":{"self":[{"href":"https:\/\/tibladin.dk\/sv\/wp-json\/wp\/v2\/product\/1031","targetHints":{"allow":["GET"]}}],"collection":[{"href":"https:\/\/tibladin.dk\/sv\/wp-json\/wp\/v2\/product"}],"about":[{"href":"https:\/\/tibladin.dk\/sv\/wp-json\/wp\/v2\/types\/product"}],"wp:featuredmedia":[{"embeddable":true,"href":"https:\/\/tibladin.dk\/sv\/wp-json\/wp\/v2\/media\/1029"}],"wp:attachment":[{"href":"https:\/\/tibladin.dk\/sv\/wp-json\/wp\/v2\/media?parent=1031"}],"wp:term":[{"taxonomy":"product_brand","embeddable":true,"href":"https:\/\/tibladin.dk\/sv\/wp-json\/wp\/v2\/product_brand?post=1031"},{"taxonomy":"product_cat","embeddable":true,"href":"https:\/\/tibladin.dk\/sv\/wp-json\/wp\/v2\/product_cat?post=1031"},{"taxonomy":"product_tag","embeddable":true,"href":"https:\/\/tibladin.dk\/sv\/wp-json\/wp\/v2\/product_tag?post=1031"}],"curies":[{"name":"wp","href":"https:\/\/api.w.org\/{rel}","templated":true}]}}