{"id":11272,"date":"2024-10-23T16:13:10","date_gmt":"2024-10-23T14:13:10","guid":{"rendered":"https:\/\/tibladin.dk\/?post_type=product&#038;p=11272"},"modified":"2025-12-12T07:55:38","modified_gmt":"2025-12-12T06:55:38","slug":"kuddfodral-kaktus-siden-40x60-rosa","status":"publish","type":"product","link":"https:\/\/tibladin.dk\/sv\/produkt\/kaktussilke-pudebetraek-40x60-rosa\/","title":{"rendered":"Cactus sidenkuddfodral 40\u00d760 ROSA"},"content":{"rendered":"<div class=\"wpb-content-wrapper\"><div class=\"vc_row wpb_row vc_row-fluid\"><div class=\"wpb_column vc_column_container vc_col-sm-4\"><div class=\"vc_column-inner\"><div class=\"wpb_wrapper\"><\/div><\/div><\/div><div class=\"wpb_column vc_column_container vc_col-sm-4\"><div class=\"vc_column-inner\"><div class=\"wpb_wrapper\"><h3 style=\"text-align: left\" class=\"vc_custom_heading vc_do_custom_heading\" >Underh\u00e5ll av kaktussilke<\/h3>\n\t<div class=\"wpb_text_column wpb_content_element\" >\n\t\t<div class=\"wpb_wrapper\">\n\t\t\t<p>Kuddfodralet m\u00e5ste kemtv\u00e4ttas.<\/p>\n<p>Eftersom kuddfodralen \u00e4r 100 % handgjorda finns det brister s\u00e5v\u00e4l som skillnader i storlek och m\u00f6nster, vilket \u00e4r en del av charmen med dessa kuddar.<\/p>\n\n\t\t<\/div>\n\t<\/div>\n<\/div><\/div><\/div><div class=\"wpb_column vc_column_container vc_col-sm-4\"><div class=\"vc_column-inner\"><div class=\"wpb_wrapper\"><h3 style=\"text-align: left\" class=\"vc_custom_heading vc_do_custom_heading\" >Historien bakom kaktus sidenkuddar<\/h3>\n\t<div class=\"wpb_text_column wpb_content_element\" >\n\t\t<div class=\"wpb_wrapper\">\n\t\t\t<p>Kuddfodralen i kaktussilke \u2013 \u00e4ven kallat agavesilke \u2013 \u00e4r handgjorda. \u00d6verdragen har en kraftig dragkedja, s\u00e5 du kan enkelt ta bort \u00f6verdragen och ta dem f\u00f6r reng\u00f6ring.<\/p>\n<p>Skyddarna passar en 40\u00d760 monteringsdyna. Kuddfodralen varierar i storlek fr\u00e5n 35-40\u00d755-60 cm.<\/p>\n<p>De flesta kuddfodral har bara en av varje, s\u00e5 det hj\u00e4lper att vara snabb,<\/p>\n<p>Kaktussilke \u00e4r v\u00e4vt av fibrer fr\u00e5n kaktusv\u00e4xter fr\u00e5n Marocko.<\/p>\n\n\t\t<\/div>\n\t<\/div>\n<\/div><\/div><\/div><\/div>\n<\/div>","protected":false},"excerpt":{"rendered":"<p>Unika marockanska handgjorda kuddfodral i en vacker rosa f\u00e4rg. Kuddarna m\u00e4ter ca. 40\u00d760 cm. och passar perfekt som bekv\u00e4mt ryggst\u00f6d i soffan, i din favoritstol eller som snygga prydnadskuddar i s\u00e4ngen.<\/p>\n<p>Kuddfodralet levereras utan kudde. Passar 40\u00d760 cm monteringsplatta. Vill du ha kudden levererad med en monteringsdyna av ekologisk bomull och med riktiga fj\u00e4drar och dun kan du v\u00e4lja det n\u00e4r du l\u00e4gger produkten i korgen.<\/p>\n<p>Kuddfodralen varierar i storlek fr\u00e5n 35-40 cm i h\u00f6jd till 55-60 cm i l\u00e4ngd.<\/p>","protected":false},"featured_media":42451,"template":"","meta":{"inline_featured_image":false},"product_brand":[],"product_cat":[35,160,66,37],"product_tag":[],"class_list":{"0":"post-11272","1":"product","2":"type-product","3":"status-publish","4":"has-post-thumbnail","6":"product_cat-gaven-til-hende","7":"product_cat-kaktussilke-puder","8":"product_cat-pudebetraek","9":"product_cat-tekstiler","11":"first","12":"outofstock","13":"taxable","14":"shipping-taxable","15":"purchasable","16":"product-type-simple"},"exclude_global_add_ons":false,"addons":[{"name":"Vill du ha presentinslagning?","type":"checkbox","position":0,"required":false,"title_format":"label","default":"","description_enable":false,"description":"","placeholder_enable":false,"placeholder":"","display":"images","restrictions_type":"any_text","adjust_price":false,"price":"","price_type":"flat_fee","restrictions":false,"min":"0","max":"0","options":[{"label":"Ja tak","price":"10","price_type":"flat_fee","image":11015,"visibility":true}],"id":1669646111}],"yoast_head":"<!-- This site is optimized with the Yoast SEO plugin v27.4 - https:\/\/yoast.com\/product\/yoast-seo-wordpress\/ -->\n<title>Marokkanske kaktussilke pudebetr\u00e6k |\u00a0helt unikke | hos Tibladin<\/title>\n<meta name=\"description\" content=\"Kaktussilkepuder i dejlige rosa nuancer. 40x60 aflange puder, som passer perfekt som behagelig rygst\u00f8tte og giver et elegant look til din indretning.\" \/>\n<meta name=\"robots\" content=\"index, follow, max-snippet:-1, max-image-preview:large, max-video-preview:-1\" \/>\n<link rel=\"canonical\" href=\"https:\/\/tibladin.dk\/sv\/produkt\/kuddfodral-kaktus-siden-40x60-rosa\/\" \/>\n<meta property=\"og:locale\" content=\"sv_SE\" \/>\n<meta property=\"og:type\" content=\"article\" \/>\n<meta property=\"og:title\" content=\"Marokkanske kaktussilke pudebetr\u00e6k |\u00a0helt unikke | hos Tibladin\" \/>\n<meta property=\"og:description\" content=\"Kaktussilkepuder i dejlige rosa nuancer. 40x60 aflange puder, som passer perfekt som behagelig rygst\u00f8tte og giver et elegant look til din indretning.\" \/>\n<meta property=\"og:url\" content=\"https:\/\/tibladin.dk\/sv\/produkt\/kuddfodral-kaktus-siden-40x60-rosa\/\" \/>\n<meta property=\"og:site_name\" content=\"Tibladin\" \/>\n<meta property=\"article:modified_time\" content=\"2025-12-12T06:55:38+00:00\" \/>\n<meta property=\"og:image\" content=\"https:\/\/tibladin.dk\/wp-content\/uploads\/2024\/10\/Photoroom_000_20251210_171710.jpeg\" \/>\n\t<meta property=\"og:image:width\" content=\"2000\" \/>\n\t<meta property=\"og:image:height\" content=\"2000\" \/>\n\t<meta property=\"og:image:type\" content=\"image\/jpeg\" \/>\n<meta name=\"twitter:card\" content=\"summary_large_image\" \/>\n<meta name=\"twitter:label1\" content=\"Ber\u00e4knad l\u00e4stid\" \/>\n\t<meta name=\"twitter:data1\" content=\"2 minuter\" \/>\n<script type=\"application\/ld+json\" class=\"yoast-schema-graph\">{\"@context\":\"https:\\\/\\\/schema.org\",\"@graph\":[{\"@type\":\"WebPage\",\"@id\":\"https:\\\/\\\/tibladin.dk\\\/produkt\\\/kaktussilke-pudebetraek-40x60-rosa\\\/\",\"url\":\"https:\\\/\\\/tibladin.dk\\\/produkt\\\/kaktussilke-pudebetraek-40x60-rosa\\\/\",\"name\":\"Marokkanske kaktussilke pudebetr\u00e6k |\u00a0helt unikke | hos Tibladin\",\"isPartOf\":{\"@id\":\"https:\\\/\\\/tibladin.dk\\\/#website\"},\"primaryImageOfPage\":{\"@id\":\"https:\\\/\\\/tibladin.dk\\\/produkt\\\/kaktussilke-pudebetraek-40x60-rosa\\\/#primaryimage\"},\"image\":{\"@id\":\"https:\\\/\\\/tibladin.dk\\\/produkt\\\/kaktussilke-pudebetraek-40x60-rosa\\\/#primaryimage\"},\"thumbnailUrl\":\"https:\\\/\\\/tibladin.dk\\\/wp-content\\\/uploads\\\/2024\\\/10\\\/Photoroom_000_20251210_171710.jpeg\",\"datePublished\":\"2024-10-23T14:13:10+00:00\",\"dateModified\":\"2025-12-12T06:55:38+00:00\",\"description\":\"Kaktussilkepuder i dejlige rosa nuancer. 40x60 aflange puder, som passer perfekt som behagelig rygst\u00f8tte og giver et elegant look til din indretning.\",\"breadcrumb\":{\"@id\":\"https:\\\/\\\/tibladin.dk\\\/produkt\\\/kaktussilke-pudebetraek-40x60-rosa\\\/#breadcrumb\"},\"inLanguage\":\"sv-SE\",\"potentialAction\":[{\"@type\":\"ReadAction\",\"target\":[\"https:\\\/\\\/tibladin.dk\\\/produkt\\\/kaktussilke-pudebetraek-40x60-rosa\\\/\"]}]},{\"@type\":\"ImageObject\",\"inLanguage\":\"sv-SE\",\"@id\":\"https:\\\/\\\/tibladin.dk\\\/produkt\\\/kaktussilke-pudebetraek-40x60-rosa\\\/#primaryimage\",\"url\":\"https:\\\/\\\/tibladin.dk\\\/wp-content\\\/uploads\\\/2024\\\/10\\\/Photoroom_000_20251210_171710.jpeg\",\"contentUrl\":\"https:\\\/\\\/tibladin.dk\\\/wp-content\\\/uploads\\\/2024\\\/10\\\/Photoroom_000_20251210_171710.jpeg\",\"width\":2000,\"height\":2000,\"caption\":\"40x60 kaktuspude_rosa\"},{\"@type\":\"BreadcrumbList\",\"@id\":\"https:\\\/\\\/tibladin.dk\\\/produkt\\\/kaktussilke-pudebetraek-40x60-rosa\\\/#breadcrumb\",\"itemListElement\":[{\"@type\":\"ListItem\",\"position\":1,\"name\":\"Hjem\",\"item\":\"https:\\\/\\\/tibladin.dk\\\/\"},{\"@type\":\"ListItem\",\"position\":2,\"name\":\"Shop\",\"item\":\"https:\\\/\\\/tibladin.dk\\\/shop\\\/\"},{\"@type\":\"ListItem\",\"position\":3,\"name\":\"Kaktussilke pudebetr\u00e6k 40&#215;60 ROSA\"}]},{\"@type\":\"WebSite\",\"@id\":\"https:\\\/\\\/tibladin.dk\\\/#website\",\"url\":\"https:\\\/\\\/tibladin.dk\\\/\",\"name\":\"Tibladin\",\"description\":\"Tibladin\",\"publisher\":{\"@id\":\"https:\\\/\\\/tibladin.dk\\\/#organization\"},\"potentialAction\":[{\"@type\":\"SearchAction\",\"target\":{\"@type\":\"EntryPoint\",\"urlTemplate\":\"https:\\\/\\\/tibladin.dk\\\/?s={search_term_string}\"},\"query-input\":{\"@type\":\"PropertyValueSpecification\",\"valueRequired\":true,\"valueName\":\"search_term_string\"}}],\"inLanguage\":\"sv-SE\"},{\"@type\":\"Organization\",\"@id\":\"https:\\\/\\\/tibladin.dk\\\/#organization\",\"name\":\"Tibladin\",\"url\":\"https:\\\/\\\/tibladin.dk\\\/\",\"logo\":{\"@type\":\"ImageObject\",\"inLanguage\":\"sv-SE\",\"@id\":\"https:\\\/\\\/tibladin.dk\\\/#\\\/schema\\\/logo\\\/image\\\/\",\"url\":\"https:\\\/\\\/tibladin.dk\\\/wp-content\\\/uploads\\\/2022\\\/09\\\/tibladin_logo.svg\",\"contentUrl\":\"https:\\\/\\\/tibladin.dk\\\/wp-content\\\/uploads\\\/2022\\\/09\\\/tibladin_logo.svg\",\"caption\":\"Tibladin\"},\"image\":{\"@id\":\"https:\\\/\\\/tibladin.dk\\\/#\\\/schema\\\/logo\\\/image\\\/\"}}]}<\/script>\n<!-- \/ Yoast SEO plugin. -->","yoast_head_json":{"title":"Marockanska kaktussilke \u00f6rngott | helt unik | p\u00e5 Tibladin","description":"Kaktus sidenkuddar i h\u00e4rliga rosa nyanser. 40x60 avl\u00e5nga kuddar, som passar perfekt som bekv\u00e4mt ryggst\u00f6d och ger din inredning ett elegant utseende.","robots":{"index":"index","follow":"follow","max-snippet":"max-snippet:-1","max-image-preview":"max-image-preview:large","max-video-preview":"max-video-preview:-1"},"canonical":"https:\/\/tibladin.dk\/sv\/produkt\/kuddfodral-kaktus-siden-40x60-rosa\/","og_locale":"sv_SE","og_type":"article","og_title":"Marokkanske kaktussilke pudebetr\u00e6k |\u00a0helt unikke | hos Tibladin","og_description":"Kaktussilkepuder i dejlige rosa nuancer. 40x60 aflange puder, som passer perfekt som behagelig rygst\u00f8tte og giver et elegant look til din indretning.","og_url":"https:\/\/tibladin.dk\/sv\/produkt\/kuddfodral-kaktus-siden-40x60-rosa\/","og_site_name":"Tibladin","article_modified_time":"2025-12-12T06:55:38+00:00","og_image":[{"width":2000,"height":2000,"url":"https:\/\/tibladin.dk\/wp-content\/uploads\/2024\/10\/Photoroom_000_20251210_171710.jpeg","type":"image\/jpeg"}],"twitter_card":"summary_large_image","twitter_misc":{"Ber\u00e4knad l\u00e4stid":"2 minuter"},"schema":{"@context":"https:\/\/schema.org","@graph":[{"@type":"WebPage","@id":"https:\/\/tibladin.dk\/produkt\/kaktussilke-pudebetraek-40x60-rosa\/","url":"https:\/\/tibladin.dk\/produkt\/kaktussilke-pudebetraek-40x60-rosa\/","name":"Marockanska kaktussilke \u00f6rngott | helt unik | p\u00e5 Tibladin","isPartOf":{"@id":"https:\/\/tibladin.dk\/#website"},"primaryImageOfPage":{"@id":"https:\/\/tibladin.dk\/produkt\/kaktussilke-pudebetraek-40x60-rosa\/#primaryimage"},"image":{"@id":"https:\/\/tibladin.dk\/produkt\/kaktussilke-pudebetraek-40x60-rosa\/#primaryimage"},"thumbnailUrl":"https:\/\/tibladin.dk\/wp-content\/uploads\/2024\/10\/Photoroom_000_20251210_171710.jpeg","datePublished":"2024-10-23T14:13:10+00:00","dateModified":"2025-12-12T06:55:38+00:00","description":"Kaktus sidenkuddar i h\u00e4rliga rosa nyanser. 40x60 avl\u00e5nga kuddar, som passar perfekt som bekv\u00e4mt ryggst\u00f6d och ger din inredning ett elegant utseende.","breadcrumb":{"@id":"https:\/\/tibladin.dk\/produkt\/kaktussilke-pudebetraek-40x60-rosa\/#breadcrumb"},"inLanguage":"sv-SE","potentialAction":[{"@type":"ReadAction","target":["https:\/\/tibladin.dk\/produkt\/kaktussilke-pudebetraek-40x60-rosa\/"]}]},{"@type":"ImageObject","inLanguage":"sv-SE","@id":"https:\/\/tibladin.dk\/produkt\/kaktussilke-pudebetraek-40x60-rosa\/#primaryimage","url":"https:\/\/tibladin.dk\/wp-content\/uploads\/2024\/10\/Photoroom_000_20251210_171710.jpeg","contentUrl":"https:\/\/tibladin.dk\/wp-content\/uploads\/2024\/10\/Photoroom_000_20251210_171710.jpeg","width":2000,"height":2000,"caption":"40x60 kaktuspude_rosa"},{"@type":"BreadcrumbList","@id":"https:\/\/tibladin.dk\/produkt\/kaktussilke-pudebetraek-40x60-rosa\/#breadcrumb","itemListElement":[{"@type":"ListItem","position":1,"name":"Hjem","item":"https:\/\/tibladin.dk\/"},{"@type":"ListItem","position":2,"name":"Shop","item":"https:\/\/tibladin.dk\/shop\/"},{"@type":"ListItem","position":3,"name":"Kaktussilke pudebetr\u00e6k 40&#215;60 ROSA"}]},{"@type":"WebSite","@id":"https:\/\/tibladin.dk\/#website","url":"https:\/\/tibladin.dk\/","name":"Tibladin","description":"Tibladin","publisher":{"@id":"https:\/\/tibladin.dk\/#organization"},"potentialAction":[{"@type":"SearchAction","target":{"@type":"EntryPoint","urlTemplate":"https:\/\/tibladin.dk\/?s={search_term_string}"},"query-input":{"@type":"PropertyValueSpecification","valueRequired":true,"valueName":"search_term_string"}}],"inLanguage":"sv-SE"},{"@type":"Organization","@id":"https:\/\/tibladin.dk\/#organization","name":"Tibladin","url":"https:\/\/tibladin.dk\/","logo":{"@type":"ImageObject","inLanguage":"sv-SE","@id":"https:\/\/tibladin.dk\/#\/schema\/logo\/image\/","url":"https:\/\/tibladin.dk\/wp-content\/uploads\/2022\/09\/tibladin_logo.svg","contentUrl":"https:\/\/tibladin.dk\/wp-content\/uploads\/2022\/09\/tibladin_logo.svg","caption":"Tibladin"},"image":{"@id":"https:\/\/tibladin.dk\/#\/schema\/logo\/image\/"}}]}},"_links":{"self":[{"href":"https:\/\/tibladin.dk\/sv\/wp-json\/wp\/v2\/product\/11272","targetHints":{"allow":["GET"]}}],"collection":[{"href":"https:\/\/tibladin.dk\/sv\/wp-json\/wp\/v2\/product"}],"about":[{"href":"https:\/\/tibladin.dk\/sv\/wp-json\/wp\/v2\/types\/product"}],"wp:featuredmedia":[{"embeddable":true,"href":"https:\/\/tibladin.dk\/sv\/wp-json\/wp\/v2\/media\/42451"}],"wp:attachment":[{"href":"https:\/\/tibladin.dk\/sv\/wp-json\/wp\/v2\/media?parent=11272"}],"wp:term":[{"taxonomy":"product_brand","embeddable":true,"href":"https:\/\/tibladin.dk\/sv\/wp-json\/wp\/v2\/product_brand?post=11272"},{"taxonomy":"product_cat","embeddable":true,"href":"https:\/\/tibladin.dk\/sv\/wp-json\/wp\/v2\/product_cat?post=11272"},{"taxonomy":"product_tag","embeddable":true,"href":"https:\/\/tibladin.dk\/sv\/wp-json\/wp\/v2\/product_tag?post=11272"}],"curies":[{"name":"wp","href":"https:\/\/api.w.org\/{rel}","templated":true}]}}