{"id":11300,"date":"2024-02-20T15:23:13","date_gmt":"2024-02-20T14:23:13","guid":{"rendered":"https:\/\/tibladin.dk\/?post_type=product&#038;p=11300"},"modified":"2026-04-01T12:54:42","modified_gmt":"2026-04-01T10:54:42","slug":"marockansk-matta-zemmour-kelim-95x150-cm","status":"publish","type":"product","link":"https:\/\/tibladin.dk\/sv\/produkt\/marokkansk-taeppe-zemmour-kelim-95x150-cm\/","title":{"rendered":"Marockansk matta - Zemmour kelim 95\u00d7150 cm."},"content":{"rendered":"<div class=\"wpb-content-wrapper\"><div class=\"vc_row wpb_row vc_row-fluid\"><div class=\"wpb_column vc_column_container vc_col-sm-4\"><div class=\"vc_column-inner\"><div class=\"wpb_wrapper\"><\/div><\/div><\/div><div class=\"wpb_column vc_column_container vc_col-sm-4\"><div class=\"vc_column-inner\"><div class=\"wpb_wrapper\"><h3 style=\"text-align: left\" class=\"vc_custom_heading vc_do_custom_heading\" >Underh\u00e5ll<\/h3>\n\t<div class=\"wpb_text_column wpb_content_element\" >\n\t\t<div class=\"wpb_wrapper\">\n\t\t\t<p>Dammsug mattan regelbundet och ta ut den och skaka den d\u00e5 och d\u00e5. Fl\u00e4ckar tas bort genom att bl\u00f6ta upp fl\u00e4cken s\u00e5 snabbt som m\u00f6jligt med en trasa och sedan dutta fl\u00e4cken med en fuktig trasa. Mattan \u00e4r 100 % ren ull och \u00e4r naturligt t\u00e4ckt med lanolin p\u00e5 varje fiber, vilket g\u00f6r att fl\u00e4ckar inte tr\u00e4nger in i mattan. Den kan \u00e4ven kemtv\u00e4ttas p\u00e5 kemtv\u00e4tt. Skulle vi ha turen att f\u00e5 sn\u00f6 en vinter i Danmark, s\u00e5 l\u00e4gg \u00e4ntligen ut t\u00e4cket i den vita sn\u00f6n. Detta kommer att reng\u00f6ra mattan grundligt \u2013 helt naturligt.<\/p>\n\n\t\t<\/div>\n\t<\/div>\n<\/div><\/div><\/div><div class=\"wpb_column vc_column_container vc_col-sm-4\"><div class=\"vc_column-inner\"><div class=\"wpb_wrapper\"><h3 style=\"text-align: left\" class=\"vc_custom_heading vc_do_custom_heading\" >Historien bakom<\/h3>\n\t<div class=\"wpb_text_column wpb_content_element\" >\n\t\t<div class=\"wpb_wrapper\">\n\t\t\t<p>Mattor pryder, ger mysighet och v\u00e4rme och \u00e4r \u00e4ven ljudabsorberande.<\/p>\n<p>Dessa mattor \u00e4r handv\u00e4vda av berberkvinnor fr\u00e5n Zemmour i Atlasbergen och har en v\u00e4ldigt nordisk look med sina svartvita f\u00e4rger.<\/p>\n<p>Mattorna \u00e4r gjorda av h\u00e5llbar ull fr\u00e5n f\u00e5r fr\u00e5n Atlasbergen och \u00e4r helt kemikaliefria.<\/p>\n\n\t\t<\/div>\n\t<\/div>\n<\/div><\/div><\/div><\/div>\n<\/div>","protected":false},"excerpt":{"rendered":"<p>Marockansk ull kelim matta i svart och vitt. Plattv\u00e4vd av finaste kvalitetsull.<\/p>\n<p>M\u00e5tt: 90\u00d7150 cm<\/p>\n<p>Handv\u00e4vd av berberkvinnor fr\u00e5n Zemmour i Marocko. Det karakteristiska \u00e4r de broderade geometriska formerna som \u00e5terkommer i dessa mattor.<\/p>\n<p>Mattan passar fint i ett rum, bredvid s\u00e4ngen, i badrummet, i hallen eller i k\u00f6ket.<\/p>\n<p>B\u00f6r torkas i tv\u00e4ttstugan eller st\u00e4das i sn\u00f6n. Ullen undviker fl\u00e4ckar s\u00e5 att de inte tr\u00e4nger in i mattan.<\/p>","protected":false},"featured_media":11305,"template":"","meta":{"inline_featured_image":false},"product_brand":[],"product_cat":[59,61],"product_tag":[],"class_list":{"0":"post-11300","1":"product","2":"type-product","3":"status-publish","4":"has-post-thumbnail","6":"product_cat-marokkanske-taepper","7":"product_cat-uldtaepper-kelim","9":"first","10":"instock","11":"taxable","12":"shipping-taxable","13":"purchasable","14":"product-type-simple"},"exclude_global_add_ons":[],"addons":[],"yoast_head":"<!-- This site is optimized with the Yoast SEO plugin v27.5 - https:\/\/yoast.com\/product\/yoast-seo-wordpress\/ -->\n<title>Marokkansk t\u00e6ppe - Zemmour kelim 95x150 cm.- Tibladin<\/title>\n<meta name=\"description\" content=\"Marrokansk uld kelim t\u00e6ppe zemmour i sort hvid. H\u00e5ndv\u00e6vet af berberkvinder fra Zemmour i Marokko. Smukke h\u00e5ndbroderetde m\u00f8nstre.\" \/>\n<meta name=\"robots\" content=\"index, follow, max-snippet:-1, max-image-preview:large, max-video-preview:-1\" \/>\n<link rel=\"canonical\" href=\"https:\/\/tibladin.dk\/sv\/produkt\/marockansk-matta-zemmour-kelim-95x150-cm\/\" \/>\n<meta property=\"og:locale\" content=\"sv_SE\" \/>\n<meta property=\"og:type\" content=\"article\" \/>\n<meta property=\"og:title\" content=\"Marokkansk t\u00e6ppe - Zemmour kelim 95x150 cm.- Tibladin\" \/>\n<meta property=\"og:description\" content=\"Marrokansk uld kelim t\u00e6ppe zemmour i sort hvid. H\u00e5ndv\u00e6vet af berberkvinder fra Zemmour i Marokko. Smukke h\u00e5ndbroderetde m\u00f8nstre.\" \/>\n<meta property=\"og:url\" content=\"https:\/\/tibladin.dk\/sv\/produkt\/marockansk-matta-zemmour-kelim-95x150-cm\/\" \/>\n<meta property=\"og:site_name\" content=\"Tibladin\" \/>\n<meta property=\"article:modified_time\" content=\"2026-04-01T10:54:42+00:00\" \/>\n<meta property=\"og:image\" content=\"https:\/\/tibladin.dk\/wp-content\/uploads\/2024\/02\/95x150-1.jpg\" \/>\n\t<meta property=\"og:image:width\" content=\"800\" \/>\n\t<meta property=\"og:image:height\" content=\"800\" \/>\n\t<meta property=\"og:image:type\" content=\"image\/jpeg\" \/>\n<meta name=\"twitter:card\" content=\"summary_large_image\" \/>\n<meta name=\"twitter:label1\" content=\"Ber\u00e4knad l\u00e4stid\" \/>\n\t<meta name=\"twitter:data1\" content=\"2 minuter\" \/>\n<script type=\"application\/ld+json\" class=\"yoast-schema-graph\">{\"@context\":\"https:\\\/\\\/schema.org\",\"@graph\":[{\"@type\":\"WebPage\",\"@id\":\"https:\\\/\\\/tibladin.dk\\\/produkt\\\/marokkansk-taeppe-zemmour-kelim-95x150-cm\\\/\",\"url\":\"https:\\\/\\\/tibladin.dk\\\/produkt\\\/marokkansk-taeppe-zemmour-kelim-95x150-cm\\\/\",\"name\":\"Marokkansk t\u00e6ppe - Zemmour kelim 95x150 cm.- Tibladin\",\"isPartOf\":{\"@id\":\"https:\\\/\\\/tibladin.dk\\\/#website\"},\"primaryImageOfPage\":{\"@id\":\"https:\\\/\\\/tibladin.dk\\\/produkt\\\/marokkansk-taeppe-zemmour-kelim-95x150-cm\\\/#primaryimage\"},\"image\":{\"@id\":\"https:\\\/\\\/tibladin.dk\\\/produkt\\\/marokkansk-taeppe-zemmour-kelim-95x150-cm\\\/#primaryimage\"},\"thumbnailUrl\":\"https:\\\/\\\/tibladin.dk\\\/wp-content\\\/uploads\\\/2024\\\/02\\\/95x150-1.jpg\",\"datePublished\":\"2024-02-20T14:23:13+00:00\",\"dateModified\":\"2026-04-01T10:54:42+00:00\",\"description\":\"Marrokansk uld kelim t\u00e6ppe zemmour i sort hvid. H\u00e5ndv\u00e6vet af berberkvinder fra Zemmour i Marokko. Smukke h\u00e5ndbroderetde m\u00f8nstre.\",\"breadcrumb\":{\"@id\":\"https:\\\/\\\/tibladin.dk\\\/produkt\\\/marokkansk-taeppe-zemmour-kelim-95x150-cm\\\/#breadcrumb\"},\"inLanguage\":\"sv-SE\",\"potentialAction\":[{\"@type\":\"ReadAction\",\"target\":[\"https:\\\/\\\/tibladin.dk\\\/produkt\\\/marokkansk-taeppe-zemmour-kelim-95x150-cm\\\/\"]}]},{\"@type\":\"ImageObject\",\"inLanguage\":\"sv-SE\",\"@id\":\"https:\\\/\\\/tibladin.dk\\\/produkt\\\/marokkansk-taeppe-zemmour-kelim-95x150-cm\\\/#primaryimage\",\"url\":\"https:\\\/\\\/tibladin.dk\\\/wp-content\\\/uploads\\\/2024\\\/02\\\/95x150-1.jpg\",\"contentUrl\":\"https:\\\/\\\/tibladin.dk\\\/wp-content\\\/uploads\\\/2024\\\/02\\\/95x150-1.jpg\",\"width\":800,\"height\":800,\"caption\":\"kelim t\u00e6ppe zemmour_95x150 sort \\\/hvid\"},{\"@type\":\"BreadcrumbList\",\"@id\":\"https:\\\/\\\/tibladin.dk\\\/produkt\\\/marokkansk-taeppe-zemmour-kelim-95x150-cm\\\/#breadcrumb\",\"itemListElement\":[{\"@type\":\"ListItem\",\"position\":1,\"name\":\"Hjem\",\"item\":\"https:\\\/\\\/tibladin.dk\\\/\"},{\"@type\":\"ListItem\",\"position\":2,\"name\":\"Shop\",\"item\":\"https:\\\/\\\/tibladin.dk\\\/shop\\\/\"},{\"@type\":\"ListItem\",\"position\":3,\"name\":\"Marokkansk t\u00e6ppe &#8211; Zemmour kelim 95&#215;150 cm.\"}]},{\"@type\":\"WebSite\",\"@id\":\"https:\\\/\\\/tibladin.dk\\\/#website\",\"url\":\"https:\\\/\\\/tibladin.dk\\\/\",\"name\":\"Tibladin\",\"description\":\"Tibladin\",\"publisher\":{\"@id\":\"https:\\\/\\\/tibladin.dk\\\/#organization\"},\"potentialAction\":[{\"@type\":\"SearchAction\",\"target\":{\"@type\":\"EntryPoint\",\"urlTemplate\":\"https:\\\/\\\/tibladin.dk\\\/?s={search_term_string}\"},\"query-input\":{\"@type\":\"PropertyValueSpecification\",\"valueRequired\":true,\"valueName\":\"search_term_string\"}}],\"inLanguage\":\"sv-SE\"},{\"@type\":\"Organization\",\"@id\":\"https:\\\/\\\/tibladin.dk\\\/#organization\",\"name\":\"Tibladin\",\"url\":\"https:\\\/\\\/tibladin.dk\\\/\",\"logo\":{\"@type\":\"ImageObject\",\"inLanguage\":\"sv-SE\",\"@id\":\"https:\\\/\\\/tibladin.dk\\\/#\\\/schema\\\/logo\\\/image\\\/\",\"url\":\"https:\\\/\\\/tibladin.dk\\\/wp-content\\\/uploads\\\/2022\\\/09\\\/tibladin_logo.svg\",\"contentUrl\":\"https:\\\/\\\/tibladin.dk\\\/wp-content\\\/uploads\\\/2022\\\/09\\\/tibladin_logo.svg\",\"caption\":\"Tibladin\"},\"image\":{\"@id\":\"https:\\\/\\\/tibladin.dk\\\/#\\\/schema\\\/logo\\\/image\\\/\"}}]}<\/script>\n<!-- \/ Yoast SEO plugin. -->","yoast_head_json":{"title":"Marockansk matta - Zemmour kelim 95x150 cm. - Tibladin","description":"Marockansk ull kelim matta zemmour i svart vit. Handv\u00e4vd av berberkvinnor fr\u00e5n Zemmour i Marocko. Vackra handbroderade m\u00f6nster.","robots":{"index":"index","follow":"follow","max-snippet":"max-snippet:-1","max-image-preview":"max-image-preview:large","max-video-preview":"max-video-preview:-1"},"canonical":"https:\/\/tibladin.dk\/sv\/produkt\/marockansk-matta-zemmour-kelim-95x150-cm\/","og_locale":"sv_SE","og_type":"article","og_title":"Marokkansk t\u00e6ppe - Zemmour kelim 95x150 cm.- Tibladin","og_description":"Marrokansk uld kelim t\u00e6ppe zemmour i sort hvid. H\u00e5ndv\u00e6vet af berberkvinder fra Zemmour i Marokko. Smukke h\u00e5ndbroderetde m\u00f8nstre.","og_url":"https:\/\/tibladin.dk\/sv\/produkt\/marockansk-matta-zemmour-kelim-95x150-cm\/","og_site_name":"Tibladin","article_modified_time":"2026-04-01T10:54:42+00:00","og_image":[{"width":800,"height":800,"url":"https:\/\/tibladin.dk\/wp-content\/uploads\/2024\/02\/95x150-1.jpg","type":"image\/jpeg"}],"twitter_card":"summary_large_image","twitter_misc":{"Ber\u00e4knad l\u00e4stid":"2 minuter"},"schema":{"@context":"https:\/\/schema.org","@graph":[{"@type":"WebPage","@id":"https:\/\/tibladin.dk\/produkt\/marokkansk-taeppe-zemmour-kelim-95x150-cm\/","url":"https:\/\/tibladin.dk\/produkt\/marokkansk-taeppe-zemmour-kelim-95x150-cm\/","name":"Marockansk matta - Zemmour kelim 95x150 cm. - Tibladin","isPartOf":{"@id":"https:\/\/tibladin.dk\/#website"},"primaryImageOfPage":{"@id":"https:\/\/tibladin.dk\/produkt\/marokkansk-taeppe-zemmour-kelim-95x150-cm\/#primaryimage"},"image":{"@id":"https:\/\/tibladin.dk\/produkt\/marokkansk-taeppe-zemmour-kelim-95x150-cm\/#primaryimage"},"thumbnailUrl":"https:\/\/tibladin.dk\/wp-content\/uploads\/2024\/02\/95x150-1.jpg","datePublished":"2024-02-20T14:23:13+00:00","dateModified":"2026-04-01T10:54:42+00:00","description":"Marockansk ull kelim matta zemmour i svart vit. Handv\u00e4vd av berberkvinnor fr\u00e5n Zemmour i Marocko. Vackra handbroderade m\u00f6nster.","breadcrumb":{"@id":"https:\/\/tibladin.dk\/produkt\/marokkansk-taeppe-zemmour-kelim-95x150-cm\/#breadcrumb"},"inLanguage":"sv-SE","potentialAction":[{"@type":"ReadAction","target":["https:\/\/tibladin.dk\/produkt\/marokkansk-taeppe-zemmour-kelim-95x150-cm\/"]}]},{"@type":"ImageObject","inLanguage":"sv-SE","@id":"https:\/\/tibladin.dk\/produkt\/marokkansk-taeppe-zemmour-kelim-95x150-cm\/#primaryimage","url":"https:\/\/tibladin.dk\/wp-content\/uploads\/2024\/02\/95x150-1.jpg","contentUrl":"https:\/\/tibladin.dk\/wp-content\/uploads\/2024\/02\/95x150-1.jpg","width":800,"height":800,"caption":"kelim t\u00e6ppe zemmour_95x150 sort \/hvid"},{"@type":"BreadcrumbList","@id":"https:\/\/tibladin.dk\/produkt\/marokkansk-taeppe-zemmour-kelim-95x150-cm\/#breadcrumb","itemListElement":[{"@type":"ListItem","position":1,"name":"Hjem","item":"https:\/\/tibladin.dk\/"},{"@type":"ListItem","position":2,"name":"Shop","item":"https:\/\/tibladin.dk\/shop\/"},{"@type":"ListItem","position":3,"name":"Marokkansk t\u00e6ppe &#8211; Zemmour kelim 95&#215;150 cm."}]},{"@type":"WebSite","@id":"https:\/\/tibladin.dk\/#website","url":"https:\/\/tibladin.dk\/","name":"Tibladin","description":"Tibladin","publisher":{"@id":"https:\/\/tibladin.dk\/#organization"},"potentialAction":[{"@type":"SearchAction","target":{"@type":"EntryPoint","urlTemplate":"https:\/\/tibladin.dk\/?s={search_term_string}"},"query-input":{"@type":"PropertyValueSpecification","valueRequired":true,"valueName":"search_term_string"}}],"inLanguage":"sv-SE"},{"@type":"Organization","@id":"https:\/\/tibladin.dk\/#organization","name":"Tibladin","url":"https:\/\/tibladin.dk\/","logo":{"@type":"ImageObject","inLanguage":"sv-SE","@id":"https:\/\/tibladin.dk\/#\/schema\/logo\/image\/","url":"https:\/\/tibladin.dk\/wp-content\/uploads\/2022\/09\/tibladin_logo.svg","contentUrl":"https:\/\/tibladin.dk\/wp-content\/uploads\/2022\/09\/tibladin_logo.svg","caption":"Tibladin"},"image":{"@id":"https:\/\/tibladin.dk\/#\/schema\/logo\/image\/"}}]}},"_links":{"self":[{"href":"https:\/\/tibladin.dk\/sv\/wp-json\/wp\/v2\/product\/11300","targetHints":{"allow":["GET"]}}],"collection":[{"href":"https:\/\/tibladin.dk\/sv\/wp-json\/wp\/v2\/product"}],"about":[{"href":"https:\/\/tibladin.dk\/sv\/wp-json\/wp\/v2\/types\/product"}],"wp:featuredmedia":[{"embeddable":true,"href":"https:\/\/tibladin.dk\/sv\/wp-json\/wp\/v2\/media\/11305"}],"wp:attachment":[{"href":"https:\/\/tibladin.dk\/sv\/wp-json\/wp\/v2\/media?parent=11300"}],"wp:term":[{"taxonomy":"product_brand","embeddable":true,"href":"https:\/\/tibladin.dk\/sv\/wp-json\/wp\/v2\/product_brand?post=11300"},{"taxonomy":"product_cat","embeddable":true,"href":"https:\/\/tibladin.dk\/sv\/wp-json\/wp\/v2\/product_cat?post=11300"},{"taxonomy":"product_tag","embeddable":true,"href":"https:\/\/tibladin.dk\/sv\/wp-json\/wp\/v2\/product_tag?post=11300"}],"curies":[{"name":"wp","href":"https:\/\/api.w.org\/{rel}","templated":true}]}}