{"id":1169,"date":"2022-09-20T11:07:19","date_gmt":"2022-09-20T09:07:19","guid":{"rendered":"https:\/\/tibladin.dk\/vare\/fjer-vaegdekoration-juju-hat-lysebrun-med-hvid-midte\/"},"modified":"2026-02-12T11:15:09","modified_gmt":"2026-02-12T10:15:09","slug":"fjader-vaggdekoration-juju-hatt-ljusbrun-med-vit-mitt","status":"publish","type":"product","link":"https:\/\/tibladin.dk\/sv\/produkt\/fjer-vaegdekoration-juju-hat-lysebrun-med-hvid-midte\/","title":{"rendered":"Fj\u00e4der v\u00e4ggdekoration juju hatt - ljusbrun med vit mitt"},"content":{"rendered":"<div class=\"wpb-content-wrapper\"><div class=\"vc_row wpb_row vc_row-fluid\"><div class=\"wpb_column vc_column_container vc_col-sm-4\"><div class=\"vc_column-inner\"><div class=\"wpb_wrapper\">\n\t<div class=\"wpb_video_widget wpb_content_element vc_clearfix   vc_video-aspect-ratio-43 vc_video-el-width-100 vc_video-align-left\" >\n\t\t<div class=\"wpb_wrapper\">\n\t\t\t\n\t\t\t<div class=\"wpb_video_wrapper\"><div class=\"video-container\"><iframe loading=\"lazy\" title=\"Tibladin_Juju hattar\" src=\"https:\/\/player.vimeo.com\/video\/416817931?dnt=1&amp;app_id=122963\" width=\"310\" height=\"310\" frameborder=\"0\" allow=\"autoplay; fullscreen; picture-in-picture\"><\/iframe><\/div><\/div>\n\t\t<\/div>\n\t<\/div>\n<\/div><\/div><\/div><div class=\"wpb_column vc_column_container vc_col-sm-4\"><div class=\"vc_column-inner\"><div class=\"wpb_wrapper\"><h3 style=\"text-align: left\" class=\"vc_custom_heading vc_do_custom_heading\" >Underh\u00e5ll<\/h3>\n\t<div class=\"wpb_text_column wpb_content_element\" >\n\t\t<div class=\"wpb_wrapper\">\n\t\t\t<p class=\"p1\">Du f\u00e5r din Juju-hatt i en snygg och \u00e5teranv\u00e4ndbar Tibladin-tygp\u00e5se. Efter att ha vikat ut hatten kan du l\u00e4mpligen borsta fj\u00e4drarna f\u00f6rsiktigt med en mjuk borste. Eftersom Juju-hattar \u00e4r gjorda av naturmaterial - fj\u00e4drar och bast - kan de locka till sig malar. M\u00f6ssan kommer d\u00e4rf\u00f6r med en liten Tibladin tygp\u00e5se fylld med doftande, torkad lavendel och en tr\u00e4kula av rent cedertr\u00e4, som du kan h\u00e4nga p\u00e5 baksidan av din dekoration. B\u00e5de tygp\u00e5sen och inneh\u00e5llet \u00e4r gjorda av ekologiskt och h\u00e5llbart material. Om cedertr\u00e4bollen tappar doften med tiden, slipa den helt enkelt med lite sandpapper s\u00e5 kommer doften tillbaka. Tibladin rekommenderar ocks\u00e5 att du spraya din Juju-hatt med en insektsspray varannan m\u00e5nad.<\/p>\n\n\t\t<\/div>\n\t<\/div>\n<\/div><\/div><\/div><div class=\"wpb_column vc_column_container vc_col-sm-4\"><div class=\"vc_column-inner\"><div class=\"wpb_wrapper\"><h3 style=\"text-align: left\" class=\"vc_custom_heading vc_do_custom_heading\" >Historien bakom<\/h3>\n\t<div class=\"wpb_text_column wpb_content_element\" >\n\t\t<div class=\"wpb_wrapper\">\n\t\t\t<p class=\"p1\">En personlig inredning handlar ocks\u00e5 om att \u00f6verraska. Med denna dekorativa Juju-hatt kan du ge dina v\u00e4ggar nytt liv. Varje konstverk \u00e4r unikt och handgjort av v\u00e4vd rotting\/bast med riktiga kycklingfj\u00e4drar och andra f\u00e5gelfj\u00e4drar f\u00e4sta individuellt.<\/p>\n<p class=\"p1\">Juju-hattar tillverkas i Kamerun i Afrika och har blivit v\u00e4ldigt trendiga inom inredningsv\u00e4rlden, d\u00e4r de vackra dekorationerna pryder v\u00e4ggarna p\u00e5 hotell, restauranger och privata hem. Ursprungligen anv\u00e4ndes dessa av kungligheter i Kamerun som h\u00e5rprydnader f\u00f6r ceremonier. De representerar en anh\u00e4ngares f\u00f6rm\u00e5ga att n\u00e5 himlen.<\/p>\n<p class=\"p1\">Dekorera dina v\u00e4ggar med en mix av bilder, Juju-hattar och speglar och f\u00e5 ett levande och personligt uttryck.<\/p>\n<p class=\"p1\">Den levereras ihopf\u00e4lld. N\u00e4r du tar emot den knyter du upp sn\u00f6ret och viker ut Juju-hatten. Placera den p\u00e5 en spik p\u00e5 v\u00e4ggen.<\/p>\n\n\t\t<\/div>\n\t<\/div>\n<\/div><\/div><\/div><\/div>\n<\/div>","protected":false},"excerpt":{"rendered":"<p class=\"p1\"><span class=\"s1\">Jujuhatt i ljusbruna fj\u00e4drar och med vit mitt. <\/span><span class=\"s1\">70-80 <\/span><span class=\"s1\">centimeter.<\/span><\/p>\n<p class=\"p2\">Juju-hatten \u00e4r en personlig och i\u00f6gonfallande v\u00e4ggdekoration f\u00f6r ditt hem. Endast denna finns i denna design.<\/p>\n<p class=\"p2\">Levereras ihopvikt i ekologisk tygp\u00e5se med tillh\u00f6rande liten doftp\u00e5se som enkelt kan h\u00e4ngas bak p\u00e5 hatten.<\/p>\n<p class=\"p1\">","protected":false},"featured_media":1167,"template":"","meta":{"inline_featured_image":false},"product_brand":[],"product_cat":[57,56],"product_tag":[],"class_list":{"0":"post-1169","1":"product","2":"type-product","3":"status-publish","4":"has-post-thumbnail","6":"product_cat-fjerdekoration","7":"product_cat-vaegdekoration","9":"first","10":"outofstock","11":"taxable","12":"shipping-taxable","13":"purchasable","14":"product-type-simple"},"exclude_global_add_ons":false,"addons":[{"name":"Vill du ha presentinslagning?","type":"checkbox","position":0,"required":false,"title_format":"label","default":"","description_enable":false,"description":"","placeholder_enable":false,"placeholder":"","display":"images","restrictions_type":"any_text","adjust_price":false,"price":"","price_type":"flat_fee","restrictions":false,"min":"0","max":"0","options":[{"label":"Ja tak","price":"10","price_type":"flat_fee","image":11015,"visibility":true}],"id":1669646111}],"yoast_head":"<!-- This site is optimized with the Yoast SEO plugin v27.4 - https:\/\/yoast.com\/product\/yoast-seo-wordpress\/ -->\n<title>Fjer v\u00e6gdekoration juju hat - lysebrun med hvid midte | Tibladin<\/title>\n<meta name=\"description\" content=\"V\u00e6gdekoration i fjer-juju hat - lysebrun med hvid midte. H\u00e5ndlavet af lokale h\u00e5ndv\u00e6rkere i Cameroon i Afrika. Giver dine v\u00e6gge liv og personlighed.\" \/>\n<meta name=\"robots\" content=\"index, follow, max-snippet:-1, max-image-preview:large, max-video-preview:-1\" \/>\n<link rel=\"canonical\" href=\"https:\/\/tibladin.dk\/sv\/produkt\/fjader-vaggdekoration-juju-hatt-ljusbrun-med-vit-mitt\/\" \/>\n<meta property=\"og:locale\" content=\"sv_SE\" \/>\n<meta property=\"og:type\" content=\"article\" \/>\n<meta property=\"og:title\" content=\"Fjer v\u00e6gdekoration juju hat - lysebrun med hvid midte | Tibladin\" \/>\n<meta property=\"og:description\" content=\"V\u00e6gdekoration i fjer-juju hat - lysebrun med hvid midte. H\u00e5ndlavet af lokale h\u00e5ndv\u00e6rkere i Cameroon i Afrika. Giver dine v\u00e6gge liv og personlighed.\" \/>\n<meta property=\"og:url\" content=\"https:\/\/tibladin.dk\/sv\/produkt\/fjader-vaggdekoration-juju-hatt-ljusbrun-med-vit-mitt\/\" \/>\n<meta property=\"og:site_name\" content=\"Tibladin\" \/>\n<meta property=\"article:modified_time\" content=\"2026-02-12T10:15:09+00:00\" \/>\n<meta property=\"og:image\" content=\"https:\/\/tibladin.dk\/wp-content\/uploads\/2022\/09\/805000018XL-1-1.jpg\" \/>\n\t<meta property=\"og:image:width\" content=\"800\" \/>\n\t<meta property=\"og:image:height\" content=\"800\" \/>\n\t<meta property=\"og:image:type\" content=\"image\/jpeg\" \/>\n<meta name=\"twitter:card\" content=\"summary_large_image\" \/>\n<meta name=\"twitter:label1\" content=\"Ber\u00e4knad l\u00e4stid\" \/>\n\t<meta name=\"twitter:data1\" content=\"2 minuter\" \/>\n<script type=\"application\/ld+json\" class=\"yoast-schema-graph\">{\"@context\":\"https:\\\/\\\/schema.org\",\"@graph\":[{\"@type\":\"WebPage\",\"@id\":\"https:\\\/\\\/tibladin.dk\\\/produkt\\\/fjer-vaegdekoration-juju-hat-lysebrun-med-hvid-midte\\\/\",\"url\":\"https:\\\/\\\/tibladin.dk\\\/produkt\\\/fjer-vaegdekoration-juju-hat-lysebrun-med-hvid-midte\\\/\",\"name\":\"Fjer v\u00e6gdekoration juju hat - lysebrun med hvid midte | Tibladin\",\"isPartOf\":{\"@id\":\"https:\\\/\\\/tibladin.dk\\\/#website\"},\"primaryImageOfPage\":{\"@id\":\"https:\\\/\\\/tibladin.dk\\\/produkt\\\/fjer-vaegdekoration-juju-hat-lysebrun-med-hvid-midte\\\/#primaryimage\"},\"image\":{\"@id\":\"https:\\\/\\\/tibladin.dk\\\/produkt\\\/fjer-vaegdekoration-juju-hat-lysebrun-med-hvid-midte\\\/#primaryimage\"},\"thumbnailUrl\":\"https:\\\/\\\/tibladin.dk\\\/wp-content\\\/uploads\\\/2022\\\/09\\\/805000018XL-1-1.jpg\",\"datePublished\":\"2022-09-20T09:07:19+00:00\",\"dateModified\":\"2026-02-12T10:15:09+00:00\",\"description\":\"V\u00e6gdekoration i fjer-juju hat - lysebrun med hvid midte. H\u00e5ndlavet af lokale h\u00e5ndv\u00e6rkere i Cameroon i Afrika. Giver dine v\u00e6gge liv og personlighed.\",\"breadcrumb\":{\"@id\":\"https:\\\/\\\/tibladin.dk\\\/produkt\\\/fjer-vaegdekoration-juju-hat-lysebrun-med-hvid-midte\\\/#breadcrumb\"},\"inLanguage\":\"sv-SE\",\"potentialAction\":[{\"@type\":\"ReadAction\",\"target\":[\"https:\\\/\\\/tibladin.dk\\\/produkt\\\/fjer-vaegdekoration-juju-hat-lysebrun-med-hvid-midte\\\/\"]}]},{\"@type\":\"ImageObject\",\"inLanguage\":\"sv-SE\",\"@id\":\"https:\\\/\\\/tibladin.dk\\\/produkt\\\/fjer-vaegdekoration-juju-hat-lysebrun-med-hvid-midte\\\/#primaryimage\",\"url\":\"https:\\\/\\\/tibladin.dk\\\/wp-content\\\/uploads\\\/2022\\\/09\\\/805000018XL-1-1.jpg\",\"contentUrl\":\"https:\\\/\\\/tibladin.dk\\\/wp-content\\\/uploads\\\/2022\\\/09\\\/805000018XL-1-1.jpg\",\"width\":800,\"height\":800,\"caption\":\"Marokkansk h\u00e5ndlavet jujuhat fjerdekoration\"},{\"@type\":\"BreadcrumbList\",\"@id\":\"https:\\\/\\\/tibladin.dk\\\/produkt\\\/fjer-vaegdekoration-juju-hat-lysebrun-med-hvid-midte\\\/#breadcrumb\",\"itemListElement\":[{\"@type\":\"ListItem\",\"position\":1,\"name\":\"Hjem\",\"item\":\"https:\\\/\\\/tibladin.dk\\\/\"},{\"@type\":\"ListItem\",\"position\":2,\"name\":\"Shop\",\"item\":\"https:\\\/\\\/tibladin.dk\\\/shop\\\/\"},{\"@type\":\"ListItem\",\"position\":3,\"name\":\"Fjer v\u00e6gdekoration juju hat &#8211; lysebrun med hvid midte\"}]},{\"@type\":\"WebSite\",\"@id\":\"https:\\\/\\\/tibladin.dk\\\/#website\",\"url\":\"https:\\\/\\\/tibladin.dk\\\/\",\"name\":\"Tibladin\",\"description\":\"Tibladin\",\"publisher\":{\"@id\":\"https:\\\/\\\/tibladin.dk\\\/#organization\"},\"potentialAction\":[{\"@type\":\"SearchAction\",\"target\":{\"@type\":\"EntryPoint\",\"urlTemplate\":\"https:\\\/\\\/tibladin.dk\\\/?s={search_term_string}\"},\"query-input\":{\"@type\":\"PropertyValueSpecification\",\"valueRequired\":true,\"valueName\":\"search_term_string\"}}],\"inLanguage\":\"sv-SE\"},{\"@type\":\"Organization\",\"@id\":\"https:\\\/\\\/tibladin.dk\\\/#organization\",\"name\":\"Tibladin\",\"url\":\"https:\\\/\\\/tibladin.dk\\\/\",\"logo\":{\"@type\":\"ImageObject\",\"inLanguage\":\"sv-SE\",\"@id\":\"https:\\\/\\\/tibladin.dk\\\/#\\\/schema\\\/logo\\\/image\\\/\",\"url\":\"https:\\\/\\\/tibladin.dk\\\/wp-content\\\/uploads\\\/2022\\\/09\\\/tibladin_logo.svg\",\"contentUrl\":\"https:\\\/\\\/tibladin.dk\\\/wp-content\\\/uploads\\\/2022\\\/09\\\/tibladin_logo.svg\",\"caption\":\"Tibladin\"},\"image\":{\"@id\":\"https:\\\/\\\/tibladin.dk\\\/#\\\/schema\\\/logo\\\/image\\\/\"}}]}<\/script>\n<!-- \/ Yoast SEO plugin. -->","yoast_head_json":{"title":"Fj\u00e4der v\u00e4ggdekoration juju hatt - ljusbrun med vit mitt | Tibladin","description":"V\u00e4ggdekoration i fj\u00e4derjujuhatt - ljusbrun med vit mitt. Handgjorda av lokala hantverkare i Kamerun, Afrika. Ger dina v\u00e4ggar liv och personlighet.","robots":{"index":"index","follow":"follow","max-snippet":"max-snippet:-1","max-image-preview":"max-image-preview:large","max-video-preview":"max-video-preview:-1"},"canonical":"https:\/\/tibladin.dk\/sv\/produkt\/fjader-vaggdekoration-juju-hatt-ljusbrun-med-vit-mitt\/","og_locale":"sv_SE","og_type":"article","og_title":"Fjer v\u00e6gdekoration juju hat - lysebrun med hvid midte | Tibladin","og_description":"V\u00e6gdekoration i fjer-juju hat - lysebrun med hvid midte. H\u00e5ndlavet af lokale h\u00e5ndv\u00e6rkere i Cameroon i Afrika. Giver dine v\u00e6gge liv og personlighed.","og_url":"https:\/\/tibladin.dk\/sv\/produkt\/fjader-vaggdekoration-juju-hatt-ljusbrun-med-vit-mitt\/","og_site_name":"Tibladin","article_modified_time":"2026-02-12T10:15:09+00:00","og_image":[{"width":800,"height":800,"url":"https:\/\/tibladin.dk\/wp-content\/uploads\/2022\/09\/805000018XL-1-1.jpg","type":"image\/jpeg"}],"twitter_card":"summary_large_image","twitter_misc":{"Ber\u00e4knad l\u00e4stid":"2 minuter"},"schema":{"@context":"https:\/\/schema.org","@graph":[{"@type":"WebPage","@id":"https:\/\/tibladin.dk\/produkt\/fjer-vaegdekoration-juju-hat-lysebrun-med-hvid-midte\/","url":"https:\/\/tibladin.dk\/produkt\/fjer-vaegdekoration-juju-hat-lysebrun-med-hvid-midte\/","name":"Fj\u00e4der v\u00e4ggdekoration juju hatt - ljusbrun med vit mitt | Tibladin","isPartOf":{"@id":"https:\/\/tibladin.dk\/#website"},"primaryImageOfPage":{"@id":"https:\/\/tibladin.dk\/produkt\/fjer-vaegdekoration-juju-hat-lysebrun-med-hvid-midte\/#primaryimage"},"image":{"@id":"https:\/\/tibladin.dk\/produkt\/fjer-vaegdekoration-juju-hat-lysebrun-med-hvid-midte\/#primaryimage"},"thumbnailUrl":"https:\/\/tibladin.dk\/wp-content\/uploads\/2022\/09\/805000018XL-1-1.jpg","datePublished":"2022-09-20T09:07:19+00:00","dateModified":"2026-02-12T10:15:09+00:00","description":"V\u00e4ggdekoration i fj\u00e4derjujuhatt - ljusbrun med vit mitt. Handgjorda av lokala hantverkare i Kamerun, Afrika. Ger dina v\u00e4ggar liv och personlighet.","breadcrumb":{"@id":"https:\/\/tibladin.dk\/produkt\/fjer-vaegdekoration-juju-hat-lysebrun-med-hvid-midte\/#breadcrumb"},"inLanguage":"sv-SE","potentialAction":[{"@type":"ReadAction","target":["https:\/\/tibladin.dk\/produkt\/fjer-vaegdekoration-juju-hat-lysebrun-med-hvid-midte\/"]}]},{"@type":"ImageObject","inLanguage":"sv-SE","@id":"https:\/\/tibladin.dk\/produkt\/fjer-vaegdekoration-juju-hat-lysebrun-med-hvid-midte\/#primaryimage","url":"https:\/\/tibladin.dk\/wp-content\/uploads\/2022\/09\/805000018XL-1-1.jpg","contentUrl":"https:\/\/tibladin.dk\/wp-content\/uploads\/2022\/09\/805000018XL-1-1.jpg","width":800,"height":800,"caption":"Marokkansk h\u00e5ndlavet jujuhat fjerdekoration"},{"@type":"BreadcrumbList","@id":"https:\/\/tibladin.dk\/produkt\/fjer-vaegdekoration-juju-hat-lysebrun-med-hvid-midte\/#breadcrumb","itemListElement":[{"@type":"ListItem","position":1,"name":"Hjem","item":"https:\/\/tibladin.dk\/"},{"@type":"ListItem","position":2,"name":"Shop","item":"https:\/\/tibladin.dk\/shop\/"},{"@type":"ListItem","position":3,"name":"Fjer v\u00e6gdekoration juju hat &#8211; lysebrun med hvid midte"}]},{"@type":"WebSite","@id":"https:\/\/tibladin.dk\/#website","url":"https:\/\/tibladin.dk\/","name":"Tibladin","description":"Tibladin","publisher":{"@id":"https:\/\/tibladin.dk\/#organization"},"potentialAction":[{"@type":"SearchAction","target":{"@type":"EntryPoint","urlTemplate":"https:\/\/tibladin.dk\/?s={search_term_string}"},"query-input":{"@type":"PropertyValueSpecification","valueRequired":true,"valueName":"search_term_string"}}],"inLanguage":"sv-SE"},{"@type":"Organization","@id":"https:\/\/tibladin.dk\/#organization","name":"Tibladin","url":"https:\/\/tibladin.dk\/","logo":{"@type":"ImageObject","inLanguage":"sv-SE","@id":"https:\/\/tibladin.dk\/#\/schema\/logo\/image\/","url":"https:\/\/tibladin.dk\/wp-content\/uploads\/2022\/09\/tibladin_logo.svg","contentUrl":"https:\/\/tibladin.dk\/wp-content\/uploads\/2022\/09\/tibladin_logo.svg","caption":"Tibladin"},"image":{"@id":"https:\/\/tibladin.dk\/#\/schema\/logo\/image\/"}}]}},"_links":{"self":[{"href":"https:\/\/tibladin.dk\/sv\/wp-json\/wp\/v2\/product\/1169","targetHints":{"allow":["GET"]}}],"collection":[{"href":"https:\/\/tibladin.dk\/sv\/wp-json\/wp\/v2\/product"}],"about":[{"href":"https:\/\/tibladin.dk\/sv\/wp-json\/wp\/v2\/types\/product"}],"wp:featuredmedia":[{"embeddable":true,"href":"https:\/\/tibladin.dk\/sv\/wp-json\/wp\/v2\/media\/1167"}],"wp:attachment":[{"href":"https:\/\/tibladin.dk\/sv\/wp-json\/wp\/v2\/media?parent=1169"}],"wp:term":[{"taxonomy":"product_brand","embeddable":true,"href":"https:\/\/tibladin.dk\/sv\/wp-json\/wp\/v2\/product_brand?post=1169"},{"taxonomy":"product_cat","embeddable":true,"href":"https:\/\/tibladin.dk\/sv\/wp-json\/wp\/v2\/product_cat?post=1169"},{"taxonomy":"product_tag","embeddable":true,"href":"https:\/\/tibladin.dk\/sv\/wp-json\/wp\/v2\/product_tag?post=1169"}],"curies":[{"name":"wp","href":"https:\/\/api.w.org\/{rel}","templated":true}]}}