{"id":12024,"date":"2025-07-01T10:06:03","date_gmt":"2025-07-01T08:06:03","guid":{"rendered":"https:\/\/tibladin.dk\/?post_type=product&#038;p=12024"},"modified":"2026-01-10T13:00:10","modified_gmt":"2026-01-10T12:00:10","slug":"marockansk-keramikvaag-85-cm","status":"publish","type":"product","link":"https:\/\/tibladin.dk\/sv\/produkt\/marokkansk-keramik-skaal-85-cm\/","title":{"rendered":"Marockansk keramiksk\u00e5l - 8,5 cm."},"content":{"rendered":"<div class=\"wpb-content-wrapper\"><div class=\"vc_row wpb_row vc_row-fluid\"><div class=\"wpb_column vc_column_container vc_col-sm-4\"><div class=\"vc_column-inner\"><div class=\"wpb_wrapper\"><\/div><\/div><\/div><div class=\"wpb_column vc_column_container vc_col-sm-4\"><div class=\"vc_column-inner\"><div class=\"wpb_wrapper\"><h3 style=\"text-align: left\" class=\"vc_custom_heading vc_do_custom_heading\" >Underh\u00e5ll<\/h3>\n\t<div class=\"wpb_text_column wpb_content_element\" >\n\t\t<div class=\"wpb_wrapper\">\n\t\t\t<p>Kan l\u00e4tt anv\u00e4ndas till mat.<\/p>\n<p>Eftersom keramik \u00e4r n\u00e5got mer por\u00f6st \u00e4n stengods, rekommenderas det INTE att anv\u00e4nda diskmaskin f\u00f6r reng\u00f6ring. F\u00f6r att bevara keramiken s\u00e5 l\u00e4nge som m\u00f6jligt \u00e4r det klart b\u00e4st att reng\u00f6ra f\u00f6r hand.<\/p>\n\n\t\t<\/div>\n\t<\/div>\n<\/div><\/div><\/div><div class=\"wpb_column vc_column_container vc_col-sm-4\"><div class=\"vc_column-inner\"><div class=\"wpb_wrapper\"><h3 style=\"text-align: left\" class=\"vc_custom_heading vc_do_custom_heading\" >Historien bakom<\/h3>\n\t<div class=\"wpb_text_column wpb_content_element\" >\n\t\t<div class=\"wpb_wrapper\">\n\t\t\t<p>Safi \u00e4r en provinshuvudstad och hamnstad i v\u00e4stra Marocko, som \u00e4r mycket k\u00e4nd f\u00f6r sin tillverkning av vacker handgjord keramik, som ofta lyser i m\u00e5nga olika f\u00e4rger och nyanser. &quot;Safi&quot; \u00e4r allts\u00e5 ingen typ av keramik, utan namnet p\u00e5 platsen d\u00e4r keramik tillverkas. Du kommer ofta att kunna hitta &quot;Safi&quot; st\u00e5ende under botten av keramik fr\u00e5n Marocko, eftersom de \u00e4r en s\u00e5 stor producent av det.<\/p>\n\n\t\t<\/div>\n\t<\/div>\n<\/div><\/div><\/div><\/div>\n<\/div>","protected":false},"excerpt":{"rendered":"<p>Sm\u00e5 sk\u00e5lar i flera f\u00e4rger. Sk\u00e5larna m\u00e4ter ca. 8,5 cm i diameter och \u00e4r 4 cm h\u00f6ga.<\/p>\n<p>Anv\u00e4nd de sm\u00e5 sk\u00e5larna till dina smycken, sm\u00e5 serveringssk\u00e5lar, till soja och tapenader. Kombinera g\u00e4rna flera storlekar p\u00e5 sk\u00e5lar.<\/p>","protected":false},"featured_media":37544,"template":"","meta":{"inline_featured_image":false},"product_brand":[],"product_cat":[139,146,154],"product_tag":[],"class_list":{"0":"post-12024","1":"product","2":"type-product","3":"status-publish","4":"has-post-thumbnail","6":"product_cat-marokkansk-keramik","7":"product_cat-marokkanske-keramik-skaale","8":"product_cat-smaaskaale","10":"first","11":"outofstock","12":"taxable","13":"shipping-taxable","14":"purchasable","15":"product-type-variable"},"exclude_global_add_ons":false,"addons":[{"name":"Vill du ha presentinslagning?","type":"checkbox","position":0,"required":false,"title_format":"label","default":"","description_enable":false,"description":"","placeholder_enable":false,"placeholder":"","display":"images","restrictions_type":"any_text","adjust_price":false,"price":"","price_type":"flat_fee","restrictions":false,"min":"0","max":"0","options":[{"label":"Ja tak","price":"10","price_type":"flat_fee","image":11015,"visibility":true}],"id":1669646111}],"yoast_head":"<!-- This site is optimized with the Yoast SEO plugin v27.5 - https:\/\/yoast.com\/product\/yoast-seo-wordpress\/ -->\n<title>Marokkansk keramik sk\u00e5l - 8,5 cm. |\u00a0Stort udvalg af keramik<\/title>\n<meta name=\"description\" content=\"S\u00e6t farve p\u00e5 din bordd\u00e6kning med marokkansk keramik fra Tibladin | H\u00e5nddrejet og malet i fri h\u00e5nd, giver et helt unikt udseende til din bordd\u00e6kning.\" \/>\n<meta name=\"robots\" content=\"index, follow, max-snippet:-1, max-image-preview:large, max-video-preview:-1\" \/>\n<link rel=\"canonical\" href=\"https:\/\/tibladin.dk\/sv\/produkt\/marockansk-keramikvaag-85-cm\/\" \/>\n<meta property=\"og:locale\" content=\"sv_SE\" \/>\n<meta property=\"og:type\" content=\"article\" \/>\n<meta property=\"og:title\" content=\"Marokkansk keramik sk\u00e5l - 8,5 cm. |\u00a0Stort udvalg af keramik\" \/>\n<meta property=\"og:description\" content=\"S\u00e6t farve p\u00e5 din bordd\u00e6kning med marokkansk keramik fra Tibladin | H\u00e5nddrejet og malet i fri h\u00e5nd, giver et helt unikt udseende til din bordd\u00e6kning.\" \/>\n<meta property=\"og:url\" content=\"https:\/\/tibladin.dk\/sv\/produkt\/marockansk-keramikvaag-85-cm\/\" \/>\n<meta property=\"og:site_name\" content=\"Tibladin\" \/>\n<meta property=\"article:modified_time\" content=\"2026-01-10T12:00:10+00:00\" \/>\n<meta property=\"og:image\" content=\"https:\/\/tibladin.dk\/wp-content\/uploads\/2025\/07\/marokkanske-smaa-keramik-skaale-85-cm.jpeg\" \/>\n\t<meta property=\"og:image:width\" content=\"800\" \/>\n\t<meta property=\"og:image:height\" content=\"800\" \/>\n\t<meta property=\"og:image:type\" content=\"image\/jpeg\" \/>\n<meta name=\"twitter:card\" content=\"summary_large_image\" \/>\n<meta name=\"twitter:label1\" content=\"Ber\u00e4knad l\u00e4stid\" \/>\n\t<meta name=\"twitter:data1\" content=\"2 minuter\" \/>\n<script type=\"application\/ld+json\" class=\"yoast-schema-graph\">{\"@context\":\"https:\\\/\\\/schema.org\",\"@graph\":[{\"@type\":\"WebPage\",\"@id\":\"https:\\\/\\\/tibladin.dk\\\/produkt\\\/marokkansk-keramik-skaal-85-cm\\\/\",\"url\":\"https:\\\/\\\/tibladin.dk\\\/produkt\\\/marokkansk-keramik-skaal-85-cm\\\/\",\"name\":\"Marokkansk keramik sk\u00e5l - 8,5 cm. |\u00a0Stort udvalg af keramik\",\"isPartOf\":{\"@id\":\"https:\\\/\\\/tibladin.dk\\\/#website\"},\"primaryImageOfPage\":{\"@id\":\"https:\\\/\\\/tibladin.dk\\\/produkt\\\/marokkansk-keramik-skaal-85-cm\\\/#primaryimage\"},\"image\":{\"@id\":\"https:\\\/\\\/tibladin.dk\\\/produkt\\\/marokkansk-keramik-skaal-85-cm\\\/#primaryimage\"},\"thumbnailUrl\":\"https:\\\/\\\/tibladin.dk\\\/wp-content\\\/uploads\\\/2025\\\/07\\\/marokkanske-smaa-keramik-skaale-85-cm.jpeg\",\"datePublished\":\"2025-07-01T08:06:03+00:00\",\"dateModified\":\"2026-01-10T12:00:10+00:00\",\"description\":\"S\u00e6t farve p\u00e5 din bordd\u00e6kning med marokkansk keramik fra Tibladin | H\u00e5nddrejet og malet i fri h\u00e5nd, giver et helt unikt udseende til din bordd\u00e6kning.\",\"breadcrumb\":{\"@id\":\"https:\\\/\\\/tibladin.dk\\\/produkt\\\/marokkansk-keramik-skaal-85-cm\\\/#breadcrumb\"},\"inLanguage\":\"sv-SE\",\"potentialAction\":[{\"@type\":\"ReadAction\",\"target\":[\"https:\\\/\\\/tibladin.dk\\\/produkt\\\/marokkansk-keramik-skaal-85-cm\\\/\"]}]},{\"@type\":\"ImageObject\",\"inLanguage\":\"sv-SE\",\"@id\":\"https:\\\/\\\/tibladin.dk\\\/produkt\\\/marokkansk-keramik-skaal-85-cm\\\/#primaryimage\",\"url\":\"https:\\\/\\\/tibladin.dk\\\/wp-content\\\/uploads\\\/2025\\\/07\\\/marokkanske-smaa-keramik-skaale-85-cm.jpeg\",\"contentUrl\":\"https:\\\/\\\/tibladin.dk\\\/wp-content\\\/uploads\\\/2025\\\/07\\\/marokkanske-smaa-keramik-skaale-85-cm.jpeg\",\"width\":800,\"height\":800,\"caption\":\"Marokkanske sm\u00e5 keramik sk\u00e5le 8,5 cm flere varianter\"},{\"@type\":\"BreadcrumbList\",\"@id\":\"https:\\\/\\\/tibladin.dk\\\/produkt\\\/marokkansk-keramik-skaal-85-cm\\\/#breadcrumb\",\"itemListElement\":[{\"@type\":\"ListItem\",\"position\":1,\"name\":\"Hjem\",\"item\":\"https:\\\/\\\/tibladin.dk\\\/\"},{\"@type\":\"ListItem\",\"position\":2,\"name\":\"Shop\",\"item\":\"https:\\\/\\\/tibladin.dk\\\/shop\\\/\"},{\"@type\":\"ListItem\",\"position\":3,\"name\":\"Marokkansk keramik sk\u00e5l &#8211; 8,5 cm.\"}]},{\"@type\":\"WebSite\",\"@id\":\"https:\\\/\\\/tibladin.dk\\\/#website\",\"url\":\"https:\\\/\\\/tibladin.dk\\\/\",\"name\":\"Tibladin\",\"description\":\"Tibladin\",\"publisher\":{\"@id\":\"https:\\\/\\\/tibladin.dk\\\/#organization\"},\"potentialAction\":[{\"@type\":\"SearchAction\",\"target\":{\"@type\":\"EntryPoint\",\"urlTemplate\":\"https:\\\/\\\/tibladin.dk\\\/?s={search_term_string}\"},\"query-input\":{\"@type\":\"PropertyValueSpecification\",\"valueRequired\":true,\"valueName\":\"search_term_string\"}}],\"inLanguage\":\"sv-SE\"},{\"@type\":\"Organization\",\"@id\":\"https:\\\/\\\/tibladin.dk\\\/#organization\",\"name\":\"Tibladin\",\"url\":\"https:\\\/\\\/tibladin.dk\\\/\",\"logo\":{\"@type\":\"ImageObject\",\"inLanguage\":\"sv-SE\",\"@id\":\"https:\\\/\\\/tibladin.dk\\\/#\\\/schema\\\/logo\\\/image\\\/\",\"url\":\"https:\\\/\\\/tibladin.dk\\\/wp-content\\\/uploads\\\/2022\\\/09\\\/tibladin_logo.svg\",\"contentUrl\":\"https:\\\/\\\/tibladin.dk\\\/wp-content\\\/uploads\\\/2022\\\/09\\\/tibladin_logo.svg\",\"caption\":\"Tibladin\"},\"image\":{\"@id\":\"https:\\\/\\\/tibladin.dk\\\/#\\\/schema\\\/logo\\\/image\\\/\"}}]}<\/script>\n<!-- \/ Yoast SEO plugin. -->","yoast_head_json":{"title":"Marockansk keramiksk\u00e5l - 8,5 cm. | Stort utbud av keramik","description":"S\u00e4tt f\u00e4rg p\u00e5 din dukning med marockansk keramik fr\u00e5n Tibladin | Handsvarvade och m\u00e5lade i frihand, ger ett helt unikt utseende till din dukning.","robots":{"index":"index","follow":"follow","max-snippet":"max-snippet:-1","max-image-preview":"max-image-preview:large","max-video-preview":"max-video-preview:-1"},"canonical":"https:\/\/tibladin.dk\/sv\/produkt\/marockansk-keramikvaag-85-cm\/","og_locale":"sv_SE","og_type":"article","og_title":"Marokkansk keramik sk\u00e5l - 8,5 cm. |\u00a0Stort udvalg af keramik","og_description":"S\u00e6t farve p\u00e5 din bordd\u00e6kning med marokkansk keramik fra Tibladin | H\u00e5nddrejet og malet i fri h\u00e5nd, giver et helt unikt udseende til din bordd\u00e6kning.","og_url":"https:\/\/tibladin.dk\/sv\/produkt\/marockansk-keramikvaag-85-cm\/","og_site_name":"Tibladin","article_modified_time":"2026-01-10T12:00:10+00:00","og_image":[{"width":800,"height":800,"url":"https:\/\/tibladin.dk\/wp-content\/uploads\/2025\/07\/marokkanske-smaa-keramik-skaale-85-cm.jpeg","type":"image\/jpeg"}],"twitter_card":"summary_large_image","twitter_misc":{"Ber\u00e4knad l\u00e4stid":"2 minuter"},"schema":{"@context":"https:\/\/schema.org","@graph":[{"@type":"WebPage","@id":"https:\/\/tibladin.dk\/produkt\/marokkansk-keramik-skaal-85-cm\/","url":"https:\/\/tibladin.dk\/produkt\/marokkansk-keramik-skaal-85-cm\/","name":"Marockansk keramiksk\u00e5l - 8,5 cm. | Stort utbud av keramik","isPartOf":{"@id":"https:\/\/tibladin.dk\/#website"},"primaryImageOfPage":{"@id":"https:\/\/tibladin.dk\/produkt\/marokkansk-keramik-skaal-85-cm\/#primaryimage"},"image":{"@id":"https:\/\/tibladin.dk\/produkt\/marokkansk-keramik-skaal-85-cm\/#primaryimage"},"thumbnailUrl":"https:\/\/tibladin.dk\/wp-content\/uploads\/2025\/07\/marokkanske-smaa-keramik-skaale-85-cm.jpeg","datePublished":"2025-07-01T08:06:03+00:00","dateModified":"2026-01-10T12:00:10+00:00","description":"S\u00e4tt f\u00e4rg p\u00e5 din dukning med marockansk keramik fr\u00e5n Tibladin | Handsvarvade och m\u00e5lade i frihand, ger ett helt unikt utseende till din dukning.","breadcrumb":{"@id":"https:\/\/tibladin.dk\/produkt\/marokkansk-keramik-skaal-85-cm\/#breadcrumb"},"inLanguage":"sv-SE","potentialAction":[{"@type":"ReadAction","target":["https:\/\/tibladin.dk\/produkt\/marokkansk-keramik-skaal-85-cm\/"]}]},{"@type":"ImageObject","inLanguage":"sv-SE","@id":"https:\/\/tibladin.dk\/produkt\/marokkansk-keramik-skaal-85-cm\/#primaryimage","url":"https:\/\/tibladin.dk\/wp-content\/uploads\/2025\/07\/marokkanske-smaa-keramik-skaale-85-cm.jpeg","contentUrl":"https:\/\/tibladin.dk\/wp-content\/uploads\/2025\/07\/marokkanske-smaa-keramik-skaale-85-cm.jpeg","width":800,"height":800,"caption":"Marokkanske sm\u00e5 keramik sk\u00e5le 8,5 cm flere varianter"},{"@type":"BreadcrumbList","@id":"https:\/\/tibladin.dk\/produkt\/marokkansk-keramik-skaal-85-cm\/#breadcrumb","itemListElement":[{"@type":"ListItem","position":1,"name":"Hjem","item":"https:\/\/tibladin.dk\/"},{"@type":"ListItem","position":2,"name":"Shop","item":"https:\/\/tibladin.dk\/shop\/"},{"@type":"ListItem","position":3,"name":"Marokkansk keramik sk\u00e5l &#8211; 8,5 cm."}]},{"@type":"WebSite","@id":"https:\/\/tibladin.dk\/#website","url":"https:\/\/tibladin.dk\/","name":"Tibladin","description":"Tibladin","publisher":{"@id":"https:\/\/tibladin.dk\/#organization"},"potentialAction":[{"@type":"SearchAction","target":{"@type":"EntryPoint","urlTemplate":"https:\/\/tibladin.dk\/?s={search_term_string}"},"query-input":{"@type":"PropertyValueSpecification","valueRequired":true,"valueName":"search_term_string"}}],"inLanguage":"sv-SE"},{"@type":"Organization","@id":"https:\/\/tibladin.dk\/#organization","name":"Tibladin","url":"https:\/\/tibladin.dk\/","logo":{"@type":"ImageObject","inLanguage":"sv-SE","@id":"https:\/\/tibladin.dk\/#\/schema\/logo\/image\/","url":"https:\/\/tibladin.dk\/wp-content\/uploads\/2022\/09\/tibladin_logo.svg","contentUrl":"https:\/\/tibladin.dk\/wp-content\/uploads\/2022\/09\/tibladin_logo.svg","caption":"Tibladin"},"image":{"@id":"https:\/\/tibladin.dk\/#\/schema\/logo\/image\/"}}]}},"_links":{"self":[{"href":"https:\/\/tibladin.dk\/sv\/wp-json\/wp\/v2\/product\/12024","targetHints":{"allow":["GET"]}}],"collection":[{"href":"https:\/\/tibladin.dk\/sv\/wp-json\/wp\/v2\/product"}],"about":[{"href":"https:\/\/tibladin.dk\/sv\/wp-json\/wp\/v2\/types\/product"}],"wp:featuredmedia":[{"embeddable":true,"href":"https:\/\/tibladin.dk\/sv\/wp-json\/wp\/v2\/media\/37544"}],"wp:attachment":[{"href":"https:\/\/tibladin.dk\/sv\/wp-json\/wp\/v2\/media?parent=12024"}],"wp:term":[{"taxonomy":"product_brand","embeddable":true,"href":"https:\/\/tibladin.dk\/sv\/wp-json\/wp\/v2\/product_brand?post=12024"},{"taxonomy":"product_cat","embeddable":true,"href":"https:\/\/tibladin.dk\/sv\/wp-json\/wp\/v2\/product_cat?post=12024"},{"taxonomy":"product_tag","embeddable":true,"href":"https:\/\/tibladin.dk\/sv\/wp-json\/wp\/v2\/product_tag?post=12024"}],"curies":[{"name":"wp","href":"https:\/\/api.w.org\/{rel}","templated":true}]}}