{"id":1216,"date":"2022-09-20T11:07:41","date_gmt":"2022-09-20T09:07:41","guid":{"rendered":"https:\/\/tibladin.dk\/vare\/pudebetraek-med-uld-og-laedermoenster-sort-hvid\/"},"modified":"2025-12-07T20:56:53","modified_gmt":"2025-12-07T19:56:53","slug":"kuddfodral-med-ull-och-ladermonster-svart-och-vitt","status":"publish","type":"product","link":"https:\/\/tibladin.dk\/sv\/produkt\/pudebetraek-med-uld-og-laedermoenster-sort-hvid\/","title":{"rendered":"Kuddfodral med ull- och l\u00e4derm\u00f6nster (svart\/vit)"},"content":{"rendered":"<div class=\"wpb-content-wrapper\"><div class=\"vc_row wpb_row vc_row-fluid\"><div class=\"wpb_column vc_column_container vc_col-sm-4\"><div class=\"vc_column-inner\"><div class=\"wpb_wrapper\"><\/div><\/div><\/div><div class=\"wpb_column vc_column_container vc_col-sm-4\"><div class=\"vc_column-inner\"><div class=\"wpb_wrapper\"><h3 style=\"text-align: left\" class=\"vc_custom_heading vc_do_custom_heading\" >Underh\u00e5ll<\/h3>\n\t<div class=\"wpb_text_column wpb_content_element\" >\n\t\t<div class=\"wpb_wrapper\">\n\t\t\t<p>Kuddfodralet kan reng\u00f6ras eller tv\u00e4ttas varsamt f\u00f6r hand eller p\u00e5 ullprogram i tv\u00e4ttmaskinen.<\/p>\n\n\t\t<\/div>\n\t<\/div>\n<\/div><\/div><\/div><div class=\"wpb_column vc_column_container vc_col-sm-4\"><div class=\"vc_column-inner\"><div class=\"wpb_wrapper\"><h3 style=\"text-align: left\" class=\"vc_custom_heading vc_do_custom_heading\" >Historien bakom<\/h3>\n\t<div class=\"wpb_text_column wpb_content_element\" >\n\t\t<div class=\"wpb_wrapper\">\n\t\t\t<p>Kuddfodralen \u00e4r gjorda i samarbete med en designer i Marrakech och \u00e4r helt unika. De \u00e4r handv\u00e4vda i en blandning av bomull och ull. Det unika m\u00f6nstret p\u00e5 dynan \u00e4r v\u00e4vt med ull och l\u00e4der och bildar ett vackert korsm\u00f6nster. \u00d6verdragen har en kraftig dragkedja, s\u00e5 du kan enkelt ta bort \u00f6verdragen och tv\u00e4tta dem.<\/p>\n<p>Dessa fina kuddar ger en varm och orientalisk look till din soffa eller stol.<\/p>\n<p>\u00d6verdragen passar 50\u00d740 monteringsdynor, beroende p\u00e5 hur fulla du vill ha dem.<\/p>\n\n\t\t<\/div>\n\t<\/div>\n<\/div><\/div><\/div><\/div>\n<\/div>","protected":false},"excerpt":{"rendered":"<p>Unika marockanska handv\u00e4vda kuddfodral.<\/p>\n<p>Det vackra, v\u00e4vda kuddfodralet \u00e4r i en ljusgr\u00e5 f\u00e4rg med ett m\u00f6nster i mitten, som \u00e4r gjord av en ull- och l\u00e4derblandning. Kuddfodralet sm\u00e4lter diskret in i det skandinaviska hemmet och kan till exempel enkelt kombineras med Tibladins motsvarande kuddfodral i en svart\/vit version f\u00f6r att skapa lite lek.<\/p>\n<p>\u00d6rngotten levereras utan kuddar. Passar 50 x 40 cm. monteringsdynor, beroende p\u00e5 hur full du vill ha dynan.<\/p>\n<p>&nbsp;<\/p>","protected":false},"featured_media":1210,"template":"","meta":{"inline_featured_image":false},"product_brand":[],"product_cat":[47,66,37],"product_tag":[],"class_list":{"0":"post-1216","1":"product","2":"type-product","3":"status-publish","4":"has-post-thumbnail","6":"product_cat-gaven-til-ham","7":"product_cat-pudebetraek","8":"product_cat-tekstiler","10":"first","11":"instock","12":"taxable","13":"shipping-taxable","14":"purchasable","15":"product-type-simple"},"exclude_global_add_ons":false,"addons":[{"name":"Vill du ha presentinslagning?","type":"checkbox","position":0,"required":false,"title_format":"label","default":"","description_enable":false,"description":"","placeholder_enable":false,"placeholder":"","display":"images","restrictions_type":"any_text","adjust_price":false,"price":"","price_type":"flat_fee","restrictions":false,"min":"0","max":"0","options":[{"label":"Ja tak","price":"10","price_type":"flat_fee","image":11015,"visibility":true}],"id":1669646111}],"yoast_head":"<!-- This site is optimized with the Yoast SEO plugin v27.4 - https:\/\/yoast.com\/product\/yoast-seo-wordpress\/ -->\n<title>Fine pudebetr\u00e6k lavet i berbisk t\u00e6ppe Kiria | Tibladin<\/title>\n<meta name=\"description\" content=\"Berbisk t\u00e6ppe pudebetr\u00e6k til din sofa i dejlige nuancer. Passer til 40X40 puder, alt efter hvor fyldig du \u00f8nsker din pude.\" \/>\n<meta name=\"robots\" content=\"index, follow, max-snippet:-1, max-image-preview:large, max-video-preview:-1\" \/>\n<link rel=\"canonical\" href=\"https:\/\/tibladin.dk\/sv\/produkt\/kuddfodral-med-ull-och-ladermonster-svart-och-vitt\/\" \/>\n<meta property=\"og:locale\" content=\"sv_SE\" \/>\n<meta property=\"og:type\" content=\"article\" \/>\n<meta property=\"og:title\" content=\"Fine pudebetr\u00e6k lavet i berbisk t\u00e6ppe Kiria | Tibladin\" \/>\n<meta property=\"og:description\" content=\"Berbisk t\u00e6ppe pudebetr\u00e6k til din sofa i dejlige nuancer. Passer til 40X40 puder, alt efter hvor fyldig du \u00f8nsker din pude.\" \/>\n<meta property=\"og:url\" content=\"https:\/\/tibladin.dk\/sv\/produkt\/kuddfodral-med-ull-och-ladermonster-svart-och-vitt\/\" \/>\n<meta property=\"og:site_name\" content=\"Tibladin\" \/>\n<meta property=\"article:modified_time\" content=\"2025-12-07T19:56:53+00:00\" \/>\n<meta property=\"og:image\" content=\"https:\/\/tibladin.dk\/wp-content\/uploads\/2022\/09\/1011-0540003-1.jpg\" \/>\n\t<meta property=\"og:image:width\" content=\"800\" \/>\n\t<meta property=\"og:image:height\" content=\"850\" \/>\n\t<meta property=\"og:image:type\" content=\"image\/jpeg\" \/>\n<meta name=\"twitter:card\" content=\"summary_large_image\" \/>\n<meta name=\"twitter:label1\" content=\"Ber\u00e4knad l\u00e4stid\" \/>\n\t<meta name=\"twitter:data1\" content=\"1 minut\" \/>\n<script type=\"application\/ld+json\" class=\"yoast-schema-graph\">{\"@context\":\"https:\\\/\\\/schema.org\",\"@graph\":[{\"@type\":\"WebPage\",\"@id\":\"https:\\\/\\\/tibladin.dk\\\/produkt\\\/pudebetraek-med-uld-og-laedermoenster-sort-hvid\\\/\",\"url\":\"https:\\\/\\\/tibladin.dk\\\/produkt\\\/pudebetraek-med-uld-og-laedermoenster-sort-hvid\\\/\",\"name\":\"Fine pudebetr\u00e6k lavet i berbisk t\u00e6ppe Kiria | Tibladin\",\"isPartOf\":{\"@id\":\"https:\\\/\\\/tibladin.dk\\\/#website\"},\"primaryImageOfPage\":{\"@id\":\"https:\\\/\\\/tibladin.dk\\\/produkt\\\/pudebetraek-med-uld-og-laedermoenster-sort-hvid\\\/#primaryimage\"},\"image\":{\"@id\":\"https:\\\/\\\/tibladin.dk\\\/produkt\\\/pudebetraek-med-uld-og-laedermoenster-sort-hvid\\\/#primaryimage\"},\"thumbnailUrl\":\"https:\\\/\\\/tibladin.dk\\\/wp-content\\\/uploads\\\/2022\\\/09\\\/1011-0540003-1.jpg\",\"datePublished\":\"2022-09-20T09:07:41+00:00\",\"dateModified\":\"2025-12-07T19:56:53+00:00\",\"description\":\"Berbisk t\u00e6ppe pudebetr\u00e6k til din sofa i dejlige nuancer. Passer til 40X40 puder, alt efter hvor fyldig du \u00f8nsker din pude.\",\"breadcrumb\":{\"@id\":\"https:\\\/\\\/tibladin.dk\\\/produkt\\\/pudebetraek-med-uld-og-laedermoenster-sort-hvid\\\/#breadcrumb\"},\"inLanguage\":\"sv-SE\",\"potentialAction\":[{\"@type\":\"ReadAction\",\"target\":[\"https:\\\/\\\/tibladin.dk\\\/produkt\\\/pudebetraek-med-uld-og-laedermoenster-sort-hvid\\\/\"]}]},{\"@type\":\"ImageObject\",\"inLanguage\":\"sv-SE\",\"@id\":\"https:\\\/\\\/tibladin.dk\\\/produkt\\\/pudebetraek-med-uld-og-laedermoenster-sort-hvid\\\/#primaryimage\",\"url\":\"https:\\\/\\\/tibladin.dk\\\/wp-content\\\/uploads\\\/2022\\\/09\\\/1011-0540003-1.jpg\",\"contentUrl\":\"https:\\\/\\\/tibladin.dk\\\/wp-content\\\/uploads\\\/2022\\\/09\\\/1011-0540003-1.jpg\",\"width\":800,\"height\":850,\"caption\":\"Marokkansk h\u00e5ndlavet pudebetr\u00e6k i hvid og sort med hvide ulddetaljer\"},{\"@type\":\"BreadcrumbList\",\"@id\":\"https:\\\/\\\/tibladin.dk\\\/produkt\\\/pudebetraek-med-uld-og-laedermoenster-sort-hvid\\\/#breadcrumb\",\"itemListElement\":[{\"@type\":\"ListItem\",\"position\":1,\"name\":\"Hjem\",\"item\":\"https:\\\/\\\/tibladin.dk\\\/\"},{\"@type\":\"ListItem\",\"position\":2,\"name\":\"Shop\",\"item\":\"https:\\\/\\\/tibladin.dk\\\/shop\\\/\"},{\"@type\":\"ListItem\",\"position\":3,\"name\":\"Pudebetr\u00e6k med uld og l\u00e6derm\u00f8nster (sort\\\/hvid)\"}]},{\"@type\":\"WebSite\",\"@id\":\"https:\\\/\\\/tibladin.dk\\\/#website\",\"url\":\"https:\\\/\\\/tibladin.dk\\\/\",\"name\":\"Tibladin\",\"description\":\"Tibladin\",\"publisher\":{\"@id\":\"https:\\\/\\\/tibladin.dk\\\/#organization\"},\"potentialAction\":[{\"@type\":\"SearchAction\",\"target\":{\"@type\":\"EntryPoint\",\"urlTemplate\":\"https:\\\/\\\/tibladin.dk\\\/?s={search_term_string}\"},\"query-input\":{\"@type\":\"PropertyValueSpecification\",\"valueRequired\":true,\"valueName\":\"search_term_string\"}}],\"inLanguage\":\"sv-SE\"},{\"@type\":\"Organization\",\"@id\":\"https:\\\/\\\/tibladin.dk\\\/#organization\",\"name\":\"Tibladin\",\"url\":\"https:\\\/\\\/tibladin.dk\\\/\",\"logo\":{\"@type\":\"ImageObject\",\"inLanguage\":\"sv-SE\",\"@id\":\"https:\\\/\\\/tibladin.dk\\\/#\\\/schema\\\/logo\\\/image\\\/\",\"url\":\"https:\\\/\\\/tibladin.dk\\\/wp-content\\\/uploads\\\/2022\\\/09\\\/tibladin_logo.svg\",\"contentUrl\":\"https:\\\/\\\/tibladin.dk\\\/wp-content\\\/uploads\\\/2022\\\/09\\\/tibladin_logo.svg\",\"caption\":\"Tibladin\"},\"image\":{\"@id\":\"https:\\\/\\\/tibladin.dk\\\/#\\\/schema\\\/logo\\\/image\\\/\"}}]}<\/script>\n<!-- \/ Yoast SEO plugin. -->","yoast_head_json":{"title":"Fina kuddfodral gjorda i berbermatta Kiria | Tibladin","description":"Berbermatta kuddfodral till din soffa i h\u00e4rliga nyanser. Passar 40X40 kuddar, beroende p\u00e5 hur full du vill ha din kudde.","robots":{"index":"index","follow":"follow","max-snippet":"max-snippet:-1","max-image-preview":"max-image-preview:large","max-video-preview":"max-video-preview:-1"},"canonical":"https:\/\/tibladin.dk\/sv\/produkt\/kuddfodral-med-ull-och-ladermonster-svart-och-vitt\/","og_locale":"sv_SE","og_type":"article","og_title":"Fine pudebetr\u00e6k lavet i berbisk t\u00e6ppe Kiria | Tibladin","og_description":"Berbisk t\u00e6ppe pudebetr\u00e6k til din sofa i dejlige nuancer. Passer til 40X40 puder, alt efter hvor fyldig du \u00f8nsker din pude.","og_url":"https:\/\/tibladin.dk\/sv\/produkt\/kuddfodral-med-ull-och-ladermonster-svart-och-vitt\/","og_site_name":"Tibladin","article_modified_time":"2025-12-07T19:56:53+00:00","og_image":[{"width":800,"height":850,"url":"https:\/\/tibladin.dk\/wp-content\/uploads\/2022\/09\/1011-0540003-1.jpg","type":"image\/jpeg"}],"twitter_card":"summary_large_image","twitter_misc":{"Ber\u00e4knad l\u00e4stid":"1 minut"},"schema":{"@context":"https:\/\/schema.org","@graph":[{"@type":"WebPage","@id":"https:\/\/tibladin.dk\/produkt\/pudebetraek-med-uld-og-laedermoenster-sort-hvid\/","url":"https:\/\/tibladin.dk\/produkt\/pudebetraek-med-uld-og-laedermoenster-sort-hvid\/","name":"Fina kuddfodral gjorda i berbermatta Kiria | Tibladin","isPartOf":{"@id":"https:\/\/tibladin.dk\/#website"},"primaryImageOfPage":{"@id":"https:\/\/tibladin.dk\/produkt\/pudebetraek-med-uld-og-laedermoenster-sort-hvid\/#primaryimage"},"image":{"@id":"https:\/\/tibladin.dk\/produkt\/pudebetraek-med-uld-og-laedermoenster-sort-hvid\/#primaryimage"},"thumbnailUrl":"https:\/\/tibladin.dk\/wp-content\/uploads\/2022\/09\/1011-0540003-1.jpg","datePublished":"2022-09-20T09:07:41+00:00","dateModified":"2025-12-07T19:56:53+00:00","description":"Berbermatta kuddfodral till din soffa i h\u00e4rliga nyanser. Passar 40X40 kuddar, beroende p\u00e5 hur full du vill ha din kudde.","breadcrumb":{"@id":"https:\/\/tibladin.dk\/produkt\/pudebetraek-med-uld-og-laedermoenster-sort-hvid\/#breadcrumb"},"inLanguage":"sv-SE","potentialAction":[{"@type":"ReadAction","target":["https:\/\/tibladin.dk\/produkt\/pudebetraek-med-uld-og-laedermoenster-sort-hvid\/"]}]},{"@type":"ImageObject","inLanguage":"sv-SE","@id":"https:\/\/tibladin.dk\/produkt\/pudebetraek-med-uld-og-laedermoenster-sort-hvid\/#primaryimage","url":"https:\/\/tibladin.dk\/wp-content\/uploads\/2022\/09\/1011-0540003-1.jpg","contentUrl":"https:\/\/tibladin.dk\/wp-content\/uploads\/2022\/09\/1011-0540003-1.jpg","width":800,"height":850,"caption":"Marokkansk h\u00e5ndlavet pudebetr\u00e6k i hvid og sort med hvide ulddetaljer"},{"@type":"BreadcrumbList","@id":"https:\/\/tibladin.dk\/produkt\/pudebetraek-med-uld-og-laedermoenster-sort-hvid\/#breadcrumb","itemListElement":[{"@type":"ListItem","position":1,"name":"Hjem","item":"https:\/\/tibladin.dk\/"},{"@type":"ListItem","position":2,"name":"Shop","item":"https:\/\/tibladin.dk\/shop\/"},{"@type":"ListItem","position":3,"name":"Pudebetr\u00e6k med uld og l\u00e6derm\u00f8nster (sort\/hvid)"}]},{"@type":"WebSite","@id":"https:\/\/tibladin.dk\/#website","url":"https:\/\/tibladin.dk\/","name":"Tibladin","description":"Tibladin","publisher":{"@id":"https:\/\/tibladin.dk\/#organization"},"potentialAction":[{"@type":"SearchAction","target":{"@type":"EntryPoint","urlTemplate":"https:\/\/tibladin.dk\/?s={search_term_string}"},"query-input":{"@type":"PropertyValueSpecification","valueRequired":true,"valueName":"search_term_string"}}],"inLanguage":"sv-SE"},{"@type":"Organization","@id":"https:\/\/tibladin.dk\/#organization","name":"Tibladin","url":"https:\/\/tibladin.dk\/","logo":{"@type":"ImageObject","inLanguage":"sv-SE","@id":"https:\/\/tibladin.dk\/#\/schema\/logo\/image\/","url":"https:\/\/tibladin.dk\/wp-content\/uploads\/2022\/09\/tibladin_logo.svg","contentUrl":"https:\/\/tibladin.dk\/wp-content\/uploads\/2022\/09\/tibladin_logo.svg","caption":"Tibladin"},"image":{"@id":"https:\/\/tibladin.dk\/#\/schema\/logo\/image\/"}}]}},"_links":{"self":[{"href":"https:\/\/tibladin.dk\/sv\/wp-json\/wp\/v2\/product\/1216","targetHints":{"allow":["GET"]}}],"collection":[{"href":"https:\/\/tibladin.dk\/sv\/wp-json\/wp\/v2\/product"}],"about":[{"href":"https:\/\/tibladin.dk\/sv\/wp-json\/wp\/v2\/types\/product"}],"wp:featuredmedia":[{"embeddable":true,"href":"https:\/\/tibladin.dk\/sv\/wp-json\/wp\/v2\/media\/1210"}],"wp:attachment":[{"href":"https:\/\/tibladin.dk\/sv\/wp-json\/wp\/v2\/media?parent=1216"}],"wp:term":[{"taxonomy":"product_brand","embeddable":true,"href":"https:\/\/tibladin.dk\/sv\/wp-json\/wp\/v2\/product_brand?post=1216"},{"taxonomy":"product_cat","embeddable":true,"href":"https:\/\/tibladin.dk\/sv\/wp-json\/wp\/v2\/product_cat?post=1216"},{"taxonomy":"product_tag","embeddable":true,"href":"https:\/\/tibladin.dk\/sv\/wp-json\/wp\/v2\/product_tag?post=1216"}],"curies":[{"name":"wp","href":"https:\/\/api.w.org\/{rel}","templated":true}]}}