{"id":12204,"date":"2024-04-09T09:13:31","date_gmt":"2024-04-09T07:13:31","guid":{"rendered":"https:\/\/tibladin.dk\/?post_type=product&#038;p=12204"},"modified":"2026-03-14T15:19:23","modified_gmt":"2026-03-14T14:19:23","slug":"doftljus-i-tamgroute-keramik-2","status":"publish","type":"product","link":"https:\/\/tibladin.dk\/sv\/produkt\/duftlys-i-tamegroute-keramik-potte\/","title":{"rendered":"Doftljus i Tamegroute keramikkruka"},"content":{"rendered":"<div class=\"wpb-content-wrapper\"><div class=\"vc_row wpb_row vc_row-fluid\"><div class=\"wpb_column vc_column_container vc_col-sm-4\"><div class=\"vc_column-inner\"><div class=\"wpb_wrapper\"><\/div><\/div><\/div><div class=\"wpb_column vc_column_container vc_col-sm-4\"><div class=\"vc_column-inner\"><div class=\"wpb_wrapper\"><h3 style=\"text-align: left\" class=\"vc_custom_heading vc_do_custom_heading\" >Underh\u00e5ll<\/h3>\n\t<div class=\"wpb_text_column wpb_content_element\" >\n\t\t<div class=\"wpb_wrapper\">\n\t\t\t<p>Damma av med en dammduk. Kan anv\u00e4ndas som blomkrukg\u00f6mma n\u00e4r ljuset \u00e4r f\u00f6rbrukat.<\/p>\n\n\t\t<\/div>\n\t<\/div>\n<\/div><\/div><\/div><div class=\"wpb_column vc_column_container vc_col-sm-4\"><div class=\"vc_column-inner\"><div class=\"wpb_wrapper\"><h3 style=\"text-align: left\" class=\"vc_custom_heading vc_do_custom_heading\" >Historien bakom<\/h3>\n\t<div class=\"wpb_text_column wpb_content_element\" >\n\t\t<div class=\"wpb_wrapper\">\n\t\t\t<p>Tamegroute-keramik \u00e4r ett traditionellt s\u00e4tt att tillverka keramik som kommer fr\u00e5n marockanska folk i Zagora-regionen. S\u00e4ttet p\u00e5 vilket den \u00e4r tillverkad, och den unika gr\u00f6na f\u00e4rgen, \u00e4r det som k\u00e4nnetecknar keramiken b\u00e4st. P\u00e5 grund av hur den \u00e4r tillverkad har keramiken en mycket taktil yta. Samtidigt som den \u00e4r handgjord kan det \u00e4ven f\u00f6rekomma olika sm\u00e5 variationer i storlekar, f\u00e4rger och bel\u00e4ggning, samt brister i keramiken. Det \u00e4r en del av charmen att det \u00e4r unikt, och det ger keramiken mer karakt\u00e4r.<\/p>\n\n\t\t<\/div>\n\t<\/div>\n<\/div><\/div><\/div><\/div>\n<\/div>","protected":false},"excerpt":{"rendered":"<p>Ta in Marockos doft och mystik i ditt hem med dessa vackra doftljus i en vacker kruka i den rustika Tamegroute-keramiken.<\/p>\n<p>Ljuset finns i tre dofter: Apelsinblomma, Fikon och Te.<\/p>\n<p>Orange Blossom: Doften tar dig ner p\u00e5 Marrakechs gator en solig v\u00e5rdag och ger dig en varm, solig kyss. Apelsinblomma \u00e4r en s\u00f6t, fr\u00e4sch och sensuell doft som ger dig massor av v\u00e4lbefinnande.<\/p>\n<p>Fikonet: En middagslur i skuggan av ett fikontr\u00e4d i Marocko. En blandning av doften av f\u00e4rska blad och s\u00f6ta frukter. En varm somrig doft.<\/p>\n<p>Te: Som en lugn stund med en varm kopp te i handen. Rent, lugnande och fr\u00e4scht \u2013 med doften av lugn och l\u00e4tthet.<\/p>\n<p>Anv\u00e4nd den vackra Tamegroute-krukan som blomkruka n\u00e4r du har br\u00e4nt alla ljus.<\/p>","protected":false},"featured_media":41358,"template":"","meta":{"inline_featured_image":false},"product_brand":[],"product_cat":[27,35,138],"product_tag":[],"class_list":{"0":"post-12204","1":"product","2":"type-product","3":"status-publish","4":"has-post-thumbnail","6":"product_cat-diverse","7":"product_cat-gaven-til-hende","8":"product_cat-tamegroute-keramik","10":"first","11":"instock","12":"taxable","13":"shipping-taxable","14":"purchasable","15":"product-type-variable"},"exclude_global_add_ons":false,"addons":[{"name":"Vill du ha presentinslagning?","type":"checkbox","position":0,"required":false,"title_format":"label","default":"","description_enable":false,"description":"","placeholder_enable":false,"placeholder":"","display":"images","restrictions_type":"any_text","adjust_price":false,"price":"","price_type":"flat_fee","restrictions":false,"min":"0","max":"0","options":[{"label":"Ja tak","price":"10","price_type":"flat_fee","image":11015,"visibility":true}],"id":1669646111}],"yoast_head":"<!-- This site is optimized with the Yoast SEO plugin v27.4 - https:\/\/yoast.com\/product\/yoast-seo-wordpress\/ -->\n<title>Duftlys i Tamegroute keramik potte<\/title>\n<meta name=\"description\" content=\"Bring den sk\u00f8nneste duft ind i dit hjem med dette l\u00e6kre duft lys med orangeblomst, figen eller the duft - en sand duft af Marokko.\" \/>\n<meta name=\"robots\" content=\"index, follow, max-snippet:-1, max-image-preview:large, max-video-preview:-1\" \/>\n<link rel=\"canonical\" href=\"https:\/\/tibladin.dk\/sv\/produkt\/doftljus-i-tamgroute-keramik-2\/\" \/>\n<meta property=\"og:locale\" content=\"sv_SE\" \/>\n<meta property=\"og:type\" content=\"article\" \/>\n<meta property=\"og:title\" content=\"Duftlys i Tamegroute keramik potte\" \/>\n<meta property=\"og:description\" content=\"Bring den sk\u00f8nneste duft ind i dit hjem med dette l\u00e6kre duft lys med orangeblomst, figen eller the duft - en sand duft af Marokko.\" \/>\n<meta property=\"og:url\" content=\"https:\/\/tibladin.dk\/sv\/produkt\/doftljus-i-tamgroute-keramik-2\/\" \/>\n<meta property=\"og:site_name\" content=\"Tibladin\" \/>\n<meta property=\"article:modified_time\" content=\"2026-03-14T14:19:23+00:00\" \/>\n<meta property=\"og:image\" content=\"https:\/\/tibladin.dk\/wp-content\/uploads\/2025\/10\/duftlys_1.jpg\" \/>\n\t<meta property=\"og:image:width\" content=\"800\" \/>\n\t<meta property=\"og:image:height\" content=\"800\" \/>\n\t<meta property=\"og:image:type\" content=\"image\/jpeg\" \/>\n<meta name=\"twitter:card\" content=\"summary_large_image\" \/>\n<meta name=\"twitter:label1\" content=\"Ber\u00e4knad l\u00e4stid\" \/>\n\t<meta name=\"twitter:data1\" content=\"2 minuter\" \/>\n<script type=\"application\/ld+json\" class=\"yoast-schema-graph\">{\"@context\":\"https:\\\/\\\/schema.org\",\"@graph\":[{\"@type\":\"WebPage\",\"@id\":\"https:\\\/\\\/tibladin.dk\\\/produkt\\\/duftlys-i-tamegroute-keramik-potte\\\/\",\"url\":\"https:\\\/\\\/tibladin.dk\\\/produkt\\\/duftlys-i-tamegroute-keramik-potte\\\/\",\"name\":\"Duftlys i Tamegroute keramik potte\",\"isPartOf\":{\"@id\":\"https:\\\/\\\/tibladin.dk\\\/#website\"},\"primaryImageOfPage\":{\"@id\":\"https:\\\/\\\/tibladin.dk\\\/produkt\\\/duftlys-i-tamegroute-keramik-potte\\\/#primaryimage\"},\"image\":{\"@id\":\"https:\\\/\\\/tibladin.dk\\\/produkt\\\/duftlys-i-tamegroute-keramik-potte\\\/#primaryimage\"},\"thumbnailUrl\":\"https:\\\/\\\/tibladin.dk\\\/wp-content\\\/uploads\\\/2025\\\/10\\\/duftlys_1.jpg\",\"datePublished\":\"2024-04-09T07:13:31+00:00\",\"dateModified\":\"2026-03-14T14:19:23+00:00\",\"description\":\"Bring den sk\u00f8nneste duft ind i dit hjem med dette l\u00e6kre duft lys med orangeblomst, figen eller the duft - en sand duft af Marokko.\",\"breadcrumb\":{\"@id\":\"https:\\\/\\\/tibladin.dk\\\/produkt\\\/duftlys-i-tamegroute-keramik-potte\\\/#breadcrumb\"},\"inLanguage\":\"sv-SE\",\"potentialAction\":[{\"@type\":\"ReadAction\",\"target\":[\"https:\\\/\\\/tibladin.dk\\\/produkt\\\/duftlys-i-tamegroute-keramik-potte\\\/\"]}]},{\"@type\":\"ImageObject\",\"inLanguage\":\"sv-SE\",\"@id\":\"https:\\\/\\\/tibladin.dk\\\/produkt\\\/duftlys-i-tamegroute-keramik-potte\\\/#primaryimage\",\"url\":\"https:\\\/\\\/tibladin.dk\\\/wp-content\\\/uploads\\\/2025\\\/10\\\/duftlys_1.jpg\",\"contentUrl\":\"https:\\\/\\\/tibladin.dk\\\/wp-content\\\/uploads\\\/2025\\\/10\\\/duftlys_1.jpg\",\"width\":800,\"height\":800,\"caption\":\"duftlys_1\"},{\"@type\":\"BreadcrumbList\",\"@id\":\"https:\\\/\\\/tibladin.dk\\\/produkt\\\/duftlys-i-tamegroute-keramik-potte\\\/#breadcrumb\",\"itemListElement\":[{\"@type\":\"ListItem\",\"position\":1,\"name\":\"Hjem\",\"item\":\"https:\\\/\\\/tibladin.dk\\\/\"},{\"@type\":\"ListItem\",\"position\":2,\"name\":\"Shop\",\"item\":\"https:\\\/\\\/tibladin.dk\\\/shop\\\/\"},{\"@type\":\"ListItem\",\"position\":3,\"name\":\"Duftlys i Tamegroute keramik potte\"}]},{\"@type\":\"WebSite\",\"@id\":\"https:\\\/\\\/tibladin.dk\\\/#website\",\"url\":\"https:\\\/\\\/tibladin.dk\\\/\",\"name\":\"Tibladin\",\"description\":\"Tibladin\",\"publisher\":{\"@id\":\"https:\\\/\\\/tibladin.dk\\\/#organization\"},\"potentialAction\":[{\"@type\":\"SearchAction\",\"target\":{\"@type\":\"EntryPoint\",\"urlTemplate\":\"https:\\\/\\\/tibladin.dk\\\/?s={search_term_string}\"},\"query-input\":{\"@type\":\"PropertyValueSpecification\",\"valueRequired\":true,\"valueName\":\"search_term_string\"}}],\"inLanguage\":\"sv-SE\"},{\"@type\":\"Organization\",\"@id\":\"https:\\\/\\\/tibladin.dk\\\/#organization\",\"name\":\"Tibladin\",\"url\":\"https:\\\/\\\/tibladin.dk\\\/\",\"logo\":{\"@type\":\"ImageObject\",\"inLanguage\":\"sv-SE\",\"@id\":\"https:\\\/\\\/tibladin.dk\\\/#\\\/schema\\\/logo\\\/image\\\/\",\"url\":\"https:\\\/\\\/tibladin.dk\\\/wp-content\\\/uploads\\\/2022\\\/09\\\/tibladin_logo.svg\",\"contentUrl\":\"https:\\\/\\\/tibladin.dk\\\/wp-content\\\/uploads\\\/2022\\\/09\\\/tibladin_logo.svg\",\"caption\":\"Tibladin\"},\"image\":{\"@id\":\"https:\\\/\\\/tibladin.dk\\\/#\\\/schema\\\/logo\\\/image\\\/\"}}]}<\/script>\n<!-- \/ Yoast SEO plugin. -->","yoast_head_json":{"title":"Doftljus i Tamegroute keramikkruka","description":"F\u00e5 in den vackraste doften i ditt hem med detta l\u00e4ckra doftljus med apelsinblomma, fikon eller tedoft \u2013 en sann doft fr\u00e5n Marocko.","robots":{"index":"index","follow":"follow","max-snippet":"max-snippet:-1","max-image-preview":"max-image-preview:large","max-video-preview":"max-video-preview:-1"},"canonical":"https:\/\/tibladin.dk\/sv\/produkt\/doftljus-i-tamgroute-keramik-2\/","og_locale":"sv_SE","og_type":"article","og_title":"Duftlys i Tamegroute keramik potte","og_description":"Bring den sk\u00f8nneste duft ind i dit hjem med dette l\u00e6kre duft lys med orangeblomst, figen eller the duft - en sand duft af Marokko.","og_url":"https:\/\/tibladin.dk\/sv\/produkt\/doftljus-i-tamgroute-keramik-2\/","og_site_name":"Tibladin","article_modified_time":"2026-03-14T14:19:23+00:00","og_image":[{"width":800,"height":800,"url":"https:\/\/tibladin.dk\/wp-content\/uploads\/2025\/10\/duftlys_1.jpg","type":"image\/jpeg"}],"twitter_card":"summary_large_image","twitter_misc":{"Ber\u00e4knad l\u00e4stid":"2 minuter"},"schema":{"@context":"https:\/\/schema.org","@graph":[{"@type":"WebPage","@id":"https:\/\/tibladin.dk\/produkt\/duftlys-i-tamegroute-keramik-potte\/","url":"https:\/\/tibladin.dk\/produkt\/duftlys-i-tamegroute-keramik-potte\/","name":"Doftljus i Tamegroute keramikkruka","isPartOf":{"@id":"https:\/\/tibladin.dk\/#website"},"primaryImageOfPage":{"@id":"https:\/\/tibladin.dk\/produkt\/duftlys-i-tamegroute-keramik-potte\/#primaryimage"},"image":{"@id":"https:\/\/tibladin.dk\/produkt\/duftlys-i-tamegroute-keramik-potte\/#primaryimage"},"thumbnailUrl":"https:\/\/tibladin.dk\/wp-content\/uploads\/2025\/10\/duftlys_1.jpg","datePublished":"2024-04-09T07:13:31+00:00","dateModified":"2026-03-14T14:19:23+00:00","description":"F\u00e5 in den vackraste doften i ditt hem med detta l\u00e4ckra doftljus med apelsinblomma, fikon eller tedoft \u2013 en sann doft fr\u00e5n Marocko.","breadcrumb":{"@id":"https:\/\/tibladin.dk\/produkt\/duftlys-i-tamegroute-keramik-potte\/#breadcrumb"},"inLanguage":"sv-SE","potentialAction":[{"@type":"ReadAction","target":["https:\/\/tibladin.dk\/produkt\/duftlys-i-tamegroute-keramik-potte\/"]}]},{"@type":"ImageObject","inLanguage":"sv-SE","@id":"https:\/\/tibladin.dk\/produkt\/duftlys-i-tamegroute-keramik-potte\/#primaryimage","url":"https:\/\/tibladin.dk\/wp-content\/uploads\/2025\/10\/duftlys_1.jpg","contentUrl":"https:\/\/tibladin.dk\/wp-content\/uploads\/2025\/10\/duftlys_1.jpg","width":800,"height":800,"caption":"duftlys_1"},{"@type":"BreadcrumbList","@id":"https:\/\/tibladin.dk\/produkt\/duftlys-i-tamegroute-keramik-potte\/#breadcrumb","itemListElement":[{"@type":"ListItem","position":1,"name":"Hjem","item":"https:\/\/tibladin.dk\/"},{"@type":"ListItem","position":2,"name":"Shop","item":"https:\/\/tibladin.dk\/shop\/"},{"@type":"ListItem","position":3,"name":"Duftlys i Tamegroute keramik potte"}]},{"@type":"WebSite","@id":"https:\/\/tibladin.dk\/#website","url":"https:\/\/tibladin.dk\/","name":"Tibladin","description":"Tibladin","publisher":{"@id":"https:\/\/tibladin.dk\/#organization"},"potentialAction":[{"@type":"SearchAction","target":{"@type":"EntryPoint","urlTemplate":"https:\/\/tibladin.dk\/?s={search_term_string}"},"query-input":{"@type":"PropertyValueSpecification","valueRequired":true,"valueName":"search_term_string"}}],"inLanguage":"sv-SE"},{"@type":"Organization","@id":"https:\/\/tibladin.dk\/#organization","name":"Tibladin","url":"https:\/\/tibladin.dk\/","logo":{"@type":"ImageObject","inLanguage":"sv-SE","@id":"https:\/\/tibladin.dk\/#\/schema\/logo\/image\/","url":"https:\/\/tibladin.dk\/wp-content\/uploads\/2022\/09\/tibladin_logo.svg","contentUrl":"https:\/\/tibladin.dk\/wp-content\/uploads\/2022\/09\/tibladin_logo.svg","caption":"Tibladin"},"image":{"@id":"https:\/\/tibladin.dk\/#\/schema\/logo\/image\/"}}]}},"_links":{"self":[{"href":"https:\/\/tibladin.dk\/sv\/wp-json\/wp\/v2\/product\/12204","targetHints":{"allow":["GET"]}}],"collection":[{"href":"https:\/\/tibladin.dk\/sv\/wp-json\/wp\/v2\/product"}],"about":[{"href":"https:\/\/tibladin.dk\/sv\/wp-json\/wp\/v2\/types\/product"}],"wp:featuredmedia":[{"embeddable":true,"href":"https:\/\/tibladin.dk\/sv\/wp-json\/wp\/v2\/media\/41358"}],"wp:attachment":[{"href":"https:\/\/tibladin.dk\/sv\/wp-json\/wp\/v2\/media?parent=12204"}],"wp:term":[{"taxonomy":"product_brand","embeddable":true,"href":"https:\/\/tibladin.dk\/sv\/wp-json\/wp\/v2\/product_brand?post=12204"},{"taxonomy":"product_cat","embeddable":true,"href":"https:\/\/tibladin.dk\/sv\/wp-json\/wp\/v2\/product_cat?post=12204"},{"taxonomy":"product_tag","embeddable":true,"href":"https:\/\/tibladin.dk\/sv\/wp-json\/wp\/v2\/product_tag?post=12204"}],"curies":[{"name":"wp","href":"https:\/\/api.w.org\/{rel}","templated":true}]}}