{"id":1260,"date":"2022-09-20T11:07:59","date_gmt":"2022-09-20T09:07:59","guid":{"rendered":"https:\/\/tibladin.dk\/?post_type=product&#038;p=1260"},"modified":"2026-04-18T12:35:29","modified_gmt":"2026-04-18T10:35:29","slug":"cappuccinokopp-tre-olika-monster","status":"publish","type":"product","link":"https:\/\/tibladin.dk\/sv\/produkt\/cappuccino-kop-tre-forskellige-moenstre\/","title":{"rendered":"Cappuccinokopp \u2013 tre olika m\u00f6nster"},"content":{"rendered":"<div class=\"wpb-content-wrapper\"><div class=\"vc_row wpb_row vc_row-fluid\"><div class=\"wpb_column vc_column_container vc_col-sm-4\"><div class=\"vc_column-inner\"><div class=\"wpb_wrapper\">\n\t<div class=\"wpb_video_widget wpb_content_element vc_clearfix   vc_video-aspect-ratio-43 vc_video-el-width-100 vc_video-align-left\" >\n\t\t<div class=\"wpb_wrapper\">\n\t\t\t\n\t\t\t<div class=\"wpb_video_wrapper\"><div class=\"video-container\"><iframe loading=\"lazy\" title=\"Tibladin_produktion stengods\" src=\"https:\/\/player.vimeo.com\/video\/415400643?dnt=1&amp;app_id=122963\" width=\"310\" height=\"310\" frameborder=\"0\" allow=\"autoplay; fullscreen; picture-in-picture\"><\/iframe><\/div><\/div>\n\t\t<\/div>\n\t<\/div>\n<\/div><\/div><\/div><div class=\"wpb_column vc_column_container vc_col-sm-4\"><div class=\"vc_column-inner\"><div class=\"wpb_wrapper\"><h3 style=\"text-align: left\" class=\"vc_custom_heading vc_do_custom_heading\" >Underh\u00e5ll<\/h3>\n\t<div class=\"wpb_text_column wpb_content_element\" >\n\t\t<div class=\"wpb_wrapper\">\n\t\t\t<p>Kan tv\u00e4ttas med milt tv\u00e5lvatten - kan \u00e4ven g\u00e5 i diskmaskin.<\/p>\n<p>Beldi-muggar \u00e4r handgjorda och det kan finnas variationer p\u00e5 muggarna b\u00e5de i f\u00e4rg och form.<\/p>\n\n\t\t<\/div>\n\t<\/div>\n<\/div><\/div><\/div><div class=\"wpb_column vc_column_container vc_col-sm-4\"><div class=\"vc_column-inner\"><div class=\"wpb_wrapper\"><h3 style=\"text-align: left\" class=\"vc_custom_heading vc_do_custom_heading\" >Historien bakom<\/h3>\n\t<div class=\"wpb_text_column wpb_content_element\" >\n\t\t<div class=\"wpb_wrapper\">\n\t\t\t<p>En snygg dukning med unika, vackra saker kan vara ett bra samtals\u00e4mne med dina g\u00e4ster. Mitt samarbete med denna tillverkare av stengods \u00e4r helt extraordin\u00e4rt. H\u00e4r har de specialiserat sig p\u00e5 att g\u00f6ra tidl\u00f6st stengods med en liten touch av Marocko, precis som jag \u00e4lskar det. Det kallas \u00e4ven Marrakech-porslin. De levererar \u00f6ver hela v\u00e4rlden och till alla st\u00f6rre hotell, restauranger och butiker. Stengodset br\u00e4nns i \u00f6ver 1200 grader vilket g\u00f6r det mycket h\u00e5llbart. Allt du ser under stengods p\u00e5 denna sida \u00e4r godk\u00e4nt att g\u00e5 i ugn, mikrov\u00e5gsugn och diskmaskin och som konsument \u00e4r du s\u00e4ker p\u00e5 att allt \u00e4r godk\u00e4nt enligt internationella standarder och Prob65 California, vilket indikerar att det \u00e4r giftfria material och glasyr \u2013 godk\u00e4nd f\u00f6r att kunna \u00e4ta och dricka av den.<\/p>\n\n\t\t<\/div>\n\t<\/div>\n<\/div><\/div><\/div><\/div>\n<\/div>","protected":false},"excerpt":{"rendered":"<p>Marockanskt stengods. <span class=\"s1\">Cappuccinokoppar i vitt med svart streck. Finns med tre olika m\u00f6nster: Etnisk chic, Dot och Zig zag. Inuti \u00e4r kopparna glaserade med en vacker mockaf\u00e4rg.\u00a0<\/span><\/p>\n<p>T\u00e5l ugn, mikrov\u00e5gsugn och diskmaskin.<\/p>\n<p>Blanda mellan Cappuccinokoppar och Beldi-muggar.<\/p>","protected":false},"featured_media":1308,"template":"","meta":{"inline_featured_image":false},"product_brand":[],"product_cat":[33,35,43,44,32],"product_tag":[],"class_list":{"0":"post-1260","1":"product","2":"type-product","3":"status-publish","4":"has-post-thumbnail","6":"product_cat-borddaekning","7":"product_cat-gaven-til-hende","8":"product_cat-stentoej","9":"product_cat-stentoejskrus","10":"product_cat-tilbud","12":"first","13":"instock","14":"taxable","15":"shipping-taxable","16":"purchasable","17":"product-type-variable"},"exclude_global_add_ons":false,"addons":[{"name":"Vill du ha presentinslagning?","type":"checkbox","position":0,"required":false,"title_format":"label","default":"","description_enable":false,"description":"","placeholder_enable":false,"placeholder":"","display":"images","restrictions_type":"any_text","adjust_price":false,"price":"","price_type":"flat_fee","restrictions":false,"min":"0","max":"0","options":[{"label":"Ja tak","price":"10","price_type":"flat_fee","image":11015,"visibility":true}],"id":1669646111}],"yoast_head":"<!-- This site is optimized with the Yoast SEO plugin v27.5 - https:\/\/yoast.com\/product\/yoast-seo-wordpress\/ -->\n<title>Cappuccino kopper i stent\u00f8j | Forskellige m\u00f8nstre | Tibladin<\/title>\n<meta name=\"description\" content=\"Smukke cappuccino kopper f\u00e5es i tre forskellige m\u00f8nstre: ethnic chic, dot og zig zag. Kan t\u00e5le ovn, mikroovn og opvaskemaskine.\" \/>\n<meta name=\"robots\" content=\"index, follow, max-snippet:-1, max-image-preview:large, max-video-preview:-1\" \/>\n<link rel=\"canonical\" href=\"https:\/\/tibladin.dk\/sv\/produkt\/cappuccinokopp-tre-olika-monster\/\" \/>\n<meta property=\"og:locale\" content=\"sv_SE\" \/>\n<meta property=\"og:type\" content=\"article\" \/>\n<meta property=\"og:title\" content=\"Cappuccino kopper i stent\u00f8j | Forskellige m\u00f8nstre | Tibladin\" \/>\n<meta property=\"og:description\" content=\"Smukke cappuccino kopper f\u00e5es i tre forskellige m\u00f8nstre: ethnic chic, dot og zig zag. Kan t\u00e5le ovn, mikroovn og opvaskemaskine.\" \/>\n<meta property=\"og:url\" content=\"https:\/\/tibladin.dk\/sv\/produkt\/cappuccinokopp-tre-olika-monster\/\" \/>\n<meta property=\"og:site_name\" content=\"Tibladin\" \/>\n<meta property=\"article:modified_time\" content=\"2026-04-18T10:35:29+00:00\" \/>\n<meta property=\"og:image\" content=\"https:\/\/tibladin.dk\/wp-content\/uploads\/2022\/09\/Tibladin_marokkanske-cappuccino_kop_dot-1.jpg\" \/>\n\t<meta property=\"og:image:width\" content=\"800\" \/>\n\t<meta property=\"og:image:height\" content=\"800\" \/>\n\t<meta property=\"og:image:type\" content=\"image\/jpeg\" \/>\n<meta name=\"twitter:card\" content=\"summary_large_image\" \/>\n<meta name=\"twitter:label1\" content=\"Ber\u00e4knad l\u00e4stid\" \/>\n\t<meta name=\"twitter:data1\" content=\"2 minuter\" \/>\n<script type=\"application\/ld+json\" class=\"yoast-schema-graph\">{\"@context\":\"https:\\\/\\\/schema.org\",\"@graph\":[{\"@type\":\"WebPage\",\"@id\":\"https:\\\/\\\/tibladin.dk\\\/produkt\\\/cappuccino-kop-tre-forskellige-moenstre\\\/\",\"url\":\"https:\\\/\\\/tibladin.dk\\\/produkt\\\/cappuccino-kop-tre-forskellige-moenstre\\\/\",\"name\":\"Cappuccino kopper i stent\u00f8j | Forskellige m\u00f8nstre | Tibladin\",\"isPartOf\":{\"@id\":\"https:\\\/\\\/tibladin.dk\\\/#website\"},\"primaryImageOfPage\":{\"@id\":\"https:\\\/\\\/tibladin.dk\\\/produkt\\\/cappuccino-kop-tre-forskellige-moenstre\\\/#primaryimage\"},\"image\":{\"@id\":\"https:\\\/\\\/tibladin.dk\\\/produkt\\\/cappuccino-kop-tre-forskellige-moenstre\\\/#primaryimage\"},\"thumbnailUrl\":\"https:\\\/\\\/tibladin.dk\\\/wp-content\\\/uploads\\\/2022\\\/09\\\/Tibladin_marokkanske-cappuccino_kop_dot-1.jpg\",\"datePublished\":\"2022-09-20T09:07:59+00:00\",\"dateModified\":\"2026-04-18T10:35:29+00:00\",\"description\":\"Smukke cappuccino kopper f\u00e5es i tre forskellige m\u00f8nstre: ethnic chic, dot og zig zag. Kan t\u00e5le ovn, mikroovn og opvaskemaskine.\",\"breadcrumb\":{\"@id\":\"https:\\\/\\\/tibladin.dk\\\/produkt\\\/cappuccino-kop-tre-forskellige-moenstre\\\/#breadcrumb\"},\"inLanguage\":\"sv-SE\",\"potentialAction\":[{\"@type\":\"ReadAction\",\"target\":[\"https:\\\/\\\/tibladin.dk\\\/produkt\\\/cappuccino-kop-tre-forskellige-moenstre\\\/\"]}]},{\"@type\":\"ImageObject\",\"inLanguage\":\"sv-SE\",\"@id\":\"https:\\\/\\\/tibladin.dk\\\/produkt\\\/cappuccino-kop-tre-forskellige-moenstre\\\/#primaryimage\",\"url\":\"https:\\\/\\\/tibladin.dk\\\/wp-content\\\/uploads\\\/2022\\\/09\\\/Tibladin_marokkanske-cappuccino_kop_dot-1.jpg\",\"contentUrl\":\"https:\\\/\\\/tibladin.dk\\\/wp-content\\\/uploads\\\/2022\\\/09\\\/Tibladin_marokkanske-cappuccino_kop_dot-1.jpg\",\"width\":800,\"height\":800,\"caption\":\"Marokkansk h\u00e5ndlavet kop med i hvid med sort pletm\u00f8nster oven p\u00e5 Beni Ouarain t\u00e6ppe med slippers og pude ved siden af\"},{\"@type\":\"BreadcrumbList\",\"@id\":\"https:\\\/\\\/tibladin.dk\\\/produkt\\\/cappuccino-kop-tre-forskellige-moenstre\\\/#breadcrumb\",\"itemListElement\":[{\"@type\":\"ListItem\",\"position\":1,\"name\":\"Hjem\",\"item\":\"https:\\\/\\\/tibladin.dk\\\/\"},{\"@type\":\"ListItem\",\"position\":2,\"name\":\"Shop\",\"item\":\"https:\\\/\\\/tibladin.dk\\\/shop\\\/\"},{\"@type\":\"ListItem\",\"position\":3,\"name\":\"Cappuccino kop &#8211; tre forskellige m\u00f8nstre\"}]},{\"@type\":\"WebSite\",\"@id\":\"https:\\\/\\\/tibladin.dk\\\/#website\",\"url\":\"https:\\\/\\\/tibladin.dk\\\/\",\"name\":\"Tibladin\",\"description\":\"Tibladin\",\"publisher\":{\"@id\":\"https:\\\/\\\/tibladin.dk\\\/#organization\"},\"potentialAction\":[{\"@type\":\"SearchAction\",\"target\":{\"@type\":\"EntryPoint\",\"urlTemplate\":\"https:\\\/\\\/tibladin.dk\\\/?s={search_term_string}\"},\"query-input\":{\"@type\":\"PropertyValueSpecification\",\"valueRequired\":true,\"valueName\":\"search_term_string\"}}],\"inLanguage\":\"sv-SE\"},{\"@type\":\"Organization\",\"@id\":\"https:\\\/\\\/tibladin.dk\\\/#organization\",\"name\":\"Tibladin\",\"url\":\"https:\\\/\\\/tibladin.dk\\\/\",\"logo\":{\"@type\":\"ImageObject\",\"inLanguage\":\"sv-SE\",\"@id\":\"https:\\\/\\\/tibladin.dk\\\/#\\\/schema\\\/logo\\\/image\\\/\",\"url\":\"https:\\\/\\\/tibladin.dk\\\/wp-content\\\/uploads\\\/2022\\\/09\\\/tibladin_logo.svg\",\"contentUrl\":\"https:\\\/\\\/tibladin.dk\\\/wp-content\\\/uploads\\\/2022\\\/09\\\/tibladin_logo.svg\",\"caption\":\"Tibladin\"},\"image\":{\"@id\":\"https:\\\/\\\/tibladin.dk\\\/#\\\/schema\\\/logo\\\/image\\\/\"}}]}<\/script>\n<!-- \/ Yoast SEO plugin. -->","yoast_head_json":{"title":"Cappuccinokoppar i stengods | Olika m\u00f6nster | Tibladin","description":"Vackra cappuccinokoppar finns i tre olika m\u00f6nster: etnisk chic, prickig och sicksack. T\u00e5l ugn, mikrov\u00e5gsugn och diskmaskin.","robots":{"index":"index","follow":"follow","max-snippet":"max-snippet:-1","max-image-preview":"max-image-preview:large","max-video-preview":"max-video-preview:-1"},"canonical":"https:\/\/tibladin.dk\/sv\/produkt\/cappuccinokopp-tre-olika-monster\/","og_locale":"sv_SE","og_type":"article","og_title":"Cappuccino kopper i stent\u00f8j | Forskellige m\u00f8nstre | Tibladin","og_description":"Smukke cappuccino kopper f\u00e5es i tre forskellige m\u00f8nstre: ethnic chic, dot og zig zag. Kan t\u00e5le ovn, mikroovn og opvaskemaskine.","og_url":"https:\/\/tibladin.dk\/sv\/produkt\/cappuccinokopp-tre-olika-monster\/","og_site_name":"Tibladin","article_modified_time":"2026-04-18T10:35:29+00:00","og_image":[{"width":800,"height":800,"url":"https:\/\/tibladin.dk\/wp-content\/uploads\/2022\/09\/Tibladin_marokkanske-cappuccino_kop_dot-1.jpg","type":"image\/jpeg"}],"twitter_card":"summary_large_image","twitter_misc":{"Ber\u00e4knad l\u00e4stid":"2 minuter"},"schema":{"@context":"https:\/\/schema.org","@graph":[{"@type":"WebPage","@id":"https:\/\/tibladin.dk\/produkt\/cappuccino-kop-tre-forskellige-moenstre\/","url":"https:\/\/tibladin.dk\/produkt\/cappuccino-kop-tre-forskellige-moenstre\/","name":"Cappuccinokoppar i stengods | Olika m\u00f6nster | Tibladin","isPartOf":{"@id":"https:\/\/tibladin.dk\/#website"},"primaryImageOfPage":{"@id":"https:\/\/tibladin.dk\/produkt\/cappuccino-kop-tre-forskellige-moenstre\/#primaryimage"},"image":{"@id":"https:\/\/tibladin.dk\/produkt\/cappuccino-kop-tre-forskellige-moenstre\/#primaryimage"},"thumbnailUrl":"https:\/\/tibladin.dk\/wp-content\/uploads\/2022\/09\/Tibladin_marokkanske-cappuccino_kop_dot-1.jpg","datePublished":"2022-09-20T09:07:59+00:00","dateModified":"2026-04-18T10:35:29+00:00","description":"Vackra cappuccinokoppar finns i tre olika m\u00f6nster: etnisk chic, prickig och sicksack. T\u00e5l ugn, mikrov\u00e5gsugn och diskmaskin.","breadcrumb":{"@id":"https:\/\/tibladin.dk\/produkt\/cappuccino-kop-tre-forskellige-moenstre\/#breadcrumb"},"inLanguage":"sv-SE","potentialAction":[{"@type":"ReadAction","target":["https:\/\/tibladin.dk\/produkt\/cappuccino-kop-tre-forskellige-moenstre\/"]}]},{"@type":"ImageObject","inLanguage":"sv-SE","@id":"https:\/\/tibladin.dk\/produkt\/cappuccino-kop-tre-forskellige-moenstre\/#primaryimage","url":"https:\/\/tibladin.dk\/wp-content\/uploads\/2022\/09\/Tibladin_marokkanske-cappuccino_kop_dot-1.jpg","contentUrl":"https:\/\/tibladin.dk\/wp-content\/uploads\/2022\/09\/Tibladin_marokkanske-cappuccino_kop_dot-1.jpg","width":800,"height":800,"caption":"Marokkansk h\u00e5ndlavet kop med i hvid med sort pletm\u00f8nster oven p\u00e5 Beni Ouarain t\u00e6ppe med slippers og pude ved siden af"},{"@type":"BreadcrumbList","@id":"https:\/\/tibladin.dk\/produkt\/cappuccino-kop-tre-forskellige-moenstre\/#breadcrumb","itemListElement":[{"@type":"ListItem","position":1,"name":"Hjem","item":"https:\/\/tibladin.dk\/"},{"@type":"ListItem","position":2,"name":"Shop","item":"https:\/\/tibladin.dk\/shop\/"},{"@type":"ListItem","position":3,"name":"Cappuccino kop &#8211; tre forskellige m\u00f8nstre"}]},{"@type":"WebSite","@id":"https:\/\/tibladin.dk\/#website","url":"https:\/\/tibladin.dk\/","name":"Tibladin","description":"Tibladin","publisher":{"@id":"https:\/\/tibladin.dk\/#organization"},"potentialAction":[{"@type":"SearchAction","target":{"@type":"EntryPoint","urlTemplate":"https:\/\/tibladin.dk\/?s={search_term_string}"},"query-input":{"@type":"PropertyValueSpecification","valueRequired":true,"valueName":"search_term_string"}}],"inLanguage":"sv-SE"},{"@type":"Organization","@id":"https:\/\/tibladin.dk\/#organization","name":"Tibladin","url":"https:\/\/tibladin.dk\/","logo":{"@type":"ImageObject","inLanguage":"sv-SE","@id":"https:\/\/tibladin.dk\/#\/schema\/logo\/image\/","url":"https:\/\/tibladin.dk\/wp-content\/uploads\/2022\/09\/tibladin_logo.svg","contentUrl":"https:\/\/tibladin.dk\/wp-content\/uploads\/2022\/09\/tibladin_logo.svg","caption":"Tibladin"},"image":{"@id":"https:\/\/tibladin.dk\/#\/schema\/logo\/image\/"}}]}},"_links":{"self":[{"href":"https:\/\/tibladin.dk\/sv\/wp-json\/wp\/v2\/product\/1260","targetHints":{"allow":["GET"]}}],"collection":[{"href":"https:\/\/tibladin.dk\/sv\/wp-json\/wp\/v2\/product"}],"about":[{"href":"https:\/\/tibladin.dk\/sv\/wp-json\/wp\/v2\/types\/product"}],"wp:featuredmedia":[{"embeddable":true,"href":"https:\/\/tibladin.dk\/sv\/wp-json\/wp\/v2\/media\/1308"}],"wp:attachment":[{"href":"https:\/\/tibladin.dk\/sv\/wp-json\/wp\/v2\/media?parent=1260"}],"wp:term":[{"taxonomy":"product_brand","embeddable":true,"href":"https:\/\/tibladin.dk\/sv\/wp-json\/wp\/v2\/product_brand?post=1260"},{"taxonomy":"product_cat","embeddable":true,"href":"https:\/\/tibladin.dk\/sv\/wp-json\/wp\/v2\/product_cat?post=1260"},{"taxonomy":"product_tag","embeddable":true,"href":"https:\/\/tibladin.dk\/sv\/wp-json\/wp\/v2\/product_tag?post=1260"}],"curies":[{"name":"wp","href":"https:\/\/api.w.org\/{rel}","templated":true}]}}