{"id":1464,"date":"2025-06-14T11:09:23","date_gmt":"2025-06-14T09:09:23","guid":{"rendered":"https:\/\/tibladin.dk\/vare\/bog-din-guide-til-marrakech\/"},"modified":"2026-03-11T14:46:48","modified_gmt":"2026-03-11T13:46:48","slug":"boka-din-guide-till-marrakech","status":"publish","type":"product","link":"https:\/\/tibladin.dk\/sv\/produkt\/bog-din-guide-til-marrakech\/","title":{"rendered":"Bok: Din guide till Marrakech"},"content":{"rendered":"<div class=\"wpb-content-wrapper\"><div class=\"vc_row wpb_row vc_row-fluid\"><div class=\"wpb_column vc_column_container vc_col-sm-4\"><div class=\"vc_column-inner\"><div class=\"wpb_wrapper\"><\/div><\/div><\/div><div class=\"wpb_column vc_column_container vc_col-sm-4\"><div class=\"vc_column-inner\"><div class=\"wpb_wrapper\"><h3 style=\"text-align: left\" class=\"vc_custom_heading vc_do_custom_heading\" >Om f\u00f6rfattaren<\/h3>\n\t<div class=\"wpb_text_column wpb_content_element\" >\n\t\t<div class=\"wpb_wrapper\">\n\t\t\t<p>Maria Wittendorff \u00e4r exam.art. p\u00e5 arabiska och m\u00e5ng\u00e5rig f\u00f6rfattare och redakt\u00f6r f\u00f6r tidskrifter och b\u00f6cker. Hon har rest i Nordafrika i 30 \u00e5r och drivs av m\u00f6tet mellan kulturer, f\u00f6rst\u00e5elsen f\u00f6r historiens cirklar och nyfikenheten att utmana och ut\u00f6ka sin egen begreppsv\u00e4rld.<\/p>\n\n\t\t<\/div>\n\t<\/div>\n<\/div><\/div><\/div><div class=\"wpb_column vc_column_container vc_col-sm-4\"><div class=\"vc_column-inner\"><div class=\"wpb_wrapper\"><h3 style=\"text-align: left\" class=\"vc_custom_heading vc_do_custom_heading\" >Historien bakom<\/h3>\n\t<div class=\"wpb_text_column wpb_content_element\" >\n\t\t<div class=\"wpb_wrapper\">\n\t\t\t<p><span class=\"Apple-converted-space\">\u00a0<\/span>Marrakech \u00e4r ett av de mest popul\u00e4ra resm\u00e5len genom tiderna - varje dag p\u00e5 \u00e5ret anl\u00e4nder hundratals turister fr\u00e5n hela v\u00e4rlden till den &quot;r\u00f6da staden&quot; vid foten av Atlasbergen, och danskarna \u00e4r mer \u00e4n v\u00e4l representerade . Intresset f\u00f6r Marrakech har sett en enorm boom under de senaste 5 \u00e5ren och trenden ser ut att forts\u00e4tta.<span class=\"Apple-converted-space\">\u00a0<\/span><\/p>\n<p>Det \u00e4r inte s\u00e5 f\u00f6rv\u00e5nande, f\u00f6r denna stad har helt enkelt allt: otaliga historiska och kulturella sev\u00e4rdheter, en rik och f\u00f6rfinad matkultur, vackert utf\u00f6rt hantverk, sublima dekorativa detaljer och en alldeles speciell atmosf\u00e4r i stadens sm\u00e5, smala gator och gr\u00e4nder - bara f\u00f6r att n\u00e4mna n\u00e5got av det som kan upplevas h\u00e4r.<span class=\"Apple-converted-space\">\u00a0<\/span><\/p>\n<p>I november 2017 publicerades f\u00f6rfattarens f\u00f6rsta bok om Marrakech med stor framg\u00e5ng: Marrakech \u2013 smak, platser och atmosf\u00e4r. Efter att ha f\u00e5tt veta att m\u00e5nga resen\u00e4rer trots bokens storlek har tagit med den till Marrakech och anv\u00e4nt den som v\u00e4gledning, m\u00f6ter hon detta behov genom att skriva en ny utg\u00e5va i ett mer beh\u00e4ndigt format som g\u00f6r det l\u00e4ttare att b\u00e4ra resan. Samtidigt har det gett m\u00f6jlighet att ut\u00f6ka inneh\u00e5llet rej\u00e4lt, s\u00e5 att boken nu \u00e4r det n\u00e4rmaste man kan komma en komplett guide till Marrakech \u2013 personligt erfaren och levande ber\u00e4ttad. Den f\u00f6rsta i sitt slag p\u00e5 danska \u2013 och \u00e4ven p\u00e5 andra spr\u00e5k.<span class=\"Apple-converted-space\">\u00a0<\/span><\/p>\n<p>Bokens \u00e4mnen 225 sidor med massor av fakta och bra tips: Historia &amp; kultur \u2022 Sev\u00e4rdheter &amp; museer \u2022 Caf\u00e9er &amp; restauranger \u2022 Riader &amp; arkitektur \u2022 Parker \u2022 Kulturhus &amp; gallerier \u2022 Hamam \u2022 Hantverk &amp; shopping \u2022 Souks &amp; marknader \u2022 Praktisk information<span class=\"Apple-converted-space\">\u00a0<\/span><\/p>\n\n\t\t<\/div>\n\t<\/div>\n<\/div><\/div><\/div><\/div>\n<\/div>","protected":false},"excerpt":{"rendered":"<p>Nu har \u00e4ntligen den andra upplagan av den popul\u00e4ra \u201dDin guide till Marrakech\u201d av Marie Wittendorff sl\u00e4ppts med uppdateringar p\u00e5 varje sida och till\u00e4gg av en m\u00e4ngd ny information och inte minst en f\u00f6rdubbling av nya matst\u00e4llen.<\/p>\n<p data-start=\"101\" data-end=\"415\"><strong data-start=\"101\" data-end=\"141\">Din guide till Marrakech \u2013 2:a upplagan<\/strong> \u00e4r din nyckel till \u00e4ventyret i en av v\u00e4rldens mest sensuella och f\u00e4rgstarka st\u00e4der. Guiden \u00e4r fullsp\u00e4ckad med aktuella insidertips, handplockade rekommendationer f\u00f6r restauranger, hotell, marknader och g\u00f6mda oaser \u2013 allt utarbetat med k\u00e4rlek till stadens estetik och atmosf\u00e4r.<\/p>\n<p data-start=\"417\" data-end=\"633\">Med vackra bilder, kartor och personliga rekommendationer hj\u00e4lper boken dig att uppleva Marrakech som en lokalinv\u00e5nare \u2013 oavsett om du dr\u00f6mmer om tystnad i en riad, matupplevelser i souken eller modern design i det nya kvarteret.<\/p>\n<p data-start=\"635\" data-end=\"730\"><strong data-start=\"635\" data-end=\"730\">Perfekt f\u00f6r b\u00e5de f\u00f6rstag\u00e5ngsresen\u00e4rer och Marrakech-\u00e4lskare som vill dyka djupare bakom fasaden.<\/strong><\/p>\n<p>Boken \u00e4r i ett beh\u00e4ndigt format, vilket g\u00f6r den l\u00e4ttare att ta med sig p\u00e5 resan. Boken \u00e4r det n\u00e4rmaste du kommer en komplett guide till Marrakech \u2013 personligt upplevd och ber\u00e4ttad med empati. H\u00e4r p\u00e5 Tibladin ger vi denna guide v\u00e5ra varmaste rekommendationer.<\/p>\n<p>&nbsp;<\/p>","protected":false},"featured_media":37022,"template":"","meta":{"inline_featured_image":false},"product_brand":[],"product_cat":[27,47,35,93],"product_tag":[],"class_list":{"0":"post-1464","1":"product","2":"type-product","3":"status-publish","4":"has-post-thumbnail","6":"product_cat-diverse","7":"product_cat-gaven-til-ham","8":"product_cat-gaven-til-hende","9":"product_cat-marrakech-guide-boeger","11":"first","12":"instock","13":"taxable","14":"shipping-taxable","15":"purchasable","16":"product-type-simple"},"exclude_global_add_ons":false,"addons":[{"name":"Vill du ha presentinslagning?","type":"checkbox","position":0,"required":false,"title_format":"label","default":"","description_enable":false,"description":"","placeholder_enable":false,"placeholder":"","display":"images","restrictions_type":"any_text","adjust_price":false,"price":"","price_type":"flat_fee","restrictions":false,"min":"0","max":"0","options":[{"label":"Ja tak","price":"10","price_type":"flat_fee","image":11015,"visibility":true}],"id":1669646111}],"yoast_head":"<!-- This site is optimized with the Yoast SEO plugin v27.4 - https:\/\/yoast.com\/product\/yoast-seo-wordpress\/ -->\n<title>Din guide til Marrakech af Maria Witendorff<\/title>\n<meta name=\"description\" content=\"Bogen er det t\u00e6tteste, man kommer p\u00e5 en komplet guide til Marrakech \u2013 personligt oplevet og indlevende fortalt. Du finder du ikke en bedre guide.\" \/>\n<meta name=\"robots\" content=\"index, follow, max-snippet:-1, max-image-preview:large, max-video-preview:-1\" \/>\n<link rel=\"canonical\" href=\"https:\/\/tibladin.dk\/sv\/produkt\/boka-din-guide-till-marrakech\/\" \/>\n<meta property=\"og:locale\" content=\"sv_SE\" \/>\n<meta property=\"og:type\" content=\"article\" \/>\n<meta property=\"og:title\" content=\"Din guide til Marrakech af Maria Witendorff\" \/>\n<meta property=\"og:description\" content=\"Bogen er det t\u00e6tteste, man kommer p\u00e5 en komplet guide til Marrakech \u2013 personligt oplevet og indlevende fortalt. Du finder du ikke en bedre guide.\" \/>\n<meta property=\"og:url\" content=\"https:\/\/tibladin.dk\/sv\/produkt\/boka-din-guide-till-marrakech\/\" \/>\n<meta property=\"og:site_name\" content=\"Tibladin\" \/>\n<meta property=\"article:modified_time\" content=\"2026-03-11T13:46:48+00:00\" \/>\n<meta property=\"og:image\" content=\"https:\/\/tibladin.dk\/wp-content\/uploads\/2022\/09\/din-guide-til-marrakech_2.udgave_7.jpg\" \/>\n\t<meta property=\"og:image:width\" content=\"800\" \/>\n\t<meta property=\"og:image:height\" content=\"800\" \/>\n\t<meta property=\"og:image:type\" content=\"image\/jpeg\" \/>\n<meta name=\"twitter:card\" content=\"summary_large_image\" \/>\n<meta name=\"twitter:label1\" content=\"Ber\u00e4knad l\u00e4stid\" \/>\n\t<meta name=\"twitter:data1\" content=\"3 minuter\" \/>\n<script type=\"application\/ld+json\" class=\"yoast-schema-graph\">{\"@context\":\"https:\\\/\\\/schema.org\",\"@graph\":[{\"@type\":\"WebPage\",\"@id\":\"https:\\\/\\\/tibladin.dk\\\/produkt\\\/bog-din-guide-til-marrakech\\\/\",\"url\":\"https:\\\/\\\/tibladin.dk\\\/produkt\\\/bog-din-guide-til-marrakech\\\/\",\"name\":\"Din guide til Marrakech af Maria Witendorff\",\"isPartOf\":{\"@id\":\"https:\\\/\\\/tibladin.dk\\\/#website\"},\"primaryImageOfPage\":{\"@id\":\"https:\\\/\\\/tibladin.dk\\\/produkt\\\/bog-din-guide-til-marrakech\\\/#primaryimage\"},\"image\":{\"@id\":\"https:\\\/\\\/tibladin.dk\\\/produkt\\\/bog-din-guide-til-marrakech\\\/#primaryimage\"},\"thumbnailUrl\":\"https:\\\/\\\/tibladin.dk\\\/wp-content\\\/uploads\\\/2022\\\/09\\\/din-guide-til-marrakech_2.udgave_7.jpg\",\"datePublished\":\"2025-06-14T09:09:23+00:00\",\"dateModified\":\"2026-03-11T13:46:48+00:00\",\"description\":\"Bogen er det t\u00e6tteste, man kommer p\u00e5 en komplet guide til Marrakech \u2013 personligt oplevet og indlevende fortalt. Du finder du ikke en bedre guide.\",\"breadcrumb\":{\"@id\":\"https:\\\/\\\/tibladin.dk\\\/produkt\\\/bog-din-guide-til-marrakech\\\/#breadcrumb\"},\"inLanguage\":\"sv-SE\",\"potentialAction\":[{\"@type\":\"ReadAction\",\"target\":[\"https:\\\/\\\/tibladin.dk\\\/produkt\\\/bog-din-guide-til-marrakech\\\/\"]}]},{\"@type\":\"ImageObject\",\"inLanguage\":\"sv-SE\",\"@id\":\"https:\\\/\\\/tibladin.dk\\\/produkt\\\/bog-din-guide-til-marrakech\\\/#primaryimage\",\"url\":\"https:\\\/\\\/tibladin.dk\\\/wp-content\\\/uploads\\\/2022\\\/09\\\/din-guide-til-marrakech_2.udgave_7.jpg\",\"contentUrl\":\"https:\\\/\\\/tibladin.dk\\\/wp-content\\\/uploads\\\/2022\\\/09\\\/din-guide-til-marrakech_2.udgave_7.jpg\",\"width\":800,\"height\":800,\"caption\":\"din guide til marrakech's 2. udgave\"},{\"@type\":\"BreadcrumbList\",\"@id\":\"https:\\\/\\\/tibladin.dk\\\/produkt\\\/bog-din-guide-til-marrakech\\\/#breadcrumb\",\"itemListElement\":[{\"@type\":\"ListItem\",\"position\":1,\"name\":\"Hjem\",\"item\":\"https:\\\/\\\/tibladin.dk\\\/\"},{\"@type\":\"ListItem\",\"position\":2,\"name\":\"Shop\",\"item\":\"https:\\\/\\\/tibladin.dk\\\/shop\\\/\"},{\"@type\":\"ListItem\",\"position\":3,\"name\":\"Bog: Din guide til Marrakech\"}]},{\"@type\":\"WebSite\",\"@id\":\"https:\\\/\\\/tibladin.dk\\\/#website\",\"url\":\"https:\\\/\\\/tibladin.dk\\\/\",\"name\":\"Tibladin\",\"description\":\"Tibladin\",\"publisher\":{\"@id\":\"https:\\\/\\\/tibladin.dk\\\/#organization\"},\"potentialAction\":[{\"@type\":\"SearchAction\",\"target\":{\"@type\":\"EntryPoint\",\"urlTemplate\":\"https:\\\/\\\/tibladin.dk\\\/?s={search_term_string}\"},\"query-input\":{\"@type\":\"PropertyValueSpecification\",\"valueRequired\":true,\"valueName\":\"search_term_string\"}}],\"inLanguage\":\"sv-SE\"},{\"@type\":\"Organization\",\"@id\":\"https:\\\/\\\/tibladin.dk\\\/#organization\",\"name\":\"Tibladin\",\"url\":\"https:\\\/\\\/tibladin.dk\\\/\",\"logo\":{\"@type\":\"ImageObject\",\"inLanguage\":\"sv-SE\",\"@id\":\"https:\\\/\\\/tibladin.dk\\\/#\\\/schema\\\/logo\\\/image\\\/\",\"url\":\"https:\\\/\\\/tibladin.dk\\\/wp-content\\\/uploads\\\/2022\\\/09\\\/tibladin_logo.svg\",\"contentUrl\":\"https:\\\/\\\/tibladin.dk\\\/wp-content\\\/uploads\\\/2022\\\/09\\\/tibladin_logo.svg\",\"caption\":\"Tibladin\"},\"image\":{\"@id\":\"https:\\\/\\\/tibladin.dk\\\/#\\\/schema\\\/logo\\\/image\\\/\"}}]}<\/script>\n<!-- \/ Yoast SEO plugin. -->","yoast_head_json":{"title":"Din guide till Marrakech av Maria Witendorff","description":"Boken \u00e4r det n\u00e4rmaste du kommer en komplett guide till Marrakech \u2013 personligt upplevd och ber\u00e4ttad med empati. Du hittar ingen b\u00e4ttre guide.","robots":{"index":"index","follow":"follow","max-snippet":"max-snippet:-1","max-image-preview":"max-image-preview:large","max-video-preview":"max-video-preview:-1"},"canonical":"https:\/\/tibladin.dk\/sv\/produkt\/boka-din-guide-till-marrakech\/","og_locale":"sv_SE","og_type":"article","og_title":"Din guide til Marrakech af Maria Witendorff","og_description":"Bogen er det t\u00e6tteste, man kommer p\u00e5 en komplet guide til Marrakech \u2013 personligt oplevet og indlevende fortalt. Du finder du ikke en bedre guide.","og_url":"https:\/\/tibladin.dk\/sv\/produkt\/boka-din-guide-till-marrakech\/","og_site_name":"Tibladin","article_modified_time":"2026-03-11T13:46:48+00:00","og_image":[{"width":800,"height":800,"url":"https:\/\/tibladin.dk\/wp-content\/uploads\/2022\/09\/din-guide-til-marrakech_2.udgave_7.jpg","type":"image\/jpeg"}],"twitter_card":"summary_large_image","twitter_misc":{"Ber\u00e4knad l\u00e4stid":"3 minuter"},"schema":{"@context":"https:\/\/schema.org","@graph":[{"@type":"WebPage","@id":"https:\/\/tibladin.dk\/produkt\/bog-din-guide-til-marrakech\/","url":"https:\/\/tibladin.dk\/produkt\/bog-din-guide-til-marrakech\/","name":"Din guide till Marrakech av Maria Witendorff","isPartOf":{"@id":"https:\/\/tibladin.dk\/#website"},"primaryImageOfPage":{"@id":"https:\/\/tibladin.dk\/produkt\/bog-din-guide-til-marrakech\/#primaryimage"},"image":{"@id":"https:\/\/tibladin.dk\/produkt\/bog-din-guide-til-marrakech\/#primaryimage"},"thumbnailUrl":"https:\/\/tibladin.dk\/wp-content\/uploads\/2022\/09\/din-guide-til-marrakech_2.udgave_7.jpg","datePublished":"2025-06-14T09:09:23+00:00","dateModified":"2026-03-11T13:46:48+00:00","description":"Boken \u00e4r det n\u00e4rmaste du kommer en komplett guide till Marrakech \u2013 personligt upplevd och ber\u00e4ttad med empati. Du hittar ingen b\u00e4ttre guide.","breadcrumb":{"@id":"https:\/\/tibladin.dk\/produkt\/bog-din-guide-til-marrakech\/#breadcrumb"},"inLanguage":"sv-SE","potentialAction":[{"@type":"ReadAction","target":["https:\/\/tibladin.dk\/produkt\/bog-din-guide-til-marrakech\/"]}]},{"@type":"ImageObject","inLanguage":"sv-SE","@id":"https:\/\/tibladin.dk\/produkt\/bog-din-guide-til-marrakech\/#primaryimage","url":"https:\/\/tibladin.dk\/wp-content\/uploads\/2022\/09\/din-guide-til-marrakech_2.udgave_7.jpg","contentUrl":"https:\/\/tibladin.dk\/wp-content\/uploads\/2022\/09\/din-guide-til-marrakech_2.udgave_7.jpg","width":800,"height":800,"caption":"din guide til marrakech's 2. udgave"},{"@type":"BreadcrumbList","@id":"https:\/\/tibladin.dk\/produkt\/bog-din-guide-til-marrakech\/#breadcrumb","itemListElement":[{"@type":"ListItem","position":1,"name":"Hjem","item":"https:\/\/tibladin.dk\/"},{"@type":"ListItem","position":2,"name":"Shop","item":"https:\/\/tibladin.dk\/shop\/"},{"@type":"ListItem","position":3,"name":"Bog: Din guide til Marrakech"}]},{"@type":"WebSite","@id":"https:\/\/tibladin.dk\/#website","url":"https:\/\/tibladin.dk\/","name":"Tibladin","description":"Tibladin","publisher":{"@id":"https:\/\/tibladin.dk\/#organization"},"potentialAction":[{"@type":"SearchAction","target":{"@type":"EntryPoint","urlTemplate":"https:\/\/tibladin.dk\/?s={search_term_string}"},"query-input":{"@type":"PropertyValueSpecification","valueRequired":true,"valueName":"search_term_string"}}],"inLanguage":"sv-SE"},{"@type":"Organization","@id":"https:\/\/tibladin.dk\/#organization","name":"Tibladin","url":"https:\/\/tibladin.dk\/","logo":{"@type":"ImageObject","inLanguage":"sv-SE","@id":"https:\/\/tibladin.dk\/#\/schema\/logo\/image\/","url":"https:\/\/tibladin.dk\/wp-content\/uploads\/2022\/09\/tibladin_logo.svg","contentUrl":"https:\/\/tibladin.dk\/wp-content\/uploads\/2022\/09\/tibladin_logo.svg","caption":"Tibladin"},"image":{"@id":"https:\/\/tibladin.dk\/#\/schema\/logo\/image\/"}}]}},"_links":{"self":[{"href":"https:\/\/tibladin.dk\/sv\/wp-json\/wp\/v2\/product\/1464","targetHints":{"allow":["GET"]}}],"collection":[{"href":"https:\/\/tibladin.dk\/sv\/wp-json\/wp\/v2\/product"}],"about":[{"href":"https:\/\/tibladin.dk\/sv\/wp-json\/wp\/v2\/types\/product"}],"wp:featuredmedia":[{"embeddable":true,"href":"https:\/\/tibladin.dk\/sv\/wp-json\/wp\/v2\/media\/37022"}],"wp:attachment":[{"href":"https:\/\/tibladin.dk\/sv\/wp-json\/wp\/v2\/media?parent=1464"}],"wp:term":[{"taxonomy":"product_brand","embeddable":true,"href":"https:\/\/tibladin.dk\/sv\/wp-json\/wp\/v2\/product_brand?post=1464"},{"taxonomy":"product_cat","embeddable":true,"href":"https:\/\/tibladin.dk\/sv\/wp-json\/wp\/v2\/product_cat?post=1464"},{"taxonomy":"product_tag","embeddable":true,"href":"https:\/\/tibladin.dk\/sv\/wp-json\/wp\/v2\/product_tag?post=1464"}],"curies":[{"name":"wp","href":"https:\/\/api.w.org\/{rel}","templated":true}]}}