{"id":1466,"date":"2022-09-20T11:09:24","date_gmt":"2022-09-20T09:09:24","guid":{"rendered":"https:\/\/tibladin.dk\/vare\/bog-din-guide-til-marrakech-engelsk\/"},"modified":"2026-02-18T11:12:40","modified_gmt":"2026-02-18T10:12:40","slug":"boka-din-guide-till-marrakech-engelska-2","status":"publish","type":"product","link":"https:\/\/tibladin.dk\/sv\/produkt\/bog-din-guide-til-marrakech-engelsk\/","title":{"rendered":"Bok: Din guide till Marrakech - engelska"},"content":{"rendered":"<div class=\"wpb-content-wrapper\"><div class=\"vc_row wpb_row vc_row-fluid\"><div class=\"wpb_column vc_column_container vc_col-sm-4\"><div class=\"vc_column-inner\"><div class=\"wpb_wrapper\"><\/div><\/div><\/div><div class=\"wpb_column vc_column_container vc_col-sm-4\"><div class=\"vc_column-inner\"><div class=\"wpb_wrapper\"><h3 style=\"text-align: left\" class=\"vc_custom_heading vc_do_custom_heading\" >Om f\u00f6rfattaren<\/h3>\n\t<div class=\"wpb_text_column wpb_content_element\" >\n\t\t<div class=\"wpb_wrapper\">\n\t\t\t<p>Maria Wittendorff \u00e4r exam.art. p\u00e5 arabiska och m\u00e5ng\u00e5rig f\u00f6rfattare och redakt\u00f6r f\u00f6r tidskrifter och b\u00f6cker. Hon har rest i Nordafrika i 30 \u00e5r och drivs av m\u00f6tet mellan kulturer, f\u00f6rst\u00e5elsen f\u00f6r historiens cirklar och nyfikenheten att utmana och ut\u00f6ka sin egen begreppsv\u00e4rld.<\/p>\n\n\t\t<\/div>\n\t<\/div>\n<\/div><\/div><\/div><div class=\"wpb_column vc_column_container vc_col-sm-4\"><div class=\"vc_column-inner\"><div class=\"wpb_wrapper\"><h3 style=\"text-align: left\" class=\"vc_custom_heading vc_do_custom_heading\" >Historien bakom<\/h3>\n\t<div class=\"wpb_text_column wpb_content_element\" >\n\t\t<div class=\"wpb_wrapper\">\n\t\t\t<p>Magiskt Marrakech! N\u00e4stan tusen \u00e5r av sp\u00e4nnande historia har satt sina imponerande sp\u00e5r i denna exceptionella stad, full till br\u00e4dden av f\u00e4rger och m\u00f6nster, dofter och smaker, ljus och ljud, och en mycket speciell atmosf\u00e4r som uppst\u00e5r i sk\u00e4rningspunkten mellan vackra omgivningar, en rik kultur, g\u00e4stfrihet och ett oerh\u00f6rt gener\u00f6st klimat.<\/p>\n<p>Med den h\u00e4r boken i handen har du allt du beh\u00f6ver veta f\u00f6r att f\u00e5 <i>komplett upplevelse <\/i>av den r\u00f6da staden, b\u00e5de n\u00e4r det g\u00e4ller f\u00f6rberedelser innan du l\u00e4mnar och n\u00e4r du g\u00e5r runt de smala gatorna och gr\u00e4nderna, l\u00e4ser bakgrundsber\u00e4ttelserna och drar nytta av de m\u00e5nga tipsen och beskrivningarna, vilket g\u00f6r det l\u00e4ttare f\u00f6r dig att v\u00e4lja vad du ska se och var du ska \u00e4ta.<\/p>\n<p><i>Din guide till Marrakech <\/i>ger dig levande, personliga konton fr\u00e5n:<\/p>\n<ul>\n<li>60 caf\u00e9er och restauranger<\/li>\n<li>15 historiska sev\u00e4rdheter<\/li>\n<li>10 tr\u00e4dg\u00e5rdar och parker<\/li>\n<li>25 museer, kulturhus och gallerier<\/li>\n<li>20 riader, hotell och hamam.<span class=\"Apple-converted-space\">\u00a0<\/span><\/li>\n<\/ul>\n<p>Samt historia, hantverk &amp; shopping, souks &amp; marknader, arkitektur &amp; matkultur, musik &amp; festivaler + all praktisk info du beh\u00f6ver p\u00e5 din resa.<\/p>\n<p><i>225 sidor, mjuk p\u00e4rm med flikar, 148 x 210 mm (A5).<\/i><\/p>\n\n\t\t<\/div>\n\t<\/div>\n<\/div><\/div><\/div><\/div>\n<\/div>","protected":false},"excerpt":{"rendered":"<p>Magiskt Marrakech! N\u00e4stan tusen \u00e5r av sp\u00e4nnande historia har satt sina imponerande sp\u00e5r i denna exceptionella stad, full till br\u00e4dden av f\u00e4rger och m\u00f6nster, dofter och smaker, ljus och ljud, och en mycket speciell atmosf\u00e4r som uppst\u00e5r i sk\u00e4rningspunkten mellan vackra omgivningar, en rik kultur, g\u00e4stfrihet och ett oerh\u00f6rt gener\u00f6st klimat.<\/p>\n<p>Med den h\u00e4r boken i handen har du allt du beh\u00f6ver veta f\u00f6r att f\u00e5 <i>komplett upplevelse <\/i>av den r\u00f6da staden, b\u00e5de n\u00e4r det g\u00e4ller f\u00f6rberedelser innan du l\u00e4mnar och n\u00e4r du g\u00e5r runt de smala gatorna och gr\u00e4nderna, l\u00e4ser bakgrundsber\u00e4ttelserna och drar nytta av de m\u00e5nga tipsen och beskrivningarna, vilket g\u00f6r det l\u00e4ttare f\u00f6r dig att v\u00e4lja vad du ska se och var du ska \u00e4ta.<\/p>\n<p><i>Din guide till Marrakech <\/i>ger dig levande, personliga konton fr\u00e5n:<\/p>\n<ul>\n<li>60 caf\u00e9er och restauranger<\/li>\n<li>15 historiska sev\u00e4rdheter<\/li>\n<li>10 tr\u00e4dg\u00e5rdar och parker<\/li>\n<li>25 museer, kulturhus och gallerier<\/li>\n<li>20 riader, hotell och hamam.<span class=\"Apple-converted-space\">\u00a0<\/span><\/li>\n<\/ul>\n<p>Samt historia, hantverk &amp; shopping, souks &amp; marknader, arkitektur &amp; matkultur, musik &amp; festivaler + all praktisk info du beh\u00f6ver p\u00e5 din resa.<\/p>\n<p><i>225 sidor, mjuk p\u00e4rm 148 x 210 mm (A5).<\/i><\/p>\n<p>&nbsp;<\/p>","protected":false},"featured_media":1465,"template":"","meta":{"inline_featured_image":false},"product_brand":[],"product_cat":[27,47,35,93],"product_tag":[],"class_list":{"0":"post-1466","1":"product","2":"type-product","3":"status-publish","4":"has-post-thumbnail","6":"product_cat-diverse","7":"product_cat-gaven-til-ham","8":"product_cat-gaven-til-hende","9":"product_cat-marrakech-guide-boeger","11":"first","12":"outofstock","13":"taxable","14":"shipping-taxable","15":"purchasable","16":"product-type-simple"},"exclude_global_add_ons":false,"addons":[{"name":"Vill du ha presentinslagning?","type":"checkbox","position":0,"required":false,"title_format":"label","default":"","description_enable":false,"description":"","placeholder_enable":false,"placeholder":"","display":"images","restrictions_type":"any_text","adjust_price":false,"price":"","price_type":"flat_fee","restrictions":false,"min":"0","max":"0","options":[{"label":"Ja tak","price":"10","price_type":"flat_fee","image":11015,"visibility":true}],"id":1669646111}],"yoast_head":"<!-- This site is optimized with the Yoast SEO plugin v27.4 - https:\/\/yoast.com\/product\/yoast-seo-wordpress\/ -->\n<title>Din guide til Marrakech. Fantastisk guide bog p\u00e5 engelsk - Tibladin<\/title>\n<meta name=\"description\" content=\"Bogen er det t\u00e6tteste, man kommer p\u00e5 en komplet guide til Marrakech \u2013 personligt oplevet og indlevende fortalt. Bogen er p\u00e5 engelsk.\" \/>\n<meta name=\"robots\" content=\"index, follow, max-snippet:-1, max-image-preview:large, max-video-preview:-1\" \/>\n<link rel=\"canonical\" href=\"https:\/\/tibladin.dk\/sv\/produkt\/boka-din-guide-till-marrakech-engelska-2\/\" \/>\n<meta property=\"og:locale\" content=\"sv_SE\" \/>\n<meta property=\"og:type\" content=\"article\" \/>\n<meta property=\"og:title\" content=\"Din guide til Marrakech. Fantastisk guide bog p\u00e5 engelsk - Tibladin\" \/>\n<meta property=\"og:description\" content=\"Bogen er det t\u00e6tteste, man kommer p\u00e5 en komplet guide til Marrakech \u2013 personligt oplevet og indlevende fortalt. Bogen er p\u00e5 engelsk.\" \/>\n<meta property=\"og:url\" content=\"https:\/\/tibladin.dk\/sv\/produkt\/boka-din-guide-till-marrakech-engelska-2\/\" \/>\n<meta property=\"og:site_name\" content=\"Tibladin\" \/>\n<meta property=\"article:modified_time\" content=\"2026-02-18T10:12:40+00:00\" \/>\n<meta property=\"og:image\" content=\"https:\/\/tibladin.dk\/wp-content\/uploads\/2022\/09\/Tibladin_your-guide-to-Marrakech-1.jpg\" \/>\n\t<meta property=\"og:image:width\" content=\"800\" \/>\n\t<meta property=\"og:image:height\" content=\"800\" \/>\n\t<meta property=\"og:image:type\" content=\"image\/jpeg\" \/>\n<meta name=\"twitter:card\" content=\"summary_large_image\" \/>\n<meta name=\"twitter:label1\" content=\"Ber\u00e4knad l\u00e4stid\" \/>\n\t<meta name=\"twitter:data1\" content=\"2 minuter\" \/>\n<script type=\"application\/ld+json\" class=\"yoast-schema-graph\">{\"@context\":\"https:\\\/\\\/schema.org\",\"@graph\":[{\"@type\":\"WebPage\",\"@id\":\"https:\\\/\\\/tibladin.dk\\\/produkt\\\/bog-din-guide-til-marrakech-engelsk\\\/\",\"url\":\"https:\\\/\\\/tibladin.dk\\\/produkt\\\/bog-din-guide-til-marrakech-engelsk\\\/\",\"name\":\"Din guide til Marrakech. Fantastisk guide bog p\u00e5 engelsk - Tibladin\",\"isPartOf\":{\"@id\":\"https:\\\/\\\/tibladin.dk\\\/#website\"},\"primaryImageOfPage\":{\"@id\":\"https:\\\/\\\/tibladin.dk\\\/produkt\\\/bog-din-guide-til-marrakech-engelsk\\\/#primaryimage\"},\"image\":{\"@id\":\"https:\\\/\\\/tibladin.dk\\\/produkt\\\/bog-din-guide-til-marrakech-engelsk\\\/#primaryimage\"},\"thumbnailUrl\":\"https:\\\/\\\/tibladin.dk\\\/wp-content\\\/uploads\\\/2022\\\/09\\\/Tibladin_your-guide-to-Marrakech-1.jpg\",\"datePublished\":\"2022-09-20T09:09:24+00:00\",\"dateModified\":\"2026-02-18T10:12:40+00:00\",\"description\":\"Bogen er det t\u00e6tteste, man kommer p\u00e5 en komplet guide til Marrakech \u2013 personligt oplevet og indlevende fortalt. Bogen er p\u00e5 engelsk.\",\"breadcrumb\":{\"@id\":\"https:\\\/\\\/tibladin.dk\\\/produkt\\\/bog-din-guide-til-marrakech-engelsk\\\/#breadcrumb\"},\"inLanguage\":\"sv-SE\",\"potentialAction\":[{\"@type\":\"ReadAction\",\"target\":[\"https:\\\/\\\/tibladin.dk\\\/produkt\\\/bog-din-guide-til-marrakech-engelsk\\\/\"]}]},{\"@type\":\"ImageObject\",\"inLanguage\":\"sv-SE\",\"@id\":\"https:\\\/\\\/tibladin.dk\\\/produkt\\\/bog-din-guide-til-marrakech-engelsk\\\/#primaryimage\",\"url\":\"https:\\\/\\\/tibladin.dk\\\/wp-content\\\/uploads\\\/2022\\\/09\\\/Tibladin_your-guide-to-Marrakech-1.jpg\",\"contentUrl\":\"https:\\\/\\\/tibladin.dk\\\/wp-content\\\/uploads\\\/2022\\\/09\\\/Tibladin_your-guide-to-Marrakech-1.jpg\",\"width\":800,\"height\":800,\"caption\":\"Din guide til Marrakesh bog oven p\u00e5 tr\u00e6bord\"},{\"@type\":\"BreadcrumbList\",\"@id\":\"https:\\\/\\\/tibladin.dk\\\/produkt\\\/bog-din-guide-til-marrakech-engelsk\\\/#breadcrumb\",\"itemListElement\":[{\"@type\":\"ListItem\",\"position\":1,\"name\":\"Hjem\",\"item\":\"https:\\\/\\\/tibladin.dk\\\/\"},{\"@type\":\"ListItem\",\"position\":2,\"name\":\"Shop\",\"item\":\"https:\\\/\\\/tibladin.dk\\\/shop\\\/\"},{\"@type\":\"ListItem\",\"position\":3,\"name\":\"Bog: Din guide til Marrakech &#8211; Engelsk\"}]},{\"@type\":\"WebSite\",\"@id\":\"https:\\\/\\\/tibladin.dk\\\/#website\",\"url\":\"https:\\\/\\\/tibladin.dk\\\/\",\"name\":\"Tibladin\",\"description\":\"Tibladin\",\"publisher\":{\"@id\":\"https:\\\/\\\/tibladin.dk\\\/#organization\"},\"potentialAction\":[{\"@type\":\"SearchAction\",\"target\":{\"@type\":\"EntryPoint\",\"urlTemplate\":\"https:\\\/\\\/tibladin.dk\\\/?s={search_term_string}\"},\"query-input\":{\"@type\":\"PropertyValueSpecification\",\"valueRequired\":true,\"valueName\":\"search_term_string\"}}],\"inLanguage\":\"sv-SE\"},{\"@type\":\"Organization\",\"@id\":\"https:\\\/\\\/tibladin.dk\\\/#organization\",\"name\":\"Tibladin\",\"url\":\"https:\\\/\\\/tibladin.dk\\\/\",\"logo\":{\"@type\":\"ImageObject\",\"inLanguage\":\"sv-SE\",\"@id\":\"https:\\\/\\\/tibladin.dk\\\/#\\\/schema\\\/logo\\\/image\\\/\",\"url\":\"https:\\\/\\\/tibladin.dk\\\/wp-content\\\/uploads\\\/2022\\\/09\\\/tibladin_logo.svg\",\"contentUrl\":\"https:\\\/\\\/tibladin.dk\\\/wp-content\\\/uploads\\\/2022\\\/09\\\/tibladin_logo.svg\",\"caption\":\"Tibladin\"},\"image\":{\"@id\":\"https:\\\/\\\/tibladin.dk\\\/#\\\/schema\\\/logo\\\/image\\\/\"}}]}<\/script>\n<!-- \/ Yoast SEO plugin. -->","yoast_head_json":{"title":"Din guide till Marrakech. Fantastisk guidebok p\u00e5 engelska - Tibladin","description":"Boken \u00e4r det n\u00e4rmaste du kommer en komplett guide till Marrakech \u2013 personligt erfaren och levande ber\u00e4ttad. Boken \u00e4r p\u00e5 engelska.","robots":{"index":"index","follow":"follow","max-snippet":"max-snippet:-1","max-image-preview":"max-image-preview:large","max-video-preview":"max-video-preview:-1"},"canonical":"https:\/\/tibladin.dk\/sv\/produkt\/boka-din-guide-till-marrakech-engelska-2\/","og_locale":"sv_SE","og_type":"article","og_title":"Din guide til Marrakech. Fantastisk guide bog p\u00e5 engelsk - Tibladin","og_description":"Bogen er det t\u00e6tteste, man kommer p\u00e5 en komplet guide til Marrakech \u2013 personligt oplevet og indlevende fortalt. Bogen er p\u00e5 engelsk.","og_url":"https:\/\/tibladin.dk\/sv\/produkt\/boka-din-guide-till-marrakech-engelska-2\/","og_site_name":"Tibladin","article_modified_time":"2026-02-18T10:12:40+00:00","og_image":[{"width":800,"height":800,"url":"https:\/\/tibladin.dk\/wp-content\/uploads\/2022\/09\/Tibladin_your-guide-to-Marrakech-1.jpg","type":"image\/jpeg"}],"twitter_card":"summary_large_image","twitter_misc":{"Ber\u00e4knad l\u00e4stid":"2 minuter"},"schema":{"@context":"https:\/\/schema.org","@graph":[{"@type":"WebPage","@id":"https:\/\/tibladin.dk\/produkt\/bog-din-guide-til-marrakech-engelsk\/","url":"https:\/\/tibladin.dk\/produkt\/bog-din-guide-til-marrakech-engelsk\/","name":"Din guide till Marrakech. Fantastisk guidebok p\u00e5 engelska - Tibladin","isPartOf":{"@id":"https:\/\/tibladin.dk\/#website"},"primaryImageOfPage":{"@id":"https:\/\/tibladin.dk\/produkt\/bog-din-guide-til-marrakech-engelsk\/#primaryimage"},"image":{"@id":"https:\/\/tibladin.dk\/produkt\/bog-din-guide-til-marrakech-engelsk\/#primaryimage"},"thumbnailUrl":"https:\/\/tibladin.dk\/wp-content\/uploads\/2022\/09\/Tibladin_your-guide-to-Marrakech-1.jpg","datePublished":"2022-09-20T09:09:24+00:00","dateModified":"2026-02-18T10:12:40+00:00","description":"Boken \u00e4r det n\u00e4rmaste du kommer en komplett guide till Marrakech \u2013 personligt erfaren och levande ber\u00e4ttad. Boken \u00e4r p\u00e5 engelska.","breadcrumb":{"@id":"https:\/\/tibladin.dk\/produkt\/bog-din-guide-til-marrakech-engelsk\/#breadcrumb"},"inLanguage":"sv-SE","potentialAction":[{"@type":"ReadAction","target":["https:\/\/tibladin.dk\/produkt\/bog-din-guide-til-marrakech-engelsk\/"]}]},{"@type":"ImageObject","inLanguage":"sv-SE","@id":"https:\/\/tibladin.dk\/produkt\/bog-din-guide-til-marrakech-engelsk\/#primaryimage","url":"https:\/\/tibladin.dk\/wp-content\/uploads\/2022\/09\/Tibladin_your-guide-to-Marrakech-1.jpg","contentUrl":"https:\/\/tibladin.dk\/wp-content\/uploads\/2022\/09\/Tibladin_your-guide-to-Marrakech-1.jpg","width":800,"height":800,"caption":"Din guide til Marrakesh bog oven p\u00e5 tr\u00e6bord"},{"@type":"BreadcrumbList","@id":"https:\/\/tibladin.dk\/produkt\/bog-din-guide-til-marrakech-engelsk\/#breadcrumb","itemListElement":[{"@type":"ListItem","position":1,"name":"Hjem","item":"https:\/\/tibladin.dk\/"},{"@type":"ListItem","position":2,"name":"Shop","item":"https:\/\/tibladin.dk\/shop\/"},{"@type":"ListItem","position":3,"name":"Bog: Din guide til Marrakech &#8211; Engelsk"}]},{"@type":"WebSite","@id":"https:\/\/tibladin.dk\/#website","url":"https:\/\/tibladin.dk\/","name":"Tibladin","description":"Tibladin","publisher":{"@id":"https:\/\/tibladin.dk\/#organization"},"potentialAction":[{"@type":"SearchAction","target":{"@type":"EntryPoint","urlTemplate":"https:\/\/tibladin.dk\/?s={search_term_string}"},"query-input":{"@type":"PropertyValueSpecification","valueRequired":true,"valueName":"search_term_string"}}],"inLanguage":"sv-SE"},{"@type":"Organization","@id":"https:\/\/tibladin.dk\/#organization","name":"Tibladin","url":"https:\/\/tibladin.dk\/","logo":{"@type":"ImageObject","inLanguage":"sv-SE","@id":"https:\/\/tibladin.dk\/#\/schema\/logo\/image\/","url":"https:\/\/tibladin.dk\/wp-content\/uploads\/2022\/09\/tibladin_logo.svg","contentUrl":"https:\/\/tibladin.dk\/wp-content\/uploads\/2022\/09\/tibladin_logo.svg","caption":"Tibladin"},"image":{"@id":"https:\/\/tibladin.dk\/#\/schema\/logo\/image\/"}}]}},"_links":{"self":[{"href":"https:\/\/tibladin.dk\/sv\/wp-json\/wp\/v2\/product\/1466","targetHints":{"allow":["GET"]}}],"collection":[{"href":"https:\/\/tibladin.dk\/sv\/wp-json\/wp\/v2\/product"}],"about":[{"href":"https:\/\/tibladin.dk\/sv\/wp-json\/wp\/v2\/types\/product"}],"wp:featuredmedia":[{"embeddable":true,"href":"https:\/\/tibladin.dk\/sv\/wp-json\/wp\/v2\/media\/1465"}],"wp:attachment":[{"href":"https:\/\/tibladin.dk\/sv\/wp-json\/wp\/v2\/media?parent=1466"}],"wp:term":[{"taxonomy":"product_brand","embeddable":true,"href":"https:\/\/tibladin.dk\/sv\/wp-json\/wp\/v2\/product_brand?post=1466"},{"taxonomy":"product_cat","embeddable":true,"href":"https:\/\/tibladin.dk\/sv\/wp-json\/wp\/v2\/product_cat?post=1466"},{"taxonomy":"product_tag","embeddable":true,"href":"https:\/\/tibladin.dk\/sv\/wp-json\/wp\/v2\/product_tag?post=1466"}],"curies":[{"name":"wp","href":"https:\/\/api.w.org\/{rel}","templated":true}]}}