{"id":1576,"date":"2022-09-20T11:10:11","date_gmt":"2022-09-20T09:10:11","guid":{"rendered":"https:\/\/tibladin.dk\/vare\/haandvaevet-taeppe-i-bomuld-bahia\/"},"modified":"2024-12-09T14:39:34","modified_gmt":"2024-12-09T13:39:34","slug":"bomullsmatta-bahia","status":"publish","type":"product","link":"https:\/\/tibladin.dk\/sv\/produkt\/bomuldstaeppe-bahia\/","title":{"rendered":"Bomullsmatta \u2013 Bahia"},"content":{"rendered":"<div class=\"wpb-content-wrapper\"><div class=\"vc_row wpb_row vc_row-fluid\"><div class=\"wpb_column vc_column_container vc_col-sm-4\"><div class=\"vc_column-inner\"><div class=\"wpb_wrapper\"><\/div><\/div><\/div><div class=\"wpb_column vc_column_container vc_col-sm-4\"><div class=\"vc_column-inner\"><div class=\"wpb_wrapper\"><h3 style=\"text-align: left\" class=\"vc_custom_heading vc_do_custom_heading\" >Underh\u00e5ll<\/h3>\n\t<div class=\"wpb_text_column wpb_content_element\" >\n\t\t<div class=\"wpb_wrapper\">\n\t\t\t<p>Dammsug mattan regelbundet och ta ut den och skaka den d\u00e5 och d\u00e5. Fl\u00e4ckar tas bort genom att bl\u00f6ta upp fl\u00e4cken s\u00e5 snabbt som m\u00f6jligt med en trasa och sedan dutta fl\u00e4cken med en fuktig trasa. Mattan \u00e4r av bomull och linne p\u00e5 en polyesterram.<\/p>\n<p>Mattan kan kemtv\u00e4ttas.<\/p>\n\n\t\t<\/div>\n\t<\/div>\n<\/div><\/div><\/div><div class=\"wpb_column vc_column_container vc_col-sm-4\"><div class=\"vc_column-inner\"><div class=\"wpb_wrapper\"><h3 style=\"text-align: left\" class=\"vc_custom_heading vc_do_custom_heading\" >Historien bakom<\/h3>\n\t<div class=\"wpb_text_column wpb_content_element\" >\n\t\t<div class=\"wpb_wrapper\">\n\t\t\t<p>Mattor pryder, ger mysighet och v\u00e4rme och \u00e4r \u00e4ven ljudabsorberande.<\/p>\n<p>Det \u00e4r l\u00e4tt att skapa atmosf\u00e4r och mysighet med mattor i ditt hem. Dessa handv\u00e4vda mattor med bomull och linne p\u00e5 polyesterram har utvecklats i samarbete med en designer i Marrakech. Tillsammans skapar vi mattor som passar ett skandinaviskt hem, med en touch av v\u00e4rme och mystik som ger personlighet till din inredning.<\/p>\n\n\t\t<\/div>\n\t<\/div>\n<\/div><\/div><\/div><\/div>\n<\/div>","protected":false},"excerpt":{"rendered":"<ul>\n<li>Handv\u00e4vd matta i bomull och lin i sandf\u00e4rg med ljusbrunt m\u00f6nster och vita tofsar p\u00e5 sidorna med vacker och elegant marockansk touch.<\/li>\n<\/ul>\n<p>Mattan passar bra i sovrummet, g\u00e4strummet, badrummet, k\u00f6ket eller hallen.<\/p>\n<p><strong>Mattan m\u00e4ter 67\u00d7118 cm utan tofsar p\u00e5 sidan (med tofsar 75\u00d7118)<\/strong><\/p>","protected":false},"featured_media":1572,"template":"","meta":{"inline_featured_image":false},"product_brand":[],"product_cat":[96,59],"product_tag":[],"class_list":{"0":"post-1576","1":"product","2":"type-product","3":"status-publish","4":"has-post-thumbnail","6":"product_cat-bomuldstaepper","7":"product_cat-marokkanske-taepper","9":"first","10":"instock","11":"taxable","12":"shipping-taxable","13":"purchasable","14":"product-type-simple"},"exclude_global_add_ons":[],"addons":[],"yoast_head":"<!-- This site is optimized with the Yoast SEO plugin v27.4 - https:\/\/yoast.com\/product\/yoast-seo-wordpress\/ -->\n<title>Bomuldst\u00e6ppe | H\u00e5ndv\u00e6vet t\u00e6ppe | Klik og se lige nu!<\/title>\n<meta name=\"description\" content=\"Marokkansk bomuldst\u00e6ppe i creme med brune detaljer. Den h\u00f8jeste kvalitet sikrer, at det vil holde l\u00e6nge. Unikt design, som ikke findes andre steder.\" \/>\n<meta name=\"robots\" content=\"index, follow, max-snippet:-1, max-image-preview:large, max-video-preview:-1\" \/>\n<link rel=\"canonical\" href=\"https:\/\/tibladin.dk\/sv\/produkt\/bomullsmatta-bahia\/\" \/>\n<meta property=\"og:locale\" content=\"sv_SE\" \/>\n<meta property=\"og:type\" content=\"article\" \/>\n<meta property=\"og:title\" content=\"Bomuldst\u00e6ppe | H\u00e5ndv\u00e6vet t\u00e6ppe | Klik og se lige nu!\" \/>\n<meta property=\"og:description\" content=\"Marokkansk bomuldst\u00e6ppe i creme med brune detaljer. Den h\u00f8jeste kvalitet sikrer, at det vil holde l\u00e6nge. Unikt design, som ikke findes andre steder.\" \/>\n<meta property=\"og:url\" content=\"https:\/\/tibladin.dk\/sv\/produkt\/bomullsmatta-bahia\/\" \/>\n<meta property=\"og:site_name\" content=\"Tibladin\" \/>\n<meta property=\"article:modified_time\" content=\"2024-12-09T13:39:34+00:00\" \/>\n<meta property=\"og:image\" content=\"https:\/\/tibladin.dk\/wp-content\/uploads\/2022\/09\/Tibladin_marokkansk-bomuldstaeppe_bahia-1.jpg\" \/>\n\t<meta property=\"og:image:width\" content=\"800\" \/>\n\t<meta property=\"og:image:height\" content=\"800\" \/>\n\t<meta property=\"og:image:type\" content=\"image\/jpeg\" \/>\n<meta name=\"twitter:card\" content=\"summary_large_image\" \/>\n<meta name=\"twitter:label1\" content=\"Ber\u00e4knad l\u00e4stid\" \/>\n\t<meta name=\"twitter:data1\" content=\"1 minut\" \/>\n<script type=\"application\/ld+json\" class=\"yoast-schema-graph\">{\"@context\":\"https:\\\/\\\/schema.org\",\"@graph\":[{\"@type\":\"WebPage\",\"@id\":\"https:\\\/\\\/tibladin.dk\\\/produkt\\\/bomuldstaeppe-bahia\\\/\",\"url\":\"https:\\\/\\\/tibladin.dk\\\/produkt\\\/bomuldstaeppe-bahia\\\/\",\"name\":\"Bomuldst\u00e6ppe | H\u00e5ndv\u00e6vet t\u00e6ppe | Klik og se lige nu!\",\"isPartOf\":{\"@id\":\"https:\\\/\\\/tibladin.dk\\\/#website\"},\"primaryImageOfPage\":{\"@id\":\"https:\\\/\\\/tibladin.dk\\\/produkt\\\/bomuldstaeppe-bahia\\\/#primaryimage\"},\"image\":{\"@id\":\"https:\\\/\\\/tibladin.dk\\\/produkt\\\/bomuldstaeppe-bahia\\\/#primaryimage\"},\"thumbnailUrl\":\"https:\\\/\\\/tibladin.dk\\\/wp-content\\\/uploads\\\/2022\\\/09\\\/Tibladin_marokkansk-bomuldstaeppe_bahia-1.jpg\",\"datePublished\":\"2022-09-20T09:10:11+00:00\",\"dateModified\":\"2024-12-09T13:39:34+00:00\",\"description\":\"Marokkansk bomuldst\u00e6ppe i creme med brune detaljer. Den h\u00f8jeste kvalitet sikrer, at det vil holde l\u00e6nge. Unikt design, som ikke findes andre steder.\",\"breadcrumb\":{\"@id\":\"https:\\\/\\\/tibladin.dk\\\/produkt\\\/bomuldstaeppe-bahia\\\/#breadcrumb\"},\"inLanguage\":\"sv-SE\",\"potentialAction\":[{\"@type\":\"ReadAction\",\"target\":[\"https:\\\/\\\/tibladin.dk\\\/produkt\\\/bomuldstaeppe-bahia\\\/\"]}]},{\"@type\":\"ImageObject\",\"inLanguage\":\"sv-SE\",\"@id\":\"https:\\\/\\\/tibladin.dk\\\/produkt\\\/bomuldstaeppe-bahia\\\/#primaryimage\",\"url\":\"https:\\\/\\\/tibladin.dk\\\/wp-content\\\/uploads\\\/2022\\\/09\\\/Tibladin_marokkansk-bomuldstaeppe_bahia-1.jpg\",\"contentUrl\":\"https:\\\/\\\/tibladin.dk\\\/wp-content\\\/uploads\\\/2022\\\/09\\\/Tibladin_marokkansk-bomuldstaeppe_bahia-1.jpg\",\"width\":800,\"height\":800,\"caption\":\"H\u00e5ndv\u00e6vet bomuldst\u00e6ppe i beige med marokkansk stribe og prikm\u00f8nster i brune nuancer med hvide kvaster\"},{\"@type\":\"BreadcrumbList\",\"@id\":\"https:\\\/\\\/tibladin.dk\\\/produkt\\\/bomuldstaeppe-bahia\\\/#breadcrumb\",\"itemListElement\":[{\"@type\":\"ListItem\",\"position\":1,\"name\":\"Hjem\",\"item\":\"https:\\\/\\\/tibladin.dk\\\/\"},{\"@type\":\"ListItem\",\"position\":2,\"name\":\"Shop\",\"item\":\"https:\\\/\\\/tibladin.dk\\\/shop\\\/\"},{\"@type\":\"ListItem\",\"position\":3,\"name\":\"Bomuldst\u00e6ppe &#8211; Bahia\"}]},{\"@type\":\"WebSite\",\"@id\":\"https:\\\/\\\/tibladin.dk\\\/#website\",\"url\":\"https:\\\/\\\/tibladin.dk\\\/\",\"name\":\"Tibladin\",\"description\":\"Tibladin\",\"publisher\":{\"@id\":\"https:\\\/\\\/tibladin.dk\\\/#organization\"},\"potentialAction\":[{\"@type\":\"SearchAction\",\"target\":{\"@type\":\"EntryPoint\",\"urlTemplate\":\"https:\\\/\\\/tibladin.dk\\\/?s={search_term_string}\"},\"query-input\":{\"@type\":\"PropertyValueSpecification\",\"valueRequired\":true,\"valueName\":\"search_term_string\"}}],\"inLanguage\":\"sv-SE\"},{\"@type\":\"Organization\",\"@id\":\"https:\\\/\\\/tibladin.dk\\\/#organization\",\"name\":\"Tibladin\",\"url\":\"https:\\\/\\\/tibladin.dk\\\/\",\"logo\":{\"@type\":\"ImageObject\",\"inLanguage\":\"sv-SE\",\"@id\":\"https:\\\/\\\/tibladin.dk\\\/#\\\/schema\\\/logo\\\/image\\\/\",\"url\":\"https:\\\/\\\/tibladin.dk\\\/wp-content\\\/uploads\\\/2022\\\/09\\\/tibladin_logo.svg\",\"contentUrl\":\"https:\\\/\\\/tibladin.dk\\\/wp-content\\\/uploads\\\/2022\\\/09\\\/tibladin_logo.svg\",\"caption\":\"Tibladin\"},\"image\":{\"@id\":\"https:\\\/\\\/tibladin.dk\\\/#\\\/schema\\\/logo\\\/image\\\/\"}}]}<\/script>\n<!-- \/ Yoast SEO plugin. -->","yoast_head_json":{"title":"Bomullsfilt | Handv\u00e4vd matta | Klicka och titta nu!","description":"Marockansk bomullsmatta i kr\u00e4m med bruna detaljer. Den h\u00f6gsta kvaliteten s\u00e4kerst\u00e4ller att den h\u00e5ller l\u00e4nge. Unik design som inte g\u00e5r att hitta n\u00e5gon annanstans.","robots":{"index":"index","follow":"follow","max-snippet":"max-snippet:-1","max-image-preview":"max-image-preview:large","max-video-preview":"max-video-preview:-1"},"canonical":"https:\/\/tibladin.dk\/sv\/produkt\/bomullsmatta-bahia\/","og_locale":"sv_SE","og_type":"article","og_title":"Bomuldst\u00e6ppe | H\u00e5ndv\u00e6vet t\u00e6ppe | Klik og se lige nu!","og_description":"Marokkansk bomuldst\u00e6ppe i creme med brune detaljer. Den h\u00f8jeste kvalitet sikrer, at det vil holde l\u00e6nge. Unikt design, som ikke findes andre steder.","og_url":"https:\/\/tibladin.dk\/sv\/produkt\/bomullsmatta-bahia\/","og_site_name":"Tibladin","article_modified_time":"2024-12-09T13:39:34+00:00","og_image":[{"width":800,"height":800,"url":"https:\/\/tibladin.dk\/wp-content\/uploads\/2022\/09\/Tibladin_marokkansk-bomuldstaeppe_bahia-1.jpg","type":"image\/jpeg"}],"twitter_card":"summary_large_image","twitter_misc":{"Ber\u00e4knad l\u00e4stid":"1 minut"},"schema":{"@context":"https:\/\/schema.org","@graph":[{"@type":"WebPage","@id":"https:\/\/tibladin.dk\/produkt\/bomuldstaeppe-bahia\/","url":"https:\/\/tibladin.dk\/produkt\/bomuldstaeppe-bahia\/","name":"Bomullsfilt | Handv\u00e4vd matta | Klicka och titta nu!","isPartOf":{"@id":"https:\/\/tibladin.dk\/#website"},"primaryImageOfPage":{"@id":"https:\/\/tibladin.dk\/produkt\/bomuldstaeppe-bahia\/#primaryimage"},"image":{"@id":"https:\/\/tibladin.dk\/produkt\/bomuldstaeppe-bahia\/#primaryimage"},"thumbnailUrl":"https:\/\/tibladin.dk\/wp-content\/uploads\/2022\/09\/Tibladin_marokkansk-bomuldstaeppe_bahia-1.jpg","datePublished":"2022-09-20T09:10:11+00:00","dateModified":"2024-12-09T13:39:34+00:00","description":"Marockansk bomullsmatta i kr\u00e4m med bruna detaljer. Den h\u00f6gsta kvaliteten s\u00e4kerst\u00e4ller att den h\u00e5ller l\u00e4nge. Unik design som inte g\u00e5r att hitta n\u00e5gon annanstans.","breadcrumb":{"@id":"https:\/\/tibladin.dk\/produkt\/bomuldstaeppe-bahia\/#breadcrumb"},"inLanguage":"sv-SE","potentialAction":[{"@type":"ReadAction","target":["https:\/\/tibladin.dk\/produkt\/bomuldstaeppe-bahia\/"]}]},{"@type":"ImageObject","inLanguage":"sv-SE","@id":"https:\/\/tibladin.dk\/produkt\/bomuldstaeppe-bahia\/#primaryimage","url":"https:\/\/tibladin.dk\/wp-content\/uploads\/2022\/09\/Tibladin_marokkansk-bomuldstaeppe_bahia-1.jpg","contentUrl":"https:\/\/tibladin.dk\/wp-content\/uploads\/2022\/09\/Tibladin_marokkansk-bomuldstaeppe_bahia-1.jpg","width":800,"height":800,"caption":"H\u00e5ndv\u00e6vet bomuldst\u00e6ppe i beige med marokkansk stribe og prikm\u00f8nster i brune nuancer med hvide kvaster"},{"@type":"BreadcrumbList","@id":"https:\/\/tibladin.dk\/produkt\/bomuldstaeppe-bahia\/#breadcrumb","itemListElement":[{"@type":"ListItem","position":1,"name":"Hjem","item":"https:\/\/tibladin.dk\/"},{"@type":"ListItem","position":2,"name":"Shop","item":"https:\/\/tibladin.dk\/shop\/"},{"@type":"ListItem","position":3,"name":"Bomuldst\u00e6ppe &#8211; Bahia"}]},{"@type":"WebSite","@id":"https:\/\/tibladin.dk\/#website","url":"https:\/\/tibladin.dk\/","name":"Tibladin","description":"Tibladin","publisher":{"@id":"https:\/\/tibladin.dk\/#organization"},"potentialAction":[{"@type":"SearchAction","target":{"@type":"EntryPoint","urlTemplate":"https:\/\/tibladin.dk\/?s={search_term_string}"},"query-input":{"@type":"PropertyValueSpecification","valueRequired":true,"valueName":"search_term_string"}}],"inLanguage":"sv-SE"},{"@type":"Organization","@id":"https:\/\/tibladin.dk\/#organization","name":"Tibladin","url":"https:\/\/tibladin.dk\/","logo":{"@type":"ImageObject","inLanguage":"sv-SE","@id":"https:\/\/tibladin.dk\/#\/schema\/logo\/image\/","url":"https:\/\/tibladin.dk\/wp-content\/uploads\/2022\/09\/tibladin_logo.svg","contentUrl":"https:\/\/tibladin.dk\/wp-content\/uploads\/2022\/09\/tibladin_logo.svg","caption":"Tibladin"},"image":{"@id":"https:\/\/tibladin.dk\/#\/schema\/logo\/image\/"}}]}},"_links":{"self":[{"href":"https:\/\/tibladin.dk\/sv\/wp-json\/wp\/v2\/product\/1576","targetHints":{"allow":["GET"]}}],"collection":[{"href":"https:\/\/tibladin.dk\/sv\/wp-json\/wp\/v2\/product"}],"about":[{"href":"https:\/\/tibladin.dk\/sv\/wp-json\/wp\/v2\/types\/product"}],"wp:featuredmedia":[{"embeddable":true,"href":"https:\/\/tibladin.dk\/sv\/wp-json\/wp\/v2\/media\/1572"}],"wp:attachment":[{"href":"https:\/\/tibladin.dk\/sv\/wp-json\/wp\/v2\/media?parent=1576"}],"wp:term":[{"taxonomy":"product_brand","embeddable":true,"href":"https:\/\/tibladin.dk\/sv\/wp-json\/wp\/v2\/product_brand?post=1576"},{"taxonomy":"product_cat","embeddable":true,"href":"https:\/\/tibladin.dk\/sv\/wp-json\/wp\/v2\/product_cat?post=1576"},{"taxonomy":"product_tag","embeddable":true,"href":"https:\/\/tibladin.dk\/sv\/wp-json\/wp\/v2\/product_tag?post=1576"}],"curies":[{"name":"wp","href":"https:\/\/api.w.org\/{rel}","templated":true}]}}