{"id":1579,"date":"2022-09-20T11:10:14","date_gmt":"2022-09-20T09:10:14","guid":{"rendered":"https:\/\/tibladin.dk\/?post_type=product&#038;p=1579"},"modified":"2025-11-15T12:30:30","modified_gmt":"2025-11-15T11:30:30","slug":"salt-och-peppar-mini-tagine-skaal-med-lager","status":"publish","type":"product","link":"https:\/\/tibladin.dk\/sv\/produkt\/saltpeber-mini-tagine-skaal-med-laag\/","title":{"rendered":"Salt&amp;Peppar mini tagine sk\u00e5l med lock"},"content":{"rendered":"<div class=\"wpb-content-wrapper\"><div class=\"vc_row wpb_row vc_row-fluid\"><div class=\"wpb_column vc_column_container vc_col-sm-4\"><div class=\"vc_column-inner\"><div class=\"wpb_wrapper\">\n\t<div class=\"wpb_video_widget wpb_content_element vc_clearfix   vc_video-aspect-ratio-43 vc_video-el-width-100 vc_video-align-left\" >\n\t\t<div class=\"wpb_wrapper\">\n\t\t\t\n\t\t\t<div class=\"wpb_video_wrapper\"><div class=\"video-container\"><iframe loading=\"lazy\" title=\"Tibladin_produktion stengods\" src=\"https:\/\/player.vimeo.com\/video\/415400643?dnt=1&amp;app_id=122963\" width=\"310\" height=\"310\" frameborder=\"0\" allow=\"autoplay; fullscreen; picture-in-picture\"><\/iframe><\/div><\/div>\n\t\t<\/div>\n\t<\/div>\n<\/div><\/div><\/div><div class=\"wpb_column vc_column_container vc_col-sm-4\"><div class=\"vc_column-inner\"><div class=\"wpb_wrapper\"><h3 style=\"text-align: left\" class=\"vc_custom_heading vc_do_custom_heading\" >Underh\u00e5ll<\/h3>\n\t<div class=\"wpb_text_column wpb_content_element\" >\n\t\t<div class=\"wpb_wrapper\">\n\t\t\t<p>Kan tv\u00e4ttas med milt tv\u00e5lvatten - kan \u00e4ven g\u00e5 i diskmaskin.<\/p>\n<p>R\u00e4tterna \u00e4r handgjorda och det kan f\u00f6rekomma variationer i b\u00e5de f\u00e4rg och form.<\/p>\n\n\t\t<\/div>\n\t<\/div>\n<\/div><\/div><\/div><div class=\"wpb_column vc_column_container vc_col-sm-4\"><div class=\"vc_column-inner\"><div class=\"wpb_wrapper\"><h3 style=\"text-align: left\" class=\"vc_custom_heading vc_do_custom_heading\" >Historien bakom<\/h3>\n\t<div class=\"wpb_text_column wpb_content_element\" >\n\t\t<div class=\"wpb_wrapper\">\n\t\t\t<p>En snygg dukning med unika, vackra saker kan vara ett bra samtals\u00e4mne med dina g\u00e4ster. Mitt samarbete med denna tillverkare av stengods \u00e4r helt extraordin\u00e4rt. H\u00e4r har de specialiserat sig p\u00e5 att g\u00f6ra tidl\u00f6st stengods med en liten touch av Marocko, precis som jag \u00e4lskar det. Det kallas \u00e4ven Marrakech-porslin. De levererar \u00f6ver hela v\u00e4rlden och till alla st\u00f6rre hotell, restauranger och butiker. Stengodset br\u00e4nns i \u00f6ver 1200 grader vilket g\u00f6r det mycket h\u00e5llbart. Allt du ser under stengods p\u00e5 denna sida \u00e4r godk\u00e4nt att g\u00e5 i ugn, mikrov\u00e5gsugn och diskmaskin och som konsument \u00e4r du s\u00e4ker p\u00e5 att allt \u00e4r godk\u00e4nt enligt internationella standarder och Prob65 California, vilket indikerar att det \u00e4r giftfria material och glasyr \u2013 godk\u00e4nd f\u00f6r att kunna \u00e4ta och dricka av den.<\/p>\n\n\t\t<\/div>\n\t<\/div>\n<\/div><\/div><\/div><\/div>\n<\/div>","protected":false},"excerpt":{"rendered":"<p>Mini Tagine sk\u00e5lar med lock som passar utm\u00e4rkt till Salt &amp; Peppar eller andra kryddor, eller att servera p\u00e5 tallrik med n\u00f6tter, choklad eller annat gott. Superfina som sm\u00e5 sojask\u00e5lar n\u00e4r du serverar sushi eller som pesto till ditt tapasfat. M\u00f6jligheterna \u00e4r m\u00e5nga.<\/p>\n<p>7,5 cm i diameter och h\u00f6jd. Finns i tre olika m\u00f6nster Zig Zag, Dot och Ethnic Chic och passar allts\u00e5 till fat, sk\u00e5lar och muggar i samma serie.<\/p>\n<p>T\u00e5l ugn, mikrov\u00e5gsugn, frys och diskmaskin.<\/p>","protected":false},"featured_media":1671,"template":"","meta":{"inline_featured_image":false},"product_brand":[],"product_cat":[33,48,43,32],"product_tag":[],"class_list":{"0":"post-1579","1":"product","2":"type-product","3":"status-publish","4":"has-post-thumbnail","6":"product_cat-borddaekning","7":"product_cat-skaale","8":"product_cat-stentoej","9":"product_cat-tilbud","11":"first","12":"outofstock","13":"sale","14":"taxable","15":"shipping-taxable","16":"purchasable","17":"product-type-variable"},"exclude_global_add_ons":false,"addons":[{"name":"Vill du ha presentinslagning?","type":"checkbox","position":0,"required":false,"title_format":"label","default":"","description_enable":false,"description":"","placeholder_enable":false,"placeholder":"","display":"images","restrictions_type":"any_text","adjust_price":false,"price":"","price_type":"flat_fee","restrictions":false,"min":"0","max":"0","options":[{"label":"Ja tak","price":"10","price_type":"flat_fee","image":11015,"visibility":true}],"id":1669646111}],"yoast_head":"<!-- This site is optimized with the Yoast SEO plugin v27.4 - https:\/\/yoast.com\/product\/yoast-seo-wordpress\/ -->\n<title>Mini tagine sk\u00e5l med l\u00e5g | Tibladin<\/title>\n<meta name=\"description\" content=\"Marokkansk stent\u00f8j. Mini Tagine sk\u00e5l med l\u00e5g 7,5 cm. fine til salt&amp;peber eller til at servere lidt godt til kaffen i. K\u00f8b fad og krus for et komplet s\u00e6t\" \/>\n<meta name=\"robots\" content=\"index, follow, max-snippet:-1, max-image-preview:large, max-video-preview:-1\" \/>\n<link rel=\"canonical\" href=\"https:\/\/tibladin.dk\/sv\/produkt\/salt-och-peppar-mini-tagine-skaal-med-lager\/\" \/>\n<meta property=\"og:locale\" content=\"sv_SE\" \/>\n<meta property=\"og:type\" content=\"article\" \/>\n<meta property=\"og:title\" content=\"Mini tagine sk\u00e5l med l\u00e5g | Tibladin\" \/>\n<meta property=\"og:description\" content=\"Marokkansk stent\u00f8j. Mini Tagine sk\u00e5l med l\u00e5g 7,5 cm. fine til salt&amp;peber eller til at servere lidt godt til kaffen i. K\u00f8b fad og krus for et komplet s\u00e6t\" \/>\n<meta property=\"og:url\" content=\"https:\/\/tibladin.dk\/sv\/produkt\/salt-och-peppar-mini-tagine-skaal-med-lager\/\" \/>\n<meta property=\"og:site_name\" content=\"Tibladin\" \/>\n<meta property=\"article:modified_time\" content=\"2025-11-15T11:30:30+00:00\" \/>\n<meta property=\"og:image\" content=\"https:\/\/tibladin.dk\/wp-content\/uploads\/2022\/09\/Tibladin_marokkansk-stentoej_salt-og-peber_LS2-1.jpg\" \/>\n\t<meta property=\"og:image:width\" content=\"800\" \/>\n\t<meta property=\"og:image:height\" content=\"800\" \/>\n\t<meta property=\"og:image:type\" content=\"image\/jpeg\" \/>\n<meta name=\"twitter:card\" content=\"summary_large_image\" \/>\n<meta name=\"twitter:label1\" content=\"Ber\u00e4knad l\u00e4stid\" \/>\n\t<meta name=\"twitter:data1\" content=\"2 minuter\" \/>\n<script type=\"application\/ld+json\" class=\"yoast-schema-graph\">{\"@context\":\"https:\\\/\\\/schema.org\",\"@graph\":[{\"@type\":\"WebPage\",\"@id\":\"https:\\\/\\\/tibladin.dk\\\/produkt\\\/saltpeber-mini-tagine-skaal-med-laag\\\/\",\"url\":\"https:\\\/\\\/tibladin.dk\\\/produkt\\\/saltpeber-mini-tagine-skaal-med-laag\\\/\",\"name\":\"Mini tagine sk\u00e5l med l\u00e5g | Tibladin\",\"isPartOf\":{\"@id\":\"https:\\\/\\\/tibladin.dk\\\/#website\"},\"primaryImageOfPage\":{\"@id\":\"https:\\\/\\\/tibladin.dk\\\/produkt\\\/saltpeber-mini-tagine-skaal-med-laag\\\/#primaryimage\"},\"image\":{\"@id\":\"https:\\\/\\\/tibladin.dk\\\/produkt\\\/saltpeber-mini-tagine-skaal-med-laag\\\/#primaryimage\"},\"thumbnailUrl\":\"https:\\\/\\\/tibladin.dk\\\/wp-content\\\/uploads\\\/2022\\\/09\\\/Tibladin_marokkansk-stentoej_salt-og-peber_LS2-1.jpg\",\"datePublished\":\"2022-09-20T09:10:14+00:00\",\"dateModified\":\"2025-11-15T11:30:30+00:00\",\"description\":\"Marokkansk stent\u00f8j. Mini Tagine sk\u00e5l med l\u00e5g 7,5 cm. fine til salt&peber eller til at servere lidt godt til kaffen i. K\u00f8b fad og krus for et komplet s\u00e6t\",\"breadcrumb\":{\"@id\":\"https:\\\/\\\/tibladin.dk\\\/produkt\\\/saltpeber-mini-tagine-skaal-med-laag\\\/#breadcrumb\"},\"inLanguage\":\"sv-SE\",\"potentialAction\":[{\"@type\":\"ReadAction\",\"target\":[\"https:\\\/\\\/tibladin.dk\\\/produkt\\\/saltpeber-mini-tagine-skaal-med-laag\\\/\"]}]},{\"@type\":\"ImageObject\",\"inLanguage\":\"sv-SE\",\"@id\":\"https:\\\/\\\/tibladin.dk\\\/produkt\\\/saltpeber-mini-tagine-skaal-med-laag\\\/#primaryimage\",\"url\":\"https:\\\/\\\/tibladin.dk\\\/wp-content\\\/uploads\\\/2022\\\/09\\\/Tibladin_marokkansk-stentoej_salt-og-peber_LS2-1.jpg\",\"contentUrl\":\"https:\\\/\\\/tibladin.dk\\\/wp-content\\\/uploads\\\/2022\\\/09\\\/Tibladin_marokkansk-stentoej_salt-og-peber_LS2-1.jpg\",\"width\":800,\"height\":800,\"caption\":\"Lille tagine fad med prikm\u00f8nster med chokolade i, p\u00e5 fad med matchende m\u00f8nster og jordb\u00e6r p\u00e5\"},{\"@type\":\"BreadcrumbList\",\"@id\":\"https:\\\/\\\/tibladin.dk\\\/produkt\\\/saltpeber-mini-tagine-skaal-med-laag\\\/#breadcrumb\",\"itemListElement\":[{\"@type\":\"ListItem\",\"position\":1,\"name\":\"Hjem\",\"item\":\"https:\\\/\\\/tibladin.dk\\\/\"},{\"@type\":\"ListItem\",\"position\":2,\"name\":\"Shop\",\"item\":\"https:\\\/\\\/tibladin.dk\\\/shop\\\/\"},{\"@type\":\"ListItem\",\"position\":3,\"name\":\"Salt&#038;Peber mini tagine sk\u00e5l med l\u00e5g\"}]},{\"@type\":\"WebSite\",\"@id\":\"https:\\\/\\\/tibladin.dk\\\/#website\",\"url\":\"https:\\\/\\\/tibladin.dk\\\/\",\"name\":\"Tibladin\",\"description\":\"Tibladin\",\"publisher\":{\"@id\":\"https:\\\/\\\/tibladin.dk\\\/#organization\"},\"potentialAction\":[{\"@type\":\"SearchAction\",\"target\":{\"@type\":\"EntryPoint\",\"urlTemplate\":\"https:\\\/\\\/tibladin.dk\\\/?s={search_term_string}\"},\"query-input\":{\"@type\":\"PropertyValueSpecification\",\"valueRequired\":true,\"valueName\":\"search_term_string\"}}],\"inLanguage\":\"sv-SE\"},{\"@type\":\"Organization\",\"@id\":\"https:\\\/\\\/tibladin.dk\\\/#organization\",\"name\":\"Tibladin\",\"url\":\"https:\\\/\\\/tibladin.dk\\\/\",\"logo\":{\"@type\":\"ImageObject\",\"inLanguage\":\"sv-SE\",\"@id\":\"https:\\\/\\\/tibladin.dk\\\/#\\\/schema\\\/logo\\\/image\\\/\",\"url\":\"https:\\\/\\\/tibladin.dk\\\/wp-content\\\/uploads\\\/2022\\\/09\\\/tibladin_logo.svg\",\"contentUrl\":\"https:\\\/\\\/tibladin.dk\\\/wp-content\\\/uploads\\\/2022\\\/09\\\/tibladin_logo.svg\",\"caption\":\"Tibladin\"},\"image\":{\"@id\":\"https:\\\/\\\/tibladin.dk\\\/#\\\/schema\\\/logo\\\/image\\\/\"}}]}<\/script>\n<!-- \/ Yoast SEO plugin. -->","yoast_head_json":{"title":"Mini tagine sk\u00e5l med lock | Tibladin","description":"Marockanskt stengods. Mini Tagine sk\u00e5l med lock 7,5 cm. fint till salt &amp; peppar eller att servera lite gott till kaffet i. K\u00f6p fat och mugg f\u00f6r ett komplett set","robots":{"index":"index","follow":"follow","max-snippet":"max-snippet:-1","max-image-preview":"max-image-preview:large","max-video-preview":"max-video-preview:-1"},"canonical":"https:\/\/tibladin.dk\/sv\/produkt\/salt-och-peppar-mini-tagine-skaal-med-lager\/","og_locale":"sv_SE","og_type":"article","og_title":"Mini tagine sk\u00e5l med l\u00e5g | Tibladin","og_description":"Marokkansk stent\u00f8j. Mini Tagine sk\u00e5l med l\u00e5g 7,5 cm. fine til salt&peber eller til at servere lidt godt til kaffen i. K\u00f8b fad og krus for et komplet s\u00e6t","og_url":"https:\/\/tibladin.dk\/sv\/produkt\/salt-och-peppar-mini-tagine-skaal-med-lager\/","og_site_name":"Tibladin","article_modified_time":"2025-11-15T11:30:30+00:00","og_image":[{"width":800,"height":800,"url":"https:\/\/tibladin.dk\/wp-content\/uploads\/2022\/09\/Tibladin_marokkansk-stentoej_salt-og-peber_LS2-1.jpg","type":"image\/jpeg"}],"twitter_card":"summary_large_image","twitter_misc":{"Ber\u00e4knad l\u00e4stid":"2 minuter"},"schema":{"@context":"https:\/\/schema.org","@graph":[{"@type":"WebPage","@id":"https:\/\/tibladin.dk\/produkt\/saltpeber-mini-tagine-skaal-med-laag\/","url":"https:\/\/tibladin.dk\/produkt\/saltpeber-mini-tagine-skaal-med-laag\/","name":"Mini tagine sk\u00e5l med lock | Tibladin","isPartOf":{"@id":"https:\/\/tibladin.dk\/#website"},"primaryImageOfPage":{"@id":"https:\/\/tibladin.dk\/produkt\/saltpeber-mini-tagine-skaal-med-laag\/#primaryimage"},"image":{"@id":"https:\/\/tibladin.dk\/produkt\/saltpeber-mini-tagine-skaal-med-laag\/#primaryimage"},"thumbnailUrl":"https:\/\/tibladin.dk\/wp-content\/uploads\/2022\/09\/Tibladin_marokkansk-stentoej_salt-og-peber_LS2-1.jpg","datePublished":"2022-09-20T09:10:14+00:00","dateModified":"2025-11-15T11:30:30+00:00","description":"Marockanskt stengods. Mini Tagine sk\u00e5l med lock 7,5 cm. fint till salt &amp; peppar eller att servera lite gott till kaffet i. K\u00f6p fat och mugg f\u00f6r ett komplett set","breadcrumb":{"@id":"https:\/\/tibladin.dk\/produkt\/saltpeber-mini-tagine-skaal-med-laag\/#breadcrumb"},"inLanguage":"sv-SE","potentialAction":[{"@type":"ReadAction","target":["https:\/\/tibladin.dk\/produkt\/saltpeber-mini-tagine-skaal-med-laag\/"]}]},{"@type":"ImageObject","inLanguage":"sv-SE","@id":"https:\/\/tibladin.dk\/produkt\/saltpeber-mini-tagine-skaal-med-laag\/#primaryimage","url":"https:\/\/tibladin.dk\/wp-content\/uploads\/2022\/09\/Tibladin_marokkansk-stentoej_salt-og-peber_LS2-1.jpg","contentUrl":"https:\/\/tibladin.dk\/wp-content\/uploads\/2022\/09\/Tibladin_marokkansk-stentoej_salt-og-peber_LS2-1.jpg","width":800,"height":800,"caption":"Lille tagine fad med prikm\u00f8nster med chokolade i, p\u00e5 fad med matchende m\u00f8nster og jordb\u00e6r p\u00e5"},{"@type":"BreadcrumbList","@id":"https:\/\/tibladin.dk\/produkt\/saltpeber-mini-tagine-skaal-med-laag\/#breadcrumb","itemListElement":[{"@type":"ListItem","position":1,"name":"Hjem","item":"https:\/\/tibladin.dk\/"},{"@type":"ListItem","position":2,"name":"Shop","item":"https:\/\/tibladin.dk\/shop\/"},{"@type":"ListItem","position":3,"name":"Salt&#038;Peber mini tagine sk\u00e5l med l\u00e5g"}]},{"@type":"WebSite","@id":"https:\/\/tibladin.dk\/#website","url":"https:\/\/tibladin.dk\/","name":"Tibladin","description":"Tibladin","publisher":{"@id":"https:\/\/tibladin.dk\/#organization"},"potentialAction":[{"@type":"SearchAction","target":{"@type":"EntryPoint","urlTemplate":"https:\/\/tibladin.dk\/?s={search_term_string}"},"query-input":{"@type":"PropertyValueSpecification","valueRequired":true,"valueName":"search_term_string"}}],"inLanguage":"sv-SE"},{"@type":"Organization","@id":"https:\/\/tibladin.dk\/#organization","name":"Tibladin","url":"https:\/\/tibladin.dk\/","logo":{"@type":"ImageObject","inLanguage":"sv-SE","@id":"https:\/\/tibladin.dk\/#\/schema\/logo\/image\/","url":"https:\/\/tibladin.dk\/wp-content\/uploads\/2022\/09\/tibladin_logo.svg","contentUrl":"https:\/\/tibladin.dk\/wp-content\/uploads\/2022\/09\/tibladin_logo.svg","caption":"Tibladin"},"image":{"@id":"https:\/\/tibladin.dk\/#\/schema\/logo\/image\/"}}]}},"_links":{"self":[{"href":"https:\/\/tibladin.dk\/sv\/wp-json\/wp\/v2\/product\/1579","targetHints":{"allow":["GET"]}}],"collection":[{"href":"https:\/\/tibladin.dk\/sv\/wp-json\/wp\/v2\/product"}],"about":[{"href":"https:\/\/tibladin.dk\/sv\/wp-json\/wp\/v2\/types\/product"}],"wp:featuredmedia":[{"embeddable":true,"href":"https:\/\/tibladin.dk\/sv\/wp-json\/wp\/v2\/media\/1671"}],"wp:attachment":[{"href":"https:\/\/tibladin.dk\/sv\/wp-json\/wp\/v2\/media?parent=1579"}],"wp:term":[{"taxonomy":"product_brand","embeddable":true,"href":"https:\/\/tibladin.dk\/sv\/wp-json\/wp\/v2\/product_brand?post=1579"},{"taxonomy":"product_cat","embeddable":true,"href":"https:\/\/tibladin.dk\/sv\/wp-json\/wp\/v2\/product_cat?post=1579"},{"taxonomy":"product_tag","embeddable":true,"href":"https:\/\/tibladin.dk\/sv\/wp-json\/wp\/v2\/product_tag?post=1579"}],"curies":[{"name":"wp","href":"https:\/\/api.w.org\/{rel}","templated":true}]}}