{"id":1613,"date":"2022-09-20T11:10:27","date_gmt":"2022-09-20T09:10:27","guid":{"rendered":"https:\/\/tibladin.dk\/vare\/urtepotteskjuler-kaktus-form-groen\/"},"modified":"2026-03-14T15:19:16","modified_gmt":"2026-03-14T14:19:16","slug":"blomkruka-doljer-kaktus-bildar-gron","status":"publish","type":"product","link":"https:\/\/tibladin.dk\/sv\/produkt\/urtepotteskjuler-kaktus-form-groen\/","title":{"rendered":"Blomkruka d\u00f6ljer kaktusform \u2013 gr\u00f6n"},"content":{"rendered":"<div class=\"wpb-content-wrapper\"><div class=\"vc_row wpb_row vc_row-fluid\"><div class=\"wpb_column vc_column_container vc_col-sm-4\"><div class=\"vc_column-inner\"><div class=\"wpb_wrapper\"><\/div><\/div><\/div><div class=\"wpb_column vc_column_container vc_col-sm-4\"><div class=\"vc_column-inner\"><div class=\"wpb_wrapper\"><h3 style=\"text-align: left\" class=\"vc_custom_heading vc_do_custom_heading\" >Underh\u00e5ll<\/h3>\n\t<div class=\"wpb_text_column wpb_content_element\" >\n\t\t<div class=\"wpb_wrapper\">\n\t\t\t<p>Kan tv\u00e4ttas med tv\u00e5l och vatten<\/p>\n\n\t\t<\/div>\n\t<\/div>\n<\/div><\/div><\/div><div class=\"wpb_column vc_column_container vc_col-sm-4\"><div class=\"vc_column-inner\"><div class=\"wpb_wrapper\"><h3 style=\"text-align: left\" class=\"vc_custom_heading vc_do_custom_heading\" >Historien bakom<\/h3>\n\t<div class=\"wpb_text_column wpb_content_element\" >\n\t\t<div class=\"wpb_wrapper\">\n\t\t\t<p>Burken \u00e4r handgjord och det finns oj\u00e4mnheter, sm\u00e5 &quot;imperfektioner&quot;, sprucket utseende och sm\u00e5 st\u00e4llen d\u00e4r det inte \u00e4r full glasyr. Detta \u00e4r po\u00e4ngen och \u00e4r charmen med dessa burkar. Den taktila ytan g\u00f6r att du vill r\u00f6ra vid burken och du hittar hela tiden nya f\u00e4rgnyanser och inspiration i detta lilla konstverk.<\/p>\n\n\t\t<\/div>\n\t<\/div>\n<\/div><\/div><\/div><\/div>\n<\/div>","protected":false},"excerpt":{"rendered":"<p>Vackra blomkrukor i marockansk keramik i en vacker gr\u00f6n kaktusf\u00e4rg.<\/p>\n<p>Inspirerad av Tamegroute-keramik med ett rustikt och l\u00e4tt sprucket och &quot;imperfekt&quot; utseende. Men till skillnad fr\u00e5n Tamegroute \u00e4r ytan p\u00e5 denna burk sl\u00e4tare och j\u00e4mnare.<\/p>\n<p>Otroligt vacker blomkruksk\u00f6ljare som ger dina v\u00e4xter karakt\u00e4r.<\/p>\n<div id=\"comp-k9oy2jpc\" class=\"_1Z_nJ\" data-testid=\"richTextElement\">\n<p class=\"font_7\">\n<\/div>","protected":false},"featured_media":1610,"template":"","meta":{"inline_featured_image":false},"product_brand":[],"product_cat":[51,92],"product_tag":[],"class_list":{"0":"post-1613","1":"product","2":"type-product","3":"status-publish","4":"has-post-thumbnail","6":"product_cat-opbevaring","7":"product_cat-urtepotteskjulere","9":"first","10":"instock","11":"taxable","12":"shipping-taxable","13":"purchasable","14":"product-type-simple"},"exclude_global_add_ons":false,"addons":[{"name":"Vill du ha presentinslagning?","type":"checkbox","position":0,"required":false,"title_format":"label","default":"","description_enable":false,"description":"","placeholder_enable":false,"placeholder":"","display":"images","restrictions_type":"any_text","adjust_price":false,"price":"","price_type":"flat_fee","restrictions":false,"min":"0","max":"0","options":[{"label":"Ja tak","price":"10","price_type":"flat_fee","image":11015,"visibility":true}],"id":1669646111}],"yoast_head":"<!-- This site is optimized with the Yoast SEO plugin v27.4 - https:\/\/yoast.com\/product\/yoast-seo-wordpress\/ -->\n<title>Urtepotteskjuler marokkansk marokkansk keramik | Tibladin<\/title>\n<meta name=\"description\" content=\"Keramik krukke inspireret fra Tamegroute med en dyb gr\u00f8n farve, og en taktil uperfekt overflade, der giver et karakteristisk og unikt udseende.\" \/>\n<meta name=\"robots\" content=\"index, follow, max-snippet:-1, max-image-preview:large, max-video-preview:-1\" \/>\n<link rel=\"canonical\" href=\"https:\/\/tibladin.dk\/sv\/produkt\/blomkruka-doljer-kaktus-bildar-gron\/\" \/>\n<meta property=\"og:locale\" content=\"sv_SE\" \/>\n<meta property=\"og:type\" content=\"article\" \/>\n<meta property=\"og:title\" content=\"Urtepotteskjuler marokkansk marokkansk keramik | Tibladin\" \/>\n<meta property=\"og:description\" content=\"Keramik krukke inspireret fra Tamegroute med en dyb gr\u00f8n farve, og en taktil uperfekt overflade, der giver et karakteristisk og unikt udseende.\" \/>\n<meta property=\"og:url\" content=\"https:\/\/tibladin.dk\/sv\/produkt\/blomkruka-doljer-kaktus-bildar-gron\/\" \/>\n<meta property=\"og:site_name\" content=\"Tibladin\" \/>\n<meta property=\"article:modified_time\" content=\"2026-03-14T14:19:16+00:00\" \/>\n<meta property=\"og:image\" content=\"https:\/\/tibladin.dk\/wp-content\/uploads\/2022\/09\/6011-050022_urtepotteskjuler_LS-1.jpg\" \/>\n\t<meta property=\"og:image:width\" content=\"800\" \/>\n\t<meta property=\"og:image:height\" content=\"800\" \/>\n\t<meta property=\"og:image:type\" content=\"image\/jpeg\" \/>\n<meta name=\"twitter:card\" content=\"summary_large_image\" \/>\n<meta name=\"twitter:label1\" content=\"Ber\u00e4knad l\u00e4stid\" \/>\n\t<meta name=\"twitter:data1\" content=\"1 minut\" \/>\n<script type=\"application\/ld+json\" class=\"yoast-schema-graph\">{\"@context\":\"https:\\\/\\\/schema.org\",\"@graph\":[{\"@type\":\"WebPage\",\"@id\":\"https:\\\/\\\/tibladin.dk\\\/produkt\\\/urtepotteskjuler-kaktus-form-groen\\\/\",\"url\":\"https:\\\/\\\/tibladin.dk\\\/produkt\\\/urtepotteskjuler-kaktus-form-groen\\\/\",\"name\":\"Urtepotteskjuler marokkansk marokkansk keramik | Tibladin\",\"isPartOf\":{\"@id\":\"https:\\\/\\\/tibladin.dk\\\/#website\"},\"primaryImageOfPage\":{\"@id\":\"https:\\\/\\\/tibladin.dk\\\/produkt\\\/urtepotteskjuler-kaktus-form-groen\\\/#primaryimage\"},\"image\":{\"@id\":\"https:\\\/\\\/tibladin.dk\\\/produkt\\\/urtepotteskjuler-kaktus-form-groen\\\/#primaryimage\"},\"thumbnailUrl\":\"https:\\\/\\\/tibladin.dk\\\/wp-content\\\/uploads\\\/2022\\\/09\\\/6011-050022_urtepotteskjuler_LS-1.jpg\",\"datePublished\":\"2022-09-20T09:10:27+00:00\",\"dateModified\":\"2026-03-14T14:19:16+00:00\",\"description\":\"Keramik krukke inspireret fra Tamegroute med en dyb gr\u00f8n farve, og en taktil uperfekt overflade, der giver et karakteristisk og unikt udseende.\",\"breadcrumb\":{\"@id\":\"https:\\\/\\\/tibladin.dk\\\/produkt\\\/urtepotteskjuler-kaktus-form-groen\\\/#breadcrumb\"},\"inLanguage\":\"sv-SE\",\"potentialAction\":[{\"@type\":\"ReadAction\",\"target\":[\"https:\\\/\\\/tibladin.dk\\\/produkt\\\/urtepotteskjuler-kaktus-form-groen\\\/\"]}]},{\"@type\":\"ImageObject\",\"inLanguage\":\"sv-SE\",\"@id\":\"https:\\\/\\\/tibladin.dk\\\/produkt\\\/urtepotteskjuler-kaktus-form-groen\\\/#primaryimage\",\"url\":\"https:\\\/\\\/tibladin.dk\\\/wp-content\\\/uploads\\\/2022\\\/09\\\/6011-050022_urtepotteskjuler_LS-1.jpg\",\"contentUrl\":\"https:\\\/\\\/tibladin.dk\\\/wp-content\\\/uploads\\\/2022\\\/09\\\/6011-050022_urtepotteskjuler_LS-1.jpg\",\"width\":800,\"height\":800,\"caption\":\"Marokkansk h\u00e5ndlavet keramisk urtepotteskjuler i gr\u00f8n med en plante i\"},{\"@type\":\"BreadcrumbList\",\"@id\":\"https:\\\/\\\/tibladin.dk\\\/produkt\\\/urtepotteskjuler-kaktus-form-groen\\\/#breadcrumb\",\"itemListElement\":[{\"@type\":\"ListItem\",\"position\":1,\"name\":\"Hjem\",\"item\":\"https:\\\/\\\/tibladin.dk\\\/\"},{\"@type\":\"ListItem\",\"position\":2,\"name\":\"Shop\",\"item\":\"https:\\\/\\\/tibladin.dk\\\/shop\\\/\"},{\"@type\":\"ListItem\",\"position\":3,\"name\":\"Urtepotteskjuler kaktus form &#8211; gr\u00f8n\"}]},{\"@type\":\"WebSite\",\"@id\":\"https:\\\/\\\/tibladin.dk\\\/#website\",\"url\":\"https:\\\/\\\/tibladin.dk\\\/\",\"name\":\"Tibladin\",\"description\":\"Tibladin\",\"publisher\":{\"@id\":\"https:\\\/\\\/tibladin.dk\\\/#organization\"},\"potentialAction\":[{\"@type\":\"SearchAction\",\"target\":{\"@type\":\"EntryPoint\",\"urlTemplate\":\"https:\\\/\\\/tibladin.dk\\\/?s={search_term_string}\"},\"query-input\":{\"@type\":\"PropertyValueSpecification\",\"valueRequired\":true,\"valueName\":\"search_term_string\"}}],\"inLanguage\":\"sv-SE\"},{\"@type\":\"Organization\",\"@id\":\"https:\\\/\\\/tibladin.dk\\\/#organization\",\"name\":\"Tibladin\",\"url\":\"https:\\\/\\\/tibladin.dk\\\/\",\"logo\":{\"@type\":\"ImageObject\",\"inLanguage\":\"sv-SE\",\"@id\":\"https:\\\/\\\/tibladin.dk\\\/#\\\/schema\\\/logo\\\/image\\\/\",\"url\":\"https:\\\/\\\/tibladin.dk\\\/wp-content\\\/uploads\\\/2022\\\/09\\\/tibladin_logo.svg\",\"contentUrl\":\"https:\\\/\\\/tibladin.dk\\\/wp-content\\\/uploads\\\/2022\\\/09\\\/tibladin_logo.svg\",\"caption\":\"Tibladin\"},\"image\":{\"@id\":\"https:\\\/\\\/tibladin.dk\\\/#\\\/schema\\\/logo\\\/image\\\/\"}}]}<\/script>\n<!-- \/ Yoast SEO plugin. -->","yoast_head_json":{"title":"Blomkruka d\u00f6ljer marockansk marockansk keramik | Tibladin","description":"Keramikburk inspirerad av Tamegroute med en djupgr\u00f6n f\u00e4rg och en taktil imperfekt yta som ger ett karakt\u00e4ristiskt och unikt utseende.","robots":{"index":"index","follow":"follow","max-snippet":"max-snippet:-1","max-image-preview":"max-image-preview:large","max-video-preview":"max-video-preview:-1"},"canonical":"https:\/\/tibladin.dk\/sv\/produkt\/blomkruka-doljer-kaktus-bildar-gron\/","og_locale":"sv_SE","og_type":"article","og_title":"Urtepotteskjuler marokkansk marokkansk keramik | Tibladin","og_description":"Keramik krukke inspireret fra Tamegroute med en dyb gr\u00f8n farve, og en taktil uperfekt overflade, der giver et karakteristisk og unikt udseende.","og_url":"https:\/\/tibladin.dk\/sv\/produkt\/blomkruka-doljer-kaktus-bildar-gron\/","og_site_name":"Tibladin","article_modified_time":"2026-03-14T14:19:16+00:00","og_image":[{"width":800,"height":800,"url":"https:\/\/tibladin.dk\/wp-content\/uploads\/2022\/09\/6011-050022_urtepotteskjuler_LS-1.jpg","type":"image\/jpeg"}],"twitter_card":"summary_large_image","twitter_misc":{"Ber\u00e4knad l\u00e4stid":"1 minut"},"schema":{"@context":"https:\/\/schema.org","@graph":[{"@type":"WebPage","@id":"https:\/\/tibladin.dk\/produkt\/urtepotteskjuler-kaktus-form-groen\/","url":"https:\/\/tibladin.dk\/produkt\/urtepotteskjuler-kaktus-form-groen\/","name":"Blomkruka d\u00f6ljer marockansk marockansk keramik | Tibladin","isPartOf":{"@id":"https:\/\/tibladin.dk\/#website"},"primaryImageOfPage":{"@id":"https:\/\/tibladin.dk\/produkt\/urtepotteskjuler-kaktus-form-groen\/#primaryimage"},"image":{"@id":"https:\/\/tibladin.dk\/produkt\/urtepotteskjuler-kaktus-form-groen\/#primaryimage"},"thumbnailUrl":"https:\/\/tibladin.dk\/wp-content\/uploads\/2022\/09\/6011-050022_urtepotteskjuler_LS-1.jpg","datePublished":"2022-09-20T09:10:27+00:00","dateModified":"2026-03-14T14:19:16+00:00","description":"Keramikburk inspirerad av Tamegroute med en djupgr\u00f6n f\u00e4rg och en taktil imperfekt yta som ger ett karakt\u00e4ristiskt och unikt utseende.","breadcrumb":{"@id":"https:\/\/tibladin.dk\/produkt\/urtepotteskjuler-kaktus-form-groen\/#breadcrumb"},"inLanguage":"sv-SE","potentialAction":[{"@type":"ReadAction","target":["https:\/\/tibladin.dk\/produkt\/urtepotteskjuler-kaktus-form-groen\/"]}]},{"@type":"ImageObject","inLanguage":"sv-SE","@id":"https:\/\/tibladin.dk\/produkt\/urtepotteskjuler-kaktus-form-groen\/#primaryimage","url":"https:\/\/tibladin.dk\/wp-content\/uploads\/2022\/09\/6011-050022_urtepotteskjuler_LS-1.jpg","contentUrl":"https:\/\/tibladin.dk\/wp-content\/uploads\/2022\/09\/6011-050022_urtepotteskjuler_LS-1.jpg","width":800,"height":800,"caption":"Marokkansk h\u00e5ndlavet keramisk urtepotteskjuler i gr\u00f8n med en plante i"},{"@type":"BreadcrumbList","@id":"https:\/\/tibladin.dk\/produkt\/urtepotteskjuler-kaktus-form-groen\/#breadcrumb","itemListElement":[{"@type":"ListItem","position":1,"name":"Hjem","item":"https:\/\/tibladin.dk\/"},{"@type":"ListItem","position":2,"name":"Shop","item":"https:\/\/tibladin.dk\/shop\/"},{"@type":"ListItem","position":3,"name":"Urtepotteskjuler kaktus form &#8211; gr\u00f8n"}]},{"@type":"WebSite","@id":"https:\/\/tibladin.dk\/#website","url":"https:\/\/tibladin.dk\/","name":"Tibladin","description":"Tibladin","publisher":{"@id":"https:\/\/tibladin.dk\/#organization"},"potentialAction":[{"@type":"SearchAction","target":{"@type":"EntryPoint","urlTemplate":"https:\/\/tibladin.dk\/?s={search_term_string}"},"query-input":{"@type":"PropertyValueSpecification","valueRequired":true,"valueName":"search_term_string"}}],"inLanguage":"sv-SE"},{"@type":"Organization","@id":"https:\/\/tibladin.dk\/#organization","name":"Tibladin","url":"https:\/\/tibladin.dk\/","logo":{"@type":"ImageObject","inLanguage":"sv-SE","@id":"https:\/\/tibladin.dk\/#\/schema\/logo\/image\/","url":"https:\/\/tibladin.dk\/wp-content\/uploads\/2022\/09\/tibladin_logo.svg","contentUrl":"https:\/\/tibladin.dk\/wp-content\/uploads\/2022\/09\/tibladin_logo.svg","caption":"Tibladin"},"image":{"@id":"https:\/\/tibladin.dk\/#\/schema\/logo\/image\/"}}]}},"_links":{"self":[{"href":"https:\/\/tibladin.dk\/sv\/wp-json\/wp\/v2\/product\/1613","targetHints":{"allow":["GET"]}}],"collection":[{"href":"https:\/\/tibladin.dk\/sv\/wp-json\/wp\/v2\/product"}],"about":[{"href":"https:\/\/tibladin.dk\/sv\/wp-json\/wp\/v2\/types\/product"}],"wp:featuredmedia":[{"embeddable":true,"href":"https:\/\/tibladin.dk\/sv\/wp-json\/wp\/v2\/media\/1610"}],"wp:attachment":[{"href":"https:\/\/tibladin.dk\/sv\/wp-json\/wp\/v2\/media?parent=1613"}],"wp:term":[{"taxonomy":"product_brand","embeddable":true,"href":"https:\/\/tibladin.dk\/sv\/wp-json\/wp\/v2\/product_brand?post=1613"},{"taxonomy":"product_cat","embeddable":true,"href":"https:\/\/tibladin.dk\/sv\/wp-json\/wp\/v2\/product_cat?post=1613"},{"taxonomy":"product_tag","embeddable":true,"href":"https:\/\/tibladin.dk\/sv\/wp-json\/wp\/v2\/product_tag?post=1613"}],"curies":[{"name":"wp","href":"https:\/\/api.w.org\/{rel}","templated":true}]}}