{"id":1645,"date":"2022-09-20T11:10:40","date_gmt":"2022-09-20T09:10:40","guid":{"rendered":"https:\/\/tibladin.dk\/vare\/stofserviet-med-haandbroderet-moenster-brun\/"},"modified":"2024-12-09T14:38:51","modified_gmt":"2024-12-09T13:38:51","slug":"tygservett-med-handbroderat-brunt-monster","status":"publish","type":"product","link":"https:\/\/tibladin.dk\/sv\/produkt\/stofserviet-med-haandbroderet-moenster-brun\/","title":{"rendered":"Tygservett med handbroderat m\u00f6nster \u2013 brun"},"content":{"rendered":"<div class=\"wpb-content-wrapper\"><div class=\"vc_row wpb_row vc_row-fluid\"><div class=\"wpb_column vc_column_container vc_col-sm-4\"><div class=\"vc_column-inner\"><div class=\"wpb_wrapper\">\n\t<div class=\"wpb_video_widget wpb_content_element vc_clearfix   vc_video-aspect-ratio-43 vc_video-el-width-100 vc_video-align-left\" >\n\t\t<div class=\"wpb_wrapper\">\n\t\t\t\n\t\t\t<div class=\"wpb_video_wrapper\"><div class=\"video-container\"><iframe loading=\"lazy\" title=\"Tygservett brun\" src=\"https:\/\/player.vimeo.com\/video\/518485829?dnt=1&amp;app_id=122963\" width=\"174\" height=\"310\" frameborder=\"0\" allow=\"autoplay; fullscreen; picture-in-picture\"><\/iframe><\/div><\/div>\n\t\t<\/div>\n\t<\/div>\n<\/div><\/div><\/div><div class=\"wpb_column vc_column_container vc_col-sm-4\"><div class=\"vc_column-inner\"><div class=\"wpb_wrapper\"><h3 style=\"text-align: left\" class=\"vc_custom_heading vc_do_custom_heading\" >Underh\u00e5ll<\/h3>\n\t<div class=\"wpb_text_column wpb_content_element\" >\n\t\t<div class=\"wpb_wrapper\">\n\t\t\t<p>Tygservetten \u00e4r gjord av 100 % bomull och kan tv\u00e4ttas i upp till 60 grader i maskin. T\u00e5lig mot strykning.<\/p>\n\n\t\t<\/div>\n\t<\/div>\n<\/div><\/div><\/div><div class=\"wpb_column vc_column_container vc_col-sm-4\"><div class=\"vc_column-inner\"><div class=\"wpb_wrapper\"><h3 style=\"text-align: left\" class=\"vc_custom_heading vc_do_custom_heading\" >Historien bakom<\/h3>\n\t<div class=\"wpb_text_column wpb_content_element\" >\n\t\t<div class=\"wpb_wrapper\">\n\t\t\t<p>N\u00e4r du ser ett v\u00e4ldukat bord d\u00e4r v\u00e4rden gjort sig besv\u00e4ret att placera tygservetter ist\u00e4llet f\u00f6r pappersservetter k\u00e4nner du dig som g\u00e4st uppskattad och v\u00e4lkommen. En tygservett kan \u00e5teranv\u00e4ndas i m\u00e5nga \u00e5r och \u00e4r mycket b\u00e4ttre f\u00f6r milj\u00f6n. Tygservetten \u00e4r gjord av kvalitetsbomull med ett vackert handbroderat enkelt m\u00f6nster och kant i samma f\u00e4rg. De \u00e4r l\u00e4tta att l\u00e4gga till din dukning och ger ett vackert uttryck av kvalitet. M\u00e5nga timmars handarbete ligger bakom dessa servetter av kvinnor fr\u00e5n ett kvinnokooperativ s\u00f6der om Marrakech.<\/p>\n<p>Kvinnokooperativet syssels\u00e4tter 160 kvinnor i den lilla byn och bidrar d\u00e4rmed till att h\u00f6ja levnadsstandarden f\u00f6r m\u00e5nga familjer. En skola och dagis har inr\u00e4ttats f\u00f6r kvinnornas barn, s\u00e5 att barnen kan f\u00e5 utbildning och syssels\u00e4ttas medan mammorna arbetar.<\/p>\n\n\t\t<\/div>\n\t<\/div>\n<\/div><\/div><\/div><\/div>\n<\/div>","protected":false},"excerpt":{"rendered":"<p class=\"p1\"><span class=\"s1\">Handbroderad vit tygservett med fint m\u00f6rkbrunt enkelt m\u00f6nster och b\u00e5rd i samma f\u00e4rg.<\/span><\/p>\n<p>F\u00e5 dina g\u00e4ster att k\u00e4nna sig speciella och duka ett vackert bord med unikt stengods och handbroderade tygservetter.<\/p>\n<p>Finns i tre olika f\u00e4rger: Brun, svart och gr\u00f6n.<\/p>\n<p class=\"p1\"><span class=\"s1\">Servetterna kan tv\u00e4ttas i maskin i upp till 60 grader och t\u00e5l strykning. M\u00e5tt 50\u00d750 cm.<\/span><\/p>\n<p>&nbsp;<\/p>","protected":false},"featured_media":1640,"template":"","meta":{"inline_featured_image":false},"product_brand":[],"product_cat":[33,98,37],"product_tag":[],"class_list":{"0":"post-1645","1":"product","2":"type-product","3":"status-publish","4":"has-post-thumbnail","6":"product_cat-borddaekning","7":"product_cat-stofservietter","8":"product_cat-tekstiler","10":"first","11":"instock","12":"taxable","13":"shipping-taxable","14":"purchasable","15":"product-type-simple"},"exclude_global_add_ons":false,"addons":[{"name":"Vill du ha presentinslagning?","type":"checkbox","position":0,"required":false,"title_format":"label","default":"","description_enable":false,"description":"","placeholder_enable":false,"placeholder":"","display":"images","restrictions_type":"any_text","adjust_price":false,"price":"","price_type":"flat_fee","restrictions":false,"min":"0","max":"0","options":[{"label":"Ja tak","price":"10","price_type":"flat_fee","image":11015,"visibility":true}],"id":1669646111}],"yoast_head":"<!-- This site is optimized with the Yoast SEO plugin v27.4 - https:\/\/yoast.com\/product\/yoast-seo-wordpress\/ -->\n<title>H\u00e5ndbroderede stofservietter i \u00f8kologisk bomuld | Tibladin<\/title>\n<meta name=\"description\" content=\"H\u00e5ndbroderede stofservietter med enkelt fint m\u00f8nster og kant i samme farve. findes i tre farver: brun, sort og gr\u00f8n. K\u00f8b d\u00e6kkeservietter for et komplet s\u00e6t\" \/>\n<meta name=\"robots\" content=\"index, follow, max-snippet:-1, max-image-preview:large, max-video-preview:-1\" \/>\n<link rel=\"canonical\" href=\"https:\/\/tibladin.dk\/sv\/produkt\/tygservett-med-handbroderat-brunt-monster\/\" \/>\n<meta property=\"og:locale\" content=\"sv_SE\" \/>\n<meta property=\"og:type\" content=\"article\" \/>\n<meta property=\"og:title\" content=\"H\u00e5ndbroderede stofservietter i \u00f8kologisk bomuld | Tibladin\" \/>\n<meta property=\"og:description\" content=\"H\u00e5ndbroderede stofservietter med enkelt fint m\u00f8nster og kant i samme farve. findes i tre farver: brun, sort og gr\u00f8n. K\u00f8b d\u00e6kkeservietter for et komplet s\u00e6t\" \/>\n<meta property=\"og:url\" content=\"https:\/\/tibladin.dk\/sv\/produkt\/tygservett-med-handbroderat-brunt-monster\/\" \/>\n<meta property=\"og:site_name\" content=\"Tibladin\" \/>\n<meta property=\"article:modified_time\" content=\"2024-12-09T13:38:51+00:00\" \/>\n<meta property=\"og:image\" content=\"https:\/\/tibladin.dk\/wp-content\/uploads\/2022\/09\/Tibladin_stofserviet_bruntbroderi_20100009_LS3-1.jpg\" \/>\n\t<meta property=\"og:image:width\" content=\"800\" \/>\n\t<meta property=\"og:image:height\" content=\"800\" \/>\n\t<meta property=\"og:image:type\" content=\"image\/jpeg\" \/>\n<meta name=\"twitter:card\" content=\"summary_large_image\" \/>\n<meta name=\"twitter:label1\" content=\"Ber\u00e4knad l\u00e4stid\" \/>\n\t<meta name=\"twitter:data1\" content=\"2 minuter\" \/>\n<script type=\"application\/ld+json\" class=\"yoast-schema-graph\">{\"@context\":\"https:\\\/\\\/schema.org\",\"@graph\":[{\"@type\":\"WebPage\",\"@id\":\"https:\\\/\\\/tibladin.dk\\\/produkt\\\/stofserviet-med-haandbroderet-moenster-brun\\\/\",\"url\":\"https:\\\/\\\/tibladin.dk\\\/produkt\\\/stofserviet-med-haandbroderet-moenster-brun\\\/\",\"name\":\"H\u00e5ndbroderede stofservietter i \u00f8kologisk bomuld | Tibladin\",\"isPartOf\":{\"@id\":\"https:\\\/\\\/tibladin.dk\\\/#website\"},\"primaryImageOfPage\":{\"@id\":\"https:\\\/\\\/tibladin.dk\\\/produkt\\\/stofserviet-med-haandbroderet-moenster-brun\\\/#primaryimage\"},\"image\":{\"@id\":\"https:\\\/\\\/tibladin.dk\\\/produkt\\\/stofserviet-med-haandbroderet-moenster-brun\\\/#primaryimage\"},\"thumbnailUrl\":\"https:\\\/\\\/tibladin.dk\\\/wp-content\\\/uploads\\\/2022\\\/09\\\/Tibladin_stofserviet_bruntbroderi_20100009_LS3-1.jpg\",\"datePublished\":\"2022-09-20T09:10:40+00:00\",\"dateModified\":\"2024-12-09T13:38:51+00:00\",\"description\":\"H\u00e5ndbroderede stofservietter med enkelt fint m\u00f8nster og kant i samme farve. findes i tre farver: brun, sort og gr\u00f8n. K\u00f8b d\u00e6kkeservietter for et komplet s\u00e6t\",\"breadcrumb\":{\"@id\":\"https:\\\/\\\/tibladin.dk\\\/produkt\\\/stofserviet-med-haandbroderet-moenster-brun\\\/#breadcrumb\"},\"inLanguage\":\"sv-SE\",\"potentialAction\":[{\"@type\":\"ReadAction\",\"target\":[\"https:\\\/\\\/tibladin.dk\\\/produkt\\\/stofserviet-med-haandbroderet-moenster-brun\\\/\"]}]},{\"@type\":\"ImageObject\",\"inLanguage\":\"sv-SE\",\"@id\":\"https:\\\/\\\/tibladin.dk\\\/produkt\\\/stofserviet-med-haandbroderet-moenster-brun\\\/#primaryimage\",\"url\":\"https:\\\/\\\/tibladin.dk\\\/wp-content\\\/uploads\\\/2022\\\/09\\\/Tibladin_stofserviet_bruntbroderi_20100009_LS3-1.jpg\",\"contentUrl\":\"https:\\\/\\\/tibladin.dk\\\/wp-content\\\/uploads\\\/2022\\\/09\\\/Tibladin_stofserviet_bruntbroderi_20100009_LS3-1.jpg\",\"width\":800,\"height\":800,\"caption\":\"Marokkansk h\u00e5ndbroderet stofserviet med brun kant, foldet p\u00e6nt, t\u00e6t\"},{\"@type\":\"BreadcrumbList\",\"@id\":\"https:\\\/\\\/tibladin.dk\\\/produkt\\\/stofserviet-med-haandbroderet-moenster-brun\\\/#breadcrumb\",\"itemListElement\":[{\"@type\":\"ListItem\",\"position\":1,\"name\":\"Hjem\",\"item\":\"https:\\\/\\\/tibladin.dk\\\/\"},{\"@type\":\"ListItem\",\"position\":2,\"name\":\"Shop\",\"item\":\"https:\\\/\\\/tibladin.dk\\\/shop\\\/\"},{\"@type\":\"ListItem\",\"position\":3,\"name\":\"Stofserviet med h\u00e5ndbroderet m\u00f8nster &#8211; brun\"}]},{\"@type\":\"WebSite\",\"@id\":\"https:\\\/\\\/tibladin.dk\\\/#website\",\"url\":\"https:\\\/\\\/tibladin.dk\\\/\",\"name\":\"Tibladin\",\"description\":\"Tibladin\",\"publisher\":{\"@id\":\"https:\\\/\\\/tibladin.dk\\\/#organization\"},\"potentialAction\":[{\"@type\":\"SearchAction\",\"target\":{\"@type\":\"EntryPoint\",\"urlTemplate\":\"https:\\\/\\\/tibladin.dk\\\/?s={search_term_string}\"},\"query-input\":{\"@type\":\"PropertyValueSpecification\",\"valueRequired\":true,\"valueName\":\"search_term_string\"}}],\"inLanguage\":\"sv-SE\"},{\"@type\":\"Organization\",\"@id\":\"https:\\\/\\\/tibladin.dk\\\/#organization\",\"name\":\"Tibladin\",\"url\":\"https:\\\/\\\/tibladin.dk\\\/\",\"logo\":{\"@type\":\"ImageObject\",\"inLanguage\":\"sv-SE\",\"@id\":\"https:\\\/\\\/tibladin.dk\\\/#\\\/schema\\\/logo\\\/image\\\/\",\"url\":\"https:\\\/\\\/tibladin.dk\\\/wp-content\\\/uploads\\\/2022\\\/09\\\/tibladin_logo.svg\",\"contentUrl\":\"https:\\\/\\\/tibladin.dk\\\/wp-content\\\/uploads\\\/2022\\\/09\\\/tibladin_logo.svg\",\"caption\":\"Tibladin\"},\"image\":{\"@id\":\"https:\\\/\\\/tibladin.dk\\\/#\\\/schema\\\/logo\\\/image\\\/\"}}]}<\/script>\n<!-- \/ Yoast SEO plugin. -->","yoast_head_json":{"title":"Handbroderade tygservetter i ekologisk bomull | Tibladin","description":"Handbroderade tygservetter med enkelt fint m\u00f6nster och b\u00e5rd i samma f\u00e4rg. finns i tre f\u00e4rger: brun, svart och gr\u00f6n. K\u00f6p bordstabletter f\u00f6r ett komplett set","robots":{"index":"index","follow":"follow","max-snippet":"max-snippet:-1","max-image-preview":"max-image-preview:large","max-video-preview":"max-video-preview:-1"},"canonical":"https:\/\/tibladin.dk\/sv\/produkt\/tygservett-med-handbroderat-brunt-monster\/","og_locale":"sv_SE","og_type":"article","og_title":"H\u00e5ndbroderede stofservietter i \u00f8kologisk bomuld | Tibladin","og_description":"H\u00e5ndbroderede stofservietter med enkelt fint m\u00f8nster og kant i samme farve. findes i tre farver: brun, sort og gr\u00f8n. K\u00f8b d\u00e6kkeservietter for et komplet s\u00e6t","og_url":"https:\/\/tibladin.dk\/sv\/produkt\/tygservett-med-handbroderat-brunt-monster\/","og_site_name":"Tibladin","article_modified_time":"2024-12-09T13:38:51+00:00","og_image":[{"width":800,"height":800,"url":"https:\/\/tibladin.dk\/wp-content\/uploads\/2022\/09\/Tibladin_stofserviet_bruntbroderi_20100009_LS3-1.jpg","type":"image\/jpeg"}],"twitter_card":"summary_large_image","twitter_misc":{"Ber\u00e4knad l\u00e4stid":"2 minuter"},"schema":{"@context":"https:\/\/schema.org","@graph":[{"@type":"WebPage","@id":"https:\/\/tibladin.dk\/produkt\/stofserviet-med-haandbroderet-moenster-brun\/","url":"https:\/\/tibladin.dk\/produkt\/stofserviet-med-haandbroderet-moenster-brun\/","name":"Handbroderade tygservetter i ekologisk bomull | Tibladin","isPartOf":{"@id":"https:\/\/tibladin.dk\/#website"},"primaryImageOfPage":{"@id":"https:\/\/tibladin.dk\/produkt\/stofserviet-med-haandbroderet-moenster-brun\/#primaryimage"},"image":{"@id":"https:\/\/tibladin.dk\/produkt\/stofserviet-med-haandbroderet-moenster-brun\/#primaryimage"},"thumbnailUrl":"https:\/\/tibladin.dk\/wp-content\/uploads\/2022\/09\/Tibladin_stofserviet_bruntbroderi_20100009_LS3-1.jpg","datePublished":"2022-09-20T09:10:40+00:00","dateModified":"2024-12-09T13:38:51+00:00","description":"Handbroderade tygservetter med enkelt fint m\u00f6nster och b\u00e5rd i samma f\u00e4rg. finns i tre f\u00e4rger: brun, svart och gr\u00f6n. K\u00f6p bordstabletter f\u00f6r ett komplett set","breadcrumb":{"@id":"https:\/\/tibladin.dk\/produkt\/stofserviet-med-haandbroderet-moenster-brun\/#breadcrumb"},"inLanguage":"sv-SE","potentialAction":[{"@type":"ReadAction","target":["https:\/\/tibladin.dk\/produkt\/stofserviet-med-haandbroderet-moenster-brun\/"]}]},{"@type":"ImageObject","inLanguage":"sv-SE","@id":"https:\/\/tibladin.dk\/produkt\/stofserviet-med-haandbroderet-moenster-brun\/#primaryimage","url":"https:\/\/tibladin.dk\/wp-content\/uploads\/2022\/09\/Tibladin_stofserviet_bruntbroderi_20100009_LS3-1.jpg","contentUrl":"https:\/\/tibladin.dk\/wp-content\/uploads\/2022\/09\/Tibladin_stofserviet_bruntbroderi_20100009_LS3-1.jpg","width":800,"height":800,"caption":"Marokkansk h\u00e5ndbroderet stofserviet med brun kant, foldet p\u00e6nt, t\u00e6t"},{"@type":"BreadcrumbList","@id":"https:\/\/tibladin.dk\/produkt\/stofserviet-med-haandbroderet-moenster-brun\/#breadcrumb","itemListElement":[{"@type":"ListItem","position":1,"name":"Hjem","item":"https:\/\/tibladin.dk\/"},{"@type":"ListItem","position":2,"name":"Shop","item":"https:\/\/tibladin.dk\/shop\/"},{"@type":"ListItem","position":3,"name":"Stofserviet med h\u00e5ndbroderet m\u00f8nster &#8211; brun"}]},{"@type":"WebSite","@id":"https:\/\/tibladin.dk\/#website","url":"https:\/\/tibladin.dk\/","name":"Tibladin","description":"Tibladin","publisher":{"@id":"https:\/\/tibladin.dk\/#organization"},"potentialAction":[{"@type":"SearchAction","target":{"@type":"EntryPoint","urlTemplate":"https:\/\/tibladin.dk\/?s={search_term_string}"},"query-input":{"@type":"PropertyValueSpecification","valueRequired":true,"valueName":"search_term_string"}}],"inLanguage":"sv-SE"},{"@type":"Organization","@id":"https:\/\/tibladin.dk\/#organization","name":"Tibladin","url":"https:\/\/tibladin.dk\/","logo":{"@type":"ImageObject","inLanguage":"sv-SE","@id":"https:\/\/tibladin.dk\/#\/schema\/logo\/image\/","url":"https:\/\/tibladin.dk\/wp-content\/uploads\/2022\/09\/tibladin_logo.svg","contentUrl":"https:\/\/tibladin.dk\/wp-content\/uploads\/2022\/09\/tibladin_logo.svg","caption":"Tibladin"},"image":{"@id":"https:\/\/tibladin.dk\/#\/schema\/logo\/image\/"}}]}},"_links":{"self":[{"href":"https:\/\/tibladin.dk\/sv\/wp-json\/wp\/v2\/product\/1645","targetHints":{"allow":["GET"]}}],"collection":[{"href":"https:\/\/tibladin.dk\/sv\/wp-json\/wp\/v2\/product"}],"about":[{"href":"https:\/\/tibladin.dk\/sv\/wp-json\/wp\/v2\/types\/product"}],"wp:featuredmedia":[{"embeddable":true,"href":"https:\/\/tibladin.dk\/sv\/wp-json\/wp\/v2\/media\/1640"}],"wp:attachment":[{"href":"https:\/\/tibladin.dk\/sv\/wp-json\/wp\/v2\/media?parent=1645"}],"wp:term":[{"taxonomy":"product_brand","embeddable":true,"href":"https:\/\/tibladin.dk\/sv\/wp-json\/wp\/v2\/product_brand?post=1645"},{"taxonomy":"product_cat","embeddable":true,"href":"https:\/\/tibladin.dk\/sv\/wp-json\/wp\/v2\/product_cat?post=1645"},{"taxonomy":"product_tag","embeddable":true,"href":"https:\/\/tibladin.dk\/sv\/wp-json\/wp\/v2\/product_tag?post=1645"}],"curies":[{"name":"wp","href":"https:\/\/api.w.org\/{rel}","templated":true}]}}