{"id":1750,"date":"2022-09-20T11:11:25","date_gmt":"2022-09-20T09:11:25","guid":{"rendered":"https:\/\/tibladin.dk\/vare\/soft-touch-pendellampe-i-rattan-og-velour\/"},"modified":"2026-01-09T15:00:22","modified_gmt":"2026-01-09T14:00:22","slug":"soft-touch-pendellampa-i-rotting-och-velour","status":"publish","type":"product","link":"https:\/\/tibladin.dk\/sv\/produkt\/soft-touch-pendellampe-i-rattan-og-velour\/","title":{"rendered":"Soft touch pendellampa i rotting och velour"},"content":{"rendered":"<div class=\"wpb-content-wrapper\"><div class=\"vc_row wpb_row vc_row-fluid\"><div class=\"wpb_column vc_column_container vc_col-sm-4\"><div class=\"vc_column-inner\"><div class=\"wpb_wrapper\"><h3 style=\"text-align: left\" class=\"vc_custom_heading vc_do_custom_heading\" >Historien bakom<\/h3>\n\t<div class=\"wpb_text_column wpb_content_element\" >\n\t\t<div class=\"wpb_wrapper\">\n\t\t\t<p>Raffia- och rottinglampor\/vekelampor har gjort en stor comeback inom inredning. De ger en snygg bohemisk look och en mysig och avslappnad atmosf\u00e4r.<\/p>\n<p>Lampor fr\u00e5n Marocko ger en unik touch till din inredning och ger ett dekorativt ljus.<\/p>\n<p>Lamporna \u00e4r handgjorda och det kommer att finnas sm\u00e5 brister och skillnader i m\u00f6nster och form.<\/p>\n\n\t\t<\/div>\n\t<\/div>\n<\/div><\/div><\/div><div class=\"wpb_column vc_column_container vc_col-sm-4\"><div class=\"vc_column-inner\"><div class=\"wpb_wrapper\"><h3 style=\"text-align: left\" class=\"vc_custom_heading vc_do_custom_heading\" >Vad \u00e4r rotting?<\/h3>\n\t<div class=\"wpb_text_column wpb_content_element\" >\n\t\t<div class=\"wpb_wrapper\">\n\t\t\t<p>Rotting \u00e4r gjord av en tropisk palm som \u00e4r inf\u00f6dd i Australien, Asien och Afrika. Materialet \u00e4r mycket starkt och p\u00e5minner om bambu, varf\u00f6r det anv\u00e4nds till allt fr\u00e5n brickor och korgar till s\u00e4nggavlar och drinkbord.<\/p>\n<p>Raffia liknar rotting d\u00e5 de b\u00e5da kommer fr\u00e5n palmblad, men raffia \u00e4r lite mjukare.<\/p>\n\n\t\t<\/div>\n\t<\/div>\n<\/div><\/div><\/div><div class=\"wpb_column vc_column_container vc_col-sm-4\"><div class=\"vc_column-inner\"><div class=\"wpb_wrapper\"><h3 style=\"text-align: left\" class=\"vc_custom_heading vc_do_custom_heading\" >Underh\u00e5ll<\/h3>\n\t<div class=\"wpb_text_column wpb_content_element\" >\n\t\t<div class=\"wpb_wrapper\">\n\t\t\t<p>Sj\u00e4lva rottingdelen torkas av med en dammduk.<\/p>\n<p>Du kan anv\u00e4nda en luddrulle p\u00e5 velourdelen. K\u00f6r luddrullen f\u00f6rsiktigt och f\u00f6rsiktigt \u00f6ver tyget. Se till att byta silkespapper innan, och g\u00f6r det ofta under rullningen.<\/p>\n<p>Lamporna \u00e4r handgjorda och det finns sm\u00e5 brister och variationer i form och m\u00f6nster.<\/p>\n\n\t\t<\/div>\n\t<\/div>\n<\/div><\/div><\/div><\/div>\n<\/div>","protected":false},"excerpt":{"rendered":"<p>Handgjord marockansk h\u00e4nglampa i rotting med en veloursk\u00e4rm i en delikat gammalrosa. Den rosa velouren leker fint med den fl\u00e4tade rottingen, och denna lampa kan anv\u00e4ndas f\u00f6r att l\u00e4gga till lite f\u00e4rgspel till din inredning.<\/p>\n<p>25 cm h\u00f6g och 30 cm i diameter.<\/p>\n<p>Lampan \u00e4r redo att s\u00e4ttas upp och beh\u00f6ver bara en gl\u00f6dlampa - kommer med en 1m kabel.<\/p>\n<p>&nbsp;<\/p>\n<p>&nbsp;<\/p>\n<p>&nbsp;<\/p>\n<p>&nbsp;<\/p>","protected":false},"featured_media":1746,"template":"","meta":{"inline_featured_image":false},"product_brand":[],"product_cat":[67,69],"product_tag":[],"class_list":{"0":"post-1750","1":"product","2":"type-product","3":"status-publish","4":"has-post-thumbnail","6":"product_cat-lamper","7":"product_cat-rafia-lamper","9":"first","10":"instock","11":"taxable","12":"shipping-taxable","13":"purchasable","14":"product-type-simple"},"exclude_global_add_ons":false,"addons":[{"name":"Vill du ha presentinslagning?","type":"checkbox","position":0,"required":false,"title_format":"label","default":"","description_enable":false,"description":"","placeholder_enable":false,"placeholder":"","display":"images","restrictions_type":"any_text","adjust_price":false,"price":"","price_type":"flat_fee","restrictions":false,"min":"0","max":"0","options":[{"label":"Ja tak","price":"10","price_type":"flat_fee","image":11015,"visibility":true}],"id":1669646111}],"yoast_head":"<!-- This site is optimized with the Yoast SEO plugin v27.4 - https:\/\/yoast.com\/product\/yoast-seo-wordpress\/ -->\n<title>Marokkansk pendellampe i rattan og velour | H\u00e5ndlavet | Tibladin<\/title>\n<meta name=\"description\" content=\"Giv din indretning et Marokkansk touch med denne marokkanske pendellampe i farven gammelrosa. H\u00e5ndlavet i Marrakech \u21d2 K\u00f8b den her.\" \/>\n<meta name=\"robots\" content=\"index, follow, max-snippet:-1, max-image-preview:large, max-video-preview:-1\" \/>\n<link rel=\"canonical\" href=\"https:\/\/tibladin.dk\/sv\/produkt\/soft-touch-pendellampa-i-rotting-och-velour\/\" \/>\n<meta property=\"og:locale\" content=\"sv_SE\" \/>\n<meta property=\"og:type\" content=\"article\" \/>\n<meta property=\"og:title\" content=\"Marokkansk pendellampe i rattan og velour | H\u00e5ndlavet | Tibladin\" \/>\n<meta property=\"og:description\" content=\"Giv din indretning et Marokkansk touch med denne marokkanske pendellampe i farven gammelrosa. H\u00e5ndlavet i Marrakech \u21d2 K\u00f8b den her.\" \/>\n<meta property=\"og:url\" content=\"https:\/\/tibladin.dk\/sv\/produkt\/soft-touch-pendellampa-i-rotting-och-velour\/\" \/>\n<meta property=\"og:site_name\" content=\"Tibladin\" \/>\n<meta property=\"article:modified_time\" content=\"2026-01-09T14:00:22+00:00\" \/>\n<meta property=\"og:image\" content=\"https:\/\/tibladin.dk\/wp-content\/uploads\/2022\/09\/Soft_touch_pendellampe-1.jpg\" \/>\n\t<meta property=\"og:image:width\" content=\"800\" \/>\n\t<meta property=\"og:image:height\" content=\"800\" \/>\n\t<meta property=\"og:image:type\" content=\"image\/jpeg\" \/>\n<meta name=\"twitter:card\" content=\"summary_large_image\" \/>\n<meta name=\"twitter:label1\" content=\"Ber\u00e4knad l\u00e4stid\" \/>\n\t<meta name=\"twitter:data1\" content=\"2 minuter\" \/>\n<script type=\"application\/ld+json\" class=\"yoast-schema-graph\">{\"@context\":\"https:\\\/\\\/schema.org\",\"@graph\":[{\"@type\":\"WebPage\",\"@id\":\"https:\\\/\\\/tibladin.dk\\\/produkt\\\/soft-touch-pendellampe-i-rattan-og-velour\\\/\",\"url\":\"https:\\\/\\\/tibladin.dk\\\/produkt\\\/soft-touch-pendellampe-i-rattan-og-velour\\\/\",\"name\":\"Marokkansk pendellampe i rattan og velour | H\u00e5ndlavet | Tibladin\",\"isPartOf\":{\"@id\":\"https:\\\/\\\/tibladin.dk\\\/#website\"},\"primaryImageOfPage\":{\"@id\":\"https:\\\/\\\/tibladin.dk\\\/produkt\\\/soft-touch-pendellampe-i-rattan-og-velour\\\/#primaryimage\"},\"image\":{\"@id\":\"https:\\\/\\\/tibladin.dk\\\/produkt\\\/soft-touch-pendellampe-i-rattan-og-velour\\\/#primaryimage\"},\"thumbnailUrl\":\"https:\\\/\\\/tibladin.dk\\\/wp-content\\\/uploads\\\/2022\\\/09\\\/Soft_touch_pendellampe-1.jpg\",\"datePublished\":\"2022-09-20T09:11:25+00:00\",\"dateModified\":\"2026-01-09T14:00:22+00:00\",\"description\":\"Giv din indretning et Marokkansk touch med denne marokkanske pendellampe i farven gammelrosa. H\u00e5ndlavet i Marrakech \u21d2 K\u00f8b den her.\",\"breadcrumb\":{\"@id\":\"https:\\\/\\\/tibladin.dk\\\/produkt\\\/soft-touch-pendellampe-i-rattan-og-velour\\\/#breadcrumb\"},\"inLanguage\":\"sv-SE\",\"potentialAction\":[{\"@type\":\"ReadAction\",\"target\":[\"https:\\\/\\\/tibladin.dk\\\/produkt\\\/soft-touch-pendellampe-i-rattan-og-velour\\\/\"]}]},{\"@type\":\"ImageObject\",\"inLanguage\":\"sv-SE\",\"@id\":\"https:\\\/\\\/tibladin.dk\\\/produkt\\\/soft-touch-pendellampe-i-rattan-og-velour\\\/#primaryimage\",\"url\":\"https:\\\/\\\/tibladin.dk\\\/wp-content\\\/uploads\\\/2022\\\/09\\\/Soft_touch_pendellampe-1.jpg\",\"contentUrl\":\"https:\\\/\\\/tibladin.dk\\\/wp-content\\\/uploads\\\/2022\\\/09\\\/Soft_touch_pendellampe-1.jpg\",\"width\":800,\"height\":800,\"caption\":\"Marokkansk h\u00e5ndlavet pendellampe i pink velour\"},{\"@type\":\"BreadcrumbList\",\"@id\":\"https:\\\/\\\/tibladin.dk\\\/produkt\\\/soft-touch-pendellampe-i-rattan-og-velour\\\/#breadcrumb\",\"itemListElement\":[{\"@type\":\"ListItem\",\"position\":1,\"name\":\"Hjem\",\"item\":\"https:\\\/\\\/tibladin.dk\\\/\"},{\"@type\":\"ListItem\",\"position\":2,\"name\":\"Shop\",\"item\":\"https:\\\/\\\/tibladin.dk\\\/shop\\\/\"},{\"@type\":\"ListItem\",\"position\":3,\"name\":\"Soft touch pendellampe i rattan og velour\"}]},{\"@type\":\"WebSite\",\"@id\":\"https:\\\/\\\/tibladin.dk\\\/#website\",\"url\":\"https:\\\/\\\/tibladin.dk\\\/\",\"name\":\"Tibladin\",\"description\":\"Tibladin\",\"publisher\":{\"@id\":\"https:\\\/\\\/tibladin.dk\\\/#organization\"},\"potentialAction\":[{\"@type\":\"SearchAction\",\"target\":{\"@type\":\"EntryPoint\",\"urlTemplate\":\"https:\\\/\\\/tibladin.dk\\\/?s={search_term_string}\"},\"query-input\":{\"@type\":\"PropertyValueSpecification\",\"valueRequired\":true,\"valueName\":\"search_term_string\"}}],\"inLanguage\":\"sv-SE\"},{\"@type\":\"Organization\",\"@id\":\"https:\\\/\\\/tibladin.dk\\\/#organization\",\"name\":\"Tibladin\",\"url\":\"https:\\\/\\\/tibladin.dk\\\/\",\"logo\":{\"@type\":\"ImageObject\",\"inLanguage\":\"sv-SE\",\"@id\":\"https:\\\/\\\/tibladin.dk\\\/#\\\/schema\\\/logo\\\/image\\\/\",\"url\":\"https:\\\/\\\/tibladin.dk\\\/wp-content\\\/uploads\\\/2022\\\/09\\\/tibladin_logo.svg\",\"contentUrl\":\"https:\\\/\\\/tibladin.dk\\\/wp-content\\\/uploads\\\/2022\\\/09\\\/tibladin_logo.svg\",\"caption\":\"Tibladin\"},\"image\":{\"@id\":\"https:\\\/\\\/tibladin.dk\\\/#\\\/schema\\\/logo\\\/image\\\/\"}}]}<\/script>\n<!-- \/ Yoast SEO plugin. -->","yoast_head_json":{"title":"Marockansk pendel i rotting och velour | Handgjorda | Tibladin","description":"Ge din interi\u00f6r en marockansk touch med denna marockanska taklampa i f\u00e4rgen gammalrosa. Handgjord i Marrakech \u21d2 K\u00f6p den h\u00e4r.","robots":{"index":"index","follow":"follow","max-snippet":"max-snippet:-1","max-image-preview":"max-image-preview:large","max-video-preview":"max-video-preview:-1"},"canonical":"https:\/\/tibladin.dk\/sv\/produkt\/soft-touch-pendellampa-i-rotting-och-velour\/","og_locale":"sv_SE","og_type":"article","og_title":"Marokkansk pendellampe i rattan og velour | H\u00e5ndlavet | Tibladin","og_description":"Giv din indretning et Marokkansk touch med denne marokkanske pendellampe i farven gammelrosa. H\u00e5ndlavet i Marrakech \u21d2 K\u00f8b den her.","og_url":"https:\/\/tibladin.dk\/sv\/produkt\/soft-touch-pendellampa-i-rotting-och-velour\/","og_site_name":"Tibladin","article_modified_time":"2026-01-09T14:00:22+00:00","og_image":[{"width":800,"height":800,"url":"https:\/\/tibladin.dk\/wp-content\/uploads\/2022\/09\/Soft_touch_pendellampe-1.jpg","type":"image\/jpeg"}],"twitter_card":"summary_large_image","twitter_misc":{"Ber\u00e4knad l\u00e4stid":"2 minuter"},"schema":{"@context":"https:\/\/schema.org","@graph":[{"@type":"WebPage","@id":"https:\/\/tibladin.dk\/produkt\/soft-touch-pendellampe-i-rattan-og-velour\/","url":"https:\/\/tibladin.dk\/produkt\/soft-touch-pendellampe-i-rattan-og-velour\/","name":"Marockansk pendel i rotting och velour | Handgjorda | Tibladin","isPartOf":{"@id":"https:\/\/tibladin.dk\/#website"},"primaryImageOfPage":{"@id":"https:\/\/tibladin.dk\/produkt\/soft-touch-pendellampe-i-rattan-og-velour\/#primaryimage"},"image":{"@id":"https:\/\/tibladin.dk\/produkt\/soft-touch-pendellampe-i-rattan-og-velour\/#primaryimage"},"thumbnailUrl":"https:\/\/tibladin.dk\/wp-content\/uploads\/2022\/09\/Soft_touch_pendellampe-1.jpg","datePublished":"2022-09-20T09:11:25+00:00","dateModified":"2026-01-09T14:00:22+00:00","description":"Ge din interi\u00f6r en marockansk touch med denna marockanska taklampa i f\u00e4rgen gammalrosa. Handgjord i Marrakech \u21d2 K\u00f6p den h\u00e4r.","breadcrumb":{"@id":"https:\/\/tibladin.dk\/produkt\/soft-touch-pendellampe-i-rattan-og-velour\/#breadcrumb"},"inLanguage":"sv-SE","potentialAction":[{"@type":"ReadAction","target":["https:\/\/tibladin.dk\/produkt\/soft-touch-pendellampe-i-rattan-og-velour\/"]}]},{"@type":"ImageObject","inLanguage":"sv-SE","@id":"https:\/\/tibladin.dk\/produkt\/soft-touch-pendellampe-i-rattan-og-velour\/#primaryimage","url":"https:\/\/tibladin.dk\/wp-content\/uploads\/2022\/09\/Soft_touch_pendellampe-1.jpg","contentUrl":"https:\/\/tibladin.dk\/wp-content\/uploads\/2022\/09\/Soft_touch_pendellampe-1.jpg","width":800,"height":800,"caption":"Marokkansk h\u00e5ndlavet pendellampe i pink velour"},{"@type":"BreadcrumbList","@id":"https:\/\/tibladin.dk\/produkt\/soft-touch-pendellampe-i-rattan-og-velour\/#breadcrumb","itemListElement":[{"@type":"ListItem","position":1,"name":"Hjem","item":"https:\/\/tibladin.dk\/"},{"@type":"ListItem","position":2,"name":"Shop","item":"https:\/\/tibladin.dk\/shop\/"},{"@type":"ListItem","position":3,"name":"Soft touch pendellampe i rattan og velour"}]},{"@type":"WebSite","@id":"https:\/\/tibladin.dk\/#website","url":"https:\/\/tibladin.dk\/","name":"Tibladin","description":"Tibladin","publisher":{"@id":"https:\/\/tibladin.dk\/#organization"},"potentialAction":[{"@type":"SearchAction","target":{"@type":"EntryPoint","urlTemplate":"https:\/\/tibladin.dk\/?s={search_term_string}"},"query-input":{"@type":"PropertyValueSpecification","valueRequired":true,"valueName":"search_term_string"}}],"inLanguage":"sv-SE"},{"@type":"Organization","@id":"https:\/\/tibladin.dk\/#organization","name":"Tibladin","url":"https:\/\/tibladin.dk\/","logo":{"@type":"ImageObject","inLanguage":"sv-SE","@id":"https:\/\/tibladin.dk\/#\/schema\/logo\/image\/","url":"https:\/\/tibladin.dk\/wp-content\/uploads\/2022\/09\/tibladin_logo.svg","contentUrl":"https:\/\/tibladin.dk\/wp-content\/uploads\/2022\/09\/tibladin_logo.svg","caption":"Tibladin"},"image":{"@id":"https:\/\/tibladin.dk\/#\/schema\/logo\/image\/"}}]}},"_links":{"self":[{"href":"https:\/\/tibladin.dk\/sv\/wp-json\/wp\/v2\/product\/1750","targetHints":{"allow":["GET"]}}],"collection":[{"href":"https:\/\/tibladin.dk\/sv\/wp-json\/wp\/v2\/product"}],"about":[{"href":"https:\/\/tibladin.dk\/sv\/wp-json\/wp\/v2\/types\/product"}],"wp:featuredmedia":[{"embeddable":true,"href":"https:\/\/tibladin.dk\/sv\/wp-json\/wp\/v2\/media\/1746"}],"wp:attachment":[{"href":"https:\/\/tibladin.dk\/sv\/wp-json\/wp\/v2\/media?parent=1750"}],"wp:term":[{"taxonomy":"product_brand","embeddable":true,"href":"https:\/\/tibladin.dk\/sv\/wp-json\/wp\/v2\/product_brand?post=1750"},{"taxonomy":"product_cat","embeddable":true,"href":"https:\/\/tibladin.dk\/sv\/wp-json\/wp\/v2\/product_cat?post=1750"},{"taxonomy":"product_tag","embeddable":true,"href":"https:\/\/tibladin.dk\/sv\/wp-json\/wp\/v2\/product_tag?post=1750"}],"curies":[{"name":"wp","href":"https:\/\/api.w.org\/{rel}","templated":true}]}}