{"id":1854,"date":"2022-09-20T11:12:09","date_gmt":"2022-09-20T09:12:09","guid":{"rendered":"https:\/\/tibladin.dk\/vare\/rund-bordlampe-m-marokkansk-moenster-stor-soelv-m-el\/"},"modified":"2025-03-26T19:25:46","modified_gmt":"2025-03-26T18:25:46","slug":"rund-bordslampa-med-marockansk-moenster-stor-silverflod-med-el","status":"publish","type":"product","link":"https:\/\/tibladin.dk\/sv\/produkt\/rund-bordlampe-m-marokkansk-moenster-stor-soelv-m-el\/","title":{"rendered":"Rund bordslampa med marockanskt m\u00f6nster, stor \u2013 silver mm"},"content":{"rendered":"<div class=\"wpb-content-wrapper\"><div class=\"vc_row wpb_row vc_row-fluid\"><div class=\"wpb_column vc_column_container vc_col-sm-4\"><div class=\"vc_column-inner\"><div class=\"wpb_wrapper\"><h3 style=\"text-align: left\" class=\"vc_custom_heading vc_do_custom_heading\" >Underh\u00e5ll<\/h3>\n\t<div class=\"wpb_text_column wpb_content_element\" >\n\t\t<div class=\"wpb_wrapper\">\n\t\t\t<p>Torka av med en fuktig trasa. Lamporna kan oxidera lite med tiden vilket bara ger extra charm.Vill du ha din lampa polerad kan du anv\u00e4nda ett polermedel eller lite citronsaft, som marockanerna g\u00f6r.<\/p>\n<p>Metallen lamporna \u00e4r gjorda av \u00e4r flexibel och om din lampa har en liten buckla kan den r\u00e4tas ut v\u00e4ldigt enkelt. Anv\u00e4nd en tesked och gnugga den d\u00e4r bulan sticker ut och j\u00e4mna f\u00f6rsiktigt till den p\u00e5 plats.<\/p>\n\n\t\t<\/div>\n\t<\/div>\n<\/div><\/div><\/div><div class=\"wpb_column vc_column_container vc_col-sm-4\"><div class=\"vc_column-inner\"><div class=\"wpb_wrapper\"><h3 style=\"text-align: left\" class=\"vc_custom_heading vc_do_custom_heading\" >Historien bakom<\/h3>\n\t<div class=\"wpb_text_column wpb_content_element\" >\n\t\t<div class=\"wpb_wrapper\">\n\t\t\t<p>Lamporna \u00e4r gjorda av silverf\u00e4rgad metall med ett marockanskt m\u00f6nster utslaget f\u00f6r hand. H\u00e5len i lampan reflekterar ljuset i ett magiskt sken mot v\u00e4ggen och ger rummet en mycket speciell atmosf\u00e4r.<\/p>\n<p>Lampor fr\u00e5n Marocko ger en unik touch till din inredning och ger ett dekorativt ljus.<\/p>\n<p>Lamporna \u00e4r handgjorda, och det kommer att finnas sm\u00e5 brister och skillnader i m\u00f6nster och form.<\/p>\n<p>F\u00e5 din egen Riad-atmosf\u00e4r med en handgjord lampa fr\u00e5n Marrakech.<\/p>\n\n\t\t<\/div>\n\t<\/div>\n<\/div><\/div><\/div><\/div>\n<\/div>","protected":false},"excerpt":{"rendered":"<p>Dekorativ rund bordslampa i silvermetall. Med ett dekorativt marockanskt m\u00f6nster, som kastar ett vackert sken in i rummet.<\/p>\n<p>Superkvalitet silvermetall, verkligen en vacker lampa, b\u00e5de med och utan ljus.<\/p>\n<p>F\u00e5 din egen 1001 natts st\u00e4mning med denna marockanska lampa.<\/p>\n<p>Lampan s\u00e4ljs med uttag och sladd, s\u00e5 den \u00e4r enkel att ansluta. Lampan \u00e4r 20 cm i diameter.<\/p>\n<p>&nbsp;<\/p>","protected":false},"featured_media":1850,"template":"","meta":{"inline_featured_image":false},"product_brand":[],"product_cat":[67,68],"product_tag":[],"class_list":{"0":"post-1854","1":"product","2":"type-product","3":"status-publish","4":"has-post-thumbnail","6":"product_cat-lamper","7":"product_cat-metal-lamper","9":"first","10":"instock","11":"taxable","12":"shipping-taxable","13":"purchasable","14":"product-type-simple"},"exclude_global_add_ons":false,"addons":[{"name":"Vill du ha presentinslagning?","type":"checkbox","position":0,"required":false,"title_format":"label","default":"","description_enable":false,"description":"","placeholder_enable":false,"placeholder":"","display":"images","restrictions_type":"any_text","adjust_price":false,"price":"","price_type":"flat_fee","restrictions":false,"min":"0","max":"0","options":[{"label":"Ja tak","price":"10","price_type":"flat_fee","image":11015,"visibility":true}],"id":1669646111}],"yoast_head":"<!-- This site is optimized with the Yoast SEO plugin v27.5 - https:\/\/yoast.com\/product\/yoast-seo-wordpress\/ -->\n<title>Marokkansk h\u00e5ndlavet lampe i s\u00f8lvmetal | Marokkansk m\u00f8nster<\/title>\n<meta name=\"description\" content=\"Marokkansk bordlampe i s\u00f8lvmetal med h\u00e5ndlavet marokkansk m\u00f8nster, der giver et dekorativt og hyggeligt lys i rummet. Stort udvalg af marokkanske lamper\" \/>\n<meta name=\"robots\" content=\"index, follow, max-snippet:-1, max-image-preview:large, max-video-preview:-1\" \/>\n<link rel=\"canonical\" href=\"https:\/\/tibladin.dk\/sv\/produkt\/rund-bordslampa-med-marockansk-moenster-stor-silverflod-med-el\/\" \/>\n<meta property=\"og:locale\" content=\"sv_SE\" \/>\n<meta property=\"og:type\" content=\"article\" \/>\n<meta property=\"og:title\" content=\"Marokkansk h\u00e5ndlavet lampe i s\u00f8lvmetal | Marokkansk m\u00f8nster\" \/>\n<meta property=\"og:description\" content=\"Marokkansk bordlampe i s\u00f8lvmetal med h\u00e5ndlavet marokkansk m\u00f8nster, der giver et dekorativt og hyggeligt lys i rummet. Stort udvalg af marokkanske lamper\" \/>\n<meta property=\"og:url\" content=\"https:\/\/tibladin.dk\/sv\/produkt\/rund-bordslampa-med-marockansk-moenster-stor-silverflod-med-el\/\" \/>\n<meta property=\"og:site_name\" content=\"Tibladin\" \/>\n<meta property=\"article:modified_time\" content=\"2025-03-26T18:25:46+00:00\" \/>\n<meta property=\"og:image\" content=\"https:\/\/tibladin.dk\/wp-content\/uploads\/2022\/09\/Tibladin_marokkansk-bordlampe_metal-med-moenster_Light-1.jpg\" \/>\n\t<meta property=\"og:image:width\" content=\"800\" \/>\n\t<meta property=\"og:image:height\" content=\"800\" \/>\n\t<meta property=\"og:image:type\" content=\"image\/jpeg\" \/>\n<meta name=\"twitter:card\" content=\"summary_large_image\" \/>\n<meta name=\"twitter:label1\" content=\"Ber\u00e4knad l\u00e4stid\" \/>\n\t<meta name=\"twitter:data1\" content=\"2 minuter\" \/>\n<script type=\"application\/ld+json\" class=\"yoast-schema-graph\">{\"@context\":\"https:\\\/\\\/schema.org\",\"@graph\":[{\"@type\":\"WebPage\",\"@id\":\"https:\\\/\\\/tibladin.dk\\\/produkt\\\/rund-bordlampe-m-marokkansk-moenster-stor-soelv-m-el\\\/\",\"url\":\"https:\\\/\\\/tibladin.dk\\\/produkt\\\/rund-bordlampe-m-marokkansk-moenster-stor-soelv-m-el\\\/\",\"name\":\"Marokkansk h\u00e5ndlavet lampe i s\u00f8lvmetal | Marokkansk m\u00f8nster\",\"isPartOf\":{\"@id\":\"https:\\\/\\\/tibladin.dk\\\/#website\"},\"primaryImageOfPage\":{\"@id\":\"https:\\\/\\\/tibladin.dk\\\/produkt\\\/rund-bordlampe-m-marokkansk-moenster-stor-soelv-m-el\\\/#primaryimage\"},\"image\":{\"@id\":\"https:\\\/\\\/tibladin.dk\\\/produkt\\\/rund-bordlampe-m-marokkansk-moenster-stor-soelv-m-el\\\/#primaryimage\"},\"thumbnailUrl\":\"https:\\\/\\\/tibladin.dk\\\/wp-content\\\/uploads\\\/2022\\\/09\\\/Tibladin_marokkansk-bordlampe_metal-med-moenster_Light-1.jpg\",\"datePublished\":\"2022-09-20T09:12:09+00:00\",\"dateModified\":\"2025-03-26T18:25:46+00:00\",\"description\":\"Marokkansk bordlampe i s\u00f8lvmetal med h\u00e5ndlavet marokkansk m\u00f8nster, der giver et dekorativt og hyggeligt lys i rummet. Stort udvalg af marokkanske lamper\",\"breadcrumb\":{\"@id\":\"https:\\\/\\\/tibladin.dk\\\/produkt\\\/rund-bordlampe-m-marokkansk-moenster-stor-soelv-m-el\\\/#breadcrumb\"},\"inLanguage\":\"sv-SE\",\"potentialAction\":[{\"@type\":\"ReadAction\",\"target\":[\"https:\\\/\\\/tibladin.dk\\\/produkt\\\/rund-bordlampe-m-marokkansk-moenster-stor-soelv-m-el\\\/\"]}]},{\"@type\":\"ImageObject\",\"inLanguage\":\"sv-SE\",\"@id\":\"https:\\\/\\\/tibladin.dk\\\/produkt\\\/rund-bordlampe-m-marokkansk-moenster-stor-soelv-m-el\\\/#primaryimage\",\"url\":\"https:\\\/\\\/tibladin.dk\\\/wp-content\\\/uploads\\\/2022\\\/09\\\/Tibladin_marokkansk-bordlampe_metal-med-moenster_Light-1.jpg\",\"contentUrl\":\"https:\\\/\\\/tibladin.dk\\\/wp-content\\\/uploads\\\/2022\\\/09\\\/Tibladin_marokkansk-bordlampe_metal-med-moenster_Light-1.jpg\",\"width\":800,\"height\":800,\"caption\":\"Marokkanske h\u00e5ndlavet bordlampe i s\u00f8lvmetal med sammensatte ringe m\u00f8nster, t\u00e6ndt\"},{\"@type\":\"BreadcrumbList\",\"@id\":\"https:\\\/\\\/tibladin.dk\\\/produkt\\\/rund-bordlampe-m-marokkansk-moenster-stor-soelv-m-el\\\/#breadcrumb\",\"itemListElement\":[{\"@type\":\"ListItem\",\"position\":1,\"name\":\"Hjem\",\"item\":\"https:\\\/\\\/tibladin.dk\\\/\"},{\"@type\":\"ListItem\",\"position\":2,\"name\":\"Shop\",\"item\":\"https:\\\/\\\/tibladin.dk\\\/shop\\\/\"},{\"@type\":\"ListItem\",\"position\":3,\"name\":\"Rund bordlampe m. marokkansk m\u00f8nster, stor &#8211; s\u00f8lv m.el\"}]},{\"@type\":\"WebSite\",\"@id\":\"https:\\\/\\\/tibladin.dk\\\/#website\",\"url\":\"https:\\\/\\\/tibladin.dk\\\/\",\"name\":\"Tibladin\",\"description\":\"Tibladin\",\"publisher\":{\"@id\":\"https:\\\/\\\/tibladin.dk\\\/#organization\"},\"potentialAction\":[{\"@type\":\"SearchAction\",\"target\":{\"@type\":\"EntryPoint\",\"urlTemplate\":\"https:\\\/\\\/tibladin.dk\\\/?s={search_term_string}\"},\"query-input\":{\"@type\":\"PropertyValueSpecification\",\"valueRequired\":true,\"valueName\":\"search_term_string\"}}],\"inLanguage\":\"sv-SE\"},{\"@type\":\"Organization\",\"@id\":\"https:\\\/\\\/tibladin.dk\\\/#organization\",\"name\":\"Tibladin\",\"url\":\"https:\\\/\\\/tibladin.dk\\\/\",\"logo\":{\"@type\":\"ImageObject\",\"inLanguage\":\"sv-SE\",\"@id\":\"https:\\\/\\\/tibladin.dk\\\/#\\\/schema\\\/logo\\\/image\\\/\",\"url\":\"https:\\\/\\\/tibladin.dk\\\/wp-content\\\/uploads\\\/2022\\\/09\\\/tibladin_logo.svg\",\"contentUrl\":\"https:\\\/\\\/tibladin.dk\\\/wp-content\\\/uploads\\\/2022\\\/09\\\/tibladin_logo.svg\",\"caption\":\"Tibladin\"},\"image\":{\"@id\":\"https:\\\/\\\/tibladin.dk\\\/#\\\/schema\\\/logo\\\/image\\\/\"}}]}<\/script>\n<!-- \/ Yoast SEO plugin. -->","yoast_head_json":{"title":"Marockansk handgjord lampa i silvermetall | Marockanskt m\u00f6nster","description":"Marockansk bordslampa i silvermetall med handgjort marockanskt m\u00f6nster som ger ett dekorativt och mysigt ljus i rummet. Stort utbud av marockanska lampor","robots":{"index":"index","follow":"follow","max-snippet":"max-snippet:-1","max-image-preview":"max-image-preview:large","max-video-preview":"max-video-preview:-1"},"canonical":"https:\/\/tibladin.dk\/sv\/produkt\/rund-bordslampa-med-marockansk-moenster-stor-silverflod-med-el\/","og_locale":"sv_SE","og_type":"article","og_title":"Marokkansk h\u00e5ndlavet lampe i s\u00f8lvmetal | Marokkansk m\u00f8nster","og_description":"Marokkansk bordlampe i s\u00f8lvmetal med h\u00e5ndlavet marokkansk m\u00f8nster, der giver et dekorativt og hyggeligt lys i rummet. Stort udvalg af marokkanske lamper","og_url":"https:\/\/tibladin.dk\/sv\/produkt\/rund-bordslampa-med-marockansk-moenster-stor-silverflod-med-el\/","og_site_name":"Tibladin","article_modified_time":"2025-03-26T18:25:46+00:00","og_image":[{"width":800,"height":800,"url":"https:\/\/tibladin.dk\/wp-content\/uploads\/2022\/09\/Tibladin_marokkansk-bordlampe_metal-med-moenster_Light-1.jpg","type":"image\/jpeg"}],"twitter_card":"summary_large_image","twitter_misc":{"Ber\u00e4knad l\u00e4stid":"2 minuter"},"schema":{"@context":"https:\/\/schema.org","@graph":[{"@type":"WebPage","@id":"https:\/\/tibladin.dk\/produkt\/rund-bordlampe-m-marokkansk-moenster-stor-soelv-m-el\/","url":"https:\/\/tibladin.dk\/produkt\/rund-bordlampe-m-marokkansk-moenster-stor-soelv-m-el\/","name":"Marockansk handgjord lampa i silvermetall | Marockanskt m\u00f6nster","isPartOf":{"@id":"https:\/\/tibladin.dk\/#website"},"primaryImageOfPage":{"@id":"https:\/\/tibladin.dk\/produkt\/rund-bordlampe-m-marokkansk-moenster-stor-soelv-m-el\/#primaryimage"},"image":{"@id":"https:\/\/tibladin.dk\/produkt\/rund-bordlampe-m-marokkansk-moenster-stor-soelv-m-el\/#primaryimage"},"thumbnailUrl":"https:\/\/tibladin.dk\/wp-content\/uploads\/2022\/09\/Tibladin_marokkansk-bordlampe_metal-med-moenster_Light-1.jpg","datePublished":"2022-09-20T09:12:09+00:00","dateModified":"2025-03-26T18:25:46+00:00","description":"Marockansk bordslampa i silvermetall med handgjort marockanskt m\u00f6nster som ger ett dekorativt och mysigt ljus i rummet. Stort utbud av marockanska lampor","breadcrumb":{"@id":"https:\/\/tibladin.dk\/produkt\/rund-bordlampe-m-marokkansk-moenster-stor-soelv-m-el\/#breadcrumb"},"inLanguage":"sv-SE","potentialAction":[{"@type":"ReadAction","target":["https:\/\/tibladin.dk\/produkt\/rund-bordlampe-m-marokkansk-moenster-stor-soelv-m-el\/"]}]},{"@type":"ImageObject","inLanguage":"sv-SE","@id":"https:\/\/tibladin.dk\/produkt\/rund-bordlampe-m-marokkansk-moenster-stor-soelv-m-el\/#primaryimage","url":"https:\/\/tibladin.dk\/wp-content\/uploads\/2022\/09\/Tibladin_marokkansk-bordlampe_metal-med-moenster_Light-1.jpg","contentUrl":"https:\/\/tibladin.dk\/wp-content\/uploads\/2022\/09\/Tibladin_marokkansk-bordlampe_metal-med-moenster_Light-1.jpg","width":800,"height":800,"caption":"Marokkanske h\u00e5ndlavet bordlampe i s\u00f8lvmetal med sammensatte ringe m\u00f8nster, t\u00e6ndt"},{"@type":"BreadcrumbList","@id":"https:\/\/tibladin.dk\/produkt\/rund-bordlampe-m-marokkansk-moenster-stor-soelv-m-el\/#breadcrumb","itemListElement":[{"@type":"ListItem","position":1,"name":"Hjem","item":"https:\/\/tibladin.dk\/"},{"@type":"ListItem","position":2,"name":"Shop","item":"https:\/\/tibladin.dk\/shop\/"},{"@type":"ListItem","position":3,"name":"Rund bordlampe m. marokkansk m\u00f8nster, stor &#8211; s\u00f8lv m.el"}]},{"@type":"WebSite","@id":"https:\/\/tibladin.dk\/#website","url":"https:\/\/tibladin.dk\/","name":"Tibladin","description":"Tibladin","publisher":{"@id":"https:\/\/tibladin.dk\/#organization"},"potentialAction":[{"@type":"SearchAction","target":{"@type":"EntryPoint","urlTemplate":"https:\/\/tibladin.dk\/?s={search_term_string}"},"query-input":{"@type":"PropertyValueSpecification","valueRequired":true,"valueName":"search_term_string"}}],"inLanguage":"sv-SE"},{"@type":"Organization","@id":"https:\/\/tibladin.dk\/#organization","name":"Tibladin","url":"https:\/\/tibladin.dk\/","logo":{"@type":"ImageObject","inLanguage":"sv-SE","@id":"https:\/\/tibladin.dk\/#\/schema\/logo\/image\/","url":"https:\/\/tibladin.dk\/wp-content\/uploads\/2022\/09\/tibladin_logo.svg","contentUrl":"https:\/\/tibladin.dk\/wp-content\/uploads\/2022\/09\/tibladin_logo.svg","caption":"Tibladin"},"image":{"@id":"https:\/\/tibladin.dk\/#\/schema\/logo\/image\/"}}]}},"_links":{"self":[{"href":"https:\/\/tibladin.dk\/sv\/wp-json\/wp\/v2\/product\/1854","targetHints":{"allow":["GET"]}}],"collection":[{"href":"https:\/\/tibladin.dk\/sv\/wp-json\/wp\/v2\/product"}],"about":[{"href":"https:\/\/tibladin.dk\/sv\/wp-json\/wp\/v2\/types\/product"}],"wp:featuredmedia":[{"embeddable":true,"href":"https:\/\/tibladin.dk\/sv\/wp-json\/wp\/v2\/media\/1850"}],"wp:attachment":[{"href":"https:\/\/tibladin.dk\/sv\/wp-json\/wp\/v2\/media?parent=1854"}],"wp:term":[{"taxonomy":"product_brand","embeddable":true,"href":"https:\/\/tibladin.dk\/sv\/wp-json\/wp\/v2\/product_brand?post=1854"},{"taxonomy":"product_cat","embeddable":true,"href":"https:\/\/tibladin.dk\/sv\/wp-json\/wp\/v2\/product_cat?post=1854"},{"taxonomy":"product_tag","embeddable":true,"href":"https:\/\/tibladin.dk\/sv\/wp-json\/wp\/v2\/product_tag?post=1854"}],"curies":[{"name":"wp","href":"https:\/\/api.w.org\/{rel}","templated":true}]}}