{"id":1865,"date":"2022-09-20T11:12:13","date_gmt":"2022-09-20T09:12:13","guid":{"rendered":"https:\/\/tibladin.dk\/vare\/koksgraa-daekkeserviet-lysegraa-soelv-kant\/"},"modified":"2024-12-09T14:35:28","modified_gmt":"2024-12-09T13:35:28","slug":"kolgraa-bordsunderlagg-ljusgraa-silverkant","status":"publish","type":"product","link":"https:\/\/tibladin.dk\/sv\/produkt\/koksgraa-daekkeserviet-lysegraa-soelv-kant\/","title":{"rendered":"Kolgr\u00e5 bordstablett - ljusgr\u00e5\/silver kant"},"content":{"rendered":"<div class=\"wpb-content-wrapper\"><div class=\"vc_row wpb_row vc_row-fluid\"><div class=\"wpb_column vc_column_container vc_col-sm-4\"><div class=\"vc_column-inner\"><div class=\"wpb_wrapper\"><\/div><\/div><\/div><div class=\"wpb_column vc_column_container vc_col-sm-4\"><div class=\"vc_column-inner\"><div class=\"wpb_wrapper\"><h3 style=\"text-align: left\" class=\"vc_custom_heading vc_do_custom_heading\" >Underh\u00e5ll<\/h3>\n\t<div class=\"wpb_text_column wpb_content_element\" >\n\t\t<div class=\"wpb_wrapper\">\n\t\t\t<p>Underl\u00e4ggen \u00e4r gjorda av 100 % bomull och kan tv\u00e4ttas i upp till 60 grader i maskin. T\u00e5lig mot strykning.<\/p>\n\n\t\t<\/div>\n\t<\/div>\n<\/div><\/div><\/div><div class=\"wpb_column vc_column_container vc_col-sm-4\"><div class=\"vc_column-inner\"><div class=\"wpb_wrapper\"><h3 style=\"text-align: left\" class=\"vc_custom_heading vc_do_custom_heading\" >Historien bakom<\/h3>\n\t<div class=\"wpb_text_column wpb_content_element\" >\n\t\t<div class=\"wpb_wrapper\">\n\t\t\t<p>N\u00e4r man ser ett v\u00e4ldukat bord, d\u00e4r v\u00e4rden har gjort sig besv\u00e4ret att st\u00e4lla fina underl\u00e4gg, k\u00e4nner man sig som g\u00e4st uppskattad och v\u00e4lkommen. En bordstablett i tyg kan \u00e5teranv\u00e4ndas i m\u00e5nga \u00e5r och \u00e4r mycket b\u00e4ttre f\u00f6r milj\u00f6n. Bordstabletten \u00e4r gjord av kvalitetsbomull med vackra handbroderade kanter. De \u00e4r l\u00e4tta att l\u00e4gga till din dukning och ger ett vackert uttryck av kvalitet. M\u00e5nga timmars handarbete ligger bakom dessa bordstabletter.<\/p>\n\n\t\t<\/div>\n\t<\/div>\n<\/div><\/div><\/div><\/div>\n<\/div>","protected":false},"excerpt":{"rendered":"<p style=\"text-align: left;\">Underl\u00e4gg gjord av kolgr\u00e5 bomullslinne med broderad kant av ljusgr\u00e5 bomullstr\u00e5d.<\/p>\n<p>F\u00e5 dina g\u00e4ster att k\u00e4nna sig speciella och duka ett vackert bord med dessa bordstabletter och med \u00a0<a href=\"https:\/\/tibladin.dk\/sv\/produktkategori-2\/interior\/dukning\/stengods\/\">unikt stengods<\/a> och ev <a href=\"https:\/\/tibladin.dk\/sv\/produktkategori-2\/interior\/dukning\/tygservetter\/\">handbroderade tygservetter<\/a>.<\/p>\n<p class=\"p1\"><span class=\"s1\">Servetterna kan tv\u00e4ttas i maskin i upp till 60 grader och t\u00e5l strykning. M\u00e5tt 50\u00d735 cm.<\/span><\/p>\n<p>&nbsp;<\/p>","protected":false},"featured_media":1861,"template":"","meta":{"inline_featured_image":false},"product_brand":[],"product_cat":[33,100,98,37],"product_tag":[],"class_list":{"0":"post-1865","1":"product","2":"type-product","3":"status-publish","4":"has-post-thumbnail","6":"product_cat-borddaekning","7":"product_cat-daekkeservietter","8":"product_cat-stofservietter","9":"product_cat-tekstiler","11":"first","12":"instock","13":"taxable","14":"shipping-taxable","15":"purchasable","16":"product-type-simple"},"exclude_global_add_ons":false,"addons":[{"name":"Vill du ha presentinslagning?","type":"checkbox","position":0,"required":false,"title_format":"label","default":"","description_enable":false,"description":"","placeholder_enable":false,"placeholder":"","display":"images","restrictions_type":"any_text","adjust_price":false,"price":"","price_type":"flat_fee","restrictions":false,"min":"0","max":"0","options":[{"label":"Ja tak","price":"10","price_type":"flat_fee","image":11015,"visibility":true}],"id":1669646111}],"yoast_head":"<!-- This site is optimized with the Yoast SEO plugin v27.4 - https:\/\/yoast.com\/product\/yoast-seo-wordpress\/ -->\n<title>D\u00e6kkeservietter i bomuldslinned | Broderet, lysegr\u00e5 kant | Tibladin<\/title>\n<meta name=\"description\" content=\"Flotte marokkanske d\u00e6kkeservietter med h\u00e5ndbroderede kanter i lysegr\u00e5\/s\u00f8lv bomuldstr\u00e5d. Lavet af 100% koksgr\u00e5 bomuldslinned \u21d2 K\u00f8b her\" \/>\n<meta name=\"robots\" content=\"index, follow, max-snippet:-1, max-image-preview:large, max-video-preview:-1\" \/>\n<link rel=\"canonical\" href=\"https:\/\/tibladin.dk\/sv\/produkt\/kolgraa-bordsunderlagg-ljusgraa-silverkant\/\" \/>\n<meta property=\"og:locale\" content=\"sv_SE\" \/>\n<meta property=\"og:type\" content=\"article\" \/>\n<meta property=\"og:title\" content=\"D\u00e6kkeservietter i bomuldslinned | Broderet, lysegr\u00e5 kant | Tibladin\" \/>\n<meta property=\"og:description\" content=\"Flotte marokkanske d\u00e6kkeservietter med h\u00e5ndbroderede kanter i lysegr\u00e5\/s\u00f8lv bomuldstr\u00e5d. Lavet af 100% koksgr\u00e5 bomuldslinned \u21d2 K\u00f8b her\" \/>\n<meta property=\"og:url\" content=\"https:\/\/tibladin.dk\/sv\/produkt\/kolgraa-bordsunderlagg-ljusgraa-silverkant\/\" \/>\n<meta property=\"og:site_name\" content=\"Tibladin\" \/>\n<meta property=\"article:modified_time\" content=\"2024-12-09T13:35:28+00:00\" \/>\n<meta property=\"og:image\" content=\"https:\/\/tibladin.dk\/wp-content\/uploads\/2022\/09\/Tibladin_graa-daekkeservietter-1.jpg\" \/>\n\t<meta property=\"og:image:width\" content=\"800\" \/>\n\t<meta property=\"og:image:height\" content=\"800\" \/>\n\t<meta property=\"og:image:type\" content=\"image\/jpeg\" \/>\n<meta name=\"twitter:card\" content=\"summary_large_image\" \/>\n<meta name=\"twitter:label1\" content=\"Ber\u00e4knad l\u00e4stid\" \/>\n\t<meta name=\"twitter:data1\" content=\"1 minut\" \/>\n<script type=\"application\/ld+json\" class=\"yoast-schema-graph\">{\"@context\":\"https:\\\/\\\/schema.org\",\"@graph\":[{\"@type\":\"WebPage\",\"@id\":\"https:\\\/\\\/tibladin.dk\\\/produkt\\\/koksgraa-daekkeserviet-lysegraa-soelv-kant\\\/\",\"url\":\"https:\\\/\\\/tibladin.dk\\\/produkt\\\/koksgraa-daekkeserviet-lysegraa-soelv-kant\\\/\",\"name\":\"D\u00e6kkeservietter i bomuldslinned | Broderet, lysegr\u00e5 kant | Tibladin\",\"isPartOf\":{\"@id\":\"https:\\\/\\\/tibladin.dk\\\/#website\"},\"primaryImageOfPage\":{\"@id\":\"https:\\\/\\\/tibladin.dk\\\/produkt\\\/koksgraa-daekkeserviet-lysegraa-soelv-kant\\\/#primaryimage\"},\"image\":{\"@id\":\"https:\\\/\\\/tibladin.dk\\\/produkt\\\/koksgraa-daekkeserviet-lysegraa-soelv-kant\\\/#primaryimage\"},\"thumbnailUrl\":\"https:\\\/\\\/tibladin.dk\\\/wp-content\\\/uploads\\\/2022\\\/09\\\/Tibladin_graa-daekkeservietter-1.jpg\",\"datePublished\":\"2022-09-20T09:12:13+00:00\",\"dateModified\":\"2024-12-09T13:35:28+00:00\",\"description\":\"Flotte marokkanske d\u00e6kkeservietter med h\u00e5ndbroderede kanter i lysegr\u00e5\\\/s\u00f8lv bomuldstr\u00e5d. Lavet af 100% koksgr\u00e5 bomuldslinned \u21d2 K\u00f8b her\",\"breadcrumb\":{\"@id\":\"https:\\\/\\\/tibladin.dk\\\/produkt\\\/koksgraa-daekkeserviet-lysegraa-soelv-kant\\\/#breadcrumb\"},\"inLanguage\":\"sv-SE\",\"potentialAction\":[{\"@type\":\"ReadAction\",\"target\":[\"https:\\\/\\\/tibladin.dk\\\/produkt\\\/koksgraa-daekkeserviet-lysegraa-soelv-kant\\\/\"]}]},{\"@type\":\"ImageObject\",\"inLanguage\":\"sv-SE\",\"@id\":\"https:\\\/\\\/tibladin.dk\\\/produkt\\\/koksgraa-daekkeserviet-lysegraa-soelv-kant\\\/#primaryimage\",\"url\":\"https:\\\/\\\/tibladin.dk\\\/wp-content\\\/uploads\\\/2022\\\/09\\\/Tibladin_graa-daekkeservietter-1.jpg\",\"contentUrl\":\"https:\\\/\\\/tibladin.dk\\\/wp-content\\\/uploads\\\/2022\\\/09\\\/Tibladin_graa-daekkeservietter-1.jpg\",\"width\":800,\"height\":800,\"caption\":\"Koksgr\u00e5 marokkanske h\u00e5ndbroderet d\u00e6kkeservietter med hvid kant og hvide pomponer, p\u00e5 et tr\u00e6bord\"},{\"@type\":\"BreadcrumbList\",\"@id\":\"https:\\\/\\\/tibladin.dk\\\/produkt\\\/koksgraa-daekkeserviet-lysegraa-soelv-kant\\\/#breadcrumb\",\"itemListElement\":[{\"@type\":\"ListItem\",\"position\":1,\"name\":\"Hjem\",\"item\":\"https:\\\/\\\/tibladin.dk\\\/\"},{\"@type\":\"ListItem\",\"position\":2,\"name\":\"Shop\",\"item\":\"https:\\\/\\\/tibladin.dk\\\/shop\\\/\"},{\"@type\":\"ListItem\",\"position\":3,\"name\":\"Koksgr\u00e5 d\u00e6kkeserviet &#8211; lysegr\u00e5\\\/s\u00f8lv kant\"}]},{\"@type\":\"WebSite\",\"@id\":\"https:\\\/\\\/tibladin.dk\\\/#website\",\"url\":\"https:\\\/\\\/tibladin.dk\\\/\",\"name\":\"Tibladin\",\"description\":\"Tibladin\",\"publisher\":{\"@id\":\"https:\\\/\\\/tibladin.dk\\\/#organization\"},\"potentialAction\":[{\"@type\":\"SearchAction\",\"target\":{\"@type\":\"EntryPoint\",\"urlTemplate\":\"https:\\\/\\\/tibladin.dk\\\/?s={search_term_string}\"},\"query-input\":{\"@type\":\"PropertyValueSpecification\",\"valueRequired\":true,\"valueName\":\"search_term_string\"}}],\"inLanguage\":\"sv-SE\"},{\"@type\":\"Organization\",\"@id\":\"https:\\\/\\\/tibladin.dk\\\/#organization\",\"name\":\"Tibladin\",\"url\":\"https:\\\/\\\/tibladin.dk\\\/\",\"logo\":{\"@type\":\"ImageObject\",\"inLanguage\":\"sv-SE\",\"@id\":\"https:\\\/\\\/tibladin.dk\\\/#\\\/schema\\\/logo\\\/image\\\/\",\"url\":\"https:\\\/\\\/tibladin.dk\\\/wp-content\\\/uploads\\\/2022\\\/09\\\/tibladin_logo.svg\",\"contentUrl\":\"https:\\\/\\\/tibladin.dk\\\/wp-content\\\/uploads\\\/2022\\\/09\\\/tibladin_logo.svg\",\"caption\":\"Tibladin\"},\"image\":{\"@id\":\"https:\\\/\\\/tibladin.dk\\\/#\\\/schema\\\/logo\\\/image\\\/\"}}]}<\/script>\n<!-- \/ Yoast SEO plugin. -->","yoast_head_json":{"title":"Underl\u00e4gg i bomullslinne | Broderad, ljusgr\u00e5 b\u00e5rd | Tibladin","description":"Vackra marockanska bordstabletter med handbroderade kanter i ljusgr\u00e5\/silver bomullstr\u00e5d. Tillverkad av 100% kolgr\u00e5 bomullslinne \u21d2 K\u00f6p h\u00e4r","robots":{"index":"index","follow":"follow","max-snippet":"max-snippet:-1","max-image-preview":"max-image-preview:large","max-video-preview":"max-video-preview:-1"},"canonical":"https:\/\/tibladin.dk\/sv\/produkt\/kolgraa-bordsunderlagg-ljusgraa-silverkant\/","og_locale":"sv_SE","og_type":"article","og_title":"D\u00e6kkeservietter i bomuldslinned | Broderet, lysegr\u00e5 kant | Tibladin","og_description":"Flotte marokkanske d\u00e6kkeservietter med h\u00e5ndbroderede kanter i lysegr\u00e5\/s\u00f8lv bomuldstr\u00e5d. Lavet af 100% koksgr\u00e5 bomuldslinned \u21d2 K\u00f8b her","og_url":"https:\/\/tibladin.dk\/sv\/produkt\/kolgraa-bordsunderlagg-ljusgraa-silverkant\/","og_site_name":"Tibladin","article_modified_time":"2024-12-09T13:35:28+00:00","og_image":[{"width":800,"height":800,"url":"https:\/\/tibladin.dk\/wp-content\/uploads\/2022\/09\/Tibladin_graa-daekkeservietter-1.jpg","type":"image\/jpeg"}],"twitter_card":"summary_large_image","twitter_misc":{"Ber\u00e4knad l\u00e4stid":"1 minut"},"schema":{"@context":"https:\/\/schema.org","@graph":[{"@type":"WebPage","@id":"https:\/\/tibladin.dk\/produkt\/koksgraa-daekkeserviet-lysegraa-soelv-kant\/","url":"https:\/\/tibladin.dk\/produkt\/koksgraa-daekkeserviet-lysegraa-soelv-kant\/","name":"Underl\u00e4gg i bomullslinne | Broderad, ljusgr\u00e5 b\u00e5rd | Tibladin","isPartOf":{"@id":"https:\/\/tibladin.dk\/#website"},"primaryImageOfPage":{"@id":"https:\/\/tibladin.dk\/produkt\/koksgraa-daekkeserviet-lysegraa-soelv-kant\/#primaryimage"},"image":{"@id":"https:\/\/tibladin.dk\/produkt\/koksgraa-daekkeserviet-lysegraa-soelv-kant\/#primaryimage"},"thumbnailUrl":"https:\/\/tibladin.dk\/wp-content\/uploads\/2022\/09\/Tibladin_graa-daekkeservietter-1.jpg","datePublished":"2022-09-20T09:12:13+00:00","dateModified":"2024-12-09T13:35:28+00:00","description":"Vackra marockanska bordstabletter med handbroderade kanter i ljusgr\u00e5\/silver bomullstr\u00e5d. Tillverkad av 100% kolgr\u00e5 bomullslinne \u21d2 K\u00f6p h\u00e4r","breadcrumb":{"@id":"https:\/\/tibladin.dk\/produkt\/koksgraa-daekkeserviet-lysegraa-soelv-kant\/#breadcrumb"},"inLanguage":"sv-SE","potentialAction":[{"@type":"ReadAction","target":["https:\/\/tibladin.dk\/produkt\/koksgraa-daekkeserviet-lysegraa-soelv-kant\/"]}]},{"@type":"ImageObject","inLanguage":"sv-SE","@id":"https:\/\/tibladin.dk\/produkt\/koksgraa-daekkeserviet-lysegraa-soelv-kant\/#primaryimage","url":"https:\/\/tibladin.dk\/wp-content\/uploads\/2022\/09\/Tibladin_graa-daekkeservietter-1.jpg","contentUrl":"https:\/\/tibladin.dk\/wp-content\/uploads\/2022\/09\/Tibladin_graa-daekkeservietter-1.jpg","width":800,"height":800,"caption":"Koksgr\u00e5 marokkanske h\u00e5ndbroderet d\u00e6kkeservietter med hvid kant og hvide pomponer, p\u00e5 et tr\u00e6bord"},{"@type":"BreadcrumbList","@id":"https:\/\/tibladin.dk\/produkt\/koksgraa-daekkeserviet-lysegraa-soelv-kant\/#breadcrumb","itemListElement":[{"@type":"ListItem","position":1,"name":"Hjem","item":"https:\/\/tibladin.dk\/"},{"@type":"ListItem","position":2,"name":"Shop","item":"https:\/\/tibladin.dk\/shop\/"},{"@type":"ListItem","position":3,"name":"Koksgr\u00e5 d\u00e6kkeserviet &#8211; lysegr\u00e5\/s\u00f8lv kant"}]},{"@type":"WebSite","@id":"https:\/\/tibladin.dk\/#website","url":"https:\/\/tibladin.dk\/","name":"Tibladin","description":"Tibladin","publisher":{"@id":"https:\/\/tibladin.dk\/#organization"},"potentialAction":[{"@type":"SearchAction","target":{"@type":"EntryPoint","urlTemplate":"https:\/\/tibladin.dk\/?s={search_term_string}"},"query-input":{"@type":"PropertyValueSpecification","valueRequired":true,"valueName":"search_term_string"}}],"inLanguage":"sv-SE"},{"@type":"Organization","@id":"https:\/\/tibladin.dk\/#organization","name":"Tibladin","url":"https:\/\/tibladin.dk\/","logo":{"@type":"ImageObject","inLanguage":"sv-SE","@id":"https:\/\/tibladin.dk\/#\/schema\/logo\/image\/","url":"https:\/\/tibladin.dk\/wp-content\/uploads\/2022\/09\/tibladin_logo.svg","contentUrl":"https:\/\/tibladin.dk\/wp-content\/uploads\/2022\/09\/tibladin_logo.svg","caption":"Tibladin"},"image":{"@id":"https:\/\/tibladin.dk\/#\/schema\/logo\/image\/"}}]}},"_links":{"self":[{"href":"https:\/\/tibladin.dk\/sv\/wp-json\/wp\/v2\/product\/1865","targetHints":{"allow":["GET"]}}],"collection":[{"href":"https:\/\/tibladin.dk\/sv\/wp-json\/wp\/v2\/product"}],"about":[{"href":"https:\/\/tibladin.dk\/sv\/wp-json\/wp\/v2\/types\/product"}],"wp:featuredmedia":[{"embeddable":true,"href":"https:\/\/tibladin.dk\/sv\/wp-json\/wp\/v2\/media\/1861"}],"wp:attachment":[{"href":"https:\/\/tibladin.dk\/sv\/wp-json\/wp\/v2\/media?parent=1865"}],"wp:term":[{"taxonomy":"product_brand","embeddable":true,"href":"https:\/\/tibladin.dk\/sv\/wp-json\/wp\/v2\/product_brand?post=1865"},{"taxonomy":"product_cat","embeddable":true,"href":"https:\/\/tibladin.dk\/sv\/wp-json\/wp\/v2\/product_cat?post=1865"},{"taxonomy":"product_tag","embeddable":true,"href":"https:\/\/tibladin.dk\/sv\/wp-json\/wp\/v2\/product_tag?post=1865"}],"curies":[{"name":"wp","href":"https:\/\/api.w.org\/{rel}","templated":true}]}}