{"id":1875,"date":"2022-09-20T11:12:17","date_gmt":"2022-09-20T09:12:17","guid":{"rendered":"https:\/\/tibladin.dk\/vare\/sengetaeppe-aswad-240x260-inkl-2-puder\/"},"modified":"2025-02-19T03:13:30","modified_gmt":"2025-02-19T02:13:30","slug":"overkast-aswad-240x260-inkl-2-kuddar","status":"publish","type":"product","link":"https:\/\/tibladin.dk\/sv\/produkt\/sengetaeppe-aswad-240x260-inkl-2-puder\/","title":{"rendered":"\u00d6verkast ASWAD 240\u00d7260 - inkl. 2 kuddar"},"content":{"rendered":"<div class=\"wpb-content-wrapper\"><div class=\"vc_row wpb_row vc_row-fluid\"><div class=\"wpb_column vc_column_container vc_col-sm-4\"><div class=\"vc_column-inner\"><div class=\"wpb_wrapper\"><h3 style=\"text-align: left\" class=\"vc_custom_heading vc_do_custom_heading\" >Underh\u00e5ll<\/h3>\n\t<div class=\"wpb_text_column wpb_content_element\" >\n\t\t<div class=\"wpb_wrapper\">\n\t\t\t<p>Kan tv\u00e4ttas i 40 grader i maskin. D\u00e5 mattan \u00e4r handv\u00e4vd rekommenderas att tv\u00e4tta den f\u00f6rsiktigt i 30 grader, d\u00e5 den mycket v\u00e4l kan \u00e4ndra struktur vid h\u00f6gre temperatur.<\/p>\n\n\t\t<\/div>\n\t<\/div>\n<\/div><\/div><\/div><div class=\"wpb_column vc_column_container vc_col-sm-4\"><div class=\"vc_column-inner\"><div class=\"wpb_wrapper\"><h3 style=\"text-align: left\" class=\"vc_custom_heading vc_do_custom_heading\" >Historien bakom<\/h3>\n\t<div class=\"wpb_text_column wpb_content_element\" >\n\t\t<div class=\"wpb_wrapper\">\n\t\t\t<p>Ett \u00f6verkast \u00e4r en bra dekoration i ett sovrum. Dessutom \u00e4r den fantastisk f\u00f6r att t\u00e4cka en s\u00e4ng, vare sig den \u00e4r st\u00f6kig eller inte, \u00f6verkast ger ditt sovrum ett snyggt och snyggt utseende.<\/p>\n<p>Detta marockanska \u00f6verkast \u00e4r en del av en serie med tv\u00e5 andra \u00f6verkast, <a href=\"https:\/\/tibladin.dk\/sv\/produkt\/overkast-asfar-240x260-inkl-2-kuddar\/\">S\u00c5 L\u00c5NGT<\/a> och <a href=\"https:\/\/tibladin.dk\/sv\/produkt\/overkast-sharit-240x260-inkl-2-kuddar\/\">SHARIT<\/a>. De \u00e4r gjorda i finaste kvalitet, designade i samarbete med v\u00e5r designer med egen verkstad i Marrakech. Vi l\u00e4gger stor vikt vid att designa marockanska \u00f6verkast som passar in i en modern, skandinavisk inredning.<\/p>\n\n\t\t<\/div>\n\t<\/div>\n<\/div><\/div><\/div><\/div>\n<\/div>","protected":false},"excerpt":{"rendered":"<p>Dekorativt marockanskt \u00f6verkast i bomull. Vit med svarta r\u00e4nder och svarta pom-poms i \u00e4ndarna. Handv\u00e4vd i Marrakech<\/p>\n<p>M\u00e4ter 260 x 240 och v\u00e4ger 4 kg.<\/p>\n<p>Passar perfekt till dubbels\u00e4ng.<\/p>\n<p>Tillsammans med \u00f6verkastet f\u00e5r du 2 matchande prydnadskuddar\/gavelkuddar i 60\u00d740 cm inkl. innerkudde med 100% ekologisk fj\u00e4der\/dun. En kudde i storlek som passar bra som ryggst\u00f6d.<\/p>\n<p>Superfint set som ger en mysig atmosf\u00e4r i ditt sovrum.<\/p>","protected":false},"featured_media":1871,"template":"","meta":{"inline_featured_image":false},"product_brand":[],"product_cat":[38,37],"product_tag":[],"class_list":{"0":"post-1875","1":"product","2":"type-product","3":"status-publish","4":"has-post-thumbnail","6":"product_cat-sengetaepper","7":"product_cat-tekstiler","9":"first","10":"instock","11":"taxable","12":"shipping-taxable","13":"purchasable","14":"product-type-simple"},"exclude_global_add_ons":false,"addons":[{"name":"Vill du ha presentinslagning?","type":"checkbox","position":0,"required":false,"title_format":"label","default":"","description_enable":false,"description":"","placeholder_enable":false,"placeholder":"","display":"images","restrictions_type":"any_text","adjust_price":false,"price":"","price_type":"flat_fee","restrictions":false,"min":"0","max":"0","options":[{"label":"Ja tak","price":"10","price_type":"flat_fee","image":11015,"visibility":true}],"id":1669646111}],"yoast_head":"<!-- This site is optimized with the Yoast SEO plugin v27.4 - https:\/\/yoast.com\/product\/yoast-seo-wordpress\/ -->\n<title>Marokkansk senget\u00e6ppe ASWAD | + 2 pudebetr\u00e6k | H\u00e5ndv\u00e6vet<\/title>\n<meta name=\"description\" content=\"Dekorativt marokkansk senget\u00e6ppe. H\u00e5ndv\u00e6vet i hvid bomuld med sorte striber og sorte pomponer. Inkl 2 matchende pudebetr\u00e6k \u21d2 Se mere her\" \/>\n<meta name=\"robots\" content=\"index, follow, max-snippet:-1, max-image-preview:large, max-video-preview:-1\" \/>\n<link rel=\"canonical\" href=\"https:\/\/tibladin.dk\/sv\/produkt\/overkast-aswad-240x260-inkl-2-kuddar\/\" \/>\n<meta property=\"og:locale\" content=\"sv_SE\" \/>\n<meta property=\"og:type\" content=\"article\" \/>\n<meta property=\"og:title\" content=\"Marokkansk senget\u00e6ppe ASWAD | + 2 pudebetr\u00e6k | H\u00e5ndv\u00e6vet\" \/>\n<meta property=\"og:description\" content=\"Dekorativt marokkansk senget\u00e6ppe. H\u00e5ndv\u00e6vet i hvid bomuld med sorte striber og sorte pomponer. Inkl 2 matchende pudebetr\u00e6k \u21d2 Se mere her\" \/>\n<meta property=\"og:url\" content=\"https:\/\/tibladin.dk\/sv\/produkt\/overkast-aswad-240x260-inkl-2-kuddar\/\" \/>\n<meta property=\"og:site_name\" content=\"Tibladin\" \/>\n<meta property=\"article:modified_time\" content=\"2025-02-19T02:13:30+00:00\" \/>\n<meta property=\"og:image\" content=\"https:\/\/tibladin.dk\/wp-content\/uploads\/2022\/09\/Sengetaeppe_ASWAD-1.jpg\" \/>\n\t<meta property=\"og:image:width\" content=\"800\" \/>\n\t<meta property=\"og:image:height\" content=\"800\" \/>\n\t<meta property=\"og:image:type\" content=\"image\/jpeg\" \/>\n<meta name=\"twitter:card\" content=\"summary_large_image\" \/>\n<meta name=\"twitter:label1\" content=\"Ber\u00e4knad l\u00e4stid\" \/>\n\t<meta name=\"twitter:data1\" content=\"1 minut\" \/>\n<script type=\"application\/ld+json\" class=\"yoast-schema-graph\">{\"@context\":\"https:\\\/\\\/schema.org\",\"@graph\":[{\"@type\":\"WebPage\",\"@id\":\"https:\\\/\\\/tibladin.dk\\\/produkt\\\/sengetaeppe-aswad-240x260-inkl-2-puder\\\/\",\"url\":\"https:\\\/\\\/tibladin.dk\\\/produkt\\\/sengetaeppe-aswad-240x260-inkl-2-puder\\\/\",\"name\":\"Marokkansk senget\u00e6ppe ASWAD | + 2 pudebetr\u00e6k | H\u00e5ndv\u00e6vet\",\"isPartOf\":{\"@id\":\"https:\\\/\\\/tibladin.dk\\\/#website\"},\"primaryImageOfPage\":{\"@id\":\"https:\\\/\\\/tibladin.dk\\\/produkt\\\/sengetaeppe-aswad-240x260-inkl-2-puder\\\/#primaryimage\"},\"image\":{\"@id\":\"https:\\\/\\\/tibladin.dk\\\/produkt\\\/sengetaeppe-aswad-240x260-inkl-2-puder\\\/#primaryimage\"},\"thumbnailUrl\":\"https:\\\/\\\/tibladin.dk\\\/wp-content\\\/uploads\\\/2022\\\/09\\\/Sengetaeppe_ASWAD-1.jpg\",\"datePublished\":\"2022-09-20T09:12:17+00:00\",\"dateModified\":\"2025-02-19T02:13:30+00:00\",\"description\":\"Dekorativt marokkansk senget\u00e6ppe. H\u00e5ndv\u00e6vet i hvid bomuld med sorte striber og sorte pomponer. Inkl 2 matchende pudebetr\u00e6k \u21d2 Se mere her\",\"breadcrumb\":{\"@id\":\"https:\\\/\\\/tibladin.dk\\\/produkt\\\/sengetaeppe-aswad-240x260-inkl-2-puder\\\/#breadcrumb\"},\"inLanguage\":\"sv-SE\",\"potentialAction\":[{\"@type\":\"ReadAction\",\"target\":[\"https:\\\/\\\/tibladin.dk\\\/produkt\\\/sengetaeppe-aswad-240x260-inkl-2-puder\\\/\"]}]},{\"@type\":\"ImageObject\",\"inLanguage\":\"sv-SE\",\"@id\":\"https:\\\/\\\/tibladin.dk\\\/produkt\\\/sengetaeppe-aswad-240x260-inkl-2-puder\\\/#primaryimage\",\"url\":\"https:\\\/\\\/tibladin.dk\\\/wp-content\\\/uploads\\\/2022\\\/09\\\/Sengetaeppe_ASWAD-1.jpg\",\"contentUrl\":\"https:\\\/\\\/tibladin.dk\\\/wp-content\\\/uploads\\\/2022\\\/09\\\/Sengetaeppe_ASWAD-1.jpg\",\"width\":800,\"height\":800,\"caption\":\"Hvidt marokkansk h\u00e5ndv\u00e6vet senget\u00e6ppe med sorte striber og sorte pomponer p\u00e5 seng med matchende puder\"},{\"@type\":\"BreadcrumbList\",\"@id\":\"https:\\\/\\\/tibladin.dk\\\/produkt\\\/sengetaeppe-aswad-240x260-inkl-2-puder\\\/#breadcrumb\",\"itemListElement\":[{\"@type\":\"ListItem\",\"position\":1,\"name\":\"Hjem\",\"item\":\"https:\\\/\\\/tibladin.dk\\\/\"},{\"@type\":\"ListItem\",\"position\":2,\"name\":\"Shop\",\"item\":\"https:\\\/\\\/tibladin.dk\\\/shop\\\/\"},{\"@type\":\"ListItem\",\"position\":3,\"name\":\"Senget\u00e6ppe ASWAD 240&#215;260 &#8211; inkl. 2 puder\"}]},{\"@type\":\"WebSite\",\"@id\":\"https:\\\/\\\/tibladin.dk\\\/#website\",\"url\":\"https:\\\/\\\/tibladin.dk\\\/\",\"name\":\"Tibladin\",\"description\":\"Tibladin\",\"publisher\":{\"@id\":\"https:\\\/\\\/tibladin.dk\\\/#organization\"},\"potentialAction\":[{\"@type\":\"SearchAction\",\"target\":{\"@type\":\"EntryPoint\",\"urlTemplate\":\"https:\\\/\\\/tibladin.dk\\\/?s={search_term_string}\"},\"query-input\":{\"@type\":\"PropertyValueSpecification\",\"valueRequired\":true,\"valueName\":\"search_term_string\"}}],\"inLanguage\":\"sv-SE\"},{\"@type\":\"Organization\",\"@id\":\"https:\\\/\\\/tibladin.dk\\\/#organization\",\"name\":\"Tibladin\",\"url\":\"https:\\\/\\\/tibladin.dk\\\/\",\"logo\":{\"@type\":\"ImageObject\",\"inLanguage\":\"sv-SE\",\"@id\":\"https:\\\/\\\/tibladin.dk\\\/#\\\/schema\\\/logo\\\/image\\\/\",\"url\":\"https:\\\/\\\/tibladin.dk\\\/wp-content\\\/uploads\\\/2022\\\/09\\\/tibladin_logo.svg\",\"contentUrl\":\"https:\\\/\\\/tibladin.dk\\\/wp-content\\\/uploads\\\/2022\\\/09\\\/tibladin_logo.svg\",\"caption\":\"Tibladin\"},\"image\":{\"@id\":\"https:\\\/\\\/tibladin.dk\\\/#\\\/schema\\\/logo\\\/image\\\/\"}}]}<\/script>\n<!-- \/ Yoast SEO plugin. -->","yoast_head_json":{"title":"Marockanskt \u00f6verkast ASWAD | + 2 \u00f6rngott | Handv\u00e4vd","description":"Dekorativt marockanskt \u00f6verkast. Handv\u00e4vd i vit bomull med svarta r\u00e4nder och svarta pompoms. Inklusive 2 matchande \u00f6rngott \u21d2 Se mer h\u00e4r","robots":{"index":"index","follow":"follow","max-snippet":"max-snippet:-1","max-image-preview":"max-image-preview:large","max-video-preview":"max-video-preview:-1"},"canonical":"https:\/\/tibladin.dk\/sv\/produkt\/overkast-aswad-240x260-inkl-2-kuddar\/","og_locale":"sv_SE","og_type":"article","og_title":"Marokkansk senget\u00e6ppe ASWAD | + 2 pudebetr\u00e6k | H\u00e5ndv\u00e6vet","og_description":"Dekorativt marokkansk senget\u00e6ppe. H\u00e5ndv\u00e6vet i hvid bomuld med sorte striber og sorte pomponer. Inkl 2 matchende pudebetr\u00e6k \u21d2 Se mere her","og_url":"https:\/\/tibladin.dk\/sv\/produkt\/overkast-aswad-240x260-inkl-2-kuddar\/","og_site_name":"Tibladin","article_modified_time":"2025-02-19T02:13:30+00:00","og_image":[{"width":800,"height":800,"url":"https:\/\/tibladin.dk\/wp-content\/uploads\/2022\/09\/Sengetaeppe_ASWAD-1.jpg","type":"image\/jpeg"}],"twitter_card":"summary_large_image","twitter_misc":{"Ber\u00e4knad l\u00e4stid":"1 minut"},"schema":{"@context":"https:\/\/schema.org","@graph":[{"@type":"WebPage","@id":"https:\/\/tibladin.dk\/produkt\/sengetaeppe-aswad-240x260-inkl-2-puder\/","url":"https:\/\/tibladin.dk\/produkt\/sengetaeppe-aswad-240x260-inkl-2-puder\/","name":"Marockanskt \u00f6verkast ASWAD | + 2 \u00f6rngott | Handv\u00e4vd","isPartOf":{"@id":"https:\/\/tibladin.dk\/#website"},"primaryImageOfPage":{"@id":"https:\/\/tibladin.dk\/produkt\/sengetaeppe-aswad-240x260-inkl-2-puder\/#primaryimage"},"image":{"@id":"https:\/\/tibladin.dk\/produkt\/sengetaeppe-aswad-240x260-inkl-2-puder\/#primaryimage"},"thumbnailUrl":"https:\/\/tibladin.dk\/wp-content\/uploads\/2022\/09\/Sengetaeppe_ASWAD-1.jpg","datePublished":"2022-09-20T09:12:17+00:00","dateModified":"2025-02-19T02:13:30+00:00","description":"Dekorativt marockanskt \u00f6verkast. Handv\u00e4vd i vit bomull med svarta r\u00e4nder och svarta pompoms. Inklusive 2 matchande \u00f6rngott \u21d2 Se mer h\u00e4r","breadcrumb":{"@id":"https:\/\/tibladin.dk\/produkt\/sengetaeppe-aswad-240x260-inkl-2-puder\/#breadcrumb"},"inLanguage":"sv-SE","potentialAction":[{"@type":"ReadAction","target":["https:\/\/tibladin.dk\/produkt\/sengetaeppe-aswad-240x260-inkl-2-puder\/"]}]},{"@type":"ImageObject","inLanguage":"sv-SE","@id":"https:\/\/tibladin.dk\/produkt\/sengetaeppe-aswad-240x260-inkl-2-puder\/#primaryimage","url":"https:\/\/tibladin.dk\/wp-content\/uploads\/2022\/09\/Sengetaeppe_ASWAD-1.jpg","contentUrl":"https:\/\/tibladin.dk\/wp-content\/uploads\/2022\/09\/Sengetaeppe_ASWAD-1.jpg","width":800,"height":800,"caption":"Hvidt marokkansk h\u00e5ndv\u00e6vet senget\u00e6ppe med sorte striber og sorte pomponer p\u00e5 seng med matchende puder"},{"@type":"BreadcrumbList","@id":"https:\/\/tibladin.dk\/produkt\/sengetaeppe-aswad-240x260-inkl-2-puder\/#breadcrumb","itemListElement":[{"@type":"ListItem","position":1,"name":"Hjem","item":"https:\/\/tibladin.dk\/"},{"@type":"ListItem","position":2,"name":"Shop","item":"https:\/\/tibladin.dk\/shop\/"},{"@type":"ListItem","position":3,"name":"Senget\u00e6ppe ASWAD 240&#215;260 &#8211; inkl. 2 puder"}]},{"@type":"WebSite","@id":"https:\/\/tibladin.dk\/#website","url":"https:\/\/tibladin.dk\/","name":"Tibladin","description":"Tibladin","publisher":{"@id":"https:\/\/tibladin.dk\/#organization"},"potentialAction":[{"@type":"SearchAction","target":{"@type":"EntryPoint","urlTemplate":"https:\/\/tibladin.dk\/?s={search_term_string}"},"query-input":{"@type":"PropertyValueSpecification","valueRequired":true,"valueName":"search_term_string"}}],"inLanguage":"sv-SE"},{"@type":"Organization","@id":"https:\/\/tibladin.dk\/#organization","name":"Tibladin","url":"https:\/\/tibladin.dk\/","logo":{"@type":"ImageObject","inLanguage":"sv-SE","@id":"https:\/\/tibladin.dk\/#\/schema\/logo\/image\/","url":"https:\/\/tibladin.dk\/wp-content\/uploads\/2022\/09\/tibladin_logo.svg","contentUrl":"https:\/\/tibladin.dk\/wp-content\/uploads\/2022\/09\/tibladin_logo.svg","caption":"Tibladin"},"image":{"@id":"https:\/\/tibladin.dk\/#\/schema\/logo\/image\/"}}]}},"_links":{"self":[{"href":"https:\/\/tibladin.dk\/sv\/wp-json\/wp\/v2\/product\/1875","targetHints":{"allow":["GET"]}}],"collection":[{"href":"https:\/\/tibladin.dk\/sv\/wp-json\/wp\/v2\/product"}],"about":[{"href":"https:\/\/tibladin.dk\/sv\/wp-json\/wp\/v2\/types\/product"}],"wp:featuredmedia":[{"embeddable":true,"href":"https:\/\/tibladin.dk\/sv\/wp-json\/wp\/v2\/media\/1871"}],"wp:attachment":[{"href":"https:\/\/tibladin.dk\/sv\/wp-json\/wp\/v2\/media?parent=1875"}],"wp:term":[{"taxonomy":"product_brand","embeddable":true,"href":"https:\/\/tibladin.dk\/sv\/wp-json\/wp\/v2\/product_brand?post=1875"},{"taxonomy":"product_cat","embeddable":true,"href":"https:\/\/tibladin.dk\/sv\/wp-json\/wp\/v2\/product_cat?post=1875"},{"taxonomy":"product_tag","embeddable":true,"href":"https:\/\/tibladin.dk\/sv\/wp-json\/wp\/v2\/product_tag?post=1875"}],"curies":[{"name":"wp","href":"https:\/\/api.w.org\/{rel}","templated":true}]}}