{"id":2000,"date":"2022-09-20T11:13:08","date_gmt":"2022-09-20T09:13:08","guid":{"rendered":"https:\/\/tibladin.dk\/vare\/oekologisk-saebe-baigneur\/"},"modified":"2024-12-29T21:29:06","modified_gmt":"2024-12-29T20:29:06","slug":"ekologisk-tvaal-baigneur","status":"publish","type":"product","link":"https:\/\/tibladin.dk\/sv\/produkt\/oekologisk-saebe-baigneur\/","title":{"rendered":"Ekologisk tv\u00e5l BAIGNEUR"},"content":{"rendered":"<div class=\"wpb-content-wrapper\"><div class=\"vc_row wpb_row vc_row-fluid\"><div class=\"wpb_column vc_column_container vc_col-sm-4\"><div class=\"vc_column-inner\"><div class=\"wpb_wrapper\"><\/div><\/div><\/div><div class=\"wpb_column vc_column_container vc_col-sm-4\"><div class=\"vc_column-inner\"><div class=\"wpb_wrapper\"><h3 style=\"text-align: left\" class=\"vc_custom_heading vc_do_custom_heading\" >Underh\u00e5ll<\/h3>\n\t<div class=\"wpb_text_column wpb_content_element\" >\n\t\t<div class=\"wpb_wrapper\">\n\t\t\t<p>80 gram<span class=\"Apple-converted-space\">\u00a0<\/span><\/p>\n<p>Kan anv\u00e4ndas i ansikte, kropp och h\u00e4nder och \u00e4r bra f\u00f6r k\u00e4nslig hud.<\/p>\n\n\t\t<\/div>\n\t<\/div>\n<\/div><\/div><\/div><div class=\"wpb_column vc_column_container vc_col-sm-4\"><div class=\"vc_column-inner\"><div class=\"wpb_wrapper\"><h3 style=\"text-align: left\" class=\"vc_custom_heading vc_do_custom_heading\" >Historien bakom<\/h3>\n\t<div class=\"wpb_text_column wpb_content_element\" >\n\t\t<div class=\"wpb_wrapper\">\n\t\t\t<p>Tv\u00e5lar fr\u00e5n L&#039;art du bain som skapades i Marrakech 2004 och har producerats i Nantes i Frankrike sedan 2016.<span class=\"Apple-converted-space\">\u00a0<\/span><\/p>\n<p>Kallr\u00f6rda tv\u00e5lar fr\u00e5n naturliga ingredienser och \u00e4ppeloljor fr\u00e5n Marocko, formade f\u00f6r hand, en efter en.<span class=\"Apple-converted-space\">\u00a0En rej\u00e4l tv\u00e5l \u00e4r ett bra s\u00e4tt att minimera plastkonsumtionen i vardagen.<\/span><\/p>\n<p>Ett hantverksm\u00e4ssigt noggrant s\u00e4tt att f\u00f6rbereda tv\u00e5lar som ger en mycket fin kvalitet. Tv\u00e5larna \u00e4r gjorda uteslutande av naturliga fina ingredienser med respekt f\u00f6r milj\u00f6n. Tekniken att g\u00f6ra kallblandade tv\u00e5lar g\u00f6r att tv\u00e5larna beh\u00e5ller det naturliga glycerinet i sig och de naturliga oljorna som ger en mer \u00e5terfuktande tv\u00e5l.<\/p>\n\n\t\t<\/div>\n\t<\/div>\n<\/div><\/div><\/div><\/div>\n<\/div>","protected":false},"excerpt":{"rendered":"<p>BAIGNEUR<\/p>\n<p>En tv\u00e5l f\u00f6r mycket k\u00e4nslig hud helt utan parfym och mycket \u00e5terfuktande. Inneh\u00e5ller sheasm\u00f6r och aprikosk\u00e4rnolja.<\/p>\n<p>Kan anv\u00e4ndas f\u00f6r ansikte, kropp och h\u00e4nder.<\/p>\n<p>Ingredienser: ekologisk kokosolja, ekologisk palmolja, ekologisk olivolja, naturligt glycerin som uppst\u00e5r vid kallr\u00f6rande tillagning, ekologiskt sheasm\u00f6r, ekologisk mandelolja, aprikosk\u00e4rnolja och ringblomma\/Morgenfrue blomblad.<\/p>\n<p>80 gram<\/p>","protected":false},"featured_media":1999,"template":"","meta":{"inline_featured_image":false},"product_brand":[],"product_cat":[27,103,104],"product_tag":[],"class_list":{"0":"post-2000","1":"product","2":"type-product","3":"status-publish","4":"has-post-thumbnail","6":"product_cat-diverse","7":"product_cat-personlig-pleje","8":"product_cat-saeber","10":"first","11":"instock","12":"taxable","13":"shipping-taxable","14":"purchasable","15":"product-type-simple"},"exclude_global_add_ons":false,"addons":[{"name":"Vill du ha presentinslagning?","type":"checkbox","position":0,"required":false,"title_format":"label","default":"","description_enable":false,"description":"","placeholder_enable":false,"placeholder":"","display":"images","restrictions_type":"any_text","adjust_price":false,"price":"","price_type":"flat_fee","restrictions":false,"min":"0","max":"0","options":[{"label":"Ja tak","price":"10","price_type":"flat_fee","image":11015,"visibility":true}],"id":1669646111}],"yoast_head":"<!-- This site is optimized with the Yoast SEO plugin v27.4 - https:\/\/yoast.com\/product\/yoast-seo-wordpress\/ -->\n<title>H\u00e5ndlavede marokkanske s\u00e6ber<\/title>\n<meta name=\"description\" content=\"L\u00e6kker marokkansk s\u00e6be af naturlige ingredienser som man traditionen tro bruger i Marokko og med en mild og eksklusiv duft. God til sart hud.\" \/>\n<meta name=\"robots\" content=\"index, follow, max-snippet:-1, max-image-preview:large, max-video-preview:-1\" \/>\n<link rel=\"canonical\" href=\"https:\/\/tibladin.dk\/sv\/produkt\/ekologisk-tvaal-baigneur\/\" \/>\n<meta property=\"og:locale\" content=\"sv_SE\" \/>\n<meta property=\"og:type\" content=\"article\" \/>\n<meta property=\"og:title\" content=\"H\u00e5ndlavede marokkanske s\u00e6ber\" \/>\n<meta property=\"og:description\" content=\"L\u00e6kker marokkansk s\u00e6be af naturlige ingredienser som man traditionen tro bruger i Marokko og med en mild og eksklusiv duft. God til sart hud.\" \/>\n<meta property=\"og:url\" content=\"https:\/\/tibladin.dk\/sv\/produkt\/ekologisk-tvaal-baigneur\/\" \/>\n<meta property=\"og:site_name\" content=\"Tibladin\" \/>\n<meta property=\"article:modified_time\" content=\"2024-12-29T20:29:06+00:00\" \/>\n<meta property=\"og:image\" content=\"https:\/\/tibladin.dk\/wp-content\/uploads\/2022\/09\/Mauresque-Baigneur-kopier-1.jpg\" \/>\n\t<meta property=\"og:image:width\" content=\"800\" \/>\n\t<meta property=\"og:image:height\" content=\"800\" \/>\n\t<meta property=\"og:image:type\" content=\"image\/jpeg\" \/>\n<meta name=\"twitter:card\" content=\"summary_large_image\" \/>\n<meta name=\"twitter:label1\" content=\"Ber\u00e4knad l\u00e4stid\" \/>\n\t<meta name=\"twitter:data1\" content=\"2 minuter\" \/>\n<script type=\"application\/ld+json\" class=\"yoast-schema-graph\">{\"@context\":\"https:\\\/\\\/schema.org\",\"@graph\":[{\"@type\":\"WebPage\",\"@id\":\"https:\\\/\\\/tibladin.dk\\\/produkt\\\/oekologisk-saebe-baigneur\\\/\",\"url\":\"https:\\\/\\\/tibladin.dk\\\/produkt\\\/oekologisk-saebe-baigneur\\\/\",\"name\":\"H\u00e5ndlavede marokkanske s\u00e6ber\",\"isPartOf\":{\"@id\":\"https:\\\/\\\/tibladin.dk\\\/#website\"},\"primaryImageOfPage\":{\"@id\":\"https:\\\/\\\/tibladin.dk\\\/produkt\\\/oekologisk-saebe-baigneur\\\/#primaryimage\"},\"image\":{\"@id\":\"https:\\\/\\\/tibladin.dk\\\/produkt\\\/oekologisk-saebe-baigneur\\\/#primaryimage\"},\"thumbnailUrl\":\"https:\\\/\\\/tibladin.dk\\\/wp-content\\\/uploads\\\/2022\\\/09\\\/Mauresque-Baigneur-kopier-1.jpg\",\"datePublished\":\"2022-09-20T09:13:08+00:00\",\"dateModified\":\"2024-12-29T20:29:06+00:00\",\"description\":\"L\u00e6kker marokkansk s\u00e6be af naturlige ingredienser som man traditionen tro bruger i Marokko og med en mild og eksklusiv duft. God til sart hud.\",\"breadcrumb\":{\"@id\":\"https:\\\/\\\/tibladin.dk\\\/produkt\\\/oekologisk-saebe-baigneur\\\/#breadcrumb\"},\"inLanguage\":\"sv-SE\",\"potentialAction\":[{\"@type\":\"ReadAction\",\"target\":[\"https:\\\/\\\/tibladin.dk\\\/produkt\\\/oekologisk-saebe-baigneur\\\/\"]}]},{\"@type\":\"ImageObject\",\"inLanguage\":\"sv-SE\",\"@id\":\"https:\\\/\\\/tibladin.dk\\\/produkt\\\/oekologisk-saebe-baigneur\\\/#primaryimage\",\"url\":\"https:\\\/\\\/tibladin.dk\\\/wp-content\\\/uploads\\\/2022\\\/09\\\/Mauresque-Baigneur-kopier-1.jpg\",\"contentUrl\":\"https:\\\/\\\/tibladin.dk\\\/wp-content\\\/uploads\\\/2022\\\/09\\\/Mauresque-Baigneur-kopier-1.jpg\",\"width\":800,\"height\":800,\"caption\":\"L' Art du bain s\u00e6be i baigneur varianten i indpakning\"},{\"@type\":\"BreadcrumbList\",\"@id\":\"https:\\\/\\\/tibladin.dk\\\/produkt\\\/oekologisk-saebe-baigneur\\\/#breadcrumb\",\"itemListElement\":[{\"@type\":\"ListItem\",\"position\":1,\"name\":\"Hjem\",\"item\":\"https:\\\/\\\/tibladin.dk\\\/\"},{\"@type\":\"ListItem\",\"position\":2,\"name\":\"Shop\",\"item\":\"https:\\\/\\\/tibladin.dk\\\/shop\\\/\"},{\"@type\":\"ListItem\",\"position\":3,\"name\":\"\u00d8kologisk s\u00e6be BAIGNEUR\"}]},{\"@type\":\"WebSite\",\"@id\":\"https:\\\/\\\/tibladin.dk\\\/#website\",\"url\":\"https:\\\/\\\/tibladin.dk\\\/\",\"name\":\"Tibladin\",\"description\":\"Tibladin\",\"publisher\":{\"@id\":\"https:\\\/\\\/tibladin.dk\\\/#organization\"},\"potentialAction\":[{\"@type\":\"SearchAction\",\"target\":{\"@type\":\"EntryPoint\",\"urlTemplate\":\"https:\\\/\\\/tibladin.dk\\\/?s={search_term_string}\"},\"query-input\":{\"@type\":\"PropertyValueSpecification\",\"valueRequired\":true,\"valueName\":\"search_term_string\"}}],\"inLanguage\":\"sv-SE\"},{\"@type\":\"Organization\",\"@id\":\"https:\\\/\\\/tibladin.dk\\\/#organization\",\"name\":\"Tibladin\",\"url\":\"https:\\\/\\\/tibladin.dk\\\/\",\"logo\":{\"@type\":\"ImageObject\",\"inLanguage\":\"sv-SE\",\"@id\":\"https:\\\/\\\/tibladin.dk\\\/#\\\/schema\\\/logo\\\/image\\\/\",\"url\":\"https:\\\/\\\/tibladin.dk\\\/wp-content\\\/uploads\\\/2022\\\/09\\\/tibladin_logo.svg\",\"contentUrl\":\"https:\\\/\\\/tibladin.dk\\\/wp-content\\\/uploads\\\/2022\\\/09\\\/tibladin_logo.svg\",\"caption\":\"Tibladin\"},\"image\":{\"@id\":\"https:\\\/\\\/tibladin.dk\\\/#\\\/schema\\\/logo\\\/image\\\/\"}}]}<\/script>\n<!-- \/ Yoast SEO plugin. -->","yoast_head_json":{"title":"Handgjorda marockanska tv\u00e5lar","description":"L\u00e4cker marockansk tv\u00e5l gjord av naturliga ingredienser som traditionellt anv\u00e4nds i Marocko och med en mild och exklusiv doft. Bra f\u00f6r k\u00e4nslig hud.","robots":{"index":"index","follow":"follow","max-snippet":"max-snippet:-1","max-image-preview":"max-image-preview:large","max-video-preview":"max-video-preview:-1"},"canonical":"https:\/\/tibladin.dk\/sv\/produkt\/ekologisk-tvaal-baigneur\/","og_locale":"sv_SE","og_type":"article","og_title":"H\u00e5ndlavede marokkanske s\u00e6ber","og_description":"L\u00e6kker marokkansk s\u00e6be af naturlige ingredienser som man traditionen tro bruger i Marokko og med en mild og eksklusiv duft. God til sart hud.","og_url":"https:\/\/tibladin.dk\/sv\/produkt\/ekologisk-tvaal-baigneur\/","og_site_name":"Tibladin","article_modified_time":"2024-12-29T20:29:06+00:00","og_image":[{"width":800,"height":800,"url":"https:\/\/tibladin.dk\/wp-content\/uploads\/2022\/09\/Mauresque-Baigneur-kopier-1.jpg","type":"image\/jpeg"}],"twitter_card":"summary_large_image","twitter_misc":{"Ber\u00e4knad l\u00e4stid":"2 minuter"},"schema":{"@context":"https:\/\/schema.org","@graph":[{"@type":"WebPage","@id":"https:\/\/tibladin.dk\/produkt\/oekologisk-saebe-baigneur\/","url":"https:\/\/tibladin.dk\/produkt\/oekologisk-saebe-baigneur\/","name":"Handgjorda marockanska tv\u00e5lar","isPartOf":{"@id":"https:\/\/tibladin.dk\/#website"},"primaryImageOfPage":{"@id":"https:\/\/tibladin.dk\/produkt\/oekologisk-saebe-baigneur\/#primaryimage"},"image":{"@id":"https:\/\/tibladin.dk\/produkt\/oekologisk-saebe-baigneur\/#primaryimage"},"thumbnailUrl":"https:\/\/tibladin.dk\/wp-content\/uploads\/2022\/09\/Mauresque-Baigneur-kopier-1.jpg","datePublished":"2022-09-20T09:13:08+00:00","dateModified":"2024-12-29T20:29:06+00:00","description":"L\u00e4cker marockansk tv\u00e5l gjord av naturliga ingredienser som traditionellt anv\u00e4nds i Marocko och med en mild och exklusiv doft. Bra f\u00f6r k\u00e4nslig hud.","breadcrumb":{"@id":"https:\/\/tibladin.dk\/produkt\/oekologisk-saebe-baigneur\/#breadcrumb"},"inLanguage":"sv-SE","potentialAction":[{"@type":"ReadAction","target":["https:\/\/tibladin.dk\/produkt\/oekologisk-saebe-baigneur\/"]}]},{"@type":"ImageObject","inLanguage":"sv-SE","@id":"https:\/\/tibladin.dk\/produkt\/oekologisk-saebe-baigneur\/#primaryimage","url":"https:\/\/tibladin.dk\/wp-content\/uploads\/2022\/09\/Mauresque-Baigneur-kopier-1.jpg","contentUrl":"https:\/\/tibladin.dk\/wp-content\/uploads\/2022\/09\/Mauresque-Baigneur-kopier-1.jpg","width":800,"height":800,"caption":"L' Art du bain s\u00e6be i baigneur varianten i indpakning"},{"@type":"BreadcrumbList","@id":"https:\/\/tibladin.dk\/produkt\/oekologisk-saebe-baigneur\/#breadcrumb","itemListElement":[{"@type":"ListItem","position":1,"name":"Hjem","item":"https:\/\/tibladin.dk\/"},{"@type":"ListItem","position":2,"name":"Shop","item":"https:\/\/tibladin.dk\/shop\/"},{"@type":"ListItem","position":3,"name":"\u00d8kologisk s\u00e6be BAIGNEUR"}]},{"@type":"WebSite","@id":"https:\/\/tibladin.dk\/#website","url":"https:\/\/tibladin.dk\/","name":"Tibladin","description":"Tibladin","publisher":{"@id":"https:\/\/tibladin.dk\/#organization"},"potentialAction":[{"@type":"SearchAction","target":{"@type":"EntryPoint","urlTemplate":"https:\/\/tibladin.dk\/?s={search_term_string}"},"query-input":{"@type":"PropertyValueSpecification","valueRequired":true,"valueName":"search_term_string"}}],"inLanguage":"sv-SE"},{"@type":"Organization","@id":"https:\/\/tibladin.dk\/#organization","name":"Tibladin","url":"https:\/\/tibladin.dk\/","logo":{"@type":"ImageObject","inLanguage":"sv-SE","@id":"https:\/\/tibladin.dk\/#\/schema\/logo\/image\/","url":"https:\/\/tibladin.dk\/wp-content\/uploads\/2022\/09\/tibladin_logo.svg","contentUrl":"https:\/\/tibladin.dk\/wp-content\/uploads\/2022\/09\/tibladin_logo.svg","caption":"Tibladin"},"image":{"@id":"https:\/\/tibladin.dk\/#\/schema\/logo\/image\/"}}]}},"_links":{"self":[{"href":"https:\/\/tibladin.dk\/sv\/wp-json\/wp\/v2\/product\/2000","targetHints":{"allow":["GET"]}}],"collection":[{"href":"https:\/\/tibladin.dk\/sv\/wp-json\/wp\/v2\/product"}],"about":[{"href":"https:\/\/tibladin.dk\/sv\/wp-json\/wp\/v2\/types\/product"}],"wp:featuredmedia":[{"embeddable":true,"href":"https:\/\/tibladin.dk\/sv\/wp-json\/wp\/v2\/media\/1999"}],"wp:attachment":[{"href":"https:\/\/tibladin.dk\/sv\/wp-json\/wp\/v2\/media?parent=2000"}],"wp:term":[{"taxonomy":"product_brand","embeddable":true,"href":"https:\/\/tibladin.dk\/sv\/wp-json\/wp\/v2\/product_brand?post=2000"},{"taxonomy":"product_cat","embeddable":true,"href":"https:\/\/tibladin.dk\/sv\/wp-json\/wp\/v2\/product_cat?post=2000"},{"taxonomy":"product_tag","embeddable":true,"href":"https:\/\/tibladin.dk\/sv\/wp-json\/wp\/v2\/product_tag?post=2000"}],"curies":[{"name":"wp","href":"https:\/\/api.w.org\/{rel}","templated":true}]}}