{"id":2011,"date":"2022-09-20T11:13:12","date_gmt":"2022-09-20T09:13:12","guid":{"rendered":"https:\/\/tibladin.dk\/vare\/oekologisk-saeberulle-til-ophaeng-oriental-rose\/"},"modified":"2025-12-21T11:17:27","modified_gmt":"2025-12-21T10:17:27","slug":"ekologisk-tvaalrulle-for-att-hanga-orientalisk-ros","status":"publish","type":"product","link":"https:\/\/tibladin.dk\/sv\/produkt\/oekologisk-saeberulle-til-ophaeng-oriental-rose\/","title":{"rendered":"Ekologisk tv\u00e5lrulle f\u00f6r upph\u00e4ngning av ORIENTALROS"},"content":{"rendered":"<div class=\"wpb-content-wrapper\"><div class=\"vc_row wpb_row vc_row-fluid\"><div class=\"wpb_column vc_column_container vc_col-sm-4\"><div class=\"vc_column-inner\"><div class=\"wpb_wrapper\">\n\t<div class=\"wpb_video_widget wpb_content_element vc_clearfix   vc_video-aspect-ratio-169 vc_video-el-width-100 vc_video-align-left\" >\n\t\t<div class=\"wpb_wrapper\">\n\t\t\t\n\t\t\t<div class=\"wpb_video_wrapper\"><div class=\"video-container\"><iframe loading=\"lazy\" title=\"Marockansk tv\u00e5l p\u00e5 rulle f\u00f6r upph\u00e4ngning\" src=\"https:\/\/player.vimeo.com\/video\/654514653?dnt=1&amp;app_id=122963\" width=\"174\" height=\"310\" frameborder=\"0\" allow=\"autoplay; fullscreen; picture-in-picture\"><\/iframe><\/div><\/div>\n\t\t<\/div>\n\t<\/div>\n<\/div><\/div><\/div><div class=\"wpb_column vc_column_container vc_col-sm-4\"><div class=\"vc_column-inner\"><div class=\"wpb_wrapper\"><h3 style=\"text-align: left\" class=\"vc_custom_heading vc_do_custom_heading\" >Underh\u00e5ll<\/h3>\n\t<div class=\"wpb_text_column wpb_content_element\" >\n\t\t<div class=\"wpb_wrapper\">\n\t\t\t<p>165 gram<span class=\"Apple-converted-space\">\u00a0<\/span><\/p>\n<p>Kan anv\u00e4ndas i ansikte, kropp och h\u00e4nder och \u00e4r bra f\u00f6r k\u00e4nslig hud.<\/p>\n\n\t\t<\/div>\n\t<\/div>\n<\/div><\/div><\/div><div class=\"wpb_column vc_column_container vc_col-sm-4\"><div class=\"vc_column-inner\"><div class=\"wpb_wrapper\"><h3 style=\"text-align: left\" class=\"vc_custom_heading vc_do_custom_heading\" >Historien bakom<\/h3>\n\t<div class=\"wpb_text_column wpb_content_element\" >\n\t\t<div class=\"wpb_wrapper\">\n\t\t\t<p>Tv\u00e5lar fr\u00e5n L&#039;art du bain som skapades i Marrakech 2004 och har producerats i Nantes i Frankrike sedan 2016.<span class=\"Apple-converted-space\">\u00a0<\/span><\/p>\n<p>Kallr\u00f6rda tv\u00e5lar fr\u00e5n naturliga ingredienser och \u00e4ppeloljor fr\u00e5n Marocko, formade f\u00f6r hand, en efter en.<span class=\"Apple-converted-space\">\u00a0En rej\u00e4l tv\u00e5l \u00e4r ett bra s\u00e4tt att minimera plastkonsumtionen i vardagen.<\/span><\/p>\n<p>Ett hantverksm\u00e4ssigt noggrant s\u00e4tt att f\u00f6rbereda tv\u00e5lar som ger en mycket fin kvalitet. Tv\u00e5larna \u00e4r gjorda uteslutande av naturliga fina ingredienser med respekt f\u00f6r milj\u00f6n. Tekniken att g\u00f6ra kallblandade tv\u00e5lar g\u00f6r att tv\u00e5larna beh\u00e5ller det naturliga glycerinet i sig och de naturliga oljorna som ger en mer \u00e5terfuktande tv\u00e5l.<\/p>\n\n\t\t<\/div>\n\t<\/div>\n<\/div><\/div><\/div><\/div>\n<\/div>","protected":false},"excerpt":{"rendered":"<p>Tv\u00e5lrulle med vacker upph\u00e4ngning med dekorativa p\u00e4rlor. L\u00e4tt att h\u00e4nga vid handfatet eller i duschkabinen. Gnid in h\u00e4nderna p\u00e5 den och l\u00e5t tv\u00e5len l\u00f6ddra upp. Mycket hygienisk d\u00e5 den torkar upp l\u00e4ttare tack vare sin fj\u00e4dring.<\/p>\n<p>Oriental Rose har rosenblad och patchouli med en h\u00e4rlig mild och delikat blomdoft. L\u00e4mplig f\u00f6r k\u00e4nslig hud.<\/p>\n<p>165 gram<\/p>\n<p>Kommer i en ekologisk bomullsp\u00e5se. Vacker presentid\u00e9<\/p>\n<p>INGREDIENSER: ekologisk kokosolja, ekologisk palmolja, ekologisk olivolja, naturligt glycerin som uppst\u00e5r vid kallr\u00f6rd tillagning, ekologiskt sheasm\u00f6r, aloe vera, rosenblad<\/p>","protected":false},"featured_media":2007,"template":"","meta":{"inline_featured_image":false},"product_brand":[],"product_cat":[27,103,104],"product_tag":[],"class_list":{"0":"post-2011","1":"product","2":"type-product","3":"status-publish","4":"has-post-thumbnail","6":"product_cat-diverse","7":"product_cat-personlig-pleje","8":"product_cat-saeber","10":"first","11":"instock","12":"taxable","13":"shipping-taxable","14":"purchasable","15":"product-type-simple"},"exclude_global_add_ons":false,"addons":[{"name":"Vill du ha presentinslagning?","type":"checkbox","position":0,"required":false,"title_format":"label","default":"","description_enable":false,"description":"","placeholder_enable":false,"placeholder":"","display":"images","restrictions_type":"any_text","adjust_price":false,"price":"","price_type":"flat_fee","restrictions":false,"min":"0","max":"0","options":[{"label":"Ja tak","price":"10","price_type":"flat_fee","image":11015,"visibility":true}],"id":1669646111}],"yoast_head":"<!-- This site is optimized with the Yoast SEO plugin v27.4 - https:\/\/yoast.com\/product\/yoast-seo-wordpress\/ -->\n<title>H\u00e5ndlavede marokkanske s\u00e6ber<\/title>\n<meta name=\"description\" content=\"L\u00e6kker marokkansk s\u00e6be p\u00e5 dekorativ rulle med oph\u00e6ng af naturlige ingredienser med en mild og eksklusiv duft. God til sart hud.\" \/>\n<meta name=\"robots\" content=\"index, follow, max-snippet:-1, max-image-preview:large, max-video-preview:-1\" \/>\n<link rel=\"canonical\" href=\"https:\/\/tibladin.dk\/sv\/produkt\/ekologisk-tvaalrulle-for-att-hanga-orientalisk-ros\/\" \/>\n<meta property=\"og:locale\" content=\"sv_SE\" \/>\n<meta property=\"og:type\" content=\"article\" \/>\n<meta property=\"og:title\" content=\"H\u00e5ndlavede marokkanske s\u00e6ber\" \/>\n<meta property=\"og:description\" content=\"L\u00e6kker marokkansk s\u00e6be p\u00e5 dekorativ rulle med oph\u00e6ng af naturlige ingredienser med en mild og eksklusiv duft. God til sart hud.\" \/>\n<meta property=\"og:url\" content=\"https:\/\/tibladin.dk\/sv\/produkt\/ekologisk-tvaalrulle-for-att-hanga-orientalisk-ros\/\" \/>\n<meta property=\"og:site_name\" content=\"Tibladin\" \/>\n<meta property=\"article:modified_time\" content=\"2025-12-21T10:17:27+00:00\" \/>\n<meta property=\"og:image\" content=\"https:\/\/tibladin.dk\/wp-content\/uploads\/2022\/09\/Empreinte-mauresque-sur-corde-Oriental-Rose_800x800-1.jpg\" \/>\n\t<meta property=\"og:image:width\" content=\"800\" \/>\n\t<meta property=\"og:image:height\" content=\"800\" \/>\n\t<meta property=\"og:image:type\" content=\"image\/jpeg\" \/>\n<meta name=\"twitter:card\" content=\"summary_large_image\" \/>\n<meta name=\"twitter:label1\" content=\"Ber\u00e4knad l\u00e4stid\" \/>\n\t<meta name=\"twitter:data1\" content=\"2 minuter\" \/>\n<script type=\"application\/ld+json\" class=\"yoast-schema-graph\">{\"@context\":\"https:\\\/\\\/schema.org\",\"@graph\":[{\"@type\":\"WebPage\",\"@id\":\"https:\\\/\\\/tibladin.dk\\\/produkt\\\/oekologisk-saeberulle-til-ophaeng-oriental-rose\\\/\",\"url\":\"https:\\\/\\\/tibladin.dk\\\/produkt\\\/oekologisk-saeberulle-til-ophaeng-oriental-rose\\\/\",\"name\":\"H\u00e5ndlavede marokkanske s\u00e6ber\",\"isPartOf\":{\"@id\":\"https:\\\/\\\/tibladin.dk\\\/#website\"},\"primaryImageOfPage\":{\"@id\":\"https:\\\/\\\/tibladin.dk\\\/produkt\\\/oekologisk-saeberulle-til-ophaeng-oriental-rose\\\/#primaryimage\"},\"image\":{\"@id\":\"https:\\\/\\\/tibladin.dk\\\/produkt\\\/oekologisk-saeberulle-til-ophaeng-oriental-rose\\\/#primaryimage\"},\"thumbnailUrl\":\"https:\\\/\\\/tibladin.dk\\\/wp-content\\\/uploads\\\/2022\\\/09\\\/Empreinte-mauresque-sur-corde-Oriental-Rose_800x800-1.jpg\",\"datePublished\":\"2022-09-20T09:13:12+00:00\",\"dateModified\":\"2025-12-21T10:17:27+00:00\",\"description\":\"L\u00e6kker marokkansk s\u00e6be p\u00e5 dekorativ rulle med oph\u00e6ng af naturlige ingredienser med en mild og eksklusiv duft. God til sart hud.\",\"breadcrumb\":{\"@id\":\"https:\\\/\\\/tibladin.dk\\\/produkt\\\/oekologisk-saeberulle-til-ophaeng-oriental-rose\\\/#breadcrumb\"},\"inLanguage\":\"sv-SE\",\"potentialAction\":[{\"@type\":\"ReadAction\",\"target\":[\"https:\\\/\\\/tibladin.dk\\\/produkt\\\/oekologisk-saeberulle-til-ophaeng-oriental-rose\\\/\"]}]},{\"@type\":\"ImageObject\",\"inLanguage\":\"sv-SE\",\"@id\":\"https:\\\/\\\/tibladin.dk\\\/produkt\\\/oekologisk-saeberulle-til-ophaeng-oriental-rose\\\/#primaryimage\",\"url\":\"https:\\\/\\\/tibladin.dk\\\/wp-content\\\/uploads\\\/2022\\\/09\\\/Empreinte-mauresque-sur-corde-Oriental-Rose_800x800-1.jpg\",\"contentUrl\":\"https:\\\/\\\/tibladin.dk\\\/wp-content\\\/uploads\\\/2022\\\/09\\\/Empreinte-mauresque-sur-corde-Oriental-Rose_800x800-1.jpg\",\"width\":800,\"height\":800,\"caption\":\"brune L' Art du bain s\u00e6beruller som der er oph\u00e6ngt\"},{\"@type\":\"BreadcrumbList\",\"@id\":\"https:\\\/\\\/tibladin.dk\\\/produkt\\\/oekologisk-saeberulle-til-ophaeng-oriental-rose\\\/#breadcrumb\",\"itemListElement\":[{\"@type\":\"ListItem\",\"position\":1,\"name\":\"Hjem\",\"item\":\"https:\\\/\\\/tibladin.dk\\\/\"},{\"@type\":\"ListItem\",\"position\":2,\"name\":\"Shop\",\"item\":\"https:\\\/\\\/tibladin.dk\\\/shop\\\/\"},{\"@type\":\"ListItem\",\"position\":3,\"name\":\"\u00d8kologisk s\u00e6berulle til oph\u00e6ng ORIENTAL ROSE\"}]},{\"@type\":\"WebSite\",\"@id\":\"https:\\\/\\\/tibladin.dk\\\/#website\",\"url\":\"https:\\\/\\\/tibladin.dk\\\/\",\"name\":\"Tibladin\",\"description\":\"Tibladin\",\"publisher\":{\"@id\":\"https:\\\/\\\/tibladin.dk\\\/#organization\"},\"potentialAction\":[{\"@type\":\"SearchAction\",\"target\":{\"@type\":\"EntryPoint\",\"urlTemplate\":\"https:\\\/\\\/tibladin.dk\\\/?s={search_term_string}\"},\"query-input\":{\"@type\":\"PropertyValueSpecification\",\"valueRequired\":true,\"valueName\":\"search_term_string\"}}],\"inLanguage\":\"sv-SE\"},{\"@type\":\"Organization\",\"@id\":\"https:\\\/\\\/tibladin.dk\\\/#organization\",\"name\":\"Tibladin\",\"url\":\"https:\\\/\\\/tibladin.dk\\\/\",\"logo\":{\"@type\":\"ImageObject\",\"inLanguage\":\"sv-SE\",\"@id\":\"https:\\\/\\\/tibladin.dk\\\/#\\\/schema\\\/logo\\\/image\\\/\",\"url\":\"https:\\\/\\\/tibladin.dk\\\/wp-content\\\/uploads\\\/2022\\\/09\\\/tibladin_logo.svg\",\"contentUrl\":\"https:\\\/\\\/tibladin.dk\\\/wp-content\\\/uploads\\\/2022\\\/09\\\/tibladin_logo.svg\",\"caption\":\"Tibladin\"},\"image\":{\"@id\":\"https:\\\/\\\/tibladin.dk\\\/#\\\/schema\\\/logo\\\/image\\\/\"}}]}<\/script>\n<!-- \/ Yoast SEO plugin. -->","yoast_head_json":{"title":"Handgjorda marockanska tv\u00e5lar","description":"L\u00e4cker marockansk tv\u00e5l p\u00e5 dekorativ rulle med suspension av naturliga ingredienser med mild och exklusiv doft. Bra f\u00f6r k\u00e4nslig hud.","robots":{"index":"index","follow":"follow","max-snippet":"max-snippet:-1","max-image-preview":"max-image-preview:large","max-video-preview":"max-video-preview:-1"},"canonical":"https:\/\/tibladin.dk\/sv\/produkt\/ekologisk-tvaalrulle-for-att-hanga-orientalisk-ros\/","og_locale":"sv_SE","og_type":"article","og_title":"H\u00e5ndlavede marokkanske s\u00e6ber","og_description":"L\u00e6kker marokkansk s\u00e6be p\u00e5 dekorativ rulle med oph\u00e6ng af naturlige ingredienser med en mild og eksklusiv duft. God til sart hud.","og_url":"https:\/\/tibladin.dk\/sv\/produkt\/ekologisk-tvaalrulle-for-att-hanga-orientalisk-ros\/","og_site_name":"Tibladin","article_modified_time":"2025-12-21T10:17:27+00:00","og_image":[{"width":800,"height":800,"url":"https:\/\/tibladin.dk\/wp-content\/uploads\/2022\/09\/Empreinte-mauresque-sur-corde-Oriental-Rose_800x800-1.jpg","type":"image\/jpeg"}],"twitter_card":"summary_large_image","twitter_misc":{"Ber\u00e4knad l\u00e4stid":"2 minuter"},"schema":{"@context":"https:\/\/schema.org","@graph":[{"@type":"WebPage","@id":"https:\/\/tibladin.dk\/produkt\/oekologisk-saeberulle-til-ophaeng-oriental-rose\/","url":"https:\/\/tibladin.dk\/produkt\/oekologisk-saeberulle-til-ophaeng-oriental-rose\/","name":"Handgjorda marockanska tv\u00e5lar","isPartOf":{"@id":"https:\/\/tibladin.dk\/#website"},"primaryImageOfPage":{"@id":"https:\/\/tibladin.dk\/produkt\/oekologisk-saeberulle-til-ophaeng-oriental-rose\/#primaryimage"},"image":{"@id":"https:\/\/tibladin.dk\/produkt\/oekologisk-saeberulle-til-ophaeng-oriental-rose\/#primaryimage"},"thumbnailUrl":"https:\/\/tibladin.dk\/wp-content\/uploads\/2022\/09\/Empreinte-mauresque-sur-corde-Oriental-Rose_800x800-1.jpg","datePublished":"2022-09-20T09:13:12+00:00","dateModified":"2025-12-21T10:17:27+00:00","description":"L\u00e4cker marockansk tv\u00e5l p\u00e5 dekorativ rulle med suspension av naturliga ingredienser med mild och exklusiv doft. Bra f\u00f6r k\u00e4nslig hud.","breadcrumb":{"@id":"https:\/\/tibladin.dk\/produkt\/oekologisk-saeberulle-til-ophaeng-oriental-rose\/#breadcrumb"},"inLanguage":"sv-SE","potentialAction":[{"@type":"ReadAction","target":["https:\/\/tibladin.dk\/produkt\/oekologisk-saeberulle-til-ophaeng-oriental-rose\/"]}]},{"@type":"ImageObject","inLanguage":"sv-SE","@id":"https:\/\/tibladin.dk\/produkt\/oekologisk-saeberulle-til-ophaeng-oriental-rose\/#primaryimage","url":"https:\/\/tibladin.dk\/wp-content\/uploads\/2022\/09\/Empreinte-mauresque-sur-corde-Oriental-Rose_800x800-1.jpg","contentUrl":"https:\/\/tibladin.dk\/wp-content\/uploads\/2022\/09\/Empreinte-mauresque-sur-corde-Oriental-Rose_800x800-1.jpg","width":800,"height":800,"caption":"brune L' Art du bain s\u00e6beruller som der er oph\u00e6ngt"},{"@type":"BreadcrumbList","@id":"https:\/\/tibladin.dk\/produkt\/oekologisk-saeberulle-til-ophaeng-oriental-rose\/#breadcrumb","itemListElement":[{"@type":"ListItem","position":1,"name":"Hjem","item":"https:\/\/tibladin.dk\/"},{"@type":"ListItem","position":2,"name":"Shop","item":"https:\/\/tibladin.dk\/shop\/"},{"@type":"ListItem","position":3,"name":"\u00d8kologisk s\u00e6berulle til oph\u00e6ng ORIENTAL ROSE"}]},{"@type":"WebSite","@id":"https:\/\/tibladin.dk\/#website","url":"https:\/\/tibladin.dk\/","name":"Tibladin","description":"Tibladin","publisher":{"@id":"https:\/\/tibladin.dk\/#organization"},"potentialAction":[{"@type":"SearchAction","target":{"@type":"EntryPoint","urlTemplate":"https:\/\/tibladin.dk\/?s={search_term_string}"},"query-input":{"@type":"PropertyValueSpecification","valueRequired":true,"valueName":"search_term_string"}}],"inLanguage":"sv-SE"},{"@type":"Organization","@id":"https:\/\/tibladin.dk\/#organization","name":"Tibladin","url":"https:\/\/tibladin.dk\/","logo":{"@type":"ImageObject","inLanguage":"sv-SE","@id":"https:\/\/tibladin.dk\/#\/schema\/logo\/image\/","url":"https:\/\/tibladin.dk\/wp-content\/uploads\/2022\/09\/tibladin_logo.svg","contentUrl":"https:\/\/tibladin.dk\/wp-content\/uploads\/2022\/09\/tibladin_logo.svg","caption":"Tibladin"},"image":{"@id":"https:\/\/tibladin.dk\/#\/schema\/logo\/image\/"}}]}},"_links":{"self":[{"href":"https:\/\/tibladin.dk\/sv\/wp-json\/wp\/v2\/product\/2011","targetHints":{"allow":["GET"]}}],"collection":[{"href":"https:\/\/tibladin.dk\/sv\/wp-json\/wp\/v2\/product"}],"about":[{"href":"https:\/\/tibladin.dk\/sv\/wp-json\/wp\/v2\/types\/product"}],"wp:featuredmedia":[{"embeddable":true,"href":"https:\/\/tibladin.dk\/sv\/wp-json\/wp\/v2\/media\/2007"}],"wp:attachment":[{"href":"https:\/\/tibladin.dk\/sv\/wp-json\/wp\/v2\/media?parent=2011"}],"wp:term":[{"taxonomy":"product_brand","embeddable":true,"href":"https:\/\/tibladin.dk\/sv\/wp-json\/wp\/v2\/product_brand?post=2011"},{"taxonomy":"product_cat","embeddable":true,"href":"https:\/\/tibladin.dk\/sv\/wp-json\/wp\/v2\/product_cat?post=2011"},{"taxonomy":"product_tag","embeddable":true,"href":"https:\/\/tibladin.dk\/sv\/wp-json\/wp\/v2\/product_tag?post=2011"}],"curies":[{"name":"wp","href":"https:\/\/api.w.org\/{rel}","templated":true}]}}