{"id":2024,"date":"2022-09-20T11:13:16","date_gmt":"2022-09-20T09:13:16","guid":{"rendered":"https:\/\/tibladin.dk\/vare\/oekologisk-bodyscrub-verveine-du-soir\/"},"modified":"2025-11-05T12:56:15","modified_gmt":"2025-11-05T11:56:15","slug":"ekologisk-kroppsskrubb-verveine-du-soir","status":"publish","type":"product","link":"https:\/\/tibladin.dk\/sv\/produkt\/oekologisk-bodyscrub-verveine-du-soir\/","title":{"rendered":"Ekologisk Bodyscrub VERVEINE DU SOIR"},"content":{"rendered":"<div class=\"wpb-content-wrapper\"><div class=\"vc_row wpb_row vc_row-fluid\"><div class=\"wpb_column vc_column_container vc_col-sm-4\"><div class=\"vc_column-inner\"><div class=\"wpb_wrapper\"><\/div><\/div><\/div><div class=\"wpb_column vc_column_container vc_col-sm-4\"><div class=\"vc_column-inner\"><div class=\"wpb_wrapper\"><h3 style=\"text-align: left\" class=\"vc_custom_heading vc_do_custom_heading\" >Underh\u00e5ll<\/h3>\n\t<div class=\"wpb_text_column wpb_content_element\" >\n\t\t<div class=\"wpb_wrapper\">\n\t\t\t<p>250 gram<span class=\"Apple-converted-space\">\u00a0<\/span><\/p>\n<p>Fukta huden och massera in kroppsskrubben i huden, Reng\u00f6r med vatten. L\u00e4mnar huden silkeslen och l\u00e4cker. Kan anv\u00e4ndas p\u00e5 kropp, h\u00e4nder och l\u00e4ppar och \u00e4r bra f\u00f6r k\u00e4nslig hud.<\/p>\n\n\t\t<\/div>\n\t<\/div>\n<\/div><\/div><\/div><div class=\"wpb_column vc_column_container vc_col-sm-4\"><div class=\"vc_column-inner\"><div class=\"wpb_wrapper\"><h3 style=\"text-align: left\" class=\"vc_custom_heading vc_do_custom_heading\" >Historien bakom<\/h3>\n\t<div class=\"wpb_text_column wpb_content_element\" >\n\t\t<div class=\"wpb_wrapper\">\n\t\t\t<p>Tv\u00e5lar fr\u00e5n L&#039;art du bain som skapades i Marrakech 2004 och har producerats i Nantes i Frankrike sedan 2016.<span class=\"Apple-converted-space\">\u00a0<\/span><\/p>\n<p>Kallr\u00f6rda tv\u00e5lar fr\u00e5n naturliga ingredienser och \u00e4ppeloljor fr\u00e5n Marocko, formade f\u00f6r hand, en efter en.<span class=\"Apple-converted-space\">\u00a0En rej\u00e4l tv\u00e5l \u00e4r ett bra s\u00e4tt att minimera plastkonsumtionen i vardagen.<\/span><\/p>\n<p>Ett hantverksm\u00e4ssigt noggrant s\u00e4tt att f\u00f6rbereda tv\u00e5lar som ger en mycket fin kvalitet. Tv\u00e5larna \u00e4r gjorda uteslutande av naturliga fina ingredienser med respekt f\u00f6r milj\u00f6n. Tekniken att g\u00f6ra kallblandade tv\u00e5lar g\u00f6r att tv\u00e5larna beh\u00e5ller det naturliga glycerinet i sig och de naturliga oljorna som ger en mer \u00e5terfuktande tv\u00e5l.<\/p>\n\n\t\t<\/div>\n\t<\/div>\n<\/div><\/div><\/div><\/div>\n<\/div>","protected":false},"excerpt":{"rendered":"<p>VERVEINE DU SOIR<\/p>\n<p>En otroligt l\u00e4cker mild kroppsskrubb med verveine\/verbena och med en liten twist av bigarade. Njut av den avslappnande effekten som denna kroppsskrubb ger, lite som ett k\u00e4rleksfullt godnatt-te.<\/p>\n<p>Bra f\u00f6r ett avkopplande kv\u00e4llsbad. Massera in p\u00e5 fuktig hud och sk\u00f6lj med vatten. L\u00e4mnar din hud silkeslen och l\u00e4cker.<\/p>\n<p>Socker, ekologisk kokosolja, bomullsfr\u00f6olja, aprikosk\u00e4rnolja och parfymerad av de naturliga oljorna.<\/p>\n<p>Inci: Beta Vulgaris rotextrakt, Cocos Nucifera, Olja, Argania Spinosa k\u00e4rnolja, Litsea Cubeba, Fruktolja, Citrus Aurantium Amara bladolja, Citral*, Geraniol*, Linalool<\/p>\n<p>&nbsp;<\/p>","protected":false},"featured_media":2023,"template":"","meta":{"inline_featured_image":false},"product_brand":[],"product_cat":[105,27,103],"product_tag":[],"class_list":{"0":"post-2024","1":"product","2":"type-product","3":"status-publish","4":"has-post-thumbnail","6":"product_cat-bodyscrub","7":"product_cat-diverse","8":"product_cat-personlig-pleje","10":"first","11":"outofstock","12":"featured","13":"taxable","14":"shipping-taxable","15":"purchasable","16":"product-type-simple"},"exclude_global_add_ons":false,"addons":[{"name":"Vill du ha presentinslagning?","type":"checkbox","position":0,"required":false,"title_format":"label","default":"","description_enable":false,"description":"","placeholder_enable":false,"placeholder":"","display":"images","restrictions_type":"any_text","adjust_price":false,"price":"","price_type":"flat_fee","restrictions":false,"min":"0","max":"0","options":[{"label":"Ja tak","price":"10","price_type":"flat_fee","image":11015,"visibility":true}],"id":1669646111}],"yoast_head":"<!-- This site is optimized with the Yoast SEO plugin v27.5 - https:\/\/yoast.com\/product\/yoast-seo-wordpress\/ -->\n<title>H\u00e5ndlavet marokkansk sukker bodyscrub<\/title>\n<meta name=\"description\" content=\"Marokkansk Bodyscrub med sukker og \u00f8kologisk kokosolie- kun naturlige ingredienser. Efterlader huden silkebl\u00f8d l\u00e6kker.\" \/>\n<meta name=\"robots\" content=\"index, follow, max-snippet:-1, max-image-preview:large, max-video-preview:-1\" \/>\n<link rel=\"canonical\" href=\"https:\/\/tibladin.dk\/sv\/produkt\/ekologisk-kroppsskrubb-verveine-du-soir\/\" \/>\n<meta property=\"og:locale\" content=\"sv_SE\" \/>\n<meta property=\"og:type\" content=\"article\" \/>\n<meta property=\"og:title\" content=\"H\u00e5ndlavet marokkansk sukker bodyscrub\" \/>\n<meta property=\"og:description\" content=\"Marokkansk Bodyscrub med sukker og \u00f8kologisk kokosolie- kun naturlige ingredienser. Efterlader huden silkebl\u00f8d l\u00e6kker.\" \/>\n<meta property=\"og:url\" content=\"https:\/\/tibladin.dk\/sv\/produkt\/ekologisk-kroppsskrubb-verveine-du-soir\/\" \/>\n<meta property=\"og:site_name\" content=\"Tibladin\" \/>\n<meta property=\"article:modified_time\" content=\"2025-11-05T11:56:15+00:00\" \/>\n<meta property=\"og:image\" content=\"https:\/\/tibladin.dk\/wp-content\/uploads\/2022\/09\/gommage-verveine_800x800-1.jpg\" \/>\n\t<meta property=\"og:image:width\" content=\"800\" \/>\n\t<meta property=\"og:image:height\" content=\"800\" \/>\n\t<meta property=\"og:image:type\" content=\"image\/jpeg\" \/>\n<meta name=\"twitter:card\" content=\"summary_large_image\" \/>\n<meta name=\"twitter:label1\" content=\"Ber\u00e4knad l\u00e4stid\" \/>\n\t<meta name=\"twitter:data1\" content=\"2 minuter\" \/>\n<script type=\"application\/ld+json\" class=\"yoast-schema-graph\">{\"@context\":\"https:\\\/\\\/schema.org\",\"@graph\":[{\"@type\":\"WebPage\",\"@id\":\"https:\\\/\\\/tibladin.dk\\\/produkt\\\/oekologisk-bodyscrub-verveine-du-soir\\\/\",\"url\":\"https:\\\/\\\/tibladin.dk\\\/produkt\\\/oekologisk-bodyscrub-verveine-du-soir\\\/\",\"name\":\"H\u00e5ndlavet marokkansk sukker bodyscrub\",\"isPartOf\":{\"@id\":\"https:\\\/\\\/tibladin.dk\\\/#website\"},\"primaryImageOfPage\":{\"@id\":\"https:\\\/\\\/tibladin.dk\\\/produkt\\\/oekologisk-bodyscrub-verveine-du-soir\\\/#primaryimage\"},\"image\":{\"@id\":\"https:\\\/\\\/tibladin.dk\\\/produkt\\\/oekologisk-bodyscrub-verveine-du-soir\\\/#primaryimage\"},\"thumbnailUrl\":\"https:\\\/\\\/tibladin.dk\\\/wp-content\\\/uploads\\\/2022\\\/09\\\/gommage-verveine_800x800-1.jpg\",\"datePublished\":\"2022-09-20T09:13:16+00:00\",\"dateModified\":\"2025-11-05T11:56:15+00:00\",\"description\":\"Marokkansk Bodyscrub med sukker og \u00f8kologisk kokosolie- kun naturlige ingredienser. Efterlader huden silkebl\u00f8d l\u00e6kker.\",\"breadcrumb\":{\"@id\":\"https:\\\/\\\/tibladin.dk\\\/produkt\\\/oekologisk-bodyscrub-verveine-du-soir\\\/#breadcrumb\"},\"inLanguage\":\"sv-SE\",\"potentialAction\":[{\"@type\":\"ReadAction\",\"target\":[\"https:\\\/\\\/tibladin.dk\\\/produkt\\\/oekologisk-bodyscrub-verveine-du-soir\\\/\"]}]},{\"@type\":\"ImageObject\",\"inLanguage\":\"sv-SE\",\"@id\":\"https:\\\/\\\/tibladin.dk\\\/produkt\\\/oekologisk-bodyscrub-verveine-du-soir\\\/#primaryimage\",\"url\":\"https:\\\/\\\/tibladin.dk\\\/wp-content\\\/uploads\\\/2022\\\/09\\\/gommage-verveine_800x800-1.jpg\",\"contentUrl\":\"https:\\\/\\\/tibladin.dk\\\/wp-content\\\/uploads\\\/2022\\\/09\\\/gommage-verveine_800x800-1.jpg\",\"width\":800,\"height\":800,\"caption\":\"L' Art du bain bodyscrub i verveine du soir variant\"},{\"@type\":\"BreadcrumbList\",\"@id\":\"https:\\\/\\\/tibladin.dk\\\/produkt\\\/oekologisk-bodyscrub-verveine-du-soir\\\/#breadcrumb\",\"itemListElement\":[{\"@type\":\"ListItem\",\"position\":1,\"name\":\"Hjem\",\"item\":\"https:\\\/\\\/tibladin.dk\\\/\"},{\"@type\":\"ListItem\",\"position\":2,\"name\":\"Shop\",\"item\":\"https:\\\/\\\/tibladin.dk\\\/shop\\\/\"},{\"@type\":\"ListItem\",\"position\":3,\"name\":\"\u00d8kologisk Bodyscrub VERVEINE DU SOIR\"}]},{\"@type\":\"WebSite\",\"@id\":\"https:\\\/\\\/tibladin.dk\\\/#website\",\"url\":\"https:\\\/\\\/tibladin.dk\\\/\",\"name\":\"Tibladin\",\"description\":\"Tibladin\",\"publisher\":{\"@id\":\"https:\\\/\\\/tibladin.dk\\\/#organization\"},\"potentialAction\":[{\"@type\":\"SearchAction\",\"target\":{\"@type\":\"EntryPoint\",\"urlTemplate\":\"https:\\\/\\\/tibladin.dk\\\/?s={search_term_string}\"},\"query-input\":{\"@type\":\"PropertyValueSpecification\",\"valueRequired\":true,\"valueName\":\"search_term_string\"}}],\"inLanguage\":\"sv-SE\"},{\"@type\":\"Organization\",\"@id\":\"https:\\\/\\\/tibladin.dk\\\/#organization\",\"name\":\"Tibladin\",\"url\":\"https:\\\/\\\/tibladin.dk\\\/\",\"logo\":{\"@type\":\"ImageObject\",\"inLanguage\":\"sv-SE\",\"@id\":\"https:\\\/\\\/tibladin.dk\\\/#\\\/schema\\\/logo\\\/image\\\/\",\"url\":\"https:\\\/\\\/tibladin.dk\\\/wp-content\\\/uploads\\\/2022\\\/09\\\/tibladin_logo.svg\",\"contentUrl\":\"https:\\\/\\\/tibladin.dk\\\/wp-content\\\/uploads\\\/2022\\\/09\\\/tibladin_logo.svg\",\"caption\":\"Tibladin\"},\"image\":{\"@id\":\"https:\\\/\\\/tibladin.dk\\\/#\\\/schema\\\/logo\\\/image\\\/\"}}]}<\/script>\n<!-- \/ Yoast SEO plugin. -->","yoast_head_json":{"title":"Handgjord marockansk sockerkroppsskrubb","description":"Marockansk Bodyscrub med socker och ekologisk kokosolja - endast naturliga ingredienser. L\u00e4mnar huden silkeslen och l\u00e4cker.","robots":{"index":"index","follow":"follow","max-snippet":"max-snippet:-1","max-image-preview":"max-image-preview:large","max-video-preview":"max-video-preview:-1"},"canonical":"https:\/\/tibladin.dk\/sv\/produkt\/ekologisk-kroppsskrubb-verveine-du-soir\/","og_locale":"sv_SE","og_type":"article","og_title":"H\u00e5ndlavet marokkansk sukker bodyscrub","og_description":"Marokkansk Bodyscrub med sukker og \u00f8kologisk kokosolie- kun naturlige ingredienser. Efterlader huden silkebl\u00f8d l\u00e6kker.","og_url":"https:\/\/tibladin.dk\/sv\/produkt\/ekologisk-kroppsskrubb-verveine-du-soir\/","og_site_name":"Tibladin","article_modified_time":"2025-11-05T11:56:15+00:00","og_image":[{"width":800,"height":800,"url":"https:\/\/tibladin.dk\/wp-content\/uploads\/2022\/09\/gommage-verveine_800x800-1.jpg","type":"image\/jpeg"}],"twitter_card":"summary_large_image","twitter_misc":{"Ber\u00e4knad l\u00e4stid":"2 minuter"},"schema":{"@context":"https:\/\/schema.org","@graph":[{"@type":"WebPage","@id":"https:\/\/tibladin.dk\/produkt\/oekologisk-bodyscrub-verveine-du-soir\/","url":"https:\/\/tibladin.dk\/produkt\/oekologisk-bodyscrub-verveine-du-soir\/","name":"Handgjord marockansk sockerkroppsskrubb","isPartOf":{"@id":"https:\/\/tibladin.dk\/#website"},"primaryImageOfPage":{"@id":"https:\/\/tibladin.dk\/produkt\/oekologisk-bodyscrub-verveine-du-soir\/#primaryimage"},"image":{"@id":"https:\/\/tibladin.dk\/produkt\/oekologisk-bodyscrub-verveine-du-soir\/#primaryimage"},"thumbnailUrl":"https:\/\/tibladin.dk\/wp-content\/uploads\/2022\/09\/gommage-verveine_800x800-1.jpg","datePublished":"2022-09-20T09:13:16+00:00","dateModified":"2025-11-05T11:56:15+00:00","description":"Marockansk Bodyscrub med socker och ekologisk kokosolja - endast naturliga ingredienser. L\u00e4mnar huden silkeslen och l\u00e4cker.","breadcrumb":{"@id":"https:\/\/tibladin.dk\/produkt\/oekologisk-bodyscrub-verveine-du-soir\/#breadcrumb"},"inLanguage":"sv-SE","potentialAction":[{"@type":"ReadAction","target":["https:\/\/tibladin.dk\/produkt\/oekologisk-bodyscrub-verveine-du-soir\/"]}]},{"@type":"ImageObject","inLanguage":"sv-SE","@id":"https:\/\/tibladin.dk\/produkt\/oekologisk-bodyscrub-verveine-du-soir\/#primaryimage","url":"https:\/\/tibladin.dk\/wp-content\/uploads\/2022\/09\/gommage-verveine_800x800-1.jpg","contentUrl":"https:\/\/tibladin.dk\/wp-content\/uploads\/2022\/09\/gommage-verveine_800x800-1.jpg","width":800,"height":800,"caption":"L' Art du bain bodyscrub i verveine du soir variant"},{"@type":"BreadcrumbList","@id":"https:\/\/tibladin.dk\/produkt\/oekologisk-bodyscrub-verveine-du-soir\/#breadcrumb","itemListElement":[{"@type":"ListItem","position":1,"name":"Hjem","item":"https:\/\/tibladin.dk\/"},{"@type":"ListItem","position":2,"name":"Shop","item":"https:\/\/tibladin.dk\/shop\/"},{"@type":"ListItem","position":3,"name":"\u00d8kologisk Bodyscrub VERVEINE DU SOIR"}]},{"@type":"WebSite","@id":"https:\/\/tibladin.dk\/#website","url":"https:\/\/tibladin.dk\/","name":"Tibladin","description":"Tibladin","publisher":{"@id":"https:\/\/tibladin.dk\/#organization"},"potentialAction":[{"@type":"SearchAction","target":{"@type":"EntryPoint","urlTemplate":"https:\/\/tibladin.dk\/?s={search_term_string}"},"query-input":{"@type":"PropertyValueSpecification","valueRequired":true,"valueName":"search_term_string"}}],"inLanguage":"sv-SE"},{"@type":"Organization","@id":"https:\/\/tibladin.dk\/#organization","name":"Tibladin","url":"https:\/\/tibladin.dk\/","logo":{"@type":"ImageObject","inLanguage":"sv-SE","@id":"https:\/\/tibladin.dk\/#\/schema\/logo\/image\/","url":"https:\/\/tibladin.dk\/wp-content\/uploads\/2022\/09\/tibladin_logo.svg","contentUrl":"https:\/\/tibladin.dk\/wp-content\/uploads\/2022\/09\/tibladin_logo.svg","caption":"Tibladin"},"image":{"@id":"https:\/\/tibladin.dk\/#\/schema\/logo\/image\/"}}]}},"_links":{"self":[{"href":"https:\/\/tibladin.dk\/sv\/wp-json\/wp\/v2\/product\/2024","targetHints":{"allow":["GET"]}}],"collection":[{"href":"https:\/\/tibladin.dk\/sv\/wp-json\/wp\/v2\/product"}],"about":[{"href":"https:\/\/tibladin.dk\/sv\/wp-json\/wp\/v2\/types\/product"}],"wp:featuredmedia":[{"embeddable":true,"href":"https:\/\/tibladin.dk\/sv\/wp-json\/wp\/v2\/media\/2023"}],"wp:attachment":[{"href":"https:\/\/tibladin.dk\/sv\/wp-json\/wp\/v2\/media?parent=2024"}],"wp:term":[{"taxonomy":"product_brand","embeddable":true,"href":"https:\/\/tibladin.dk\/sv\/wp-json\/wp\/v2\/product_brand?post=2024"},{"taxonomy":"product_cat","embeddable":true,"href":"https:\/\/tibladin.dk\/sv\/wp-json\/wp\/v2\/product_cat?post=2024"},{"taxonomy":"product_tag","embeddable":true,"href":"https:\/\/tibladin.dk\/sv\/wp-json\/wp\/v2\/product_tag?post=2024"}],"curies":[{"name":"wp","href":"https:\/\/api.w.org\/{rel}","templated":true}]}}