{"id":2029,"date":"2022-09-20T11:13:18","date_gmt":"2022-09-20T09:13:18","guid":{"rendered":"https:\/\/tibladin.dk\/vare\/oekologisk-shampoo-bar-til-normalt-fedtet-haar\/"},"modified":"2025-08-22T08:58:47","modified_gmt":"2025-08-22T06:58:47","slug":"ekologisk-schampobar-for-normalt-fett-haar","status":"publish","type":"product","link":"https:\/\/tibladin.dk\/sv\/produkt\/oekologisk-shampoo-bar-til-normalt-fedtet-haar\/","title":{"rendered":"Ekologisk schampobar f\u00f6r normalt\/fet h\u00e5r"},"content":{"rendered":"<div class=\"wpb-content-wrapper\"><div class=\"vc_row wpb_row vc_row-fluid\"><div class=\"wpb_column vc_column_container vc_col-sm-4\"><div class=\"vc_column-inner\"><div class=\"wpb_wrapper\"><\/div><\/div><\/div><div class=\"wpb_column vc_column_container vc_col-sm-4\"><div class=\"vc_column-inner\"><div class=\"wpb_wrapper\"><h3 style=\"text-align: left\" class=\"vc_custom_heading vc_do_custom_heading\" >Underh\u00e5ll<\/h3>\n\t<div class=\"wpb_text_column wpb_content_element\" >\n\t\t<div class=\"wpb_wrapper\">\n\t\t\t<p>75 gram<span class=\"Apple-converted-space\">\u00a0<\/span><\/p>\n<p>Sk\u00f6lj h\u00e5ret och gnugga h\u00e4nderna p\u00e5 schampot och l\u00e5t det skumma upp p\u00e5 h\u00e4nderna och applicera det i h\u00e5ret. Massera in i h\u00e5ret och sk\u00f6lj med rent vatten.<\/p>\n\n\t\t<\/div>\n\t<\/div>\n<\/div><\/div><\/div><div class=\"wpb_column vc_column_container vc_col-sm-4\"><div class=\"vc_column-inner\"><div class=\"wpb_wrapper\"><h3 style=\"text-align: left\" class=\"vc_custom_heading vc_do_custom_heading\" >Historien bakom<\/h3>\n\t<div class=\"wpb_text_column wpb_content_element\" >\n\t\t<div class=\"wpb_wrapper\">\n\t\t\t<p>Tv\u00e5lar fr\u00e5n L&#039;art du bain som skapades i Marrakech 2004 och har producerats i Nantes i Frankrike sedan 2016.<span class=\"Apple-converted-space\">\u00a0<\/span><\/p>\n<p>Kallr\u00f6rda tv\u00e5lar fr\u00e5n naturliga ingredienser och \u00e4ppeloljor fr\u00e5n Marocko, formade f\u00f6r hand, en efter en.<span class=\"Apple-converted-space\">\u00a0En rej\u00e4l tv\u00e5l \u00e4r ett bra s\u00e4tt att minimera plastkonsumtionen i vardagen.<\/span><\/p>\n<p>Ett hantverksm\u00e4ssigt noggrant s\u00e4tt att f\u00f6rbereda tv\u00e5lar som ger en mycket fin kvalitet. Tv\u00e5larna \u00e4r gjorda uteslutande av naturliga fina ingredienser med respekt f\u00f6r milj\u00f6n. Tekniken att g\u00f6ra kallblandade tv\u00e5lar g\u00f6r att tv\u00e5larna beh\u00e5ller det naturliga glycerinet i sig och de naturliga oljorna som ger en mer \u00e5terfuktande tv\u00e5l.<\/p>\n\n\t\t<\/div>\n\t<\/div>\n<\/div><\/div><\/div><\/div>\n<\/div>","protected":false},"excerpt":{"rendered":"<p>SCHAMPOOBAR<\/p>\n<p>F\u00f6r normalt\/oljigt h\u00e5r.<\/p>\n<p>L\u00e4cker schampobar med en mycket mild doft av cedertr\u00e4 och eukalyptus. Kommer i en vacker rund metalll\u00e5da.<\/p>\n<p>Ett solidt schampo d\u00e4r det inte finns n\u00e5got avfall. Allt g\u00e5r att anv\u00e4nda och du hj\u00e4lper milj\u00f6n genom att spara plastflaskorna till ditt schampo.<\/p>\n<p>Endast naturliga ingredienser, gjorda av lera och naturliga oljor.<\/p>\n<p>Ingredienser: gr\u00f6n lera, organisk kokosolja, SCI, majsst\u00e4rkelse, vatten, naturligt harts och cedertr\u00e4 och eukalyptus.<\/p>\n<p>INCI: Sodium Coco Sulfate, Montmorillonite, Nucifera Coco Oil, Sodium Cocoyl Isethionate, Zea Mays Starch, Aqua, Cedrus Atlantica Bark Oil, Eucalyptus Globulus Leaf Oil, Limonene.<\/p>","protected":false},"featured_media":2028,"template":"","meta":{"inline_featured_image":false},"product_brand":[],"product_cat":[27,47,103,106],"product_tag":[],"class_list":{"0":"post-2029","1":"product","2":"type-product","3":"status-publish","4":"has-post-thumbnail","6":"product_cat-diverse","7":"product_cat-gaven-til-ham","8":"product_cat-personlig-pleje","9":"product_cat-shampoo-bar","11":"first","12":"instock","13":"taxable","14":"shipping-taxable","15":"purchasable","16":"product-type-simple"},"exclude_global_add_ons":false,"addons":[{"name":"Vill du ha presentinslagning?","type":"checkbox","position":0,"required":false,"title_format":"label","default":"","description_enable":false,"description":"","placeholder_enable":false,"placeholder":"","display":"images","restrictions_type":"any_text","adjust_price":false,"price":"","price_type":"flat_fee","restrictions":false,"min":"0","max":"0","options":[{"label":"Ja tak","price":"10","price_type":"flat_fee","image":11015,"visibility":true}],"id":1669646111}],"yoast_head":"<!-- This site is optimized with the Yoast SEO plugin v27.4 - https:\/\/yoast.com\/product\/yoast-seo-wordpress\/ -->\n<title>H\u00e5ndlavet marokkansk shampoo bar.<\/title>\n<meta name=\"description\" content=\"Marokkansk shampoo bar til normalt\/fedtet h\u00e5r. Skib plastikflaskerne og g\u00e5 over til et mere b\u00e6redygtigt alternativ. Ingen spild.\" \/>\n<meta name=\"robots\" content=\"index, follow, max-snippet:-1, max-image-preview:large, max-video-preview:-1\" \/>\n<link rel=\"canonical\" href=\"https:\/\/tibladin.dk\/sv\/produkt\/ekologisk-schampobar-for-normalt-fett-haar\/\" \/>\n<meta property=\"og:locale\" content=\"sv_SE\" \/>\n<meta property=\"og:type\" content=\"article\" \/>\n<meta property=\"og:title\" content=\"H\u00e5ndlavet marokkansk shampoo bar.\" \/>\n<meta property=\"og:description\" content=\"Marokkansk shampoo bar til normalt\/fedtet h\u00e5r. Skib plastikflaskerne og g\u00e5 over til et mere b\u00e6redygtigt alternativ. Ingen spild.\" \/>\n<meta property=\"og:url\" content=\"https:\/\/tibladin.dk\/sv\/produkt\/ekologisk-schampobar-for-normalt-fett-haar\/\" \/>\n<meta property=\"og:site_name\" content=\"Tibladin\" \/>\n<meta property=\"article:modified_time\" content=\"2025-08-22T06:58:47+00:00\" \/>\n<meta property=\"og:image\" content=\"https:\/\/tibladin.dk\/wp-content\/uploads\/2022\/09\/shampoo-vert_800x800-1.jpg\" \/>\n\t<meta property=\"og:image:width\" content=\"800\" \/>\n\t<meta property=\"og:image:height\" content=\"800\" \/>\n\t<meta property=\"og:image:type\" content=\"image\/jpeg\" \/>\n<meta name=\"twitter:card\" content=\"summary_large_image\" \/>\n<meta name=\"twitter:label1\" content=\"Ber\u00e4knad l\u00e4stid\" \/>\n\t<meta name=\"twitter:data1\" content=\"2 minuter\" \/>\n<script type=\"application\/ld+json\" class=\"yoast-schema-graph\">{\"@context\":\"https:\\\/\\\/schema.org\",\"@graph\":[{\"@type\":\"WebPage\",\"@id\":\"https:\\\/\\\/tibladin.dk\\\/produkt\\\/oekologisk-shampoo-bar-til-normalt-fedtet-haar\\\/\",\"url\":\"https:\\\/\\\/tibladin.dk\\\/produkt\\\/oekologisk-shampoo-bar-til-normalt-fedtet-haar\\\/\",\"name\":\"H\u00e5ndlavet marokkansk shampoo bar.\",\"isPartOf\":{\"@id\":\"https:\\\/\\\/tibladin.dk\\\/#website\"},\"primaryImageOfPage\":{\"@id\":\"https:\\\/\\\/tibladin.dk\\\/produkt\\\/oekologisk-shampoo-bar-til-normalt-fedtet-haar\\\/#primaryimage\"},\"image\":{\"@id\":\"https:\\\/\\\/tibladin.dk\\\/produkt\\\/oekologisk-shampoo-bar-til-normalt-fedtet-haar\\\/#primaryimage\"},\"thumbnailUrl\":\"https:\\\/\\\/tibladin.dk\\\/wp-content\\\/uploads\\\/2022\\\/09\\\/shampoo-vert_800x800-1.jpg\",\"datePublished\":\"2022-09-20T09:13:18+00:00\",\"dateModified\":\"2025-08-22T06:58:47+00:00\",\"description\":\"Marokkansk shampoo bar til normalt\\\/fedtet h\u00e5r. Skib plastikflaskerne og g\u00e5 over til et mere b\u00e6redygtigt alternativ. Ingen spild.\",\"breadcrumb\":{\"@id\":\"https:\\\/\\\/tibladin.dk\\\/produkt\\\/oekologisk-shampoo-bar-til-normalt-fedtet-haar\\\/#breadcrumb\"},\"inLanguage\":\"sv-SE\",\"potentialAction\":[{\"@type\":\"ReadAction\",\"target\":[\"https:\\\/\\\/tibladin.dk\\\/produkt\\\/oekologisk-shampoo-bar-til-normalt-fedtet-haar\\\/\"]}]},{\"@type\":\"ImageObject\",\"inLanguage\":\"sv-SE\",\"@id\":\"https:\\\/\\\/tibladin.dk\\\/produkt\\\/oekologisk-shampoo-bar-til-normalt-fedtet-haar\\\/#primaryimage\",\"url\":\"https:\\\/\\\/tibladin.dk\\\/wp-content\\\/uploads\\\/2022\\\/09\\\/shampoo-vert_800x800-1.jpg\",\"contentUrl\":\"https:\\\/\\\/tibladin.dk\\\/wp-content\\\/uploads\\\/2022\\\/09\\\/shampoo-vert_800x800-1.jpg\",\"width\":800,\"height\":800,\"caption\":\"L' Art du bain shampoo bar\"},{\"@type\":\"BreadcrumbList\",\"@id\":\"https:\\\/\\\/tibladin.dk\\\/produkt\\\/oekologisk-shampoo-bar-til-normalt-fedtet-haar\\\/#breadcrumb\",\"itemListElement\":[{\"@type\":\"ListItem\",\"position\":1,\"name\":\"Hjem\",\"item\":\"https:\\\/\\\/tibladin.dk\\\/\"},{\"@type\":\"ListItem\",\"position\":2,\"name\":\"Shop\",\"item\":\"https:\\\/\\\/tibladin.dk\\\/shop\\\/\"},{\"@type\":\"ListItem\",\"position\":3,\"name\":\"\u00d8kologisk Shampoo bar til normalt\\\/fedtet h\u00e5r\"}]},{\"@type\":\"WebSite\",\"@id\":\"https:\\\/\\\/tibladin.dk\\\/#website\",\"url\":\"https:\\\/\\\/tibladin.dk\\\/\",\"name\":\"Tibladin\",\"description\":\"Tibladin\",\"publisher\":{\"@id\":\"https:\\\/\\\/tibladin.dk\\\/#organization\"},\"potentialAction\":[{\"@type\":\"SearchAction\",\"target\":{\"@type\":\"EntryPoint\",\"urlTemplate\":\"https:\\\/\\\/tibladin.dk\\\/?s={search_term_string}\"},\"query-input\":{\"@type\":\"PropertyValueSpecification\",\"valueRequired\":true,\"valueName\":\"search_term_string\"}}],\"inLanguage\":\"sv-SE\"},{\"@type\":\"Organization\",\"@id\":\"https:\\\/\\\/tibladin.dk\\\/#organization\",\"name\":\"Tibladin\",\"url\":\"https:\\\/\\\/tibladin.dk\\\/\",\"logo\":{\"@type\":\"ImageObject\",\"inLanguage\":\"sv-SE\",\"@id\":\"https:\\\/\\\/tibladin.dk\\\/#\\\/schema\\\/logo\\\/image\\\/\",\"url\":\"https:\\\/\\\/tibladin.dk\\\/wp-content\\\/uploads\\\/2022\\\/09\\\/tibladin_logo.svg\",\"contentUrl\":\"https:\\\/\\\/tibladin.dk\\\/wp-content\\\/uploads\\\/2022\\\/09\\\/tibladin_logo.svg\",\"caption\":\"Tibladin\"},\"image\":{\"@id\":\"https:\\\/\\\/tibladin.dk\\\/#\\\/schema\\\/logo\\\/image\\\/\"}}]}<\/script>\n<!-- \/ Yoast SEO plugin. -->","yoast_head_json":{"title":"Handgjord marockansk schampobar.","description":"Marockansk schampobar f\u00f6r normalt\/fet h\u00e5r. Dumpa plastflaskorna och byt till ett mer h\u00e5llbart alternativ. Inget avfall.","robots":{"index":"index","follow":"follow","max-snippet":"max-snippet:-1","max-image-preview":"max-image-preview:large","max-video-preview":"max-video-preview:-1"},"canonical":"https:\/\/tibladin.dk\/sv\/produkt\/ekologisk-schampobar-for-normalt-fett-haar\/","og_locale":"sv_SE","og_type":"article","og_title":"H\u00e5ndlavet marokkansk shampoo bar.","og_description":"Marokkansk shampoo bar til normalt\/fedtet h\u00e5r. Skib plastikflaskerne og g\u00e5 over til et mere b\u00e6redygtigt alternativ. Ingen spild.","og_url":"https:\/\/tibladin.dk\/sv\/produkt\/ekologisk-schampobar-for-normalt-fett-haar\/","og_site_name":"Tibladin","article_modified_time":"2025-08-22T06:58:47+00:00","og_image":[{"width":800,"height":800,"url":"https:\/\/tibladin.dk\/wp-content\/uploads\/2022\/09\/shampoo-vert_800x800-1.jpg","type":"image\/jpeg"}],"twitter_card":"summary_large_image","twitter_misc":{"Ber\u00e4knad l\u00e4stid":"2 minuter"},"schema":{"@context":"https:\/\/schema.org","@graph":[{"@type":"WebPage","@id":"https:\/\/tibladin.dk\/produkt\/oekologisk-shampoo-bar-til-normalt-fedtet-haar\/","url":"https:\/\/tibladin.dk\/produkt\/oekologisk-shampoo-bar-til-normalt-fedtet-haar\/","name":"Handgjord marockansk schampobar.","isPartOf":{"@id":"https:\/\/tibladin.dk\/#website"},"primaryImageOfPage":{"@id":"https:\/\/tibladin.dk\/produkt\/oekologisk-shampoo-bar-til-normalt-fedtet-haar\/#primaryimage"},"image":{"@id":"https:\/\/tibladin.dk\/produkt\/oekologisk-shampoo-bar-til-normalt-fedtet-haar\/#primaryimage"},"thumbnailUrl":"https:\/\/tibladin.dk\/wp-content\/uploads\/2022\/09\/shampoo-vert_800x800-1.jpg","datePublished":"2022-09-20T09:13:18+00:00","dateModified":"2025-08-22T06:58:47+00:00","description":"Marockansk schampobar f\u00f6r normalt\/fet h\u00e5r. Dumpa plastflaskorna och byt till ett mer h\u00e5llbart alternativ. Inget avfall.","breadcrumb":{"@id":"https:\/\/tibladin.dk\/produkt\/oekologisk-shampoo-bar-til-normalt-fedtet-haar\/#breadcrumb"},"inLanguage":"sv-SE","potentialAction":[{"@type":"ReadAction","target":["https:\/\/tibladin.dk\/produkt\/oekologisk-shampoo-bar-til-normalt-fedtet-haar\/"]}]},{"@type":"ImageObject","inLanguage":"sv-SE","@id":"https:\/\/tibladin.dk\/produkt\/oekologisk-shampoo-bar-til-normalt-fedtet-haar\/#primaryimage","url":"https:\/\/tibladin.dk\/wp-content\/uploads\/2022\/09\/shampoo-vert_800x800-1.jpg","contentUrl":"https:\/\/tibladin.dk\/wp-content\/uploads\/2022\/09\/shampoo-vert_800x800-1.jpg","width":800,"height":800,"caption":"L' Art du bain shampoo bar"},{"@type":"BreadcrumbList","@id":"https:\/\/tibladin.dk\/produkt\/oekologisk-shampoo-bar-til-normalt-fedtet-haar\/#breadcrumb","itemListElement":[{"@type":"ListItem","position":1,"name":"Hjem","item":"https:\/\/tibladin.dk\/"},{"@type":"ListItem","position":2,"name":"Shop","item":"https:\/\/tibladin.dk\/shop\/"},{"@type":"ListItem","position":3,"name":"\u00d8kologisk Shampoo bar til normalt\/fedtet h\u00e5r"}]},{"@type":"WebSite","@id":"https:\/\/tibladin.dk\/#website","url":"https:\/\/tibladin.dk\/","name":"Tibladin","description":"Tibladin","publisher":{"@id":"https:\/\/tibladin.dk\/#organization"},"potentialAction":[{"@type":"SearchAction","target":{"@type":"EntryPoint","urlTemplate":"https:\/\/tibladin.dk\/?s={search_term_string}"},"query-input":{"@type":"PropertyValueSpecification","valueRequired":true,"valueName":"search_term_string"}}],"inLanguage":"sv-SE"},{"@type":"Organization","@id":"https:\/\/tibladin.dk\/#organization","name":"Tibladin","url":"https:\/\/tibladin.dk\/","logo":{"@type":"ImageObject","inLanguage":"sv-SE","@id":"https:\/\/tibladin.dk\/#\/schema\/logo\/image\/","url":"https:\/\/tibladin.dk\/wp-content\/uploads\/2022\/09\/tibladin_logo.svg","contentUrl":"https:\/\/tibladin.dk\/wp-content\/uploads\/2022\/09\/tibladin_logo.svg","caption":"Tibladin"},"image":{"@id":"https:\/\/tibladin.dk\/#\/schema\/logo\/image\/"}}]}},"_links":{"self":[{"href":"https:\/\/tibladin.dk\/sv\/wp-json\/wp\/v2\/product\/2029","targetHints":{"allow":["GET"]}}],"collection":[{"href":"https:\/\/tibladin.dk\/sv\/wp-json\/wp\/v2\/product"}],"about":[{"href":"https:\/\/tibladin.dk\/sv\/wp-json\/wp\/v2\/types\/product"}],"wp:featuredmedia":[{"embeddable":true,"href":"https:\/\/tibladin.dk\/sv\/wp-json\/wp\/v2\/media\/2028"}],"wp:attachment":[{"href":"https:\/\/tibladin.dk\/sv\/wp-json\/wp\/v2\/media?parent=2029"}],"wp:term":[{"taxonomy":"product_brand","embeddable":true,"href":"https:\/\/tibladin.dk\/sv\/wp-json\/wp\/v2\/product_brand?post=2029"},{"taxonomy":"product_cat","embeddable":true,"href":"https:\/\/tibladin.dk\/sv\/wp-json\/wp\/v2\/product_cat?post=2029"},{"taxonomy":"product_tag","embeddable":true,"href":"https:\/\/tibladin.dk\/sv\/wp-json\/wp\/v2\/product_tag?post=2029"}],"curies":[{"name":"wp","href":"https:\/\/api.w.org\/{rel}","templated":true}]}}