{"id":2039,"date":"2022-09-20T11:13:22","date_gmt":"2022-09-20T09:13:22","guid":{"rendered":"https:\/\/tibladin.dk\/vare\/aladin-kurv-natur-og-hvid\/"},"modified":"2024-12-10T11:35:46","modified_gmt":"2024-12-10T10:35:46","slug":"aladin-korg-natur-och-vit","status":"publish","type":"product","link":"https:\/\/tibladin.dk\/sv\/produkt\/aladin-kurv-natur-og-hvid\/","title":{"rendered":"ALADIN korg natur och vit"},"content":{"rendered":"<div class=\"wpb-content-wrapper\"><div class=\"vc_row wpb_row vc_row-fluid\"><div class=\"wpb_column vc_column_container vc_col-sm-4\"><div class=\"vc_column-inner\"><div class=\"wpb_wrapper\"><h3 style=\"text-align: left\" class=\"vc_custom_heading vc_do_custom_heading\" >Underh\u00e5ll<\/h3>\n\t<div class=\"wpb_text_column wpb_content_element\" >\n\t\t<div class=\"wpb_wrapper\">\n\t\t\t<p>F\u00f6r reng\u00f6ring \u00e4r det enklaste att dammsuga den noggrant.<\/p>\n\n\t\t<\/div>\n\t<\/div>\n<\/div><\/div><\/div><div class=\"wpb_column vc_column_container vc_col-sm-4\"><div class=\"vc_column-inner\"><div class=\"wpb_wrapper\"><h3 style=\"text-align: left\" class=\"vc_custom_heading vc_do_custom_heading\" >Historien bakom<\/h3>\n\t<div class=\"wpb_text_column wpb_content_element\" >\n\t\t<div class=\"wpb_wrapper\">\n\t\t\t<p>Jag \u00e4lskar kurvor! De kan ge alla rum v\u00e4rme och mysighet.<\/p>\n<p>Anv\u00e4nd den h\u00e4r korgen som tv\u00e4ttkorg eller f\u00f6r att f\u00f6rvara extra kuddar och filtar.<\/p>\n<p>Korgarna \u00e4r handgjorda i Marrakech, som \u00e4r specialiserade p\u00e5 fl\u00e4tning och har gjort det i generationer.<\/p>\n<p>Om du anv\u00e4nder denna korg som tv\u00e4ttkorg kan du v\u00e4lja att sy en tv\u00e4ttp\u00e5se att l\u00e4gga i korgen. Man kan inte undvika att korgen avger lite fl\u00e4tad.<\/p>\n\n\t\t<\/div>\n\t<\/div>\n<\/div><\/div><\/div><div class=\"wpb_column vc_column_container vc_col-sm-4\"><div class=\"vc_column-inner\"><div class=\"wpb_wrapper\"><h3 style=\"text-align: left\" class=\"vc_custom_heading vc_do_custom_heading\" >Vad \u00e4r rotting?<\/h3>\n\t<div class=\"wpb_text_column wpb_content_element\" >\n\t\t<div class=\"wpb_wrapper\">\n\t\t\t<p>Rotting \u00e4r gjord av en tropisk palm som \u00e4r inf\u00f6dd i Australien, Asien och Afrika. Materialet \u00e4r mycket starkt och p\u00e5minner om bambu, varf\u00f6r det anv\u00e4nds till allt fr\u00e5n brickor och korgar till s\u00e4nggavlar och drinkbord.<\/p>\n<p>Raffia liknar rotting d\u00e5 de b\u00e5da kommer fr\u00e5n palmblad, men raffia \u00e4r lite mjukare.<\/p>\n\n\t\t<\/div>\n\t<\/div>\n<\/div><\/div><\/div><\/div>\n<\/div>","protected":false},"excerpt":{"rendered":"<p>ALADIN marockansk korg, handgjord i naturrotting fl\u00e4tad med vit tr\u00e5d, vita handtag och en vit tofs ovanp\u00e5.<\/p>\n<p>Ge ditt hem en touch av Marocko med denna vackra korg. Korgar ger en varm inredning och samtidigt \u00e4r de v\u00e4ldigt praktiska f\u00f6r f\u00f6rvaring.<\/p>\n<p>Bra till stickat, tofflor, handdukar, till barnens m\u00f6ssor och handskar, alla dina halsdukar, dina sm\u00e5 v\u00e4skor f\u00f6r att g\u00e5 ut p\u00e5 stan \u2013 Ja, det \u00e4r bara fantasin som s\u00e4tter gr\u00e4nser.<\/p>\n<p>Kurvan \u00e4r ca. 40 cm h\u00f6g och 40 cm i diameter.<\/p>\n<p>Korgen \u00e4r handgjord och sm\u00e5 avvikelser och defekter kan f\u00f6rekomma.<\/p>","protected":false},"featured_media":2037,"template":"","meta":{"inline_featured_image":false},"product_brand":[],"product_cat":[55,51],"product_tag":[],"class_list":{"0":"post-2039","1":"product","2":"type-product","3":"status-publish","4":"has-post-thumbnail","6":"product_cat-kurve","7":"product_cat-opbevaring","9":"first","10":"instock","11":"taxable","12":"shipping-taxable","13":"purchasable","14":"product-type-simple"},"exclude_global_add_ons":[],"addons":[],"yoast_head":"<!-- This site is optimized with the Yoast SEO plugin v27.4 - https:\/\/yoast.com\/product\/yoast-seo-wordpress\/ -->\n<title>ALADIN kurv natur og hvid | H\u00e5ndlavet af rattan |Tibladin<\/title>\n<meta name=\"description\" content=\"H\u00e5ndlavet marrokansk rattan-kurv, flettet af naturmaterialer. Giver varme, hygge og et touch af Marokko i ethvert rum \u21d2 Se den her\" \/>\n<meta name=\"robots\" content=\"index, follow, max-snippet:-1, max-image-preview:large, max-video-preview:-1\" \/>\n<link rel=\"canonical\" href=\"https:\/\/tibladin.dk\/sv\/produkt\/aladin-korg-natur-och-vit\/\" \/>\n<meta property=\"og:locale\" content=\"sv_SE\" \/>\n<meta property=\"og:type\" content=\"article\" \/>\n<meta property=\"og:title\" content=\"ALADIN kurv natur og hvid | H\u00e5ndlavet af rattan |Tibladin\" \/>\n<meta property=\"og:description\" content=\"H\u00e5ndlavet marrokansk rattan-kurv, flettet af naturmaterialer. Giver varme, hygge og et touch af Marokko i ethvert rum \u21d2 Se den her\" \/>\n<meta property=\"og:url\" content=\"https:\/\/tibladin.dk\/sv\/produkt\/aladin-korg-natur-och-vit\/\" \/>\n<meta property=\"og:site_name\" content=\"Tibladin\" \/>\n<meta property=\"article:modified_time\" content=\"2024-12-10T10:35:46+00:00\" \/>\n<meta property=\"og:image\" content=\"https:\/\/tibladin.dk\/wp-content\/uploads\/2022\/09\/ALADIN-kurv-kopier-1.jpg\" \/>\n\t<meta property=\"og:image:width\" content=\"800\" \/>\n\t<meta property=\"og:image:height\" content=\"800\" \/>\n\t<meta property=\"og:image:type\" content=\"image\/jpeg\" \/>\n<meta name=\"twitter:card\" content=\"summary_large_image\" \/>\n<meta name=\"twitter:label1\" content=\"Ber\u00e4knad l\u00e4stid\" \/>\n\t<meta name=\"twitter:data1\" content=\"2 minuter\" \/>\n<script type=\"application\/ld+json\" class=\"yoast-schema-graph\">{\"@context\":\"https:\\\/\\\/schema.org\",\"@graph\":[{\"@type\":\"WebPage\",\"@id\":\"https:\\\/\\\/tibladin.dk\\\/produkt\\\/aladin-kurv-natur-og-hvid\\\/\",\"url\":\"https:\\\/\\\/tibladin.dk\\\/produkt\\\/aladin-kurv-natur-og-hvid\\\/\",\"name\":\"ALADIN kurv natur og hvid | H\u00e5ndlavet af rattan |Tibladin\",\"isPartOf\":{\"@id\":\"https:\\\/\\\/tibladin.dk\\\/#website\"},\"primaryImageOfPage\":{\"@id\":\"https:\\\/\\\/tibladin.dk\\\/produkt\\\/aladin-kurv-natur-og-hvid\\\/#primaryimage\"},\"image\":{\"@id\":\"https:\\\/\\\/tibladin.dk\\\/produkt\\\/aladin-kurv-natur-og-hvid\\\/#primaryimage\"},\"thumbnailUrl\":\"https:\\\/\\\/tibladin.dk\\\/wp-content\\\/uploads\\\/2022\\\/09\\\/ALADIN-kurv-kopier-1.jpg\",\"datePublished\":\"2022-09-20T09:13:22+00:00\",\"dateModified\":\"2024-12-10T10:35:46+00:00\",\"description\":\"H\u00e5ndlavet marrokansk rattan-kurv, flettet af naturmaterialer. Giver varme, hygge og et touch af Marokko i ethvert rum \u21d2 Se den her\",\"breadcrumb\":{\"@id\":\"https:\\\/\\\/tibladin.dk\\\/produkt\\\/aladin-kurv-natur-og-hvid\\\/#breadcrumb\"},\"inLanguage\":\"sv-SE\",\"potentialAction\":[{\"@type\":\"ReadAction\",\"target\":[\"https:\\\/\\\/tibladin.dk\\\/produkt\\\/aladin-kurv-natur-og-hvid\\\/\"]}]},{\"@type\":\"ImageObject\",\"inLanguage\":\"sv-SE\",\"@id\":\"https:\\\/\\\/tibladin.dk\\\/produkt\\\/aladin-kurv-natur-og-hvid\\\/#primaryimage\",\"url\":\"https:\\\/\\\/tibladin.dk\\\/wp-content\\\/uploads\\\/2022\\\/09\\\/ALADIN-kurv-kopier-1.jpg\",\"contentUrl\":\"https:\\\/\\\/tibladin.dk\\\/wp-content\\\/uploads\\\/2022\\\/09\\\/ALADIN-kurv-kopier-1.jpg\",\"width\":800,\"height\":800,\"caption\":\"Stor marokkansk h\u00e5ndlavet kurv i natur rattan med hvide tr\u00e5de\"},{\"@type\":\"BreadcrumbList\",\"@id\":\"https:\\\/\\\/tibladin.dk\\\/produkt\\\/aladin-kurv-natur-og-hvid\\\/#breadcrumb\",\"itemListElement\":[{\"@type\":\"ListItem\",\"position\":1,\"name\":\"Hjem\",\"item\":\"https:\\\/\\\/tibladin.dk\\\/\"},{\"@type\":\"ListItem\",\"position\":2,\"name\":\"Shop\",\"item\":\"https:\\\/\\\/tibladin.dk\\\/shop\\\/\"},{\"@type\":\"ListItem\",\"position\":3,\"name\":\"ALADIN kurv natur og hvid\"}]},{\"@type\":\"WebSite\",\"@id\":\"https:\\\/\\\/tibladin.dk\\\/#website\",\"url\":\"https:\\\/\\\/tibladin.dk\\\/\",\"name\":\"Tibladin\",\"description\":\"Tibladin\",\"publisher\":{\"@id\":\"https:\\\/\\\/tibladin.dk\\\/#organization\"},\"potentialAction\":[{\"@type\":\"SearchAction\",\"target\":{\"@type\":\"EntryPoint\",\"urlTemplate\":\"https:\\\/\\\/tibladin.dk\\\/?s={search_term_string}\"},\"query-input\":{\"@type\":\"PropertyValueSpecification\",\"valueRequired\":true,\"valueName\":\"search_term_string\"}}],\"inLanguage\":\"sv-SE\"},{\"@type\":\"Organization\",\"@id\":\"https:\\\/\\\/tibladin.dk\\\/#organization\",\"name\":\"Tibladin\",\"url\":\"https:\\\/\\\/tibladin.dk\\\/\",\"logo\":{\"@type\":\"ImageObject\",\"inLanguage\":\"sv-SE\",\"@id\":\"https:\\\/\\\/tibladin.dk\\\/#\\\/schema\\\/logo\\\/image\\\/\",\"url\":\"https:\\\/\\\/tibladin.dk\\\/wp-content\\\/uploads\\\/2022\\\/09\\\/tibladin_logo.svg\",\"contentUrl\":\"https:\\\/\\\/tibladin.dk\\\/wp-content\\\/uploads\\\/2022\\\/09\\\/tibladin_logo.svg\",\"caption\":\"Tibladin\"},\"image\":{\"@id\":\"https:\\\/\\\/tibladin.dk\\\/#\\\/schema\\\/logo\\\/image\\\/\"}}]}<\/script>\n<!-- \/ Yoast SEO plugin. -->","yoast_head_json":{"title":"ALADIN korg natur och vit | Handgjord av rotting |Tibladin","description":"Handgjord marockansk rottingkorg, v\u00e4vd av naturmaterial. Ger v\u00e4rme, mysighet och en touch av Marocko i alla rum \u21d2 Se det h\u00e4r","robots":{"index":"index","follow":"follow","max-snippet":"max-snippet:-1","max-image-preview":"max-image-preview:large","max-video-preview":"max-video-preview:-1"},"canonical":"https:\/\/tibladin.dk\/sv\/produkt\/aladin-korg-natur-och-vit\/","og_locale":"sv_SE","og_type":"article","og_title":"ALADIN kurv natur og hvid | H\u00e5ndlavet af rattan |Tibladin","og_description":"H\u00e5ndlavet marrokansk rattan-kurv, flettet af naturmaterialer. Giver varme, hygge og et touch af Marokko i ethvert rum \u21d2 Se den her","og_url":"https:\/\/tibladin.dk\/sv\/produkt\/aladin-korg-natur-och-vit\/","og_site_name":"Tibladin","article_modified_time":"2024-12-10T10:35:46+00:00","og_image":[{"width":800,"height":800,"url":"https:\/\/tibladin.dk\/wp-content\/uploads\/2022\/09\/ALADIN-kurv-kopier-1.jpg","type":"image\/jpeg"}],"twitter_card":"summary_large_image","twitter_misc":{"Ber\u00e4knad l\u00e4stid":"2 minuter"},"schema":{"@context":"https:\/\/schema.org","@graph":[{"@type":"WebPage","@id":"https:\/\/tibladin.dk\/produkt\/aladin-kurv-natur-og-hvid\/","url":"https:\/\/tibladin.dk\/produkt\/aladin-kurv-natur-og-hvid\/","name":"ALADIN korg natur och vit | Handgjord av rotting |Tibladin","isPartOf":{"@id":"https:\/\/tibladin.dk\/#website"},"primaryImageOfPage":{"@id":"https:\/\/tibladin.dk\/produkt\/aladin-kurv-natur-og-hvid\/#primaryimage"},"image":{"@id":"https:\/\/tibladin.dk\/produkt\/aladin-kurv-natur-og-hvid\/#primaryimage"},"thumbnailUrl":"https:\/\/tibladin.dk\/wp-content\/uploads\/2022\/09\/ALADIN-kurv-kopier-1.jpg","datePublished":"2022-09-20T09:13:22+00:00","dateModified":"2024-12-10T10:35:46+00:00","description":"Handgjord marockansk rottingkorg, v\u00e4vd av naturmaterial. Ger v\u00e4rme, mysighet och en touch av Marocko i alla rum \u21d2 Se det h\u00e4r","breadcrumb":{"@id":"https:\/\/tibladin.dk\/produkt\/aladin-kurv-natur-og-hvid\/#breadcrumb"},"inLanguage":"sv-SE","potentialAction":[{"@type":"ReadAction","target":["https:\/\/tibladin.dk\/produkt\/aladin-kurv-natur-og-hvid\/"]}]},{"@type":"ImageObject","inLanguage":"sv-SE","@id":"https:\/\/tibladin.dk\/produkt\/aladin-kurv-natur-og-hvid\/#primaryimage","url":"https:\/\/tibladin.dk\/wp-content\/uploads\/2022\/09\/ALADIN-kurv-kopier-1.jpg","contentUrl":"https:\/\/tibladin.dk\/wp-content\/uploads\/2022\/09\/ALADIN-kurv-kopier-1.jpg","width":800,"height":800,"caption":"Stor marokkansk h\u00e5ndlavet kurv i natur rattan med hvide tr\u00e5de"},{"@type":"BreadcrumbList","@id":"https:\/\/tibladin.dk\/produkt\/aladin-kurv-natur-og-hvid\/#breadcrumb","itemListElement":[{"@type":"ListItem","position":1,"name":"Hjem","item":"https:\/\/tibladin.dk\/"},{"@type":"ListItem","position":2,"name":"Shop","item":"https:\/\/tibladin.dk\/shop\/"},{"@type":"ListItem","position":3,"name":"ALADIN kurv natur og hvid"}]},{"@type":"WebSite","@id":"https:\/\/tibladin.dk\/#website","url":"https:\/\/tibladin.dk\/","name":"Tibladin","description":"Tibladin","publisher":{"@id":"https:\/\/tibladin.dk\/#organization"},"potentialAction":[{"@type":"SearchAction","target":{"@type":"EntryPoint","urlTemplate":"https:\/\/tibladin.dk\/?s={search_term_string}"},"query-input":{"@type":"PropertyValueSpecification","valueRequired":true,"valueName":"search_term_string"}}],"inLanguage":"sv-SE"},{"@type":"Organization","@id":"https:\/\/tibladin.dk\/#organization","name":"Tibladin","url":"https:\/\/tibladin.dk\/","logo":{"@type":"ImageObject","inLanguage":"sv-SE","@id":"https:\/\/tibladin.dk\/#\/schema\/logo\/image\/","url":"https:\/\/tibladin.dk\/wp-content\/uploads\/2022\/09\/tibladin_logo.svg","contentUrl":"https:\/\/tibladin.dk\/wp-content\/uploads\/2022\/09\/tibladin_logo.svg","caption":"Tibladin"},"image":{"@id":"https:\/\/tibladin.dk\/#\/schema\/logo\/image\/"}}]}},"_links":{"self":[{"href":"https:\/\/tibladin.dk\/sv\/wp-json\/wp\/v2\/product\/2039","targetHints":{"allow":["GET"]}}],"collection":[{"href":"https:\/\/tibladin.dk\/sv\/wp-json\/wp\/v2\/product"}],"about":[{"href":"https:\/\/tibladin.dk\/sv\/wp-json\/wp\/v2\/types\/product"}],"wp:featuredmedia":[{"embeddable":true,"href":"https:\/\/tibladin.dk\/sv\/wp-json\/wp\/v2\/media\/2037"}],"wp:attachment":[{"href":"https:\/\/tibladin.dk\/sv\/wp-json\/wp\/v2\/media?parent=2039"}],"wp:term":[{"taxonomy":"product_brand","embeddable":true,"href":"https:\/\/tibladin.dk\/sv\/wp-json\/wp\/v2\/product_brand?post=2039"},{"taxonomy":"product_cat","embeddable":true,"href":"https:\/\/tibladin.dk\/sv\/wp-json\/wp\/v2\/product_cat?post=2039"},{"taxonomy":"product_tag","embeddable":true,"href":"https:\/\/tibladin.dk\/sv\/wp-json\/wp\/v2\/product_tag?post=2039"}],"curies":[{"name":"wp","href":"https:\/\/api.w.org\/{rel}","templated":true}]}}