{"id":2237,"date":"2022-09-20T11:14:39","date_gmt":"2022-09-20T09:14:39","guid":{"rendered":"https:\/\/tibladin.dk\/?post_type=product&#038;p=2237"},"modified":"2024-12-09T14:29:35","modified_gmt":"2024-12-09T13:29:35","slug":"trabord-i-graablaa-moule","status":"publish","type":"product","link":"https:\/\/tibladin.dk\/sv\/produkt\/traeborde-i-graa-blaa-moule\/","title":{"rendered":"Tr\u00e4bord i gr\u00e5\/bl\u00e5 MOULE"},"content":{"rendered":"<div class=\"wpb-content-wrapper\"><div class=\"vc_row wpb_row vc_row-fluid\"><div class=\"wpb_column vc_column_container vc_col-sm-4\"><div class=\"vc_column-inner\"><div class=\"wpb_wrapper\"><\/div><\/div><\/div><div class=\"wpb_column vc_column_container vc_col-sm-4\"><div class=\"vc_column-inner\"><div class=\"wpb_wrapper\"><h3 style=\"text-align: left\" class=\"vc_custom_heading vc_do_custom_heading\" >Underh\u00e5ll<\/h3>\n\t<div class=\"wpb_text_column wpb_content_element\" >\n\t\t<div class=\"wpb_wrapper\">\n\t\t\t<p>Borden kan enkelt torkas av med en fuktig trasa. Om du vill kan du \u00e4ven ge tr\u00e4et lite olja f\u00f6r att f\u00e5 fram f\u00e4rgerna och h\u00e5lla det vackra tr\u00e4et rakt.<\/p>\n\n\t\t<\/div>\n\t<\/div>\n<\/div><\/div><\/div><div class=\"wpb_column vc_column_container vc_col-sm-4\"><div class=\"vc_column-inner\"><div class=\"wpb_wrapper\"><h3 style=\"text-align: left\" class=\"vc_custom_heading vc_do_custom_heading\" >Historien bakom<\/h3>\n\t<div class=\"wpb_text_column wpb_content_element\" >\n\t\t<div class=\"wpb_wrapper\">\n\t\t\t<p>Tr\u00e4bord i \u00e5tervunnet tr\u00e4 fr\u00e5n marockanska d\u00f6rrar. Borden har ett rustikt utseende med st\u00e5lstomme och fina markeringar i tr\u00e4et. De inspirerande och vackra marockanska d\u00f6rrarna f\u00e5r nytt liv i dessa bord, d\u00e4r marockansk stil m\u00f6ter skandinavisk h\u00e5llbar design. Jag f\u00e5r personligen ocks\u00e5 associationer till det maritima, V\u00e4sterhavet och resor till sommarstugan. D\u00e4rf\u00f6r heter borden MOULE, vilket betyder &#039;mussla&#039; p\u00e5 franska. De passar bra in i alla hem och ger inredningen en rustik, r\u00e5 och naturlig look. De kan anv\u00e4ndas som sidobord vid soffan, d\u00e4r de kan placeras tillsammans p\u00e5 olika niv\u00e5er, men de kan \u00e4ven anv\u00e4ndas separat och dekorera till exempel sovrummet eller entr\u00e9n. Utvecklad i samarbete med designer fr\u00e5n Marrakech.<\/p>\n<p>Borden \u00e4r mycket rustika till utseendet, och har d\u00e4rf\u00f6r b\u00e5de sprickor, \u00e5dror och sprickor i tr\u00e4et. Detta g\u00f6r dem unika och naturliga och ger dem deras mycket speciella uttryck.<\/p>\n\n\t\t<\/div>\n\t<\/div>\n<\/div><\/div><\/div><\/div>\n<\/div>","protected":false},"excerpt":{"rendered":"<p>Detta rustika bord \u00e4r tillverkat av \u00e5tervunnet tr\u00e4 fr\u00e5n marockanska d\u00f6rrar och har en st\u00e5lram. Bordet f\u00f6r tankarna till det maritima med de vackra m\u00f6nstren i tr\u00e4et och ett rustikt och r\u00e5tt utseende. Samtidigt passar den otroligt bra in i den skandinaviska inredningsstilen, d\u00e5 den vackra tr\u00e4skivan f\u00f6r in naturen. Bordet finns i tre storlekar, small, medium och large, som b\u00e5de kan s\u00e4ttas ihop och frist\u00e5ende. Borden \u00e4r helt unika, d\u00e5 det bara finns ett av varje.<\/p>\n<p>| Liten: Diameter: 35 cm, H\u00f6jd 35 cm | Medium: Diameter: 40 cm, H\u00f6jd: 40 cm | Stor: Diameter: 45 cm, H\u00f6jd: 45 cm |<\/p>\n<p>&nbsp;<\/p>","protected":false},"featured_media":2308,"template":"","meta":{"inline_featured_image":false},"product_brand":[],"product_cat":[82,39],"product_tag":[],"class_list":{"0":"post-2237","1":"product","2":"type-product","3":"status-publish","4":"has-post-thumbnail","6":"product_cat-borde","7":"product_cat-moebler","9":"first","10":"instock","11":"taxable","12":"shipping-taxable","13":"purchasable","14":"product-type-variable"},"exclude_global_add_ons":[],"addons":[],"yoast_head":"<!-- This site is optimized with the Yoast SEO plugin v27.4 - https:\/\/yoast.com\/product\/yoast-seo-wordpress\/ -->\n<title>Tr\u00e6bord af genbrugstr\u00e6 | Unika marokkansk design | Tibladin<\/title>\n<meta name=\"description\" content=\"Flot bord med st\u00e5l-stel og en bordplade i genbrugstr\u00e6 fra Marrokanske d\u00f8re. Kan let tils\u00e6ttes din indretning og giver et rustikt udtryk.\" \/>\n<meta name=\"robots\" content=\"index, follow, max-snippet:-1, max-image-preview:large, max-video-preview:-1\" \/>\n<link rel=\"canonical\" href=\"https:\/\/tibladin.dk\/sv\/produkt\/trabord-i-graablaa-moule\/\" \/>\n<meta property=\"og:locale\" content=\"sv_SE\" \/>\n<meta property=\"og:type\" content=\"article\" \/>\n<meta property=\"og:title\" content=\"Tr\u00e6bord af genbrugstr\u00e6 | Unika marokkansk design | Tibladin\" \/>\n<meta property=\"og:description\" content=\"Flot bord med st\u00e5l-stel og en bordplade i genbrugstr\u00e6 fra Marrokanske d\u00f8re. Kan let tils\u00e6ttes din indretning og giver et rustikt udtryk.\" \/>\n<meta property=\"og:url\" content=\"https:\/\/tibladin.dk\/sv\/produkt\/trabord-i-graablaa-moule\/\" \/>\n<meta property=\"og:site_name\" content=\"Tibladin\" \/>\n<meta property=\"article:modified_time\" content=\"2024-12-09T13:29:35+00:00\" \/>\n<meta property=\"og:image\" content=\"https:\/\/tibladin.dk\/wp-content\/uploads\/2022\/09\/traeborde-samlet-LS-1.jpg\" \/>\n\t<meta property=\"og:image:width\" content=\"800\" \/>\n\t<meta property=\"og:image:height\" content=\"800\" \/>\n\t<meta property=\"og:image:type\" content=\"image\/jpeg\" \/>\n<meta name=\"twitter:card\" content=\"summary_large_image\" \/>\n<meta name=\"twitter:label1\" content=\"Ber\u00e4knad l\u00e4stid\" \/>\n\t<meta name=\"twitter:data1\" content=\"2 minuter\" \/>\n<script type=\"application\/ld+json\" class=\"yoast-schema-graph\">{\"@context\":\"https:\\\/\\\/schema.org\",\"@graph\":[{\"@type\":\"WebPage\",\"@id\":\"https:\\\/\\\/tibladin.dk\\\/produkt\\\/traeborde-i-graa-blaa-moule\\\/\",\"url\":\"https:\\\/\\\/tibladin.dk\\\/produkt\\\/traeborde-i-graa-blaa-moule\\\/\",\"name\":\"Tr\u00e6bord af genbrugstr\u00e6 | Unika marokkansk design | Tibladin\",\"isPartOf\":{\"@id\":\"https:\\\/\\\/tibladin.dk\\\/#website\"},\"primaryImageOfPage\":{\"@id\":\"https:\\\/\\\/tibladin.dk\\\/produkt\\\/traeborde-i-graa-blaa-moule\\\/#primaryimage\"},\"image\":{\"@id\":\"https:\\\/\\\/tibladin.dk\\\/produkt\\\/traeborde-i-graa-blaa-moule\\\/#primaryimage\"},\"thumbnailUrl\":\"https:\\\/\\\/tibladin.dk\\\/wp-content\\\/uploads\\\/2022\\\/09\\\/traeborde-samlet-LS-1.jpg\",\"datePublished\":\"2022-09-20T09:14:39+00:00\",\"dateModified\":\"2024-12-09T13:29:35+00:00\",\"description\":\"Flot bord med st\u00e5l-stel og en bordplade i genbrugstr\u00e6 fra Marrokanske d\u00f8re. Kan let tils\u00e6ttes din indretning og giver et rustikt udtryk.\",\"breadcrumb\":{\"@id\":\"https:\\\/\\\/tibladin.dk\\\/produkt\\\/traeborde-i-graa-blaa-moule\\\/#breadcrumb\"},\"inLanguage\":\"sv-SE\",\"potentialAction\":[{\"@type\":\"ReadAction\",\"target\":[\"https:\\\/\\\/tibladin.dk\\\/produkt\\\/traeborde-i-graa-blaa-moule\\\/\"]}]},{\"@type\":\"ImageObject\",\"inLanguage\":\"sv-SE\",\"@id\":\"https:\\\/\\\/tibladin.dk\\\/produkt\\\/traeborde-i-graa-blaa-moule\\\/#primaryimage\",\"url\":\"https:\\\/\\\/tibladin.dk\\\/wp-content\\\/uploads\\\/2022\\\/09\\\/traeborde-samlet-LS-1.jpg\",\"contentUrl\":\"https:\\\/\\\/tibladin.dk\\\/wp-content\\\/uploads\\\/2022\\\/09\\\/traeborde-samlet-LS-1.jpg\",\"width\":800,\"height\":800,\"caption\":\"Marokkanske h\u00e5ndlavede tr\u00e6border i large, medium og small, st\u00e5ende ved siden af hinanden, med dekorationer p\u00e5, ved siden af en s\u00e6kkestol\"},{\"@type\":\"BreadcrumbList\",\"@id\":\"https:\\\/\\\/tibladin.dk\\\/produkt\\\/traeborde-i-graa-blaa-moule\\\/#breadcrumb\",\"itemListElement\":[{\"@type\":\"ListItem\",\"position\":1,\"name\":\"Hjem\",\"item\":\"https:\\\/\\\/tibladin.dk\\\/\"},{\"@type\":\"ListItem\",\"position\":2,\"name\":\"Shop\",\"item\":\"https:\\\/\\\/tibladin.dk\\\/shop\\\/\"},{\"@type\":\"ListItem\",\"position\":3,\"name\":\"Tr\u00e6borde i gr\u00e5\\\/bl\u00e5 MOULE\"}]},{\"@type\":\"WebSite\",\"@id\":\"https:\\\/\\\/tibladin.dk\\\/#website\",\"url\":\"https:\\\/\\\/tibladin.dk\\\/\",\"name\":\"Tibladin\",\"description\":\"Tibladin\",\"publisher\":{\"@id\":\"https:\\\/\\\/tibladin.dk\\\/#organization\"},\"potentialAction\":[{\"@type\":\"SearchAction\",\"target\":{\"@type\":\"EntryPoint\",\"urlTemplate\":\"https:\\\/\\\/tibladin.dk\\\/?s={search_term_string}\"},\"query-input\":{\"@type\":\"PropertyValueSpecification\",\"valueRequired\":true,\"valueName\":\"search_term_string\"}}],\"inLanguage\":\"sv-SE\"},{\"@type\":\"Organization\",\"@id\":\"https:\\\/\\\/tibladin.dk\\\/#organization\",\"name\":\"Tibladin\",\"url\":\"https:\\\/\\\/tibladin.dk\\\/\",\"logo\":{\"@type\":\"ImageObject\",\"inLanguage\":\"sv-SE\",\"@id\":\"https:\\\/\\\/tibladin.dk\\\/#\\\/schema\\\/logo\\\/image\\\/\",\"url\":\"https:\\\/\\\/tibladin.dk\\\/wp-content\\\/uploads\\\/2022\\\/09\\\/tibladin_logo.svg\",\"contentUrl\":\"https:\\\/\\\/tibladin.dk\\\/wp-content\\\/uploads\\\/2022\\\/09\\\/tibladin_logo.svg\",\"caption\":\"Tibladin\"},\"image\":{\"@id\":\"https:\\\/\\\/tibladin.dk\\\/#\\\/schema\\\/logo\\\/image\\\/\"}}]}<\/script>\n<!-- \/ Yoast SEO plugin. -->","yoast_head_json":{"title":"Tr\u00e4bord av \u00e5tervunnet tr\u00e4 | Unik marockansk design | Tibladin","description":"Snyggt bord med st\u00e5lstomme och en bordsskiva i \u00e5tervunnet tr\u00e4 fr\u00e5n marockanska d\u00f6rrar. Kan enkelt l\u00e4ggas till din inredning och ger ett rustikt utseende.","robots":{"index":"index","follow":"follow","max-snippet":"max-snippet:-1","max-image-preview":"max-image-preview:large","max-video-preview":"max-video-preview:-1"},"canonical":"https:\/\/tibladin.dk\/sv\/produkt\/trabord-i-graablaa-moule\/","og_locale":"sv_SE","og_type":"article","og_title":"Tr\u00e6bord af genbrugstr\u00e6 | Unika marokkansk design | Tibladin","og_description":"Flot bord med st\u00e5l-stel og en bordplade i genbrugstr\u00e6 fra Marrokanske d\u00f8re. Kan let tils\u00e6ttes din indretning og giver et rustikt udtryk.","og_url":"https:\/\/tibladin.dk\/sv\/produkt\/trabord-i-graablaa-moule\/","og_site_name":"Tibladin","article_modified_time":"2024-12-09T13:29:35+00:00","og_image":[{"width":800,"height":800,"url":"https:\/\/tibladin.dk\/wp-content\/uploads\/2022\/09\/traeborde-samlet-LS-1.jpg","type":"image\/jpeg"}],"twitter_card":"summary_large_image","twitter_misc":{"Ber\u00e4knad l\u00e4stid":"2 minuter"},"schema":{"@context":"https:\/\/schema.org","@graph":[{"@type":"WebPage","@id":"https:\/\/tibladin.dk\/produkt\/traeborde-i-graa-blaa-moule\/","url":"https:\/\/tibladin.dk\/produkt\/traeborde-i-graa-blaa-moule\/","name":"Tr\u00e4bord av \u00e5tervunnet tr\u00e4 | Unik marockansk design | Tibladin","isPartOf":{"@id":"https:\/\/tibladin.dk\/#website"},"primaryImageOfPage":{"@id":"https:\/\/tibladin.dk\/produkt\/traeborde-i-graa-blaa-moule\/#primaryimage"},"image":{"@id":"https:\/\/tibladin.dk\/produkt\/traeborde-i-graa-blaa-moule\/#primaryimage"},"thumbnailUrl":"https:\/\/tibladin.dk\/wp-content\/uploads\/2022\/09\/traeborde-samlet-LS-1.jpg","datePublished":"2022-09-20T09:14:39+00:00","dateModified":"2024-12-09T13:29:35+00:00","description":"Snyggt bord med st\u00e5lstomme och en bordsskiva i \u00e5tervunnet tr\u00e4 fr\u00e5n marockanska d\u00f6rrar. Kan enkelt l\u00e4ggas till din inredning och ger ett rustikt utseende.","breadcrumb":{"@id":"https:\/\/tibladin.dk\/produkt\/traeborde-i-graa-blaa-moule\/#breadcrumb"},"inLanguage":"sv-SE","potentialAction":[{"@type":"ReadAction","target":["https:\/\/tibladin.dk\/produkt\/traeborde-i-graa-blaa-moule\/"]}]},{"@type":"ImageObject","inLanguage":"sv-SE","@id":"https:\/\/tibladin.dk\/produkt\/traeborde-i-graa-blaa-moule\/#primaryimage","url":"https:\/\/tibladin.dk\/wp-content\/uploads\/2022\/09\/traeborde-samlet-LS-1.jpg","contentUrl":"https:\/\/tibladin.dk\/wp-content\/uploads\/2022\/09\/traeborde-samlet-LS-1.jpg","width":800,"height":800,"caption":"Marokkanske h\u00e5ndlavede tr\u00e6border i large, medium og small, st\u00e5ende ved siden af hinanden, med dekorationer p\u00e5, ved siden af en s\u00e6kkestol"},{"@type":"BreadcrumbList","@id":"https:\/\/tibladin.dk\/produkt\/traeborde-i-graa-blaa-moule\/#breadcrumb","itemListElement":[{"@type":"ListItem","position":1,"name":"Hjem","item":"https:\/\/tibladin.dk\/"},{"@type":"ListItem","position":2,"name":"Shop","item":"https:\/\/tibladin.dk\/shop\/"},{"@type":"ListItem","position":3,"name":"Tr\u00e6borde i gr\u00e5\/bl\u00e5 MOULE"}]},{"@type":"WebSite","@id":"https:\/\/tibladin.dk\/#website","url":"https:\/\/tibladin.dk\/","name":"Tibladin","description":"Tibladin","publisher":{"@id":"https:\/\/tibladin.dk\/#organization"},"potentialAction":[{"@type":"SearchAction","target":{"@type":"EntryPoint","urlTemplate":"https:\/\/tibladin.dk\/?s={search_term_string}"},"query-input":{"@type":"PropertyValueSpecification","valueRequired":true,"valueName":"search_term_string"}}],"inLanguage":"sv-SE"},{"@type":"Organization","@id":"https:\/\/tibladin.dk\/#organization","name":"Tibladin","url":"https:\/\/tibladin.dk\/","logo":{"@type":"ImageObject","inLanguage":"sv-SE","@id":"https:\/\/tibladin.dk\/#\/schema\/logo\/image\/","url":"https:\/\/tibladin.dk\/wp-content\/uploads\/2022\/09\/tibladin_logo.svg","contentUrl":"https:\/\/tibladin.dk\/wp-content\/uploads\/2022\/09\/tibladin_logo.svg","caption":"Tibladin"},"image":{"@id":"https:\/\/tibladin.dk\/#\/schema\/logo\/image\/"}}]}},"_links":{"self":[{"href":"https:\/\/tibladin.dk\/sv\/wp-json\/wp\/v2\/product\/2237","targetHints":{"allow":["GET"]}}],"collection":[{"href":"https:\/\/tibladin.dk\/sv\/wp-json\/wp\/v2\/product"}],"about":[{"href":"https:\/\/tibladin.dk\/sv\/wp-json\/wp\/v2\/types\/product"}],"wp:featuredmedia":[{"embeddable":true,"href":"https:\/\/tibladin.dk\/sv\/wp-json\/wp\/v2\/media\/2308"}],"wp:attachment":[{"href":"https:\/\/tibladin.dk\/sv\/wp-json\/wp\/v2\/media?parent=2237"}],"wp:term":[{"taxonomy":"product_brand","embeddable":true,"href":"https:\/\/tibladin.dk\/sv\/wp-json\/wp\/v2\/product_brand?post=2237"},{"taxonomy":"product_cat","embeddable":true,"href":"https:\/\/tibladin.dk\/sv\/wp-json\/wp\/v2\/product_cat?post=2237"},{"taxonomy":"product_tag","embeddable":true,"href":"https:\/\/tibladin.dk\/sv\/wp-json\/wp\/v2\/product_tag?post=2237"}],"curies":[{"name":"wp","href":"https:\/\/api.w.org\/{rel}","templated":true}]}}