{"id":2375,"date":"2022-09-20T11:15:47","date_gmt":"2022-09-20T09:15:47","guid":{"rendered":"https:\/\/tibladin.dk\/?post_type=product&#038;p=2375"},"modified":"2025-05-03T18:43:46","modified_gmt":"2025-05-03T16:43:46","slug":"klanning-storlek-s-flera-monster","status":"publish","type":"product","link":"https:\/\/tibladin.dk\/sv\/produkt\/kjole-str-s-flere-designs\/","title":{"rendered":"Kl\u00e4nning storlek S (flera utf\u00f6randen)"},"content":{"rendered":"<div class=\"wpb-content-wrapper\"><div class=\"vc_row wpb_row vc_row-fluid\"><div class=\"wpb_column vc_column_container vc_col-sm-4\"><div class=\"vc_column-inner\"><div class=\"wpb_wrapper\"><\/div><\/div><\/div><div class=\"wpb_column vc_column_container vc_col-sm-4\"><div class=\"vc_column-inner\"><div class=\"wpb_wrapper\"><h3 style=\"text-align: left\" class=\"vc_custom_heading vc_do_custom_heading\" >Underh\u00e5ll<\/h3>\n\t<div class=\"wpb_text_column wpb_content_element\" >\n\t\t<div class=\"wpb_wrapper\">\n\t\t\t<p>Kl\u00e4nningarna \u00e4r gjorda av 100% bomull och kan d\u00e4rf\u00f6r tv\u00e4ttas i maskin i upp till 40 grader. Vi rekommenderar \u00e4ven att \u00e5nga\/stryka kl\u00e4nningarna f\u00f6r att undvika veck och veck.<\/p>\n\n\t\t<\/div>\n\t<\/div>\n<\/div><\/div><\/div><div class=\"wpb_column vc_column_container vc_col-sm-4\"><div class=\"vc_column-inner\"><div class=\"wpb_wrapper\"><h3 style=\"text-align: left\" class=\"vc_custom_heading vc_do_custom_heading\" >Historien bakom<\/h3>\n\t<div class=\"wpb_text_column wpb_content_element\" >\n\t\t<div class=\"wpb_wrapper\">\n\t\t\t<p>Dessa vackra marockanska kl\u00e4nningar \u00e4r handsydda i 100% bomull och utstr\u00e5lar liv och f\u00e4rg. Kl\u00e4nningarna \u00e4r gjorda i samarbete med en designer och skr\u00e4ddare i Marrakech och tillsammans har vi noga valt ut f\u00e4rger, material och m\u00f6nster f\u00f6r varje kl\u00e4nning. D\u00e4rf\u00f6r \u00e4r de ocks\u00e5 helt unika \u2013 det finns bara en av varje och dessa designs kan inte hittas n\u00e5gon annanstans. Passformen p\u00e5 de vackra kl\u00e4nningarna \u00e4r l\u00f6s och bekv\u00e4m, men samtidigt smickrande och l\u00e4cker. Kl\u00e4nningen kan anv\u00e4ndas b\u00e5de hemma, p\u00e5 kontoret och f\u00f6r en tur till stranden eller terrassen en varm sommardag.<\/p>\n<p>Kl\u00e4nningarna i Str. S kommer i tre olika vackra utf\u00f6randen.<\/p>\n\n\t\t<\/div>\n\t<\/div>\n<\/div><\/div><\/div><\/div>\n<\/div>","protected":false},"excerpt":{"rendered":"<p class=\"p1\">Vacker handsydd kl\u00e4nning i 100% bomull. Kl\u00e4nningarna \u00e4r gjorda i samarbete med en designer och skr\u00e4ddare i Marrakech, och varje individuell design \u00e4r djupt unik. Det finns endast 1 kl\u00e4nning i varje design.Kl\u00e4nningarna kommer i en m\u00e4ngd vackra m\u00f6nster och f\u00e4rger och deras passform \u00e4r l\u00f6s, bekv\u00e4m och smickrande. Kl\u00e4nningarna har en fin slits p\u00e5 varje sida. Perfekt f\u00f6r b\u00e5de vardag och strandutflykt. Kl\u00e4nningarna i kategori S passar de flesta fr\u00e5n XS till S och M.<\/p>\n<p>Kl\u00e4nningarna i Str. S kommer i tre olika utf\u00f6randen som m\u00e4ter f\u00f6ljande:<\/p>\n<p>Marrakech: | Axel: 41 cm | Midja: 57 cm | L\u00e4ngd: 132 cm | \u00c4rml\u00e4ngd: 36 cm\u00a0<em>|\u00a0<\/em>Slits: 27 cm |<\/p>\n<p>Royal Stripe: | Axel: 40 cm | Midja: 56 cm | L\u00e4ngd: 134 cm | \u00c4rml\u00e4ngd: 33 cm | Slits: 32 cm | Halsringning: 20 cm |<\/p>\n<p>Fruktig: | Axel: 42 cm | Midja: 60 cm | L\u00e4ngd: 133 | \u00c4rml\u00e4ngd: 32 cm | Slits: 32 cm | Halsringning: 17 cm |<\/p>\n<p>&nbsp;<\/p>\n<p>&nbsp;<\/p>\n<p>&nbsp;<\/p>","protected":false},"featured_media":2444,"template":"","meta":{"inline_featured_image":false},"product_brand":[],"product_cat":[27,109],"product_tag":[],"class_list":{"0":"post-2375","1":"product","2":"type-product","3":"status-publish","4":"has-post-thumbnail","6":"product_cat-diverse","7":"product_cat-kjoler","9":"first","10":"instock","11":"taxable","12":"shipping-taxable","13":"purchasable","14":"product-type-variable"},"exclude_global_add_ons":false,"addons":[{"name":"Vill du ha presentinslagning?","type":"checkbox","position":0,"required":false,"title_format":"label","default":"","description_enable":false,"description":"","placeholder_enable":false,"placeholder":"","display":"images","restrictions_type":"any_text","adjust_price":false,"price":"","price_type":"flat_fee","restrictions":false,"min":"0","max":"0","options":[{"label":"Ja tak","price":"10","price_type":"flat_fee","image":11015,"visibility":true}],"id":1669646111}],"yoast_head":"<!-- This site is optimized with the Yoast SEO plugin v27.5 - https:\/\/yoast.com\/product\/yoast-seo-wordpress\/ -->\n<title>H\u00e5ndsyet Marrokansk kjole | Unikt design | Tibladin |<\/title>\n<meta name=\"description\" content=\"Smukke h\u00e5ndsyede kjoler i 100% bomuld. Udviklet i samarbejde med designer og skr\u00e6dder i Marrakech. Unikke og farvestr\u00e5lende.\" \/>\n<meta name=\"robots\" content=\"index, follow, max-snippet:-1, max-image-preview:large, max-video-preview:-1\" \/>\n<link rel=\"canonical\" href=\"https:\/\/tibladin.dk\/sv\/produkt\/klanning-storlek-s-flera-monster\/\" \/>\n<meta property=\"og:locale\" content=\"sv_SE\" \/>\n<meta property=\"og:type\" content=\"article\" \/>\n<meta property=\"og:title\" content=\"H\u00e5ndsyet Marrokansk kjole | Unikt design | Tibladin |\" \/>\n<meta property=\"og:description\" content=\"Smukke h\u00e5ndsyede kjoler i 100% bomuld. Udviklet i samarbejde med designer og skr\u00e6dder i Marrakech. Unikke og farvestr\u00e5lende.\" \/>\n<meta property=\"og:url\" content=\"https:\/\/tibladin.dk\/sv\/produkt\/klanning-storlek-s-flera-monster\/\" \/>\n<meta property=\"og:site_name\" content=\"Tibladin\" \/>\n<meta property=\"article:modified_time\" content=\"2025-05-03T16:43:46+00:00\" \/>\n<meta property=\"og:image\" content=\"https:\/\/tibladin.dk\/wp-content\/uploads\/2022\/09\/Tibladin_marrakech-kjole_S-1.jpg\" \/>\n\t<meta property=\"og:image:width\" content=\"800\" \/>\n\t<meta property=\"og:image:height\" content=\"800\" \/>\n\t<meta property=\"og:image:type\" content=\"image\/jpeg\" \/>\n<meta name=\"twitter:card\" content=\"summary_large_image\" \/>\n<meta name=\"twitter:label1\" content=\"Ber\u00e4knad l\u00e4stid\" \/>\n\t<meta name=\"twitter:data1\" content=\"2 minuter\" \/>\n<script type=\"application\/ld+json\" class=\"yoast-schema-graph\">{\"@context\":\"https:\\\/\\\/schema.org\",\"@graph\":[{\"@type\":\"WebPage\",\"@id\":\"https:\\\/\\\/tibladin.dk\\\/produkt\\\/kjole-str-s-flere-designs\\\/\",\"url\":\"https:\\\/\\\/tibladin.dk\\\/produkt\\\/kjole-str-s-flere-designs\\\/\",\"name\":\"H\u00e5ndsyet Marrokansk kjole | Unikt design | Tibladin |\",\"isPartOf\":{\"@id\":\"https:\\\/\\\/tibladin.dk\\\/#website\"},\"primaryImageOfPage\":{\"@id\":\"https:\\\/\\\/tibladin.dk\\\/produkt\\\/kjole-str-s-flere-designs\\\/#primaryimage\"},\"image\":{\"@id\":\"https:\\\/\\\/tibladin.dk\\\/produkt\\\/kjole-str-s-flere-designs\\\/#primaryimage\"},\"thumbnailUrl\":\"https:\\\/\\\/tibladin.dk\\\/wp-content\\\/uploads\\\/2022\\\/09\\\/Tibladin_marrakech-kjole_S-1.jpg\",\"datePublished\":\"2022-09-20T09:15:47+00:00\",\"dateModified\":\"2025-05-03T16:43:46+00:00\",\"description\":\"Smukke h\u00e5ndsyede kjoler i 100% bomuld. Udviklet i samarbejde med designer og skr\u00e6dder i Marrakech. Unikke og farvestr\u00e5lende.\",\"breadcrumb\":{\"@id\":\"https:\\\/\\\/tibladin.dk\\\/produkt\\\/kjole-str-s-flere-designs\\\/#breadcrumb\"},\"inLanguage\":\"sv-SE\",\"potentialAction\":[{\"@type\":\"ReadAction\",\"target\":[\"https:\\\/\\\/tibladin.dk\\\/produkt\\\/kjole-str-s-flere-designs\\\/\"]}]},{\"@type\":\"ImageObject\",\"inLanguage\":\"sv-SE\",\"@id\":\"https:\\\/\\\/tibladin.dk\\\/produkt\\\/kjole-str-s-flere-designs\\\/#primaryimage\",\"url\":\"https:\\\/\\\/tibladin.dk\\\/wp-content\\\/uploads\\\/2022\\\/09\\\/Tibladin_marrakech-kjole_S-1.jpg\",\"contentUrl\":\"https:\\\/\\\/tibladin.dk\\\/wp-content\\\/uploads\\\/2022\\\/09\\\/Tibladin_marrakech-kjole_S-1.jpg\",\"width\":800,\"height\":800,\"caption\":\"Model i marokkansk h\u00e5ndv\u00e6vet kjole i r\u00f8d med Marrackech m\u00f8nster\"},{\"@type\":\"BreadcrumbList\",\"@id\":\"https:\\\/\\\/tibladin.dk\\\/produkt\\\/kjole-str-s-flere-designs\\\/#breadcrumb\",\"itemListElement\":[{\"@type\":\"ListItem\",\"position\":1,\"name\":\"Hjem\",\"item\":\"https:\\\/\\\/tibladin.dk\\\/\"},{\"@type\":\"ListItem\",\"position\":2,\"name\":\"Shop\",\"item\":\"https:\\\/\\\/tibladin.dk\\\/shop\\\/\"},{\"@type\":\"ListItem\",\"position\":3,\"name\":\"Kjole str. S (flere designs)\"}]},{\"@type\":\"WebSite\",\"@id\":\"https:\\\/\\\/tibladin.dk\\\/#website\",\"url\":\"https:\\\/\\\/tibladin.dk\\\/\",\"name\":\"Tibladin\",\"description\":\"Tibladin\",\"publisher\":{\"@id\":\"https:\\\/\\\/tibladin.dk\\\/#organization\"},\"potentialAction\":[{\"@type\":\"SearchAction\",\"target\":{\"@type\":\"EntryPoint\",\"urlTemplate\":\"https:\\\/\\\/tibladin.dk\\\/?s={search_term_string}\"},\"query-input\":{\"@type\":\"PropertyValueSpecification\",\"valueRequired\":true,\"valueName\":\"search_term_string\"}}],\"inLanguage\":\"sv-SE\"},{\"@type\":\"Organization\",\"@id\":\"https:\\\/\\\/tibladin.dk\\\/#organization\",\"name\":\"Tibladin\",\"url\":\"https:\\\/\\\/tibladin.dk\\\/\",\"logo\":{\"@type\":\"ImageObject\",\"inLanguage\":\"sv-SE\",\"@id\":\"https:\\\/\\\/tibladin.dk\\\/#\\\/schema\\\/logo\\\/image\\\/\",\"url\":\"https:\\\/\\\/tibladin.dk\\\/wp-content\\\/uploads\\\/2022\\\/09\\\/tibladin_logo.svg\",\"contentUrl\":\"https:\\\/\\\/tibladin.dk\\\/wp-content\\\/uploads\\\/2022\\\/09\\\/tibladin_logo.svg\",\"caption\":\"Tibladin\"},\"image\":{\"@id\":\"https:\\\/\\\/tibladin.dk\\\/#\\\/schema\\\/logo\\\/image\\\/\"}}]}<\/script>\n<!-- \/ Yoast SEO plugin. -->","yoast_head_json":{"title":"Handsydd marockansk kl\u00e4nning | Unik design | Tibladin |","description":"Vackra handsydda kl\u00e4nningar i 100% bomull. Utvecklad i samarbete med designer och skr\u00e4ddare i Marrakech. Unik och f\u00e4rgglada.","robots":{"index":"index","follow":"follow","max-snippet":"max-snippet:-1","max-image-preview":"max-image-preview:large","max-video-preview":"max-video-preview:-1"},"canonical":"https:\/\/tibladin.dk\/sv\/produkt\/klanning-storlek-s-flera-monster\/","og_locale":"sv_SE","og_type":"article","og_title":"H\u00e5ndsyet Marrokansk kjole | Unikt design | Tibladin |","og_description":"Smukke h\u00e5ndsyede kjoler i 100% bomuld. Udviklet i samarbejde med designer og skr\u00e6dder i Marrakech. Unikke og farvestr\u00e5lende.","og_url":"https:\/\/tibladin.dk\/sv\/produkt\/klanning-storlek-s-flera-monster\/","og_site_name":"Tibladin","article_modified_time":"2025-05-03T16:43:46+00:00","og_image":[{"width":800,"height":800,"url":"https:\/\/tibladin.dk\/wp-content\/uploads\/2022\/09\/Tibladin_marrakech-kjole_S-1.jpg","type":"image\/jpeg"}],"twitter_card":"summary_large_image","twitter_misc":{"Ber\u00e4knad l\u00e4stid":"2 minuter"},"schema":{"@context":"https:\/\/schema.org","@graph":[{"@type":"WebPage","@id":"https:\/\/tibladin.dk\/produkt\/kjole-str-s-flere-designs\/","url":"https:\/\/tibladin.dk\/produkt\/kjole-str-s-flere-designs\/","name":"Handsydd marockansk kl\u00e4nning | Unik design | Tibladin |","isPartOf":{"@id":"https:\/\/tibladin.dk\/#website"},"primaryImageOfPage":{"@id":"https:\/\/tibladin.dk\/produkt\/kjole-str-s-flere-designs\/#primaryimage"},"image":{"@id":"https:\/\/tibladin.dk\/produkt\/kjole-str-s-flere-designs\/#primaryimage"},"thumbnailUrl":"https:\/\/tibladin.dk\/wp-content\/uploads\/2022\/09\/Tibladin_marrakech-kjole_S-1.jpg","datePublished":"2022-09-20T09:15:47+00:00","dateModified":"2025-05-03T16:43:46+00:00","description":"Vackra handsydda kl\u00e4nningar i 100% bomull. Utvecklad i samarbete med designer och skr\u00e4ddare i Marrakech. Unik och f\u00e4rgglada.","breadcrumb":{"@id":"https:\/\/tibladin.dk\/produkt\/kjole-str-s-flere-designs\/#breadcrumb"},"inLanguage":"sv-SE","potentialAction":[{"@type":"ReadAction","target":["https:\/\/tibladin.dk\/produkt\/kjole-str-s-flere-designs\/"]}]},{"@type":"ImageObject","inLanguage":"sv-SE","@id":"https:\/\/tibladin.dk\/produkt\/kjole-str-s-flere-designs\/#primaryimage","url":"https:\/\/tibladin.dk\/wp-content\/uploads\/2022\/09\/Tibladin_marrakech-kjole_S-1.jpg","contentUrl":"https:\/\/tibladin.dk\/wp-content\/uploads\/2022\/09\/Tibladin_marrakech-kjole_S-1.jpg","width":800,"height":800,"caption":"Model i marokkansk h\u00e5ndv\u00e6vet kjole i r\u00f8d med Marrackech m\u00f8nster"},{"@type":"BreadcrumbList","@id":"https:\/\/tibladin.dk\/produkt\/kjole-str-s-flere-designs\/#breadcrumb","itemListElement":[{"@type":"ListItem","position":1,"name":"Hjem","item":"https:\/\/tibladin.dk\/"},{"@type":"ListItem","position":2,"name":"Shop","item":"https:\/\/tibladin.dk\/shop\/"},{"@type":"ListItem","position":3,"name":"Kjole str. S (flere designs)"}]},{"@type":"WebSite","@id":"https:\/\/tibladin.dk\/#website","url":"https:\/\/tibladin.dk\/","name":"Tibladin","description":"Tibladin","publisher":{"@id":"https:\/\/tibladin.dk\/#organization"},"potentialAction":[{"@type":"SearchAction","target":{"@type":"EntryPoint","urlTemplate":"https:\/\/tibladin.dk\/?s={search_term_string}"},"query-input":{"@type":"PropertyValueSpecification","valueRequired":true,"valueName":"search_term_string"}}],"inLanguage":"sv-SE"},{"@type":"Organization","@id":"https:\/\/tibladin.dk\/#organization","name":"Tibladin","url":"https:\/\/tibladin.dk\/","logo":{"@type":"ImageObject","inLanguage":"sv-SE","@id":"https:\/\/tibladin.dk\/#\/schema\/logo\/image\/","url":"https:\/\/tibladin.dk\/wp-content\/uploads\/2022\/09\/tibladin_logo.svg","contentUrl":"https:\/\/tibladin.dk\/wp-content\/uploads\/2022\/09\/tibladin_logo.svg","caption":"Tibladin"},"image":{"@id":"https:\/\/tibladin.dk\/#\/schema\/logo\/image\/"}}]}},"_links":{"self":[{"href":"https:\/\/tibladin.dk\/sv\/wp-json\/wp\/v2\/product\/2375","targetHints":{"allow":["GET"]}}],"collection":[{"href":"https:\/\/tibladin.dk\/sv\/wp-json\/wp\/v2\/product"}],"about":[{"href":"https:\/\/tibladin.dk\/sv\/wp-json\/wp\/v2\/types\/product"}],"wp:featuredmedia":[{"embeddable":true,"href":"https:\/\/tibladin.dk\/sv\/wp-json\/wp\/v2\/media\/2444"}],"wp:attachment":[{"href":"https:\/\/tibladin.dk\/sv\/wp-json\/wp\/v2\/media?parent=2375"}],"wp:term":[{"taxonomy":"product_brand","embeddable":true,"href":"https:\/\/tibladin.dk\/sv\/wp-json\/wp\/v2\/product_brand?post=2375"},{"taxonomy":"product_cat","embeddable":true,"href":"https:\/\/tibladin.dk\/sv\/wp-json\/wp\/v2\/product_cat?post=2375"},{"taxonomy":"product_tag","embeddable":true,"href":"https:\/\/tibladin.dk\/sv\/wp-json\/wp\/v2\/product_tag?post=2375"}],"curies":[{"name":"wp","href":"https:\/\/api.w.org\/{rel}","templated":true}]}}