{"id":2467,"date":"2025-06-26T11:16:35","date_gmt":"2025-06-26T09:16:35","guid":{"rendered":"https:\/\/tibladin.dk\/?post_type=product&#038;p=2467"},"modified":"2026-04-25T12:13:33","modified_gmt":"2026-04-25T10:13:33","slug":"rutigt-bomullstyg-i-flera-farger","status":"publish","type":"product","link":"https:\/\/tibladin.dk\/sv\/produkt\/plaider-bomuld-flere-farver\/","title":{"rendered":"Bomullsfiltar i flera f\u00e4rger"},"content":{"rendered":"<div class=\"wpb-content-wrapper\"><div class=\"vc_row wpb_row vc_row-fluid\"><div class=\"wpb_column vc_column_container vc_col-sm-4\"><div class=\"vc_column-inner\"><div class=\"wpb_wrapper\"><\/div><\/div><\/div><div class=\"wpb_column vc_column_container vc_col-sm-4\"><div class=\"vc_column-inner\"><div class=\"wpb_wrapper\"><h3 style=\"text-align: left\" class=\"vc_custom_heading vc_do_custom_heading\" >Underh\u00e5ll<\/h3>\n\t<div class=\"wpb_text_column wpb_content_element\" >\n\t\t<div class=\"wpb_wrapper\">\n\t\t\t<p>Kan tv\u00e4ttas av <strong>40 grader<\/strong>, maskintv\u00e4tt.<\/p>\n\n\t\t<\/div>\n\t<\/div>\n<\/div><\/div><\/div><div class=\"wpb_column vc_column_container vc_col-sm-4\"><div class=\"vc_column-inner\"><div class=\"wpb_wrapper\"><h3 style=\"text-align: left\" class=\"vc_custom_heading vc_do_custom_heading\" >Historien bakom<\/h3>\n\t<div class=\"wpb_text_column wpb_content_element\" >\n\t\t<div class=\"wpb_wrapper\">\n\t\t\t<p>De vackraste och mjukaste marockanska pl\u00e4darna finns i olika f\u00e4rger. Alla v\u00e5ra pl\u00e4dar kommer fr\u00e5n ett samarbete med en lokal designer i Marrakech och \u00e4r unikt tillverkade f\u00f6r Tibladin.<\/p>\n<p>Pl\u00e4darna \u00e4r handv\u00e4vda i bomull, med de vackraste detaljerna i v\u00e4vningen och fina pompoms i b\u00e5da \u00e4ndar av pl\u00e4den. Detta g\u00f6r dem underbart mjuka och varma, samtidigt som de inte tar upp mycket plats, vilket g\u00f6r dem anv\u00e4ndbara p\u00e5 m\u00e5nga st\u00e4llen i hemmet.<\/p>\n<p>Under de varma sommarm\u00e5naderna kan de dekorera terrassen eller balkongen, d\u00e4r de kan anv\u00e4ndas till de ljumma kv\u00e4llarna, och n\u00e4r vi r\u00f6r oss inomhus kan de ligga redo i soffan, f\u00e5t\u00f6ljen eller som dekoration vid fot\u00e4ndan av din s\u00e4ng.<\/p>\n\n\t\t<\/div>\n\t<\/div>\n<\/div><\/div><\/div><\/div>\n<\/div>","protected":false},"excerpt":{"rendered":"<p data-start=\"0\" data-end=\"103\">Upplev den ultimata kombinationen av mysighet och hantverk med v\u00e5ra vackra handv\u00e4vda bomullsrutor! \ud83c\udf3f\u2728<\/p>\n<p data-start=\"105\" data-end=\"368\">Tillverkade av mjuk 100% bomull, finns dessa pl\u00e4dar i 6 varma, naturliga f\u00e4rger \u2013 fr\u00e5n klassisk gr\u00e5, str\u00e5lande vit och kr\u00e4mig beige, till gyllene ockra och en vacker skogsgr\u00f6n. Varje pl\u00e4d \u00e4r k\u00e4rleksfullt handv\u00e4vd och avslutad med dekorativa pompoms som ger en lekfull och elegant touch.<\/p>\n<p data-start=\"370\" data-end=\"593\">Perfekt f\u00f6r soffan, s\u00e4ngen, en strandtur eller en sval kv\u00e4ll p\u00e5 balkongen \u2013 dessa pl\u00e4dar ger b\u00e5de komfort och karakt\u00e4r till ditt hem. Med sina jordn\u00e4ra nyanser passar de in i vilken inredning som helst och kommer snabbt att bli en favorit i vardagen.<\/p>\n<p data-start=\"595\" data-end=\"715\">\ud83c\udf81 Ge bort dem som present, eller unna dig sj\u00e4lv \u2013 du f\u00f6rtj\u00e4nar det!<br data-start=\"657\" data-end=\"660\" \/>\ud83e\uddfa L\u00e4tt att tv\u00e4tta och h\u00e5ller sig fin tv\u00e4tt efter tv\u00e4tt.<\/p>\n<p data-start=\"717\" data-end=\"827\" data-is-last-node=\"\" data-is-only-node=\"\"><strong data-start=\"717\" data-end=\"749\">Hantverk. Komfort. Karakt\u00e4r.<\/strong><br data-start=\"749\" data-end=\"752\" \/>Hitta din favoritf\u00e4rg \u2013 eller blanda och matcha flera f\u00f6r ett personligt uttryck!<\/p>","protected":false},"featured_media":37450,"template":"","meta":{"inline_featured_image":false},"product_brand":[],"product_cat":[90,37],"product_tag":[],"class_list":{"0":"post-2467","1":"product","2":"type-product","3":"status-publish","4":"has-post-thumbnail","6":"product_cat-plaider","7":"product_cat-tekstiler","9":"first","10":"instock","11":"taxable","12":"shipping-taxable","13":"purchasable","14":"product-type-variable"},"exclude_global_add_ons":false,"addons":[{"name":"Vill du ha presentinslagning?","type":"checkbox","position":0,"required":false,"title_format":"label","default":"","description_enable":false,"description":"","placeholder_enable":false,"placeholder":"","display":"images","restrictions_type":"any_text","adjust_price":false,"price":"","price_type":"flat_fee","restrictions":false,"min":"0","max":"0","options":[{"label":"Ja tak","price":"10","price_type":"flat_fee","image":11015,"visibility":true}],"id":1669646111}],"yoast_head":"<!-- This site is optimized with the Yoast SEO plugin v27.4 - https:\/\/yoast.com\/product\/yoast-seo-wordpress\/ -->\n<title>Plaid i en l\u00e6kker bomuldsblanding | Marokkansk tekstil |\u00a0Tibladin<\/title>\n<meta name=\"description\" content=\"Marokkanske bomuldsplaider med smukke v\u00e6vninger. Tag plaiden med til stranden, pynt med den for fodenden af din seng eller i en stol.\" \/>\n<meta name=\"robots\" content=\"index, follow, max-snippet:-1, max-image-preview:large, max-video-preview:-1\" \/>\n<link rel=\"canonical\" href=\"https:\/\/tibladin.dk\/sv\/produkt\/rutigt-bomullstyg-i-flera-farger\/\" \/>\n<meta property=\"og:locale\" content=\"sv_SE\" \/>\n<meta property=\"og:type\" content=\"article\" \/>\n<meta property=\"og:title\" content=\"Plaid i en l\u00e6kker bomuldsblanding | Marokkansk tekstil |\u00a0Tibladin\" \/>\n<meta property=\"og:description\" content=\"Marokkanske bomuldsplaider med smukke v\u00e6vninger. Tag plaiden med til stranden, pynt med den for fodenden af din seng eller i en stol.\" \/>\n<meta property=\"og:url\" content=\"https:\/\/tibladin.dk\/sv\/produkt\/rutigt-bomullstyg-i-flera-farger\/\" \/>\n<meta property=\"og:site_name\" content=\"Tibladin\" \/>\n<meta property=\"article:modified_time\" content=\"2026-04-25T10:13:33+00:00\" \/>\n<meta property=\"og:image\" content=\"https:\/\/tibladin.dk\/wp-content\/uploads\/2025\/06\/Plaider_bomuld_flere-farver_2.jpeg\" \/>\n\t<meta property=\"og:image:width\" content=\"800\" \/>\n\t<meta property=\"og:image:height\" content=\"800\" \/>\n\t<meta property=\"og:image:type\" content=\"image\/jpeg\" \/>\n<meta name=\"twitter:card\" content=\"summary_large_image\" \/>\n<meta name=\"twitter:label1\" content=\"Ber\u00e4knad l\u00e4stid\" \/>\n\t<meta name=\"twitter:data1\" content=\"2 minuter\" \/>\n<script type=\"application\/ld+json\" class=\"yoast-schema-graph\">{\"@context\":\"https:\\\/\\\/schema.org\",\"@graph\":[{\"@type\":\"WebPage\",\"@id\":\"https:\\\/\\\/tibladin.dk\\\/produkt\\\/plaider-bomuld-flere-farver\\\/\",\"url\":\"https:\\\/\\\/tibladin.dk\\\/produkt\\\/plaider-bomuld-flere-farver\\\/\",\"name\":\"Plaid i en l\u00e6kker bomuldsblanding | Marokkansk tekstil |\u00a0Tibladin\",\"isPartOf\":{\"@id\":\"https:\\\/\\\/tibladin.dk\\\/#website\"},\"primaryImageOfPage\":{\"@id\":\"https:\\\/\\\/tibladin.dk\\\/produkt\\\/plaider-bomuld-flere-farver\\\/#primaryimage\"},\"image\":{\"@id\":\"https:\\\/\\\/tibladin.dk\\\/produkt\\\/plaider-bomuld-flere-farver\\\/#primaryimage\"},\"thumbnailUrl\":\"https:\\\/\\\/tibladin.dk\\\/wp-content\\\/uploads\\\/2025\\\/06\\\/Plaider_bomuld_flere-farver_2.jpeg\",\"datePublished\":\"2025-06-26T09:16:35+00:00\",\"dateModified\":\"2026-04-25T10:13:33+00:00\",\"description\":\"Marokkanske bomuldsplaider med smukke v\u00e6vninger. Tag plaiden med til stranden, pynt med den for fodenden af din seng eller i en stol.\",\"breadcrumb\":{\"@id\":\"https:\\\/\\\/tibladin.dk\\\/produkt\\\/plaider-bomuld-flere-farver\\\/#breadcrumb\"},\"inLanguage\":\"sv-SE\",\"potentialAction\":[{\"@type\":\"ReadAction\",\"target\":[\"https:\\\/\\\/tibladin.dk\\\/produkt\\\/plaider-bomuld-flere-farver\\\/\"]}]},{\"@type\":\"ImageObject\",\"inLanguage\":\"sv-SE\",\"@id\":\"https:\\\/\\\/tibladin.dk\\\/produkt\\\/plaider-bomuld-flere-farver\\\/#primaryimage\",\"url\":\"https:\\\/\\\/tibladin.dk\\\/wp-content\\\/uploads\\\/2025\\\/06\\\/Plaider_bomuld_flere-farver_2.jpeg\",\"contentUrl\":\"https:\\\/\\\/tibladin.dk\\\/wp-content\\\/uploads\\\/2025\\\/06\\\/Plaider_bomuld_flere-farver_2.jpeg\",\"width\":800,\"height\":800,\"caption\":\"Bomuldsplaid flere farver\"},{\"@type\":\"BreadcrumbList\",\"@id\":\"https:\\\/\\\/tibladin.dk\\\/produkt\\\/plaider-bomuld-flere-farver\\\/#breadcrumb\",\"itemListElement\":[{\"@type\":\"ListItem\",\"position\":1,\"name\":\"Hjem\",\"item\":\"https:\\\/\\\/tibladin.dk\\\/\"},{\"@type\":\"ListItem\",\"position\":2,\"name\":\"Shop\",\"item\":\"https:\\\/\\\/tibladin.dk\\\/shop\\\/\"},{\"@type\":\"ListItem\",\"position\":3,\"name\":\"Plaider bomuld flere farver\"}]},{\"@type\":\"WebSite\",\"@id\":\"https:\\\/\\\/tibladin.dk\\\/#website\",\"url\":\"https:\\\/\\\/tibladin.dk\\\/\",\"name\":\"Tibladin\",\"description\":\"Tibladin\",\"publisher\":{\"@id\":\"https:\\\/\\\/tibladin.dk\\\/#organization\"},\"potentialAction\":[{\"@type\":\"SearchAction\",\"target\":{\"@type\":\"EntryPoint\",\"urlTemplate\":\"https:\\\/\\\/tibladin.dk\\\/?s={search_term_string}\"},\"query-input\":{\"@type\":\"PropertyValueSpecification\",\"valueRequired\":true,\"valueName\":\"search_term_string\"}}],\"inLanguage\":\"sv-SE\"},{\"@type\":\"Organization\",\"@id\":\"https:\\\/\\\/tibladin.dk\\\/#organization\",\"name\":\"Tibladin\",\"url\":\"https:\\\/\\\/tibladin.dk\\\/\",\"logo\":{\"@type\":\"ImageObject\",\"inLanguage\":\"sv-SE\",\"@id\":\"https:\\\/\\\/tibladin.dk\\\/#\\\/schema\\\/logo\\\/image\\\/\",\"url\":\"https:\\\/\\\/tibladin.dk\\\/wp-content\\\/uploads\\\/2022\\\/09\\\/tibladin_logo.svg\",\"contentUrl\":\"https:\\\/\\\/tibladin.dk\\\/wp-content\\\/uploads\\\/2022\\\/09\\\/tibladin_logo.svg\",\"caption\":\"Tibladin\"},\"image\":{\"@id\":\"https:\\\/\\\/tibladin.dk\\\/#\\\/schema\\\/logo\\\/image\\\/\"}}]}<\/script>\n<!-- \/ Yoast SEO plugin. -->","yoast_head_json":{"title":"Pl\u00e4d i en l\u00e4cker bomullsblandning | Marockansk textil | Tibladin","description":"Marockanska bomullspl\u00e4dar med vackra v\u00e4var. Ta med pl\u00e4den till stranden, dekorera den vid fot\u00e4ndan av din s\u00e4ng eller p\u00e5 en stol.","robots":{"index":"index","follow":"follow","max-snippet":"max-snippet:-1","max-image-preview":"max-image-preview:large","max-video-preview":"max-video-preview:-1"},"canonical":"https:\/\/tibladin.dk\/sv\/produkt\/rutigt-bomullstyg-i-flera-farger\/","og_locale":"sv_SE","og_type":"article","og_title":"Plaid i en l\u00e6kker bomuldsblanding | Marokkansk tekstil |\u00a0Tibladin","og_description":"Marokkanske bomuldsplaider med smukke v\u00e6vninger. Tag plaiden med til stranden, pynt med den for fodenden af din seng eller i en stol.","og_url":"https:\/\/tibladin.dk\/sv\/produkt\/rutigt-bomullstyg-i-flera-farger\/","og_site_name":"Tibladin","article_modified_time":"2026-04-25T10:13:33+00:00","og_image":[{"width":800,"height":800,"url":"https:\/\/tibladin.dk\/wp-content\/uploads\/2025\/06\/Plaider_bomuld_flere-farver_2.jpeg","type":"image\/jpeg"}],"twitter_card":"summary_large_image","twitter_misc":{"Ber\u00e4knad l\u00e4stid":"2 minuter"},"schema":{"@context":"https:\/\/schema.org","@graph":[{"@type":"WebPage","@id":"https:\/\/tibladin.dk\/produkt\/plaider-bomuld-flere-farver\/","url":"https:\/\/tibladin.dk\/produkt\/plaider-bomuld-flere-farver\/","name":"Pl\u00e4d i en l\u00e4cker bomullsblandning | Marockansk textil | Tibladin","isPartOf":{"@id":"https:\/\/tibladin.dk\/#website"},"primaryImageOfPage":{"@id":"https:\/\/tibladin.dk\/produkt\/plaider-bomuld-flere-farver\/#primaryimage"},"image":{"@id":"https:\/\/tibladin.dk\/produkt\/plaider-bomuld-flere-farver\/#primaryimage"},"thumbnailUrl":"https:\/\/tibladin.dk\/wp-content\/uploads\/2025\/06\/Plaider_bomuld_flere-farver_2.jpeg","datePublished":"2025-06-26T09:16:35+00:00","dateModified":"2026-04-25T10:13:33+00:00","description":"Marockanska bomullspl\u00e4dar med vackra v\u00e4var. Ta med pl\u00e4den till stranden, dekorera den vid fot\u00e4ndan av din s\u00e4ng eller p\u00e5 en stol.","breadcrumb":{"@id":"https:\/\/tibladin.dk\/produkt\/plaider-bomuld-flere-farver\/#breadcrumb"},"inLanguage":"sv-SE","potentialAction":[{"@type":"ReadAction","target":["https:\/\/tibladin.dk\/produkt\/plaider-bomuld-flere-farver\/"]}]},{"@type":"ImageObject","inLanguage":"sv-SE","@id":"https:\/\/tibladin.dk\/produkt\/plaider-bomuld-flere-farver\/#primaryimage","url":"https:\/\/tibladin.dk\/wp-content\/uploads\/2025\/06\/Plaider_bomuld_flere-farver_2.jpeg","contentUrl":"https:\/\/tibladin.dk\/wp-content\/uploads\/2025\/06\/Plaider_bomuld_flere-farver_2.jpeg","width":800,"height":800,"caption":"Bomuldsplaid flere farver"},{"@type":"BreadcrumbList","@id":"https:\/\/tibladin.dk\/produkt\/plaider-bomuld-flere-farver\/#breadcrumb","itemListElement":[{"@type":"ListItem","position":1,"name":"Hjem","item":"https:\/\/tibladin.dk\/"},{"@type":"ListItem","position":2,"name":"Shop","item":"https:\/\/tibladin.dk\/shop\/"},{"@type":"ListItem","position":3,"name":"Plaider bomuld flere farver"}]},{"@type":"WebSite","@id":"https:\/\/tibladin.dk\/#website","url":"https:\/\/tibladin.dk\/","name":"Tibladin","description":"Tibladin","publisher":{"@id":"https:\/\/tibladin.dk\/#organization"},"potentialAction":[{"@type":"SearchAction","target":{"@type":"EntryPoint","urlTemplate":"https:\/\/tibladin.dk\/?s={search_term_string}"},"query-input":{"@type":"PropertyValueSpecification","valueRequired":true,"valueName":"search_term_string"}}],"inLanguage":"sv-SE"},{"@type":"Organization","@id":"https:\/\/tibladin.dk\/#organization","name":"Tibladin","url":"https:\/\/tibladin.dk\/","logo":{"@type":"ImageObject","inLanguage":"sv-SE","@id":"https:\/\/tibladin.dk\/#\/schema\/logo\/image\/","url":"https:\/\/tibladin.dk\/wp-content\/uploads\/2022\/09\/tibladin_logo.svg","contentUrl":"https:\/\/tibladin.dk\/wp-content\/uploads\/2022\/09\/tibladin_logo.svg","caption":"Tibladin"},"image":{"@id":"https:\/\/tibladin.dk\/#\/schema\/logo\/image\/"}}]}},"_links":{"self":[{"href":"https:\/\/tibladin.dk\/sv\/wp-json\/wp\/v2\/product\/2467","targetHints":{"allow":["GET"]}}],"collection":[{"href":"https:\/\/tibladin.dk\/sv\/wp-json\/wp\/v2\/product"}],"about":[{"href":"https:\/\/tibladin.dk\/sv\/wp-json\/wp\/v2\/types\/product"}],"wp:featuredmedia":[{"embeddable":true,"href":"https:\/\/tibladin.dk\/sv\/wp-json\/wp\/v2\/media\/37450"}],"wp:attachment":[{"href":"https:\/\/tibladin.dk\/sv\/wp-json\/wp\/v2\/media?parent=2467"}],"wp:term":[{"taxonomy":"product_brand","embeddable":true,"href":"https:\/\/tibladin.dk\/sv\/wp-json\/wp\/v2\/product_brand?post=2467"},{"taxonomy":"product_cat","embeddable":true,"href":"https:\/\/tibladin.dk\/sv\/wp-json\/wp\/v2\/product_cat?post=2467"},{"taxonomy":"product_tag","embeddable":true,"href":"https:\/\/tibladin.dk\/sv\/wp-json\/wp\/v2\/product_tag?post=2467"}],"curies":[{"name":"wp","href":"https:\/\/api.w.org\/{rel}","templated":true}]}}