{"id":2486,"date":"2022-09-20T11:16:43","date_gmt":"2022-09-20T09:16:43","guid":{"rendered":"https:\/\/tibladin.dk\/vare\/antikt-bakkebord-i-aluminium\/"},"modified":"2024-12-09T14:25:59","modified_gmt":"2024-12-09T13:25:59","slug":"antikt-brickbord-i-aluminium","status":"publish","type":"product","link":"https:\/\/tibladin.dk\/sv\/produkt\/antikt-bakkebord-i-aluminium\/","title":{"rendered":"Antikt brickbord i aluminium"},"content":{"rendered":"<div class=\"wpb-content-wrapper\"><div class=\"vc_row wpb_row vc_row-fluid\"><div class=\"wpb_column vc_column_container vc_col-sm-4\"><div class=\"vc_column-inner\"><div class=\"wpb_wrapper\"><\/div><\/div><\/div><div class=\"wpb_column vc_column_container vc_col-sm-4\"><div class=\"vc_column-inner\"><div class=\"wpb_wrapper\"><h3 style=\"text-align: left\" class=\"vc_custom_heading vc_do_custom_heading\" >Underh\u00e5ll<\/h3>\n\t<div class=\"wpb_text_column wpb_content_element\" >\n\t\t<div class=\"wpb_wrapper\">\n\t\t\t<p>Brickbordet kan enkelt torkas av med en fuktig trasa. Eftersom bordet \u00e4r antikt kan sm\u00e5 brister f\u00f6rekomma, men detta \u00e4r bara en del av den antika charmen.<\/p>\n\n\t\t<\/div>\n\t<\/div>\n<\/div><\/div><\/div><div class=\"wpb_column vc_column_container vc_col-sm-4\"><div class=\"vc_column-inner\"><div class=\"wpb_wrapper\"><h3 style=\"text-align: left\" class=\"vc_custom_heading vc_do_custom_heading\" >Historien bakom<\/h3>\n\t<div class=\"wpb_text_column wpb_content_element\" >\n\t\t<div class=\"wpb_wrapper\">\n\t\t\t<p>Detta vackra antika marockanska brickbord i aluminium \u00e4r v\u00e4ldigt speciellt. Bordet har en skiva med ett snyggt unikt m\u00f6nster och ben i svart metall. Det handsnidade m\u00f6nstret i geometriska former och med delikata blommotiv ger bordet en sp\u00e4nnande look som g\u00f6r det b\u00e5de elegant, exotiskt och rustikt. Brickbordet hittade jag hos en antikhandlare i Marrakech, s\u00e5 det har en l\u00e5ng och intressant historia bakom sig.<\/p>\n<p>Brickbordet \u00e4r ett fint tillskott till hemmet. Det kan st\u00e5 ensamt som soffbord eller sidobord, men kan \u00e4ven anv\u00e4ndas som serveringsbord eller matbord. Du kan skapa en autentisk marockansk atmosf\u00e4r genom att \u00e4ven anv\u00e4nda brickan som serveringsbricka eller matbord. D\u00e5 kan du samlas med familj och v\u00e4nner p\u00e5 kuddar och filtar runt brickbord och k\u00e4nna riadst\u00e4mningen sprida sig.<\/p>\n\n\t\t<\/div>\n\t<\/div>\n<\/div><\/div><\/div><\/div>\n<\/div>","protected":false},"excerpt":{"rendered":"<p>Vackert antikt brickbord i aluminium med mock cut m\u00f6nster och ben i svartm\u00e5lad metall. Brickbordet hittades hos en antikhandlare i Marrakech och \u00e4r d\u00e4rf\u00f6r helt unikt. Det vackra m\u00f6nstret skuret i brickan ger bordet en elegant men samtidigt rustik look. Brickbordet ser bra ut b\u00e5de som soffbord, sidobord eller serverings- och matbord. Passar perfekt in i den skandinaviska inredningen d\u00e5 den \u00e4r elegant, rustik och stilren p\u00e5 samma g\u00e5ng.<\/p>\n<p>| Diameter: 86 cm | H\u00f6jd: 46 cm |<\/p>\n<p>&nbsp;<\/p>","protected":false},"featured_media":2480,"template":"","meta":{"inline_featured_image":false},"product_brand":[],"product_cat":[82,39],"product_tag":[],"class_list":{"0":"post-2486","1":"product","2":"type-product","3":"status-publish","4":"has-post-thumbnail","6":"product_cat-borde","7":"product_cat-moebler","9":"first","10":"instock","11":"taxable","12":"shipping-taxable","13":"purchasable","14":"product-type-simple"},"exclude_global_add_ons":[],"addons":[],"yoast_head":"<!-- This site is optimized with the Yoast SEO plugin v27.4 - https:\/\/yoast.com\/product\/yoast-seo-wordpress\/ -->\n<title>Bakkebord fra Marrakech | Antik vare | Tibladin<\/title>\n<meta name=\"description\" content=\"Smukt og unikt bakkebord fra Marokko. Fundet hos antikhandler i Marrakech. H\u00e5nsk\u00e5ret m\u00f8nster, der tilf\u00f8jer et elegant og et rustikt udtryk.\" \/>\n<meta name=\"robots\" content=\"index, follow, max-snippet:-1, max-image-preview:large, max-video-preview:-1\" \/>\n<link rel=\"canonical\" href=\"https:\/\/tibladin.dk\/sv\/produkt\/antikt-brickbord-i-aluminium\/\" \/>\n<meta property=\"og:locale\" content=\"sv_SE\" \/>\n<meta property=\"og:type\" content=\"article\" \/>\n<meta property=\"og:title\" content=\"Bakkebord fra Marrakech | Antik vare | Tibladin\" \/>\n<meta property=\"og:description\" content=\"Smukt og unikt bakkebord fra Marokko. Fundet hos antikhandler i Marrakech. H\u00e5nsk\u00e5ret m\u00f8nster, der tilf\u00f8jer et elegant og et rustikt udtryk.\" \/>\n<meta property=\"og:url\" content=\"https:\/\/tibladin.dk\/sv\/produkt\/antikt-brickbord-i-aluminium\/\" \/>\n<meta property=\"og:site_name\" content=\"Tibladin\" \/>\n<meta property=\"article:modified_time\" content=\"2024-12-09T13:25:59+00:00\" \/>\n<meta property=\"og:image\" content=\"https:\/\/tibladin.dk\/wp-content\/uploads\/2022\/09\/Tibladin_antik-bakkebord_LS1-1.jpg\" \/>\n\t<meta property=\"og:image:width\" content=\"800\" \/>\n\t<meta property=\"og:image:height\" content=\"800\" \/>\n\t<meta property=\"og:image:type\" content=\"image\/jpeg\" \/>\n<meta name=\"twitter:card\" content=\"summary_large_image\" \/>\n<meta name=\"twitter:label1\" content=\"Ber\u00e4knad l\u00e4stid\" \/>\n\t<meta name=\"twitter:data1\" content=\"2 minuter\" \/>\n<script type=\"application\/ld+json\" class=\"yoast-schema-graph\">{\"@context\":\"https:\\\/\\\/schema.org\",\"@graph\":[{\"@type\":\"WebPage\",\"@id\":\"https:\\\/\\\/tibladin.dk\\\/produkt\\\/antikt-bakkebord-i-aluminium\\\/\",\"url\":\"https:\\\/\\\/tibladin.dk\\\/produkt\\\/antikt-bakkebord-i-aluminium\\\/\",\"name\":\"Bakkebord fra Marrakech | Antik vare | Tibladin\",\"isPartOf\":{\"@id\":\"https:\\\/\\\/tibladin.dk\\\/#website\"},\"primaryImageOfPage\":{\"@id\":\"https:\\\/\\\/tibladin.dk\\\/produkt\\\/antikt-bakkebord-i-aluminium\\\/#primaryimage\"},\"image\":{\"@id\":\"https:\\\/\\\/tibladin.dk\\\/produkt\\\/antikt-bakkebord-i-aluminium\\\/#primaryimage\"},\"thumbnailUrl\":\"https:\\\/\\\/tibladin.dk\\\/wp-content\\\/uploads\\\/2022\\\/09\\\/Tibladin_antik-bakkebord_LS1-1.jpg\",\"datePublished\":\"2022-09-20T09:16:43+00:00\",\"dateModified\":\"2024-12-09T13:25:59+00:00\",\"description\":\"Smukt og unikt bakkebord fra Marokko. Fundet hos antikhandler i Marrakech. H\u00e5nsk\u00e5ret m\u00f8nster, der tilf\u00f8jer et elegant og et rustikt udtryk.\",\"breadcrumb\":{\"@id\":\"https:\\\/\\\/tibladin.dk\\\/produkt\\\/antikt-bakkebord-i-aluminium\\\/#breadcrumb\"},\"inLanguage\":\"sv-SE\",\"potentialAction\":[{\"@type\":\"ReadAction\",\"target\":[\"https:\\\/\\\/tibladin.dk\\\/produkt\\\/antikt-bakkebord-i-aluminium\\\/\"]}]},{\"@type\":\"ImageObject\",\"inLanguage\":\"sv-SE\",\"@id\":\"https:\\\/\\\/tibladin.dk\\\/produkt\\\/antikt-bakkebord-i-aluminium\\\/#primaryimage\",\"url\":\"https:\\\/\\\/tibladin.dk\\\/wp-content\\\/uploads\\\/2022\\\/09\\\/Tibladin_antik-bakkebord_LS1-1.jpg\",\"contentUrl\":\"https:\\\/\\\/tibladin.dk\\\/wp-content\\\/uploads\\\/2022\\\/09\\\/Tibladin_antik-bakkebord_LS1-1.jpg\",\"width\":800,\"height\":800,\"caption\":\"H\u00e5ndlavet bakkebord med marokkansk m\u00f8nster st\u00e5ende udenfor med service og tangine fad ovenp\u00e5\"},{\"@type\":\"BreadcrumbList\",\"@id\":\"https:\\\/\\\/tibladin.dk\\\/produkt\\\/antikt-bakkebord-i-aluminium\\\/#breadcrumb\",\"itemListElement\":[{\"@type\":\"ListItem\",\"position\":1,\"name\":\"Hjem\",\"item\":\"https:\\\/\\\/tibladin.dk\\\/\"},{\"@type\":\"ListItem\",\"position\":2,\"name\":\"Shop\",\"item\":\"https:\\\/\\\/tibladin.dk\\\/shop\\\/\"},{\"@type\":\"ListItem\",\"position\":3,\"name\":\"Antikt bakkebord i aluminium\"}]},{\"@type\":\"WebSite\",\"@id\":\"https:\\\/\\\/tibladin.dk\\\/#website\",\"url\":\"https:\\\/\\\/tibladin.dk\\\/\",\"name\":\"Tibladin\",\"description\":\"Tibladin\",\"publisher\":{\"@id\":\"https:\\\/\\\/tibladin.dk\\\/#organization\"},\"potentialAction\":[{\"@type\":\"SearchAction\",\"target\":{\"@type\":\"EntryPoint\",\"urlTemplate\":\"https:\\\/\\\/tibladin.dk\\\/?s={search_term_string}\"},\"query-input\":{\"@type\":\"PropertyValueSpecification\",\"valueRequired\":true,\"valueName\":\"search_term_string\"}}],\"inLanguage\":\"sv-SE\"},{\"@type\":\"Organization\",\"@id\":\"https:\\\/\\\/tibladin.dk\\\/#organization\",\"name\":\"Tibladin\",\"url\":\"https:\\\/\\\/tibladin.dk\\\/\",\"logo\":{\"@type\":\"ImageObject\",\"inLanguage\":\"sv-SE\",\"@id\":\"https:\\\/\\\/tibladin.dk\\\/#\\\/schema\\\/logo\\\/image\\\/\",\"url\":\"https:\\\/\\\/tibladin.dk\\\/wp-content\\\/uploads\\\/2022\\\/09\\\/tibladin_logo.svg\",\"contentUrl\":\"https:\\\/\\\/tibladin.dk\\\/wp-content\\\/uploads\\\/2022\\\/09\\\/tibladin_logo.svg\",\"caption\":\"Tibladin\"},\"image\":{\"@id\":\"https:\\\/\\\/tibladin.dk\\\/#\\\/schema\\\/logo\\\/image\\\/\"}}]}<\/script>\n<!-- \/ Yoast SEO plugin. -->","yoast_head_json":{"title":"Brickbord fr\u00e5n Marrakech | Antik f\u00f6rem\u00e5l | Tibladin","description":"Vackert och unikt brickbord fr\u00e5n Marocko. Hittat hos antikhandlare i Marrakech. Mock-cut m\u00f6nster som ger en elegant och rustik look.","robots":{"index":"index","follow":"follow","max-snippet":"max-snippet:-1","max-image-preview":"max-image-preview:large","max-video-preview":"max-video-preview:-1"},"canonical":"https:\/\/tibladin.dk\/sv\/produkt\/antikt-brickbord-i-aluminium\/","og_locale":"sv_SE","og_type":"article","og_title":"Bakkebord fra Marrakech | Antik vare | Tibladin","og_description":"Smukt og unikt bakkebord fra Marokko. Fundet hos antikhandler i Marrakech. H\u00e5nsk\u00e5ret m\u00f8nster, der tilf\u00f8jer et elegant og et rustikt udtryk.","og_url":"https:\/\/tibladin.dk\/sv\/produkt\/antikt-brickbord-i-aluminium\/","og_site_name":"Tibladin","article_modified_time":"2024-12-09T13:25:59+00:00","og_image":[{"width":800,"height":800,"url":"https:\/\/tibladin.dk\/wp-content\/uploads\/2022\/09\/Tibladin_antik-bakkebord_LS1-1.jpg","type":"image\/jpeg"}],"twitter_card":"summary_large_image","twitter_misc":{"Ber\u00e4knad l\u00e4stid":"2 minuter"},"schema":{"@context":"https:\/\/schema.org","@graph":[{"@type":"WebPage","@id":"https:\/\/tibladin.dk\/produkt\/antikt-bakkebord-i-aluminium\/","url":"https:\/\/tibladin.dk\/produkt\/antikt-bakkebord-i-aluminium\/","name":"Brickbord fr\u00e5n Marrakech | Antik f\u00f6rem\u00e5l | Tibladin","isPartOf":{"@id":"https:\/\/tibladin.dk\/#website"},"primaryImageOfPage":{"@id":"https:\/\/tibladin.dk\/produkt\/antikt-bakkebord-i-aluminium\/#primaryimage"},"image":{"@id":"https:\/\/tibladin.dk\/produkt\/antikt-bakkebord-i-aluminium\/#primaryimage"},"thumbnailUrl":"https:\/\/tibladin.dk\/wp-content\/uploads\/2022\/09\/Tibladin_antik-bakkebord_LS1-1.jpg","datePublished":"2022-09-20T09:16:43+00:00","dateModified":"2024-12-09T13:25:59+00:00","description":"Vackert och unikt brickbord fr\u00e5n Marocko. Hittat hos antikhandlare i Marrakech. Mock-cut m\u00f6nster som ger en elegant och rustik look.","breadcrumb":{"@id":"https:\/\/tibladin.dk\/produkt\/antikt-bakkebord-i-aluminium\/#breadcrumb"},"inLanguage":"sv-SE","potentialAction":[{"@type":"ReadAction","target":["https:\/\/tibladin.dk\/produkt\/antikt-bakkebord-i-aluminium\/"]}]},{"@type":"ImageObject","inLanguage":"sv-SE","@id":"https:\/\/tibladin.dk\/produkt\/antikt-bakkebord-i-aluminium\/#primaryimage","url":"https:\/\/tibladin.dk\/wp-content\/uploads\/2022\/09\/Tibladin_antik-bakkebord_LS1-1.jpg","contentUrl":"https:\/\/tibladin.dk\/wp-content\/uploads\/2022\/09\/Tibladin_antik-bakkebord_LS1-1.jpg","width":800,"height":800,"caption":"H\u00e5ndlavet bakkebord med marokkansk m\u00f8nster st\u00e5ende udenfor med service og tangine fad ovenp\u00e5"},{"@type":"BreadcrumbList","@id":"https:\/\/tibladin.dk\/produkt\/antikt-bakkebord-i-aluminium\/#breadcrumb","itemListElement":[{"@type":"ListItem","position":1,"name":"Hjem","item":"https:\/\/tibladin.dk\/"},{"@type":"ListItem","position":2,"name":"Shop","item":"https:\/\/tibladin.dk\/shop\/"},{"@type":"ListItem","position":3,"name":"Antikt bakkebord i aluminium"}]},{"@type":"WebSite","@id":"https:\/\/tibladin.dk\/#website","url":"https:\/\/tibladin.dk\/","name":"Tibladin","description":"Tibladin","publisher":{"@id":"https:\/\/tibladin.dk\/#organization"},"potentialAction":[{"@type":"SearchAction","target":{"@type":"EntryPoint","urlTemplate":"https:\/\/tibladin.dk\/?s={search_term_string}"},"query-input":{"@type":"PropertyValueSpecification","valueRequired":true,"valueName":"search_term_string"}}],"inLanguage":"sv-SE"},{"@type":"Organization","@id":"https:\/\/tibladin.dk\/#organization","name":"Tibladin","url":"https:\/\/tibladin.dk\/","logo":{"@type":"ImageObject","inLanguage":"sv-SE","@id":"https:\/\/tibladin.dk\/#\/schema\/logo\/image\/","url":"https:\/\/tibladin.dk\/wp-content\/uploads\/2022\/09\/tibladin_logo.svg","contentUrl":"https:\/\/tibladin.dk\/wp-content\/uploads\/2022\/09\/tibladin_logo.svg","caption":"Tibladin"},"image":{"@id":"https:\/\/tibladin.dk\/#\/schema\/logo\/image\/"}}]}},"_links":{"self":[{"href":"https:\/\/tibladin.dk\/sv\/wp-json\/wp\/v2\/product\/2486","targetHints":{"allow":["GET"]}}],"collection":[{"href":"https:\/\/tibladin.dk\/sv\/wp-json\/wp\/v2\/product"}],"about":[{"href":"https:\/\/tibladin.dk\/sv\/wp-json\/wp\/v2\/types\/product"}],"wp:featuredmedia":[{"embeddable":true,"href":"https:\/\/tibladin.dk\/sv\/wp-json\/wp\/v2\/media\/2480"}],"wp:attachment":[{"href":"https:\/\/tibladin.dk\/sv\/wp-json\/wp\/v2\/media?parent=2486"}],"wp:term":[{"taxonomy":"product_brand","embeddable":true,"href":"https:\/\/tibladin.dk\/sv\/wp-json\/wp\/v2\/product_brand?post=2486"},{"taxonomy":"product_cat","embeddable":true,"href":"https:\/\/tibladin.dk\/sv\/wp-json\/wp\/v2\/product_cat?post=2486"},{"taxonomy":"product_tag","embeddable":true,"href":"https:\/\/tibladin.dk\/sv\/wp-json\/wp\/v2\/product_tag?post=2486"}],"curies":[{"name":"wp","href":"https:\/\/api.w.org\/{rel}","templated":true}]}}