{"id":2585,"date":"2024-11-30T11:17:29","date_gmt":"2024-11-30T10:17:29","guid":{"rendered":"https:\/\/tibladin.dk\/vare\/dekorativ-duftkrans-pimp-ta-kasbah\/"},"modified":"2026-01-30T12:59:02","modified_gmt":"2026-01-30T11:59:02","slug":"dekorativ-doftande-krans-pimp-ta-kasbah","status":"publish","type":"product","link":"https:\/\/tibladin.dk\/sv\/produkt\/dekorativ-duftkrans-pimp-ta-kasbah\/","title":{"rendered":"Dekorativ doftkrans PIMP TA KASBAH"},"content":{"rendered":"<div class=\"wpb-content-wrapper\"><div class=\"vc_row wpb_row vc_row-fluid\"><div class=\"wpb_column vc_column_container vc_col-sm-4\"><div class=\"vc_column-inner\"><div class=\"wpb_wrapper\"><\/div><\/div><\/div><div class=\"wpb_column vc_column_container vc_col-sm-4\"><div class=\"vc_column-inner\"><div class=\"wpb_wrapper\"><h3 style=\"text-align: left\" class=\"vc_custom_heading vc_do_custom_heading\" >Underh\u00e5ll<\/h3>\n\t<div class=\"wpb_text_column wpb_content_element\" >\n\t\t<div class=\"wpb_wrapper\">\n\t\t\t<p>Anv\u00e4nd doftkransen b\u00e5de som en dekorativ dekoration eller f\u00f6r att tv\u00e4tta h\u00e4nder och kropp. Gnid tv\u00e5len mot huden s\u00e5 att den l\u00f6ddrar.<\/p>\n\n\t\t<\/div>\n\t<\/div>\n<\/div><\/div><\/div><div class=\"wpb_column vc_column_container vc_col-sm-4\"><div class=\"vc_column-inner\"><div class=\"wpb_wrapper\"><h3 style=\"text-align: left\" class=\"vc_custom_heading vc_do_custom_heading\" >Historien bakom<\/h3>\n\t<div class=\"wpb_text_column wpb_content_element\" >\n\t\t<div class=\"wpb_wrapper\">\n\t\t\t<p>Denna unika doftkrans \u00e4r fr\u00e5n m\u00e4rket L&#039;art du bain, som skapades i Marrakech 2004 och har varit i produktion i Nantes, Frankrike sedan 2016.<span class=\"Apple-converted-space\">\u00a0<\/span><\/p>\n<p>Tv\u00e5larna formas f\u00f6r hand, en efter en, och \u00e4r perfekta som dekorativa prydnadssaker som sprider en h\u00e4rlig doft i hemmet.<\/p>\n<p>Ett hantverksm\u00e4ssigt noggrant s\u00e4tt att f\u00f6rbereda tv\u00e5lar som ger en mycket fin kvalitet. Tv\u00e5larna \u00e4r gjorda uteslutande av naturliga fina ingredienser med respekt f\u00f6r milj\u00f6n. Tekniken att g\u00f6ra kallblandade tv\u00e5lar g\u00f6r att tv\u00e5larna beh\u00e5ller det naturliga glycerinet i sig och de naturliga oljorna som ger en mer \u00e5terfuktande tv\u00e5l.<\/p>\n\n\t\t<\/div>\n\t<\/div>\n<\/div><\/div><\/div><\/div>\n<\/div>","protected":false},"excerpt":{"rendered":"<p><span style=\"font-weight: 400;\">Pimp ta Kasbah \u00e4r en vacker och unik dekoration best\u00e5ende av handformade tv\u00e5lar och vackra p\u00e4rlor i milda f\u00e4rger och former. H\u00e4ng den i ditt badrum, sovrum eller vardagsrum och l\u00e5t den underbara doften spridas i hela rummet. Namnet Pimp ta Kasbah betyder, \u00f6versatt fr\u00e5n arabiska, att dekorera eller fr\u00e4scha upp ditt hem. Kasbah. Kasbah \u00e4r arabiska och betyder en typ av hem, \u00e4ven kallad medina. Den unika tv\u00e5ldekorationen kan anv\u00e4ndas som handtv\u00e5l i badrummet, men kan \u00e4ven l\u00e4mnas h\u00e4ngande som dekoration.\u00a0<\/span><\/p>\n<p>kransen m\u00e4ter 17 cm i diameter.<\/p>\n<p><span style=\"font-weight: 400;\">En doft av fikon, kryddor, r\u00f6kelse och solmogna tomater \u00e4r vad du kanske k\u00e4nner igen i denna delikat doftande krans, som med sina eteriska oljor transporterar dig till Marrakech och till varmare, mer exotiska trakter. Parfymera enkelt ditt hem med det. De handformade tv\u00e5larna och p\u00e4rlorna \u00e4r monterade p\u00e5 en metallkrans, och kransen levereras i en vacker presentf\u00f6rpackning. Detta \u00e4r ett annorlunda och unikt s\u00e4tt att f\u00f6ra in doft och dekoration i ditt hem.<\/span><\/p>","protected":false},"featured_media":32885,"template":"","meta":{"inline_featured_image":false},"product_brand":[],"product_cat":[103,104],"product_tag":[],"class_list":{"0":"post-2585","1":"product","2":"type-product","3":"status-publish","4":"has-post-thumbnail","6":"product_cat-personlig-pleje","7":"product_cat-saeber","9":"first","10":"instock","11":"taxable","12":"shipping-taxable","13":"purchasable","14":"product-type-variable"},"exclude_global_add_ons":false,"addons":[{"name":"Vill du ha presentinslagning?","type":"checkbox","position":0,"required":false,"title_format":"label","default":"","description_enable":false,"description":"","placeholder_enable":false,"placeholder":"","display":"images","restrictions_type":"any_text","adjust_price":false,"price":"","price_type":"flat_fee","restrictions":false,"min":"0","max":"0","options":[{"label":"Ja tak","price":"10","price_type":"flat_fee","image":11015,"visibility":true}],"id":1669646111}],"yoast_head":"<!-- This site is optimized with the Yoast SEO plugin v27.5 - https:\/\/yoast.com\/product\/yoast-seo-wordpress\/ -->\n<title>Duftkrans af h\u00e5ndlavede s\u00e6ber | \u00d8kologiske ingredienser | Tibladin<\/title>\n<meta name=\"description\" content=\"Smuk duftkrans af h\u00e5ndlavet og h\u00e5ndformet \u00f8kologisk s\u00e6be. Perfekt som dekorativ og velduftende indretning. Kan ogs\u00e5 bruges til vask.\" \/>\n<meta name=\"robots\" content=\"index, follow, max-snippet:-1, max-image-preview:large, max-video-preview:-1\" \/>\n<link rel=\"canonical\" href=\"https:\/\/tibladin.dk\/sv\/produkt\/dekorativ-doftande-krans-pimp-ta-kasbah\/\" \/>\n<meta property=\"og:locale\" content=\"sv_SE\" \/>\n<meta property=\"og:type\" content=\"article\" \/>\n<meta property=\"og:title\" content=\"Duftkrans af h\u00e5ndlavede s\u00e6ber | \u00d8kologiske ingredienser | Tibladin\" \/>\n<meta property=\"og:description\" content=\"Smuk duftkrans af h\u00e5ndlavet og h\u00e5ndformet \u00f8kologisk s\u00e6be. Perfekt som dekorativ og velduftende indretning. Kan ogs\u00e5 bruges til vask.\" \/>\n<meta property=\"og:url\" content=\"https:\/\/tibladin.dk\/sv\/produkt\/dekorativ-doftande-krans-pimp-ta-kasbah\/\" \/>\n<meta property=\"og:site_name\" content=\"Tibladin\" \/>\n<meta property=\"article:modified_time\" content=\"2026-01-30T11:59:02+00:00\" \/>\n<meta property=\"og:image\" content=\"https:\/\/tibladin.dk\/wp-content\/uploads\/2022\/09\/Saebekrans_LS7.jpg\" \/>\n\t<meta property=\"og:image:width\" content=\"800\" \/>\n\t<meta property=\"og:image:height\" content=\"800\" \/>\n\t<meta property=\"og:image:type\" content=\"image\/jpeg\" \/>\n<meta name=\"twitter:card\" content=\"summary_large_image\" \/>\n<meta name=\"twitter:label1\" content=\"Ber\u00e4knad l\u00e4stid\" \/>\n\t<meta name=\"twitter:data1\" content=\"2 minuter\" \/>\n<script type=\"application\/ld+json\" class=\"yoast-schema-graph\">{\"@context\":\"https:\\\/\\\/schema.org\",\"@graph\":[{\"@type\":\"WebPage\",\"@id\":\"https:\\\/\\\/tibladin.dk\\\/produkt\\\/dekorativ-duftkrans-pimp-ta-kasbah\\\/\",\"url\":\"https:\\\/\\\/tibladin.dk\\\/produkt\\\/dekorativ-duftkrans-pimp-ta-kasbah\\\/\",\"name\":\"Duftkrans af h\u00e5ndlavede s\u00e6ber | \u00d8kologiske ingredienser | Tibladin\",\"isPartOf\":{\"@id\":\"https:\\\/\\\/tibladin.dk\\\/#website\"},\"primaryImageOfPage\":{\"@id\":\"https:\\\/\\\/tibladin.dk\\\/produkt\\\/dekorativ-duftkrans-pimp-ta-kasbah\\\/#primaryimage\"},\"image\":{\"@id\":\"https:\\\/\\\/tibladin.dk\\\/produkt\\\/dekorativ-duftkrans-pimp-ta-kasbah\\\/#primaryimage\"},\"thumbnailUrl\":\"https:\\\/\\\/tibladin.dk\\\/wp-content\\\/uploads\\\/2022\\\/09\\\/Saebekrans_LS7.jpg\",\"datePublished\":\"2024-11-30T10:17:29+00:00\",\"dateModified\":\"2026-01-30T11:59:02+00:00\",\"description\":\"Smuk duftkrans af h\u00e5ndlavet og h\u00e5ndformet \u00f8kologisk s\u00e6be. Perfekt som dekorativ og velduftende indretning. Kan ogs\u00e5 bruges til vask.\",\"breadcrumb\":{\"@id\":\"https:\\\/\\\/tibladin.dk\\\/produkt\\\/dekorativ-duftkrans-pimp-ta-kasbah\\\/#breadcrumb\"},\"inLanguage\":\"sv-SE\",\"potentialAction\":[{\"@type\":\"ReadAction\",\"target\":[\"https:\\\/\\\/tibladin.dk\\\/produkt\\\/dekorativ-duftkrans-pimp-ta-kasbah\\\/\"]}]},{\"@type\":\"ImageObject\",\"inLanguage\":\"sv-SE\",\"@id\":\"https:\\\/\\\/tibladin.dk\\\/produkt\\\/dekorativ-duftkrans-pimp-ta-kasbah\\\/#primaryimage\",\"url\":\"https:\\\/\\\/tibladin.dk\\\/wp-content\\\/uploads\\\/2022\\\/09\\\/Saebekrans_LS7.jpg\",\"contentUrl\":\"https:\\\/\\\/tibladin.dk\\\/wp-content\\\/uploads\\\/2022\\\/09\\\/Saebekrans_LS7.jpg\",\"width\":800,\"height\":800},{\"@type\":\"BreadcrumbList\",\"@id\":\"https:\\\/\\\/tibladin.dk\\\/produkt\\\/dekorativ-duftkrans-pimp-ta-kasbah\\\/#breadcrumb\",\"itemListElement\":[{\"@type\":\"ListItem\",\"position\":1,\"name\":\"Hjem\",\"item\":\"https:\\\/\\\/tibladin.dk\\\/\"},{\"@type\":\"ListItem\",\"position\":2,\"name\":\"Shop\",\"item\":\"https:\\\/\\\/tibladin.dk\\\/shop\\\/\"},{\"@type\":\"ListItem\",\"position\":3,\"name\":\"Dekorativ duftkrans PIMP TA KASBAH\"}]},{\"@type\":\"WebSite\",\"@id\":\"https:\\\/\\\/tibladin.dk\\\/#website\",\"url\":\"https:\\\/\\\/tibladin.dk\\\/\",\"name\":\"Tibladin\",\"description\":\"Tibladin\",\"publisher\":{\"@id\":\"https:\\\/\\\/tibladin.dk\\\/#organization\"},\"potentialAction\":[{\"@type\":\"SearchAction\",\"target\":{\"@type\":\"EntryPoint\",\"urlTemplate\":\"https:\\\/\\\/tibladin.dk\\\/?s={search_term_string}\"},\"query-input\":{\"@type\":\"PropertyValueSpecification\",\"valueRequired\":true,\"valueName\":\"search_term_string\"}}],\"inLanguage\":\"sv-SE\"},{\"@type\":\"Organization\",\"@id\":\"https:\\\/\\\/tibladin.dk\\\/#organization\",\"name\":\"Tibladin\",\"url\":\"https:\\\/\\\/tibladin.dk\\\/\",\"logo\":{\"@type\":\"ImageObject\",\"inLanguage\":\"sv-SE\",\"@id\":\"https:\\\/\\\/tibladin.dk\\\/#\\\/schema\\\/logo\\\/image\\\/\",\"url\":\"https:\\\/\\\/tibladin.dk\\\/wp-content\\\/uploads\\\/2022\\\/09\\\/tibladin_logo.svg\",\"contentUrl\":\"https:\\\/\\\/tibladin.dk\\\/wp-content\\\/uploads\\\/2022\\\/09\\\/tibladin_logo.svg\",\"caption\":\"Tibladin\"},\"image\":{\"@id\":\"https:\\\/\\\/tibladin.dk\\\/#\\\/schema\\\/logo\\\/image\\\/\"}}]}<\/script>\n<!-- \/ Yoast SEO plugin. -->","yoast_head_json":{"title":"Doftkrans av handgjorda tv\u00e5lar | Ekologiska ingredienser | Tibladin","description":"Vacker doftande krans av handgjord och handformad ekologisk tv\u00e5l. Perfekt som en dekorativ och doftande inredning. Kan \u00e4ven anv\u00e4ndas f\u00f6r tv\u00e4tt.","robots":{"index":"index","follow":"follow","max-snippet":"max-snippet:-1","max-image-preview":"max-image-preview:large","max-video-preview":"max-video-preview:-1"},"canonical":"https:\/\/tibladin.dk\/sv\/produkt\/dekorativ-doftande-krans-pimp-ta-kasbah\/","og_locale":"sv_SE","og_type":"article","og_title":"Duftkrans af h\u00e5ndlavede s\u00e6ber | \u00d8kologiske ingredienser | Tibladin","og_description":"Smuk duftkrans af h\u00e5ndlavet og h\u00e5ndformet \u00f8kologisk s\u00e6be. Perfekt som dekorativ og velduftende indretning. Kan ogs\u00e5 bruges til vask.","og_url":"https:\/\/tibladin.dk\/sv\/produkt\/dekorativ-doftande-krans-pimp-ta-kasbah\/","og_site_name":"Tibladin","article_modified_time":"2026-01-30T11:59:02+00:00","og_image":[{"width":800,"height":800,"url":"https:\/\/tibladin.dk\/wp-content\/uploads\/2022\/09\/Saebekrans_LS7.jpg","type":"image\/jpeg"}],"twitter_card":"summary_large_image","twitter_misc":{"Ber\u00e4knad l\u00e4stid":"2 minuter"},"schema":{"@context":"https:\/\/schema.org","@graph":[{"@type":"WebPage","@id":"https:\/\/tibladin.dk\/produkt\/dekorativ-duftkrans-pimp-ta-kasbah\/","url":"https:\/\/tibladin.dk\/produkt\/dekorativ-duftkrans-pimp-ta-kasbah\/","name":"Doftkrans av handgjorda tv\u00e5lar | Ekologiska ingredienser | Tibladin","isPartOf":{"@id":"https:\/\/tibladin.dk\/#website"},"primaryImageOfPage":{"@id":"https:\/\/tibladin.dk\/produkt\/dekorativ-duftkrans-pimp-ta-kasbah\/#primaryimage"},"image":{"@id":"https:\/\/tibladin.dk\/produkt\/dekorativ-duftkrans-pimp-ta-kasbah\/#primaryimage"},"thumbnailUrl":"https:\/\/tibladin.dk\/wp-content\/uploads\/2022\/09\/Saebekrans_LS7.jpg","datePublished":"2024-11-30T10:17:29+00:00","dateModified":"2026-01-30T11:59:02+00:00","description":"Vacker doftande krans av handgjord och handformad ekologisk tv\u00e5l. Perfekt som en dekorativ och doftande inredning. Kan \u00e4ven anv\u00e4ndas f\u00f6r tv\u00e4tt.","breadcrumb":{"@id":"https:\/\/tibladin.dk\/produkt\/dekorativ-duftkrans-pimp-ta-kasbah\/#breadcrumb"},"inLanguage":"sv-SE","potentialAction":[{"@type":"ReadAction","target":["https:\/\/tibladin.dk\/produkt\/dekorativ-duftkrans-pimp-ta-kasbah\/"]}]},{"@type":"ImageObject","inLanguage":"sv-SE","@id":"https:\/\/tibladin.dk\/produkt\/dekorativ-duftkrans-pimp-ta-kasbah\/#primaryimage","url":"https:\/\/tibladin.dk\/wp-content\/uploads\/2022\/09\/Saebekrans_LS7.jpg","contentUrl":"https:\/\/tibladin.dk\/wp-content\/uploads\/2022\/09\/Saebekrans_LS7.jpg","width":800,"height":800},{"@type":"BreadcrumbList","@id":"https:\/\/tibladin.dk\/produkt\/dekorativ-duftkrans-pimp-ta-kasbah\/#breadcrumb","itemListElement":[{"@type":"ListItem","position":1,"name":"Hjem","item":"https:\/\/tibladin.dk\/"},{"@type":"ListItem","position":2,"name":"Shop","item":"https:\/\/tibladin.dk\/shop\/"},{"@type":"ListItem","position":3,"name":"Dekorativ duftkrans PIMP TA KASBAH"}]},{"@type":"WebSite","@id":"https:\/\/tibladin.dk\/#website","url":"https:\/\/tibladin.dk\/","name":"Tibladin","description":"Tibladin","publisher":{"@id":"https:\/\/tibladin.dk\/#organization"},"potentialAction":[{"@type":"SearchAction","target":{"@type":"EntryPoint","urlTemplate":"https:\/\/tibladin.dk\/?s={search_term_string}"},"query-input":{"@type":"PropertyValueSpecification","valueRequired":true,"valueName":"search_term_string"}}],"inLanguage":"sv-SE"},{"@type":"Organization","@id":"https:\/\/tibladin.dk\/#organization","name":"Tibladin","url":"https:\/\/tibladin.dk\/","logo":{"@type":"ImageObject","inLanguage":"sv-SE","@id":"https:\/\/tibladin.dk\/#\/schema\/logo\/image\/","url":"https:\/\/tibladin.dk\/wp-content\/uploads\/2022\/09\/tibladin_logo.svg","contentUrl":"https:\/\/tibladin.dk\/wp-content\/uploads\/2022\/09\/tibladin_logo.svg","caption":"Tibladin"},"image":{"@id":"https:\/\/tibladin.dk\/#\/schema\/logo\/image\/"}}]}},"_links":{"self":[{"href":"https:\/\/tibladin.dk\/sv\/wp-json\/wp\/v2\/product\/2585","targetHints":{"allow":["GET"]}}],"collection":[{"href":"https:\/\/tibladin.dk\/sv\/wp-json\/wp\/v2\/product"}],"about":[{"href":"https:\/\/tibladin.dk\/sv\/wp-json\/wp\/v2\/types\/product"}],"wp:featuredmedia":[{"embeddable":true,"href":"https:\/\/tibladin.dk\/sv\/wp-json\/wp\/v2\/media\/32885"}],"wp:attachment":[{"href":"https:\/\/tibladin.dk\/sv\/wp-json\/wp\/v2\/media?parent=2585"}],"wp:term":[{"taxonomy":"product_brand","embeddable":true,"href":"https:\/\/tibladin.dk\/sv\/wp-json\/wp\/v2\/product_brand?post=2585"},{"taxonomy":"product_cat","embeddable":true,"href":"https:\/\/tibladin.dk\/sv\/wp-json\/wp\/v2\/product_cat?post=2585"},{"taxonomy":"product_tag","embeddable":true,"href":"https:\/\/tibladin.dk\/sv\/wp-json\/wp\/v2\/product_tag?post=2585"}],"curies":[{"name":"wp","href":"https:\/\/api.w.org\/{rel}","templated":true}]}}