{"id":2592,"date":"2022-09-20T11:17:32","date_gmt":"2022-09-20T09:17:32","guid":{"rendered":"https:\/\/tibladin.dk\/vare\/kropsolie-bahia\/"},"modified":"2025-03-19T16:36:33","modified_gmt":"2025-03-19T15:36:33","slug":"kroppsolja-bahia","status":"publish","type":"product","link":"https:\/\/tibladin.dk\/sv\/produkt\/kropsolie-bahia\/","title":{"rendered":"Kroppsolja BAHIA"},"content":{"rendered":"<div class=\"wpb-content-wrapper\"><div class=\"vc_row wpb_row vc_row-fluid\"><div class=\"wpb_column vc_column_container vc_col-sm-4\"><div class=\"vc_column-inner\"><div class=\"wpb_wrapper\"><\/div><\/div><\/div><div class=\"wpb_column vc_column_container vc_col-sm-4\"><div class=\"vc_column-inner\"><div class=\"wpb_wrapper\"><h3 style=\"text-align: left\" class=\"vc_custom_heading vc_do_custom_heading\" >Underh\u00e5ll<\/h3>\n\t<div class=\"wpb_text_column wpb_content_element\" >\n\t\t<div class=\"wpb_wrapper\">\n\t\t\t<p>Anv\u00e4nd oljan som ett l\u00e4ckert alternativ till bodylotion. F\u00f6rdela och v\u00e4rm en liten m\u00e4ngd i h\u00e4nderna och anv\u00e4nd p\u00e5 ansikte, kropp och f\u00f6tter.<\/p>\n\n\t\t<\/div>\n\t<\/div>\n<\/div><\/div><\/div><div class=\"wpb_column vc_column_container vc_col-sm-4\"><div class=\"vc_column-inner\"><div class=\"wpb_wrapper\"><h3 style=\"text-align: left\" class=\"vc_custom_heading vc_do_custom_heading\" >Historien bakom<\/h3>\n\t<div class=\"wpb_text_column wpb_content_element\" >\n\t\t<div class=\"wpb_wrapper\">\n\t\t\t<p>Denna l\u00e4ckra kroppsolja \u00e4r fr\u00e5n m\u00e4rket L&#039;art du bain, som skapades i Marrakech 2004 och har haft produktion i Nantes i Frankrike sedan 2016.<\/p>\n<p>Oljan \u00e4r gjord av naturliga, ekologiska ingredienser och ger fukt och en fin lyster till huden och den kan anv\u00e4ndas b\u00e5de i ansikte, kropp och f\u00f6tter. Noggrann framst\u00e4llning, som g\u00e5r ut p\u00e5 att kallpressa oljorna, ger en riktigt fin kvalitet och en l\u00e4cker olja som inte \u00e4r fet.<\/p>\n\n\t\t<\/div>\n\t<\/div>\n<\/div><\/div><\/div><\/div>\n<\/div>","protected":false},"excerpt":{"rendered":"<p><span style=\"font-weight: 400;\">Denna olja \u00e4r en l\u00e4cker kroppsolja som ger mycket fukt och har en underbar doft av blommor och exotiska frukter. Den kan anv\u00e4ndas p\u00e5 kroppen f\u00f6r att ge en fin somrig lyster, men \u00e4ven som ett alternativ till bodylotion.\u00a0<\/span><\/p>\n<p><span style=\"font-weight: 400;\">V\u00e5r olja \u00e4r en h\u00e4rlig blandning av vegetabiliska oljor av allra b\u00e4sta kvalitet, och underbara dofter av exotiska frukter med mycket s\u00f6tma och djup. Oljan appliceras p\u00e5 antingen torr eller l\u00e4tt fuktad hud och ger mycket fukt till huden.\u00a0<\/span><\/p>\n<p><span style=\"font-weight: 400;\">Oljan kommer i en snygg slimmad beh\u00e5llare med spraypip som g\u00f6r det enkelt att applicera och f\u00f6rdela oljan.\u00a0<\/span><\/p>\n<p><span style=\"font-weight: 400;\">100 ml.<\/span><\/p>\n<p><span style=\"font-weight: 400;\">Ingredienser: Aprikosk\u00e4rnolja, druvk\u00e4rneolja och Acaiolja, som \u00e4r rik p\u00e5 Omega 6 och 9 fettsyror och inneh\u00e5ller vitamin B1, B2, B3, C och E. Den fungerar som ett naturligt mjukg\u00f6rande medel som \u00e4r mycket \u00e5terfuktande och \u00e5terst\u00e4ller hudens elasticitet.<\/span><\/p>","protected":false},"featured_media":2591,"template":"","meta":{"inline_featured_image":false},"product_brand":[],"product_cat":[27,29,42,110,103],"product_tag":[],"class_list":{"0":"post-2592","1":"product","2":"type-product","3":"status-publish","4":"has-post-thumbnail","6":"product_cat-diverse","7":"product_cat-gaven-til-den-unge-pige","8":"product_cat-gaver-under-200-kr","9":"product_cat-kropsolie","10":"product_cat-personlig-pleje","12":"first","13":"instock","14":"taxable","15":"shipping-taxable","16":"purchasable","17":"product-type-simple"},"exclude_global_add_ons":false,"addons":[{"name":"Vill du ha presentinslagning?","type":"checkbox","position":0,"required":false,"title_format":"label","default":"","description_enable":false,"description":"","placeholder_enable":false,"placeholder":"","display":"images","restrictions_type":"any_text","adjust_price":false,"price":"","price_type":"flat_fee","restrictions":false,"min":"0","max":"0","options":[{"label":"Ja tak","price":"10","price_type":"flat_fee","image":11015,"visibility":true}],"id":1669646111}],"yoast_head":"<!-- This site is optimized with the Yoast SEO plugin v27.4 - https:\/\/yoast.com\/product\/yoast-seo-wordpress\/ -->\n<title>\u00d8kologisk olie til kroppen | Naturlige ingredienser | Tibladin<\/title>\n<meta name=\"description\" content=\"L\u00e6kker olie til kroppen og ansigtet. Lavet af \u00f8kologiske ingredienser, der tilf\u00f8jer fugt og en flot gl\u00f8d til huden.\" \/>\n<meta name=\"robots\" content=\"index, follow, max-snippet:-1, max-image-preview:large, max-video-preview:-1\" \/>\n<link rel=\"canonical\" href=\"https:\/\/tibladin.dk\/sv\/produkt\/kroppsolja-bahia\/\" \/>\n<meta property=\"og:locale\" content=\"sv_SE\" \/>\n<meta property=\"og:type\" content=\"article\" \/>\n<meta property=\"og:title\" content=\"\u00d8kologisk olie til kroppen | Naturlige ingredienser | Tibladin\" \/>\n<meta property=\"og:description\" content=\"L\u00e6kker olie til kroppen og ansigtet. Lavet af \u00f8kologiske ingredienser, der tilf\u00f8jer fugt og en flot gl\u00f8d til huden.\" \/>\n<meta property=\"og:url\" content=\"https:\/\/tibladin.dk\/sv\/produkt\/kroppsolja-bahia\/\" \/>\n<meta property=\"og:site_name\" content=\"Tibladin\" \/>\n<meta property=\"article:modified_time\" content=\"2025-03-19T15:36:33+00:00\" \/>\n<meta property=\"og:image\" content=\"https:\/\/tibladin.dk\/wp-content\/uploads\/2022\/09\/Bahia_kropsolie-1.jpg\" \/>\n\t<meta property=\"og:image:width\" content=\"800\" \/>\n\t<meta property=\"og:image:height\" content=\"800\" \/>\n\t<meta property=\"og:image:type\" content=\"image\/jpeg\" \/>\n<meta name=\"twitter:card\" content=\"summary_large_image\" \/>\n<meta name=\"twitter:label1\" content=\"Ber\u00e4knad l\u00e4stid\" \/>\n\t<meta name=\"twitter:data1\" content=\"2 minuter\" \/>\n<script type=\"application\/ld+json\" class=\"yoast-schema-graph\">{\"@context\":\"https:\\\/\\\/schema.org\",\"@graph\":[{\"@type\":\"WebPage\",\"@id\":\"https:\\\/\\\/tibladin.dk\\\/produkt\\\/kropsolie-bahia\\\/\",\"url\":\"https:\\\/\\\/tibladin.dk\\\/produkt\\\/kropsolie-bahia\\\/\",\"name\":\"\u00d8kologisk olie til kroppen | Naturlige ingredienser | Tibladin\",\"isPartOf\":{\"@id\":\"https:\\\/\\\/tibladin.dk\\\/#website\"},\"primaryImageOfPage\":{\"@id\":\"https:\\\/\\\/tibladin.dk\\\/produkt\\\/kropsolie-bahia\\\/#primaryimage\"},\"image\":{\"@id\":\"https:\\\/\\\/tibladin.dk\\\/produkt\\\/kropsolie-bahia\\\/#primaryimage\"},\"thumbnailUrl\":\"https:\\\/\\\/tibladin.dk\\\/wp-content\\\/uploads\\\/2022\\\/09\\\/Bahia_kropsolie-1.jpg\",\"datePublished\":\"2022-09-20T09:17:32+00:00\",\"dateModified\":\"2025-03-19T15:36:33+00:00\",\"description\":\"L\u00e6kker olie til kroppen og ansigtet. Lavet af \u00f8kologiske ingredienser, der tilf\u00f8jer fugt og en flot gl\u00f8d til huden.\",\"breadcrumb\":{\"@id\":\"https:\\\/\\\/tibladin.dk\\\/produkt\\\/kropsolie-bahia\\\/#breadcrumb\"},\"inLanguage\":\"sv-SE\",\"potentialAction\":[{\"@type\":\"ReadAction\",\"target\":[\"https:\\\/\\\/tibladin.dk\\\/produkt\\\/kropsolie-bahia\\\/\"]}]},{\"@type\":\"ImageObject\",\"inLanguage\":\"sv-SE\",\"@id\":\"https:\\\/\\\/tibladin.dk\\\/produkt\\\/kropsolie-bahia\\\/#primaryimage\",\"url\":\"https:\\\/\\\/tibladin.dk\\\/wp-content\\\/uploads\\\/2022\\\/09\\\/Bahia_kropsolie-1.jpg\",\"contentUrl\":\"https:\\\/\\\/tibladin.dk\\\/wp-content\\\/uploads\\\/2022\\\/09\\\/Bahia_kropsolie-1.jpg\",\"width\":800,\"height\":800,\"caption\":\"Kropsolie i bahia varianten\"},{\"@type\":\"BreadcrumbList\",\"@id\":\"https:\\\/\\\/tibladin.dk\\\/produkt\\\/kropsolie-bahia\\\/#breadcrumb\",\"itemListElement\":[{\"@type\":\"ListItem\",\"position\":1,\"name\":\"Hjem\",\"item\":\"https:\\\/\\\/tibladin.dk\\\/\"},{\"@type\":\"ListItem\",\"position\":2,\"name\":\"Shop\",\"item\":\"https:\\\/\\\/tibladin.dk\\\/shop\\\/\"},{\"@type\":\"ListItem\",\"position\":3,\"name\":\"Kropsolie BAHIA\"}]},{\"@type\":\"WebSite\",\"@id\":\"https:\\\/\\\/tibladin.dk\\\/#website\",\"url\":\"https:\\\/\\\/tibladin.dk\\\/\",\"name\":\"Tibladin\",\"description\":\"Tibladin\",\"publisher\":{\"@id\":\"https:\\\/\\\/tibladin.dk\\\/#organization\"},\"potentialAction\":[{\"@type\":\"SearchAction\",\"target\":{\"@type\":\"EntryPoint\",\"urlTemplate\":\"https:\\\/\\\/tibladin.dk\\\/?s={search_term_string}\"},\"query-input\":{\"@type\":\"PropertyValueSpecification\",\"valueRequired\":true,\"valueName\":\"search_term_string\"}}],\"inLanguage\":\"sv-SE\"},{\"@type\":\"Organization\",\"@id\":\"https:\\\/\\\/tibladin.dk\\\/#organization\",\"name\":\"Tibladin\",\"url\":\"https:\\\/\\\/tibladin.dk\\\/\",\"logo\":{\"@type\":\"ImageObject\",\"inLanguage\":\"sv-SE\",\"@id\":\"https:\\\/\\\/tibladin.dk\\\/#\\\/schema\\\/logo\\\/image\\\/\",\"url\":\"https:\\\/\\\/tibladin.dk\\\/wp-content\\\/uploads\\\/2022\\\/09\\\/tibladin_logo.svg\",\"contentUrl\":\"https:\\\/\\\/tibladin.dk\\\/wp-content\\\/uploads\\\/2022\\\/09\\\/tibladin_logo.svg\",\"caption\":\"Tibladin\"},\"image\":{\"@id\":\"https:\\\/\\\/tibladin.dk\\\/#\\\/schema\\\/logo\\\/image\\\/\"}}]}<\/script>\n<!-- \/ Yoast SEO plugin. -->","yoast_head_json":{"title":"Ekologisk olja f\u00f6r kroppen | Naturliga ingredienser | Tibladin","description":"L\u00e4cker olja f\u00f6r kropp och ansikte. Tillverkad av ekologiska ingredienser som tillf\u00f6r fukt och en vacker lyster till huden.","robots":{"index":"index","follow":"follow","max-snippet":"max-snippet:-1","max-image-preview":"max-image-preview:large","max-video-preview":"max-video-preview:-1"},"canonical":"https:\/\/tibladin.dk\/sv\/produkt\/kroppsolja-bahia\/","og_locale":"sv_SE","og_type":"article","og_title":"\u00d8kologisk olie til kroppen | Naturlige ingredienser | Tibladin","og_description":"L\u00e6kker olie til kroppen og ansigtet. Lavet af \u00f8kologiske ingredienser, der tilf\u00f8jer fugt og en flot gl\u00f8d til huden.","og_url":"https:\/\/tibladin.dk\/sv\/produkt\/kroppsolja-bahia\/","og_site_name":"Tibladin","article_modified_time":"2025-03-19T15:36:33+00:00","og_image":[{"width":800,"height":800,"url":"https:\/\/tibladin.dk\/wp-content\/uploads\/2022\/09\/Bahia_kropsolie-1.jpg","type":"image\/jpeg"}],"twitter_card":"summary_large_image","twitter_misc":{"Ber\u00e4knad l\u00e4stid":"2 minuter"},"schema":{"@context":"https:\/\/schema.org","@graph":[{"@type":"WebPage","@id":"https:\/\/tibladin.dk\/produkt\/kropsolie-bahia\/","url":"https:\/\/tibladin.dk\/produkt\/kropsolie-bahia\/","name":"Ekologisk olja f\u00f6r kroppen | Naturliga ingredienser | Tibladin","isPartOf":{"@id":"https:\/\/tibladin.dk\/#website"},"primaryImageOfPage":{"@id":"https:\/\/tibladin.dk\/produkt\/kropsolie-bahia\/#primaryimage"},"image":{"@id":"https:\/\/tibladin.dk\/produkt\/kropsolie-bahia\/#primaryimage"},"thumbnailUrl":"https:\/\/tibladin.dk\/wp-content\/uploads\/2022\/09\/Bahia_kropsolie-1.jpg","datePublished":"2022-09-20T09:17:32+00:00","dateModified":"2025-03-19T15:36:33+00:00","description":"L\u00e4cker olja f\u00f6r kropp och ansikte. Tillverkad av ekologiska ingredienser som tillf\u00f6r fukt och en vacker lyster till huden.","breadcrumb":{"@id":"https:\/\/tibladin.dk\/produkt\/kropsolie-bahia\/#breadcrumb"},"inLanguage":"sv-SE","potentialAction":[{"@type":"ReadAction","target":["https:\/\/tibladin.dk\/produkt\/kropsolie-bahia\/"]}]},{"@type":"ImageObject","inLanguage":"sv-SE","@id":"https:\/\/tibladin.dk\/produkt\/kropsolie-bahia\/#primaryimage","url":"https:\/\/tibladin.dk\/wp-content\/uploads\/2022\/09\/Bahia_kropsolie-1.jpg","contentUrl":"https:\/\/tibladin.dk\/wp-content\/uploads\/2022\/09\/Bahia_kropsolie-1.jpg","width":800,"height":800,"caption":"Kropsolie i bahia varianten"},{"@type":"BreadcrumbList","@id":"https:\/\/tibladin.dk\/produkt\/kropsolie-bahia\/#breadcrumb","itemListElement":[{"@type":"ListItem","position":1,"name":"Hjem","item":"https:\/\/tibladin.dk\/"},{"@type":"ListItem","position":2,"name":"Shop","item":"https:\/\/tibladin.dk\/shop\/"},{"@type":"ListItem","position":3,"name":"Kropsolie BAHIA"}]},{"@type":"WebSite","@id":"https:\/\/tibladin.dk\/#website","url":"https:\/\/tibladin.dk\/","name":"Tibladin","description":"Tibladin","publisher":{"@id":"https:\/\/tibladin.dk\/#organization"},"potentialAction":[{"@type":"SearchAction","target":{"@type":"EntryPoint","urlTemplate":"https:\/\/tibladin.dk\/?s={search_term_string}"},"query-input":{"@type":"PropertyValueSpecification","valueRequired":true,"valueName":"search_term_string"}}],"inLanguage":"sv-SE"},{"@type":"Organization","@id":"https:\/\/tibladin.dk\/#organization","name":"Tibladin","url":"https:\/\/tibladin.dk\/","logo":{"@type":"ImageObject","inLanguage":"sv-SE","@id":"https:\/\/tibladin.dk\/#\/schema\/logo\/image\/","url":"https:\/\/tibladin.dk\/wp-content\/uploads\/2022\/09\/tibladin_logo.svg","contentUrl":"https:\/\/tibladin.dk\/wp-content\/uploads\/2022\/09\/tibladin_logo.svg","caption":"Tibladin"},"image":{"@id":"https:\/\/tibladin.dk\/#\/schema\/logo\/image\/"}}]}},"_links":{"self":[{"href":"https:\/\/tibladin.dk\/sv\/wp-json\/wp\/v2\/product\/2592","targetHints":{"allow":["GET"]}}],"collection":[{"href":"https:\/\/tibladin.dk\/sv\/wp-json\/wp\/v2\/product"}],"about":[{"href":"https:\/\/tibladin.dk\/sv\/wp-json\/wp\/v2\/types\/product"}],"wp:featuredmedia":[{"embeddable":true,"href":"https:\/\/tibladin.dk\/sv\/wp-json\/wp\/v2\/media\/2591"}],"wp:attachment":[{"href":"https:\/\/tibladin.dk\/sv\/wp-json\/wp\/v2\/media?parent=2592"}],"wp:term":[{"taxonomy":"product_brand","embeddable":true,"href":"https:\/\/tibladin.dk\/sv\/wp-json\/wp\/v2\/product_brand?post=2592"},{"taxonomy":"product_cat","embeddable":true,"href":"https:\/\/tibladin.dk\/sv\/wp-json\/wp\/v2\/product_cat?post=2592"},{"taxonomy":"product_tag","embeddable":true,"href":"https:\/\/tibladin.dk\/sv\/wp-json\/wp\/v2\/product_tag?post=2592"}],"curies":[{"name":"wp","href":"https:\/\/api.w.org\/{rel}","templated":true}]}}