{"id":2612,"date":"2022-09-20T11:17:42","date_gmt":"2022-09-20T09:17:42","guid":{"rendered":"https:\/\/tibladin.dk\/vare\/aegte-saebe-argan\/"},"modified":"2026-04-04T00:28:32","modified_gmt":"2026-04-03T22:28:32","slug":"akta-tvaalargan","status":"publish","type":"product","link":"https:\/\/tibladin.dk\/sv\/produkt\/aegte-saebe-argan\/","title":{"rendered":"Riktig tv\u00e5l ARGAN"},"content":{"rendered":"<div class=\"wpb-content-wrapper\"><div class=\"vc_row wpb_row vc_row-fluid\"><div class=\"wpb_column vc_column_container vc_col-sm-4\"><div class=\"vc_column-inner\"><div class=\"wpb_wrapper\"><\/div><\/div><\/div><div class=\"wpb_column vc_column_container vc_col-sm-4\"><div class=\"vc_column-inner\"><div class=\"wpb_wrapper\"><h3 style=\"text-align: left\" class=\"vc_custom_heading vc_do_custom_heading\" >Underh\u00e5ll<\/h3>\n\t<div class=\"wpb_text_column wpb_content_element\" >\n\t\t<div class=\"wpb_wrapper\">\n\t\t\t<p>Reng\u00f6r och \u00e5terfukta huden och massera in tv\u00e5len i huden. Reng\u00f6r med vatten. L\u00e4mnar huden silkeslen och l\u00e4cker. Kan anv\u00e4ndas p\u00e5 kropp och ansikte.<\/p>\n\n\t\t<\/div>\n\t<\/div>\n<\/div><\/div><\/div><div class=\"wpb_column vc_column_container vc_col-sm-4\"><div class=\"vc_column-inner\"><div class=\"wpb_wrapper\"><h3 style=\"text-align: left\" class=\"vc_custom_heading vc_do_custom_heading\" >Historien bakom<\/h3>\n\t<div class=\"wpb_text_column wpb_content_element\" >\n\t\t<div class=\"wpb_wrapper\">\n\t\t\t<p><span style=\"font-weight: 400;\">De l\u00e4ckra \u00e4kta tv\u00e5larna \u00e4r fr\u00e5n m\u00e4rket L&#039;art du bain, som skapades i Marrakech 2004 och har haft tillverkning i Nantes i Frankrike sedan 2016.<\/span><\/p>\n<p><span style=\"font-weight: 400;\">V\u00e5ra riktiga tv\u00e5lar \u00e4r gjorda av olivolja och arganolja, och vi har dem i fyra olika dofter: Argan, Eucalyptus, G\u00e9ranium och Amber. Dofterna \u00e4r b\u00e5de fr\u00e4scha, varma och kryddiga och du kan v\u00e4lja efter vilken doft du f\u00f6redrar.\u00a0<\/span><\/p>\n<p><span style=\"font-weight: 400;\">De riktiga tv\u00e5larna kommer i glas med skruvlock, och \u00e4r l\u00e4tta att hantera. Tv\u00e5len \u00e4r flytande, men fortfarande ganska fast. Ta bara lite i handen och sprid det runt kroppen. Tv\u00e5len \u00e4r l\u00e4tt att dosera, och du tar inte f\u00f6r mycket, som ofta \u00e4r fallet med flytande duschtv\u00e5l. Du kan ocks\u00e5 anv\u00e4nda en exfolierande handske eller en svamp f\u00f6r att tv\u00e4tta p\u00e5 djupet, men tv\u00e5len kan ocks\u00e5 enkelt appliceras med h\u00e4nderna.\u00a0<\/span><\/p>\n\n\t\t<\/div>\n\t<\/div>\n<\/div><\/div><\/div><\/div>\n<\/div>","protected":false},"excerpt":{"rendered":"<p><span style=\"font-weight: 400;\">L\u00e4cker \u00e4kta tv\u00e5l, \u00e4ven kallad vrai savon, med en bas av organisk arganolja och en l\u00e4tt doft av apelsinblomma. Arganoljes\u00e5pan har lugnande egenskaper och \u00e4r bra f\u00f6r \u00f6mt\u00e5lig hud eller f\u00f6r att lindra irritation. Arganoljan och toner av apelsinblomma skapar en h\u00e4rlig l\u00e4tt doft.<\/span><\/p>\n<p>Inneh\u00e5ller 200 ml. Glasbeh\u00e5llaren m\u00e4ter 7\u00d77 cm.<\/p>\n<p><span style=\"font-weight: 400;\">Ingredienser: Kallpressad ekologisk olivolja, vatten, kokosolja, glycerin, naturliga dofter.<\/span><\/p>","protected":false},"featured_media":2611,"template":"","meta":{"inline_featured_image":false},"product_brand":[],"product_cat":[27,103,104],"product_tag":[],"class_list":{"0":"post-2612","1":"product","2":"type-product","3":"status-publish","4":"has-post-thumbnail","6":"product_cat-diverse","7":"product_cat-personlig-pleje","8":"product_cat-saeber","10":"first","11":"outofstock","12":"featured","13":"taxable","14":"shipping-taxable","15":"purchasable","16":"product-type-simple"},"exclude_global_add_ons":false,"addons":[{"name":"Vill du ha presentinslagning?","type":"checkbox","position":0,"required":false,"title_format":"label","default":"","description_enable":false,"description":"","placeholder_enable":false,"placeholder":"","display":"images","restrictions_type":"any_text","adjust_price":false,"price":"","price_type":"flat_fee","restrictions":false,"min":"0","max":"0","options":[{"label":"Ja tak","price":"10","price_type":"flat_fee","image":11015,"visibility":true}],"id":1669646111}],"yoast_head":"<!-- This site is optimized with the Yoast SEO plugin v27.4 - https:\/\/yoast.com\/product\/yoast-seo-wordpress\/ -->\n<title>\u00c6gte s\u00e6be | \u00d8kologiske ingredienser | Tibladin<\/title>\n<meta name=\"description\" content=\"\u00c6gte s\u00e6be med l\u00e6kre \u00f8kologiske ingredienser. Velduftende og l\u00e6kker p\u00e5 huden. Renser og bl\u00f8dg\u00f8r huden p\u00e5 kroppen og i ansigtet.\" \/>\n<meta name=\"robots\" content=\"index, follow, max-snippet:-1, max-image-preview:large, max-video-preview:-1\" \/>\n<link rel=\"canonical\" href=\"https:\/\/tibladin.dk\/sv\/produkt\/akta-tvaalargan\/\" \/>\n<meta property=\"og:locale\" content=\"sv_SE\" \/>\n<meta property=\"og:type\" content=\"article\" \/>\n<meta property=\"og:title\" content=\"\u00c6gte s\u00e6be | \u00d8kologiske ingredienser | Tibladin\" \/>\n<meta property=\"og:description\" content=\"\u00c6gte s\u00e6be med l\u00e6kre \u00f8kologiske ingredienser. Velduftende og l\u00e6kker p\u00e5 huden. Renser og bl\u00f8dg\u00f8r huden p\u00e5 kroppen og i ansigtet.\" \/>\n<meta property=\"og:url\" content=\"https:\/\/tibladin.dk\/sv\/produkt\/akta-tvaalargan\/\" \/>\n<meta property=\"og:site_name\" content=\"Tibladin\" \/>\n<meta property=\"article:modified_time\" content=\"2026-04-03T22:28:32+00:00\" \/>\n<meta property=\"og:image\" content=\"https:\/\/tibladin.dk\/wp-content\/uploads\/2022\/09\/Vrai-Faux-Argan_800x800-1.jpg\" \/>\n\t<meta property=\"og:image:width\" content=\"800\" \/>\n\t<meta property=\"og:image:height\" content=\"800\" \/>\n\t<meta property=\"og:image:type\" content=\"image\/jpeg\" \/>\n<meta name=\"twitter:card\" content=\"summary_large_image\" \/>\n<meta name=\"twitter:label1\" content=\"Ber\u00e4knad l\u00e4stid\" \/>\n\t<meta name=\"twitter:data1\" content=\"2 minuter\" \/>\n<script type=\"application\/ld+json\" class=\"yoast-schema-graph\">{\"@context\":\"https:\\\/\\\/schema.org\",\"@graph\":[{\"@type\":\"WebPage\",\"@id\":\"https:\\\/\\\/tibladin.dk\\\/produkt\\\/aegte-saebe-argan\\\/\",\"url\":\"https:\\\/\\\/tibladin.dk\\\/produkt\\\/aegte-saebe-argan\\\/\",\"name\":\"\u00c6gte s\u00e6be | \u00d8kologiske ingredienser | Tibladin\",\"isPartOf\":{\"@id\":\"https:\\\/\\\/tibladin.dk\\\/#website\"},\"primaryImageOfPage\":{\"@id\":\"https:\\\/\\\/tibladin.dk\\\/produkt\\\/aegte-saebe-argan\\\/#primaryimage\"},\"image\":{\"@id\":\"https:\\\/\\\/tibladin.dk\\\/produkt\\\/aegte-saebe-argan\\\/#primaryimage\"},\"thumbnailUrl\":\"https:\\\/\\\/tibladin.dk\\\/wp-content\\\/uploads\\\/2022\\\/09\\\/Vrai-Faux-Argan_800x800-1.jpg\",\"datePublished\":\"2022-09-20T09:17:42+00:00\",\"dateModified\":\"2026-04-03T22:28:32+00:00\",\"description\":\"\u00c6gte s\u00e6be med l\u00e6kre \u00f8kologiske ingredienser. Velduftende og l\u00e6kker p\u00e5 huden. Renser og bl\u00f8dg\u00f8r huden p\u00e5 kroppen og i ansigtet.\",\"breadcrumb\":{\"@id\":\"https:\\\/\\\/tibladin.dk\\\/produkt\\\/aegte-saebe-argan\\\/#breadcrumb\"},\"inLanguage\":\"sv-SE\",\"potentialAction\":[{\"@type\":\"ReadAction\",\"target\":[\"https:\\\/\\\/tibladin.dk\\\/produkt\\\/aegte-saebe-argan\\\/\"]}]},{\"@type\":\"ImageObject\",\"inLanguage\":\"sv-SE\",\"@id\":\"https:\\\/\\\/tibladin.dk\\\/produkt\\\/aegte-saebe-argan\\\/#primaryimage\",\"url\":\"https:\\\/\\\/tibladin.dk\\\/wp-content\\\/uploads\\\/2022\\\/09\\\/Vrai-Faux-Argan_800x800-1.jpg\",\"contentUrl\":\"https:\\\/\\\/tibladin.dk\\\/wp-content\\\/uploads\\\/2022\\\/09\\\/Vrai-Faux-Argan_800x800-1.jpg\",\"width\":800,\"height\":800,\"caption\":\"Vraio Savon s\u00e6be i argan varianten\"},{\"@type\":\"BreadcrumbList\",\"@id\":\"https:\\\/\\\/tibladin.dk\\\/produkt\\\/aegte-saebe-argan\\\/#breadcrumb\",\"itemListElement\":[{\"@type\":\"ListItem\",\"position\":1,\"name\":\"Hjem\",\"item\":\"https:\\\/\\\/tibladin.dk\\\/\"},{\"@type\":\"ListItem\",\"position\":2,\"name\":\"Shop\",\"item\":\"https:\\\/\\\/tibladin.dk\\\/shop\\\/\"},{\"@type\":\"ListItem\",\"position\":3,\"name\":\"\u00c6gte s\u00e6be ARGAN\"}]},{\"@type\":\"WebSite\",\"@id\":\"https:\\\/\\\/tibladin.dk\\\/#website\",\"url\":\"https:\\\/\\\/tibladin.dk\\\/\",\"name\":\"Tibladin\",\"description\":\"Tibladin\",\"publisher\":{\"@id\":\"https:\\\/\\\/tibladin.dk\\\/#organization\"},\"potentialAction\":[{\"@type\":\"SearchAction\",\"target\":{\"@type\":\"EntryPoint\",\"urlTemplate\":\"https:\\\/\\\/tibladin.dk\\\/?s={search_term_string}\"},\"query-input\":{\"@type\":\"PropertyValueSpecification\",\"valueRequired\":true,\"valueName\":\"search_term_string\"}}],\"inLanguage\":\"sv-SE\"},{\"@type\":\"Organization\",\"@id\":\"https:\\\/\\\/tibladin.dk\\\/#organization\",\"name\":\"Tibladin\",\"url\":\"https:\\\/\\\/tibladin.dk\\\/\",\"logo\":{\"@type\":\"ImageObject\",\"inLanguage\":\"sv-SE\",\"@id\":\"https:\\\/\\\/tibladin.dk\\\/#\\\/schema\\\/logo\\\/image\\\/\",\"url\":\"https:\\\/\\\/tibladin.dk\\\/wp-content\\\/uploads\\\/2022\\\/09\\\/tibladin_logo.svg\",\"contentUrl\":\"https:\\\/\\\/tibladin.dk\\\/wp-content\\\/uploads\\\/2022\\\/09\\\/tibladin_logo.svg\",\"caption\":\"Tibladin\"},\"image\":{\"@id\":\"https:\\\/\\\/tibladin.dk\\\/#\\\/schema\\\/logo\\\/image\\\/\"}}]}<\/script>\n<!-- \/ Yoast SEO plugin. -->","yoast_head_json":{"title":"Riktig tv\u00e5l | Ekologiska ingredienser | Tibladin","description":"Riktig tv\u00e5l med l\u00e4ckra ekologiska ingredienser. Doftande och l\u00e4cker p\u00e5 huden. Reng\u00f6r och mjukg\u00f6r huden p\u00e5 kropp och ansikte.","robots":{"index":"index","follow":"follow","max-snippet":"max-snippet:-1","max-image-preview":"max-image-preview:large","max-video-preview":"max-video-preview:-1"},"canonical":"https:\/\/tibladin.dk\/sv\/produkt\/akta-tvaalargan\/","og_locale":"sv_SE","og_type":"article","og_title":"\u00c6gte s\u00e6be | \u00d8kologiske ingredienser | Tibladin","og_description":"\u00c6gte s\u00e6be med l\u00e6kre \u00f8kologiske ingredienser. Velduftende og l\u00e6kker p\u00e5 huden. Renser og bl\u00f8dg\u00f8r huden p\u00e5 kroppen og i ansigtet.","og_url":"https:\/\/tibladin.dk\/sv\/produkt\/akta-tvaalargan\/","og_site_name":"Tibladin","article_modified_time":"2026-04-03T22:28:32+00:00","og_image":[{"width":800,"height":800,"url":"https:\/\/tibladin.dk\/wp-content\/uploads\/2022\/09\/Vrai-Faux-Argan_800x800-1.jpg","type":"image\/jpeg"}],"twitter_card":"summary_large_image","twitter_misc":{"Ber\u00e4knad l\u00e4stid":"2 minuter"},"schema":{"@context":"https:\/\/schema.org","@graph":[{"@type":"WebPage","@id":"https:\/\/tibladin.dk\/produkt\/aegte-saebe-argan\/","url":"https:\/\/tibladin.dk\/produkt\/aegte-saebe-argan\/","name":"Riktig tv\u00e5l | Ekologiska ingredienser | Tibladin","isPartOf":{"@id":"https:\/\/tibladin.dk\/#website"},"primaryImageOfPage":{"@id":"https:\/\/tibladin.dk\/produkt\/aegte-saebe-argan\/#primaryimage"},"image":{"@id":"https:\/\/tibladin.dk\/produkt\/aegte-saebe-argan\/#primaryimage"},"thumbnailUrl":"https:\/\/tibladin.dk\/wp-content\/uploads\/2022\/09\/Vrai-Faux-Argan_800x800-1.jpg","datePublished":"2022-09-20T09:17:42+00:00","dateModified":"2026-04-03T22:28:32+00:00","description":"Riktig tv\u00e5l med l\u00e4ckra ekologiska ingredienser. Doftande och l\u00e4cker p\u00e5 huden. Reng\u00f6r och mjukg\u00f6r huden p\u00e5 kropp och ansikte.","breadcrumb":{"@id":"https:\/\/tibladin.dk\/produkt\/aegte-saebe-argan\/#breadcrumb"},"inLanguage":"sv-SE","potentialAction":[{"@type":"ReadAction","target":["https:\/\/tibladin.dk\/produkt\/aegte-saebe-argan\/"]}]},{"@type":"ImageObject","inLanguage":"sv-SE","@id":"https:\/\/tibladin.dk\/produkt\/aegte-saebe-argan\/#primaryimage","url":"https:\/\/tibladin.dk\/wp-content\/uploads\/2022\/09\/Vrai-Faux-Argan_800x800-1.jpg","contentUrl":"https:\/\/tibladin.dk\/wp-content\/uploads\/2022\/09\/Vrai-Faux-Argan_800x800-1.jpg","width":800,"height":800,"caption":"Vraio Savon s\u00e6be i argan varianten"},{"@type":"BreadcrumbList","@id":"https:\/\/tibladin.dk\/produkt\/aegte-saebe-argan\/#breadcrumb","itemListElement":[{"@type":"ListItem","position":1,"name":"Hjem","item":"https:\/\/tibladin.dk\/"},{"@type":"ListItem","position":2,"name":"Shop","item":"https:\/\/tibladin.dk\/shop\/"},{"@type":"ListItem","position":3,"name":"\u00c6gte s\u00e6be ARGAN"}]},{"@type":"WebSite","@id":"https:\/\/tibladin.dk\/#website","url":"https:\/\/tibladin.dk\/","name":"Tibladin","description":"Tibladin","publisher":{"@id":"https:\/\/tibladin.dk\/#organization"},"potentialAction":[{"@type":"SearchAction","target":{"@type":"EntryPoint","urlTemplate":"https:\/\/tibladin.dk\/?s={search_term_string}"},"query-input":{"@type":"PropertyValueSpecification","valueRequired":true,"valueName":"search_term_string"}}],"inLanguage":"sv-SE"},{"@type":"Organization","@id":"https:\/\/tibladin.dk\/#organization","name":"Tibladin","url":"https:\/\/tibladin.dk\/","logo":{"@type":"ImageObject","inLanguage":"sv-SE","@id":"https:\/\/tibladin.dk\/#\/schema\/logo\/image\/","url":"https:\/\/tibladin.dk\/wp-content\/uploads\/2022\/09\/tibladin_logo.svg","contentUrl":"https:\/\/tibladin.dk\/wp-content\/uploads\/2022\/09\/tibladin_logo.svg","caption":"Tibladin"},"image":{"@id":"https:\/\/tibladin.dk\/#\/schema\/logo\/image\/"}}]}},"_links":{"self":[{"href":"https:\/\/tibladin.dk\/sv\/wp-json\/wp\/v2\/product\/2612","targetHints":{"allow":["GET"]}}],"collection":[{"href":"https:\/\/tibladin.dk\/sv\/wp-json\/wp\/v2\/product"}],"about":[{"href":"https:\/\/tibladin.dk\/sv\/wp-json\/wp\/v2\/types\/product"}],"wp:featuredmedia":[{"embeddable":true,"href":"https:\/\/tibladin.dk\/sv\/wp-json\/wp\/v2\/media\/2611"}],"wp:attachment":[{"href":"https:\/\/tibladin.dk\/sv\/wp-json\/wp\/v2\/media?parent=2612"}],"wp:term":[{"taxonomy":"product_brand","embeddable":true,"href":"https:\/\/tibladin.dk\/sv\/wp-json\/wp\/v2\/product_brand?post=2612"},{"taxonomy":"product_cat","embeddable":true,"href":"https:\/\/tibladin.dk\/sv\/wp-json\/wp\/v2\/product_cat?post=2612"},{"taxonomy":"product_tag","embeddable":true,"href":"https:\/\/tibladin.dk\/sv\/wp-json\/wp\/v2\/product_tag?post=2612"}],"curies":[{"name":"wp","href":"https:\/\/api.w.org\/{rel}","templated":true}]}}