{"id":285,"date":"2022-09-20T11:00:30","date_gmt":"2022-09-20T09:00:30","guid":{"rendered":"https:\/\/tibladin.dk\/?post_type=product&#038;p=285"},"modified":"2025-07-23T13:46:16","modified_gmt":"2025-07-23T11:46:16","slug":"virkat-nat","status":"publish","type":"product","link":"https:\/\/tibladin.dk\/sv\/produkt\/haeklet-net\/","title":{"rendered":"Virkat n\u00e4t"},"content":{"rendered":"<div class=\"wpb-content-wrapper\"><div class=\"vc_row wpb_row vc_row-fluid\"><div class=\"wpb_column vc_column_container vc_col-sm-4\"><div class=\"vc_column-inner\"><div class=\"wpb_wrapper\">\n\t<div class=\"wpb_video_widget wpb_content_element vc_clearfix   vc_video-aspect-ratio-43 vc_video-el-width-100 vc_video-align-left\" >\n\t\t<div class=\"wpb_wrapper\">\n\t\t\t\n\t\t\t<div class=\"wpb_video_wrapper\"><div class=\"video-container\"><iframe loading=\"lazy\" title=\"Kvinnokooperativet Marrakech\" src=\"https:\/\/player.vimeo.com\/video\/416218536?dnt=1&amp;app_id=122963\" width=\"500\" height=\"281\" frameborder=\"0\" allow=\"autoplay; fullscreen; picture-in-picture\"><\/iframe><\/div><\/div>\n\t\t<\/div>\n\t<\/div>\n<\/div><\/div><\/div><div class=\"wpb_column vc_column_container vc_col-sm-4\"><div class=\"vc_column-inner\"><div class=\"wpb_wrapper\"><h3 style=\"text-align: left;font-family:Abril Fatface;font-weight:400;font-style:normal\" class=\"vc_custom_heading vc_do_custom_heading\" >Underh\u00e5ll<\/h3>\n\t<div class=\"wpb_text_column wpb_content_element\" >\n\t\t<div class=\"wpb_wrapper\">\n\t\t\t<p>N\u00e4ten kan tv\u00e4ttas i maskin i 40 grader. De kan krympa lite n\u00e4r de tv\u00e4ttas.<\/p>\n<p>M\u00e5tten \u00e4r v\u00e4gledande, eftersom de \u00e4r handgjorda \u00e4r de inte alla exakt lika stora.<\/p>\n\n\t\t<\/div>\n\t<\/div>\n<\/div><\/div><\/div><div class=\"wpb_column vc_column_container vc_col-sm-4\"><div class=\"vc_column-inner\"><div class=\"wpb_wrapper\"><h3 style=\"text-align: left;font-family:Abril Fatface;font-weight:400;font-style:normal\" class=\"vc_custom_heading vc_do_custom_heading\" >Historien bakom<\/h3>\n\t<div class=\"wpb_text_column wpb_content_element\" >\n\t\t<div class=\"wpb_wrapper\">\n\t\t\t<p>Det har blivit v\u00e4ldigt moderiktigt att b\u00e4ra n\u00e4t och g\u00e4rna med stora maskor, s\u00e5 att n\u00e4tet blir en liten skyltf\u00f6nster f\u00f6r vad man har i v\u00e4skan. N\u00e4ten \u00e4r inte bara gjorda av h\u00e5llbara material, utan uppmuntrar ocks\u00e5 till en mer h\u00e5llbar livsstil. Byt ut plastp\u00e5sen mot ett \u00e5teranv\u00e4ndbart n\u00e4t. Anv\u00e4nd den till din shopping, till strandresan, till tr\u00e4ningskl\u00e4derna eller som v\u00e4ska n\u00e4r du g\u00e5r ut.<\/p>\n<p>N\u00e4ten \u00e4r handvirkade med stora stygn och i mycket starkt material. Det g\u00f6r processen ganska h\u00e5rd f\u00f6r h\u00e4nderna, men kvinnorna som har tillverkat n\u00e4ten fr\u00e5n ett kvinnokooperativ s\u00f6der om Marrakech i Marocko \u00e4r skickliga och har m\u00e5nga \u00e5rs erfarenhet av kvalitetshandarbete.<\/p>\n\n\t\t<\/div>\n\t<\/div>\n<\/div><\/div><\/div><\/div>\n<\/div>","protected":false},"excerpt":{"rendered":"<p>Handvirkade n\u00e4t finns i 4 olika f\u00e4rger: guld, vit, svart och bl\u00e5 och kan anv\u00e4ndas som strandn\u00e4t, shoppingn\u00e4t eller till dina sportkl\u00e4der.<\/p>\n<p>\u00c4r l\u00e4tt att f\u00e4lla ihop och l\u00e4gga i p\u00e5sen, s\u00e5 att du alltid har ett n\u00e4t till hands och sparar p\u00e5 plastp\u00e5sen.<\/p>\n<p>M\u00e4ter ca. 50 x 50 cm - m\u00e5tten \u00e4r v\u00e4gledande d\u00e5 de \u00e4r unika skapelser och det kan f\u00f6rekomma variationer i storlek.<\/p>","protected":false},"featured_media":292,"template":"","meta":{"inline_featured_image":false},"product_brand":[],"product_cat":[27,29,31,32],"product_tag":[],"class_list":{"0":"post-285","1":"product","2":"type-product","3":"status-publish","4":"has-post-thumbnail","6":"product_cat-diverse","7":"product_cat-gaven-til-den-unge-pige","8":"product_cat-tasker","9":"product_cat-tilbud","11":"first","12":"instock","13":"sale","14":"taxable","15":"shipping-taxable","16":"purchasable","17":"product-type-variable"},"exclude_global_add_ons":false,"addons":[{"name":"Vill du ha presentinslagning?","type":"checkbox","position":0,"required":false,"title_format":"label","default":"","description_enable":false,"description":"","placeholder_enable":false,"placeholder":"","display":"images","restrictions_type":"any_text","adjust_price":false,"price":"","price_type":"flat_fee","restrictions":false,"min":"0","max":"0","options":[{"label":"Ja tak","price":"10","price_type":"flat_fee","image":11015,"visibility":true}],"id":1669646111}],"yoast_head":"<!-- This site is optimized with the Yoast SEO plugin v27.5 - https:\/\/yoast.com\/product\/yoast-seo-wordpress\/ -->\n<title>H\u00e5ndh\u00e6klet net af 100% bomuldsgarn - Tibladin<\/title>\n<meta name=\"description\" content=\"H\u00e5ndh\u00e6klede net i 100% bomuldsgarn udviklet i Marrakesh i Marokko. Nettene f\u00e5es i 4 forskellige farver: guld, hvid, sort og bl\u00e5.\" \/>\n<meta name=\"robots\" content=\"index, follow, max-snippet:-1, max-image-preview:large, max-video-preview:-1\" \/>\n<link rel=\"canonical\" href=\"https:\/\/tibladin.dk\/sv\/produkt\/virkat-nat\/\" \/>\n<meta property=\"og:locale\" content=\"sv_SE\" \/>\n<meta property=\"og:type\" content=\"article\" \/>\n<meta property=\"og:title\" content=\"H\u00e5ndh\u00e6klet net af 100% bomuldsgarn - Tibladin\" \/>\n<meta property=\"og:description\" content=\"H\u00e5ndh\u00e6klede net i 100% bomuldsgarn udviklet i Marrakesh i Marokko. Nettene f\u00e5es i 4 forskellige farver: guld, hvid, sort og bl\u00e5.\" \/>\n<meta property=\"og:url\" content=\"https:\/\/tibladin.dk\/sv\/produkt\/virkat-nat\/\" \/>\n<meta property=\"og:site_name\" content=\"Tibladin\" \/>\n<meta property=\"article:modified_time\" content=\"2025-07-23T11:46:16+00:00\" \/>\n<meta property=\"og:image\" content=\"https:\/\/tibladin.dk\/wp-content\/uploads\/2022\/09\/Tibladin_marokkansk-haeklet-net_guld_800x800-1.jpg\" \/>\n\t<meta property=\"og:image:width\" content=\"800\" \/>\n\t<meta property=\"og:image:height\" content=\"800\" \/>\n\t<meta property=\"og:image:type\" content=\"image\/jpeg\" \/>\n<meta name=\"twitter:card\" content=\"summary_large_image\" \/>\n<meta name=\"twitter:label1\" content=\"Ber\u00e4knad l\u00e4stid\" \/>\n\t<meta name=\"twitter:data1\" content=\"2 minuter\" \/>\n<script type=\"application\/ld+json\" class=\"yoast-schema-graph\">{\"@context\":\"https:\\\/\\\/schema.org\",\"@graph\":[{\"@type\":\"WebPage\",\"@id\":\"https:\\\/\\\/tibladin.dk\\\/produkt\\\/haeklet-net\\\/\",\"url\":\"https:\\\/\\\/tibladin.dk\\\/produkt\\\/haeklet-net\\\/\",\"name\":\"H\u00e5ndh\u00e6klet net af 100% bomuldsgarn - Tibladin\",\"isPartOf\":{\"@id\":\"https:\\\/\\\/tibladin.dk\\\/#website\"},\"primaryImageOfPage\":{\"@id\":\"https:\\\/\\\/tibladin.dk\\\/produkt\\\/haeklet-net\\\/#primaryimage\"},\"image\":{\"@id\":\"https:\\\/\\\/tibladin.dk\\\/produkt\\\/haeklet-net\\\/#primaryimage\"},\"thumbnailUrl\":\"https:\\\/\\\/tibladin.dk\\\/wp-content\\\/uploads\\\/2022\\\/09\\\/Tibladin_marokkansk-haeklet-net_guld_800x800-1.jpg\",\"datePublished\":\"2022-09-20T09:00:30+00:00\",\"dateModified\":\"2025-07-23T11:46:16+00:00\",\"description\":\"H\u00e5ndh\u00e6klede net i 100% bomuldsgarn udviklet i Marrakesh i Marokko. Nettene f\u00e5es i 4 forskellige farver: guld, hvid, sort og bl\u00e5.\",\"breadcrumb\":{\"@id\":\"https:\\\/\\\/tibladin.dk\\\/produkt\\\/haeklet-net\\\/#breadcrumb\"},\"inLanguage\":\"sv-SE\",\"potentialAction\":[{\"@type\":\"ReadAction\",\"target\":[\"https:\\\/\\\/tibladin.dk\\\/produkt\\\/haeklet-net\\\/\"]}]},{\"@type\":\"ImageObject\",\"inLanguage\":\"sv-SE\",\"@id\":\"https:\\\/\\\/tibladin.dk\\\/produkt\\\/haeklet-net\\\/#primaryimage\",\"url\":\"https:\\\/\\\/tibladin.dk\\\/wp-content\\\/uploads\\\/2022\\\/09\\\/Tibladin_marokkansk-haeklet-net_guld_800x800-1.jpg\",\"contentUrl\":\"https:\\\/\\\/tibladin.dk\\\/wp-content\\\/uploads\\\/2022\\\/09\\\/Tibladin_marokkansk-haeklet-net_guld_800x800-1.jpg\",\"width\":800,\"height\":800,\"caption\":\"Model der holder h\u00e6klet net\"},{\"@type\":\"BreadcrumbList\",\"@id\":\"https:\\\/\\\/tibladin.dk\\\/produkt\\\/haeklet-net\\\/#breadcrumb\",\"itemListElement\":[{\"@type\":\"ListItem\",\"position\":1,\"name\":\"Hjem\",\"item\":\"https:\\\/\\\/tibladin.dk\\\/\"},{\"@type\":\"ListItem\",\"position\":2,\"name\":\"Shop\",\"item\":\"https:\\\/\\\/tibladin.dk\\\/shop\\\/\"},{\"@type\":\"ListItem\",\"position\":3,\"name\":\"H\u00e6klet net\"}]},{\"@type\":\"WebSite\",\"@id\":\"https:\\\/\\\/tibladin.dk\\\/#website\",\"url\":\"https:\\\/\\\/tibladin.dk\\\/\",\"name\":\"Tibladin\",\"description\":\"Tibladin\",\"publisher\":{\"@id\":\"https:\\\/\\\/tibladin.dk\\\/#organization\"},\"potentialAction\":[{\"@type\":\"SearchAction\",\"target\":{\"@type\":\"EntryPoint\",\"urlTemplate\":\"https:\\\/\\\/tibladin.dk\\\/?s={search_term_string}\"},\"query-input\":{\"@type\":\"PropertyValueSpecification\",\"valueRequired\":true,\"valueName\":\"search_term_string\"}}],\"inLanguage\":\"sv-SE\"},{\"@type\":\"Organization\",\"@id\":\"https:\\\/\\\/tibladin.dk\\\/#organization\",\"name\":\"Tibladin\",\"url\":\"https:\\\/\\\/tibladin.dk\\\/\",\"logo\":{\"@type\":\"ImageObject\",\"inLanguage\":\"sv-SE\",\"@id\":\"https:\\\/\\\/tibladin.dk\\\/#\\\/schema\\\/logo\\\/image\\\/\",\"url\":\"https:\\\/\\\/tibladin.dk\\\/wp-content\\\/uploads\\\/2022\\\/09\\\/tibladin_logo.svg\",\"contentUrl\":\"https:\\\/\\\/tibladin.dk\\\/wp-content\\\/uploads\\\/2022\\\/09\\\/tibladin_logo.svg\",\"caption\":\"Tibladin\"},\"image\":{\"@id\":\"https:\\\/\\\/tibladin.dk\\\/#\\\/schema\\\/logo\\\/image\\\/\"}}]}<\/script>\n<!-- \/ Yoast SEO plugin. -->","yoast_head_json":{"title":"Handvirkat n\u00e4t fr\u00e5n 100% bomullsgarn - Tibladin","description":"Handvirkade n\u00e4t i 100% bomullsgarn utvecklat i Marrakech, Marocko. N\u00e4ten finns i 4 olika f\u00e4rger: guld, vit, svart och bl\u00e5.","robots":{"index":"index","follow":"follow","max-snippet":"max-snippet:-1","max-image-preview":"max-image-preview:large","max-video-preview":"max-video-preview:-1"},"canonical":"https:\/\/tibladin.dk\/sv\/produkt\/virkat-nat\/","og_locale":"sv_SE","og_type":"article","og_title":"H\u00e5ndh\u00e6klet net af 100% bomuldsgarn - Tibladin","og_description":"H\u00e5ndh\u00e6klede net i 100% bomuldsgarn udviklet i Marrakesh i Marokko. Nettene f\u00e5es i 4 forskellige farver: guld, hvid, sort og bl\u00e5.","og_url":"https:\/\/tibladin.dk\/sv\/produkt\/virkat-nat\/","og_site_name":"Tibladin","article_modified_time":"2025-07-23T11:46:16+00:00","og_image":[{"width":800,"height":800,"url":"https:\/\/tibladin.dk\/wp-content\/uploads\/2022\/09\/Tibladin_marokkansk-haeklet-net_guld_800x800-1.jpg","type":"image\/jpeg"}],"twitter_card":"summary_large_image","twitter_misc":{"Ber\u00e4knad l\u00e4stid":"2 minuter"},"schema":{"@context":"https:\/\/schema.org","@graph":[{"@type":"WebPage","@id":"https:\/\/tibladin.dk\/produkt\/haeklet-net\/","url":"https:\/\/tibladin.dk\/produkt\/haeklet-net\/","name":"Handvirkat n\u00e4t fr\u00e5n 100% bomullsgarn - Tibladin","isPartOf":{"@id":"https:\/\/tibladin.dk\/#website"},"primaryImageOfPage":{"@id":"https:\/\/tibladin.dk\/produkt\/haeklet-net\/#primaryimage"},"image":{"@id":"https:\/\/tibladin.dk\/produkt\/haeklet-net\/#primaryimage"},"thumbnailUrl":"https:\/\/tibladin.dk\/wp-content\/uploads\/2022\/09\/Tibladin_marokkansk-haeklet-net_guld_800x800-1.jpg","datePublished":"2022-09-20T09:00:30+00:00","dateModified":"2025-07-23T11:46:16+00:00","description":"Handvirkade n\u00e4t i 100% bomullsgarn utvecklat i Marrakech, Marocko. N\u00e4ten finns i 4 olika f\u00e4rger: guld, vit, svart och bl\u00e5.","breadcrumb":{"@id":"https:\/\/tibladin.dk\/produkt\/haeklet-net\/#breadcrumb"},"inLanguage":"sv-SE","potentialAction":[{"@type":"ReadAction","target":["https:\/\/tibladin.dk\/produkt\/haeklet-net\/"]}]},{"@type":"ImageObject","inLanguage":"sv-SE","@id":"https:\/\/tibladin.dk\/produkt\/haeklet-net\/#primaryimage","url":"https:\/\/tibladin.dk\/wp-content\/uploads\/2022\/09\/Tibladin_marokkansk-haeklet-net_guld_800x800-1.jpg","contentUrl":"https:\/\/tibladin.dk\/wp-content\/uploads\/2022\/09\/Tibladin_marokkansk-haeklet-net_guld_800x800-1.jpg","width":800,"height":800,"caption":"Model der holder h\u00e6klet net"},{"@type":"BreadcrumbList","@id":"https:\/\/tibladin.dk\/produkt\/haeklet-net\/#breadcrumb","itemListElement":[{"@type":"ListItem","position":1,"name":"Hjem","item":"https:\/\/tibladin.dk\/"},{"@type":"ListItem","position":2,"name":"Shop","item":"https:\/\/tibladin.dk\/shop\/"},{"@type":"ListItem","position":3,"name":"H\u00e6klet net"}]},{"@type":"WebSite","@id":"https:\/\/tibladin.dk\/#website","url":"https:\/\/tibladin.dk\/","name":"Tibladin","description":"Tibladin","publisher":{"@id":"https:\/\/tibladin.dk\/#organization"},"potentialAction":[{"@type":"SearchAction","target":{"@type":"EntryPoint","urlTemplate":"https:\/\/tibladin.dk\/?s={search_term_string}"},"query-input":{"@type":"PropertyValueSpecification","valueRequired":true,"valueName":"search_term_string"}}],"inLanguage":"sv-SE"},{"@type":"Organization","@id":"https:\/\/tibladin.dk\/#organization","name":"Tibladin","url":"https:\/\/tibladin.dk\/","logo":{"@type":"ImageObject","inLanguage":"sv-SE","@id":"https:\/\/tibladin.dk\/#\/schema\/logo\/image\/","url":"https:\/\/tibladin.dk\/wp-content\/uploads\/2022\/09\/tibladin_logo.svg","contentUrl":"https:\/\/tibladin.dk\/wp-content\/uploads\/2022\/09\/tibladin_logo.svg","caption":"Tibladin"},"image":{"@id":"https:\/\/tibladin.dk\/#\/schema\/logo\/image\/"}}]}},"_links":{"self":[{"href":"https:\/\/tibladin.dk\/sv\/wp-json\/wp\/v2\/product\/285","targetHints":{"allow":["GET"]}}],"collection":[{"href":"https:\/\/tibladin.dk\/sv\/wp-json\/wp\/v2\/product"}],"about":[{"href":"https:\/\/tibladin.dk\/sv\/wp-json\/wp\/v2\/types\/product"}],"wp:featuredmedia":[{"embeddable":true,"href":"https:\/\/tibladin.dk\/sv\/wp-json\/wp\/v2\/media\/292"}],"wp:attachment":[{"href":"https:\/\/tibladin.dk\/sv\/wp-json\/wp\/v2\/media?parent=285"}],"wp:term":[{"taxonomy":"product_brand","embeddable":true,"href":"https:\/\/tibladin.dk\/sv\/wp-json\/wp\/v2\/product_brand?post=285"},{"taxonomy":"product_cat","embeddable":true,"href":"https:\/\/tibladin.dk\/sv\/wp-json\/wp\/v2\/product_cat?post=285"},{"taxonomy":"product_tag","embeddable":true,"href":"https:\/\/tibladin.dk\/sv\/wp-json\/wp\/v2\/product_tag?post=285"}],"curies":[{"name":"wp","href":"https:\/\/api.w.org\/{rel}","templated":true}]}}