{"id":30496,"date":"2024-06-22T20:09:30","date_gmt":"2024-06-22T18:09:30","guid":{"rendered":"https:\/\/tibladin.dk\/?post_type=product&#038;p=30496"},"modified":"2025-12-16T10:38:49","modified_gmt":"2025-12-16T09:38:49","slug":"rustikt-lerfat-20-cm","status":"publish","type":"product","link":"https:\/\/tibladin.dk\/sv\/produkt\/rustikt-lerfad-20-cm\/","title":{"rendered":"Rustikt lerfat 20 cm."},"content":{"rendered":"<div class=\"wpb-content-wrapper\"><div class=\"vc_row wpb_row vc_row-fluid\"><div class=\"wpb_column vc_column_container vc_col-sm-4\"><div class=\"vc_column-inner\"><div class=\"wpb_wrapper\"><\/div><\/div><\/div><div class=\"wpb_column vc_column_container vc_col-sm-4\"><div class=\"vc_column-inner\"><div class=\"wpb_wrapper\"><h3 style=\"text-align: left\" class=\"vc_custom_heading vc_do_custom_heading\" >Underh\u00e5ll<\/h3>\n\t<div class=\"wpb_text_column wpb_content_element\" >\n\t\t<div class=\"wpb_wrapper\">\n\t\t\t<p>Innan du anv\u00e4nder sk\u00e5len, tv\u00e4tta den noggrant och l\u00e4gg den \u00f6ver natten i ett vattenbad. Dagen efter tas r\u00e4tten upp och torkas. N\u00e4r sk\u00e5len \u00e4r helt torr gnuggas den med en vegetabilisk olja (raps eller solros) och \u00e4r nu klar att anv\u00e4ndas. Sk\u00e5len \u00e4r ugns- och spiss\u00e4ker - b\u00e5de keramiska och gasolbr\u00e4nnare.<\/p>\n\n\t\t<\/div>\n\t<\/div>\n<\/div><\/div><\/div><div class=\"wpb_column vc_column_container vc_col-sm-4\"><div class=\"vc_column-inner\"><div class=\"wpb_wrapper\"><h3 style=\"text-align: left\" class=\"vc_custom_heading vc_do_custom_heading\" >Historien bakom<\/h3>\n\t<div class=\"wpb_text_column wpb_content_element\" >\n\t\t<div class=\"wpb_wrapper\">\n\t\t\t<p>Helt autentisk handsvarvad lerfat. Oglaserad och r\u00e5. Otroligt vackert till olika serveringar, f\u00f6r att tillaga en l\u00e4cker grat\u00e4ng eller gambas a la plancha (stor dart \u00e4ven r\u00e4kor i chili och vitl\u00f6k) Maten kan du laga direkt i r\u00e4tten.<\/p>\n<p>Passar bra med de r\u00e5a <a href=\"https:\/\/tibladin.dk\/sv\/produkt\/tagine-i-oglaserat-lergods-for-matlagning-2\/\">tagines<\/a> i stengods.<\/p>\n\n\t\t<\/div>\n\t<\/div>\n<\/div><\/div><\/div><\/div>\n<\/div>","protected":false},"excerpt":{"rendered":"<p>Rustikt fat i oglaserat lergods 20 cm i diameter och 5 cm h\u00f6gt. Handsv\u00e4ngd i Ourika-bergen i Marrakech efter traditionella hantverkstraditioner. Sk\u00e5len kan anv\u00e4ndas f\u00f6r att laga mat direkt i ugnen eller p\u00e5 h\u00e4llen och gasolbr\u00e4nnaren.<\/p>\n<p>Innan du anv\u00e4nder den f\u00f6r f\u00f6rsta g\u00e5ngen, bl\u00f6tl\u00e4gg sk\u00e5len i vatten \u00f6ver natten. N\u00e4r det \u00e4r torrt, sm\u00f6rj in det med lite matolja.<\/p>\n<p>Anv\u00e4nd r\u00e4tten f\u00f6r att tillaga Gambas a la Plancha, grat\u00e4nger eller som serveringsfat. Dekorerar \u00e4ven bordet vackert n\u00e4r det inte anv\u00e4nds.<\/p>\n<p>Sk\u00e5len \u00e4r rustikt tillverkad och det kan f\u00f6rekomma sm\u00e5 brister och brister, och storleken kan variera n\u00e5got fr\u00e5n r\u00e4tt till r\u00e4tt.<\/p>","protected":false},"featured_media":30519,"template":"","meta":{"inline_featured_image":false},"product_brand":[],"product_cat":[33,47,139],"product_tag":[],"class_list":{"0":"post-30496","1":"product","2":"type-product","3":"status-publish","4":"has-post-thumbnail","6":"product_cat-borddaekning","7":"product_cat-gaven-til-ham","8":"product_cat-marokkansk-keramik","10":"first","11":"outofstock","12":"taxable","13":"shipping-taxable","14":"purchasable","15":"product-type-simple"},"exclude_global_add_ons":false,"addons":[{"name":"Vill du ha presentinslagning?","type":"checkbox","position":0,"required":false,"title_format":"label","default":"","description_enable":false,"description":"","placeholder_enable":false,"placeholder":"","display":"images","restrictions_type":"any_text","adjust_price":false,"price":"","price_type":"flat_fee","restrictions":false,"min":"0","max":"0","options":[{"label":"Ja tak","price":"10","price_type":"flat_fee","image":11015,"visibility":true}],"id":1669646111}],"yoast_head":"<!-- This site is optimized with the Yoast SEO plugin v27.4 - https:\/\/yoast.com\/product\/yoast-seo-wordpress\/ -->\n<title>Marokkansk rustikt lerfad | til tilberedning og serveringer | Tibladin<\/title>\n<meta name=\"description\" content=\"Lille rustikt lerfad i uglaseret keramik som du kan lave sm\u00e5 tilberedninger i eller bruge som serveringsfad. H\u00e5nddrejet i Marokko.\" \/>\n<meta name=\"robots\" content=\"index, follow, max-snippet:-1, max-image-preview:large, max-video-preview:-1\" \/>\n<link rel=\"canonical\" href=\"https:\/\/tibladin.dk\/sv\/produkt\/rustikt-lerfat-20-cm\/\" \/>\n<meta property=\"og:locale\" content=\"sv_SE\" \/>\n<meta property=\"og:type\" content=\"article\" \/>\n<meta property=\"og:title\" content=\"Marokkansk rustikt lerfad | til tilberedning og serveringer | Tibladin\" \/>\n<meta property=\"og:description\" content=\"Lille rustikt lerfad i uglaseret keramik som du kan lave sm\u00e5 tilberedninger i eller bruge som serveringsfad. H\u00e5nddrejet i Marokko.\" \/>\n<meta property=\"og:url\" content=\"https:\/\/tibladin.dk\/sv\/produkt\/rustikt-lerfat-20-cm\/\" \/>\n<meta property=\"og:site_name\" content=\"Tibladin\" \/>\n<meta property=\"article:modified_time\" content=\"2025-12-16T09:38:49+00:00\" \/>\n<meta property=\"og:image\" content=\"https:\/\/tibladin.dk\/wp-content\/uploads\/2024\/06\/Autentisk-lerfad_12.jpg\" \/>\n\t<meta property=\"og:image:width\" content=\"800\" \/>\n\t<meta property=\"og:image:height\" content=\"800\" \/>\n\t<meta property=\"og:image:type\" content=\"image\/jpeg\" \/>\n<meta name=\"twitter:card\" content=\"summary_large_image\" \/>\n<meta name=\"twitter:label1\" content=\"Ber\u00e4knad l\u00e4stid\" \/>\n\t<meta name=\"twitter:data1\" content=\"2 minuter\" \/>\n<script type=\"application\/ld+json\" class=\"yoast-schema-graph\">{\"@context\":\"https:\\\/\\\/schema.org\",\"@graph\":[{\"@type\":\"WebPage\",\"@id\":\"https:\\\/\\\/tibladin.dk\\\/produkt\\\/rustikt-lerfad-20-cm\\\/\",\"url\":\"https:\\\/\\\/tibladin.dk\\\/produkt\\\/rustikt-lerfad-20-cm\\\/\",\"name\":\"Marokkansk rustikt lerfad | til tilberedning og serveringer | Tibladin\",\"isPartOf\":{\"@id\":\"https:\\\/\\\/tibladin.dk\\\/#website\"},\"primaryImageOfPage\":{\"@id\":\"https:\\\/\\\/tibladin.dk\\\/produkt\\\/rustikt-lerfad-20-cm\\\/#primaryimage\"},\"image\":{\"@id\":\"https:\\\/\\\/tibladin.dk\\\/produkt\\\/rustikt-lerfad-20-cm\\\/#primaryimage\"},\"thumbnailUrl\":\"https:\\\/\\\/tibladin.dk\\\/wp-content\\\/uploads\\\/2024\\\/06\\\/Autentisk-lerfad_12.jpg\",\"datePublished\":\"2024-06-22T18:09:30+00:00\",\"dateModified\":\"2025-12-16T09:38:49+00:00\",\"description\":\"Lille rustikt lerfad i uglaseret keramik som du kan lave sm\u00e5 tilberedninger i eller bruge som serveringsfad. H\u00e5nddrejet i Marokko.\",\"breadcrumb\":{\"@id\":\"https:\\\/\\\/tibladin.dk\\\/produkt\\\/rustikt-lerfad-20-cm\\\/#breadcrumb\"},\"inLanguage\":\"sv-SE\",\"potentialAction\":[{\"@type\":\"ReadAction\",\"target\":[\"https:\\\/\\\/tibladin.dk\\\/produkt\\\/rustikt-lerfad-20-cm\\\/\"]}]},{\"@type\":\"ImageObject\",\"inLanguage\":\"sv-SE\",\"@id\":\"https:\\\/\\\/tibladin.dk\\\/produkt\\\/rustikt-lerfad-20-cm\\\/#primaryimage\",\"url\":\"https:\\\/\\\/tibladin.dk\\\/wp-content\\\/uploads\\\/2024\\\/06\\\/Autentisk-lerfad_12.jpg\",\"contentUrl\":\"https:\\\/\\\/tibladin.dk\\\/wp-content\\\/uploads\\\/2024\\\/06\\\/Autentisk-lerfad_12.jpg\",\"width\":800,\"height\":800,\"caption\":\"rustikt lerfad 20 cm i diameter\"},{\"@type\":\"BreadcrumbList\",\"@id\":\"https:\\\/\\\/tibladin.dk\\\/produkt\\\/rustikt-lerfad-20-cm\\\/#breadcrumb\",\"itemListElement\":[{\"@type\":\"ListItem\",\"position\":1,\"name\":\"Hjem\",\"item\":\"https:\\\/\\\/tibladin.dk\\\/\"},{\"@type\":\"ListItem\",\"position\":2,\"name\":\"Shop\",\"item\":\"https:\\\/\\\/tibladin.dk\\\/shop\\\/\"},{\"@type\":\"ListItem\",\"position\":3,\"name\":\"Rustikt lerfad 20 cm.\"}]},{\"@type\":\"WebSite\",\"@id\":\"https:\\\/\\\/tibladin.dk\\\/#website\",\"url\":\"https:\\\/\\\/tibladin.dk\\\/\",\"name\":\"Tibladin\",\"description\":\"Tibladin\",\"publisher\":{\"@id\":\"https:\\\/\\\/tibladin.dk\\\/#organization\"},\"potentialAction\":[{\"@type\":\"SearchAction\",\"target\":{\"@type\":\"EntryPoint\",\"urlTemplate\":\"https:\\\/\\\/tibladin.dk\\\/?s={search_term_string}\"},\"query-input\":{\"@type\":\"PropertyValueSpecification\",\"valueRequired\":true,\"valueName\":\"search_term_string\"}}],\"inLanguage\":\"sv-SE\"},{\"@type\":\"Organization\",\"@id\":\"https:\\\/\\\/tibladin.dk\\\/#organization\",\"name\":\"Tibladin\",\"url\":\"https:\\\/\\\/tibladin.dk\\\/\",\"logo\":{\"@type\":\"ImageObject\",\"inLanguage\":\"sv-SE\",\"@id\":\"https:\\\/\\\/tibladin.dk\\\/#\\\/schema\\\/logo\\\/image\\\/\",\"url\":\"https:\\\/\\\/tibladin.dk\\\/wp-content\\\/uploads\\\/2022\\\/09\\\/tibladin_logo.svg\",\"contentUrl\":\"https:\\\/\\\/tibladin.dk\\\/wp-content\\\/uploads\\\/2022\\\/09\\\/tibladin_logo.svg\",\"caption\":\"Tibladin\"},\"image\":{\"@id\":\"https:\\\/\\\/tibladin.dk\\\/#\\\/schema\\\/logo\\\/image\\\/\"}}]}<\/script>\n<!-- \/ Yoast SEO plugin. -->","yoast_head_json":{"title":"Marockansk rustik lerfat | f\u00f6r beredning och servering | Tibladin","description":"Litet rustikt lerfat i oglaserad keramik som du kan g\u00f6ra sm\u00e5 f\u00f6rberedelser i eller anv\u00e4nda som serveringsfat. Handgjorda i Marocko.","robots":{"index":"index","follow":"follow","max-snippet":"max-snippet:-1","max-image-preview":"max-image-preview:large","max-video-preview":"max-video-preview:-1"},"canonical":"https:\/\/tibladin.dk\/sv\/produkt\/rustikt-lerfat-20-cm\/","og_locale":"sv_SE","og_type":"article","og_title":"Marokkansk rustikt lerfad | til tilberedning og serveringer | Tibladin","og_description":"Lille rustikt lerfad i uglaseret keramik som du kan lave sm\u00e5 tilberedninger i eller bruge som serveringsfad. H\u00e5nddrejet i Marokko.","og_url":"https:\/\/tibladin.dk\/sv\/produkt\/rustikt-lerfat-20-cm\/","og_site_name":"Tibladin","article_modified_time":"2025-12-16T09:38:49+00:00","og_image":[{"width":800,"height":800,"url":"https:\/\/tibladin.dk\/wp-content\/uploads\/2024\/06\/Autentisk-lerfad_12.jpg","type":"image\/jpeg"}],"twitter_card":"summary_large_image","twitter_misc":{"Ber\u00e4knad l\u00e4stid":"2 minuter"},"schema":{"@context":"https:\/\/schema.org","@graph":[{"@type":"WebPage","@id":"https:\/\/tibladin.dk\/produkt\/rustikt-lerfad-20-cm\/","url":"https:\/\/tibladin.dk\/produkt\/rustikt-lerfad-20-cm\/","name":"Marockansk rustik lerfat | f\u00f6r beredning och servering | Tibladin","isPartOf":{"@id":"https:\/\/tibladin.dk\/#website"},"primaryImageOfPage":{"@id":"https:\/\/tibladin.dk\/produkt\/rustikt-lerfad-20-cm\/#primaryimage"},"image":{"@id":"https:\/\/tibladin.dk\/produkt\/rustikt-lerfad-20-cm\/#primaryimage"},"thumbnailUrl":"https:\/\/tibladin.dk\/wp-content\/uploads\/2024\/06\/Autentisk-lerfad_12.jpg","datePublished":"2024-06-22T18:09:30+00:00","dateModified":"2025-12-16T09:38:49+00:00","description":"Litet rustikt lerfat i oglaserad keramik som du kan g\u00f6ra sm\u00e5 f\u00f6rberedelser i eller anv\u00e4nda som serveringsfat. Handgjorda i Marocko.","breadcrumb":{"@id":"https:\/\/tibladin.dk\/produkt\/rustikt-lerfad-20-cm\/#breadcrumb"},"inLanguage":"sv-SE","potentialAction":[{"@type":"ReadAction","target":["https:\/\/tibladin.dk\/produkt\/rustikt-lerfad-20-cm\/"]}]},{"@type":"ImageObject","inLanguage":"sv-SE","@id":"https:\/\/tibladin.dk\/produkt\/rustikt-lerfad-20-cm\/#primaryimage","url":"https:\/\/tibladin.dk\/wp-content\/uploads\/2024\/06\/Autentisk-lerfad_12.jpg","contentUrl":"https:\/\/tibladin.dk\/wp-content\/uploads\/2024\/06\/Autentisk-lerfad_12.jpg","width":800,"height":800,"caption":"rustikt lerfad 20 cm i diameter"},{"@type":"BreadcrumbList","@id":"https:\/\/tibladin.dk\/produkt\/rustikt-lerfad-20-cm\/#breadcrumb","itemListElement":[{"@type":"ListItem","position":1,"name":"Hjem","item":"https:\/\/tibladin.dk\/"},{"@type":"ListItem","position":2,"name":"Shop","item":"https:\/\/tibladin.dk\/shop\/"},{"@type":"ListItem","position":3,"name":"Rustikt lerfad 20 cm."}]},{"@type":"WebSite","@id":"https:\/\/tibladin.dk\/#website","url":"https:\/\/tibladin.dk\/","name":"Tibladin","description":"Tibladin","publisher":{"@id":"https:\/\/tibladin.dk\/#organization"},"potentialAction":[{"@type":"SearchAction","target":{"@type":"EntryPoint","urlTemplate":"https:\/\/tibladin.dk\/?s={search_term_string}"},"query-input":{"@type":"PropertyValueSpecification","valueRequired":true,"valueName":"search_term_string"}}],"inLanguage":"sv-SE"},{"@type":"Organization","@id":"https:\/\/tibladin.dk\/#organization","name":"Tibladin","url":"https:\/\/tibladin.dk\/","logo":{"@type":"ImageObject","inLanguage":"sv-SE","@id":"https:\/\/tibladin.dk\/#\/schema\/logo\/image\/","url":"https:\/\/tibladin.dk\/wp-content\/uploads\/2022\/09\/tibladin_logo.svg","contentUrl":"https:\/\/tibladin.dk\/wp-content\/uploads\/2022\/09\/tibladin_logo.svg","caption":"Tibladin"},"image":{"@id":"https:\/\/tibladin.dk\/#\/schema\/logo\/image\/"}}]}},"_links":{"self":[{"href":"https:\/\/tibladin.dk\/sv\/wp-json\/wp\/v2\/product\/30496","targetHints":{"allow":["GET"]}}],"collection":[{"href":"https:\/\/tibladin.dk\/sv\/wp-json\/wp\/v2\/product"}],"about":[{"href":"https:\/\/tibladin.dk\/sv\/wp-json\/wp\/v2\/types\/product"}],"wp:featuredmedia":[{"embeddable":true,"href":"https:\/\/tibladin.dk\/sv\/wp-json\/wp\/v2\/media\/30519"}],"wp:attachment":[{"href":"https:\/\/tibladin.dk\/sv\/wp-json\/wp\/v2\/media?parent=30496"}],"wp:term":[{"taxonomy":"product_brand","embeddable":true,"href":"https:\/\/tibladin.dk\/sv\/wp-json\/wp\/v2\/product_brand?post=30496"},{"taxonomy":"product_cat","embeddable":true,"href":"https:\/\/tibladin.dk\/sv\/wp-json\/wp\/v2\/product_cat?post=30496"},{"taxonomy":"product_tag","embeddable":true,"href":"https:\/\/tibladin.dk\/sv\/wp-json\/wp\/v2\/product_tag?post=30496"}],"curies":[{"name":"wp","href":"https:\/\/api.w.org\/{rel}","templated":true}]}}