{"id":3500,"date":"2022-09-07T13:36:46","date_gmt":"2022-09-07T11:36:46","guid":{"rendered":"https:\/\/tibladin.dk\/produkt\/gavekort\/"},"modified":"2025-05-09T12:46:28","modified_gmt":"2025-05-09T10:46:28","slug":"digitalt-presentkort","status":"publish","type":"product","link":"https:\/\/tibladin.dk\/sv\/produkt\/gavekort-digitalt\/","title":{"rendered":"Presentkort (digitalt)"},"content":{"rendered":"","protected":false},"excerpt":{"rendered":"<p>\u00d6verraska dina n\u00e4ra och k\u00e4ra med ett digitalt presentkort fr\u00e5n Tibladin \u2013 en biljett till en v\u00e4rld av autentiskt marockanskt hantverk och tidl\u00f6s skandinavisk estetik. Oavsett om det \u00e4r till en f\u00f6delsedag, ett jubileum eller &quot;bara f\u00f6r att&quot;, ger presentkortet mottagaren friheten att v\u00e4lja bland v\u00e5ra noggrant utvalda inredningsprodukter, textilier, lampor, keramik och mycket mer.<\/p>","protected":false},"featured_media":3539,"template":"","meta":{"inline_featured_image":false},"product_brand":[],"product_cat":[78],"product_tag":[],"class_list":{"0":"post-3500","1":"product","2":"type-product","3":"status-publish","4":"has-post-thumbnail","6":"product_cat-gavekort","8":"first","9":"instock","10":"purchasable","11":"product-type-pw-gift-card"},"exclude_global_add_ons":[],"addons":[],"yoast_head":"<!-- This site is optimized with the Yoast SEO plugin v27.4 - https:\/\/yoast.com\/product\/yoast-seo-wordpress\/ -->\n<title>Gavekort (digitalt) | Tibladin<\/title>\n<meta name=\"description\" content=\"K\u00f8b et digitalt gavekort til Tibladin, s\u00e5 giver du altid den heldige person en unik og interessant gave i \u00e6gte marokkansk stil\" \/>\n<meta name=\"robots\" content=\"index, follow, max-snippet:-1, max-image-preview:large, max-video-preview:-1\" \/>\n<link rel=\"canonical\" href=\"https:\/\/tibladin.dk\/sv\/produkt\/digitalt-presentkort\/\" \/>\n<meta property=\"og:locale\" content=\"sv_SE\" \/>\n<meta property=\"og:type\" content=\"article\" \/>\n<meta property=\"og:title\" content=\"Gavekort (digitalt) | Tibladin\" \/>\n<meta property=\"og:description\" content=\"K\u00f8b et digitalt gavekort til Tibladin, s\u00e5 giver du altid den heldige person en unik og interessant gave i \u00e6gte marokkansk stil\" \/>\n<meta property=\"og:url\" content=\"https:\/\/tibladin.dk\/sv\/produkt\/digitalt-presentkort\/\" \/>\n<meta property=\"og:site_name\" content=\"Tibladin\" \/>\n<meta property=\"article:modified_time\" content=\"2025-05-09T10:46:28+00:00\" \/>\n<meta property=\"og:image\" content=\"https:\/\/tibladin.dk\/wp-content\/uploads\/2022\/10\/Gavekort_generel.jpeg\" \/>\n\t<meta property=\"og:image:width\" content=\"640\" \/>\n\t<meta property=\"og:image:height\" content=\"427\" \/>\n\t<meta property=\"og:image:type\" content=\"image\/jpeg\" \/>\n<meta name=\"twitter:card\" content=\"summary_large_image\" \/>\n<meta name=\"twitter:label1\" content=\"Ber\u00e4knad l\u00e4stid\" \/>\n\t<meta name=\"twitter:data1\" content=\"1 minut\" \/>\n<script type=\"application\/ld+json\" class=\"yoast-schema-graph\">{\"@context\":\"https:\\\/\\\/schema.org\",\"@graph\":[{\"@type\":\"WebPage\",\"@id\":\"https:\\\/\\\/tibladin.dk\\\/produkt\\\/gavekort-digitalt\\\/\",\"url\":\"https:\\\/\\\/tibladin.dk\\\/produkt\\\/gavekort-digitalt\\\/\",\"name\":\"Gavekort (digitalt) | Tibladin\",\"isPartOf\":{\"@id\":\"https:\\\/\\\/tibladin.dk\\\/#website\"},\"primaryImageOfPage\":{\"@id\":\"https:\\\/\\\/tibladin.dk\\\/produkt\\\/gavekort-digitalt\\\/#primaryimage\"},\"image\":{\"@id\":\"https:\\\/\\\/tibladin.dk\\\/produkt\\\/gavekort-digitalt\\\/#primaryimage\"},\"thumbnailUrl\":\"https:\\\/\\\/tibladin.dk\\\/wp-content\\\/uploads\\\/2022\\\/10\\\/Gavekort_generel.jpeg\",\"datePublished\":\"2022-09-07T11:36:46+00:00\",\"dateModified\":\"2025-05-09T10:46:28+00:00\",\"description\":\"K\u00f8b et digitalt gavekort til Tibladin, s\u00e5 giver du altid den heldige person en unik og interessant gave i \u00e6gte marokkansk stil\",\"breadcrumb\":{\"@id\":\"https:\\\/\\\/tibladin.dk\\\/produkt\\\/gavekort-digitalt\\\/#breadcrumb\"},\"inLanguage\":\"sv-SE\",\"potentialAction\":[{\"@type\":\"ReadAction\",\"target\":[\"https:\\\/\\\/tibladin.dk\\\/produkt\\\/gavekort-digitalt\\\/\"]}]},{\"@type\":\"ImageObject\",\"inLanguage\":\"sv-SE\",\"@id\":\"https:\\\/\\\/tibladin.dk\\\/produkt\\\/gavekort-digitalt\\\/#primaryimage\",\"url\":\"https:\\\/\\\/tibladin.dk\\\/wp-content\\\/uploads\\\/2022\\\/10\\\/Gavekort_generel.jpeg\",\"contentUrl\":\"https:\\\/\\\/tibladin.dk\\\/wp-content\\\/uploads\\\/2022\\\/10\\\/Gavekort_generel.jpeg\",\"width\":640,\"height\":427,\"caption\":\"Digitalt gavekort\"},{\"@type\":\"BreadcrumbList\",\"@id\":\"https:\\\/\\\/tibladin.dk\\\/produkt\\\/gavekort-digitalt\\\/#breadcrumb\",\"itemListElement\":[{\"@type\":\"ListItem\",\"position\":1,\"name\":\"Hjem\",\"item\":\"https:\\\/\\\/tibladin.dk\\\/\"},{\"@type\":\"ListItem\",\"position\":2,\"name\":\"Shop\",\"item\":\"https:\\\/\\\/tibladin.dk\\\/shop\\\/\"},{\"@type\":\"ListItem\",\"position\":3,\"name\":\"Gavekort (digitalt)\"}]},{\"@type\":\"WebSite\",\"@id\":\"https:\\\/\\\/tibladin.dk\\\/#website\",\"url\":\"https:\\\/\\\/tibladin.dk\\\/\",\"name\":\"Tibladin\",\"description\":\"Tibladin\",\"publisher\":{\"@id\":\"https:\\\/\\\/tibladin.dk\\\/#organization\"},\"potentialAction\":[{\"@type\":\"SearchAction\",\"target\":{\"@type\":\"EntryPoint\",\"urlTemplate\":\"https:\\\/\\\/tibladin.dk\\\/?s={search_term_string}\"},\"query-input\":{\"@type\":\"PropertyValueSpecification\",\"valueRequired\":true,\"valueName\":\"search_term_string\"}}],\"inLanguage\":\"sv-SE\"},{\"@type\":\"Organization\",\"@id\":\"https:\\\/\\\/tibladin.dk\\\/#organization\",\"name\":\"Tibladin\",\"url\":\"https:\\\/\\\/tibladin.dk\\\/\",\"logo\":{\"@type\":\"ImageObject\",\"inLanguage\":\"sv-SE\",\"@id\":\"https:\\\/\\\/tibladin.dk\\\/#\\\/schema\\\/logo\\\/image\\\/\",\"url\":\"https:\\\/\\\/tibladin.dk\\\/wp-content\\\/uploads\\\/2022\\\/09\\\/tibladin_logo.svg\",\"contentUrl\":\"https:\\\/\\\/tibladin.dk\\\/wp-content\\\/uploads\\\/2022\\\/09\\\/tibladin_logo.svg\",\"caption\":\"Tibladin\"},\"image\":{\"@id\":\"https:\\\/\\\/tibladin.dk\\\/#\\\/schema\\\/logo\\\/image\\\/\"}}]}<\/script>\n<!-- \/ Yoast SEO plugin. -->","yoast_head_json":{"title":"Presentkort (digitalt) | Tibladin","description":"K\u00f6p ett digitalt presentkort till Tibladin och du ger alltid den lyckliga personen en unik och intressant present i \u00e4kta marockansk stil","robots":{"index":"index","follow":"follow","max-snippet":"max-snippet:-1","max-image-preview":"max-image-preview:large","max-video-preview":"max-video-preview:-1"},"canonical":"https:\/\/tibladin.dk\/sv\/produkt\/digitalt-presentkort\/","og_locale":"sv_SE","og_type":"article","og_title":"Gavekort (digitalt) | Tibladin","og_description":"K\u00f8b et digitalt gavekort til Tibladin, s\u00e5 giver du altid den heldige person en unik og interessant gave i \u00e6gte marokkansk stil","og_url":"https:\/\/tibladin.dk\/sv\/produkt\/digitalt-presentkort\/","og_site_name":"Tibladin","article_modified_time":"2025-05-09T10:46:28+00:00","og_image":[{"width":640,"height":427,"url":"https:\/\/tibladin.dk\/wp-content\/uploads\/2022\/10\/Gavekort_generel.jpeg","type":"image\/jpeg"}],"twitter_card":"summary_large_image","twitter_misc":{"Ber\u00e4knad l\u00e4stid":"1 minut"},"schema":{"@context":"https:\/\/schema.org","@graph":[{"@type":"WebPage","@id":"https:\/\/tibladin.dk\/produkt\/gavekort-digitalt\/","url":"https:\/\/tibladin.dk\/produkt\/gavekort-digitalt\/","name":"Presentkort (digitalt) | Tibladin","isPartOf":{"@id":"https:\/\/tibladin.dk\/#website"},"primaryImageOfPage":{"@id":"https:\/\/tibladin.dk\/produkt\/gavekort-digitalt\/#primaryimage"},"image":{"@id":"https:\/\/tibladin.dk\/produkt\/gavekort-digitalt\/#primaryimage"},"thumbnailUrl":"https:\/\/tibladin.dk\/wp-content\/uploads\/2022\/10\/Gavekort_generel.jpeg","datePublished":"2022-09-07T11:36:46+00:00","dateModified":"2025-05-09T10:46:28+00:00","description":"K\u00f6p ett digitalt presentkort till Tibladin och du ger alltid den lyckliga personen en unik och intressant present i \u00e4kta marockansk stil","breadcrumb":{"@id":"https:\/\/tibladin.dk\/produkt\/gavekort-digitalt\/#breadcrumb"},"inLanguage":"sv-SE","potentialAction":[{"@type":"ReadAction","target":["https:\/\/tibladin.dk\/produkt\/gavekort-digitalt\/"]}]},{"@type":"ImageObject","inLanguage":"sv-SE","@id":"https:\/\/tibladin.dk\/produkt\/gavekort-digitalt\/#primaryimage","url":"https:\/\/tibladin.dk\/wp-content\/uploads\/2022\/10\/Gavekort_generel.jpeg","contentUrl":"https:\/\/tibladin.dk\/wp-content\/uploads\/2022\/10\/Gavekort_generel.jpeg","width":640,"height":427,"caption":"Digitalt gavekort"},{"@type":"BreadcrumbList","@id":"https:\/\/tibladin.dk\/produkt\/gavekort-digitalt\/#breadcrumb","itemListElement":[{"@type":"ListItem","position":1,"name":"Hjem","item":"https:\/\/tibladin.dk\/"},{"@type":"ListItem","position":2,"name":"Shop","item":"https:\/\/tibladin.dk\/shop\/"},{"@type":"ListItem","position":3,"name":"Gavekort (digitalt)"}]},{"@type":"WebSite","@id":"https:\/\/tibladin.dk\/#website","url":"https:\/\/tibladin.dk\/","name":"Tibladin","description":"Tibladin","publisher":{"@id":"https:\/\/tibladin.dk\/#organization"},"potentialAction":[{"@type":"SearchAction","target":{"@type":"EntryPoint","urlTemplate":"https:\/\/tibladin.dk\/?s={search_term_string}"},"query-input":{"@type":"PropertyValueSpecification","valueRequired":true,"valueName":"search_term_string"}}],"inLanguage":"sv-SE"},{"@type":"Organization","@id":"https:\/\/tibladin.dk\/#organization","name":"Tibladin","url":"https:\/\/tibladin.dk\/","logo":{"@type":"ImageObject","inLanguage":"sv-SE","@id":"https:\/\/tibladin.dk\/#\/schema\/logo\/image\/","url":"https:\/\/tibladin.dk\/wp-content\/uploads\/2022\/09\/tibladin_logo.svg","contentUrl":"https:\/\/tibladin.dk\/wp-content\/uploads\/2022\/09\/tibladin_logo.svg","caption":"Tibladin"},"image":{"@id":"https:\/\/tibladin.dk\/#\/schema\/logo\/image\/"}}]}},"_links":{"self":[{"href":"https:\/\/tibladin.dk\/sv\/wp-json\/wp\/v2\/product\/3500","targetHints":{"allow":["GET"]}}],"collection":[{"href":"https:\/\/tibladin.dk\/sv\/wp-json\/wp\/v2\/product"}],"about":[{"href":"https:\/\/tibladin.dk\/sv\/wp-json\/wp\/v2\/types\/product"}],"wp:featuredmedia":[{"embeddable":true,"href":"https:\/\/tibladin.dk\/sv\/wp-json\/wp\/v2\/media\/3539"}],"wp:attachment":[{"href":"https:\/\/tibladin.dk\/sv\/wp-json\/wp\/v2\/media?parent=3500"}],"wp:term":[{"taxonomy":"product_brand","embeddable":true,"href":"https:\/\/tibladin.dk\/sv\/wp-json\/wp\/v2\/product_brand?post=3500"},{"taxonomy":"product_cat","embeddable":true,"href":"https:\/\/tibladin.dk\/sv\/wp-json\/wp\/v2\/product_cat?post=3500"},{"taxonomy":"product_tag","embeddable":true,"href":"https:\/\/tibladin.dk\/sv\/wp-json\/wp\/v2\/product_tag?post=3500"}],"curies":[{"name":"wp","href":"https:\/\/api.w.org\/{rel}","templated":true}]}}