{"id":36143,"date":"2025-04-24T14:02:25","date_gmt":"2025-04-24T12:02:25","guid":{"rendered":"https:\/\/tibladin.dk\/?post_type=product&#038;p=36143"},"modified":"2025-05-12T08:53:50","modified_gmt":"2025-05-12T06:53:50","slug":"sittsacksstol-i-varmt-cognacfargat-lader-1-pers","status":"publish","type":"product","link":"https:\/\/tibladin.dk\/sv\/produkt\/saekkestol-i-varm-cognacfarvet-laeder-1-pers\/","title":{"rendered":"Sittp\u00e5se i varmt cognacf\u00e4rgat l\u00e4der, 1-person."},"content":{"rendered":"<div class=\"wpb-content-wrapper\"><div class=\"vc_row wpb_row vc_row-fluid\"><div class=\"wpb_column vc_column_container vc_col-sm-4\"><div class=\"vc_column-inner\"><div class=\"wpb_wrapper\"><\/div><\/div><\/div><div class=\"wpb_column vc_column_container vc_col-sm-4\"><div class=\"vc_column-inner\"><div class=\"wpb_wrapper\"><h3 style=\"text-align: left\" class=\"vc_custom_heading vc_do_custom_heading\" >Underh\u00e5ll<\/h3>\n\t<div class=\"wpb_text_column wpb_content_element\" >\n\t\t<div class=\"wpb_wrapper\">\n\t\t\t<p>Sattep\u00e5sen \u00e4r oljad och beh\u00f6ver d\u00e4rf\u00f6r inte mycket underh\u00e5ll. Du kan ge den extra oljan efter behov eller om det blir n\u00f6dv\u00e4ndigt med tiden.<\/p>\n\n\t\t<\/div>\n\t<\/div>\n<\/div><\/div><\/div><div class=\"wpb_column vc_column_container vc_col-sm-4\"><div class=\"vc_column-inner\"><div class=\"wpb_wrapper\"><h3 style=\"text-align: left\" class=\"vc_custom_heading vc_do_custom_heading\" >Historien bakom<\/h3>\n\t<div class=\"wpb_text_column wpb_content_element\" >\n\t\t<div class=\"wpb_wrapper\">\n\t\t\t<p>Denna vackra sitts\u00e4cksstol \u00e4r handgjord i Marrakech och \u00e4r gjord av vackert cognacf\u00e4rgat l\u00e4der. Med detta f\u00f6rem\u00e5l har jag tagit utg\u00e5ngspunkt i min k\u00e4rlek till fint l\u00e4der och har skapat en m\u00f6bel d\u00e4r man b\u00e5de kan flyta ut ensam med en god bok, eller sitta sida vid sida. Sitts\u00e4cken kan anv\u00e4ndas som en f\u00e5t\u00f6lj i en l\u00e4sh\u00f6rna, en liten soffa eller en loveseat. Den passar d\u00e4rf\u00f6r p\u00e5 m\u00e5nga st\u00e4llen i hemmet och skapar en inbjudande och avslappnad atmosf\u00e4r. Den vackra r\u00f6dbruna f\u00e4rgen ger v\u00e4rme och djup till ett rum, samtidigt som l\u00e4dret ger ett r\u00e5tt utseende. Uttrycket kan \u00e4ven mjukas upp med en snygg kudde eller en pl\u00e4d. Designad och tillverkad i samarbete med designer i Marrakech.<\/p>\n\n\t\t<\/div>\n\t<\/div>\n<\/div><\/div><\/div><\/div>\n<\/div>","protected":false},"excerpt":{"rendered":"<p>H\u00e4rlig sitts\u00e4cksstol i varmt konjaksf\u00e4rgat l\u00e4der. Mjuk och h\u00e4rlig att sitta i.. Handgjord i Marrakech. Sattep\u00e5sen har en djupt r\u00f6dbrun f\u00e4rg och passar perfekt in i de flesta hem. Den vackra f\u00e4rgen tillf\u00f6r v\u00e4rme till rummet, samtidigt som l\u00e4dret ger en r\u00e5 touch.<\/p>\n<p>Sitts\u00e4cken kommer utan fyllning. \u00d6nskar du fyllning f\u00f6r sitts\u00e4cken (tr\u00e4ull) kan detta l\u00e4ggas till f\u00f6r ett till\u00e4ggspris p\u00e5 400 DKK.<\/p>\n<p>Du kan ocks\u00e5 v\u00e4lja att fylla sitts\u00e4cken sj\u00e4lv, eventuellt med kr\u00f8yerkulor eller gamla kl\u00e4der, t\u00e4cken och kuddar.<\/p>\n<p>Sitth\u00f6jd 39 cm | Sittdjup 50 cm. Totalt djup 75 cm. | Bredd 77 cm | Ryggst\u00f6dsh\u00f6jd 75 cm |<\/p>","protected":false},"featured_media":36155,"template":"","meta":{"inline_featured_image":false},"product_brand":[],"product_cat":[47,108,39],"product_tag":[],"class_list":{"0":"post-36143","1":"product","2":"type-product","3":"status-publish","4":"has-post-thumbnail","6":"product_cat-gaven-til-ham","7":"product_cat-loungestole-indendoers","8":"product_cat-moebler","10":"first","11":"instock","12":"taxable","13":"shipping-taxable","14":"purchasable","15":"product-type-simple"},"exclude_global_add_ons":false,"addons":[{"name":"Vill du ha den fylld med tr\u00e4ull?","type":"checkbox","position":0,"required":false,"title_format":"label","default":"","description_enable":false,"description":"","placeholder_enable":false,"placeholder":"","display":"select","restrictions_type":"any_text","adjust_price":false,"price":"","price_type":"flat_fee","restrictions":false,"min":"0","max":"0","options":[{"label":"JA tak!","price":"400","price_type":"quantity_based","image":0,"visibility":true}],"id":1686050310}],"yoast_head":"<!-- This site is optimized with the Yoast SEO plugin v27.4 - https:\/\/yoast.com\/product\/yoast-seo-wordpress\/ -->\n<title>S\u00e6kkestol i varm cognacfarvet l\u00e6der | Unikt design | Tibladin<\/title>\n<meta name=\"description\" content=\"S\u00e6kkestol h\u00e5ndlavet i Marrakech i l\u00e6kkert r\u00f8dbrunt l\u00e6der. Kan bruges som sofa eller l\u00e6nestol og tilf\u00f8jer farve og dybde til ethvert rum.\" \/>\n<meta name=\"robots\" content=\"index, follow, max-snippet:-1, max-image-preview:large, max-video-preview:-1\" \/>\n<link rel=\"canonical\" href=\"https:\/\/tibladin.dk\/sv\/produkt\/sittsacksstol-i-varmt-cognacfargat-lader-1-pers\/\" \/>\n<meta property=\"og:locale\" content=\"sv_SE\" \/>\n<meta property=\"og:type\" content=\"article\" \/>\n<meta property=\"og:title\" content=\"S\u00e6kkestol i varm cognacfarvet l\u00e6der | Unikt design | Tibladin\" \/>\n<meta property=\"og:description\" content=\"S\u00e6kkestol h\u00e5ndlavet i Marrakech i l\u00e6kkert r\u00f8dbrunt l\u00e6der. Kan bruges som sofa eller l\u00e6nestol og tilf\u00f8jer farve og dybde til ethvert rum.\" \/>\n<meta property=\"og:url\" content=\"https:\/\/tibladin.dk\/sv\/produkt\/sittsacksstol-i-varmt-cognacfargat-lader-1-pers\/\" \/>\n<meta property=\"og:site_name\" content=\"Tibladin\" \/>\n<meta property=\"article:modified_time\" content=\"2025-05-12T06:53:50+00:00\" \/>\n<meta property=\"og:image\" content=\"https:\/\/tibladin.dk\/wp-content\/uploads\/2025\/04\/saekkestol-i-cognacfarvet-laeder_1-pers._LS6.jpg\" \/>\n\t<meta property=\"og:image:width\" content=\"800\" \/>\n\t<meta property=\"og:image:height\" content=\"800\" \/>\n\t<meta property=\"og:image:type\" content=\"image\/jpeg\" \/>\n<meta name=\"twitter:card\" content=\"summary_large_image\" \/>\n<meta name=\"twitter:label1\" content=\"Ber\u00e4knad l\u00e4stid\" \/>\n\t<meta name=\"twitter:data1\" content=\"2 minuter\" \/>\n<script type=\"application\/ld+json\" class=\"yoast-schema-graph\">{\"@context\":\"https:\\\/\\\/schema.org\",\"@graph\":[{\"@type\":\"WebPage\",\"@id\":\"https:\\\/\\\/tibladin.dk\\\/produkt\\\/saekkestol-i-varm-cognacfarvet-laeder-1-pers\\\/\",\"url\":\"https:\\\/\\\/tibladin.dk\\\/produkt\\\/saekkestol-i-varm-cognacfarvet-laeder-1-pers\\\/\",\"name\":\"S\u00e6kkestol i varm cognacfarvet l\u00e6der | Unikt design | Tibladin\",\"isPartOf\":{\"@id\":\"https:\\\/\\\/tibladin.dk\\\/#website\"},\"primaryImageOfPage\":{\"@id\":\"https:\\\/\\\/tibladin.dk\\\/produkt\\\/saekkestol-i-varm-cognacfarvet-laeder-1-pers\\\/#primaryimage\"},\"image\":{\"@id\":\"https:\\\/\\\/tibladin.dk\\\/produkt\\\/saekkestol-i-varm-cognacfarvet-laeder-1-pers\\\/#primaryimage\"},\"thumbnailUrl\":\"https:\\\/\\\/tibladin.dk\\\/wp-content\\\/uploads\\\/2025\\\/04\\\/saekkestol-i-cognacfarvet-laeder_1-pers._LS6.jpg\",\"datePublished\":\"2025-04-24T12:02:25+00:00\",\"dateModified\":\"2025-05-12T06:53:50+00:00\",\"description\":\"S\u00e6kkestol h\u00e5ndlavet i Marrakech i l\u00e6kkert r\u00f8dbrunt l\u00e6der. Kan bruges som sofa eller l\u00e6nestol og tilf\u00f8jer farve og dybde til ethvert rum.\",\"breadcrumb\":{\"@id\":\"https:\\\/\\\/tibladin.dk\\\/produkt\\\/saekkestol-i-varm-cognacfarvet-laeder-1-pers\\\/#breadcrumb\"},\"inLanguage\":\"sv-SE\",\"potentialAction\":[{\"@type\":\"ReadAction\",\"target\":[\"https:\\\/\\\/tibladin.dk\\\/produkt\\\/saekkestol-i-varm-cognacfarvet-laeder-1-pers\\\/\"]}]},{\"@type\":\"ImageObject\",\"inLanguage\":\"sv-SE\",\"@id\":\"https:\\\/\\\/tibladin.dk\\\/produkt\\\/saekkestol-i-varm-cognacfarvet-laeder-1-pers\\\/#primaryimage\",\"url\":\"https:\\\/\\\/tibladin.dk\\\/wp-content\\\/uploads\\\/2025\\\/04\\\/saekkestol-i-cognacfarvet-laeder_1-pers._LS6.jpg\",\"contentUrl\":\"https:\\\/\\\/tibladin.dk\\\/wp-content\\\/uploads\\\/2025\\\/04\\\/saekkestol-i-cognacfarvet-laeder_1-pers._LS6.jpg\",\"width\":800,\"height\":800,\"caption\":\"S\u00e6kkestol i 100% kvalitetsgedel\u00e6der\"},{\"@type\":\"BreadcrumbList\",\"@id\":\"https:\\\/\\\/tibladin.dk\\\/produkt\\\/saekkestol-i-varm-cognacfarvet-laeder-1-pers\\\/#breadcrumb\",\"itemListElement\":[{\"@type\":\"ListItem\",\"position\":1,\"name\":\"Hjem\",\"item\":\"https:\\\/\\\/tibladin.dk\\\/\"},{\"@type\":\"ListItem\",\"position\":2,\"name\":\"Shop\",\"item\":\"https:\\\/\\\/tibladin.dk\\\/shop\\\/\"},{\"@type\":\"ListItem\",\"position\":3,\"name\":\"S\u00e6kkestol i varm cognacfarvet l\u00e6der 1-pers.\"}]},{\"@type\":\"WebSite\",\"@id\":\"https:\\\/\\\/tibladin.dk\\\/#website\",\"url\":\"https:\\\/\\\/tibladin.dk\\\/\",\"name\":\"Tibladin\",\"description\":\"Tibladin\",\"publisher\":{\"@id\":\"https:\\\/\\\/tibladin.dk\\\/#organization\"},\"potentialAction\":[{\"@type\":\"SearchAction\",\"target\":{\"@type\":\"EntryPoint\",\"urlTemplate\":\"https:\\\/\\\/tibladin.dk\\\/?s={search_term_string}\"},\"query-input\":{\"@type\":\"PropertyValueSpecification\",\"valueRequired\":true,\"valueName\":\"search_term_string\"}}],\"inLanguage\":\"sv-SE\"},{\"@type\":\"Organization\",\"@id\":\"https:\\\/\\\/tibladin.dk\\\/#organization\",\"name\":\"Tibladin\",\"url\":\"https:\\\/\\\/tibladin.dk\\\/\",\"logo\":{\"@type\":\"ImageObject\",\"inLanguage\":\"sv-SE\",\"@id\":\"https:\\\/\\\/tibladin.dk\\\/#\\\/schema\\\/logo\\\/image\\\/\",\"url\":\"https:\\\/\\\/tibladin.dk\\\/wp-content\\\/uploads\\\/2022\\\/09\\\/tibladin_logo.svg\",\"contentUrl\":\"https:\\\/\\\/tibladin.dk\\\/wp-content\\\/uploads\\\/2022\\\/09\\\/tibladin_logo.svg\",\"caption\":\"Tibladin\"},\"image\":{\"@id\":\"https:\\\/\\\/tibladin.dk\\\/#\\\/schema\\\/logo\\\/image\\\/\"}}]}<\/script>\n<!-- \/ Yoast SEO plugin. -->","yoast_head_json":{"title":"Sitts\u00e4cksstol i varmt cognacf\u00e4rgat l\u00e4der | Unik design | Tibladin","description":"Sitts\u00e4ck handgjord i Marrakech i l\u00e4ckert r\u00f6dbrunt l\u00e4der. Kan anv\u00e4ndas som soffa eller f\u00e5t\u00f6lj och tillf\u00f6r f\u00e4rg och djup till alla rum.","robots":{"index":"index","follow":"follow","max-snippet":"max-snippet:-1","max-image-preview":"max-image-preview:large","max-video-preview":"max-video-preview:-1"},"canonical":"https:\/\/tibladin.dk\/sv\/produkt\/sittsacksstol-i-varmt-cognacfargat-lader-1-pers\/","og_locale":"sv_SE","og_type":"article","og_title":"S\u00e6kkestol i varm cognacfarvet l\u00e6der | Unikt design | Tibladin","og_description":"S\u00e6kkestol h\u00e5ndlavet i Marrakech i l\u00e6kkert r\u00f8dbrunt l\u00e6der. Kan bruges som sofa eller l\u00e6nestol og tilf\u00f8jer farve og dybde til ethvert rum.","og_url":"https:\/\/tibladin.dk\/sv\/produkt\/sittsacksstol-i-varmt-cognacfargat-lader-1-pers\/","og_site_name":"Tibladin","article_modified_time":"2025-05-12T06:53:50+00:00","og_image":[{"width":800,"height":800,"url":"https:\/\/tibladin.dk\/wp-content\/uploads\/2025\/04\/saekkestol-i-cognacfarvet-laeder_1-pers._LS6.jpg","type":"image\/jpeg"}],"twitter_card":"summary_large_image","twitter_misc":{"Ber\u00e4knad l\u00e4stid":"2 minuter"},"schema":{"@context":"https:\/\/schema.org","@graph":[{"@type":"WebPage","@id":"https:\/\/tibladin.dk\/produkt\/saekkestol-i-varm-cognacfarvet-laeder-1-pers\/","url":"https:\/\/tibladin.dk\/produkt\/saekkestol-i-varm-cognacfarvet-laeder-1-pers\/","name":"Sitts\u00e4cksstol i varmt cognacf\u00e4rgat l\u00e4der | Unik design | Tibladin","isPartOf":{"@id":"https:\/\/tibladin.dk\/#website"},"primaryImageOfPage":{"@id":"https:\/\/tibladin.dk\/produkt\/saekkestol-i-varm-cognacfarvet-laeder-1-pers\/#primaryimage"},"image":{"@id":"https:\/\/tibladin.dk\/produkt\/saekkestol-i-varm-cognacfarvet-laeder-1-pers\/#primaryimage"},"thumbnailUrl":"https:\/\/tibladin.dk\/wp-content\/uploads\/2025\/04\/saekkestol-i-cognacfarvet-laeder_1-pers._LS6.jpg","datePublished":"2025-04-24T12:02:25+00:00","dateModified":"2025-05-12T06:53:50+00:00","description":"Sitts\u00e4ck handgjord i Marrakech i l\u00e4ckert r\u00f6dbrunt l\u00e4der. Kan anv\u00e4ndas som soffa eller f\u00e5t\u00f6lj och tillf\u00f6r f\u00e4rg och djup till alla rum.","breadcrumb":{"@id":"https:\/\/tibladin.dk\/produkt\/saekkestol-i-varm-cognacfarvet-laeder-1-pers\/#breadcrumb"},"inLanguage":"sv-SE","potentialAction":[{"@type":"ReadAction","target":["https:\/\/tibladin.dk\/produkt\/saekkestol-i-varm-cognacfarvet-laeder-1-pers\/"]}]},{"@type":"ImageObject","inLanguage":"sv-SE","@id":"https:\/\/tibladin.dk\/produkt\/saekkestol-i-varm-cognacfarvet-laeder-1-pers\/#primaryimage","url":"https:\/\/tibladin.dk\/wp-content\/uploads\/2025\/04\/saekkestol-i-cognacfarvet-laeder_1-pers._LS6.jpg","contentUrl":"https:\/\/tibladin.dk\/wp-content\/uploads\/2025\/04\/saekkestol-i-cognacfarvet-laeder_1-pers._LS6.jpg","width":800,"height":800,"caption":"S\u00e6kkestol i 100% kvalitetsgedel\u00e6der"},{"@type":"BreadcrumbList","@id":"https:\/\/tibladin.dk\/produkt\/saekkestol-i-varm-cognacfarvet-laeder-1-pers\/#breadcrumb","itemListElement":[{"@type":"ListItem","position":1,"name":"Hjem","item":"https:\/\/tibladin.dk\/"},{"@type":"ListItem","position":2,"name":"Shop","item":"https:\/\/tibladin.dk\/shop\/"},{"@type":"ListItem","position":3,"name":"S\u00e6kkestol i varm cognacfarvet l\u00e6der 1-pers."}]},{"@type":"WebSite","@id":"https:\/\/tibladin.dk\/#website","url":"https:\/\/tibladin.dk\/","name":"Tibladin","description":"Tibladin","publisher":{"@id":"https:\/\/tibladin.dk\/#organization"},"potentialAction":[{"@type":"SearchAction","target":{"@type":"EntryPoint","urlTemplate":"https:\/\/tibladin.dk\/?s={search_term_string}"},"query-input":{"@type":"PropertyValueSpecification","valueRequired":true,"valueName":"search_term_string"}}],"inLanguage":"sv-SE"},{"@type":"Organization","@id":"https:\/\/tibladin.dk\/#organization","name":"Tibladin","url":"https:\/\/tibladin.dk\/","logo":{"@type":"ImageObject","inLanguage":"sv-SE","@id":"https:\/\/tibladin.dk\/#\/schema\/logo\/image\/","url":"https:\/\/tibladin.dk\/wp-content\/uploads\/2022\/09\/tibladin_logo.svg","contentUrl":"https:\/\/tibladin.dk\/wp-content\/uploads\/2022\/09\/tibladin_logo.svg","caption":"Tibladin"},"image":{"@id":"https:\/\/tibladin.dk\/#\/schema\/logo\/image\/"}}]}},"_links":{"self":[{"href":"https:\/\/tibladin.dk\/sv\/wp-json\/wp\/v2\/product\/36143","targetHints":{"allow":["GET"]}}],"collection":[{"href":"https:\/\/tibladin.dk\/sv\/wp-json\/wp\/v2\/product"}],"about":[{"href":"https:\/\/tibladin.dk\/sv\/wp-json\/wp\/v2\/types\/product"}],"wp:featuredmedia":[{"embeddable":true,"href":"https:\/\/tibladin.dk\/sv\/wp-json\/wp\/v2\/media\/36155"}],"wp:attachment":[{"href":"https:\/\/tibladin.dk\/sv\/wp-json\/wp\/v2\/media?parent=36143"}],"wp:term":[{"taxonomy":"product_brand","embeddable":true,"href":"https:\/\/tibladin.dk\/sv\/wp-json\/wp\/v2\/product_brand?post=36143"},{"taxonomy":"product_cat","embeddable":true,"href":"https:\/\/tibladin.dk\/sv\/wp-json\/wp\/v2\/product_cat?post=36143"},{"taxonomy":"product_tag","embeddable":true,"href":"https:\/\/tibladin.dk\/sv\/wp-json\/wp\/v2\/product_tag?post=36143"}],"curies":[{"name":"wp","href":"https:\/\/api.w.org\/{rel}","templated":true}]}}