{"id":36575,"date":"2025-05-22T18:29:05","date_gmt":"2025-05-22T16:29:05","guid":{"rendered":"https:\/\/tibladin.dk\/?post_type=product&#038;p=36575"},"modified":"2025-05-22T18:36:00","modified_gmt":"2025-05-22T16:36:00","slug":"handmaalad-trabricka","status":"publish","type":"product","link":"https:\/\/tibladin.dk\/sv\/produkt\/bakke-i-haandmalet-trae-forest\/","title":{"rendered":"Handm\u00e5lad tr\u00e4bricka \u2013 FOREST"},"content":{"rendered":"<div class=\"wpb-content-wrapper\"><div class=\"vc_row wpb_row vc_row-fluid\"><div class=\"wpb_column vc_column_container vc_col-sm-4\"><div class=\"vc_column-inner\"><div class=\"wpb_wrapper\"><\/div><\/div><\/div><div class=\"wpb_column vc_column_container vc_col-sm-4\"><div class=\"vc_column-inner\"><div class=\"wpb_wrapper\"><h3 style=\"text-align: left\" class=\"vc_custom_heading vc_do_custom_heading\" >Underh\u00e5ll<\/h3>\n\t<div class=\"wpb_text_column wpb_content_element\" >\n\t\t<div class=\"wpb_wrapper\">\n\t\t\t<p>Brickan kan torkas av med en fuktig trasa.<\/p>\n\n\t\t<\/div>\n\t<\/div>\n<\/div><\/div><\/div><div class=\"wpb_column vc_column_container vc_col-sm-4\"><div class=\"vc_column-inner\"><div class=\"wpb_wrapper\"><h3 style=\"text-align: left\" class=\"vc_custom_heading vc_do_custom_heading\" >Historien bakom<\/h3>\n\t<div class=\"wpb_text_column wpb_content_element\" >\n\t\t<div class=\"wpb_wrapper\">\n\t\t\t<p data-start=\"0\" data-end=\"261\">Handm\u00e5lade tr\u00e4brickor fr\u00e5n Marocko \u00e4r unika konstverk som kombinerar traditionellt hantverk med f\u00e4rgglad marockansk estetik. Dessa brickor tillverkas i en liten verkstad, d\u00e4r skickliga hantverkare m\u00e5lar varje enskild bit f\u00f6r hand med stor omsorg och precision.<\/p>\n<p data-start=\"263\" data-end=\"725\">Tr\u00e4et, som vanligtvis \u00e4r cedertr\u00e4 eller olivtr\u00e4, s\u00e5gas f\u00f6rst till och slipas till \u00f6nskad form, varefter ytan behandlas f\u00f6r att g\u00f6ra den sl\u00e4t och h\u00e5llbar. Sedan appliceras de karakteristiska m\u00f6nstren och f\u00e4rgerna, vilket \u00e5terspeglar Marockos rika kulturarv. Motiven kan variera fr\u00e5n geometriska m\u00f6nster och arabesker till blommor och symboler, ofta i starka nyanser av bl\u00e5tt, r\u00f6tt, gult och gr\u00f6nt \u2013 f\u00e4rger som har b\u00e5de estetisk och symbolisk betydelse i marockansk konst.<\/p>\n<p data-start=\"727\" data-end=\"1018\">Varje bricka \u00e4r unik, inte bara f\u00f6r att den \u00e4r handm\u00e5lad, utan f\u00f6r att konstn\u00e4ren ofta inspireras av sin egen fantasi eller lokala traditioner. Detta g\u00f6r brickorna till mer \u00e4n bara praktiska f\u00f6rem\u00e5l \u2013 de \u00e4r sm\u00e5 ber\u00e4ttelser fr\u00e5n Nordafrika som ger v\u00e4rme, liv och historia in i hemmet.<\/p>\n\n\t\t<\/div>\n\t<\/div>\n<\/div><\/div><\/div><\/div>\n<\/div>","protected":false},"excerpt":{"rendered":"<p>Vacker handgjord marockansk bricka med de finaste handm\u00e5lade m\u00f6nster i dammgr\u00f6na och gula f\u00e4rger och med praktiska b\u00e4rhandtag. Perfekt f\u00f6r dekoration, servering och f\u00f6rvaring. P\u00e5 s\u00e5 s\u00e4tt kan du f\u00e5 in marockansk stil och hantverk i ditt hem.<\/p>\n<p>Oavsett om de anv\u00e4nds f\u00f6r servering, dekoration eller som en del av en bordsdukning, ger de handm\u00e5lade tr\u00e4brickorna en exotisk och autentisk k\u00e4nsla. De \u00e4r ocks\u00e5 popul\u00e4ra som presenter, eftersom de representerar det b\u00e4sta av marockanskt hantverk och kulturarv.<\/p>\n<p>Brickan \u00e4r 32 cm i diameter.<\/p>","protected":false},"featured_media":36579,"template":"","meta":{"inline_featured_image":false},"product_brand":[],"product_cat":[54,51],"product_tag":[],"class_list":{"0":"post-36575","1":"product","2":"type-product","3":"status-publish","4":"has-post-thumbnail","6":"product_cat-aesker-og-bakker","7":"product_cat-opbevaring","9":"first","10":"instock","11":"taxable","12":"shipping-taxable","13":"purchasable","14":"product-type-simple"},"exclude_global_add_ons":false,"addons":[{"name":"Vill du ha presentinslagning?","type":"checkbox","position":0,"required":false,"title_format":"label","default":"","description_enable":false,"description":"","placeholder_enable":false,"placeholder":"","display":"images","restrictions_type":"any_text","adjust_price":false,"price":"","price_type":"flat_fee","restrictions":false,"min":"0","max":"0","options":[{"label":"Ja tak","price":"10","price_type":"flat_fee","image":11015,"visibility":true}],"id":1669646111}],"yoast_head":"<!-- This site is optimized with the Yoast SEO plugin v27.4 - https:\/\/yoast.com\/product\/yoast-seo-wordpress\/ -->\n<title>Bakke i h\u00e5ndmalet tr\u00e6 - FOREST | Smukt design | Tibladin<\/title>\n<meta name=\"description\" content=\"H\u00e5ndmalet bakke i tr\u00e6 med det fineste m\u00f8nster. Smukt design og hel unik. Brug den til at servere din eftermiddags te eller lad den st\u00e5 til pynt.\" \/>\n<meta name=\"robots\" content=\"index, follow, max-snippet:-1, max-image-preview:large, max-video-preview:-1\" \/>\n<link rel=\"canonical\" href=\"https:\/\/tibladin.dk\/sv\/produkt\/handmaalad-trabricka\/\" \/>\n<meta property=\"og:locale\" content=\"sv_SE\" \/>\n<meta property=\"og:type\" content=\"article\" \/>\n<meta property=\"og:title\" content=\"Bakke i h\u00e5ndmalet tr\u00e6 - FOREST | Smukt design | Tibladin\" \/>\n<meta property=\"og:description\" content=\"H\u00e5ndmalet bakke i tr\u00e6 med det fineste m\u00f8nster. Smukt design og hel unik. Brug den til at servere din eftermiddags te eller lad den st\u00e5 til pynt.\" \/>\n<meta property=\"og:url\" content=\"https:\/\/tibladin.dk\/sv\/produkt\/handmaalad-trabricka\/\" \/>\n<meta property=\"og:site_name\" content=\"Tibladin\" \/>\n<meta property=\"article:modified_time\" content=\"2025-05-22T16:36:00+00:00\" \/>\n<meta property=\"og:image\" content=\"https:\/\/tibladin.dk\/wp-content\/uploads\/2025\/05\/malet-bakke-i-trae_FOREST_4.jpg\" \/>\n\t<meta property=\"og:image:width\" content=\"800\" \/>\n\t<meta property=\"og:image:height\" content=\"800\" \/>\n\t<meta property=\"og:image:type\" content=\"image\/jpeg\" \/>\n<meta name=\"twitter:card\" content=\"summary_large_image\" \/>\n<meta name=\"twitter:label1\" content=\"Ber\u00e4knad l\u00e4stid\" \/>\n\t<meta name=\"twitter:data1\" content=\"2 minuter\" \/>\n<script type=\"application\/ld+json\" class=\"yoast-schema-graph\">{\"@context\":\"https:\\\/\\\/schema.org\",\"@graph\":[{\"@type\":\"WebPage\",\"@id\":\"https:\\\/\\\/tibladin.dk\\\/produkt\\\/bakke-i-haandmalet-trae-forest\\\/\",\"url\":\"https:\\\/\\\/tibladin.dk\\\/produkt\\\/bakke-i-haandmalet-trae-forest\\\/\",\"name\":\"Bakke i h\u00e5ndmalet tr\u00e6 - FOREST | Smukt design | Tibladin\",\"isPartOf\":{\"@id\":\"https:\\\/\\\/tibladin.dk\\\/#website\"},\"primaryImageOfPage\":{\"@id\":\"https:\\\/\\\/tibladin.dk\\\/produkt\\\/bakke-i-haandmalet-trae-forest\\\/#primaryimage\"},\"image\":{\"@id\":\"https:\\\/\\\/tibladin.dk\\\/produkt\\\/bakke-i-haandmalet-trae-forest\\\/#primaryimage\"},\"thumbnailUrl\":\"https:\\\/\\\/tibladin.dk\\\/wp-content\\\/uploads\\\/2025\\\/05\\\/malet-bakke-i-trae_FOREST_4.jpg\",\"datePublished\":\"2025-05-22T16:29:05+00:00\",\"dateModified\":\"2025-05-22T16:36:00+00:00\",\"description\":\"H\u00e5ndmalet bakke i tr\u00e6 med det fineste m\u00f8nster. Smukt design og hel unik. Brug den til at servere din eftermiddags te eller lad den st\u00e5 til pynt.\",\"breadcrumb\":{\"@id\":\"https:\\\/\\\/tibladin.dk\\\/produkt\\\/bakke-i-haandmalet-trae-forest\\\/#breadcrumb\"},\"inLanguage\":\"sv-SE\",\"potentialAction\":[{\"@type\":\"ReadAction\",\"target\":[\"https:\\\/\\\/tibladin.dk\\\/produkt\\\/bakke-i-haandmalet-trae-forest\\\/\"]}]},{\"@type\":\"ImageObject\",\"inLanguage\":\"sv-SE\",\"@id\":\"https:\\\/\\\/tibladin.dk\\\/produkt\\\/bakke-i-haandmalet-trae-forest\\\/#primaryimage\",\"url\":\"https:\\\/\\\/tibladin.dk\\\/wp-content\\\/uploads\\\/2025\\\/05\\\/malet-bakke-i-trae_FOREST_4.jpg\",\"contentUrl\":\"https:\\\/\\\/tibladin.dk\\\/wp-content\\\/uploads\\\/2025\\\/05\\\/malet-bakke-i-trae_FOREST_4.jpg\",\"width\":800,\"height\":800,\"caption\":\"malet bakke i tr\u00e6_FOREST i st\u00f8vede gr\u00f8nne og gule nuancer\"},{\"@type\":\"BreadcrumbList\",\"@id\":\"https:\\\/\\\/tibladin.dk\\\/produkt\\\/bakke-i-haandmalet-trae-forest\\\/#breadcrumb\",\"itemListElement\":[{\"@type\":\"ListItem\",\"position\":1,\"name\":\"Hjem\",\"item\":\"https:\\\/\\\/tibladin.dk\\\/\"},{\"@type\":\"ListItem\",\"position\":2,\"name\":\"Shop\",\"item\":\"https:\\\/\\\/tibladin.dk\\\/shop\\\/\"},{\"@type\":\"ListItem\",\"position\":3,\"name\":\"Bakke i h\u00e5ndmalet tr\u00e6 &#8211; FOREST\"}]},{\"@type\":\"WebSite\",\"@id\":\"https:\\\/\\\/tibladin.dk\\\/#website\",\"url\":\"https:\\\/\\\/tibladin.dk\\\/\",\"name\":\"Tibladin\",\"description\":\"Tibladin\",\"publisher\":{\"@id\":\"https:\\\/\\\/tibladin.dk\\\/#organization\"},\"potentialAction\":[{\"@type\":\"SearchAction\",\"target\":{\"@type\":\"EntryPoint\",\"urlTemplate\":\"https:\\\/\\\/tibladin.dk\\\/?s={search_term_string}\"},\"query-input\":{\"@type\":\"PropertyValueSpecification\",\"valueRequired\":true,\"valueName\":\"search_term_string\"}}],\"inLanguage\":\"sv-SE\"},{\"@type\":\"Organization\",\"@id\":\"https:\\\/\\\/tibladin.dk\\\/#organization\",\"name\":\"Tibladin\",\"url\":\"https:\\\/\\\/tibladin.dk\\\/\",\"logo\":{\"@type\":\"ImageObject\",\"inLanguage\":\"sv-SE\",\"@id\":\"https:\\\/\\\/tibladin.dk\\\/#\\\/schema\\\/logo\\\/image\\\/\",\"url\":\"https:\\\/\\\/tibladin.dk\\\/wp-content\\\/uploads\\\/2022\\\/09\\\/tibladin_logo.svg\",\"contentUrl\":\"https:\\\/\\\/tibladin.dk\\\/wp-content\\\/uploads\\\/2022\\\/09\\\/tibladin_logo.svg\",\"caption\":\"Tibladin\"},\"image\":{\"@id\":\"https:\\\/\\\/tibladin.dk\\\/#\\\/schema\\\/logo\\\/image\\\/\"}}]}<\/script>\n<!-- \/ Yoast SEO plugin. -->","yoast_head_json":{"title":"Handm\u00e5lad tr\u00e4bricka - FOREST | Vacker design | Tibladin","description":"Handm\u00e5lad tr\u00e4bricka med det finaste m\u00f6nstret. Vacker design och helt unik. Anv\u00e4nd den f\u00f6r att servera ditt afternoon tea eller l\u00e4mna den som dekoration.","robots":{"index":"index","follow":"follow","max-snippet":"max-snippet:-1","max-image-preview":"max-image-preview:large","max-video-preview":"max-video-preview:-1"},"canonical":"https:\/\/tibladin.dk\/sv\/produkt\/handmaalad-trabricka\/","og_locale":"sv_SE","og_type":"article","og_title":"Bakke i h\u00e5ndmalet tr\u00e6 - FOREST | Smukt design | Tibladin","og_description":"H\u00e5ndmalet bakke i tr\u00e6 med det fineste m\u00f8nster. Smukt design og hel unik. Brug den til at servere din eftermiddags te eller lad den st\u00e5 til pynt.","og_url":"https:\/\/tibladin.dk\/sv\/produkt\/handmaalad-trabricka\/","og_site_name":"Tibladin","article_modified_time":"2025-05-22T16:36:00+00:00","og_image":[{"width":800,"height":800,"url":"https:\/\/tibladin.dk\/wp-content\/uploads\/2025\/05\/malet-bakke-i-trae_FOREST_4.jpg","type":"image\/jpeg"}],"twitter_card":"summary_large_image","twitter_misc":{"Ber\u00e4knad l\u00e4stid":"2 minuter"},"schema":{"@context":"https:\/\/schema.org","@graph":[{"@type":"WebPage","@id":"https:\/\/tibladin.dk\/produkt\/bakke-i-haandmalet-trae-forest\/","url":"https:\/\/tibladin.dk\/produkt\/bakke-i-haandmalet-trae-forest\/","name":"Handm\u00e5lad tr\u00e4bricka - FOREST | Vacker design | Tibladin","isPartOf":{"@id":"https:\/\/tibladin.dk\/#website"},"primaryImageOfPage":{"@id":"https:\/\/tibladin.dk\/produkt\/bakke-i-haandmalet-trae-forest\/#primaryimage"},"image":{"@id":"https:\/\/tibladin.dk\/produkt\/bakke-i-haandmalet-trae-forest\/#primaryimage"},"thumbnailUrl":"https:\/\/tibladin.dk\/wp-content\/uploads\/2025\/05\/malet-bakke-i-trae_FOREST_4.jpg","datePublished":"2025-05-22T16:29:05+00:00","dateModified":"2025-05-22T16:36:00+00:00","description":"Handm\u00e5lad tr\u00e4bricka med det finaste m\u00f6nstret. Vacker design och helt unik. Anv\u00e4nd den f\u00f6r att servera ditt afternoon tea eller l\u00e4mna den som dekoration.","breadcrumb":{"@id":"https:\/\/tibladin.dk\/produkt\/bakke-i-haandmalet-trae-forest\/#breadcrumb"},"inLanguage":"sv-SE","potentialAction":[{"@type":"ReadAction","target":["https:\/\/tibladin.dk\/produkt\/bakke-i-haandmalet-trae-forest\/"]}]},{"@type":"ImageObject","inLanguage":"sv-SE","@id":"https:\/\/tibladin.dk\/produkt\/bakke-i-haandmalet-trae-forest\/#primaryimage","url":"https:\/\/tibladin.dk\/wp-content\/uploads\/2025\/05\/malet-bakke-i-trae_FOREST_4.jpg","contentUrl":"https:\/\/tibladin.dk\/wp-content\/uploads\/2025\/05\/malet-bakke-i-trae_FOREST_4.jpg","width":800,"height":800,"caption":"malet bakke i tr\u00e6_FOREST i st\u00f8vede gr\u00f8nne og gule nuancer"},{"@type":"BreadcrumbList","@id":"https:\/\/tibladin.dk\/produkt\/bakke-i-haandmalet-trae-forest\/#breadcrumb","itemListElement":[{"@type":"ListItem","position":1,"name":"Hjem","item":"https:\/\/tibladin.dk\/"},{"@type":"ListItem","position":2,"name":"Shop","item":"https:\/\/tibladin.dk\/shop\/"},{"@type":"ListItem","position":3,"name":"Bakke i h\u00e5ndmalet tr\u00e6 &#8211; FOREST"}]},{"@type":"WebSite","@id":"https:\/\/tibladin.dk\/#website","url":"https:\/\/tibladin.dk\/","name":"Tibladin","description":"Tibladin","publisher":{"@id":"https:\/\/tibladin.dk\/#organization"},"potentialAction":[{"@type":"SearchAction","target":{"@type":"EntryPoint","urlTemplate":"https:\/\/tibladin.dk\/?s={search_term_string}"},"query-input":{"@type":"PropertyValueSpecification","valueRequired":true,"valueName":"search_term_string"}}],"inLanguage":"sv-SE"},{"@type":"Organization","@id":"https:\/\/tibladin.dk\/#organization","name":"Tibladin","url":"https:\/\/tibladin.dk\/","logo":{"@type":"ImageObject","inLanguage":"sv-SE","@id":"https:\/\/tibladin.dk\/#\/schema\/logo\/image\/","url":"https:\/\/tibladin.dk\/wp-content\/uploads\/2022\/09\/tibladin_logo.svg","contentUrl":"https:\/\/tibladin.dk\/wp-content\/uploads\/2022\/09\/tibladin_logo.svg","caption":"Tibladin"},"image":{"@id":"https:\/\/tibladin.dk\/#\/schema\/logo\/image\/"}}]}},"_links":{"self":[{"href":"https:\/\/tibladin.dk\/sv\/wp-json\/wp\/v2\/product\/36575","targetHints":{"allow":["GET"]}}],"collection":[{"href":"https:\/\/tibladin.dk\/sv\/wp-json\/wp\/v2\/product"}],"about":[{"href":"https:\/\/tibladin.dk\/sv\/wp-json\/wp\/v2\/types\/product"}],"wp:featuredmedia":[{"embeddable":true,"href":"https:\/\/tibladin.dk\/sv\/wp-json\/wp\/v2\/media\/36579"}],"wp:attachment":[{"href":"https:\/\/tibladin.dk\/sv\/wp-json\/wp\/v2\/media?parent=36575"}],"wp:term":[{"taxonomy":"product_brand","embeddable":true,"href":"https:\/\/tibladin.dk\/sv\/wp-json\/wp\/v2\/product_brand?post=36575"},{"taxonomy":"product_cat","embeddable":true,"href":"https:\/\/tibladin.dk\/sv\/wp-json\/wp\/v2\/product_cat?post=36575"},{"taxonomy":"product_tag","embeddable":true,"href":"https:\/\/tibladin.dk\/sv\/wp-json\/wp\/v2\/product_tag?post=36575"}],"curies":[{"name":"wp","href":"https:\/\/api.w.org\/{rel}","templated":true}]}}