{"id":366,"date":"2022-09-20T11:01:39","date_gmt":"2022-09-20T09:01:39","guid":{"rendered":"https:\/\/tibladin.dk\/?post_type=product&#038;p=366"},"modified":"2025-12-08T09:31:46","modified_gmt":"2025-12-08T08:31:46","slug":"ljusgront-flackigt-stengods","status":"publish","type":"product","link":"https:\/\/tibladin.dk\/sv\/produkt\/fad-groen-meleret-stentoej\/","title":{"rendered":"Fat gr\u00f6n melerad \u2013 Stengods"},"content":{"rendered":"<div class=\"wpb-content-wrapper\"><div class=\"vc_row wpb_row vc_row-fluid\"><div class=\"wpb_column vc_column_container vc_col-sm-4\"><div class=\"vc_column-inner\"><div class=\"wpb_wrapper\">\n\t<div class=\"wpb_video_widget wpb_content_element vc_clearfix   vc_video-aspect-ratio-43 vc_video-el-width-100 vc_video-align-left\" >\n\t\t<div class=\"wpb_wrapper\">\n\t\t\t\n\t\t\t<div class=\"wpb_video_wrapper\"><div class=\"video-container\"><iframe loading=\"lazy\" title=\"Tibladin_produktion stengods\" src=\"https:\/\/player.vimeo.com\/video\/415400643?dnt=1&amp;app_id=122963\" width=\"310\" height=\"310\" frameborder=\"0\" allow=\"autoplay; fullscreen; picture-in-picture\"><\/iframe><\/div><\/div>\n\t\t<\/div>\n\t<\/div>\n<\/div><\/div><\/div><div class=\"wpb_column vc_column_container vc_col-sm-4\"><div class=\"vc_column-inner\"><div class=\"wpb_wrapper\"><h3 style=\"text-align: left\" class=\"vc_custom_heading vc_do_custom_heading\" >Underh\u00e5ll<\/h3>\n\t<div class=\"wpb_text_column wpb_content_element\" >\n\t\t<div class=\"wpb_wrapper\">\n\t\t\t<p>Kan tv\u00e4ttas med milt tv\u00e5lvatten - kan \u00e4ven g\u00e5 i diskmaskin.<\/p>\n<p>R\u00e4tterna \u00e4r handgjorda och det kan finnas variationer i b\u00e5de f\u00e4rg och form.<\/p>\n\n\t\t<\/div>\n\t<\/div>\n<\/div><\/div><\/div><div class=\"wpb_column vc_column_container vc_col-sm-4\"><div class=\"vc_column-inner\"><div class=\"wpb_wrapper\"><h3 style=\"text-align: left\" class=\"vc_custom_heading vc_do_custom_heading\" >Historien bakom<\/h3>\n\t<div class=\"wpb_text_column wpb_content_element\" >\n\t\t<div class=\"wpb_wrapper\">\n\t\t\t<p>En snygg dukning med unika, vackra saker kan vara ett bra samtals\u00e4mne med dina g\u00e4ster. Mitt samarbete med denna tillverkare av stengods \u00e4r helt extraordin\u00e4rt. H\u00e4r har de specialiserat sig p\u00e5 att g\u00f6ra tidl\u00f6st stengods med en liten touch av Marocko, precis som jag \u00e4lskar det. Det kallas \u00e4ven Marrakech-porslin. De levererar \u00f6ver hela v\u00e4rlden och till alla st\u00f6rre hotell, restauranger och butiker. Stengodset br\u00e4nns i \u00f6ver 1200 grader vilket g\u00f6r det mycket h\u00e5llbart. Allt du ser under stengods p\u00e5 denna sida \u00e4r godk\u00e4nt att g\u00e5 i ugn, mikrov\u00e5gsugn och diskmaskin och som konsument \u00e4r du s\u00e4ker p\u00e5 att allt \u00e4r godk\u00e4nt enligt internationella standarder och Prob65 California, vilket indikerar att det \u00e4r giftfria material och glasyr \u2013 godk\u00e4nd f\u00f6r att kunna \u00e4ta och dricka av den.<\/p>\n\n\t\t<\/div>\n\t<\/div>\n<\/div><\/div><\/div><\/div>\n<\/div>","protected":false},"excerpt":{"rendered":"<p>Marockanskt stengods. Gr\u00f6nt fl\u00e4ckigt fat.<\/p>\n<p>Finns i tv\u00e5 storlekar 15 x 18 och 17 x 23 cm. Perfekt som tapastallrikar, sm\u00e5 serveringsfat eller dekoration med sm\u00e5 stillebenarrangemang f\u00f6r att g\u00f6ra ditt hem personligt.<\/p>\n<p>T\u00e5l ugn, mikrov\u00e5gsugn och diskmaskin.<\/p>","protected":false},"featured_media":424,"template":"","meta":{"inline_featured_image":false},"product_brand":[],"product_cat":[33,46,43,32],"product_tag":[],"class_list":{"0":"post-366","1":"product","2":"type-product","3":"status-publish","4":"has-post-thumbnail","6":"product_cat-borddaekning","7":"product_cat-fade","8":"product_cat-stentoej","9":"product_cat-tilbud","11":"first","12":"outofstock","13":"sale","14":"taxable","15":"shipping-taxable","16":"purchasable","17":"product-type-variable"},"exclude_global_add_ons":false,"addons":[{"name":"Vill du ha presentinslagning?","type":"checkbox","position":0,"required":false,"title_format":"label","default":"","description_enable":false,"description":"","placeholder_enable":false,"placeholder":"","display":"images","restrictions_type":"any_text","adjust_price":false,"price":"","price_type":"flat_fee","restrictions":false,"min":"0","max":"0","options":[{"label":"Ja tak","price":"10","price_type":"flat_fee","image":11015,"visibility":true}],"id":1669646111}],"yoast_head":"<!-- This site is optimized with the Yoast SEO plugin v27.4 - https:\/\/yoast.com\/product\/yoast-seo-wordpress\/ -->\n<title>Marokkansk stent\u00f8j i gr\u00f8n meleret fade | Tibladin<\/title>\n<meta name=\"description\" content=\"Marokkansk stent\u00f8j. Firkantede fade i gr\u00f8n meleret. F\u00e5s i to st\u00f8rrelser 15x18 og 17x23 cm. Kan t\u00e5le ovn, mikroovn og opvaskemaskine.\" \/>\n<meta name=\"robots\" content=\"index, follow, max-snippet:-1, max-image-preview:large, max-video-preview:-1\" \/>\n<link rel=\"canonical\" href=\"https:\/\/tibladin.dk\/sv\/produkt\/ljusgront-flackigt-stengods\/\" \/>\n<meta property=\"og:locale\" content=\"sv_SE\" \/>\n<meta property=\"og:type\" content=\"article\" \/>\n<meta property=\"og:title\" content=\"Marokkansk stent\u00f8j i gr\u00f8n meleret fade | Tibladin\" \/>\n<meta property=\"og:description\" content=\"Marokkansk stent\u00f8j. Firkantede fade i gr\u00f8n meleret. F\u00e5s i to st\u00f8rrelser 15x18 og 17x23 cm. Kan t\u00e5le ovn, mikroovn og opvaskemaskine.\" \/>\n<meta property=\"og:url\" content=\"https:\/\/tibladin.dk\/sv\/produkt\/ljusgront-flackigt-stengods\/\" \/>\n<meta property=\"og:site_name\" content=\"Tibladin\" \/>\n<meta property=\"article:modified_time\" content=\"2025-12-08T08:31:46+00:00\" \/>\n<meta property=\"og:image\" content=\"https:\/\/tibladin.dk\/wp-content\/uploads\/2022\/09\/fad-groent_800x800-1.jpg\" \/>\n\t<meta property=\"og:image:width\" content=\"800\" \/>\n\t<meta property=\"og:image:height\" content=\"800\" \/>\n\t<meta property=\"og:image:type\" content=\"image\/jpeg\" \/>\n<meta name=\"twitter:card\" content=\"summary_large_image\" \/>\n<meta name=\"twitter:label1\" content=\"Ber\u00e4knad l\u00e4stid\" \/>\n\t<meta name=\"twitter:data1\" content=\"2 minuter\" \/>\n<script type=\"application\/ld+json\" class=\"yoast-schema-graph\">{\"@context\":\"https:\\\/\\\/schema.org\",\"@graph\":[{\"@type\":\"WebPage\",\"@id\":\"https:\\\/\\\/tibladin.dk\\\/produkt\\\/fad-groen-meleret-stentoej\\\/\",\"url\":\"https:\\\/\\\/tibladin.dk\\\/produkt\\\/fad-groen-meleret-stentoej\\\/\",\"name\":\"Marokkansk stent\u00f8j i gr\u00f8n meleret fade | Tibladin\",\"isPartOf\":{\"@id\":\"https:\\\/\\\/tibladin.dk\\\/#website\"},\"primaryImageOfPage\":{\"@id\":\"https:\\\/\\\/tibladin.dk\\\/produkt\\\/fad-groen-meleret-stentoej\\\/#primaryimage\"},\"image\":{\"@id\":\"https:\\\/\\\/tibladin.dk\\\/produkt\\\/fad-groen-meleret-stentoej\\\/#primaryimage\"},\"thumbnailUrl\":\"https:\\\/\\\/tibladin.dk\\\/wp-content\\\/uploads\\\/2022\\\/09\\\/fad-groent_800x800-1.jpg\",\"datePublished\":\"2022-09-20T09:01:39+00:00\",\"dateModified\":\"2025-12-08T08:31:46+00:00\",\"description\":\"Marokkansk stent\u00f8j. Firkantede fade i gr\u00f8n meleret. F\u00e5s i to st\u00f8rrelser 15x18 og 17x23 cm. Kan t\u00e5le ovn, mikroovn og opvaskemaskine.\",\"breadcrumb\":{\"@id\":\"https:\\\/\\\/tibladin.dk\\\/produkt\\\/fad-groen-meleret-stentoej\\\/#breadcrumb\"},\"inLanguage\":\"sv-SE\",\"potentialAction\":[{\"@type\":\"ReadAction\",\"target\":[\"https:\\\/\\\/tibladin.dk\\\/produkt\\\/fad-groen-meleret-stentoej\\\/\"]}]},{\"@type\":\"ImageObject\",\"inLanguage\":\"sv-SE\",\"@id\":\"https:\\\/\\\/tibladin.dk\\\/produkt\\\/fad-groen-meleret-stentoej\\\/#primaryimage\",\"url\":\"https:\\\/\\\/tibladin.dk\\\/wp-content\\\/uploads\\\/2022\\\/09\\\/fad-groent_800x800-1.jpg\",\"contentUrl\":\"https:\\\/\\\/tibladin.dk\\\/wp-content\\\/uploads\\\/2022\\\/09\\\/fad-groent_800x800-1.jpg\",\"width\":800,\"height\":800,\"caption\":\"Marokkansk fad i gr\u00f8n marbre\"},{\"@type\":\"BreadcrumbList\",\"@id\":\"https:\\\/\\\/tibladin.dk\\\/produkt\\\/fad-groen-meleret-stentoej\\\/#breadcrumb\",\"itemListElement\":[{\"@type\":\"ListItem\",\"position\":1,\"name\":\"Hjem\",\"item\":\"https:\\\/\\\/tibladin.dk\\\/\"},{\"@type\":\"ListItem\",\"position\":2,\"name\":\"Shop\",\"item\":\"https:\\\/\\\/tibladin.dk\\\/shop\\\/\"},{\"@type\":\"ListItem\",\"position\":3,\"name\":\"Fad gr\u00f8n meleret &#8211; Stent\u00f8j\"}]},{\"@type\":\"WebSite\",\"@id\":\"https:\\\/\\\/tibladin.dk\\\/#website\",\"url\":\"https:\\\/\\\/tibladin.dk\\\/\",\"name\":\"Tibladin\",\"description\":\"Tibladin\",\"publisher\":{\"@id\":\"https:\\\/\\\/tibladin.dk\\\/#organization\"},\"potentialAction\":[{\"@type\":\"SearchAction\",\"target\":{\"@type\":\"EntryPoint\",\"urlTemplate\":\"https:\\\/\\\/tibladin.dk\\\/?s={search_term_string}\"},\"query-input\":{\"@type\":\"PropertyValueSpecification\",\"valueRequired\":true,\"valueName\":\"search_term_string\"}}],\"inLanguage\":\"sv-SE\"},{\"@type\":\"Organization\",\"@id\":\"https:\\\/\\\/tibladin.dk\\\/#organization\",\"name\":\"Tibladin\",\"url\":\"https:\\\/\\\/tibladin.dk\\\/\",\"logo\":{\"@type\":\"ImageObject\",\"inLanguage\":\"sv-SE\",\"@id\":\"https:\\\/\\\/tibladin.dk\\\/#\\\/schema\\\/logo\\\/image\\\/\",\"url\":\"https:\\\/\\\/tibladin.dk\\\/wp-content\\\/uploads\\\/2022\\\/09\\\/tibladin_logo.svg\",\"contentUrl\":\"https:\\\/\\\/tibladin.dk\\\/wp-content\\\/uploads\\\/2022\\\/09\\\/tibladin_logo.svg\",\"caption\":\"Tibladin\"},\"image\":{\"@id\":\"https:\\\/\\\/tibladin.dk\\\/#\\\/schema\\\/logo\\\/image\\\/\"}}]}<\/script>\n<!-- \/ Yoast SEO plugin. -->","yoast_head_json":{"title":"Marockanskt stengods i gr\u00f6nt fl\u00e4ckigt fat | Tibladin","description":"Marockanskt stengods. Fyrkantiga fat i gr\u00f6n melange. Finns i tv\u00e5 storlekar 15x18 och 17x23 cm. T\u00e5l ugn, mikrov\u00e5gsugn och diskmaskin.","robots":{"index":"index","follow":"follow","max-snippet":"max-snippet:-1","max-image-preview":"max-image-preview:large","max-video-preview":"max-video-preview:-1"},"canonical":"https:\/\/tibladin.dk\/sv\/produkt\/ljusgront-flackigt-stengods\/","og_locale":"sv_SE","og_type":"article","og_title":"Marokkansk stent\u00f8j i gr\u00f8n meleret fade | Tibladin","og_description":"Marokkansk stent\u00f8j. Firkantede fade i gr\u00f8n meleret. F\u00e5s i to st\u00f8rrelser 15x18 og 17x23 cm. Kan t\u00e5le ovn, mikroovn og opvaskemaskine.","og_url":"https:\/\/tibladin.dk\/sv\/produkt\/ljusgront-flackigt-stengods\/","og_site_name":"Tibladin","article_modified_time":"2025-12-08T08:31:46+00:00","og_image":[{"width":800,"height":800,"url":"https:\/\/tibladin.dk\/wp-content\/uploads\/2022\/09\/fad-groent_800x800-1.jpg","type":"image\/jpeg"}],"twitter_card":"summary_large_image","twitter_misc":{"Ber\u00e4knad l\u00e4stid":"2 minuter"},"schema":{"@context":"https:\/\/schema.org","@graph":[{"@type":"WebPage","@id":"https:\/\/tibladin.dk\/produkt\/fad-groen-meleret-stentoej\/","url":"https:\/\/tibladin.dk\/produkt\/fad-groen-meleret-stentoej\/","name":"Marockanskt stengods i gr\u00f6nt fl\u00e4ckigt fat | Tibladin","isPartOf":{"@id":"https:\/\/tibladin.dk\/#website"},"primaryImageOfPage":{"@id":"https:\/\/tibladin.dk\/produkt\/fad-groen-meleret-stentoej\/#primaryimage"},"image":{"@id":"https:\/\/tibladin.dk\/produkt\/fad-groen-meleret-stentoej\/#primaryimage"},"thumbnailUrl":"https:\/\/tibladin.dk\/wp-content\/uploads\/2022\/09\/fad-groent_800x800-1.jpg","datePublished":"2022-09-20T09:01:39+00:00","dateModified":"2025-12-08T08:31:46+00:00","description":"Marockanskt stengods. Fyrkantiga fat i gr\u00f6n melange. Finns i tv\u00e5 storlekar 15x18 och 17x23 cm. T\u00e5l ugn, mikrov\u00e5gsugn och diskmaskin.","breadcrumb":{"@id":"https:\/\/tibladin.dk\/produkt\/fad-groen-meleret-stentoej\/#breadcrumb"},"inLanguage":"sv-SE","potentialAction":[{"@type":"ReadAction","target":["https:\/\/tibladin.dk\/produkt\/fad-groen-meleret-stentoej\/"]}]},{"@type":"ImageObject","inLanguage":"sv-SE","@id":"https:\/\/tibladin.dk\/produkt\/fad-groen-meleret-stentoej\/#primaryimage","url":"https:\/\/tibladin.dk\/wp-content\/uploads\/2022\/09\/fad-groent_800x800-1.jpg","contentUrl":"https:\/\/tibladin.dk\/wp-content\/uploads\/2022\/09\/fad-groent_800x800-1.jpg","width":800,"height":800,"caption":"Marokkansk fad i gr\u00f8n marbre"},{"@type":"BreadcrumbList","@id":"https:\/\/tibladin.dk\/produkt\/fad-groen-meleret-stentoej\/#breadcrumb","itemListElement":[{"@type":"ListItem","position":1,"name":"Hjem","item":"https:\/\/tibladin.dk\/"},{"@type":"ListItem","position":2,"name":"Shop","item":"https:\/\/tibladin.dk\/shop\/"},{"@type":"ListItem","position":3,"name":"Fad gr\u00f8n meleret &#8211; Stent\u00f8j"}]},{"@type":"WebSite","@id":"https:\/\/tibladin.dk\/#website","url":"https:\/\/tibladin.dk\/","name":"Tibladin","description":"Tibladin","publisher":{"@id":"https:\/\/tibladin.dk\/#organization"},"potentialAction":[{"@type":"SearchAction","target":{"@type":"EntryPoint","urlTemplate":"https:\/\/tibladin.dk\/?s={search_term_string}"},"query-input":{"@type":"PropertyValueSpecification","valueRequired":true,"valueName":"search_term_string"}}],"inLanguage":"sv-SE"},{"@type":"Organization","@id":"https:\/\/tibladin.dk\/#organization","name":"Tibladin","url":"https:\/\/tibladin.dk\/","logo":{"@type":"ImageObject","inLanguage":"sv-SE","@id":"https:\/\/tibladin.dk\/#\/schema\/logo\/image\/","url":"https:\/\/tibladin.dk\/wp-content\/uploads\/2022\/09\/tibladin_logo.svg","contentUrl":"https:\/\/tibladin.dk\/wp-content\/uploads\/2022\/09\/tibladin_logo.svg","caption":"Tibladin"},"image":{"@id":"https:\/\/tibladin.dk\/#\/schema\/logo\/image\/"}}]}},"_links":{"self":[{"href":"https:\/\/tibladin.dk\/sv\/wp-json\/wp\/v2\/product\/366","targetHints":{"allow":["GET"]}}],"collection":[{"href":"https:\/\/tibladin.dk\/sv\/wp-json\/wp\/v2\/product"}],"about":[{"href":"https:\/\/tibladin.dk\/sv\/wp-json\/wp\/v2\/types\/product"}],"wp:featuredmedia":[{"embeddable":true,"href":"https:\/\/tibladin.dk\/sv\/wp-json\/wp\/v2\/media\/424"}],"wp:attachment":[{"href":"https:\/\/tibladin.dk\/sv\/wp-json\/wp\/v2\/media?parent=366"}],"wp:term":[{"taxonomy":"product_brand","embeddable":true,"href":"https:\/\/tibladin.dk\/sv\/wp-json\/wp\/v2\/product_brand?post=366"},{"taxonomy":"product_cat","embeddable":true,"href":"https:\/\/tibladin.dk\/sv\/wp-json\/wp\/v2\/product_cat?post=366"},{"taxonomy":"product_tag","embeddable":true,"href":"https:\/\/tibladin.dk\/sv\/wp-json\/wp\/v2\/product_tag?post=366"}],"curies":[{"name":"wp","href":"https:\/\/api.w.org\/{rel}","templated":true}]}}