{"id":36864,"date":"2025-05-31T12:34:01","date_gmt":"2025-05-31T10:34:01","guid":{"rendered":"https:\/\/tibladin.dk\/?post_type=product&#038;p=36864"},"modified":"2025-06-03T11:56:38","modified_gmt":"2025-06-03T09:56:38","slug":"skjorta-angel-mosaik-m","status":"publish","type":"product","link":"https:\/\/tibladin.dk\/sv\/produkt\/skjorte-angel-mosaic-m\/","title":{"rendered":"Skjorta ANGEL-MOSAIC-M"},"content":{"rendered":"<div class=\"wpb-content-wrapper\"><div class=\"vc_row wpb_row vc_row-fluid\"><div class=\"wpb_column vc_column_container vc_col-sm-4\"><div class=\"vc_column-inner\"><div class=\"wpb_wrapper\"><\/div><\/div><\/div><div class=\"wpb_column vc_column_container vc_col-sm-4\"><div class=\"vc_column-inner\"><div class=\"wpb_wrapper\"><h3 style=\"text-align: left\" class=\"vc_custom_heading vc_do_custom_heading\" >Underh\u00e5ll<\/h3>\n\t<div class=\"wpb_text_column wpb_content_element\" >\n\t\t<div class=\"wpb_wrapper\">\n\t\t\t<p>Skjortorna \u00e4r tillverkade av 100%-bomull och kan d\u00e4rf\u00f6r maskintv\u00e4ttas i upp till 30 grader. Vi rekommenderar \u00e4ven att \u00e5ngtv\u00e4tta\/stryka kl\u00e4nningarna p\u00e5 l\u00e4gsta temperatur f\u00f6r att undvika skrynklor och veck.<\/p>\n\n\t\t<\/div>\n\t<\/div>\n<\/div><\/div><\/div><div class=\"wpb_column vc_column_container vc_col-sm-4\"><div class=\"vc_column-inner\"><div class=\"wpb_wrapper\"><h3 style=\"text-align: left\" class=\"vc_custom_heading vc_do_custom_heading\" >Historien bakom<\/h3>\n\t<div class=\"wpb_text_column wpb_content_element\" >\n\t\t<div class=\"wpb_wrapper\">\n\t\t\t<p data-start=\"192\" data-end=\"371\">F\u00f6dd i hj\u00e4rtat av Marrakech, d\u00e4r f\u00e4rger, hantverk och historia v\u00e4vs samman i varje gata, <em data-start=\"288\" data-end=\"299\">chic2luxe<\/em> ett varum\u00e4rke med r\u00f6tter i traditionen \u2013 och ett \u00f6ga f\u00f6r frihet och stil. Virginie, som st\u00e5r bakom detta m\u00e4rke, arbetar n\u00e4ra marockanska skr\u00e4ddare som med stor k\u00e4rlek till sitt hantverk syr varje enskild skapelse f\u00f6r hand. Med h\u00e4nsyn till milj\u00f6n sys dessa kreationer endast f\u00f6r hand i begr\u00e4nsat antal och det finns bara en av varje design. Ingen massproduktion.<\/p>\n<p data-start=\"373\" data-end=\"695\">Bakom varum\u00e4rket finns en passion f\u00f6r personligt mode med sj\u00e4l: kl\u00e4der som ber\u00e4ttar historier och skapar utrymme f\u00f6r b\u00e5de vardagliga glimtar och dr\u00f6mska \u00f6gonblick.<br data-start=\"525\" data-end=\"528\" \/>Alla stilar \u00e4r designade med respekt f\u00f6r komfort, l\u00e4tthet och den handgjorda looken \u2013 ofta med en lekfull twist som broderi, kontraster eller \u00f6verraskande detaljer.<\/p>\n<p data-start=\"697\" data-end=\"875\">Kollektionerna \u00e4r skapade i l\u00e4tta naturmaterial, och varje plagg b\u00e4r en touch av Marrakeshs energi \u2013 d\u00e4r \u00f6kenvind m\u00f6ter souk, och d\u00e4r tradition blir n\u00e5got nytt.<\/p>\n\n\t\t<\/div>\n\t<\/div>\n<\/div><\/div><\/div><\/div>\n<\/div>","protected":false},"excerpt":{"rendered":"<p data-start=\"295\" data-end=\"388\"><em data-start=\"295\" data-end=\"309\">\u00c4ngelmosaik<\/em> \u00e4r ett uttalandeplagg \u2013 en skjorta som balanserar bohemisk stil, konst och makt.<\/p>\n<p data-start=\"390\" data-end=\"813\">Skjortan \u00e4r sydd i en l\u00e4tt bomullsblandning med batikliknande textur och har en intensiv bl\u00e5 f\u00e4rg som s\u00e4tter scenen f\u00f6r de i\u00f6gonfallande, p\u00e5sydda vingarna p\u00e5 ryggen.<\/p>\n<p data-start=\"267\" data-end=\"538\">Sydd i l\u00e4tt, andningsbar bomull i en vacker Majorellebl\u00e5 f\u00e4rg, har den en sval, n\u00e5got \u00f6verdimensionerad sk\u00e4rning med 3\/4-\u00e4rmar och en elegant, djup halsringning. P\u00e5 baksidan vecklas en upps\u00e4ttning p\u00e5sydda f\u00e4rgade \u00e4nglavingar ut \u2013 Vingarna \u00e4r sammansatta av tyg i m\u00f6nster med arabesker, blommor, r\u00e4nder och grafiska former i nyanser av r\u00f6tt, bl\u00e5tt, svart och elfenben \u2013 allt inramat med m\u00f6rka kontrasterande s\u00f6mmar.<br data-start=\"743\" data-end=\"746\" \/>L\u00e4ngst upp sv\u00e4var en liten broderad stj\u00e4rna, som gr\u00e4dden p\u00e5 moset.<\/p>\n<p data-start=\"540\" data-end=\"618\">Skjortan \u00e4r en storlek. Medium men \u00e4r \u00f6verdimensionerad, s\u00e5 den passar de flesta Medium och Large. Om du vill ha en oversize-look som modellen p\u00e5 bilden, vilket \u00e4r en storlek. S, du kan ocks\u00e5 anv\u00e4nda den om du normalt anv\u00e4nder Liten. Det finns bara en av den h\u00e4r tr\u00f6jan och den finns d\u00e4rf\u00f6r inte i flera olika storlekar.<\/p>\n<p data-start=\"540\" data-end=\"618\">M\u00c5TT: \u00c4rml\u00e4ngd 41 cm (fr\u00e5n kragen) halsringning 20 cm<\/p>\n<p data-start=\"540\" data-end=\"618\">L\u00e4ngd (fr\u00e5n halsen) 48 cm fram och 58 cm bak | Bredd 64 cm<\/p>\n<p data-start=\"540\" data-end=\"618\">Modellen p\u00e5 bilden \u00e4r en storlek. S<\/p>","protected":false},"featured_media":36880,"template":"","meta":{"inline_featured_image":false},"product_brand":[],"product_cat":[27,170,169],"product_tag":[],"class_list":{"0":"post-36864","1":"product","2":"type-product","3":"status-publish","4":"has-post-thumbnail","6":"product_cat-diverse","7":"product_cat-skjorter","8":"product_cat-toej","10":"first","11":"instock","12":"taxable","13":"shipping-taxable","14":"purchasable","15":"product-type-simple"},"exclude_global_add_ons":[],"addons":[],"yoast_head":"<!-- This site is optimized with the Yoast SEO plugin v27.4 - https:\/\/yoast.com\/product\/yoast-seo-wordpress\/ -->\n<title>H\u00e5ndlavet Marokkansk skjorte | Unika design | Tibladin |<\/title>\n<meta name=\"description\" content=\"Flotte h\u00e5ndsyede kjoler i 100% bomuld. Udviklet i samarbejde med dygtig designer og skr\u00e6dder i Marrakech. Unikke og farvestr\u00e5lende materialer.\" \/>\n<meta name=\"robots\" content=\"index, follow, max-snippet:-1, max-image-preview:large, max-video-preview:-1\" \/>\n<link rel=\"canonical\" href=\"https:\/\/tibladin.dk\/sv\/produkt\/skjorta-angel-mosaik-m\/\" \/>\n<meta property=\"og:locale\" content=\"sv_SE\" \/>\n<meta property=\"og:type\" content=\"article\" \/>\n<meta property=\"og:title\" content=\"H\u00e5ndlavet Marokkansk skjorte | Unika design | Tibladin |\" \/>\n<meta property=\"og:description\" content=\"Flotte h\u00e5ndsyede kjoler i 100% bomuld. Udviklet i samarbejde med dygtig designer og skr\u00e6dder i Marrakech. Unikke og farvestr\u00e5lende materialer.\" \/>\n<meta property=\"og:url\" content=\"https:\/\/tibladin.dk\/sv\/produkt\/skjorta-angel-mosaik-m\/\" \/>\n<meta property=\"og:site_name\" content=\"Tibladin\" \/>\n<meta property=\"article:modified_time\" content=\"2025-06-03T09:56:38+00:00\" \/>\n<meta property=\"og:image\" content=\"https:\/\/tibladin.dk\/wp-content\/uploads\/2025\/05\/Skjorte_Angel-Mosaic_M_5.jpg\" \/>\n\t<meta property=\"og:image:width\" content=\"800\" \/>\n\t<meta property=\"og:image:height\" content=\"800\" \/>\n\t<meta property=\"og:image:type\" content=\"image\/jpeg\" \/>\n<meta name=\"twitter:card\" content=\"summary_large_image\" \/>\n<meta name=\"twitter:label1\" content=\"Ber\u00e4knad l\u00e4stid\" \/>\n\t<meta name=\"twitter:data1\" content=\"2 minuter\" \/>\n<script type=\"application\/ld+json\" class=\"yoast-schema-graph\">{\"@context\":\"https:\\\/\\\/schema.org\",\"@graph\":[{\"@type\":\"WebPage\",\"@id\":\"https:\\\/\\\/tibladin.dk\\\/produkt\\\/skjorte-angel-mosaic-m\\\/\",\"url\":\"https:\\\/\\\/tibladin.dk\\\/produkt\\\/skjorte-angel-mosaic-m\\\/\",\"name\":\"H\u00e5ndlavet Marokkansk skjorte | Unika design | Tibladin |\",\"isPartOf\":{\"@id\":\"https:\\\/\\\/tibladin.dk\\\/#website\"},\"primaryImageOfPage\":{\"@id\":\"https:\\\/\\\/tibladin.dk\\\/produkt\\\/skjorte-angel-mosaic-m\\\/#primaryimage\"},\"image\":{\"@id\":\"https:\\\/\\\/tibladin.dk\\\/produkt\\\/skjorte-angel-mosaic-m\\\/#primaryimage\"},\"thumbnailUrl\":\"https:\\\/\\\/tibladin.dk\\\/wp-content\\\/uploads\\\/2025\\\/05\\\/Skjorte_Angel-Mosaic_M_5.jpg\",\"datePublished\":\"2025-05-31T10:34:01+00:00\",\"dateModified\":\"2025-06-03T09:56:38+00:00\",\"description\":\"Flotte h\u00e5ndsyede kjoler i 100% bomuld. Udviklet i samarbejde med dygtig designer og skr\u00e6dder i Marrakech. Unikke og farvestr\u00e5lende materialer.\",\"breadcrumb\":{\"@id\":\"https:\\\/\\\/tibladin.dk\\\/produkt\\\/skjorte-angel-mosaic-m\\\/#breadcrumb\"},\"inLanguage\":\"sv-SE\",\"potentialAction\":[{\"@type\":\"ReadAction\",\"target\":[\"https:\\\/\\\/tibladin.dk\\\/produkt\\\/skjorte-angel-mosaic-m\\\/\"]}]},{\"@type\":\"ImageObject\",\"inLanguage\":\"sv-SE\",\"@id\":\"https:\\\/\\\/tibladin.dk\\\/produkt\\\/skjorte-angel-mosaic-m\\\/#primaryimage\",\"url\":\"https:\\\/\\\/tibladin.dk\\\/wp-content\\\/uploads\\\/2025\\\/05\\\/Skjorte_Angel-Mosaic_M_5.jpg\",\"contentUrl\":\"https:\\\/\\\/tibladin.dk\\\/wp-content\\\/uploads\\\/2025\\\/05\\\/Skjorte_Angel-Mosaic_M_5.jpg\",\"width\":800,\"height\":800,\"caption\":\"Skjorte_Angel Mosaic_M i en smuk majorelle bl\u00e5 med p\u00e5syede farvede vinger p\u00e5\"},{\"@type\":\"BreadcrumbList\",\"@id\":\"https:\\\/\\\/tibladin.dk\\\/produkt\\\/skjorte-angel-mosaic-m\\\/#breadcrumb\",\"itemListElement\":[{\"@type\":\"ListItem\",\"position\":1,\"name\":\"Hjem\",\"item\":\"https:\\\/\\\/tibladin.dk\\\/\"},{\"@type\":\"ListItem\",\"position\":2,\"name\":\"Shop\",\"item\":\"https:\\\/\\\/tibladin.dk\\\/shop\\\/\"},{\"@type\":\"ListItem\",\"position\":3,\"name\":\"Skjorte ANGEL-MOSAIC-M\"}]},{\"@type\":\"WebSite\",\"@id\":\"https:\\\/\\\/tibladin.dk\\\/#website\",\"url\":\"https:\\\/\\\/tibladin.dk\\\/\",\"name\":\"Tibladin\",\"description\":\"Tibladin\",\"publisher\":{\"@id\":\"https:\\\/\\\/tibladin.dk\\\/#organization\"},\"potentialAction\":[{\"@type\":\"SearchAction\",\"target\":{\"@type\":\"EntryPoint\",\"urlTemplate\":\"https:\\\/\\\/tibladin.dk\\\/?s={search_term_string}\"},\"query-input\":{\"@type\":\"PropertyValueSpecification\",\"valueRequired\":true,\"valueName\":\"search_term_string\"}}],\"inLanguage\":\"sv-SE\"},{\"@type\":\"Organization\",\"@id\":\"https:\\\/\\\/tibladin.dk\\\/#organization\",\"name\":\"Tibladin\",\"url\":\"https:\\\/\\\/tibladin.dk\\\/\",\"logo\":{\"@type\":\"ImageObject\",\"inLanguage\":\"sv-SE\",\"@id\":\"https:\\\/\\\/tibladin.dk\\\/#\\\/schema\\\/logo\\\/image\\\/\",\"url\":\"https:\\\/\\\/tibladin.dk\\\/wp-content\\\/uploads\\\/2022\\\/09\\\/tibladin_logo.svg\",\"contentUrl\":\"https:\\\/\\\/tibladin.dk\\\/wp-content\\\/uploads\\\/2022\\\/09\\\/tibladin_logo.svg\",\"caption\":\"Tibladin\"},\"image\":{\"@id\":\"https:\\\/\\\/tibladin.dk\\\/#\\\/schema\\\/logo\\\/image\\\/\"}}]}<\/script>\n<!-- \/ Yoast SEO plugin. -->","yoast_head_json":{"title":"Handgjord marockansk skjorta | Unik design | Tibladin |","description":"Vackra handsydda kl\u00e4nningar i 100% bomull. Utvecklad i samarbete med en skicklig designer och skr\u00e4ddare i Marrakech. Unika och f\u00e4rgglada material.","robots":{"index":"index","follow":"follow","max-snippet":"max-snippet:-1","max-image-preview":"max-image-preview:large","max-video-preview":"max-video-preview:-1"},"canonical":"https:\/\/tibladin.dk\/sv\/produkt\/skjorta-angel-mosaik-m\/","og_locale":"sv_SE","og_type":"article","og_title":"H\u00e5ndlavet Marokkansk skjorte | Unika design | Tibladin |","og_description":"Flotte h\u00e5ndsyede kjoler i 100% bomuld. Udviklet i samarbejde med dygtig designer og skr\u00e6dder i Marrakech. Unikke og farvestr\u00e5lende materialer.","og_url":"https:\/\/tibladin.dk\/sv\/produkt\/skjorta-angel-mosaik-m\/","og_site_name":"Tibladin","article_modified_time":"2025-06-03T09:56:38+00:00","og_image":[{"width":800,"height":800,"url":"https:\/\/tibladin.dk\/wp-content\/uploads\/2025\/05\/Skjorte_Angel-Mosaic_M_5.jpg","type":"image\/jpeg"}],"twitter_card":"summary_large_image","twitter_misc":{"Ber\u00e4knad l\u00e4stid":"2 minuter"},"schema":{"@context":"https:\/\/schema.org","@graph":[{"@type":"WebPage","@id":"https:\/\/tibladin.dk\/produkt\/skjorte-angel-mosaic-m\/","url":"https:\/\/tibladin.dk\/produkt\/skjorte-angel-mosaic-m\/","name":"Handgjord marockansk skjorta | Unik design | Tibladin |","isPartOf":{"@id":"https:\/\/tibladin.dk\/#website"},"primaryImageOfPage":{"@id":"https:\/\/tibladin.dk\/produkt\/skjorte-angel-mosaic-m\/#primaryimage"},"image":{"@id":"https:\/\/tibladin.dk\/produkt\/skjorte-angel-mosaic-m\/#primaryimage"},"thumbnailUrl":"https:\/\/tibladin.dk\/wp-content\/uploads\/2025\/05\/Skjorte_Angel-Mosaic_M_5.jpg","datePublished":"2025-05-31T10:34:01+00:00","dateModified":"2025-06-03T09:56:38+00:00","description":"Vackra handsydda kl\u00e4nningar i 100% bomull. Utvecklad i samarbete med en skicklig designer och skr\u00e4ddare i Marrakech. Unika och f\u00e4rgglada material.","breadcrumb":{"@id":"https:\/\/tibladin.dk\/produkt\/skjorte-angel-mosaic-m\/#breadcrumb"},"inLanguage":"sv-SE","potentialAction":[{"@type":"ReadAction","target":["https:\/\/tibladin.dk\/produkt\/skjorte-angel-mosaic-m\/"]}]},{"@type":"ImageObject","inLanguage":"sv-SE","@id":"https:\/\/tibladin.dk\/produkt\/skjorte-angel-mosaic-m\/#primaryimage","url":"https:\/\/tibladin.dk\/wp-content\/uploads\/2025\/05\/Skjorte_Angel-Mosaic_M_5.jpg","contentUrl":"https:\/\/tibladin.dk\/wp-content\/uploads\/2025\/05\/Skjorte_Angel-Mosaic_M_5.jpg","width":800,"height":800,"caption":"Skjorte_Angel Mosaic_M i en smuk majorelle bl\u00e5 med p\u00e5syede farvede vinger p\u00e5"},{"@type":"BreadcrumbList","@id":"https:\/\/tibladin.dk\/produkt\/skjorte-angel-mosaic-m\/#breadcrumb","itemListElement":[{"@type":"ListItem","position":1,"name":"Hjem","item":"https:\/\/tibladin.dk\/"},{"@type":"ListItem","position":2,"name":"Shop","item":"https:\/\/tibladin.dk\/shop\/"},{"@type":"ListItem","position":3,"name":"Skjorte ANGEL-MOSAIC-M"}]},{"@type":"WebSite","@id":"https:\/\/tibladin.dk\/#website","url":"https:\/\/tibladin.dk\/","name":"Tibladin","description":"Tibladin","publisher":{"@id":"https:\/\/tibladin.dk\/#organization"},"potentialAction":[{"@type":"SearchAction","target":{"@type":"EntryPoint","urlTemplate":"https:\/\/tibladin.dk\/?s={search_term_string}"},"query-input":{"@type":"PropertyValueSpecification","valueRequired":true,"valueName":"search_term_string"}}],"inLanguage":"sv-SE"},{"@type":"Organization","@id":"https:\/\/tibladin.dk\/#organization","name":"Tibladin","url":"https:\/\/tibladin.dk\/","logo":{"@type":"ImageObject","inLanguage":"sv-SE","@id":"https:\/\/tibladin.dk\/#\/schema\/logo\/image\/","url":"https:\/\/tibladin.dk\/wp-content\/uploads\/2022\/09\/tibladin_logo.svg","contentUrl":"https:\/\/tibladin.dk\/wp-content\/uploads\/2022\/09\/tibladin_logo.svg","caption":"Tibladin"},"image":{"@id":"https:\/\/tibladin.dk\/#\/schema\/logo\/image\/"}}]}},"_links":{"self":[{"href":"https:\/\/tibladin.dk\/sv\/wp-json\/wp\/v2\/product\/36864","targetHints":{"allow":["GET"]}}],"collection":[{"href":"https:\/\/tibladin.dk\/sv\/wp-json\/wp\/v2\/product"}],"about":[{"href":"https:\/\/tibladin.dk\/sv\/wp-json\/wp\/v2\/types\/product"}],"wp:featuredmedia":[{"embeddable":true,"href":"https:\/\/tibladin.dk\/sv\/wp-json\/wp\/v2\/media\/36880"}],"wp:attachment":[{"href":"https:\/\/tibladin.dk\/sv\/wp-json\/wp\/v2\/media?parent=36864"}],"wp:term":[{"taxonomy":"product_brand","embeddable":true,"href":"https:\/\/tibladin.dk\/sv\/wp-json\/wp\/v2\/product_brand?post=36864"},{"taxonomy":"product_cat","embeddable":true,"href":"https:\/\/tibladin.dk\/sv\/wp-json\/wp\/v2\/product_cat?post=36864"},{"taxonomy":"product_tag","embeddable":true,"href":"https:\/\/tibladin.dk\/sv\/wp-json\/wp\/v2\/product_tag?post=36864"}],"curies":[{"name":"wp","href":"https:\/\/api.w.org\/{rel}","templated":true}]}}