{"id":37007,"date":"2025-06-04T08:55:36","date_gmt":"2025-06-04T06:55:36","guid":{"rendered":"https:\/\/tibladin.dk\/?post_type=product&#038;p=37007"},"modified":"2025-06-04T09:07:07","modified_gmt":"2025-06-04T07:07:07","slug":"kofta-jacka-svart-vild-m","status":"publish","type":"product","link":"https:\/\/tibladin.dk\/sv\/produkt\/cardigan-jakke-noir-sauvage-m\/","title":{"rendered":"Kofta\/Jacka -NOIR SAUVAGE \u2013 M"},"content":{"rendered":"<div class=\"wpb-content-wrapper\"><div class=\"vc_row wpb_row vc_row-fluid\"><div class=\"wpb_column vc_column_container vc_col-sm-4\"><div class=\"vc_column-inner\"><div class=\"wpb_wrapper\"><\/div><\/div><\/div><div class=\"wpb_column vc_column_container vc_col-sm-4\"><div class=\"vc_column-inner\"><div class=\"wpb_wrapper\"><h3 style=\"text-align: left\" class=\"vc_custom_heading vc_do_custom_heading\" >Underh\u00e5ll<\/h3>\n\t<div class=\"wpb_text_column wpb_content_element\" >\n\t\t<div class=\"wpb_wrapper\">\n\t\t\t<p>Skjortorna \u00e4r tillverkade av 100%-bomull och kan d\u00e4rf\u00f6r maskintv\u00e4ttas i upp till 30 grader. Vi rekommenderar \u00e4ven att \u00e5ngtv\u00e4tta\/stryka kl\u00e4nningarna p\u00e5 l\u00e4gsta temperatur f\u00f6r att undvika skrynklor och veck.<\/p>\n\n\t\t<\/div>\n\t<\/div>\n<\/div><\/div><\/div><div class=\"wpb_column vc_column_container vc_col-sm-4\"><div class=\"vc_column-inner\"><div class=\"wpb_wrapper\"><h3 style=\"text-align: left\" class=\"vc_custom_heading vc_do_custom_heading\" >Historien bakom<\/h3>\n\t<div class=\"wpb_text_column wpb_content_element\" >\n\t\t<div class=\"wpb_wrapper\">\n\t\t\t<p data-start=\"192\" data-end=\"371\">Bab of Desert Marrakech, som grundades i hj\u00e4rtat av Marrakech, d\u00e4r f\u00e4rger, hantverk och historia v\u00e4vs samman p\u00e5 varje gata, \u00e4r ett varum\u00e4rke med r\u00f6tter i tradition \u2013 och ett \u00f6ga f\u00f6r frihet och stil. Daniela, som st\u00e5r bakom m\u00e4rket, arbetar n\u00e4ra marockanska skr\u00e4ddare som med stor k\u00e4rlek till sitt hantverk syr varje enskild skapelse f\u00f6r hand. Med h\u00e4nsyn till milj\u00f6n \u00e4r dessa kreationer endast handsydda i begr\u00e4nsat antal och det finns bara en av varje design. Ingen massproduktion.<\/p>\n<p data-start=\"373\" data-end=\"695\">Bakom varum\u00e4rket finns en passion f\u00f6r personligt mode med sj\u00e4l: kl\u00e4der som ber\u00e4ttar historier och skapar utrymme f\u00f6r b\u00e5de vardagliga glimtar och dr\u00f6mska \u00f6gonblick.<br data-start=\"525\" data-end=\"528\" \/>Alla stilar \u00e4r designade med respekt f\u00f6r komfort, l\u00e4tthet och den handgjorda looken \u2013 ofta med en lekfull twist som broderi, kontraster eller \u00f6verraskande detaljer.<\/p>\n<p data-start=\"697\" data-end=\"875\">Kollektionerna \u00e4r skapade i l\u00e4tta naturmaterial, och varje plagg b\u00e4r en touch av Marrakeshs energi \u2013 d\u00e4r \u00f6kenvind m\u00f6ter souk, och d\u00e4r tradition blir n\u00e5got nytt.<\/p>\n\n\t\t<\/div>\n\t<\/div>\n<\/div><\/div><\/div><\/div>\n<\/div>","protected":false},"excerpt":{"rendered":"<p data-start=\"223\" data-end=\"463\">Denna svarta jacka kombinerar mjukhet och attityd i en enkel, elegant design. Det l\u00e4tta tyget faller l\u00f6st och bekv\u00e4mt, medan kontrasterna \u2013 s\u00e4rskilt de sl\u00e5ende fickorna i konstl\u00e4der med ormskinnsstruktur \u2013 ger en sofistikerad och modern twist.<\/p>\n<p data-start=\"465\" data-end=\"718\">Detaljer som de gr\u00f6naktigt broderade kanterna ger jackan djup och karakt\u00e4r, och den \u00f6ppna, l\u00f6sa passformen g\u00f6r den enkel att styla b\u00e5de dag och kv\u00e4ll. Den \u00e4r perfekt \u00f6ver en enkel topp och jeans, men kan ocks\u00e5 b\u00e4ras som ett coolt lager \u00f6ver en kl\u00e4nning.<\/p>\n<p data-start=\"720\" data-end=\"796\">En snygg jacka f\u00f6r dig som vill ha en avslappnad look med en exklusiv touch.<\/p>\n<p data-start=\"231\" data-end=\"572\">Jackan \u00e4r i storlek Medium men passar de flesta small och medium. Det finns bara en av denna och d\u00e4rf\u00f6r finns den inte i flera olika storlekar.<\/p>\n<p data-start=\"540\" data-end=\"618\">M\u00c5TT: \u00c4rml\u00e4ngd 72 cm (fr\u00e5n kragen) \u00e4rml\u00e4ngd 47 cm<\/p>\n<p data-start=\"540\" data-end=\"618\">L\u00e4ngd (axel) 56 cm | Bredd 55 cm<\/p>\n<p data-start=\"540\" data-end=\"618\">Fotomodellen som anv\u00e4nds \u00e4r i storlek S.<\/p>\n<p>&nbsp;<\/p>","protected":false},"featured_media":37013,"template":"","meta":{"inline_featured_image":false},"product_brand":[],"product_cat":[171,27,169],"product_tag":[],"class_list":{"0":"post-37007","1":"product","2":"type-product","3":"status-publish","4":"has-post-thumbnail","6":"product_cat-cardigans-jakker","7":"product_cat-diverse","8":"product_cat-toej","10":"first","11":"instock","12":"taxable","13":"shipping-taxable","14":"purchasable","15":"product-type-simple"},"exclude_global_add_ons":[],"addons":[],"yoast_head":"<!-- This site is optimized with the Yoast SEO plugin v27.5 - https:\/\/yoast.com\/product\/yoast-seo-wordpress\/ -->\n<title>H\u00e5ndlavet Marokkansk cardigan | Unika design | Tibladin |<\/title>\n<meta name=\"description\" content=\"Flotte h\u00e5ndsyede unika t\u00f8j. Udviklet i samarbejde med dygtig designer og skr\u00e6dder i Marrakech. Unikke og farvestr\u00e5lende materialer.\" \/>\n<meta name=\"robots\" content=\"index, follow, max-snippet:-1, max-image-preview:large, max-video-preview:-1\" \/>\n<link rel=\"canonical\" href=\"https:\/\/tibladin.dk\/sv\/produkt\/kofta-jacka-svart-vild-m\/\" \/>\n<meta property=\"og:locale\" content=\"sv_SE\" \/>\n<meta property=\"og:type\" content=\"article\" \/>\n<meta property=\"og:title\" content=\"H\u00e5ndlavet Marokkansk cardigan | Unika design | Tibladin |\" \/>\n<meta property=\"og:description\" content=\"Flotte h\u00e5ndsyede unika t\u00f8j. Udviklet i samarbejde med dygtig designer og skr\u00e6dder i Marrakech. Unikke og farvestr\u00e5lende materialer.\" \/>\n<meta property=\"og:url\" content=\"https:\/\/tibladin.dk\/sv\/produkt\/kofta-jacka-svart-vild-m\/\" \/>\n<meta property=\"og:site_name\" content=\"Tibladin\" \/>\n<meta property=\"article:modified_time\" content=\"2025-06-04T07:07:07+00:00\" \/>\n<meta property=\"og:image\" content=\"https:\/\/tibladin.dk\/wp-content\/uploads\/2025\/06\/Cardigan-jakke_NOIR-SAUVAGE_6.jpg\" \/>\n\t<meta property=\"og:image:width\" content=\"800\" \/>\n\t<meta property=\"og:image:height\" content=\"800\" \/>\n\t<meta property=\"og:image:type\" content=\"image\/jpeg\" \/>\n<meta name=\"twitter:card\" content=\"summary_large_image\" \/>\n<meta name=\"twitter:label1\" content=\"Ber\u00e4knad l\u00e4stid\" \/>\n\t<meta name=\"twitter:data1\" content=\"2 minuter\" \/>\n<script type=\"application\/ld+json\" class=\"yoast-schema-graph\">{\"@context\":\"https:\\\/\\\/schema.org\",\"@graph\":[{\"@type\":\"WebPage\",\"@id\":\"https:\\\/\\\/tibladin.dk\\\/produkt\\\/cardigan-jakke-noir-sauvage-m\\\/\",\"url\":\"https:\\\/\\\/tibladin.dk\\\/produkt\\\/cardigan-jakke-noir-sauvage-m\\\/\",\"name\":\"H\u00e5ndlavet Marokkansk cardigan | Unika design | Tibladin |\",\"isPartOf\":{\"@id\":\"https:\\\/\\\/tibladin.dk\\\/#website\"},\"primaryImageOfPage\":{\"@id\":\"https:\\\/\\\/tibladin.dk\\\/produkt\\\/cardigan-jakke-noir-sauvage-m\\\/#primaryimage\"},\"image\":{\"@id\":\"https:\\\/\\\/tibladin.dk\\\/produkt\\\/cardigan-jakke-noir-sauvage-m\\\/#primaryimage\"},\"thumbnailUrl\":\"https:\\\/\\\/tibladin.dk\\\/wp-content\\\/uploads\\\/2025\\\/06\\\/Cardigan-jakke_NOIR-SAUVAGE_6.jpg\",\"datePublished\":\"2025-06-04T06:55:36+00:00\",\"dateModified\":\"2025-06-04T07:07:07+00:00\",\"description\":\"Flotte h\u00e5ndsyede unika t\u00f8j. Udviklet i samarbejde med dygtig designer og skr\u00e6dder i Marrakech. Unikke og farvestr\u00e5lende materialer.\",\"breadcrumb\":{\"@id\":\"https:\\\/\\\/tibladin.dk\\\/produkt\\\/cardigan-jakke-noir-sauvage-m\\\/#breadcrumb\"},\"inLanguage\":\"sv-SE\",\"potentialAction\":[{\"@type\":\"ReadAction\",\"target\":[\"https:\\\/\\\/tibladin.dk\\\/produkt\\\/cardigan-jakke-noir-sauvage-m\\\/\"]}]},{\"@type\":\"ImageObject\",\"inLanguage\":\"sv-SE\",\"@id\":\"https:\\\/\\\/tibladin.dk\\\/produkt\\\/cardigan-jakke-noir-sauvage-m\\\/#primaryimage\",\"url\":\"https:\\\/\\\/tibladin.dk\\\/wp-content\\\/uploads\\\/2025\\\/06\\\/Cardigan-jakke_NOIR-SAUVAGE_6.jpg\",\"contentUrl\":\"https:\\\/\\\/tibladin.dk\\\/wp-content\\\/uploads\\\/2025\\\/06\\\/Cardigan-jakke_NOIR-SAUVAGE_6.jpg\",\"width\":800,\"height\":800,\"caption\":\"Cardigan\\\/jakke_NO\u00cdR SAUVAGE_i bl\u00f8dt sort stof med gr\u00f8nne kantb\u00e5nd og slangeimiteret skind lommer\"},{\"@type\":\"BreadcrumbList\",\"@id\":\"https:\\\/\\\/tibladin.dk\\\/produkt\\\/cardigan-jakke-noir-sauvage-m\\\/#breadcrumb\",\"itemListElement\":[{\"@type\":\"ListItem\",\"position\":1,\"name\":\"Hjem\",\"item\":\"https:\\\/\\\/tibladin.dk\\\/\"},{\"@type\":\"ListItem\",\"position\":2,\"name\":\"Shop\",\"item\":\"https:\\\/\\\/tibladin.dk\\\/shop\\\/\"},{\"@type\":\"ListItem\",\"position\":3,\"name\":\"Cardigan\\\/Jakke -NOIR SAUVAGE &#8211; M\"}]},{\"@type\":\"WebSite\",\"@id\":\"https:\\\/\\\/tibladin.dk\\\/#website\",\"url\":\"https:\\\/\\\/tibladin.dk\\\/\",\"name\":\"Tibladin\",\"description\":\"Tibladin\",\"publisher\":{\"@id\":\"https:\\\/\\\/tibladin.dk\\\/#organization\"},\"potentialAction\":[{\"@type\":\"SearchAction\",\"target\":{\"@type\":\"EntryPoint\",\"urlTemplate\":\"https:\\\/\\\/tibladin.dk\\\/?s={search_term_string}\"},\"query-input\":{\"@type\":\"PropertyValueSpecification\",\"valueRequired\":true,\"valueName\":\"search_term_string\"}}],\"inLanguage\":\"sv-SE\"},{\"@type\":\"Organization\",\"@id\":\"https:\\\/\\\/tibladin.dk\\\/#organization\",\"name\":\"Tibladin\",\"url\":\"https:\\\/\\\/tibladin.dk\\\/\",\"logo\":{\"@type\":\"ImageObject\",\"inLanguage\":\"sv-SE\",\"@id\":\"https:\\\/\\\/tibladin.dk\\\/#\\\/schema\\\/logo\\\/image\\\/\",\"url\":\"https:\\\/\\\/tibladin.dk\\\/wp-content\\\/uploads\\\/2022\\\/09\\\/tibladin_logo.svg\",\"contentUrl\":\"https:\\\/\\\/tibladin.dk\\\/wp-content\\\/uploads\\\/2022\\\/09\\\/tibladin_logo.svg\",\"caption\":\"Tibladin\"},\"image\":{\"@id\":\"https:\\\/\\\/tibladin.dk\\\/#\\\/schema\\\/logo\\\/image\\\/\"}}]}<\/script>\n<!-- \/ Yoast SEO plugin. -->","yoast_head_json":{"title":"Handgjord marockansk kofta | Unik design | Tibladin |","description":"Vackra handsydda unika kl\u00e4der. Utvecklade i samarbete med en skicklig designer och skr\u00e4ddare i Marrakech. Unika och f\u00e4rgglada material.","robots":{"index":"index","follow":"follow","max-snippet":"max-snippet:-1","max-image-preview":"max-image-preview:large","max-video-preview":"max-video-preview:-1"},"canonical":"https:\/\/tibladin.dk\/sv\/produkt\/kofta-jacka-svart-vild-m\/","og_locale":"sv_SE","og_type":"article","og_title":"H\u00e5ndlavet Marokkansk cardigan | Unika design | Tibladin |","og_description":"Flotte h\u00e5ndsyede unika t\u00f8j. Udviklet i samarbejde med dygtig designer og skr\u00e6dder i Marrakech. Unikke og farvestr\u00e5lende materialer.","og_url":"https:\/\/tibladin.dk\/sv\/produkt\/kofta-jacka-svart-vild-m\/","og_site_name":"Tibladin","article_modified_time":"2025-06-04T07:07:07+00:00","og_image":[{"width":800,"height":800,"url":"https:\/\/tibladin.dk\/wp-content\/uploads\/2025\/06\/Cardigan-jakke_NOIR-SAUVAGE_6.jpg","type":"image\/jpeg"}],"twitter_card":"summary_large_image","twitter_misc":{"Ber\u00e4knad l\u00e4stid":"2 minuter"},"schema":{"@context":"https:\/\/schema.org","@graph":[{"@type":"WebPage","@id":"https:\/\/tibladin.dk\/produkt\/cardigan-jakke-noir-sauvage-m\/","url":"https:\/\/tibladin.dk\/produkt\/cardigan-jakke-noir-sauvage-m\/","name":"Handgjord marockansk kofta | Unik design | Tibladin |","isPartOf":{"@id":"https:\/\/tibladin.dk\/#website"},"primaryImageOfPage":{"@id":"https:\/\/tibladin.dk\/produkt\/cardigan-jakke-noir-sauvage-m\/#primaryimage"},"image":{"@id":"https:\/\/tibladin.dk\/produkt\/cardigan-jakke-noir-sauvage-m\/#primaryimage"},"thumbnailUrl":"https:\/\/tibladin.dk\/wp-content\/uploads\/2025\/06\/Cardigan-jakke_NOIR-SAUVAGE_6.jpg","datePublished":"2025-06-04T06:55:36+00:00","dateModified":"2025-06-04T07:07:07+00:00","description":"Vackra handsydda unika kl\u00e4der. Utvecklade i samarbete med en skicklig designer och skr\u00e4ddare i Marrakech. Unika och f\u00e4rgglada material.","breadcrumb":{"@id":"https:\/\/tibladin.dk\/produkt\/cardigan-jakke-noir-sauvage-m\/#breadcrumb"},"inLanguage":"sv-SE","potentialAction":[{"@type":"ReadAction","target":["https:\/\/tibladin.dk\/produkt\/cardigan-jakke-noir-sauvage-m\/"]}]},{"@type":"ImageObject","inLanguage":"sv-SE","@id":"https:\/\/tibladin.dk\/produkt\/cardigan-jakke-noir-sauvage-m\/#primaryimage","url":"https:\/\/tibladin.dk\/wp-content\/uploads\/2025\/06\/Cardigan-jakke_NOIR-SAUVAGE_6.jpg","contentUrl":"https:\/\/tibladin.dk\/wp-content\/uploads\/2025\/06\/Cardigan-jakke_NOIR-SAUVAGE_6.jpg","width":800,"height":800,"caption":"Cardigan\/jakke_NO\u00cdR SAUVAGE_i bl\u00f8dt sort stof med gr\u00f8nne kantb\u00e5nd og slangeimiteret skind lommer"},{"@type":"BreadcrumbList","@id":"https:\/\/tibladin.dk\/produkt\/cardigan-jakke-noir-sauvage-m\/#breadcrumb","itemListElement":[{"@type":"ListItem","position":1,"name":"Hjem","item":"https:\/\/tibladin.dk\/"},{"@type":"ListItem","position":2,"name":"Shop","item":"https:\/\/tibladin.dk\/shop\/"},{"@type":"ListItem","position":3,"name":"Cardigan\/Jakke -NOIR SAUVAGE &#8211; M"}]},{"@type":"WebSite","@id":"https:\/\/tibladin.dk\/#website","url":"https:\/\/tibladin.dk\/","name":"Tibladin","description":"Tibladin","publisher":{"@id":"https:\/\/tibladin.dk\/#organization"},"potentialAction":[{"@type":"SearchAction","target":{"@type":"EntryPoint","urlTemplate":"https:\/\/tibladin.dk\/?s={search_term_string}"},"query-input":{"@type":"PropertyValueSpecification","valueRequired":true,"valueName":"search_term_string"}}],"inLanguage":"sv-SE"},{"@type":"Organization","@id":"https:\/\/tibladin.dk\/#organization","name":"Tibladin","url":"https:\/\/tibladin.dk\/","logo":{"@type":"ImageObject","inLanguage":"sv-SE","@id":"https:\/\/tibladin.dk\/#\/schema\/logo\/image\/","url":"https:\/\/tibladin.dk\/wp-content\/uploads\/2022\/09\/tibladin_logo.svg","contentUrl":"https:\/\/tibladin.dk\/wp-content\/uploads\/2022\/09\/tibladin_logo.svg","caption":"Tibladin"},"image":{"@id":"https:\/\/tibladin.dk\/#\/schema\/logo\/image\/"}}]}},"_links":{"self":[{"href":"https:\/\/tibladin.dk\/sv\/wp-json\/wp\/v2\/product\/37007","targetHints":{"allow":["GET"]}}],"collection":[{"href":"https:\/\/tibladin.dk\/sv\/wp-json\/wp\/v2\/product"}],"about":[{"href":"https:\/\/tibladin.dk\/sv\/wp-json\/wp\/v2\/types\/product"}],"wp:featuredmedia":[{"embeddable":true,"href":"https:\/\/tibladin.dk\/sv\/wp-json\/wp\/v2\/media\/37013"}],"wp:attachment":[{"href":"https:\/\/tibladin.dk\/sv\/wp-json\/wp\/v2\/media?parent=37007"}],"wp:term":[{"taxonomy":"product_brand","embeddable":true,"href":"https:\/\/tibladin.dk\/sv\/wp-json\/wp\/v2\/product_brand?post=37007"},{"taxonomy":"product_cat","embeddable":true,"href":"https:\/\/tibladin.dk\/sv\/wp-json\/wp\/v2\/product_cat?post=37007"},{"taxonomy":"product_tag","embeddable":true,"href":"https:\/\/tibladin.dk\/sv\/wp-json\/wp\/v2\/product_tag?post=37007"}],"curies":[{"name":"wp","href":"https:\/\/api.w.org\/{rel}","templated":true}]}}