{"id":37176,"date":"2025-06-14T19:50:43","date_gmt":"2025-06-14T17:50:43","guid":{"rendered":"https:\/\/tibladin.dk\/?post_type=product&#038;p=37176"},"modified":"2025-10-18T14:11:24","modified_gmt":"2025-10-18T12:11:24","slug":"rottingshoppare-%c2%b7-la-palma","status":"publish","type":"product","link":"https:\/\/tibladin.dk\/sv\/produkt\/shopper-i-flet-%c2%b7-la-palma\/","title":{"rendered":"Konstn\u00e4rsbutik i rotting \u00b7 LA PALMA"},"content":{"rendered":"<div class=\"wpb-content-wrapper\"><div class=\"vc_row wpb_row vc_row-fluid\"><div class=\"wpb_column vc_column_container vc_col-sm-4\"><div class=\"vc_column-inner\"><div class=\"wpb_wrapper\"><\/div><\/div><\/div><div class=\"wpb_column vc_column_container vc_col-sm-4\"><div class=\"vc_column-inner\"><div class=\"wpb_wrapper\"><h3 style=\"text-align: left\" class=\"vc_custom_heading vc_do_custom_heading\" >Underh\u00e5ll<\/h3>\n\t<div class=\"wpb_text_column wpb_content_element\" >\n\t\t<div class=\"wpb_wrapper\">\n\t\t\t<p>Kan torkas av med en h\u00e5rt urvriden trasa<\/p>\n\n\t\t<\/div>\n\t<\/div>\n<\/div><\/div><\/div><div class=\"wpb_column vc_column_container vc_col-sm-4\"><div class=\"vc_column-inner\"><div class=\"wpb_wrapper\"><h3 style=\"text-align: left\" class=\"vc_custom_heading vc_do_custom_heading\" >Historien bakom<\/h3>\n\t<div class=\"wpb_text_column wpb_content_element\" >\n\t\t<div class=\"wpb_wrapper\">\n\t\t\t<p>Handv\u00e4vd v\u00e4ska med vridna remmar och innerv\u00e4ska med dragsko. Handv\u00e4vt i v\u00e5r verkstad i Marrakech, d\u00e4r hantverket har g\u00e5tt i arv genom generationer.<\/p>\n\n\t\t<\/div>\n\t<\/div>\n<\/div><\/div><\/div><\/div>\n<\/div>","protected":false},"excerpt":{"rendered":"<h3 data-start=\"81\" data-end=\"138\"><strong data-start=\"85\" data-end=\"138\">La Palma \u2013 Din nya favorit f\u00f6r vardag och \u00e4ventyr<\/strong><\/h3>\n<p data-start=\"140\" data-end=\"472\">Stor, snygg och redo f\u00f6r allt \u2013 <strong data-start=\"172\" data-end=\"184\">La Palma<\/strong> \u00e4r korgv\u00e4skan som kombinerar funktionalitet och f\u00f6rfinat hantverk i en elegant design. Handv\u00e4vd av naturmaterial med b\u00e5de korta och l\u00e5nga remmar ger den dig maximal flexibilitet: b\u00e4r den i handen till marknaden eller \u00f6ver axeln till stranden, kaf\u00e9et eller vardagslivet i stan.<\/p>\n<p data-start=\"474\" data-end=\"729\">Den \u00e4r rymlig nog f\u00f6r en handduk, shopping, b\u00f6cker och lite extra \u2013 utan att kompromissa med stilen. De l\u00e5nga, mjuka axelremmarna i l\u00e4derliknande design s\u00e4kerst\u00e4ller h\u00f6g komfort, medan det minimalistiska utseendet och den diskreta logotypen ger v\u00e4skan ett exklusivt utseende.<\/p>\n<p data-start=\"474\" data-end=\"729\">M\u00e5tt: L:59 cm H: 36 cm D:38<\/p>\n<h4 data-start=\"731\" data-end=\"766\">Det \u00e4r d\u00e4rf\u00f6r vi \u00e4lskar <strong data-start=\"753\" data-end=\"765\">La Palma<\/strong>:<\/h4>\n<p data-start=\"767\" data-end=\"949\">\ud83e\uddfa Extra rymlig \u2013 perfekt f\u00f6r vardagslivet, stranden och shoppingen<br data-start=\"827\" data-end=\"830\" \/>\ud83e\uddfa Tv\u00e5 upps\u00e4ttningar remmar: handtag och axelremmar<br data-start=\"876\" data-end=\"879\" \/>\ud83e\uddfa Tidl\u00f6s design i naturlig rotting<br data-start=\"912\" data-end=\"915\" \/>\ud83e\uddfa Bekv\u00e4m, l\u00e4tt och h\u00e5llbar<\/p>\n<p data-start=\"951\" data-end=\"1098\"><strong data-start=\"951\" data-end=\"963\">La Palma<\/strong> \u00e4r inte bara en v\u00e4ska \u2013 det \u00e4r en trogen f\u00f6ljeslagare som lyfter din outfit och g\u00f6r livet enklare, ett praktiskt och vackert val i taget.<\/p>\n<hr data-start=\"1100\" data-end=\"1103\" \/>","protected":false},"featured_media":37177,"template":"","meta":{"inline_featured_image":false},"product_brand":[],"product_cat":[27,31],"product_tag":[],"class_list":{"0":"post-37176","1":"product","2":"type-product","3":"status-publish","4":"has-post-thumbnail","6":"product_cat-diverse","7":"product_cat-tasker","9":"first","10":"instock","11":"taxable","12":"shipping-taxable","13":"purchasable","14":"product-type-simple"},"exclude_global_add_ons":false,"addons":[{"name":"Vill du ha presentinslagning?","type":"checkbox","position":0,"required":false,"title_format":"label","default":"","description_enable":false,"description":"","placeholder_enable":false,"placeholder":"","display":"images","restrictions_type":"any_text","adjust_price":false,"price":"","price_type":"flat_fee","restrictions":false,"min":"0","max":"0","options":[{"label":"Ja tak","price":"10","price_type":"flat_fee","image":11015,"visibility":true}],"id":1669646111}],"yoast_head":"<!-- This site is optimized with the Yoast SEO plugin v27.4 - https:\/\/yoast.com\/product\/yoast-seo-wordpress\/ -->\n<title>Stor Shopper i flet i tidl\u00f8st design \u00b7 Kun hos Tibladin<\/title>\n<meta name=\"description\" content=\"Elegant og praktisk k\u00e6mpe taske i flet med praktisk b\u00e6reh\u00e5ndtag og lange stropper i l\u00e6der . H\u00e5ndflettet i h\u00f8jeste kvalitet p\u00e5 vores v\u00e6rksted i Marrakesh.\" \/>\n<meta name=\"robots\" content=\"index, follow, max-snippet:-1, max-image-preview:large, max-video-preview:-1\" \/>\n<link rel=\"canonical\" href=\"https:\/\/tibladin.dk\/sv\/produkt\/rottingshoppare-\u00b7-la-palma\/\" \/>\n<meta property=\"og:locale\" content=\"sv_SE\" \/>\n<meta property=\"og:type\" content=\"article\" \/>\n<meta property=\"og:title\" content=\"Stor Shopper i flet i tidl\u00f8st design \u00b7 Kun hos Tibladin\" \/>\n<meta property=\"og:description\" content=\"Elegant og praktisk k\u00e6mpe taske i flet med praktisk b\u00e6reh\u00e5ndtag og lange stropper i l\u00e6der . H\u00e5ndflettet i h\u00f8jeste kvalitet p\u00e5 vores v\u00e6rksted i Marrakesh.\" \/>\n<meta property=\"og:url\" content=\"https:\/\/tibladin.dk\/sv\/produkt\/rottingshoppare-\u00b7-la-palma\/\" \/>\n<meta property=\"og:site_name\" content=\"Tibladin\" \/>\n<meta property=\"article:modified_time\" content=\"2025-10-18T12:11:24+00:00\" \/>\n<meta property=\"og:image\" content=\"https:\/\/tibladin.dk\/wp-content\/uploads\/2025\/06\/KURVETASKE_LA-PALMA_1.jpg\" \/>\n\t<meta property=\"og:image:width\" content=\"800\" \/>\n\t<meta property=\"og:image:height\" content=\"800\" \/>\n\t<meta property=\"og:image:type\" content=\"image\/jpeg\" \/>\n<meta name=\"twitter:card\" content=\"summary_large_image\" \/>\n<meta name=\"twitter:label1\" content=\"Ber\u00e4knad l\u00e4stid\" \/>\n\t<meta name=\"twitter:data1\" content=\"1 minut\" \/>\n<script type=\"application\/ld+json\" class=\"yoast-schema-graph\">{\"@context\":\"https:\\\/\\\/schema.org\",\"@graph\":[{\"@type\":\"WebPage\",\"@id\":\"https:\\\/\\\/tibladin.dk\\\/produkt\\\/shopper-i-flet-%c2%b7-la-palma\\\/\",\"url\":\"https:\\\/\\\/tibladin.dk\\\/produkt\\\/shopper-i-flet-%c2%b7-la-palma\\\/\",\"name\":\"Stor Shopper i flet i tidl\u00f8st design \u00b7 Kun hos Tibladin\",\"isPartOf\":{\"@id\":\"https:\\\/\\\/tibladin.dk\\\/#website\"},\"primaryImageOfPage\":{\"@id\":\"https:\\\/\\\/tibladin.dk\\\/produkt\\\/shopper-i-flet-%c2%b7-la-palma\\\/#primaryimage\"},\"image\":{\"@id\":\"https:\\\/\\\/tibladin.dk\\\/produkt\\\/shopper-i-flet-%c2%b7-la-palma\\\/#primaryimage\"},\"thumbnailUrl\":\"https:\\\/\\\/tibladin.dk\\\/wp-content\\\/uploads\\\/2025\\\/06\\\/KURVETASKE_LA-PALMA_1.jpg\",\"datePublished\":\"2025-06-14T17:50:43+00:00\",\"dateModified\":\"2025-10-18T12:11:24+00:00\",\"description\":\"Elegant og praktisk k\u00e6mpe taske i flet med praktisk b\u00e6reh\u00e5ndtag og lange stropper i l\u00e6der . H\u00e5ndflettet i h\u00f8jeste kvalitet p\u00e5 vores v\u00e6rksted i Marrakesh.\",\"breadcrumb\":{\"@id\":\"https:\\\/\\\/tibladin.dk\\\/produkt\\\/shopper-i-flet-%c2%b7-la-palma\\\/#breadcrumb\"},\"inLanguage\":\"sv-SE\",\"potentialAction\":[{\"@type\":\"ReadAction\",\"target\":[\"https:\\\/\\\/tibladin.dk\\\/produkt\\\/shopper-i-flet-%c2%b7-la-palma\\\/\"]}]},{\"@type\":\"ImageObject\",\"inLanguage\":\"sv-SE\",\"@id\":\"https:\\\/\\\/tibladin.dk\\\/produkt\\\/shopper-i-flet-%c2%b7-la-palma\\\/#primaryimage\",\"url\":\"https:\\\/\\\/tibladin.dk\\\/wp-content\\\/uploads\\\/2025\\\/06\\\/KURVETASKE_LA-PALMA_1.jpg\",\"contentUrl\":\"https:\\\/\\\/tibladin.dk\\\/wp-content\\\/uploads\\\/2025\\\/06\\\/KURVETASKE_LA-PALMA_1.jpg\",\"width\":800,\"height\":800,\"caption\":\"KURVETASKE_LA PALMA\"},{\"@type\":\"BreadcrumbList\",\"@id\":\"https:\\\/\\\/tibladin.dk\\\/produkt\\\/shopper-i-flet-%c2%b7-la-palma\\\/#breadcrumb\",\"itemListElement\":[{\"@type\":\"ListItem\",\"position\":1,\"name\":\"Hjem\",\"item\":\"https:\\\/\\\/tibladin.dk\\\/\"},{\"@type\":\"ListItem\",\"position\":2,\"name\":\"Shop\",\"item\":\"https:\\\/\\\/tibladin.dk\\\/shop\\\/\"},{\"@type\":\"ListItem\",\"position\":3,\"name\":\"Shopper i flet \u00b7 LA PALMA\"}]},{\"@type\":\"WebSite\",\"@id\":\"https:\\\/\\\/tibladin.dk\\\/#website\",\"url\":\"https:\\\/\\\/tibladin.dk\\\/\",\"name\":\"Tibladin\",\"description\":\"Tibladin\",\"publisher\":{\"@id\":\"https:\\\/\\\/tibladin.dk\\\/#organization\"},\"potentialAction\":[{\"@type\":\"SearchAction\",\"target\":{\"@type\":\"EntryPoint\",\"urlTemplate\":\"https:\\\/\\\/tibladin.dk\\\/?s={search_term_string}\"},\"query-input\":{\"@type\":\"PropertyValueSpecification\",\"valueRequired\":true,\"valueName\":\"search_term_string\"}}],\"inLanguage\":\"sv-SE\"},{\"@type\":\"Organization\",\"@id\":\"https:\\\/\\\/tibladin.dk\\\/#organization\",\"name\":\"Tibladin\",\"url\":\"https:\\\/\\\/tibladin.dk\\\/\",\"logo\":{\"@type\":\"ImageObject\",\"inLanguage\":\"sv-SE\",\"@id\":\"https:\\\/\\\/tibladin.dk\\\/#\\\/schema\\\/logo\\\/image\\\/\",\"url\":\"https:\\\/\\\/tibladin.dk\\\/wp-content\\\/uploads\\\/2022\\\/09\\\/tibladin_logo.svg\",\"contentUrl\":\"https:\\\/\\\/tibladin.dk\\\/wp-content\\\/uploads\\\/2022\\\/09\\\/tibladin_logo.svg\",\"caption\":\"Tibladin\"},\"image\":{\"@id\":\"https:\\\/\\\/tibladin.dk\\\/#\\\/schema\\\/logo\\\/image\\\/\"}}]}<\/script>\n<!-- \/ Yoast SEO plugin. -->","yoast_head_json":{"title":"Stor rottingv\u00e4ska i tidl\u00f6s design \u00b7 Endast hos Tibladin","description":"Elegant och praktisk j\u00e4ttev\u00e4ska i rotting med praktiskt b\u00e4rhandtag och l\u00e5nga l\u00e4derremmar. Handv\u00e4vd i h\u00f6gsta kvalitet i v\u00e5r verkstad i Marrakech.","robots":{"index":"index","follow":"follow","max-snippet":"max-snippet:-1","max-image-preview":"max-image-preview:large","max-video-preview":"max-video-preview:-1"},"canonical":"https:\/\/tibladin.dk\/sv\/produkt\/rottingshoppare-\u00b7-la-palma\/","og_locale":"sv_SE","og_type":"article","og_title":"Stor Shopper i flet i tidl\u00f8st design \u00b7 Kun hos Tibladin","og_description":"Elegant og praktisk k\u00e6mpe taske i flet med praktisk b\u00e6reh\u00e5ndtag og lange stropper i l\u00e6der . H\u00e5ndflettet i h\u00f8jeste kvalitet p\u00e5 vores v\u00e6rksted i Marrakesh.","og_url":"https:\/\/tibladin.dk\/sv\/produkt\/rottingshoppare-\u00b7-la-palma\/","og_site_name":"Tibladin","article_modified_time":"2025-10-18T12:11:24+00:00","og_image":[{"width":800,"height":800,"url":"https:\/\/tibladin.dk\/wp-content\/uploads\/2025\/06\/KURVETASKE_LA-PALMA_1.jpg","type":"image\/jpeg"}],"twitter_card":"summary_large_image","twitter_misc":{"Ber\u00e4knad l\u00e4stid":"1 minut"},"schema":{"@context":"https:\/\/schema.org","@graph":[{"@type":"WebPage","@id":"https:\/\/tibladin.dk\/produkt\/shopper-i-flet-%c2%b7-la-palma\/","url":"https:\/\/tibladin.dk\/produkt\/shopper-i-flet-%c2%b7-la-palma\/","name":"Stor rottingv\u00e4ska i tidl\u00f6s design \u00b7 Endast hos Tibladin","isPartOf":{"@id":"https:\/\/tibladin.dk\/#website"},"primaryImageOfPage":{"@id":"https:\/\/tibladin.dk\/produkt\/shopper-i-flet-%c2%b7-la-palma\/#primaryimage"},"image":{"@id":"https:\/\/tibladin.dk\/produkt\/shopper-i-flet-%c2%b7-la-palma\/#primaryimage"},"thumbnailUrl":"https:\/\/tibladin.dk\/wp-content\/uploads\/2025\/06\/KURVETASKE_LA-PALMA_1.jpg","datePublished":"2025-06-14T17:50:43+00:00","dateModified":"2025-10-18T12:11:24+00:00","description":"Elegant och praktisk j\u00e4ttev\u00e4ska i rotting med praktiskt b\u00e4rhandtag och l\u00e5nga l\u00e4derremmar. Handv\u00e4vd i h\u00f6gsta kvalitet i v\u00e5r verkstad i Marrakech.","breadcrumb":{"@id":"https:\/\/tibladin.dk\/produkt\/shopper-i-flet-%c2%b7-la-palma\/#breadcrumb"},"inLanguage":"sv-SE","potentialAction":[{"@type":"ReadAction","target":["https:\/\/tibladin.dk\/produkt\/shopper-i-flet-%c2%b7-la-palma\/"]}]},{"@type":"ImageObject","inLanguage":"sv-SE","@id":"https:\/\/tibladin.dk\/produkt\/shopper-i-flet-%c2%b7-la-palma\/#primaryimage","url":"https:\/\/tibladin.dk\/wp-content\/uploads\/2025\/06\/KURVETASKE_LA-PALMA_1.jpg","contentUrl":"https:\/\/tibladin.dk\/wp-content\/uploads\/2025\/06\/KURVETASKE_LA-PALMA_1.jpg","width":800,"height":800,"caption":"KURVETASKE_LA PALMA"},{"@type":"BreadcrumbList","@id":"https:\/\/tibladin.dk\/produkt\/shopper-i-flet-%c2%b7-la-palma\/#breadcrumb","itemListElement":[{"@type":"ListItem","position":1,"name":"Hjem","item":"https:\/\/tibladin.dk\/"},{"@type":"ListItem","position":2,"name":"Shop","item":"https:\/\/tibladin.dk\/shop\/"},{"@type":"ListItem","position":3,"name":"Shopper i flet \u00b7 LA PALMA"}]},{"@type":"WebSite","@id":"https:\/\/tibladin.dk\/#website","url":"https:\/\/tibladin.dk\/","name":"Tibladin","description":"Tibladin","publisher":{"@id":"https:\/\/tibladin.dk\/#organization"},"potentialAction":[{"@type":"SearchAction","target":{"@type":"EntryPoint","urlTemplate":"https:\/\/tibladin.dk\/?s={search_term_string}"},"query-input":{"@type":"PropertyValueSpecification","valueRequired":true,"valueName":"search_term_string"}}],"inLanguage":"sv-SE"},{"@type":"Organization","@id":"https:\/\/tibladin.dk\/#organization","name":"Tibladin","url":"https:\/\/tibladin.dk\/","logo":{"@type":"ImageObject","inLanguage":"sv-SE","@id":"https:\/\/tibladin.dk\/#\/schema\/logo\/image\/","url":"https:\/\/tibladin.dk\/wp-content\/uploads\/2022\/09\/tibladin_logo.svg","contentUrl":"https:\/\/tibladin.dk\/wp-content\/uploads\/2022\/09\/tibladin_logo.svg","caption":"Tibladin"},"image":{"@id":"https:\/\/tibladin.dk\/#\/schema\/logo\/image\/"}}]}},"_links":{"self":[{"href":"https:\/\/tibladin.dk\/sv\/wp-json\/wp\/v2\/product\/37176","targetHints":{"allow":["GET"]}}],"collection":[{"href":"https:\/\/tibladin.dk\/sv\/wp-json\/wp\/v2\/product"}],"about":[{"href":"https:\/\/tibladin.dk\/sv\/wp-json\/wp\/v2\/types\/product"}],"wp:featuredmedia":[{"embeddable":true,"href":"https:\/\/tibladin.dk\/sv\/wp-json\/wp\/v2\/media\/37177"}],"wp:attachment":[{"href":"https:\/\/tibladin.dk\/sv\/wp-json\/wp\/v2\/media?parent=37176"}],"wp:term":[{"taxonomy":"product_brand","embeddable":true,"href":"https:\/\/tibladin.dk\/sv\/wp-json\/wp\/v2\/product_brand?post=37176"},{"taxonomy":"product_cat","embeddable":true,"href":"https:\/\/tibladin.dk\/sv\/wp-json\/wp\/v2\/product_cat?post=37176"},{"taxonomy":"product_tag","embeddable":true,"href":"https:\/\/tibladin.dk\/sv\/wp-json\/wp\/v2\/product_tag?post=37176"}],"curies":[{"name":"wp","href":"https:\/\/api.w.org\/{rel}","templated":true}]}}