{"id":37277,"date":"2025-06-18T08:10:36","date_gmt":"2025-06-18T06:10:36","guid":{"rendered":"https:\/\/tibladin.dk\/?post_type=product&#038;p=37277"},"modified":"2025-06-20T14:19:11","modified_gmt":"2025-06-20T12:19:11","slug":"marockansk-boucherouitematta-tazra-148x246-cm","status":"publish","type":"product","link":"https:\/\/tibladin.dk\/sv\/produkt\/marokkansk-boucherouite-taeppe-tazra-148x246-cm\/","title":{"rendered":"Marockansk boucherouite-matta \u2013 TAZRA | 148\u00d7246 cm"},"content":{"rendered":"<div class=\"wpb-content-wrapper\"><div class=\"vc_row wpb_row vc_row-fluid\"><div class=\"wpb_column vc_column_container vc_col-sm-4\"><div class=\"vc_column-inner\"><div class=\"wpb_wrapper\"><\/div><\/div><\/div><div class=\"wpb_column vc_column_container vc_col-sm-4\"><div class=\"vc_column-inner\"><div class=\"wpb_wrapper\"><h3 style=\"text-align: left\" class=\"vc_custom_heading vc_do_custom_heading\" >Underh\u00e5ll<\/h3>\n\t<div class=\"wpb_text_column wpb_content_element\" >\n\t\t<div class=\"wpb_wrapper\">\n\t\t\t<p>Dammsug mattan regelbundet och ta ut den och skaka den d\u00e5 och d\u00e5. Fl\u00e4ckar tas bort genom att bl\u00f6ta upp fl\u00e4cken s\u00e5 snabbt som m\u00f6jligt med en trasa och sedan dutta fl\u00e4cken med en fuktig trasa. Mattan \u00e4r gjord av rester av olika material.<\/p>\n\n\t\t<\/div>\n\t<\/div>\n<\/div><\/div><\/div><div class=\"wpb_column vc_column_container vc_col-sm-4\"><div class=\"vc_column-inner\"><div class=\"wpb_wrapper\"><h3 style=\"text-align: left\" class=\"vc_custom_heading vc_do_custom_heading\" >Historien bakom<\/h3>\n\t<div class=\"wpb_text_column wpb_content_element\" >\n\t\t<div class=\"wpb_wrapper\">\n\t\t\t<p>Mattor pryder, ger mysighet och v\u00e4rme och \u00e4r \u00e4ven ljudabsorberande.<\/p>\n<p>Boucherouite-mattor v\u00e4vs av tygrester fr\u00e5n kl\u00e4der och textilier och berberkvinnorna ger dem ett nytt liv i en konstn\u00e4rlig matta. Alla mattor \u00e4r unika och sm\u00e5 konstverk i sig. Namnet Boucherouite kommer fr\u00e5n Bouts de chiffons, som betyder rester av tyg. M\u00e5nga typer av material anv\u00e4nds i en Boucheroute matta: bomull, nylon, ull, spets, tyll, etc.<span class=\"Apple-converted-space\">\u00a0 <\/span>Varje bit tyg fixeras bit f\u00f6r bit med en speciell teknik. Denna teknik \u00f6verf\u00f6rs fr\u00e5n mor till dotter genom generationer. K\u00e4nnetecknet f\u00f6r Boucheroute mattor \u00e4r att de \u00e4r f\u00e4rgglada och tankev\u00e4ckande. De ger en varm och f\u00e4rgstark touch till interi\u00f6ren och har blivit mycket popul\u00e4ra bland inredningsentusiaster v\u00e4rlden \u00f6ver. Den vanligaste storleken \u00e4r ca. 100\u00d7170 cm. De mindre mattorna anv\u00e4nds \u00e4ven som v\u00e4ggdekorationer med\/eller utan ram.<span class=\"Apple-converted-space\">\u00a0<\/span><\/p>\n<p>Utforska Boucherouite-mattorna p\u00e5 Tibladin och hitta din favorit!<\/p>\n\n\t\t<\/div>\n\t<\/div>\n<\/div><\/div><\/div><\/div>\n<\/div>","protected":false},"excerpt":{"rendered":"<h3 data-start=\"137\" data-end=\"187\"><strong data-start=\"141\" data-end=\"187\">Tazra \u2013 Djup, rytm och berberisk magi<\/strong><\/h3>\n<p data-start=\"189\" data-end=\"486\">Tazra \u00e4r en vintage boucherouite-matta som m\u00e4ter 148 x 246 cm \u2013 ett kraftfullt men \u00e4nd\u00e5 poetiskt textilkonstverk, handv\u00e4vt av berberkvinnor i Marocko. Mattan utstr\u00e5lar lugn och mystik med sitt grafiska V-formade m\u00f6nster och en f\u00e4rgpalett som balanserar det svala och det sensuella.<\/p>\n<p data-start=\"488\" data-end=\"763\">I nyanser av marinbl\u00e5tt, lavendel, mint, svart, isbl\u00e5tt, violett och sporadiska rosa detaljer skapar Tazra en hypnotisk rytm som leder \u00f6gat mot mitten. Det \u00e4r en matta som b\u00e5de kan ge lugn till ett rum och samtidigt vara ett starkt visuellt uttalande \u2013 som ett konstverk p\u00e5 golvet.<\/p>\n<h3 data-start=\"770\" data-end=\"804\">\ud83c\udfe1 <strong data-start=\"777\" data-end=\"804\">Tazra passar perfekt i:<\/strong><\/h3>\n<ul data-start=\"805\" data-end=\"1063\">\n<li data-start=\"805\" data-end=\"879\">\n<p data-start=\"807\" data-end=\"879\">Ett vardagsrum med ljusa v\u00e4ggar och tr\u00e4detaljer, d\u00e4r helt\u00e4ckningsmattan skapar kontrast<\/p>\n<\/li>\n<li data-start=\"880\" data-end=\"938\">\n<p data-start=\"882\" data-end=\"938\">En<strong data-start=\"885\" data-end=\"900\"> sovrum<\/strong>d\u00e4r det ger djup och textur<\/p>\n<\/li>\n<li data-start=\"939\" data-end=\"1002\">\n<p data-start=\"941\" data-end=\"1002\">Ett kreativt utrymme eller en studio d\u00e4r f\u00e4rger inspirerar<\/p>\n<\/li>\n<li data-start=\"1003\" data-end=\"1063\">\n<p data-start=\"1005\" data-end=\"1063\">Eller som v\u00e4ggbonad \u2013 f\u00f6r maximal konstn\u00e4rlig effekt<\/p>\n<\/li>\n<\/ul>\n<h3 data-start=\"1070\" data-end=\"1111\">\ud83c\udf1f <strong data-start=\"1077\" data-end=\"1111\">Det \u00e4r d\u00e4rf\u00f6r Tazra \u00e4r speciell:<\/strong><\/h3>\n<ul data-start=\"1112\" data-end=\"1377\">\n<li data-start=\"1112\" data-end=\"1158\">\n<p data-start=\"1114\" data-end=\"1158\">En unik och handgjord matta \u2013 inga kopior<\/p>\n<\/li>\n<li data-start=\"1159\" data-end=\"1220\">\n<p data-start=\"1161\" data-end=\"1220\">Tillverkad av \u00e5tervunna textilier \u2013 h\u00e5llbart och historiskt<\/p>\n<\/li>\n<li data-start=\"1221\" data-end=\"1267\">\n<p data-start=\"1223\" data-end=\"1267\">Harmonisk, men full av kontrast och djup<\/p>\n<\/li>\n<li data-start=\"1268\" data-end=\"1377\">\n<p data-start=\"1270\" data-end=\"1377\">Namnet &quot;<strong data-start=\"1278\" data-end=\"1287\">Tazra<\/strong>\u201d betyder \u201datt v\u00e4va\u201d p\u00e5 berberiska \u2013 en hyllning till hantverket och ber\u00e4ttelserna i varje tr\u00e5d<\/p>\n<\/li>\n<\/ul>\n<p data-start=\"1384\" data-end=\"1493\"><strong data-start=\"1384\" data-end=\"1393\">Tazra<\/strong> \u00e4r mer \u00e4n en matta \u2013 det \u00e4r en atmosf\u00e4r. En ber\u00e4ttelse i f\u00e4rger, formad av h\u00e4nder och traditioner.<\/p>","protected":false},"featured_media":37283,"template":"","meta":{"inline_featured_image":false},"product_brand":[],"product_cat":[94,59],"product_tag":[],"class_list":{"0":"post-37277","1":"product","2":"type-product","3":"status-publish","4":"has-post-thumbnail","6":"product_cat-boucherouite","7":"product_cat-marokkanske-taepper","9":"first","10":"instock","11":"sold-individually","12":"taxable","13":"shipping-taxable","14":"purchasable","15":"product-type-simple"},"exclude_global_add_ons":[],"addons":[],"yoast_head":"<!-- This site is optimized with the Yoast SEO plugin v27.5 - https:\/\/yoast.com\/product\/yoast-seo-wordpress\/ -->\n<title>Marokkansk Boucherouite t\u00e6ppe 148x246 cm | kun hos Tibladin<\/title>\n<meta name=\"description\" content=\"Unikt vintage Boucherouite-t\u00e6ppe i livlige farver \u2013 h\u00e5ndv\u00e6vet i Marokko. Perfekt som gulv- eller v\u00e6gt\u00e6ppe. M\u00e5l: 148x246. \u00c9t unika \u2013 \u00e9t statement.\" \/>\n<meta name=\"robots\" content=\"index, follow, max-snippet:-1, max-image-preview:large, max-video-preview:-1\" \/>\n<link rel=\"canonical\" href=\"https:\/\/tibladin.dk\/sv\/produkt\/marockansk-boucherouitematta-tazra-148x246-cm\/\" \/>\n<meta property=\"og:locale\" content=\"sv_SE\" \/>\n<meta property=\"og:type\" content=\"article\" \/>\n<meta property=\"og:title\" content=\"Marokkansk Boucherouite t\u00e6ppe 148x246 cm | kun hos Tibladin\" \/>\n<meta property=\"og:description\" content=\"Unikt vintage Boucherouite-t\u00e6ppe i livlige farver \u2013 h\u00e5ndv\u00e6vet i Marokko. Perfekt som gulv- eller v\u00e6gt\u00e6ppe. M\u00e5l: 148x246. \u00c9t unika \u2013 \u00e9t statement.\" \/>\n<meta property=\"og:url\" content=\"https:\/\/tibladin.dk\/sv\/produkt\/marockansk-boucherouitematta-tazra-148x246-cm\/\" \/>\n<meta property=\"og:site_name\" content=\"Tibladin\" \/>\n<meta property=\"article:modified_time\" content=\"2025-06-20T12:19:11+00:00\" \/>\n<meta property=\"og:image\" content=\"https:\/\/tibladin.dk\/wp-content\/uploads\/2025\/06\/Boucherouite-taeppe_TAZRA_1.jpg\" \/>\n\t<meta property=\"og:image:width\" content=\"800\" \/>\n\t<meta property=\"og:image:height\" content=\"800\" \/>\n\t<meta property=\"og:image:type\" content=\"image\/jpeg\" \/>\n<meta name=\"twitter:card\" content=\"summary_large_image\" \/>\n<meta name=\"twitter:label1\" content=\"Ber\u00e4knad l\u00e4stid\" \/>\n\t<meta name=\"twitter:data1\" content=\"2 minuter\" \/>\n<script type=\"application\/ld+json\" class=\"yoast-schema-graph\">{\"@context\":\"https:\\\/\\\/schema.org\",\"@graph\":[{\"@type\":\"WebPage\",\"@id\":\"https:\\\/\\\/tibladin.dk\\\/produkt\\\/marokkansk-boucherouite-taeppe-tazra-148x246-cm\\\/\",\"url\":\"https:\\\/\\\/tibladin.dk\\\/produkt\\\/marokkansk-boucherouite-taeppe-tazra-148x246-cm\\\/\",\"name\":\"Marokkansk Boucherouite t\u00e6ppe 148x246 cm | kun hos Tibladin\",\"isPartOf\":{\"@id\":\"https:\\\/\\\/tibladin.dk\\\/#website\"},\"primaryImageOfPage\":{\"@id\":\"https:\\\/\\\/tibladin.dk\\\/produkt\\\/marokkansk-boucherouite-taeppe-tazra-148x246-cm\\\/#primaryimage\"},\"image\":{\"@id\":\"https:\\\/\\\/tibladin.dk\\\/produkt\\\/marokkansk-boucherouite-taeppe-tazra-148x246-cm\\\/#primaryimage\"},\"thumbnailUrl\":\"https:\\\/\\\/tibladin.dk\\\/wp-content\\\/uploads\\\/2025\\\/06\\\/Boucherouite-taeppe_TAZRA_1.jpg\",\"datePublished\":\"2025-06-18T06:10:36+00:00\",\"dateModified\":\"2025-06-20T12:19:11+00:00\",\"description\":\"Unikt vintage Boucherouite-t\u00e6ppe i livlige farver \u2013 h\u00e5ndv\u00e6vet i Marokko. Perfekt som gulv- eller v\u00e6gt\u00e6ppe. M\u00e5l: 148x246. \u00c9t unika \u2013 \u00e9t statement.\",\"breadcrumb\":{\"@id\":\"https:\\\/\\\/tibladin.dk\\\/produkt\\\/marokkansk-boucherouite-taeppe-tazra-148x246-cm\\\/#breadcrumb\"},\"inLanguage\":\"sv-SE\",\"potentialAction\":[{\"@type\":\"ReadAction\",\"target\":[\"https:\\\/\\\/tibladin.dk\\\/produkt\\\/marokkansk-boucherouite-taeppe-tazra-148x246-cm\\\/\"]}]},{\"@type\":\"ImageObject\",\"inLanguage\":\"sv-SE\",\"@id\":\"https:\\\/\\\/tibladin.dk\\\/produkt\\\/marokkansk-boucherouite-taeppe-tazra-148x246-cm\\\/#primaryimage\",\"url\":\"https:\\\/\\\/tibladin.dk\\\/wp-content\\\/uploads\\\/2025\\\/06\\\/Boucherouite-taeppe_TAZRA_1.jpg\",\"contentUrl\":\"https:\\\/\\\/tibladin.dk\\\/wp-content\\\/uploads\\\/2025\\\/06\\\/Boucherouite-taeppe_TAZRA_1.jpg\",\"width\":800,\"height\":800,\"caption\":\"Boucherouite t\u00e6ppe_TAZRA\"},{\"@type\":\"BreadcrumbList\",\"@id\":\"https:\\\/\\\/tibladin.dk\\\/produkt\\\/marokkansk-boucherouite-taeppe-tazra-148x246-cm\\\/#breadcrumb\",\"itemListElement\":[{\"@type\":\"ListItem\",\"position\":1,\"name\":\"Hjem\",\"item\":\"https:\\\/\\\/tibladin.dk\\\/\"},{\"@type\":\"ListItem\",\"position\":2,\"name\":\"Shop\",\"item\":\"https:\\\/\\\/tibladin.dk\\\/shop\\\/\"},{\"@type\":\"ListItem\",\"position\":3,\"name\":\"Marokkansk Boucherouite t\u00e6ppe &#8211; TAZRA | 148&#215;246 cm\"}]},{\"@type\":\"WebSite\",\"@id\":\"https:\\\/\\\/tibladin.dk\\\/#website\",\"url\":\"https:\\\/\\\/tibladin.dk\\\/\",\"name\":\"Tibladin\",\"description\":\"Tibladin\",\"publisher\":{\"@id\":\"https:\\\/\\\/tibladin.dk\\\/#organization\"},\"potentialAction\":[{\"@type\":\"SearchAction\",\"target\":{\"@type\":\"EntryPoint\",\"urlTemplate\":\"https:\\\/\\\/tibladin.dk\\\/?s={search_term_string}\"},\"query-input\":{\"@type\":\"PropertyValueSpecification\",\"valueRequired\":true,\"valueName\":\"search_term_string\"}}],\"inLanguage\":\"sv-SE\"},{\"@type\":\"Organization\",\"@id\":\"https:\\\/\\\/tibladin.dk\\\/#organization\",\"name\":\"Tibladin\",\"url\":\"https:\\\/\\\/tibladin.dk\\\/\",\"logo\":{\"@type\":\"ImageObject\",\"inLanguage\":\"sv-SE\",\"@id\":\"https:\\\/\\\/tibladin.dk\\\/#\\\/schema\\\/logo\\\/image\\\/\",\"url\":\"https:\\\/\\\/tibladin.dk\\\/wp-content\\\/uploads\\\/2022\\\/09\\\/tibladin_logo.svg\",\"contentUrl\":\"https:\\\/\\\/tibladin.dk\\\/wp-content\\\/uploads\\\/2022\\\/09\\\/tibladin_logo.svg\",\"caption\":\"Tibladin\"},\"image\":{\"@id\":\"https:\\\/\\\/tibladin.dk\\\/#\\\/schema\\\/logo\\\/image\\\/\"}}]}<\/script>\n<!-- \/ Yoast SEO plugin. -->","yoast_head_json":{"title":"Marockansk Boucherouite-matta 148x246 cm | endast hos Tibladin","description":"Unik vintage Boucherouite-matta i livfulla f\u00e4rger - handv\u00e4vd i Marocko. Perfekt som golv- eller v\u00e4ggmatta. M\u00e5tt: 148x246. En unik - ett uttalande.","robots":{"index":"index","follow":"follow","max-snippet":"max-snippet:-1","max-image-preview":"max-image-preview:large","max-video-preview":"max-video-preview:-1"},"canonical":"https:\/\/tibladin.dk\/sv\/produkt\/marockansk-boucherouitematta-tazra-148x246-cm\/","og_locale":"sv_SE","og_type":"article","og_title":"Marokkansk Boucherouite t\u00e6ppe 148x246 cm | kun hos Tibladin","og_description":"Unikt vintage Boucherouite-t\u00e6ppe i livlige farver \u2013 h\u00e5ndv\u00e6vet i Marokko. Perfekt som gulv- eller v\u00e6gt\u00e6ppe. M\u00e5l: 148x246. \u00c9t unika \u2013 \u00e9t statement.","og_url":"https:\/\/tibladin.dk\/sv\/produkt\/marockansk-boucherouitematta-tazra-148x246-cm\/","og_site_name":"Tibladin","article_modified_time":"2025-06-20T12:19:11+00:00","og_image":[{"width":800,"height":800,"url":"https:\/\/tibladin.dk\/wp-content\/uploads\/2025\/06\/Boucherouite-taeppe_TAZRA_1.jpg","type":"image\/jpeg"}],"twitter_card":"summary_large_image","twitter_misc":{"Ber\u00e4knad l\u00e4stid":"2 minuter"},"schema":{"@context":"https:\/\/schema.org","@graph":[{"@type":"WebPage","@id":"https:\/\/tibladin.dk\/produkt\/marokkansk-boucherouite-taeppe-tazra-148x246-cm\/","url":"https:\/\/tibladin.dk\/produkt\/marokkansk-boucherouite-taeppe-tazra-148x246-cm\/","name":"Marockansk Boucherouite-matta 148x246 cm | endast hos Tibladin","isPartOf":{"@id":"https:\/\/tibladin.dk\/#website"},"primaryImageOfPage":{"@id":"https:\/\/tibladin.dk\/produkt\/marokkansk-boucherouite-taeppe-tazra-148x246-cm\/#primaryimage"},"image":{"@id":"https:\/\/tibladin.dk\/produkt\/marokkansk-boucherouite-taeppe-tazra-148x246-cm\/#primaryimage"},"thumbnailUrl":"https:\/\/tibladin.dk\/wp-content\/uploads\/2025\/06\/Boucherouite-taeppe_TAZRA_1.jpg","datePublished":"2025-06-18T06:10:36+00:00","dateModified":"2025-06-20T12:19:11+00:00","description":"Unik vintage Boucherouite-matta i livfulla f\u00e4rger - handv\u00e4vd i Marocko. Perfekt som golv- eller v\u00e4ggmatta. M\u00e5tt: 148x246. En unik - ett uttalande.","breadcrumb":{"@id":"https:\/\/tibladin.dk\/produkt\/marokkansk-boucherouite-taeppe-tazra-148x246-cm\/#breadcrumb"},"inLanguage":"sv-SE","potentialAction":[{"@type":"ReadAction","target":["https:\/\/tibladin.dk\/produkt\/marokkansk-boucherouite-taeppe-tazra-148x246-cm\/"]}]},{"@type":"ImageObject","inLanguage":"sv-SE","@id":"https:\/\/tibladin.dk\/produkt\/marokkansk-boucherouite-taeppe-tazra-148x246-cm\/#primaryimage","url":"https:\/\/tibladin.dk\/wp-content\/uploads\/2025\/06\/Boucherouite-taeppe_TAZRA_1.jpg","contentUrl":"https:\/\/tibladin.dk\/wp-content\/uploads\/2025\/06\/Boucherouite-taeppe_TAZRA_1.jpg","width":800,"height":800,"caption":"Boucherouite t\u00e6ppe_TAZRA"},{"@type":"BreadcrumbList","@id":"https:\/\/tibladin.dk\/produkt\/marokkansk-boucherouite-taeppe-tazra-148x246-cm\/#breadcrumb","itemListElement":[{"@type":"ListItem","position":1,"name":"Hjem","item":"https:\/\/tibladin.dk\/"},{"@type":"ListItem","position":2,"name":"Shop","item":"https:\/\/tibladin.dk\/shop\/"},{"@type":"ListItem","position":3,"name":"Marokkansk Boucherouite t\u00e6ppe &#8211; TAZRA | 148&#215;246 cm"}]},{"@type":"WebSite","@id":"https:\/\/tibladin.dk\/#website","url":"https:\/\/tibladin.dk\/","name":"Tibladin","description":"Tibladin","publisher":{"@id":"https:\/\/tibladin.dk\/#organization"},"potentialAction":[{"@type":"SearchAction","target":{"@type":"EntryPoint","urlTemplate":"https:\/\/tibladin.dk\/?s={search_term_string}"},"query-input":{"@type":"PropertyValueSpecification","valueRequired":true,"valueName":"search_term_string"}}],"inLanguage":"sv-SE"},{"@type":"Organization","@id":"https:\/\/tibladin.dk\/#organization","name":"Tibladin","url":"https:\/\/tibladin.dk\/","logo":{"@type":"ImageObject","inLanguage":"sv-SE","@id":"https:\/\/tibladin.dk\/#\/schema\/logo\/image\/","url":"https:\/\/tibladin.dk\/wp-content\/uploads\/2022\/09\/tibladin_logo.svg","contentUrl":"https:\/\/tibladin.dk\/wp-content\/uploads\/2022\/09\/tibladin_logo.svg","caption":"Tibladin"},"image":{"@id":"https:\/\/tibladin.dk\/#\/schema\/logo\/image\/"}}]}},"_links":{"self":[{"href":"https:\/\/tibladin.dk\/sv\/wp-json\/wp\/v2\/product\/37277","targetHints":{"allow":["GET"]}}],"collection":[{"href":"https:\/\/tibladin.dk\/sv\/wp-json\/wp\/v2\/product"}],"about":[{"href":"https:\/\/tibladin.dk\/sv\/wp-json\/wp\/v2\/types\/product"}],"wp:featuredmedia":[{"embeddable":true,"href":"https:\/\/tibladin.dk\/sv\/wp-json\/wp\/v2\/media\/37283"}],"wp:attachment":[{"href":"https:\/\/tibladin.dk\/sv\/wp-json\/wp\/v2\/media?parent=37277"}],"wp:term":[{"taxonomy":"product_brand","embeddable":true,"href":"https:\/\/tibladin.dk\/sv\/wp-json\/wp\/v2\/product_brand?post=37277"},{"taxonomy":"product_cat","embeddable":true,"href":"https:\/\/tibladin.dk\/sv\/wp-json\/wp\/v2\/product_cat?post=37277"},{"taxonomy":"product_tag","embeddable":true,"href":"https:\/\/tibladin.dk\/sv\/wp-json\/wp\/v2\/product_tag?post=37277"}],"curies":[{"name":"wp","href":"https:\/\/api.w.org\/{rel}","templated":true}]}}