{"id":37874,"date":"2025-07-03T14:35:27","date_gmt":"2025-07-03T12:35:27","guid":{"rendered":"https:\/\/tibladin.dk\/?post_type=product&#038;p=37874"},"modified":"2025-12-16T17:41:39","modified_gmt":"2025-12-16T16:41:39","slug":"marockanska-keramikburkar-med-runt-lock-13-cm-hoga","status":"publish","type":"product","link":"https:\/\/tibladin.dk\/sv\/produkt\/marokkanske-keramik-krukker-rund-laag-13-cm-hoej\/","title":{"rendered":"Marockanska keramikburkar med runt lock \u2013 13 cm h\u00f6ga"},"content":{"rendered":"<div class=\"wpb-content-wrapper\"><div class=\"vc_row wpb_row vc_row-fluid\"><div class=\"wpb_column vc_column_container vc_col-sm-4\"><div class=\"vc_column-inner\"><div class=\"wpb_wrapper\"><\/div><\/div><\/div><div class=\"wpb_column vc_column_container vc_col-sm-4\"><div class=\"vc_column-inner\"><div class=\"wpb_wrapper\"><h3 style=\"text-align: left\" class=\"vc_custom_heading vc_do_custom_heading\" >Underh\u00e5ll<\/h3>\n\t<div class=\"wpb_text_column wpb_content_element\" >\n\t\t<div class=\"wpb_wrapper\">\n\t\t\t<p><span style=\"font-weight: 400;\">Kan anv\u00e4ndas till mat.<\/span><\/p>\n<p><span style=\"font-weight: 400;\">Eftersom keramik \u00e4r n\u00e5got mer por\u00f6st \u00e4n stengods rekommenderar vi inte en diskmaskin f\u00f6r reng\u00f6ring. F\u00f6r att bevara keramiken s\u00e5 l\u00e4nge som m\u00f6jligt \u00e4r det b\u00e4st att diska f\u00f6r hand.<\/span><\/p>\n<p><br style=\"font-weight: 400;\" \/><br style=\"font-weight: 400;\" \/><\/p>\n\n\t\t<\/div>\n\t<\/div>\n<\/div><\/div><\/div><div class=\"wpb_column vc_column_container vc_col-sm-4\"><div class=\"vc_column-inner\"><div class=\"wpb_wrapper\"><h3 style=\"text-align: left\" class=\"vc_custom_heading vc_do_custom_heading\" >Historien bakom<\/h3>\n\t<div class=\"wpb_text_column wpb_content_element\" >\n\t\t<div class=\"wpb_wrapper\">\n\t\t\t<p>Safi \u00e4r en provinshuvudstad och hamnstad i v\u00e4stra Marocko, som \u00e4r mycket k\u00e4nd f\u00f6r sin tillverkning av vacker handgjord keramik, som ofta lyser i m\u00e5nga olika f\u00e4rger och nyanser. &quot;Safi&quot; \u00e4r allts\u00e5 ingen typ av keramik, utan namnet p\u00e5 platsen d\u00e4r keramik tillverkas. Du kommer ofta att kunna hitta &quot;Safi&quot; st\u00e5ende under botten av keramik fr\u00e5n Marocko, eftersom de \u00e4r en s\u00e5 stor producent av det.<\/p>\n\n\t\t<\/div>\n\t<\/div>\n<\/div><\/div><\/div><\/div>\n<\/div>","protected":false},"excerpt":{"rendered":"<p data-start=\"153\" data-end=\"331\">Dessa charmiga keramikburkar med runda lock \u00e4r handgjorda i Marocko av beg\u00e5vade hantverkare. Med sina vackra, traditionella m\u00f6nster i livfulla f\u00e4rger skapar de ett varmt och autentiskt uttryck i hemmet. De m\u00e4ter 13 cm i h\u00f6jd och 9 cm i diameter.<\/p>\n<p data-start=\"333\" data-end=\"577\">Varje burk \u00e4r unik och perfekt f\u00f6r att f\u00f6rvara sm\u00e5saker p\u00e5 ett dekorativt s\u00e4tt. Anv\u00e4nd dem till kontorsmaterial, i badrummet till bomullspinnar eller f\u00f6r att d\u00f6lja sm\u00e5 hemligheter, smycken eller andra fina saker. De \u00e4r lika dekorativa som de \u00e4r praktiska!<\/p>\n<p>Finns i fyra olika varianter \u2013 var och en med sitt eget fina m\u00f6nster. V\u00e4lj den variant som tilltalar dig mest.<\/p>","protected":false},"featured_media":37781,"template":"","meta":{"inline_featured_image":false},"product_brand":[],"product_cat":[139,172],"product_tag":[],"class_list":{"0":"post-37874","1":"product","2":"type-product","3":"status-publish","4":"has-post-thumbnail","6":"product_cat-marokkansk-keramik","7":"product_cat-marokkanske-keramik-krukker","9":"first","10":"outofstock","11":"taxable","12":"shipping-taxable","13":"purchasable","14":"product-type-variable"},"exclude_global_add_ons":false,"addons":[{"name":"Vill du ha presentinslagning?","type":"checkbox","position":0,"required":false,"title_format":"label","default":"","description_enable":false,"description":"","placeholder_enable":false,"placeholder":"","display":"images","restrictions_type":"any_text","adjust_price":false,"price":"","price_type":"flat_fee","restrictions":false,"min":"0","max":"0","options":[{"label":"Ja tak","price":"10","price_type":"flat_fee","image":11015,"visibility":true}],"id":1669646111}],"yoast_head":"<!-- This site is optimized with the Yoast SEO plugin v27.4 - https:\/\/yoast.com\/product\/yoast-seo-wordpress\/ -->\n<title>Marokkanske keramik krukker | Unikke m\u00f8nstre og farver | Tibladin<\/title>\n<meta name=\"description\" content=\"Fine marokkanske keramikkrukker i forskellige varianter i det traditionelle marokkanske m\u00f8nster og livlige farver. Stort udvalg af h\u00e5ndlavet unika.\" \/>\n<meta name=\"robots\" content=\"index, follow, max-snippet:-1, max-image-preview:large, max-video-preview:-1\" \/>\n<link rel=\"canonical\" href=\"https:\/\/tibladin.dk\/sv\/produkt\/marockanska-keramikburkar-med-runt-lock-13-cm-hoga\/\" \/>\n<meta property=\"og:locale\" content=\"sv_SE\" \/>\n<meta property=\"og:type\" content=\"article\" \/>\n<meta property=\"og:title\" content=\"Marokkanske keramik krukker | Unikke m\u00f8nstre og farver | Tibladin\" \/>\n<meta property=\"og:description\" content=\"Fine marokkanske keramikkrukker i forskellige varianter i det traditionelle marokkanske m\u00f8nster og livlige farver. Stort udvalg af h\u00e5ndlavet unika.\" \/>\n<meta property=\"og:url\" content=\"https:\/\/tibladin.dk\/sv\/produkt\/marockanska-keramikburkar-med-runt-lock-13-cm-hoga\/\" \/>\n<meta property=\"og:site_name\" content=\"Tibladin\" \/>\n<meta property=\"article:modified_time\" content=\"2025-12-16T16:41:39+00:00\" \/>\n<meta property=\"og:image\" content=\"https:\/\/tibladin.dk\/wp-content\/uploads\/2025\/07\/marokkanske-krukker-med-rundt-laag-flere-farver.jpg\" \/>\n\t<meta property=\"og:image:width\" content=\"800\" \/>\n\t<meta property=\"og:image:height\" content=\"800\" \/>\n\t<meta property=\"og:image:type\" content=\"image\/jpeg\" \/>\n<meta name=\"twitter:card\" content=\"summary_large_image\" \/>\n<meta name=\"twitter:label1\" content=\"Ber\u00e4knad l\u00e4stid\" \/>\n\t<meta name=\"twitter:data1\" content=\"2 minuter\" \/>\n<script type=\"application\/ld+json\" class=\"yoast-schema-graph\">{\"@context\":\"https:\\\/\\\/schema.org\",\"@graph\":[{\"@type\":\"WebPage\",\"@id\":\"https:\\\/\\\/tibladin.dk\\\/produkt\\\/marokkanske-keramik-krukker-rund-laag-13-cm-hoej\\\/\",\"url\":\"https:\\\/\\\/tibladin.dk\\\/produkt\\\/marokkanske-keramik-krukker-rund-laag-13-cm-hoej\\\/\",\"name\":\"Marokkanske keramik krukker | Unikke m\u00f8nstre og farver | Tibladin\",\"isPartOf\":{\"@id\":\"https:\\\/\\\/tibladin.dk\\\/#website\"},\"primaryImageOfPage\":{\"@id\":\"https:\\\/\\\/tibladin.dk\\\/produkt\\\/marokkanske-keramik-krukker-rund-laag-13-cm-hoej\\\/#primaryimage\"},\"image\":{\"@id\":\"https:\\\/\\\/tibladin.dk\\\/produkt\\\/marokkanske-keramik-krukker-rund-laag-13-cm-hoej\\\/#primaryimage\"},\"thumbnailUrl\":\"https:\\\/\\\/tibladin.dk\\\/wp-content\\\/uploads\\\/2025\\\/07\\\/marokkanske-krukker-med-rundt-laag-flere-farver.jpg\",\"datePublished\":\"2025-07-03T12:35:27+00:00\",\"dateModified\":\"2025-12-16T16:41:39+00:00\",\"description\":\"Fine marokkanske keramikkrukker i forskellige varianter i det traditionelle marokkanske m\u00f8nster og livlige farver. Stort udvalg af h\u00e5ndlavet unika.\",\"breadcrumb\":{\"@id\":\"https:\\\/\\\/tibladin.dk\\\/produkt\\\/marokkanske-keramik-krukker-rund-laag-13-cm-hoej\\\/#breadcrumb\"},\"inLanguage\":\"sv-SE\",\"potentialAction\":[{\"@type\":\"ReadAction\",\"target\":[\"https:\\\/\\\/tibladin.dk\\\/produkt\\\/marokkanske-keramik-krukker-rund-laag-13-cm-hoej\\\/\"]}]},{\"@type\":\"ImageObject\",\"inLanguage\":\"sv-SE\",\"@id\":\"https:\\\/\\\/tibladin.dk\\\/produkt\\\/marokkanske-keramik-krukker-rund-laag-13-cm-hoej\\\/#primaryimage\",\"url\":\"https:\\\/\\\/tibladin.dk\\\/wp-content\\\/uploads\\\/2025\\\/07\\\/marokkanske-krukker-med-rundt-laag-flere-farver.jpg\",\"contentUrl\":\"https:\\\/\\\/tibladin.dk\\\/wp-content\\\/uploads\\\/2025\\\/07\\\/marokkanske-krukker-med-rundt-laag-flere-farver.jpg\",\"width\":800,\"height\":800,\"caption\":\"Smukke marokkanske keramikkrukker. Kommer i 4 varianter med hvert sit traditionelle marokkanske m\u00f8nster. M\u00e5ler 13 cm. i h\u00f8jden og 9 cm. i diameter. Rundt l\u00e5g. H\u00e5ndlavet i Marokko.\"},{\"@type\":\"BreadcrumbList\",\"@id\":\"https:\\\/\\\/tibladin.dk\\\/produkt\\\/marokkanske-keramik-krukker-rund-laag-13-cm-hoej\\\/#breadcrumb\",\"itemListElement\":[{\"@type\":\"ListItem\",\"position\":1,\"name\":\"Hjem\",\"item\":\"https:\\\/\\\/tibladin.dk\\\/\"},{\"@type\":\"ListItem\",\"position\":2,\"name\":\"Shop\",\"item\":\"https:\\\/\\\/tibladin.dk\\\/shop\\\/\"},{\"@type\":\"ListItem\",\"position\":3,\"name\":\"Marokkanske keramik krukker rund l\u00e5g &#8211; 13 cm. h\u00f8j\"}]},{\"@type\":\"WebSite\",\"@id\":\"https:\\\/\\\/tibladin.dk\\\/#website\",\"url\":\"https:\\\/\\\/tibladin.dk\\\/\",\"name\":\"Tibladin\",\"description\":\"Tibladin\",\"publisher\":{\"@id\":\"https:\\\/\\\/tibladin.dk\\\/#organization\"},\"potentialAction\":[{\"@type\":\"SearchAction\",\"target\":{\"@type\":\"EntryPoint\",\"urlTemplate\":\"https:\\\/\\\/tibladin.dk\\\/?s={search_term_string}\"},\"query-input\":{\"@type\":\"PropertyValueSpecification\",\"valueRequired\":true,\"valueName\":\"search_term_string\"}}],\"inLanguage\":\"sv-SE\"},{\"@type\":\"Organization\",\"@id\":\"https:\\\/\\\/tibladin.dk\\\/#organization\",\"name\":\"Tibladin\",\"url\":\"https:\\\/\\\/tibladin.dk\\\/\",\"logo\":{\"@type\":\"ImageObject\",\"inLanguage\":\"sv-SE\",\"@id\":\"https:\\\/\\\/tibladin.dk\\\/#\\\/schema\\\/logo\\\/image\\\/\",\"url\":\"https:\\\/\\\/tibladin.dk\\\/wp-content\\\/uploads\\\/2022\\\/09\\\/tibladin_logo.svg\",\"contentUrl\":\"https:\\\/\\\/tibladin.dk\\\/wp-content\\\/uploads\\\/2022\\\/09\\\/tibladin_logo.svg\",\"caption\":\"Tibladin\"},\"image\":{\"@id\":\"https:\\\/\\\/tibladin.dk\\\/#\\\/schema\\\/logo\\\/image\\\/\"}}]}<\/script>\n<!-- \/ Yoast SEO plugin. -->","yoast_head_json":{"title":"Marockanska keramikburkar | Unika m\u00f6nster och f\u00e4rger | Tibladin","description":"Fina marockanska keramikkrukor i olika variationer med traditionella marockanska m\u00f6nster och livfulla f\u00e4rger. Stort urval av handgjorda unika f\u00f6rem\u00e5l.","robots":{"index":"index","follow":"follow","max-snippet":"max-snippet:-1","max-image-preview":"max-image-preview:large","max-video-preview":"max-video-preview:-1"},"canonical":"https:\/\/tibladin.dk\/sv\/produkt\/marockanska-keramikburkar-med-runt-lock-13-cm-hoga\/","og_locale":"sv_SE","og_type":"article","og_title":"Marokkanske keramik krukker | Unikke m\u00f8nstre og farver | Tibladin","og_description":"Fine marokkanske keramikkrukker i forskellige varianter i det traditionelle marokkanske m\u00f8nster og livlige farver. Stort udvalg af h\u00e5ndlavet unika.","og_url":"https:\/\/tibladin.dk\/sv\/produkt\/marockanska-keramikburkar-med-runt-lock-13-cm-hoga\/","og_site_name":"Tibladin","article_modified_time":"2025-12-16T16:41:39+00:00","og_image":[{"width":800,"height":800,"url":"https:\/\/tibladin.dk\/wp-content\/uploads\/2025\/07\/marokkanske-krukker-med-rundt-laag-flere-farver.jpg","type":"image\/jpeg"}],"twitter_card":"summary_large_image","twitter_misc":{"Ber\u00e4knad l\u00e4stid":"2 minuter"},"schema":{"@context":"https:\/\/schema.org","@graph":[{"@type":"WebPage","@id":"https:\/\/tibladin.dk\/produkt\/marokkanske-keramik-krukker-rund-laag-13-cm-hoej\/","url":"https:\/\/tibladin.dk\/produkt\/marokkanske-keramik-krukker-rund-laag-13-cm-hoej\/","name":"Marockanska keramikburkar | Unika m\u00f6nster och f\u00e4rger | Tibladin","isPartOf":{"@id":"https:\/\/tibladin.dk\/#website"},"primaryImageOfPage":{"@id":"https:\/\/tibladin.dk\/produkt\/marokkanske-keramik-krukker-rund-laag-13-cm-hoej\/#primaryimage"},"image":{"@id":"https:\/\/tibladin.dk\/produkt\/marokkanske-keramik-krukker-rund-laag-13-cm-hoej\/#primaryimage"},"thumbnailUrl":"https:\/\/tibladin.dk\/wp-content\/uploads\/2025\/07\/marokkanske-krukker-med-rundt-laag-flere-farver.jpg","datePublished":"2025-07-03T12:35:27+00:00","dateModified":"2025-12-16T16:41:39+00:00","description":"Fina marockanska keramikkrukor i olika variationer med traditionella marockanska m\u00f6nster och livfulla f\u00e4rger. Stort urval av handgjorda unika f\u00f6rem\u00e5l.","breadcrumb":{"@id":"https:\/\/tibladin.dk\/produkt\/marokkanske-keramik-krukker-rund-laag-13-cm-hoej\/#breadcrumb"},"inLanguage":"sv-SE","potentialAction":[{"@type":"ReadAction","target":["https:\/\/tibladin.dk\/produkt\/marokkanske-keramik-krukker-rund-laag-13-cm-hoej\/"]}]},{"@type":"ImageObject","inLanguage":"sv-SE","@id":"https:\/\/tibladin.dk\/produkt\/marokkanske-keramik-krukker-rund-laag-13-cm-hoej\/#primaryimage","url":"https:\/\/tibladin.dk\/wp-content\/uploads\/2025\/07\/marokkanske-krukker-med-rundt-laag-flere-farver.jpg","contentUrl":"https:\/\/tibladin.dk\/wp-content\/uploads\/2025\/07\/marokkanske-krukker-med-rundt-laag-flere-farver.jpg","width":800,"height":800,"caption":"Smukke marokkanske keramikkrukker. Kommer i 4 varianter med hvert sit traditionelle marokkanske m\u00f8nster. M\u00e5ler 13 cm. i h\u00f8jden og 9 cm. i diameter. Rundt l\u00e5g. H\u00e5ndlavet i Marokko."},{"@type":"BreadcrumbList","@id":"https:\/\/tibladin.dk\/produkt\/marokkanske-keramik-krukker-rund-laag-13-cm-hoej\/#breadcrumb","itemListElement":[{"@type":"ListItem","position":1,"name":"Hjem","item":"https:\/\/tibladin.dk\/"},{"@type":"ListItem","position":2,"name":"Shop","item":"https:\/\/tibladin.dk\/shop\/"},{"@type":"ListItem","position":3,"name":"Marokkanske keramik krukker rund l\u00e5g &#8211; 13 cm. h\u00f8j"}]},{"@type":"WebSite","@id":"https:\/\/tibladin.dk\/#website","url":"https:\/\/tibladin.dk\/","name":"Tibladin","description":"Tibladin","publisher":{"@id":"https:\/\/tibladin.dk\/#organization"},"potentialAction":[{"@type":"SearchAction","target":{"@type":"EntryPoint","urlTemplate":"https:\/\/tibladin.dk\/?s={search_term_string}"},"query-input":{"@type":"PropertyValueSpecification","valueRequired":true,"valueName":"search_term_string"}}],"inLanguage":"sv-SE"},{"@type":"Organization","@id":"https:\/\/tibladin.dk\/#organization","name":"Tibladin","url":"https:\/\/tibladin.dk\/","logo":{"@type":"ImageObject","inLanguage":"sv-SE","@id":"https:\/\/tibladin.dk\/#\/schema\/logo\/image\/","url":"https:\/\/tibladin.dk\/wp-content\/uploads\/2022\/09\/tibladin_logo.svg","contentUrl":"https:\/\/tibladin.dk\/wp-content\/uploads\/2022\/09\/tibladin_logo.svg","caption":"Tibladin"},"image":{"@id":"https:\/\/tibladin.dk\/#\/schema\/logo\/image\/"}}]}},"_links":{"self":[{"href":"https:\/\/tibladin.dk\/sv\/wp-json\/wp\/v2\/product\/37874","targetHints":{"allow":["GET"]}}],"collection":[{"href":"https:\/\/tibladin.dk\/sv\/wp-json\/wp\/v2\/product"}],"about":[{"href":"https:\/\/tibladin.dk\/sv\/wp-json\/wp\/v2\/types\/product"}],"wp:featuredmedia":[{"embeddable":true,"href":"https:\/\/tibladin.dk\/sv\/wp-json\/wp\/v2\/media\/37781"}],"wp:attachment":[{"href":"https:\/\/tibladin.dk\/sv\/wp-json\/wp\/v2\/media?parent=37874"}],"wp:term":[{"taxonomy":"product_brand","embeddable":true,"href":"https:\/\/tibladin.dk\/sv\/wp-json\/wp\/v2\/product_brand?post=37874"},{"taxonomy":"product_cat","embeddable":true,"href":"https:\/\/tibladin.dk\/sv\/wp-json\/wp\/v2\/product_cat?post=37874"},{"taxonomy":"product_tag","embeddable":true,"href":"https:\/\/tibladin.dk\/sv\/wp-json\/wp\/v2\/product_tag?post=37874"}],"curies":[{"name":"wp","href":"https:\/\/api.w.org\/{rel}","templated":true}]}}