{"id":38123,"date":"2025-07-07T11:11:19","date_gmt":"2025-07-07T09:11:19","guid":{"rendered":"https:\/\/tibladin.dk\/?post_type=product&#038;p=38123"},"modified":"2026-04-10T12:05:12","modified_gmt":"2026-04-10T10:05:12","slug":"rund-flatad-vaska-med-spiralmonster-i-guld","status":"publish","type":"product","link":"https:\/\/tibladin.dk\/sv\/produkt\/rund-flet-taske-m-spiral-moenster-i-guld\/","title":{"rendered":"Rund fl\u00e4tad v\u00e4ska med spiralm\u00f6nster i guld"},"content":{"rendered":"<div class=\"wpb-content-wrapper\"><div class=\"vc_row wpb_row vc_row-fluid\"><div class=\"wpb_column vc_column_container vc_col-sm-4\"><div class=\"vc_column-inner\"><div class=\"wpb_wrapper\">\n\t<div class=\"wpb_video_widget wpb_content_element vc_clearfix   vc_video-aspect-ratio-43 vc_video-el-width-100 vc_video-align-left\" >\n\t\t<div class=\"wpb_wrapper\">\n\t\t\t\n\t\t\t<div class=\"wpb_video_wrapper\"><div class=\"video-container\"><iframe loading=\"lazy\" title=\"Kvinnokooperativet Marrakech\" src=\"https:\/\/player.vimeo.com\/video\/416218536?dnt=1&amp;app_id=122963\" width=\"500\" height=\"281\" frameborder=\"0\" allow=\"autoplay; fullscreen; picture-in-picture\"><\/iframe><\/div><\/div>\n\t\t<\/div>\n\t<\/div>\n<\/div><\/div><\/div><div class=\"wpb_column vc_column_container vc_col-sm-4\"><div class=\"vc_column-inner\"><div class=\"wpb_wrapper\"><h3 style=\"text-align: left\" class=\"vc_custom_heading vc_do_custom_heading\" >Underh\u00e5ll<\/h3>\n\t<div class=\"wpb_text_column wpb_content_element\" >\n\t\t<div class=\"wpb_wrapper\">\n\t\t\t<p>Reng\u00f6ringsr\u00f6r kan dammsugas. L\u00e4dret kan ges l\u00e4derfett.<\/p>\n<p>V\u00e4skorna \u00e4r unika och handgjorda och sm\u00e5 brister kan f\u00f6rekomma som bara \u00e4r charmiga.<\/p>\n\n\t\t<\/div>\n\t<\/div>\n<\/div><\/div><\/div><div class=\"wpb_column vc_column_container vc_col-sm-4\"><div class=\"vc_column-inner\"><div class=\"wpb_wrapper\"><h3 style=\"text-align: left\" class=\"vc_custom_heading vc_do_custom_heading\" >Historien bakom<\/h3>\n\t<div class=\"wpb_text_column wpb_content_element\" >\n\t\t<div class=\"wpb_wrapper\">\n\t\t\t<p>En snygg v\u00e4ska kan piffa upp din outfit. Jag f\u00f6ll f\u00f6r dessa l\u00e4ckra v\u00e4skor gjorda av ett starkt h\u00e5llbart vassmaterial och ett l\u00e4der av god kvalitet. Fodrad med tyg f\u00f6r b\u00e4ttre skydd av dina saker. En pl\u00e5nbok medf\u00f6ljer v\u00e4skan.<\/p>\n<p>Taxibilarna \u00e4r handgjorda av kvinnor fr\u00e5n ett kvinnokooperativ s\u00f6der om Marrakech, d\u00e4r eldsj\u00e4lar har \u00e4gnat sina liv \u00e5t att f\u00f6rb\u00e4ttra levnadsstandarden f\u00f6r m\u00e5nga familjer i den lilla byn, genom att erbjuda kvinnorna arbete och samtidigt erbjuda ett v\u00e5rdsystem och skola f\u00f6r kvinnornas barn.<\/p>\n\n\t\t<\/div>\n\t<\/div>\n<\/div><\/div><\/div><\/div>\n<\/div>","protected":false},"excerpt":{"rendered":"<p class=\"p1\"><span class=\"s1\">Handgjord v\u00e4ska i kraftigt vassmaterial, med ett vackert spiralm\u00f6nster i guldpaljetter och remmar i h\u00f6gkvalitativt l\u00e4der. Remmen \u00e4r avtagbar.<\/span><\/p>\n<p class=\"p1\">Rem: 113 cm<\/p>\n<p>S: ca 37 cm i diameter<\/p>\n<p>M: ca 44 cm i diamanter<\/p>\n<p class=\"p1\"><span class=\"s1\">\u00c4r vackra b\u00e5de till vardag och fest eller en tur till stranden.<\/span><\/p>\n<p>&nbsp;<\/p>","protected":false},"featured_media":38115,"template":"","meta":{"inline_featured_image":false},"product_brand":[],"product_cat":[27,35,36,31,32],"product_tag":[],"class_list":{"0":"post-38123","1":"product","2":"type-product","3":"status-publish","4":"has-post-thumbnail","6":"product_cat-diverse","7":"product_cat-gaven-til-hende","8":"product_cat-gaver-til-under-500-kr","9":"product_cat-tasker","10":"product_cat-tilbud","12":"first","13":"instock","14":"taxable","15":"shipping-taxable","16":"purchasable","17":"product-type-variable"},"exclude_global_add_ons":false,"addons":[{"name":"Vill du ha presentinslagning?","type":"checkbox","position":0,"required":false,"title_format":"label","default":"","description_enable":false,"description":"","placeholder_enable":false,"placeholder":"","display":"images","restrictions_type":"any_text","adjust_price":false,"price":"","price_type":"flat_fee","restrictions":false,"min":"0","max":"0","options":[{"label":"Ja tak","price":"10","price_type":"flat_fee","image":11015,"visibility":true}],"id":1669646111}],"yoast_head":"<!-- This site is optimized with the Yoast SEO plugin v27.5 - https:\/\/yoast.com\/product\/yoast-seo-wordpress\/ -->\n<title>H\u00e5ndlavet rund taske i siv med pailletter og l\u00e6der stropper Tibladin<\/title>\n<meta name=\"description\" content=\"H\u00e5ndlavede tasker i siv med s\u00f8dt spiral m\u00f8nster i guld pailletter og smarte l\u00e6der stropper. Taskerne f\u00e5es i st\u00f8rrelser. Perfekt til strandturen.\" \/>\n<meta name=\"robots\" content=\"index, follow, max-snippet:-1, max-image-preview:large, max-video-preview:-1\" \/>\n<link rel=\"canonical\" href=\"https:\/\/tibladin.dk\/sv\/produkt\/rund-flatad-vaska-med-spiralmonster-i-guld\/\" \/>\n<meta property=\"og:locale\" content=\"sv_SE\" \/>\n<meta property=\"og:type\" content=\"article\" \/>\n<meta property=\"og:title\" content=\"H\u00e5ndlavet rund taske i siv med pailletter og l\u00e6der stropper Tibladin\" \/>\n<meta property=\"og:description\" content=\"H\u00e5ndlavede tasker i siv med s\u00f8dt spiral m\u00f8nster i guld pailletter og smarte l\u00e6der stropper. Taskerne f\u00e5es i st\u00f8rrelser. Perfekt til strandturen.\" \/>\n<meta property=\"og:url\" content=\"https:\/\/tibladin.dk\/sv\/produkt\/rund-flatad-vaska-med-spiralmonster-i-guld\/\" \/>\n<meta property=\"og:site_name\" content=\"Tibladin\" \/>\n<meta property=\"article:modified_time\" content=\"2026-04-10T10:05:12+00:00\" \/>\n<meta property=\"og:image\" content=\"https:\/\/tibladin.dk\/wp-content\/uploads\/2025\/07\/Rund-flet-taske-med-soelv-palietter_5.jpg\" \/>\n\t<meta property=\"og:image:width\" content=\"800\" \/>\n\t<meta property=\"og:image:height\" content=\"800\" \/>\n\t<meta property=\"og:image:type\" content=\"image\/jpeg\" \/>\n<meta name=\"twitter:card\" content=\"summary_large_image\" \/>\n<meta name=\"twitter:label1\" content=\"Ber\u00e4knad l\u00e4stid\" \/>\n\t<meta name=\"twitter:data1\" content=\"2 minuter\" \/>\n<script type=\"application\/ld+json\" class=\"yoast-schema-graph\">{\"@context\":\"https:\\\/\\\/schema.org\",\"@graph\":[{\"@type\":\"WebPage\",\"@id\":\"https:\\\/\\\/tibladin.dk\\\/produkt\\\/rund-flet-taske-m-spiral-moenster-i-guld\\\/\",\"url\":\"https:\\\/\\\/tibladin.dk\\\/produkt\\\/rund-flet-taske-m-spiral-moenster-i-guld\\\/\",\"name\":\"H\u00e5ndlavet rund taske i siv med pailletter og l\u00e6der stropper Tibladin\",\"isPartOf\":{\"@id\":\"https:\\\/\\\/tibladin.dk\\\/#website\"},\"primaryImageOfPage\":{\"@id\":\"https:\\\/\\\/tibladin.dk\\\/produkt\\\/rund-flet-taske-m-spiral-moenster-i-guld\\\/#primaryimage\"},\"image\":{\"@id\":\"https:\\\/\\\/tibladin.dk\\\/produkt\\\/rund-flet-taske-m-spiral-moenster-i-guld\\\/#primaryimage\"},\"thumbnailUrl\":\"https:\\\/\\\/tibladin.dk\\\/wp-content\\\/uploads\\\/2025\\\/07\\\/Rund-flet-taske-med-soelv-palietter_5.jpg\",\"datePublished\":\"2025-07-07T09:11:19+00:00\",\"dateModified\":\"2026-04-10T10:05:12+00:00\",\"description\":\"H\u00e5ndlavede tasker i siv med s\u00f8dt spiral m\u00f8nster i guld pailletter og smarte l\u00e6der stropper. Taskerne f\u00e5es i st\u00f8rrelser. Perfekt til strandturen.\",\"breadcrumb\":{\"@id\":\"https:\\\/\\\/tibladin.dk\\\/produkt\\\/rund-flet-taske-m-spiral-moenster-i-guld\\\/#breadcrumb\"},\"inLanguage\":\"sv-SE\",\"potentialAction\":[{\"@type\":\"ReadAction\",\"target\":[\"https:\\\/\\\/tibladin.dk\\\/produkt\\\/rund-flet-taske-m-spiral-moenster-i-guld\\\/\"]}]},{\"@type\":\"ImageObject\",\"inLanguage\":\"sv-SE\",\"@id\":\"https:\\\/\\\/tibladin.dk\\\/produkt\\\/rund-flet-taske-m-spiral-moenster-i-guld\\\/#primaryimage\",\"url\":\"https:\\\/\\\/tibladin.dk\\\/wp-content\\\/uploads\\\/2025\\\/07\\\/Rund-flet-taske-med-soelv-palietter_5.jpg\",\"contentUrl\":\"https:\\\/\\\/tibladin.dk\\\/wp-content\\\/uploads\\\/2025\\\/07\\\/Rund-flet-taske-med-soelv-palietter_5.jpg\",\"width\":800,\"height\":800},{\"@type\":\"BreadcrumbList\",\"@id\":\"https:\\\/\\\/tibladin.dk\\\/produkt\\\/rund-flet-taske-m-spiral-moenster-i-guld\\\/#breadcrumb\",\"itemListElement\":[{\"@type\":\"ListItem\",\"position\":1,\"name\":\"Hjem\",\"item\":\"https:\\\/\\\/tibladin.dk\\\/\"},{\"@type\":\"ListItem\",\"position\":2,\"name\":\"Shop\",\"item\":\"https:\\\/\\\/tibladin.dk\\\/shop\\\/\"},{\"@type\":\"ListItem\",\"position\":3,\"name\":\"Rund flet taske m. spiral m\u00f8nster i guld\"}]},{\"@type\":\"WebSite\",\"@id\":\"https:\\\/\\\/tibladin.dk\\\/#website\",\"url\":\"https:\\\/\\\/tibladin.dk\\\/\",\"name\":\"Tibladin\",\"description\":\"Tibladin\",\"publisher\":{\"@id\":\"https:\\\/\\\/tibladin.dk\\\/#organization\"},\"potentialAction\":[{\"@type\":\"SearchAction\",\"target\":{\"@type\":\"EntryPoint\",\"urlTemplate\":\"https:\\\/\\\/tibladin.dk\\\/?s={search_term_string}\"},\"query-input\":{\"@type\":\"PropertyValueSpecification\",\"valueRequired\":true,\"valueName\":\"search_term_string\"}}],\"inLanguage\":\"sv-SE\"},{\"@type\":\"Organization\",\"@id\":\"https:\\\/\\\/tibladin.dk\\\/#organization\",\"name\":\"Tibladin\",\"url\":\"https:\\\/\\\/tibladin.dk\\\/\",\"logo\":{\"@type\":\"ImageObject\",\"inLanguage\":\"sv-SE\",\"@id\":\"https:\\\/\\\/tibladin.dk\\\/#\\\/schema\\\/logo\\\/image\\\/\",\"url\":\"https:\\\/\\\/tibladin.dk\\\/wp-content\\\/uploads\\\/2022\\\/09\\\/tibladin_logo.svg\",\"contentUrl\":\"https:\\\/\\\/tibladin.dk\\\/wp-content\\\/uploads\\\/2022\\\/09\\\/tibladin_logo.svg\",\"caption\":\"Tibladin\"},\"image\":{\"@id\":\"https:\\\/\\\/tibladin.dk\\\/#\\\/schema\\\/logo\\\/image\\\/\"}}]}<\/script>\n<!-- \/ Yoast SEO plugin. -->","yoast_head_json":{"title":"Handgjord rund v\u00e4ska i vass med paljetter och l\u00e4derremmar Tibladin","description":"Handgjorda v\u00e4skor i vass med ett s\u00f6tt spiralm\u00f6nster i guldpaljetter och snygga l\u00e4derremmar. V\u00e4skorna finns i olika storlekar. Perfekta f\u00f6r en strandtur.","robots":{"index":"index","follow":"follow","max-snippet":"max-snippet:-1","max-image-preview":"max-image-preview:large","max-video-preview":"max-video-preview:-1"},"canonical":"https:\/\/tibladin.dk\/sv\/produkt\/rund-flatad-vaska-med-spiralmonster-i-guld\/","og_locale":"sv_SE","og_type":"article","og_title":"H\u00e5ndlavet rund taske i siv med pailletter og l\u00e6der stropper Tibladin","og_description":"H\u00e5ndlavede tasker i siv med s\u00f8dt spiral m\u00f8nster i guld pailletter og smarte l\u00e6der stropper. Taskerne f\u00e5es i st\u00f8rrelser. Perfekt til strandturen.","og_url":"https:\/\/tibladin.dk\/sv\/produkt\/rund-flatad-vaska-med-spiralmonster-i-guld\/","og_site_name":"Tibladin","article_modified_time":"2026-04-10T10:05:12+00:00","og_image":[{"width":800,"height":800,"url":"https:\/\/tibladin.dk\/wp-content\/uploads\/2025\/07\/Rund-flet-taske-med-soelv-palietter_5.jpg","type":"image\/jpeg"}],"twitter_card":"summary_large_image","twitter_misc":{"Ber\u00e4knad l\u00e4stid":"2 minuter"},"schema":{"@context":"https:\/\/schema.org","@graph":[{"@type":"WebPage","@id":"https:\/\/tibladin.dk\/produkt\/rund-flet-taske-m-spiral-moenster-i-guld\/","url":"https:\/\/tibladin.dk\/produkt\/rund-flet-taske-m-spiral-moenster-i-guld\/","name":"Handgjord rund v\u00e4ska i vass med paljetter och l\u00e4derremmar Tibladin","isPartOf":{"@id":"https:\/\/tibladin.dk\/#website"},"primaryImageOfPage":{"@id":"https:\/\/tibladin.dk\/produkt\/rund-flet-taske-m-spiral-moenster-i-guld\/#primaryimage"},"image":{"@id":"https:\/\/tibladin.dk\/produkt\/rund-flet-taske-m-spiral-moenster-i-guld\/#primaryimage"},"thumbnailUrl":"https:\/\/tibladin.dk\/wp-content\/uploads\/2025\/07\/Rund-flet-taske-med-soelv-palietter_5.jpg","datePublished":"2025-07-07T09:11:19+00:00","dateModified":"2026-04-10T10:05:12+00:00","description":"Handgjorda v\u00e4skor i vass med ett s\u00f6tt spiralm\u00f6nster i guldpaljetter och snygga l\u00e4derremmar. V\u00e4skorna finns i olika storlekar. Perfekta f\u00f6r en strandtur.","breadcrumb":{"@id":"https:\/\/tibladin.dk\/produkt\/rund-flet-taske-m-spiral-moenster-i-guld\/#breadcrumb"},"inLanguage":"sv-SE","potentialAction":[{"@type":"ReadAction","target":["https:\/\/tibladin.dk\/produkt\/rund-flet-taske-m-spiral-moenster-i-guld\/"]}]},{"@type":"ImageObject","inLanguage":"sv-SE","@id":"https:\/\/tibladin.dk\/produkt\/rund-flet-taske-m-spiral-moenster-i-guld\/#primaryimage","url":"https:\/\/tibladin.dk\/wp-content\/uploads\/2025\/07\/Rund-flet-taske-med-soelv-palietter_5.jpg","contentUrl":"https:\/\/tibladin.dk\/wp-content\/uploads\/2025\/07\/Rund-flet-taske-med-soelv-palietter_5.jpg","width":800,"height":800},{"@type":"BreadcrumbList","@id":"https:\/\/tibladin.dk\/produkt\/rund-flet-taske-m-spiral-moenster-i-guld\/#breadcrumb","itemListElement":[{"@type":"ListItem","position":1,"name":"Hjem","item":"https:\/\/tibladin.dk\/"},{"@type":"ListItem","position":2,"name":"Shop","item":"https:\/\/tibladin.dk\/shop\/"},{"@type":"ListItem","position":3,"name":"Rund flet taske m. spiral m\u00f8nster i guld"}]},{"@type":"WebSite","@id":"https:\/\/tibladin.dk\/#website","url":"https:\/\/tibladin.dk\/","name":"Tibladin","description":"Tibladin","publisher":{"@id":"https:\/\/tibladin.dk\/#organization"},"potentialAction":[{"@type":"SearchAction","target":{"@type":"EntryPoint","urlTemplate":"https:\/\/tibladin.dk\/?s={search_term_string}"},"query-input":{"@type":"PropertyValueSpecification","valueRequired":true,"valueName":"search_term_string"}}],"inLanguage":"sv-SE"},{"@type":"Organization","@id":"https:\/\/tibladin.dk\/#organization","name":"Tibladin","url":"https:\/\/tibladin.dk\/","logo":{"@type":"ImageObject","inLanguage":"sv-SE","@id":"https:\/\/tibladin.dk\/#\/schema\/logo\/image\/","url":"https:\/\/tibladin.dk\/wp-content\/uploads\/2022\/09\/tibladin_logo.svg","contentUrl":"https:\/\/tibladin.dk\/wp-content\/uploads\/2022\/09\/tibladin_logo.svg","caption":"Tibladin"},"image":{"@id":"https:\/\/tibladin.dk\/#\/schema\/logo\/image\/"}}]}},"_links":{"self":[{"href":"https:\/\/tibladin.dk\/sv\/wp-json\/wp\/v2\/product\/38123","targetHints":{"allow":["GET"]}}],"collection":[{"href":"https:\/\/tibladin.dk\/sv\/wp-json\/wp\/v2\/product"}],"about":[{"href":"https:\/\/tibladin.dk\/sv\/wp-json\/wp\/v2\/types\/product"}],"wp:featuredmedia":[{"embeddable":true,"href":"https:\/\/tibladin.dk\/sv\/wp-json\/wp\/v2\/media\/38115"}],"wp:attachment":[{"href":"https:\/\/tibladin.dk\/sv\/wp-json\/wp\/v2\/media?parent=38123"}],"wp:term":[{"taxonomy":"product_brand","embeddable":true,"href":"https:\/\/tibladin.dk\/sv\/wp-json\/wp\/v2\/product_brand?post=38123"},{"taxonomy":"product_cat","embeddable":true,"href":"https:\/\/tibladin.dk\/sv\/wp-json\/wp\/v2\/product_cat?post=38123"},{"taxonomy":"product_tag","embeddable":true,"href":"https:\/\/tibladin.dk\/sv\/wp-json\/wp\/v2\/product_tag?post=38123"}],"curies":[{"name":"wp","href":"https:\/\/api.w.org\/{rel}","templated":true}]}}