{"id":38127,"date":"2025-07-07T11:27:34","date_gmt":"2025-07-07T09:27:34","guid":{"rendered":"https:\/\/tibladin.dk\/?post_type=product&#038;p=38127"},"modified":"2026-01-08T15:38:24","modified_gmt":"2026-01-08T14:38:24","slug":"pall-med-flatad-snodd-kopparfargad","status":"publish","type":"product","link":"https:\/\/tibladin.dk\/sv\/produkt\/skammel-med-snorflet-kobberfarvet\/","title":{"rendered":"Pall med fl\u00e4tad sladd - kopparf\u00e4rgad"},"content":{"rendered":"<div class=\"wpb-content-wrapper\"><div class=\"vc_row wpb_row vc_row-fluid\"><div class=\"wpb_column vc_column_container vc_col-sm-4\"><div class=\"vc_column-inner\"><div class=\"wpb_wrapper\"><\/div><\/div><\/div><div class=\"wpb_column vc_column_container vc_col-sm-4\"><div class=\"vc_column-inner\"><div class=\"wpb_wrapper\"><h3 style=\"text-align: left\" class=\"vc_custom_heading vc_do_custom_heading\" >Underh\u00e5ll<\/h3>\n\t<div class=\"wpb_text_column wpb_content_element\" >\n\t\t<div class=\"wpb_wrapper\">\n\t\t\t<p>De sladdfl\u00e4tade pallarna kan enkelt torkas av med en fuktig trasa.<\/p>\n\n\t\t<\/div>\n\t<\/div>\n<\/div><\/div><\/div><div class=\"wpb_column vc_column_container vc_col-sm-4\"><div class=\"vc_column-inner\"><div class=\"wpb_wrapper\"><h3 style=\"text-align: left\" class=\"vc_custom_heading vc_do_custom_heading\" >Historien bakom<\/h3>\n\t<div class=\"wpb_text_column wpb_content_element\" >\n\t\t<div class=\"wpb_wrapper\">\n\t\t\t<p><span style=\"font-weight: 400;\">Sm\u00e5 pallar \u00e4r ett enkelt och effektivt s\u00e4tt att ge din inredning en exotisk och personlig touch. De ger liv, v\u00e4rme och variation och fungerar som sm\u00e5 konstverk i hemmet. Alla mina pallar \u00e4r handgjorda och inga tv\u00e5 \u00e4r exakt likadana. Jag v\u00e4ljer material och f\u00e4rger med stor omsorg och erbjuder tr\u00e4pallar med fl\u00e4tade sn\u00f6ren i noggrant utvalda, uts\u00f6kta nyanser, som tillsammans skapar ett elegant bohemiskt uttryck. Vi erbjuder en m\u00e4ngd olika typer av pallar, var och en med sin egen charm.\u00a0<\/span><\/p>\n<p data-start=\"143\" data-end=\"626\">De l\u00e4derv\u00e4vda pallarna tillf\u00f6r v\u00e4rme, tyngd och en exklusiv touch, som bara blir vackrare med tiden, allt eftersom materialet patinerar och f\u00e5r sitt eget unika uttryck. Naturl\u00e4dret skapar en fin kontrast till tr\u00e4ets ljusa yta och ger pallen ett tidl\u00f6st och elegant utseende.<\/p>\n<p data-start=\"628\" data-end=\"1086\">Om du vill ha en l\u00e4ttare och mer grafisk look \u00e4r de sn\u00f6rfl\u00e4tade pallarna perfekta. De starka sn\u00f6rena \u00e4r handfl\u00e4tade i vackra m\u00f6nster och utvalda f\u00e4rger, vilket tillf\u00f6r liv, personlighet och en touch av bohemisk stil. Kombinationen av f\u00e4rger, m\u00f6nster och material g\u00f6r att du kan v\u00e4lja en pall som antingen sm\u00e4lter in lugnt i inredningen eller fungerar som ett sl\u00e5ende statement-item.<\/p>\n<p><span style=\"font-weight: 400;\">De runda pallarna \u00e4r tillverkade av tr\u00e4, och en speciell och charmig detalj med dessa pallar \u00e4r anv\u00e4ndningen av ett \u00e5tervunnet d\u00e4ck i konstruktionen av sitsen. Det \u00e4r en b\u00e5de rolig och kreativ l\u00f6sning, som ger m\u00f6blerna en ov\u00e4ntad historia och en modern twist. Det som tidigare hade ett helt annat syfte f\u00e5r nytt liv och en ny funktion i hemmet \u2013 f\u00f6rvandlas fr\u00e5n industriavfall till en estetisk och funktionell m\u00f6bel. Denna f\u00f6rvandling ger karakt\u00e4r \u00e5t pallen och g\u00f6r den till ett samtals\u00e4mne som v\u00e4cker nyfikenhet och sp\u00e4nning.<\/span><\/p>\n<p><span style=\"font-weight: 400;\">Samtidigt \u00e4r anv\u00e4ndningen av d\u00e4ck ett starkt h\u00e5llbart val. D\u00e4ck \u00e4r oftast sv\u00e5ra att \u00e5tervinna och hamnar ofta som avfall som f\u00f6rorenar milj\u00f6n. Genom att \u00e5tervinna dem i m\u00f6belproduktion f\u00f6rl\u00e4ngs materialets livsl\u00e4ngd avsev\u00e4rt och behovet av nya r\u00e5varor minskar. Kombinationen av \u00e5tervinning, hantverk och estetik visar hur h\u00e5llbarhet och design kan g\u00e5 hand i hand utan att kompromissa med kvalitet eller uttryck.<\/span><\/p>\n<p><span style=\"font-weight: 400;\">Att anv\u00e4nda ett d\u00e4ck som bas f\u00f6r rottingarbetet ger ocks\u00e5 en robust och h\u00e5llbar k\u00e4rna, vilket g\u00f6r pallen l\u00e4mplig f\u00f6r vardagsbruk. Detta st\u00f6der Tibladins id\u00e9 om att skapa m\u00f6bler som inte bara \u00e4r vackra, utan ocks\u00e5 ansvarsfulla \u2013 m\u00f6bler med sj\u00e4l, historia och omtanke om b\u00e5de m\u00e4nniskor och milj\u00f6.<br \/>\n<\/span><\/p>\n<p data-start=\"107\" data-end=\"425\">De rottingv\u00e4vda pallarna utstr\u00e5lar l\u00e4tthet, naturlighet och genuint hantverk. Rotting \u00e4r ett flexibelt och starkt naturmaterial som v\u00e4vs f\u00f6r hand, vilket skapar vackra, harmoniska m\u00f6nster med sm\u00e5 variationer som g\u00f6r varje pall unik. Den v\u00e4vda sitsen ger ett l\u00e4tt och luftigt utseende och tillf\u00f6r v\u00e4rme och lugn till interi\u00f6ren.<\/p>\n<p data-start=\"427\" data-end=\"691\">Rotting \u00e4r ocks\u00e5 ett h\u00e5llbart val, eftersom det \u00e4r ett snabbv\u00e4xande material som kan sk\u00f6rdas varsamt. Tillsammans med tr\u00e4ets naturliga struktur skapar det en tidl\u00f6s och h\u00e5llbar pall som fungerar b\u00e5de som en praktisk sittplats och som ett dekorativt element i hemmet.<\/p>\n<p><span style=\"font-weight: 400;\">Pallarna \u00e4r handgjorda av kvinnor i ett kvinnokooperativ s\u00f6der om Marrakech. Kooperativet syssels\u00e4tter cirka 160 kvinnor och spelar en viktig roll i att f\u00f6rb\u00e4ttra levnadsvillkoren f\u00f6r m\u00e5nga familjer i den lilla byn. N\u00e4r du v\u00e4ljer denna pall f\u00e5r du inte bara en vacker och funktionell m\u00f6bel \u2013 du st\u00f6der ocks\u00e5 traditionellt hantverk, h\u00e5llbar produktion och kvinnors m\u00f6jlighet till ekonomiskt oberoende.<\/span><\/p>\n\n\t\t<\/div>\n\t<\/div>\n<\/div><\/div><\/div><\/div>\n<\/div>","protected":false},"excerpt":{"rendered":"<p class=\"p1\"><span class=\"s1\">Pall tillverkad av tr\u00e4 och fl\u00e4tade sn\u00f6ren i ett fint m\u00f6nster med bruna och kopparf\u00e4rgade nyanser.<\/span><\/p>\n<p class=\"p1\"><span class=\"s1\">En l\u00e4tt m\u00f6bel att l\u00e4gga till din inredning f\u00f6r ett personligt uttryck. Passar t.ex. bra i sovrummet, i hallen och i badrummet.<\/span><\/p>\n<p>Pallen m\u00e4ter 35x35x35 cm.<\/p>","protected":false},"featured_media":38088,"template":"","meta":{"inline_featured_image":false},"product_brand":[],"product_cat":[36,39,49],"product_tag":[],"class_list":{"0":"post-38127","1":"product","2":"type-product","3":"status-publish","4":"has-post-thumbnail","6":"product_cat-gaver-til-under-500-kr","7":"product_cat-moebler","8":"product_cat-skamler","10":"first","11":"instock","12":"featured","13":"taxable","14":"shipping-taxable","15":"purchasable","16":"product-type-simple"},"exclude_global_add_ons":[],"addons":[],"yoast_head":"<!-- This site is optimized with the Yoast SEO plugin v27.4 - https:\/\/yoast.com\/product\/yoast-seo-wordpress\/ -->\n<title>B\u00e6nk\/Skammel i tr\u00e6 med snor flet | Tibladin<\/title>\n<meta name=\"description\" content=\"Skammel\/b\u00e6nk med flet af snore i brune og kobber nuancer. Kan let tils\u00e6ttes din indretning og give et personligt og bo\u00eame udtryk.\" \/>\n<meta name=\"robots\" content=\"index, follow, max-snippet:-1, max-image-preview:large, max-video-preview:-1\" \/>\n<link rel=\"canonical\" href=\"https:\/\/tibladin.dk\/sv\/produkt\/pall-med-flatad-snodd-kopparfargad\/\" \/>\n<meta property=\"og:locale\" content=\"sv_SE\" \/>\n<meta property=\"og:type\" content=\"article\" \/>\n<meta property=\"og:title\" content=\"B\u00e6nk\/Skammel i tr\u00e6 med snor flet | Tibladin\" \/>\n<meta property=\"og:description\" content=\"Skammel\/b\u00e6nk med flet af snore i brune og kobber nuancer. Kan let tils\u00e6ttes din indretning og give et personligt og bo\u00eame udtryk.\" \/>\n<meta property=\"og:url\" content=\"https:\/\/tibladin.dk\/sv\/produkt\/pall-med-flatad-snodd-kopparfargad\/\" \/>\n<meta property=\"og:site_name\" content=\"Tibladin\" \/>\n<meta property=\"article:modified_time\" content=\"2026-01-08T14:38:24+00:00\" \/>\n<meta property=\"og:image\" content=\"https:\/\/tibladin.dk\/wp-content\/uploads\/2025\/07\/Skammel-i-kobberfarvet-snorflet_5.jpg\" \/>\n\t<meta property=\"og:image:width\" content=\"800\" \/>\n\t<meta property=\"og:image:height\" content=\"800\" \/>\n\t<meta property=\"og:image:type\" content=\"image\/jpeg\" \/>\n<meta name=\"twitter:card\" content=\"summary_large_image\" \/>\n<meta name=\"twitter:label1\" content=\"Ber\u00e4knad l\u00e4stid\" \/>\n\t<meta name=\"twitter:data1\" content=\"4 minuter\" \/>\n<script type=\"application\/ld+json\" class=\"yoast-schema-graph\">{\"@context\":\"https:\\\/\\\/schema.org\",\"@graph\":[{\"@type\":\"WebPage\",\"@id\":\"https:\\\/\\\/tibladin.dk\\\/produkt\\\/skammel-med-snorflet-kobberfarvet\\\/\",\"url\":\"https:\\\/\\\/tibladin.dk\\\/produkt\\\/skammel-med-snorflet-kobberfarvet\\\/\",\"name\":\"B\u00e6nk\\\/Skammel i tr\u00e6 med snor flet | Tibladin\",\"isPartOf\":{\"@id\":\"https:\\\/\\\/tibladin.dk\\\/#website\"},\"primaryImageOfPage\":{\"@id\":\"https:\\\/\\\/tibladin.dk\\\/produkt\\\/skammel-med-snorflet-kobberfarvet\\\/#primaryimage\"},\"image\":{\"@id\":\"https:\\\/\\\/tibladin.dk\\\/produkt\\\/skammel-med-snorflet-kobberfarvet\\\/#primaryimage\"},\"thumbnailUrl\":\"https:\\\/\\\/tibladin.dk\\\/wp-content\\\/uploads\\\/2025\\\/07\\\/Skammel-i-kobberfarvet-snorflet_5.jpg\",\"datePublished\":\"2025-07-07T09:27:34+00:00\",\"dateModified\":\"2026-01-08T14:38:24+00:00\",\"description\":\"Skammel\\\/b\u00e6nk med flet af snore i brune og kobber nuancer. Kan let tils\u00e6ttes din indretning og give et personligt og bo\u00eame udtryk.\",\"breadcrumb\":{\"@id\":\"https:\\\/\\\/tibladin.dk\\\/produkt\\\/skammel-med-snorflet-kobberfarvet\\\/#breadcrumb\"},\"inLanguage\":\"sv-SE\",\"potentialAction\":[{\"@type\":\"ReadAction\",\"target\":[\"https:\\\/\\\/tibladin.dk\\\/produkt\\\/skammel-med-snorflet-kobberfarvet\\\/\"]}]},{\"@type\":\"ImageObject\",\"inLanguage\":\"sv-SE\",\"@id\":\"https:\\\/\\\/tibladin.dk\\\/produkt\\\/skammel-med-snorflet-kobberfarvet\\\/#primaryimage\",\"url\":\"https:\\\/\\\/tibladin.dk\\\/wp-content\\\/uploads\\\/2025\\\/07\\\/Skammel-i-kobberfarvet-snorflet_5.jpg\",\"contentUrl\":\"https:\\\/\\\/tibladin.dk\\\/wp-content\\\/uploads\\\/2025\\\/07\\\/Skammel-i-kobberfarvet-snorflet_5.jpg\",\"width\":800,\"height\":800,\"caption\":\"skammel i kobberfarvet snorflet 5\"},{\"@type\":\"BreadcrumbList\",\"@id\":\"https:\\\/\\\/tibladin.dk\\\/produkt\\\/skammel-med-snorflet-kobberfarvet\\\/#breadcrumb\",\"itemListElement\":[{\"@type\":\"ListItem\",\"position\":1,\"name\":\"Hjem\",\"item\":\"https:\\\/\\\/tibladin.dk\\\/\"},{\"@type\":\"ListItem\",\"position\":2,\"name\":\"Shop\",\"item\":\"https:\\\/\\\/tibladin.dk\\\/shop\\\/\"},{\"@type\":\"ListItem\",\"position\":3,\"name\":\"Skammel med snorflet &#8211; kobberfarvet\"}]},{\"@type\":\"WebSite\",\"@id\":\"https:\\\/\\\/tibladin.dk\\\/#website\",\"url\":\"https:\\\/\\\/tibladin.dk\\\/\",\"name\":\"Tibladin\",\"description\":\"Tibladin\",\"publisher\":{\"@id\":\"https:\\\/\\\/tibladin.dk\\\/#organization\"},\"potentialAction\":[{\"@type\":\"SearchAction\",\"target\":{\"@type\":\"EntryPoint\",\"urlTemplate\":\"https:\\\/\\\/tibladin.dk\\\/?s={search_term_string}\"},\"query-input\":{\"@type\":\"PropertyValueSpecification\",\"valueRequired\":true,\"valueName\":\"search_term_string\"}}],\"inLanguage\":\"sv-SE\"},{\"@type\":\"Organization\",\"@id\":\"https:\\\/\\\/tibladin.dk\\\/#organization\",\"name\":\"Tibladin\",\"url\":\"https:\\\/\\\/tibladin.dk\\\/\",\"logo\":{\"@type\":\"ImageObject\",\"inLanguage\":\"sv-SE\",\"@id\":\"https:\\\/\\\/tibladin.dk\\\/#\\\/schema\\\/logo\\\/image\\\/\",\"url\":\"https:\\\/\\\/tibladin.dk\\\/wp-content\\\/uploads\\\/2022\\\/09\\\/tibladin_logo.svg\",\"contentUrl\":\"https:\\\/\\\/tibladin.dk\\\/wp-content\\\/uploads\\\/2022\\\/09\\\/tibladin_logo.svg\",\"caption\":\"Tibladin\"},\"image\":{\"@id\":\"https:\\\/\\\/tibladin.dk\\\/#\\\/schema\\\/logo\\\/image\\\/\"}}]}<\/script>\n<!-- \/ Yoast SEO plugin. -->","yoast_head_json":{"title":"B\u00e4nk\/pall i tr\u00e4 med sn\u00f6re fl\u00e4tad | Tibladin","description":"Pall\/b\u00e4nk med fl\u00e4tade sn\u00f6ren i bruna och kopparf\u00e4rgade nyanser. Kan enkelt kompletteras med din inredning och ge ett personligt och bohemiskt uttryck.","robots":{"index":"index","follow":"follow","max-snippet":"max-snippet:-1","max-image-preview":"max-image-preview:large","max-video-preview":"max-video-preview:-1"},"canonical":"https:\/\/tibladin.dk\/sv\/produkt\/pall-med-flatad-snodd-kopparfargad\/","og_locale":"sv_SE","og_type":"article","og_title":"B\u00e6nk\/Skammel i tr\u00e6 med snor flet | Tibladin","og_description":"Skammel\/b\u00e6nk med flet af snore i brune og kobber nuancer. Kan let tils\u00e6ttes din indretning og give et personligt og bo\u00eame udtryk.","og_url":"https:\/\/tibladin.dk\/sv\/produkt\/pall-med-flatad-snodd-kopparfargad\/","og_site_name":"Tibladin","article_modified_time":"2026-01-08T14:38:24+00:00","og_image":[{"width":800,"height":800,"url":"https:\/\/tibladin.dk\/wp-content\/uploads\/2025\/07\/Skammel-i-kobberfarvet-snorflet_5.jpg","type":"image\/jpeg"}],"twitter_card":"summary_large_image","twitter_misc":{"Ber\u00e4knad l\u00e4stid":"4 minuter"},"schema":{"@context":"https:\/\/schema.org","@graph":[{"@type":"WebPage","@id":"https:\/\/tibladin.dk\/produkt\/skammel-med-snorflet-kobberfarvet\/","url":"https:\/\/tibladin.dk\/produkt\/skammel-med-snorflet-kobberfarvet\/","name":"B\u00e4nk\/pall i tr\u00e4 med sn\u00f6re fl\u00e4tad | Tibladin","isPartOf":{"@id":"https:\/\/tibladin.dk\/#website"},"primaryImageOfPage":{"@id":"https:\/\/tibladin.dk\/produkt\/skammel-med-snorflet-kobberfarvet\/#primaryimage"},"image":{"@id":"https:\/\/tibladin.dk\/produkt\/skammel-med-snorflet-kobberfarvet\/#primaryimage"},"thumbnailUrl":"https:\/\/tibladin.dk\/wp-content\/uploads\/2025\/07\/Skammel-i-kobberfarvet-snorflet_5.jpg","datePublished":"2025-07-07T09:27:34+00:00","dateModified":"2026-01-08T14:38:24+00:00","description":"Pall\/b\u00e4nk med fl\u00e4tade sn\u00f6ren i bruna och kopparf\u00e4rgade nyanser. Kan enkelt kompletteras med din inredning och ge ett personligt och bohemiskt uttryck.","breadcrumb":{"@id":"https:\/\/tibladin.dk\/produkt\/skammel-med-snorflet-kobberfarvet\/#breadcrumb"},"inLanguage":"sv-SE","potentialAction":[{"@type":"ReadAction","target":["https:\/\/tibladin.dk\/produkt\/skammel-med-snorflet-kobberfarvet\/"]}]},{"@type":"ImageObject","inLanguage":"sv-SE","@id":"https:\/\/tibladin.dk\/produkt\/skammel-med-snorflet-kobberfarvet\/#primaryimage","url":"https:\/\/tibladin.dk\/wp-content\/uploads\/2025\/07\/Skammel-i-kobberfarvet-snorflet_5.jpg","contentUrl":"https:\/\/tibladin.dk\/wp-content\/uploads\/2025\/07\/Skammel-i-kobberfarvet-snorflet_5.jpg","width":800,"height":800,"caption":"skammel i kobberfarvet snorflet 5"},{"@type":"BreadcrumbList","@id":"https:\/\/tibladin.dk\/produkt\/skammel-med-snorflet-kobberfarvet\/#breadcrumb","itemListElement":[{"@type":"ListItem","position":1,"name":"Hjem","item":"https:\/\/tibladin.dk\/"},{"@type":"ListItem","position":2,"name":"Shop","item":"https:\/\/tibladin.dk\/shop\/"},{"@type":"ListItem","position":3,"name":"Skammel med snorflet &#8211; kobberfarvet"}]},{"@type":"WebSite","@id":"https:\/\/tibladin.dk\/#website","url":"https:\/\/tibladin.dk\/","name":"Tibladin","description":"Tibladin","publisher":{"@id":"https:\/\/tibladin.dk\/#organization"},"potentialAction":[{"@type":"SearchAction","target":{"@type":"EntryPoint","urlTemplate":"https:\/\/tibladin.dk\/?s={search_term_string}"},"query-input":{"@type":"PropertyValueSpecification","valueRequired":true,"valueName":"search_term_string"}}],"inLanguage":"sv-SE"},{"@type":"Organization","@id":"https:\/\/tibladin.dk\/#organization","name":"Tibladin","url":"https:\/\/tibladin.dk\/","logo":{"@type":"ImageObject","inLanguage":"sv-SE","@id":"https:\/\/tibladin.dk\/#\/schema\/logo\/image\/","url":"https:\/\/tibladin.dk\/wp-content\/uploads\/2022\/09\/tibladin_logo.svg","contentUrl":"https:\/\/tibladin.dk\/wp-content\/uploads\/2022\/09\/tibladin_logo.svg","caption":"Tibladin"},"image":{"@id":"https:\/\/tibladin.dk\/#\/schema\/logo\/image\/"}}]}},"_links":{"self":[{"href":"https:\/\/tibladin.dk\/sv\/wp-json\/wp\/v2\/product\/38127","targetHints":{"allow":["GET"]}}],"collection":[{"href":"https:\/\/tibladin.dk\/sv\/wp-json\/wp\/v2\/product"}],"about":[{"href":"https:\/\/tibladin.dk\/sv\/wp-json\/wp\/v2\/types\/product"}],"wp:featuredmedia":[{"embeddable":true,"href":"https:\/\/tibladin.dk\/sv\/wp-json\/wp\/v2\/media\/38088"}],"wp:attachment":[{"href":"https:\/\/tibladin.dk\/sv\/wp-json\/wp\/v2\/media?parent=38127"}],"wp:term":[{"taxonomy":"product_brand","embeddable":true,"href":"https:\/\/tibladin.dk\/sv\/wp-json\/wp\/v2\/product_brand?post=38127"},{"taxonomy":"product_cat","embeddable":true,"href":"https:\/\/tibladin.dk\/sv\/wp-json\/wp\/v2\/product_cat?post=38127"},{"taxonomy":"product_tag","embeddable":true,"href":"https:\/\/tibladin.dk\/sv\/wp-json\/wp\/v2\/product_tag?post=38127"}],"curies":[{"name":"wp","href":"https:\/\/api.w.org\/{rel}","templated":true}]}}