{"id":38251,"date":"2025-07-10T15:28:41","date_gmt":"2025-07-10T13:28:41","guid":{"rendered":"https:\/\/tibladin.dk\/?post_type=product&#038;p=38251"},"modified":"2026-03-04T17:03:42","modified_gmt":"2026-03-04T16:03:42","slug":"rosa-klanning-storlek-m","status":"publish","type":"product","link":"https:\/\/tibladin.dk\/sv\/produkt\/kjole-rosa-str-m\/","title":{"rendered":"Kl\u00e4nning ROSA storlek M"},"content":{"rendered":"<div class=\"wpb-content-wrapper\"><div class=\"vc_row wpb_row vc_row-fluid\"><div class=\"wpb_column vc_column_container vc_col-sm-4\"><div class=\"vc_column-inner\"><div class=\"wpb_wrapper\"><\/div><\/div><\/div><div class=\"wpb_column vc_column_container vc_col-sm-4\"><div class=\"vc_column-inner\"><div class=\"wpb_wrapper\"><h3 style=\"text-align: left\" class=\"vc_custom_heading vc_do_custom_heading\" >Underh\u00e5ll<\/h3>\n\t<div class=\"wpb_text_column wpb_content_element\" >\n\t\t<div class=\"wpb_wrapper\">\n\t\t\t<p>Kl\u00e4nningarna \u00e4r tillverkade av 100%-bomull och kan d\u00e4rf\u00f6r maskintv\u00e4ttas i upp till 40 grader. Vi rekommenderar \u00e4ven att \u00e5ngtv\u00e4tta\/stryka tunikorna f\u00f6r att undvika skrynklor och veck.<\/p>\n\n\t\t<\/div>\n\t<\/div>\n<\/div><\/div><\/div><div class=\"wpb_column vc_column_container vc_col-sm-4\"><div class=\"vc_column-inner\"><div class=\"wpb_wrapper\"><h3 style=\"text-align: left\" class=\"vc_custom_heading vc_do_custom_heading\" >Historien bakom<\/h3>\n\t<div class=\"wpb_text_column wpb_content_element\" >\n\t\t<div class=\"wpb_wrapper\">\n\t\t\t<p>Dessa vackra marockanska kl\u00e4nningar \u00e4r handsydda i 100%-bomull och \u00e4r fulla av liv och f\u00e4rg. Kl\u00e4nningarna \u00e4r tillverkade i samarbete med en designer och skr\u00e4ddare i Marrakech, och tillsammans har vi noggrant valt ut f\u00e4rger, material och m\u00f6nster f\u00f6r varje kl\u00e4nning. Det \u00e4r d\u00e4rf\u00f6r de ocks\u00e5 \u00e4r helt unika - det finns bara en av varje, och dessa designer finns ingen annanstans. Passformen p\u00e5 de vackra kl\u00e4nningarna \u00e4r l\u00f6s och bekv\u00e4m, men samtidigt smickrande och l\u00e4cker. Kl\u00e4nningen kan b\u00e4ras hemma, p\u00e5 kontoret och f\u00f6r en tur till stranden eller terrassen en varm sommardag.<\/p>\n\n\t\t<\/div>\n\t<\/div>\n<\/div><\/div><\/div><\/div>\n<\/div>","protected":false},"excerpt":{"rendered":"<p>Kl\u00e4nningen \u00e4r handsydd i Marocko av 100% bomull med fina r\u00e4nder i rosa, brunt och vitt.<\/p>\n<p>ROSA \u00e4r din nya favoritkl\u00e4nning f\u00f6r b\u00e5de vardagslyx och enkla sommarstunder. Sydd i en l\u00e4tt och luftig bomullskvalitet med subtila rosenr\u00f6da r\u00e4nder. Den har en l\u00f6s, avslappnad passform med nedh\u00e4ngda axlar och vackert konstruerade \u00e4rmar, som avslutas med en elegant manschett och ett litet, diskret veck. Kl\u00e4nningen har ocks\u00e5 rymliga fickor. V-ringningen och den \u00f6ppna kragen ger en \u00f6ppen, smickrande sk\u00e4rning, medan knytbandet i midjan ger dig friheten att styla kl\u00e4nningen som du vill - avslappnad eller markerad.<\/p>\n<p class=\"p1\">Alla Tibladins kl\u00e4nningar \u00e4r tillverkade i samarbete med en designer och skr\u00e4ddare i Marrakech, och varje design \u00e4r djupt unik.<\/p>\n<p>ROSA: | \u00c4rml\u00e4ngd fr\u00e5n hals: 60 cm | Midja: 60 cm | L\u00e4ngd fram: 110 cm | L\u00e4ngd bak: 125 cm | Halsringning: 16 | Knytning: 158 cm |<\/p>\n<p>&nbsp;<\/p>\n<p>&nbsp;<\/p>","protected":false},"featured_media":38246,"template":"","meta":{"inline_featured_image":false},"product_brand":[],"product_cat":[27,109],"product_tag":[],"class_list":{"0":"post-38251","1":"product","2":"type-product","3":"status-publish","4":"has-post-thumbnail","6":"product_cat-diverse","7":"product_cat-kjoler","9":"first","10":"outofstock","11":"taxable","12":"shipping-taxable","13":"purchasable","14":"product-type-simple"},"exclude_global_add_ons":false,"addons":[{"name":"Vill du ha presentinslagning?","type":"checkbox","position":0,"required":false,"title_format":"label","default":"","description_enable":false,"description":"","placeholder_enable":false,"placeholder":"","display":"images","restrictions_type":"any_text","adjust_price":false,"price":"","price_type":"flat_fee","restrictions":false,"min":"0","max":"0","options":[{"label":"Ja tak","price":"10","price_type":"flat_fee","image":11015,"visibility":true}],"id":1669646111}],"yoast_head":"<!-- This site is optimized with the Yoast SEO plugin v27.4 - https:\/\/yoast.com\/product\/yoast-seo-wordpress\/ -->\n<title>H\u00e5ndsyet kjole fra Marokko | Rosa &amp; hvide striber | Tibladin |<\/title>\n<meta name=\"description\" content=\"Smuk h\u00e5ndsyede kjole i 100% bomuld. Udviklet i samarbejde med designer og skr\u00e6dder i Marrakech. Hel unik, elegant og afslappet kjole.\" \/>\n<meta name=\"robots\" content=\"index, follow, max-snippet:-1, max-image-preview:large, max-video-preview:-1\" \/>\n<link rel=\"canonical\" href=\"https:\/\/tibladin.dk\/sv\/produkt\/rosa-klanning-storlek-m\/\" \/>\n<meta property=\"og:locale\" content=\"sv_SE\" \/>\n<meta property=\"og:type\" content=\"article\" \/>\n<meta property=\"og:title\" content=\"H\u00e5ndsyet kjole fra Marokko | Rosa &amp; hvide striber | Tibladin |\" \/>\n<meta property=\"og:description\" content=\"Smuk h\u00e5ndsyede kjole i 100% bomuld. Udviklet i samarbejde med designer og skr\u00e6dder i Marrakech. Hel unik, elegant og afslappet kjole.\" \/>\n<meta property=\"og:url\" content=\"https:\/\/tibladin.dk\/sv\/produkt\/rosa-klanning-storlek-m\/\" \/>\n<meta property=\"og:site_name\" content=\"Tibladin\" \/>\n<meta property=\"article:modified_time\" content=\"2026-03-04T16:03:42+00:00\" \/>\n<meta property=\"og:image\" content=\"https:\/\/tibladin.dk\/wp-content\/uploads\/2025\/07\/Kjole_Rosa_6.jpg\" \/>\n\t<meta property=\"og:image:width\" content=\"800\" \/>\n\t<meta property=\"og:image:height\" content=\"800\" \/>\n\t<meta property=\"og:image:type\" content=\"image\/jpeg\" \/>\n<meta name=\"twitter:card\" content=\"summary_large_image\" \/>\n<meta name=\"twitter:label1\" content=\"Ber\u00e4knad l\u00e4stid\" \/>\n\t<meta name=\"twitter:data1\" content=\"2 minuter\" \/>\n<script type=\"application\/ld+json\" class=\"yoast-schema-graph\">{\"@context\":\"https:\\\/\\\/schema.org\",\"@graph\":[{\"@type\":\"WebPage\",\"@id\":\"https:\\\/\\\/tibladin.dk\\\/produkt\\\/kjole-rosa-str-m\\\/\",\"url\":\"https:\\\/\\\/tibladin.dk\\\/produkt\\\/kjole-rosa-str-m\\\/\",\"name\":\"H\u00e5ndsyet kjole fra Marokko | Rosa & hvide striber | Tibladin |\",\"isPartOf\":{\"@id\":\"https:\\\/\\\/tibladin.dk\\\/#website\"},\"primaryImageOfPage\":{\"@id\":\"https:\\\/\\\/tibladin.dk\\\/produkt\\\/kjole-rosa-str-m\\\/#primaryimage\"},\"image\":{\"@id\":\"https:\\\/\\\/tibladin.dk\\\/produkt\\\/kjole-rosa-str-m\\\/#primaryimage\"},\"thumbnailUrl\":\"https:\\\/\\\/tibladin.dk\\\/wp-content\\\/uploads\\\/2025\\\/07\\\/Kjole_Rosa_6.jpg\",\"datePublished\":\"2025-07-10T13:28:41+00:00\",\"dateModified\":\"2026-03-04T16:03:42+00:00\",\"description\":\"Smuk h\u00e5ndsyede kjole i 100% bomuld. Udviklet i samarbejde med designer og skr\u00e6dder i Marrakech. Hel unik, elegant og afslappet kjole.\",\"breadcrumb\":{\"@id\":\"https:\\\/\\\/tibladin.dk\\\/produkt\\\/kjole-rosa-str-m\\\/#breadcrumb\"},\"inLanguage\":\"sv-SE\",\"potentialAction\":[{\"@type\":\"ReadAction\",\"target\":[\"https:\\\/\\\/tibladin.dk\\\/produkt\\\/kjole-rosa-str-m\\\/\"]}]},{\"@type\":\"ImageObject\",\"inLanguage\":\"sv-SE\",\"@id\":\"https:\\\/\\\/tibladin.dk\\\/produkt\\\/kjole-rosa-str-m\\\/#primaryimage\",\"url\":\"https:\\\/\\\/tibladin.dk\\\/wp-content\\\/uploads\\\/2025\\\/07\\\/Kjole_Rosa_6.jpg\",\"contentUrl\":\"https:\\\/\\\/tibladin.dk\\\/wp-content\\\/uploads\\\/2025\\\/07\\\/Kjole_Rosa_6.jpg\",\"width\":800,\"height\":800,\"caption\":\"Kjole rosa 6\"},{\"@type\":\"BreadcrumbList\",\"@id\":\"https:\\\/\\\/tibladin.dk\\\/produkt\\\/kjole-rosa-str-m\\\/#breadcrumb\",\"itemListElement\":[{\"@type\":\"ListItem\",\"position\":1,\"name\":\"Hjem\",\"item\":\"https:\\\/\\\/tibladin.dk\\\/\"},{\"@type\":\"ListItem\",\"position\":2,\"name\":\"Shop\",\"item\":\"https:\\\/\\\/tibladin.dk\\\/shop\\\/\"},{\"@type\":\"ListItem\",\"position\":3,\"name\":\"Kjole ROSA str. M\"}]},{\"@type\":\"WebSite\",\"@id\":\"https:\\\/\\\/tibladin.dk\\\/#website\",\"url\":\"https:\\\/\\\/tibladin.dk\\\/\",\"name\":\"Tibladin\",\"description\":\"Tibladin\",\"publisher\":{\"@id\":\"https:\\\/\\\/tibladin.dk\\\/#organization\"},\"potentialAction\":[{\"@type\":\"SearchAction\",\"target\":{\"@type\":\"EntryPoint\",\"urlTemplate\":\"https:\\\/\\\/tibladin.dk\\\/?s={search_term_string}\"},\"query-input\":{\"@type\":\"PropertyValueSpecification\",\"valueRequired\":true,\"valueName\":\"search_term_string\"}}],\"inLanguage\":\"sv-SE\"},{\"@type\":\"Organization\",\"@id\":\"https:\\\/\\\/tibladin.dk\\\/#organization\",\"name\":\"Tibladin\",\"url\":\"https:\\\/\\\/tibladin.dk\\\/\",\"logo\":{\"@type\":\"ImageObject\",\"inLanguage\":\"sv-SE\",\"@id\":\"https:\\\/\\\/tibladin.dk\\\/#\\\/schema\\\/logo\\\/image\\\/\",\"url\":\"https:\\\/\\\/tibladin.dk\\\/wp-content\\\/uploads\\\/2022\\\/09\\\/tibladin_logo.svg\",\"contentUrl\":\"https:\\\/\\\/tibladin.dk\\\/wp-content\\\/uploads\\\/2022\\\/09\\\/tibladin_logo.svg\",\"caption\":\"Tibladin\"},\"image\":{\"@id\":\"https:\\\/\\\/tibladin.dk\\\/#\\\/schema\\\/logo\\\/image\\\/\"}}]}<\/script>\n<!-- \/ Yoast SEO plugin. -->","yoast_head_json":{"title":"Handgjord kl\u00e4nning fr\u00e5n Marocko | Rosa &amp; vita r\u00e4nder | Tibladin |","description":"Vacker handsydd kl\u00e4nning i 100% bomull. Utvecklad i samarbete med designer och skr\u00e4ddare i Marrakech. Helt unik, elegant och avslappnad kl\u00e4nning.","robots":{"index":"index","follow":"follow","max-snippet":"max-snippet:-1","max-image-preview":"max-image-preview:large","max-video-preview":"max-video-preview:-1"},"canonical":"https:\/\/tibladin.dk\/sv\/produkt\/rosa-klanning-storlek-m\/","og_locale":"sv_SE","og_type":"article","og_title":"H\u00e5ndsyet kjole fra Marokko | Rosa & hvide striber | Tibladin |","og_description":"Smuk h\u00e5ndsyede kjole i 100% bomuld. Udviklet i samarbejde med designer og skr\u00e6dder i Marrakech. Hel unik, elegant og afslappet kjole.","og_url":"https:\/\/tibladin.dk\/sv\/produkt\/rosa-klanning-storlek-m\/","og_site_name":"Tibladin","article_modified_time":"2026-03-04T16:03:42+00:00","og_image":[{"width":800,"height":800,"url":"https:\/\/tibladin.dk\/wp-content\/uploads\/2025\/07\/Kjole_Rosa_6.jpg","type":"image\/jpeg"}],"twitter_card":"summary_large_image","twitter_misc":{"Ber\u00e4knad l\u00e4stid":"2 minuter"},"schema":{"@context":"https:\/\/schema.org","@graph":[{"@type":"WebPage","@id":"https:\/\/tibladin.dk\/produkt\/kjole-rosa-str-m\/","url":"https:\/\/tibladin.dk\/produkt\/kjole-rosa-str-m\/","name":"Handgjord kl\u00e4nning fr\u00e5n Marocko | Rosa &amp; vita r\u00e4nder | Tibladin |","isPartOf":{"@id":"https:\/\/tibladin.dk\/#website"},"primaryImageOfPage":{"@id":"https:\/\/tibladin.dk\/produkt\/kjole-rosa-str-m\/#primaryimage"},"image":{"@id":"https:\/\/tibladin.dk\/produkt\/kjole-rosa-str-m\/#primaryimage"},"thumbnailUrl":"https:\/\/tibladin.dk\/wp-content\/uploads\/2025\/07\/Kjole_Rosa_6.jpg","datePublished":"2025-07-10T13:28:41+00:00","dateModified":"2026-03-04T16:03:42+00:00","description":"Vacker handsydd kl\u00e4nning i 100% bomull. Utvecklad i samarbete med designer och skr\u00e4ddare i Marrakech. Helt unik, elegant och avslappnad kl\u00e4nning.","breadcrumb":{"@id":"https:\/\/tibladin.dk\/produkt\/kjole-rosa-str-m\/#breadcrumb"},"inLanguage":"sv-SE","potentialAction":[{"@type":"ReadAction","target":["https:\/\/tibladin.dk\/produkt\/kjole-rosa-str-m\/"]}]},{"@type":"ImageObject","inLanguage":"sv-SE","@id":"https:\/\/tibladin.dk\/produkt\/kjole-rosa-str-m\/#primaryimage","url":"https:\/\/tibladin.dk\/wp-content\/uploads\/2025\/07\/Kjole_Rosa_6.jpg","contentUrl":"https:\/\/tibladin.dk\/wp-content\/uploads\/2025\/07\/Kjole_Rosa_6.jpg","width":800,"height":800,"caption":"Kjole rosa 6"},{"@type":"BreadcrumbList","@id":"https:\/\/tibladin.dk\/produkt\/kjole-rosa-str-m\/#breadcrumb","itemListElement":[{"@type":"ListItem","position":1,"name":"Hjem","item":"https:\/\/tibladin.dk\/"},{"@type":"ListItem","position":2,"name":"Shop","item":"https:\/\/tibladin.dk\/shop\/"},{"@type":"ListItem","position":3,"name":"Kjole ROSA str. M"}]},{"@type":"WebSite","@id":"https:\/\/tibladin.dk\/#website","url":"https:\/\/tibladin.dk\/","name":"Tibladin","description":"Tibladin","publisher":{"@id":"https:\/\/tibladin.dk\/#organization"},"potentialAction":[{"@type":"SearchAction","target":{"@type":"EntryPoint","urlTemplate":"https:\/\/tibladin.dk\/?s={search_term_string}"},"query-input":{"@type":"PropertyValueSpecification","valueRequired":true,"valueName":"search_term_string"}}],"inLanguage":"sv-SE"},{"@type":"Organization","@id":"https:\/\/tibladin.dk\/#organization","name":"Tibladin","url":"https:\/\/tibladin.dk\/","logo":{"@type":"ImageObject","inLanguage":"sv-SE","@id":"https:\/\/tibladin.dk\/#\/schema\/logo\/image\/","url":"https:\/\/tibladin.dk\/wp-content\/uploads\/2022\/09\/tibladin_logo.svg","contentUrl":"https:\/\/tibladin.dk\/wp-content\/uploads\/2022\/09\/tibladin_logo.svg","caption":"Tibladin"},"image":{"@id":"https:\/\/tibladin.dk\/#\/schema\/logo\/image\/"}}]}},"_links":{"self":[{"href":"https:\/\/tibladin.dk\/sv\/wp-json\/wp\/v2\/product\/38251","targetHints":{"allow":["GET"]}}],"collection":[{"href":"https:\/\/tibladin.dk\/sv\/wp-json\/wp\/v2\/product"}],"about":[{"href":"https:\/\/tibladin.dk\/sv\/wp-json\/wp\/v2\/types\/product"}],"wp:featuredmedia":[{"embeddable":true,"href":"https:\/\/tibladin.dk\/sv\/wp-json\/wp\/v2\/media\/38246"}],"wp:attachment":[{"href":"https:\/\/tibladin.dk\/sv\/wp-json\/wp\/v2\/media?parent=38251"}],"wp:term":[{"taxonomy":"product_brand","embeddable":true,"href":"https:\/\/tibladin.dk\/sv\/wp-json\/wp\/v2\/product_brand?post=38251"},{"taxonomy":"product_cat","embeddable":true,"href":"https:\/\/tibladin.dk\/sv\/wp-json\/wp\/v2\/product_cat?post=38251"},{"taxonomy":"product_tag","embeddable":true,"href":"https:\/\/tibladin.dk\/sv\/wp-json\/wp\/v2\/product_tag?post=38251"}],"curies":[{"name":"wp","href":"https:\/\/api.w.org\/{rel}","templated":true}]}}