{"id":38525,"date":"2025-07-16T11:33:51","date_gmt":"2025-07-16T09:33:51","guid":{"rendered":"https:\/\/tibladin.dk\/?post_type=product&#038;p=38525"},"modified":"2025-07-16T16:18:41","modified_gmt":"2025-07-16T14:18:41","slug":"tunika-flora-storlek-m","status":"publish","type":"product","link":"https:\/\/tibladin.dk\/sv\/produkt\/tunika-flora-str-m\/","title":{"rendered":"Tunika FLORA storlek M"},"content":{"rendered":"<div class=\"wpb-content-wrapper\"><div class=\"vc_row wpb_row vc_row-fluid\"><div class=\"wpb_column vc_column_container vc_col-sm-4\"><div class=\"vc_column-inner\"><div class=\"wpb_wrapper\"><\/div><\/div><\/div><div class=\"wpb_column vc_column_container vc_col-sm-4\"><div class=\"vc_column-inner\"><div class=\"wpb_wrapper\"><h3 style=\"text-align: left\" class=\"vc_custom_heading vc_do_custom_heading\" >Underh\u00e5ll<\/h3>\n\t<div class=\"wpb_text_column wpb_content_element\" >\n\t\t<div class=\"wpb_wrapper\">\n\t\t\t<p>Tunikerna \u00e4r gjorda av 100% bomull och kan d\u00e4rf\u00f6r tv\u00e4ttas i maskin i upp till 40 grader. Vi rekommenderar \u00e4ven att \u00e5nga\/stryka tunikorna f\u00f6r att undvika veck och veck.<\/p>\n\n\t\t<\/div>\n\t<\/div>\n<\/div><\/div><\/div><div class=\"wpb_column vc_column_container vc_col-sm-4\"><div class=\"vc_column-inner\"><div class=\"wpb_wrapper\"><h3 style=\"text-align: left\" class=\"vc_custom_heading vc_do_custom_heading\" >Historien bakom<\/h3>\n\t<div class=\"wpb_text_column wpb_content_element\" >\n\t\t<div class=\"wpb_wrapper\">\n\t\t\t<p>Dessa vackra marockanska tunikor \u00e4r handsydda i 100% bomull och utstr\u00e5lar liv och f\u00e4rg. Tunikerna \u00e4r gjorda i samarbete med en designer och skr\u00e4ddare i Marrakech och tillsammans har vi noga valt ut f\u00e4rger, material och m\u00f6nster f\u00f6r varje tunika. D\u00e4rf\u00f6r \u00e4r de ocks\u00e5 helt unika \u2013 det finns bara en av varje, och dessa m\u00f6nster g\u00e5r inte att hitta n\u00e5gon annanstans. Passformen p\u00e5 de vackra tunikorna \u00e4r l\u00f6s och bekv\u00e4m, men samtidigt smickrande och l\u00e4cker. Tunikan kan anv\u00e4ndas b\u00e5de hemma, p\u00e5 kontoret och f\u00f6r en tur till stranden eller terrassen en varm sommardag.<\/p>\n\n\t\t<\/div>\n\t<\/div>\n<\/div><\/div><\/div><\/div>\n<\/div>","protected":false},"excerpt":{"rendered":"<p>Tunikan \u00e4r handsydd i Marocko av 100% bomull med fina r\u00e4nder i rosa, brunt och vitt.<\/p>\n<p>Denna kl\u00e4nning \u00e4r sydd i Marocko av fin, l\u00e4tt bomull med smala rosenr\u00f6da r\u00e4nder, vilket ger ett feminint och fr\u00e4scht uttryck. Den har en avslappnad passform med en mjuk v-ringning, rymliga \u00e4rmar och diskreta sidfickor, s\u00e5 att du kan k\u00e4nna dig fri och funktionell hela dagen l\u00e5ng. Ett s\u00e4rskilt v\u00e4l genomt\u00e4nkt element \u00e4r innerknytningen, som markerar midjan inifr\u00e5n och bevarar ryggens rena uttryck - utan att st\u00f6ra det vackra applikationsmotivet baktill. P\u00e5 ryggen vecklas tv\u00e5 f\u00e4rgglada vingar ut i marinbl\u00e5tt tyg med ett blommigt tryck i gr\u00f6na, r\u00f6da och bl\u00e5 nyanser, inramade av r\u00f6da s\u00f6mmar f\u00f6r extra kontrast och kant. L\u00e4ngst upp sv\u00e4var en liten stj\u00e4rna som en dr\u00f6msk, konstn\u00e4rlig touch.<\/p>\n<p>Handgjord i Marocko i mjuk, andningsbar bomull med fina, mintbl\u00e5 r\u00e4nder som ger ett fr\u00e4scht och elegant utseende. Den klassiska skjortmodellen<\/p>\n<p class=\"p1\">Alla Tibladins tunikor tillverkas i samarbete med en designer och skr\u00e4ddare i Marrakech, och varje design \u00e4r djupt unik.<\/p>\n<p>FLORA: | \u00c4rml\u00e4ngd fr\u00e5n hals: 60 cm | Midja: 62 cm | L\u00e4ngd fram: 97 cm | L\u00e4ngd bak: 103 cm | Halsringning: 19 | Knytning: 158 cm |<\/p>\n<p>&nbsp;<\/p>\n<p>&nbsp;<\/p>","protected":false},"featured_media":38275,"template":"","meta":{"inline_featured_image":false},"product_brand":[],"product_cat":[27,109],"product_tag":[],"class_list":{"0":"post-38525","1":"product","2":"type-product","3":"status-publish","4":"has-post-thumbnail","6":"product_cat-diverse","7":"product_cat-kjoler","9":"first","10":"instock","11":"taxable","12":"shipping-taxable","13":"purchasable","14":"product-type-simple"},"exclude_global_add_ons":false,"addons":[{"name":"Vill du ha presentinslagning?","type":"checkbox","position":0,"required":false,"title_format":"label","default":"","description_enable":false,"description":"","placeholder_enable":false,"placeholder":"","display":"images","restrictions_type":"any_text","adjust_price":false,"price":"","price_type":"flat_fee","restrictions":false,"min":"0","max":"0","options":[{"label":"Ja tak","price":"10","price_type":"flat_fee","image":11015,"visibility":true}],"id":1669646111}],"yoast_head":"<!-- This site is optimized with the Yoast SEO plugin v27.4 - https:\/\/yoast.com\/product\/yoast-seo-wordpress\/ -->\n<title>H\u00e5ndsyet tunika fra Marokko | Rosa, bl\u00e5 &amp; hvide striber | Tibladin |<\/title>\n<meta name=\"description\" content=\"Smuk h\u00e5ndsyede tunika i 100% bomuld. Udviklet i samarbejde med designer og skr\u00e6dder i Marrakech. Hel unik tunika med vinger p\u00e5 ryggen.\" \/>\n<meta name=\"robots\" content=\"index, follow, max-snippet:-1, max-image-preview:large, max-video-preview:-1\" \/>\n<link rel=\"canonical\" href=\"https:\/\/tibladin.dk\/sv\/produkt\/tunika-flora-storlek-m\/\" \/>\n<meta property=\"og:locale\" content=\"sv_SE\" \/>\n<meta property=\"og:type\" content=\"article\" \/>\n<meta property=\"og:title\" content=\"H\u00e5ndsyet tunika fra Marokko | Rosa, bl\u00e5 &amp; hvide striber | Tibladin |\" \/>\n<meta property=\"og:description\" content=\"Smuk h\u00e5ndsyede tunika i 100% bomuld. Udviklet i samarbejde med designer og skr\u00e6dder i Marrakech. Hel unik tunika med vinger p\u00e5 ryggen.\" \/>\n<meta property=\"og:url\" content=\"https:\/\/tibladin.dk\/sv\/produkt\/tunika-flora-storlek-m\/\" \/>\n<meta property=\"og:site_name\" content=\"Tibladin\" \/>\n<meta property=\"article:modified_time\" content=\"2025-07-16T14:18:41+00:00\" \/>\n<meta property=\"og:image\" content=\"https:\/\/tibladin.dk\/wp-content\/uploads\/2025\/07\/Tunika_FLORA_2.jpg\" \/>\n\t<meta property=\"og:image:width\" content=\"800\" \/>\n\t<meta property=\"og:image:height\" content=\"800\" \/>\n\t<meta property=\"og:image:type\" content=\"image\/jpeg\" \/>\n<meta name=\"twitter:card\" content=\"summary_large_image\" \/>\n<meta name=\"twitter:label1\" content=\"Ber\u00e4knad l\u00e4stid\" \/>\n\t<meta name=\"twitter:data1\" content=\"2 minuter\" \/>\n<script type=\"application\/ld+json\" class=\"yoast-schema-graph\">{\"@context\":\"https:\\\/\\\/schema.org\",\"@graph\":[{\"@type\":\"WebPage\",\"@id\":\"https:\\\/\\\/tibladin.dk\\\/produkt\\\/tunika-flora-str-m\\\/\",\"url\":\"https:\\\/\\\/tibladin.dk\\\/produkt\\\/tunika-flora-str-m\\\/\",\"name\":\"H\u00e5ndsyet tunika fra Marokko | Rosa, bl\u00e5 & hvide striber | Tibladin |\",\"isPartOf\":{\"@id\":\"https:\\\/\\\/tibladin.dk\\\/#website\"},\"primaryImageOfPage\":{\"@id\":\"https:\\\/\\\/tibladin.dk\\\/produkt\\\/tunika-flora-str-m\\\/#primaryimage\"},\"image\":{\"@id\":\"https:\\\/\\\/tibladin.dk\\\/produkt\\\/tunika-flora-str-m\\\/#primaryimage\"},\"thumbnailUrl\":\"https:\\\/\\\/tibladin.dk\\\/wp-content\\\/uploads\\\/2025\\\/07\\\/Tunika_FLORA_2.jpg\",\"datePublished\":\"2025-07-16T09:33:51+00:00\",\"dateModified\":\"2025-07-16T14:18:41+00:00\",\"description\":\"Smuk h\u00e5ndsyede tunika i 100% bomuld. Udviklet i samarbejde med designer og skr\u00e6dder i Marrakech. Hel unik tunika med vinger p\u00e5 ryggen.\",\"breadcrumb\":{\"@id\":\"https:\\\/\\\/tibladin.dk\\\/produkt\\\/tunika-flora-str-m\\\/#breadcrumb\"},\"inLanguage\":\"sv-SE\",\"potentialAction\":[{\"@type\":\"ReadAction\",\"target\":[\"https:\\\/\\\/tibladin.dk\\\/produkt\\\/tunika-flora-str-m\\\/\"]}]},{\"@type\":\"ImageObject\",\"inLanguage\":\"sv-SE\",\"@id\":\"https:\\\/\\\/tibladin.dk\\\/produkt\\\/tunika-flora-str-m\\\/#primaryimage\",\"url\":\"https:\\\/\\\/tibladin.dk\\\/wp-content\\\/uploads\\\/2025\\\/07\\\/Tunika_FLORA_2.jpg\",\"contentUrl\":\"https:\\\/\\\/tibladin.dk\\\/wp-content\\\/uploads\\\/2025\\\/07\\\/Tunika_FLORA_2.jpg\",\"width\":800,\"height\":800,\"caption\":\"Tunika FLORA 2\"},{\"@type\":\"BreadcrumbList\",\"@id\":\"https:\\\/\\\/tibladin.dk\\\/produkt\\\/tunika-flora-str-m\\\/#breadcrumb\",\"itemListElement\":[{\"@type\":\"ListItem\",\"position\":1,\"name\":\"Hjem\",\"item\":\"https:\\\/\\\/tibladin.dk\\\/\"},{\"@type\":\"ListItem\",\"position\":2,\"name\":\"Shop\",\"item\":\"https:\\\/\\\/tibladin.dk\\\/shop\\\/\"},{\"@type\":\"ListItem\",\"position\":3,\"name\":\"Tunika FLORA str. M\"}]},{\"@type\":\"WebSite\",\"@id\":\"https:\\\/\\\/tibladin.dk\\\/#website\",\"url\":\"https:\\\/\\\/tibladin.dk\\\/\",\"name\":\"Tibladin\",\"description\":\"Tibladin\",\"publisher\":{\"@id\":\"https:\\\/\\\/tibladin.dk\\\/#organization\"},\"potentialAction\":[{\"@type\":\"SearchAction\",\"target\":{\"@type\":\"EntryPoint\",\"urlTemplate\":\"https:\\\/\\\/tibladin.dk\\\/?s={search_term_string}\"},\"query-input\":{\"@type\":\"PropertyValueSpecification\",\"valueRequired\":true,\"valueName\":\"search_term_string\"}}],\"inLanguage\":\"sv-SE\"},{\"@type\":\"Organization\",\"@id\":\"https:\\\/\\\/tibladin.dk\\\/#organization\",\"name\":\"Tibladin\",\"url\":\"https:\\\/\\\/tibladin.dk\\\/\",\"logo\":{\"@type\":\"ImageObject\",\"inLanguage\":\"sv-SE\",\"@id\":\"https:\\\/\\\/tibladin.dk\\\/#\\\/schema\\\/logo\\\/image\\\/\",\"url\":\"https:\\\/\\\/tibladin.dk\\\/wp-content\\\/uploads\\\/2022\\\/09\\\/tibladin_logo.svg\",\"contentUrl\":\"https:\\\/\\\/tibladin.dk\\\/wp-content\\\/uploads\\\/2022\\\/09\\\/tibladin_logo.svg\",\"caption\":\"Tibladin\"},\"image\":{\"@id\":\"https:\\\/\\\/tibladin.dk\\\/#\\\/schema\\\/logo\\\/image\\\/\"}}]}<\/script>\n<!-- \/ Yoast SEO plugin. -->","yoast_head_json":{"title":"Handsydd tunika fr\u00e5n Marocko | Rosa, bl\u00e5 och vita r\u00e4nder | Tibladin |","description":"Vacker handsydd tunika i 100% bomull. Utvecklad i samarbete med designer och skr\u00e4ddare i Marrakech. Helt unik tunika med vingar p\u00e5 ryggen.","robots":{"index":"index","follow":"follow","max-snippet":"max-snippet:-1","max-image-preview":"max-image-preview:large","max-video-preview":"max-video-preview:-1"},"canonical":"https:\/\/tibladin.dk\/sv\/produkt\/tunika-flora-storlek-m\/","og_locale":"sv_SE","og_type":"article","og_title":"H\u00e5ndsyet tunika fra Marokko | Rosa, bl\u00e5 & hvide striber | Tibladin |","og_description":"Smuk h\u00e5ndsyede tunika i 100% bomuld. Udviklet i samarbejde med designer og skr\u00e6dder i Marrakech. Hel unik tunika med vinger p\u00e5 ryggen.","og_url":"https:\/\/tibladin.dk\/sv\/produkt\/tunika-flora-storlek-m\/","og_site_name":"Tibladin","article_modified_time":"2025-07-16T14:18:41+00:00","og_image":[{"width":800,"height":800,"url":"https:\/\/tibladin.dk\/wp-content\/uploads\/2025\/07\/Tunika_FLORA_2.jpg","type":"image\/jpeg"}],"twitter_card":"summary_large_image","twitter_misc":{"Ber\u00e4knad l\u00e4stid":"2 minuter"},"schema":{"@context":"https:\/\/schema.org","@graph":[{"@type":"WebPage","@id":"https:\/\/tibladin.dk\/produkt\/tunika-flora-str-m\/","url":"https:\/\/tibladin.dk\/produkt\/tunika-flora-str-m\/","name":"Handsydd tunika fr\u00e5n Marocko | Rosa, bl\u00e5 och vita r\u00e4nder | Tibladin |","isPartOf":{"@id":"https:\/\/tibladin.dk\/#website"},"primaryImageOfPage":{"@id":"https:\/\/tibladin.dk\/produkt\/tunika-flora-str-m\/#primaryimage"},"image":{"@id":"https:\/\/tibladin.dk\/produkt\/tunika-flora-str-m\/#primaryimage"},"thumbnailUrl":"https:\/\/tibladin.dk\/wp-content\/uploads\/2025\/07\/Tunika_FLORA_2.jpg","datePublished":"2025-07-16T09:33:51+00:00","dateModified":"2025-07-16T14:18:41+00:00","description":"Vacker handsydd tunika i 100% bomull. Utvecklad i samarbete med designer och skr\u00e4ddare i Marrakech. Helt unik tunika med vingar p\u00e5 ryggen.","breadcrumb":{"@id":"https:\/\/tibladin.dk\/produkt\/tunika-flora-str-m\/#breadcrumb"},"inLanguage":"sv-SE","potentialAction":[{"@type":"ReadAction","target":["https:\/\/tibladin.dk\/produkt\/tunika-flora-str-m\/"]}]},{"@type":"ImageObject","inLanguage":"sv-SE","@id":"https:\/\/tibladin.dk\/produkt\/tunika-flora-str-m\/#primaryimage","url":"https:\/\/tibladin.dk\/wp-content\/uploads\/2025\/07\/Tunika_FLORA_2.jpg","contentUrl":"https:\/\/tibladin.dk\/wp-content\/uploads\/2025\/07\/Tunika_FLORA_2.jpg","width":800,"height":800,"caption":"Tunika FLORA 2"},{"@type":"BreadcrumbList","@id":"https:\/\/tibladin.dk\/produkt\/tunika-flora-str-m\/#breadcrumb","itemListElement":[{"@type":"ListItem","position":1,"name":"Hjem","item":"https:\/\/tibladin.dk\/"},{"@type":"ListItem","position":2,"name":"Shop","item":"https:\/\/tibladin.dk\/shop\/"},{"@type":"ListItem","position":3,"name":"Tunika FLORA str. M"}]},{"@type":"WebSite","@id":"https:\/\/tibladin.dk\/#website","url":"https:\/\/tibladin.dk\/","name":"Tibladin","description":"Tibladin","publisher":{"@id":"https:\/\/tibladin.dk\/#organization"},"potentialAction":[{"@type":"SearchAction","target":{"@type":"EntryPoint","urlTemplate":"https:\/\/tibladin.dk\/?s={search_term_string}"},"query-input":{"@type":"PropertyValueSpecification","valueRequired":true,"valueName":"search_term_string"}}],"inLanguage":"sv-SE"},{"@type":"Organization","@id":"https:\/\/tibladin.dk\/#organization","name":"Tibladin","url":"https:\/\/tibladin.dk\/","logo":{"@type":"ImageObject","inLanguage":"sv-SE","@id":"https:\/\/tibladin.dk\/#\/schema\/logo\/image\/","url":"https:\/\/tibladin.dk\/wp-content\/uploads\/2022\/09\/tibladin_logo.svg","contentUrl":"https:\/\/tibladin.dk\/wp-content\/uploads\/2022\/09\/tibladin_logo.svg","caption":"Tibladin"},"image":{"@id":"https:\/\/tibladin.dk\/#\/schema\/logo\/image\/"}}]}},"_links":{"self":[{"href":"https:\/\/tibladin.dk\/sv\/wp-json\/wp\/v2\/product\/38525","targetHints":{"allow":["GET"]}}],"collection":[{"href":"https:\/\/tibladin.dk\/sv\/wp-json\/wp\/v2\/product"}],"about":[{"href":"https:\/\/tibladin.dk\/sv\/wp-json\/wp\/v2\/types\/product"}],"wp:featuredmedia":[{"embeddable":true,"href":"https:\/\/tibladin.dk\/sv\/wp-json\/wp\/v2\/media\/38275"}],"wp:attachment":[{"href":"https:\/\/tibladin.dk\/sv\/wp-json\/wp\/v2\/media?parent=38525"}],"wp:term":[{"taxonomy":"product_brand","embeddable":true,"href":"https:\/\/tibladin.dk\/sv\/wp-json\/wp\/v2\/product_brand?post=38525"},{"taxonomy":"product_cat","embeddable":true,"href":"https:\/\/tibladin.dk\/sv\/wp-json\/wp\/v2\/product_cat?post=38525"},{"taxonomy":"product_tag","embeddable":true,"href":"https:\/\/tibladin.dk\/sv\/wp-json\/wp\/v2\/product_tag?post=38525"}],"curies":[{"name":"wp","href":"https:\/\/api.w.org\/{rel}","templated":true}]}}