{"id":38532,"date":"2025-07-16T13:07:50","date_gmt":"2025-07-16T11:07:50","guid":{"rendered":"https:\/\/tibladin.dk\/?post_type=product&#038;p=38532"},"modified":"2026-03-13T16:41:06","modified_gmt":"2026-03-13T15:41:06","slug":"marockansk-skala-23-cm-halv-skog","status":"publish","type":"product","link":"https:\/\/tibladin.dk\/sv\/produkt\/marokkanske-skaal-23-cm-half-forest\/","title":{"rendered":"Marockansk sk\u00e5l 23 cm. HALV SKOG"},"content":{"rendered":"<div class=\"wpb-content-wrapper\"><div class=\"vc_row wpb_row vc_row-fluid\"><div class=\"wpb_column vc_column_container vc_col-sm-4\"><div class=\"vc_column-inner\"><div class=\"wpb_wrapper\"><\/div><\/div><\/div><div class=\"wpb_column vc_column_container vc_col-sm-4\"><div class=\"vc_column-inner\"><div class=\"wpb_wrapper\"><h3 style=\"text-align: left\" class=\"vc_custom_heading vc_do_custom_heading\" >Underh\u00e5ll<\/h3>\n\t<div class=\"wpb_text_column wpb_content_element\" >\n\t\t<div class=\"wpb_wrapper\">\n\t\t\t<p>Godk\u00e4nd f\u00f6r livsmedel<\/p>\n\n\t\t<\/div>\n\t<\/div>\n<\/div><\/div><\/div><div class=\"wpb_column vc_column_container vc_col-sm-4\"><div class=\"vc_column-inner\"><div class=\"wpb_wrapper\"><h3 style=\"text-align: left\" class=\"vc_custom_heading vc_do_custom_heading\" >Historien bakom<\/h3>\n\t<div class=\"wpb_text_column wpb_content_element\" >\n\t\t<div class=\"wpb_wrapper\">\n\t\t\t<p>Det finns en stor tradition av keramik i Marocko och n\u00e4r jag arbetar i Marocko uppst\u00e5r m\u00e5nga id\u00e9er till nya designer. Detta \u00e4r en av mina egna skapelser som kom som en id\u00e9 under mina resor. Marockanskt hantverk med en liten marockansk touch.<\/p>\n\n\t\t<\/div>\n\t<\/div>\n<\/div><\/div><\/div><\/div>\n<\/div>","protected":false},"excerpt":{"rendered":"<h3 data-start=\"104\" data-end=\"134\"><strong data-start=\"108\" data-end=\"134\">Sk\u00e5len \u2013 Halvskogen<\/strong><\/h3>\n<p data-start=\"136\" data-end=\"406\">Lys upp ditt bord med denna vackra <em data-start=\"169\" data-end=\"179\">Halvskogen<\/em>-sk\u00e5l \u2013 en handgjord keramiksk\u00e5l med en design som \u00e4r halv skogsgr\u00f6n och halv benvit och utstr\u00e5lar v\u00e4rme och personlighet. Den delade glasyren ger ett modernt, grafiskt utseende och skapar en perfekt ram f\u00f6r vad du \u00e4n serverar.<\/p>\n<p data-start=\"408\" data-end=\"466\">Den djupa formen g\u00f6r den m\u00e5ngsidig och s\u00e4rskilt l\u00e4mplig f\u00f6r:<\/p>\n<ul data-start=\"467\" data-end=\"608\">\n<li data-start=\"467\" data-end=\"492\">\n<p data-start=\"469\" data-end=\"492\">Pasta- och nudelr\u00e4tter<\/p>\n<\/li>\n<li data-start=\"493\" data-end=\"511\">\n<p data-start=\"495\" data-end=\"511\">F\u00e4rska sallader<\/p>\n<\/li>\n<li data-start=\"512\" data-end=\"554\">\n<p data-start=\"514\" data-end=\"554\">Marockansk couscous och tagine<\/p>\n<\/li>\n<li data-start=\"555\" data-end=\"588\">\n<p data-start=\"557\" data-end=\"588\">Risotto eller sm\u00e5 tapasr\u00e4tter<\/p>\n<\/li>\n<li data-start=\"555\" data-end=\"588\">Dhal<\/li>\n<\/ul>\n<p data-start=\"610\" data-end=\"733\">Varje sk\u00e5l \u00e4r unik i sin glasyr och formad med en liten, handgjord oj\u00e4mnhet som bara g\u00f6r den \u00e4nnu vackrare och mer levande.<\/p>\n<p>Sk\u00e5len m\u00e4ter ca 23,5 cm i diameter och ca 9 cm i h\u00f6jd.<\/p>\n<p>Sk\u00e5larna \u00e4r handdrejade och handm\u00e5lade och det kan finnas sm\u00e5 defekter, vilket ger dem en vacker charm.<\/p>","protected":false},"featured_media":38458,"template":"","meta":{"inline_featured_image":false},"product_brand":[],"product_cat":[175,139,148],"product_tag":[],"class_list":{"0":"post-38532","1":"product","2":"type-product","3":"status-publish","4":"has-post-thumbnail","6":"product_cat-driverse-marokkansk-keramik","7":"product_cat-marokkansk-keramik","8":"product_cat-marokkanske-tallerkner","10":"first","11":"instock","12":"taxable","13":"shipping-taxable","14":"purchasable","15":"product-type-simple"},"exclude_global_add_ons":false,"addons":[{"name":"Vill du ha presentinslagning?","type":"checkbox","position":0,"required":false,"title_format":"label","default":"","description_enable":false,"description":"","placeholder_enable":false,"placeholder":"","display":"images","restrictions_type":"any_text","adjust_price":false,"price":"","price_type":"flat_fee","restrictions":false,"min":"0","max":"0","options":[{"label":"Ja tak","price":"10","price_type":"flat_fee","image":11015,"visibility":true}],"id":1669646111}],"yoast_head":"<!-- This site is optimized with the Yoast SEO plugin v27.5 - https:\/\/yoast.com\/product\/yoast-seo-wordpress\/ -->\n<title>Marokkansk sk\u00e5l | H\u00e5ndlavet keramik fra Marokko | Tibladin<\/title>\n<meta name=\"description\" content=\"Smuk m\u00f8rk skovgr\u00f8n og hvid stribet marokkansk sk\u00e5l. HALF FOREST sk\u00e5len er perfekt pastaretter og salater. Den m\u00e5ler 23,5 cm i diameter.\" \/>\n<meta name=\"robots\" content=\"index, follow, max-snippet:-1, max-image-preview:large, max-video-preview:-1\" \/>\n<link rel=\"canonical\" href=\"https:\/\/tibladin.dk\/sv\/produkt\/marockansk-skala-23-cm-halv-skog\/\" \/>\n<meta property=\"og:locale\" content=\"sv_SE\" \/>\n<meta property=\"og:type\" content=\"article\" \/>\n<meta property=\"og:title\" content=\"Marokkansk sk\u00e5l | H\u00e5ndlavet keramik fra Marokko | Tibladin\" \/>\n<meta property=\"og:description\" content=\"Smuk m\u00f8rk skovgr\u00f8n og hvid stribet marokkansk sk\u00e5l. HALF FOREST sk\u00e5len er perfekt pastaretter og salater. Den m\u00e5ler 23,5 cm i diameter.\" \/>\n<meta property=\"og:url\" content=\"https:\/\/tibladin.dk\/sv\/produkt\/marockansk-skala-23-cm-halv-skog\/\" \/>\n<meta property=\"og:site_name\" content=\"Tibladin\" \/>\n<meta property=\"article:modified_time\" content=\"2026-03-13T15:41:06+00:00\" \/>\n<meta property=\"og:image\" content=\"https:\/\/tibladin.dk\/wp-content\/uploads\/2025\/07\/IMG_2060-scaled.jpeg\" \/>\n\t<meta property=\"og:image:width\" content=\"2560\" \/>\n\t<meta property=\"og:image:height\" content=\"2560\" \/>\n\t<meta property=\"og:image:type\" content=\"image\/jpeg\" \/>\n<meta name=\"twitter:card\" content=\"summary_large_image\" \/>\n<meta name=\"twitter:label1\" content=\"Ber\u00e4knad l\u00e4stid\" \/>\n\t<meta name=\"twitter:data1\" content=\"1 minut\" \/>\n<script type=\"application\/ld+json\" class=\"yoast-schema-graph\">{\"@context\":\"https:\\\/\\\/schema.org\",\"@graph\":[{\"@type\":\"WebPage\",\"@id\":\"https:\\\/\\\/tibladin.dk\\\/produkt\\\/marokkanske-skaal-23-cm-half-forest\\\/\",\"url\":\"https:\\\/\\\/tibladin.dk\\\/produkt\\\/marokkanske-skaal-23-cm-half-forest\\\/\",\"name\":\"Marokkansk sk\u00e5l | H\u00e5ndlavet keramik fra Marokko | Tibladin\",\"isPartOf\":{\"@id\":\"https:\\\/\\\/tibladin.dk\\\/#website\"},\"primaryImageOfPage\":{\"@id\":\"https:\\\/\\\/tibladin.dk\\\/produkt\\\/marokkanske-skaal-23-cm-half-forest\\\/#primaryimage\"},\"image\":{\"@id\":\"https:\\\/\\\/tibladin.dk\\\/produkt\\\/marokkanske-skaal-23-cm-half-forest\\\/#primaryimage\"},\"thumbnailUrl\":\"https:\\\/\\\/tibladin.dk\\\/wp-content\\\/uploads\\\/2025\\\/07\\\/IMG_2060-scaled.jpeg\",\"datePublished\":\"2025-07-16T11:07:50+00:00\",\"dateModified\":\"2026-03-13T15:41:06+00:00\",\"description\":\"Smuk m\u00f8rk skovgr\u00f8n og hvid stribet marokkansk sk\u00e5l. HALF FOREST sk\u00e5len er perfekt pastaretter og salater. Den m\u00e5ler 23,5 cm i diameter.\",\"breadcrumb\":{\"@id\":\"https:\\\/\\\/tibladin.dk\\\/produkt\\\/marokkanske-skaal-23-cm-half-forest\\\/#breadcrumb\"},\"inLanguage\":\"sv-SE\",\"potentialAction\":[{\"@type\":\"ReadAction\",\"target\":[\"https:\\\/\\\/tibladin.dk\\\/produkt\\\/marokkanske-skaal-23-cm-half-forest\\\/\"]}]},{\"@type\":\"ImageObject\",\"inLanguage\":\"sv-SE\",\"@id\":\"https:\\\/\\\/tibladin.dk\\\/produkt\\\/marokkanske-skaal-23-cm-half-forest\\\/#primaryimage\",\"url\":\"https:\\\/\\\/tibladin.dk\\\/wp-content\\\/uploads\\\/2025\\\/07\\\/IMG_2060-scaled.jpeg\",\"contentUrl\":\"https:\\\/\\\/tibladin.dk\\\/wp-content\\\/uploads\\\/2025\\\/07\\\/IMG_2060-scaled.jpeg\",\"width\":2560,\"height\":2560,\"caption\":\"half forest 4\"},{\"@type\":\"BreadcrumbList\",\"@id\":\"https:\\\/\\\/tibladin.dk\\\/produkt\\\/marokkanske-skaal-23-cm-half-forest\\\/#breadcrumb\",\"itemListElement\":[{\"@type\":\"ListItem\",\"position\":1,\"name\":\"Hjem\",\"item\":\"https:\\\/\\\/tibladin.dk\\\/\"},{\"@type\":\"ListItem\",\"position\":2,\"name\":\"Shop\",\"item\":\"https:\\\/\\\/tibladin.dk\\\/shop\\\/\"},{\"@type\":\"ListItem\",\"position\":3,\"name\":\"Marokkanske sk\u00e5l 23 cm. HALF FOREST\"}]},{\"@type\":\"WebSite\",\"@id\":\"https:\\\/\\\/tibladin.dk\\\/#website\",\"url\":\"https:\\\/\\\/tibladin.dk\\\/\",\"name\":\"Tibladin\",\"description\":\"Tibladin\",\"publisher\":{\"@id\":\"https:\\\/\\\/tibladin.dk\\\/#organization\"},\"potentialAction\":[{\"@type\":\"SearchAction\",\"target\":{\"@type\":\"EntryPoint\",\"urlTemplate\":\"https:\\\/\\\/tibladin.dk\\\/?s={search_term_string}\"},\"query-input\":{\"@type\":\"PropertyValueSpecification\",\"valueRequired\":true,\"valueName\":\"search_term_string\"}}],\"inLanguage\":\"sv-SE\"},{\"@type\":\"Organization\",\"@id\":\"https:\\\/\\\/tibladin.dk\\\/#organization\",\"name\":\"Tibladin\",\"url\":\"https:\\\/\\\/tibladin.dk\\\/\",\"logo\":{\"@type\":\"ImageObject\",\"inLanguage\":\"sv-SE\",\"@id\":\"https:\\\/\\\/tibladin.dk\\\/#\\\/schema\\\/logo\\\/image\\\/\",\"url\":\"https:\\\/\\\/tibladin.dk\\\/wp-content\\\/uploads\\\/2022\\\/09\\\/tibladin_logo.svg\",\"contentUrl\":\"https:\\\/\\\/tibladin.dk\\\/wp-content\\\/uploads\\\/2022\\\/09\\\/tibladin_logo.svg\",\"caption\":\"Tibladin\"},\"image\":{\"@id\":\"https:\\\/\\\/tibladin.dk\\\/#\\\/schema\\\/logo\\\/image\\\/\"}}]}<\/script>\n<!-- \/ Yoast SEO plugin. -->","yoast_head_json":{"title":"Marockansk sk\u00e5l | Handgjord keramik fr\u00e5n Marocko | Tibladin","description":"Vacker marockansk sk\u00e5l i m\u00f6rk skogsgr\u00f6n och vit randig. HALF FOREST-sk\u00e5len \u00e4r perfekt f\u00f6r pastar\u00e4tter och sallader. Den m\u00e4ter 23,5 cm i diameter.","robots":{"index":"index","follow":"follow","max-snippet":"max-snippet:-1","max-image-preview":"max-image-preview:large","max-video-preview":"max-video-preview:-1"},"canonical":"https:\/\/tibladin.dk\/sv\/produkt\/marockansk-skala-23-cm-halv-skog\/","og_locale":"sv_SE","og_type":"article","og_title":"Marokkansk sk\u00e5l | H\u00e5ndlavet keramik fra Marokko | Tibladin","og_description":"Smuk m\u00f8rk skovgr\u00f8n og hvid stribet marokkansk sk\u00e5l. HALF FOREST sk\u00e5len er perfekt pastaretter og salater. Den m\u00e5ler 23,5 cm i diameter.","og_url":"https:\/\/tibladin.dk\/sv\/produkt\/marockansk-skala-23-cm-halv-skog\/","og_site_name":"Tibladin","article_modified_time":"2026-03-13T15:41:06+00:00","og_image":[{"width":2560,"height":2560,"url":"https:\/\/tibladin.dk\/wp-content\/uploads\/2025\/07\/IMG_2060-scaled.jpeg","type":"image\/jpeg"}],"twitter_card":"summary_large_image","twitter_misc":{"Ber\u00e4knad l\u00e4stid":"1 minut"},"schema":{"@context":"https:\/\/schema.org","@graph":[{"@type":"WebPage","@id":"https:\/\/tibladin.dk\/produkt\/marokkanske-skaal-23-cm-half-forest\/","url":"https:\/\/tibladin.dk\/produkt\/marokkanske-skaal-23-cm-half-forest\/","name":"Marockansk sk\u00e5l | Handgjord keramik fr\u00e5n Marocko | Tibladin","isPartOf":{"@id":"https:\/\/tibladin.dk\/#website"},"primaryImageOfPage":{"@id":"https:\/\/tibladin.dk\/produkt\/marokkanske-skaal-23-cm-half-forest\/#primaryimage"},"image":{"@id":"https:\/\/tibladin.dk\/produkt\/marokkanske-skaal-23-cm-half-forest\/#primaryimage"},"thumbnailUrl":"https:\/\/tibladin.dk\/wp-content\/uploads\/2025\/07\/IMG_2060-scaled.jpeg","datePublished":"2025-07-16T11:07:50+00:00","dateModified":"2026-03-13T15:41:06+00:00","description":"Vacker marockansk sk\u00e5l i m\u00f6rk skogsgr\u00f6n och vit randig. HALF FOREST-sk\u00e5len \u00e4r perfekt f\u00f6r pastar\u00e4tter och sallader. Den m\u00e4ter 23,5 cm i diameter.","breadcrumb":{"@id":"https:\/\/tibladin.dk\/produkt\/marokkanske-skaal-23-cm-half-forest\/#breadcrumb"},"inLanguage":"sv-SE","potentialAction":[{"@type":"ReadAction","target":["https:\/\/tibladin.dk\/produkt\/marokkanske-skaal-23-cm-half-forest\/"]}]},{"@type":"ImageObject","inLanguage":"sv-SE","@id":"https:\/\/tibladin.dk\/produkt\/marokkanske-skaal-23-cm-half-forest\/#primaryimage","url":"https:\/\/tibladin.dk\/wp-content\/uploads\/2025\/07\/IMG_2060-scaled.jpeg","contentUrl":"https:\/\/tibladin.dk\/wp-content\/uploads\/2025\/07\/IMG_2060-scaled.jpeg","width":2560,"height":2560,"caption":"half forest 4"},{"@type":"BreadcrumbList","@id":"https:\/\/tibladin.dk\/produkt\/marokkanske-skaal-23-cm-half-forest\/#breadcrumb","itemListElement":[{"@type":"ListItem","position":1,"name":"Hjem","item":"https:\/\/tibladin.dk\/"},{"@type":"ListItem","position":2,"name":"Shop","item":"https:\/\/tibladin.dk\/shop\/"},{"@type":"ListItem","position":3,"name":"Marokkanske sk\u00e5l 23 cm. HALF FOREST"}]},{"@type":"WebSite","@id":"https:\/\/tibladin.dk\/#website","url":"https:\/\/tibladin.dk\/","name":"Tibladin","description":"Tibladin","publisher":{"@id":"https:\/\/tibladin.dk\/#organization"},"potentialAction":[{"@type":"SearchAction","target":{"@type":"EntryPoint","urlTemplate":"https:\/\/tibladin.dk\/?s={search_term_string}"},"query-input":{"@type":"PropertyValueSpecification","valueRequired":true,"valueName":"search_term_string"}}],"inLanguage":"sv-SE"},{"@type":"Organization","@id":"https:\/\/tibladin.dk\/#organization","name":"Tibladin","url":"https:\/\/tibladin.dk\/","logo":{"@type":"ImageObject","inLanguage":"sv-SE","@id":"https:\/\/tibladin.dk\/#\/schema\/logo\/image\/","url":"https:\/\/tibladin.dk\/wp-content\/uploads\/2022\/09\/tibladin_logo.svg","contentUrl":"https:\/\/tibladin.dk\/wp-content\/uploads\/2022\/09\/tibladin_logo.svg","caption":"Tibladin"},"image":{"@id":"https:\/\/tibladin.dk\/#\/schema\/logo\/image\/"}}]}},"_links":{"self":[{"href":"https:\/\/tibladin.dk\/sv\/wp-json\/wp\/v2\/product\/38532","targetHints":{"allow":["GET"]}}],"collection":[{"href":"https:\/\/tibladin.dk\/sv\/wp-json\/wp\/v2\/product"}],"about":[{"href":"https:\/\/tibladin.dk\/sv\/wp-json\/wp\/v2\/types\/product"}],"wp:featuredmedia":[{"embeddable":true,"href":"https:\/\/tibladin.dk\/sv\/wp-json\/wp\/v2\/media\/38458"}],"wp:attachment":[{"href":"https:\/\/tibladin.dk\/sv\/wp-json\/wp\/v2\/media?parent=38532"}],"wp:term":[{"taxonomy":"product_brand","embeddable":true,"href":"https:\/\/tibladin.dk\/sv\/wp-json\/wp\/v2\/product_brand?post=38532"},{"taxonomy":"product_cat","embeddable":true,"href":"https:\/\/tibladin.dk\/sv\/wp-json\/wp\/v2\/product_cat?post=38532"},{"taxonomy":"product_tag","embeddable":true,"href":"https:\/\/tibladin.dk\/sv\/wp-json\/wp\/v2\/product_tag?post=38532"}],"curies":[{"name":"wp","href":"https:\/\/api.w.org\/{rel}","templated":true}]}}