{"id":40257,"date":"2025-10-02T15:30:02","date_gmt":"2025-10-02T13:30:02","guid":{"rendered":"https:\/\/tibladin.dk\/?post_type=product&#038;p=40257"},"modified":"2025-10-02T15:37:43","modified_gmt":"2025-10-02T13:37:43","slug":"liten-marockansk-rottinglampa-nomadskarmar","status":"publish","type":"product","link":"https:\/\/tibladin.dk\/sv\/produkt\/lille-marokkansk-flet-lampe-nomade-shades\/","title":{"rendered":"Liten marockansk rottinglampa \u2013 NOMADE SHADES"},"content":{"rendered":"<div class=\"wpb-content-wrapper\"><div class=\"vc_row wpb_row vc_row-fluid\"><div class=\"wpb_column vc_column_container vc_col-sm-4\"><div class=\"vc_column-inner\"><div class=\"wpb_wrapper\"><\/div><\/div><\/div><div class=\"wpb_column vc_column_container vc_col-sm-4\"><div class=\"vc_column-inner\"><div class=\"wpb_wrapper\"><h3 style=\"text-align: left\" class=\"vc_custom_heading vc_do_custom_heading\" >Underh\u00e5ll<\/h3>\n\t<div class=\"wpb_text_column wpb_content_element\" >\n\t\t<div class=\"wpb_wrapper\">\n\t\t\t<p>Torka av med en dammtrasa.<\/p>\n<p>Lamporna \u00e4r handgjorda, och det finns sm\u00e5 brister samt sm\u00e5 skillnader i form och m\u00f6nster.<\/p>\n\n\t\t<\/div>\n\t<\/div>\n<\/div><\/div><\/div><div class=\"wpb_column vc_column_container vc_col-sm-4\"><div class=\"vc_column-inner\"><div class=\"wpb_wrapper\"><h3 style=\"text-align: left\" class=\"vc_custom_heading vc_do_custom_heading\" >Historien bakom<\/h3>\n\t<div class=\"wpb_text_column wpb_content_element\" >\n\t\t<div class=\"wpb_wrapper\">\n\t\t\t<p>Raffia-lampor\/korglampor har kommit fram igen inom inredning. De ger en snygg bohemisk look och en mysig och avslappnad atmosf\u00e4r.<\/p>\n<p>Lampor fr\u00e5n Marocko ger en unik touch till din inredning och ger ett dekorativt ljus.<\/p>\n<p>Lamporna \u00e4r handgjorda och det kommer att finnas sm\u00e5 brister och skillnader i m\u00f6nster och form.<\/p>\n\n\t\t<\/div>\n\t<\/div>\n<\/div><\/div><\/div><\/div>\n<\/div>","protected":false},"excerpt":{"rendered":"<p data-start=\"92\" data-end=\"405\"><strong>Nomade Sk\u00e4rm 20 cm i diameter<\/strong>\u00a0\u00e4r en handv\u00e4vd lampsk\u00e4rm tillverkad av naturmaterial som ger ditt hem ett rustikt och autentiskt utseende. Den \u00e4r tillverkad av traditionellt rottingarbete \u2013 espartogr\u00e4s, ett naturmaterial som v\u00e4xer vilt i Nordafrika \u2013 s\u00e4rskilt i Marocko.<\/p>\n<p data-start=\"407\" data-end=\"630\">Perfekt f\u00f6r dig som vill ha ett unikt och naturligt element ovanf\u00f6r matbordet, i vardagsrummet eller p\u00e5 terrassen under tak. N\u00e4r lampan t\u00e4nds filtrerar rottingarbetet ljuset p\u00e5 ett st\u00e4mningsfullt s\u00e4tt, vilket skapar v\u00e4rme och mysighet i rummet.<\/p>\n<p data-start=\"632\" data-end=\"728\">\ud83d\udc49 Obs: Uttag och kabel ing\u00e5r ej \u2013 sk\u00e4rmen f\u00e4sts enkelt i ett befintligt uttag.<\/p>\n<p data-start=\"0\" data-end=\"120\">\n<p data-start=\"122\" data-end=\"297\">\n<p>&nbsp;<\/p>\n<p>&nbsp;<\/p>\n<p>&nbsp;<\/p>","protected":false},"featured_media":40234,"template":"","meta":{"inline_featured_image":false},"product_brand":[],"product_cat":[67,69],"product_tag":[],"class_list":{"0":"post-40257","1":"product","2":"type-product","3":"status-publish","4":"has-post-thumbnail","6":"product_cat-lamper","7":"product_cat-rafia-lamper","9":"first","10":"instock","11":"taxable","12":"shipping-taxable","13":"purchasable","14":"product-type-simple"},"exclude_global_add_ons":false,"addons":[{"name":"Vill du ha presentinslagning?","type":"checkbox","position":0,"required":false,"title_format":"label","default":"","description_enable":false,"description":"","placeholder_enable":false,"placeholder":"","display":"images","restrictions_type":"any_text","adjust_price":false,"price":"","price_type":"flat_fee","restrictions":false,"min":"0","max":"0","options":[{"label":"Ja tak","price":"10","price_type":"flat_fee","image":11015,"visibility":true}],"id":1669646111}],"yoast_head":"<!-- This site is optimized with the Yoast SEO plugin v27.4 - https:\/\/yoast.com\/product\/yoast-seo-wordpress\/ -->\n<title>Marokkansk pendel-lampe i rafia | H\u00e5ndlavet i Marrakech | Tibladin<\/title>\n<meta name=\"description\" content=\"Flot marokkansk lampe i rafia kurveflet. Giver et hyggeligt og afslappet boheme look til din boligindretning \u21d2 Se den her!\" \/>\n<meta name=\"robots\" content=\"index, follow, max-snippet:-1, max-image-preview:large, max-video-preview:-1\" \/>\n<link rel=\"canonical\" href=\"https:\/\/tibladin.dk\/sv\/produkt\/liten-marockansk-rottinglampa-nomadskarmar\/\" \/>\n<meta property=\"og:locale\" content=\"sv_SE\" \/>\n<meta property=\"og:type\" content=\"article\" \/>\n<meta property=\"og:title\" content=\"Marokkansk pendel-lampe i rafia | H\u00e5ndlavet i Marrakech | Tibladin\" \/>\n<meta property=\"og:description\" content=\"Flot marokkansk lampe i rafia kurveflet. Giver et hyggeligt og afslappet boheme look til din boligindretning \u21d2 Se den her!\" \/>\n<meta property=\"og:url\" content=\"https:\/\/tibladin.dk\/sv\/produkt\/liten-marockansk-rottinglampa-nomadskarmar\/\" \/>\n<meta property=\"og:site_name\" content=\"Tibladin\" \/>\n<meta property=\"article:modified_time\" content=\"2025-10-02T13:37:43+00:00\" \/>\n<meta property=\"og:image\" content=\"https:\/\/tibladin.dk\/wp-content\/uploads\/2025\/10\/Nomade-shades_lampeskaerm_1.jpg\" \/>\n\t<meta property=\"og:image:width\" content=\"800\" \/>\n\t<meta property=\"og:image:height\" content=\"800\" \/>\n\t<meta property=\"og:image:type\" content=\"image\/jpeg\" \/>\n<meta name=\"twitter:card\" content=\"summary_large_image\" \/>\n<meta name=\"twitter:label1\" content=\"Ber\u00e4knad l\u00e4stid\" \/>\n\t<meta name=\"twitter:data1\" content=\"2 minuter\" \/>\n<script type=\"application\/ld+json\" class=\"yoast-schema-graph\">{\"@context\":\"https:\\\/\\\/schema.org\",\"@graph\":[{\"@type\":\"WebPage\",\"@id\":\"https:\\\/\\\/tibladin.dk\\\/produkt\\\/lille-marokkansk-flet-lampe-nomade-shades\\\/\",\"url\":\"https:\\\/\\\/tibladin.dk\\\/produkt\\\/lille-marokkansk-flet-lampe-nomade-shades\\\/\",\"name\":\"Marokkansk pendel-lampe i rafia | H\u00e5ndlavet i Marrakech | Tibladin\",\"isPartOf\":{\"@id\":\"https:\\\/\\\/tibladin.dk\\\/#website\"},\"primaryImageOfPage\":{\"@id\":\"https:\\\/\\\/tibladin.dk\\\/produkt\\\/lille-marokkansk-flet-lampe-nomade-shades\\\/#primaryimage\"},\"image\":{\"@id\":\"https:\\\/\\\/tibladin.dk\\\/produkt\\\/lille-marokkansk-flet-lampe-nomade-shades\\\/#primaryimage\"},\"thumbnailUrl\":\"https:\\\/\\\/tibladin.dk\\\/wp-content\\\/uploads\\\/2025\\\/10\\\/Nomade-shades_lampeskaerm_1.jpg\",\"datePublished\":\"2025-10-02T13:30:02+00:00\",\"dateModified\":\"2025-10-02T13:37:43+00:00\",\"description\":\"Flot marokkansk lampe i rafia kurveflet. Giver et hyggeligt og afslappet boheme look til din boligindretning \u21d2 Se den her!\",\"breadcrumb\":{\"@id\":\"https:\\\/\\\/tibladin.dk\\\/produkt\\\/lille-marokkansk-flet-lampe-nomade-shades\\\/#breadcrumb\"},\"inLanguage\":\"sv-SE\",\"potentialAction\":[{\"@type\":\"ReadAction\",\"target\":[\"https:\\\/\\\/tibladin.dk\\\/produkt\\\/lille-marokkansk-flet-lampe-nomade-shades\\\/\"]}]},{\"@type\":\"ImageObject\",\"inLanguage\":\"sv-SE\",\"@id\":\"https:\\\/\\\/tibladin.dk\\\/produkt\\\/lille-marokkansk-flet-lampe-nomade-shades\\\/#primaryimage\",\"url\":\"https:\\\/\\\/tibladin.dk\\\/wp-content\\\/uploads\\\/2025\\\/10\\\/Nomade-shades_lampeskaerm_1.jpg\",\"contentUrl\":\"https:\\\/\\\/tibladin.dk\\\/wp-content\\\/uploads\\\/2025\\\/10\\\/Nomade-shades_lampeskaerm_1.jpg\",\"width\":800,\"height\":800,\"caption\":\"lille bohemelampe NOMADE SHADES 20 cm i diameter\"},{\"@type\":\"BreadcrumbList\",\"@id\":\"https:\\\/\\\/tibladin.dk\\\/produkt\\\/lille-marokkansk-flet-lampe-nomade-shades\\\/#breadcrumb\",\"itemListElement\":[{\"@type\":\"ListItem\",\"position\":1,\"name\":\"Hjem\",\"item\":\"https:\\\/\\\/tibladin.dk\\\/\"},{\"@type\":\"ListItem\",\"position\":2,\"name\":\"Shop\",\"item\":\"https:\\\/\\\/tibladin.dk\\\/shop\\\/\"},{\"@type\":\"ListItem\",\"position\":3,\"name\":\"Lille marokkansk flet lampe &#8211; NOMADE SHADES\"}]},{\"@type\":\"WebSite\",\"@id\":\"https:\\\/\\\/tibladin.dk\\\/#website\",\"url\":\"https:\\\/\\\/tibladin.dk\\\/\",\"name\":\"Tibladin\",\"description\":\"Tibladin\",\"publisher\":{\"@id\":\"https:\\\/\\\/tibladin.dk\\\/#organization\"},\"potentialAction\":[{\"@type\":\"SearchAction\",\"target\":{\"@type\":\"EntryPoint\",\"urlTemplate\":\"https:\\\/\\\/tibladin.dk\\\/?s={search_term_string}\"},\"query-input\":{\"@type\":\"PropertyValueSpecification\",\"valueRequired\":true,\"valueName\":\"search_term_string\"}}],\"inLanguage\":\"sv-SE\"},{\"@type\":\"Organization\",\"@id\":\"https:\\\/\\\/tibladin.dk\\\/#organization\",\"name\":\"Tibladin\",\"url\":\"https:\\\/\\\/tibladin.dk\\\/\",\"logo\":{\"@type\":\"ImageObject\",\"inLanguage\":\"sv-SE\",\"@id\":\"https:\\\/\\\/tibladin.dk\\\/#\\\/schema\\\/logo\\\/image\\\/\",\"url\":\"https:\\\/\\\/tibladin.dk\\\/wp-content\\\/uploads\\\/2022\\\/09\\\/tibladin_logo.svg\",\"contentUrl\":\"https:\\\/\\\/tibladin.dk\\\/wp-content\\\/uploads\\\/2022\\\/09\\\/tibladin_logo.svg\",\"caption\":\"Tibladin\"},\"image\":{\"@id\":\"https:\\\/\\\/tibladin.dk\\\/#\\\/schema\\\/logo\\\/image\\\/\"}}]}<\/script>\n<!-- \/ Yoast SEO plugin. -->","yoast_head_json":{"title":"Marockansk taklampa i raffia | Handgjorda i Marrakech | Tibladin","description":"Fin marockansk lampa i raffia fl\u00e4tad. Ger en mysig och avslappnad bohemisk look till din inredning \u21d2 Se den h\u00e4r!","robots":{"index":"index","follow":"follow","max-snippet":"max-snippet:-1","max-image-preview":"max-image-preview:large","max-video-preview":"max-video-preview:-1"},"canonical":"https:\/\/tibladin.dk\/sv\/produkt\/liten-marockansk-rottinglampa-nomadskarmar\/","og_locale":"sv_SE","og_type":"article","og_title":"Marokkansk pendel-lampe i rafia | H\u00e5ndlavet i Marrakech | Tibladin","og_description":"Flot marokkansk lampe i rafia kurveflet. Giver et hyggeligt og afslappet boheme look til din boligindretning \u21d2 Se den her!","og_url":"https:\/\/tibladin.dk\/sv\/produkt\/liten-marockansk-rottinglampa-nomadskarmar\/","og_site_name":"Tibladin","article_modified_time":"2025-10-02T13:37:43+00:00","og_image":[{"width":800,"height":800,"url":"https:\/\/tibladin.dk\/wp-content\/uploads\/2025\/10\/Nomade-shades_lampeskaerm_1.jpg","type":"image\/jpeg"}],"twitter_card":"summary_large_image","twitter_misc":{"Ber\u00e4knad l\u00e4stid":"2 minuter"},"schema":{"@context":"https:\/\/schema.org","@graph":[{"@type":"WebPage","@id":"https:\/\/tibladin.dk\/produkt\/lille-marokkansk-flet-lampe-nomade-shades\/","url":"https:\/\/tibladin.dk\/produkt\/lille-marokkansk-flet-lampe-nomade-shades\/","name":"Marockansk taklampa i raffia | Handgjorda i Marrakech | Tibladin","isPartOf":{"@id":"https:\/\/tibladin.dk\/#website"},"primaryImageOfPage":{"@id":"https:\/\/tibladin.dk\/produkt\/lille-marokkansk-flet-lampe-nomade-shades\/#primaryimage"},"image":{"@id":"https:\/\/tibladin.dk\/produkt\/lille-marokkansk-flet-lampe-nomade-shades\/#primaryimage"},"thumbnailUrl":"https:\/\/tibladin.dk\/wp-content\/uploads\/2025\/10\/Nomade-shades_lampeskaerm_1.jpg","datePublished":"2025-10-02T13:30:02+00:00","dateModified":"2025-10-02T13:37:43+00:00","description":"Fin marockansk lampa i raffia fl\u00e4tad. Ger en mysig och avslappnad bohemisk look till din inredning \u21d2 Se den h\u00e4r!","breadcrumb":{"@id":"https:\/\/tibladin.dk\/produkt\/lille-marokkansk-flet-lampe-nomade-shades\/#breadcrumb"},"inLanguage":"sv-SE","potentialAction":[{"@type":"ReadAction","target":["https:\/\/tibladin.dk\/produkt\/lille-marokkansk-flet-lampe-nomade-shades\/"]}]},{"@type":"ImageObject","inLanguage":"sv-SE","@id":"https:\/\/tibladin.dk\/produkt\/lille-marokkansk-flet-lampe-nomade-shades\/#primaryimage","url":"https:\/\/tibladin.dk\/wp-content\/uploads\/2025\/10\/Nomade-shades_lampeskaerm_1.jpg","contentUrl":"https:\/\/tibladin.dk\/wp-content\/uploads\/2025\/10\/Nomade-shades_lampeskaerm_1.jpg","width":800,"height":800,"caption":"lille bohemelampe NOMADE SHADES 20 cm i diameter"},{"@type":"BreadcrumbList","@id":"https:\/\/tibladin.dk\/produkt\/lille-marokkansk-flet-lampe-nomade-shades\/#breadcrumb","itemListElement":[{"@type":"ListItem","position":1,"name":"Hjem","item":"https:\/\/tibladin.dk\/"},{"@type":"ListItem","position":2,"name":"Shop","item":"https:\/\/tibladin.dk\/shop\/"},{"@type":"ListItem","position":3,"name":"Lille marokkansk flet lampe &#8211; NOMADE SHADES"}]},{"@type":"WebSite","@id":"https:\/\/tibladin.dk\/#website","url":"https:\/\/tibladin.dk\/","name":"Tibladin","description":"Tibladin","publisher":{"@id":"https:\/\/tibladin.dk\/#organization"},"potentialAction":[{"@type":"SearchAction","target":{"@type":"EntryPoint","urlTemplate":"https:\/\/tibladin.dk\/?s={search_term_string}"},"query-input":{"@type":"PropertyValueSpecification","valueRequired":true,"valueName":"search_term_string"}}],"inLanguage":"sv-SE"},{"@type":"Organization","@id":"https:\/\/tibladin.dk\/#organization","name":"Tibladin","url":"https:\/\/tibladin.dk\/","logo":{"@type":"ImageObject","inLanguage":"sv-SE","@id":"https:\/\/tibladin.dk\/#\/schema\/logo\/image\/","url":"https:\/\/tibladin.dk\/wp-content\/uploads\/2022\/09\/tibladin_logo.svg","contentUrl":"https:\/\/tibladin.dk\/wp-content\/uploads\/2022\/09\/tibladin_logo.svg","caption":"Tibladin"},"image":{"@id":"https:\/\/tibladin.dk\/#\/schema\/logo\/image\/"}}]}},"_links":{"self":[{"href":"https:\/\/tibladin.dk\/sv\/wp-json\/wp\/v2\/product\/40257","targetHints":{"allow":["GET"]}}],"collection":[{"href":"https:\/\/tibladin.dk\/sv\/wp-json\/wp\/v2\/product"}],"about":[{"href":"https:\/\/tibladin.dk\/sv\/wp-json\/wp\/v2\/types\/product"}],"wp:featuredmedia":[{"embeddable":true,"href":"https:\/\/tibladin.dk\/sv\/wp-json\/wp\/v2\/media\/40234"}],"wp:attachment":[{"href":"https:\/\/tibladin.dk\/sv\/wp-json\/wp\/v2\/media?parent=40257"}],"wp:term":[{"taxonomy":"product_brand","embeddable":true,"href":"https:\/\/tibladin.dk\/sv\/wp-json\/wp\/v2\/product_brand?post=40257"},{"taxonomy":"product_cat","embeddable":true,"href":"https:\/\/tibladin.dk\/sv\/wp-json\/wp\/v2\/product_cat?post=40257"},{"taxonomy":"product_tag","embeddable":true,"href":"https:\/\/tibladin.dk\/sv\/wp-json\/wp\/v2\/product_tag?post=40257"}],"curies":[{"name":"wp","href":"https:\/\/api.w.org\/{rel}","templated":true}]}}