{"id":40326,"date":"2025-10-03T13:22:16","date_gmt":"2025-10-03T11:22:16","guid":{"rendered":"https:\/\/tibladin.dk\/?post_type=product&#038;p=40326"},"modified":"2025-10-03T13:31:16","modified_gmt":"2025-10-03T11:31:16","slug":"marockansk-virkad-lampa-beige-sahara-lampa","status":"publish","type":"product","link":"https:\/\/tibladin.dk\/sv\/produkt\/marokkanske-haeklet-lampe-beige-sahara-light\/","title":{"rendered":"Marockansk virkad lampa \u2013 BEIGE \u2013 SAHARA LIGHT"},"content":{"rendered":"<div class=\"wpb-content-wrapper\"><div class=\"vc_row wpb_row vc_row-fluid\"><div class=\"wpb_column vc_column_container vc_col-sm-4\"><div class=\"vc_column-inner\"><div class=\"wpb_wrapper\"><\/div><\/div><\/div><div class=\"wpb_column vc_column_container vc_col-sm-4\"><div class=\"vc_column-inner\"><div class=\"wpb_wrapper\"><h3 style=\"text-align: left\" class=\"vc_custom_heading vc_do_custom_heading\" >Underh\u00e5ll<\/h3>\n\t<div class=\"wpb_text_column wpb_content_element\" >\n\t\t<div class=\"wpb_wrapper\">\n\t\t\t<p>Damm\/reng\u00f6r regelbundet med en dammvippa.<\/p>\n<p>Du kan ocks\u00e5 anv\u00e4nda en luddrulle eller en handdammsugare med ett m\u00f6belmunstycke. De kan ocks\u00e5 torkas av med en l\u00e4tt fuktig trasa efter att dammet har avl\u00e4gsnats med n\u00e5gon av metoderna ovan.<\/p>\n<p>Lamporna \u00e4r handgjorda, och det finns sm\u00e5 brister samt sm\u00e5 skillnader i form och m\u00f6nster.<\/p>\n\n\t\t<\/div>\n\t<\/div>\n<\/div><\/div><\/div><div class=\"wpb_column vc_column_container vc_col-sm-4\"><div class=\"vc_column-inner\"><div class=\"wpb_wrapper\"><h3 style=\"text-align: left\" class=\"vc_custom_heading vc_do_custom_heading\" >Historien bakom<\/h3>\n\t<div class=\"wpb_text_column wpb_content_element\" >\n\t\t<div class=\"wpb_wrapper\">\n\t\t\t<p>Lamporna \u00e4r handgjorda av kvinnor i ett kvinnokooperativ s\u00f6der om Marrakech.<\/p>\n<p>Kvinnokooperativet syssels\u00e4tter 160 kvinnor och bidrar d\u00e4rmed till att h\u00f6ja levnadsstandarden f\u00f6r m\u00e5nga familjer i den lilla byn. En skola och dagis har inr\u00e4ttats f\u00f6r kvinnornas barn, s\u00e5 att barnen kan f\u00e5 utbildning och syssels\u00e4ttas medan mammorna arbetar. Det hj\u00e4lper levnadsstandarden f\u00f6r de m\u00e5nga familjerna i den lilla byn.<\/p>\n\n\t\t<\/div>\n\t<\/div>\n<\/div><\/div><\/div><\/div>\n<\/div>","protected":false},"excerpt":{"rendered":"<p><strong>SAHARA LAMPA i BEIGE \u00d840 cm. H:90 cm<\/strong><\/p>\n<p>Sahara Light \u00e4r en skulptural lampa som med sitt handvirkade m\u00f6nster och mjuka, sandf\u00e4rgade nyanser frammanar \u00f6knens lugna linjer och former. Den eleganta, organiska silhuetten p\u00e5minner om marockanska arkitektoniska kupoler och traditionella ornament \u2013 en blandning av kulturarv och modern enkelhet.<\/p>\n<p>Varje lampa \u00e4r noggrant handgjord av kvinnor i ett marockanskt kooperativ, k\u00e4nt f\u00f6r sitt uts\u00f6kta hantverk och noggrannhet i detaljer. Genom att k\u00f6pa Sahara Light st\u00f6der du samtidigt kvinnors villkor och skapar utrymme f\u00f6r utveckling och nya m\u00f6jligheter i Marocko.<\/p>\n<p>Lampan sprider ett varmt och behagligt ljus som skapar atmosf\u00e4r i rummet \u2013 perfekt ovanf\u00f6r matbordet, i vardagsrummet eller som ett i\u00f6gonfallande inslag i hallen.<\/p>\n<p>Kvaliteten \u00e4r av h\u00f6gsta klass, eftersom vi endast arbetar med de b\u00e4sta materialen och hantverket \u00e4r det b\u00e4sta i sitt slag i Marocko.<\/p>\n<p data-start=\"632\" data-end=\"728\">\ud83d\udc49 Obs: Uttag och kabel ing\u00e5r ej \u2013 sk\u00e4rmen f\u00e4sts enkelt i ett befintligt uttag.<\/p>\n<p>&nbsp;<\/p>\n<p>&nbsp;<\/p>\n<p>&nbsp;<\/p>","protected":false},"featured_media":40180,"template":"","meta":{"inline_featured_image":false},"product_brand":[],"product_cat":[177,67],"product_tag":[],"class_list":{"0":"post-40326","1":"product","2":"type-product","3":"status-publish","4":"has-post-thumbnail","6":"product_cat-haeklede-lamper","7":"product_cat-lamper","9":"first","10":"instock","11":"taxable","12":"shipping-taxable","13":"purchasable","14":"product-type-simple"},"exclude_global_add_ons":false,"addons":[{"name":"Vill du ha presentinslagning?","type":"checkbox","position":0,"required":false,"title_format":"label","default":"","description_enable":false,"description":"","placeholder_enable":false,"placeholder":"","display":"images","restrictions_type":"any_text","adjust_price":false,"price":"","price_type":"flat_fee","restrictions":false,"min":"0","max":"0","options":[{"label":"Ja tak","price":"10","price_type":"flat_fee","image":11015,"visibility":true}],"id":1669646111}],"yoast_head":"<!-- This site is optimized with the Yoast SEO plugin v27.5 - https:\/\/yoast.com\/product\/yoast-seo-wordpress\/ -->\n<title>Marokkansk h\u00e6klet pendel-lampe i viskose | H\u00e5ndlavet i Marrakech Tibladin<\/title>\n<meta name=\"description\" content=\"Flot marokkansk lampe h\u00e5ndh\u00e6klet i kvindekooperativ. Giver et hyggeligt og afslappet boheme look til din boligindretning \u21d2 Se den her!\" \/>\n<meta name=\"robots\" content=\"index, follow, max-snippet:-1, max-image-preview:large, max-video-preview:-1\" \/>\n<link rel=\"canonical\" href=\"https:\/\/tibladin.dk\/sv\/produkt\/marockansk-virkad-lampa-beige-sahara-lampa\/\" \/>\n<meta property=\"og:locale\" content=\"sv_SE\" \/>\n<meta property=\"og:type\" content=\"article\" \/>\n<meta property=\"og:title\" content=\"Marokkansk h\u00e6klet pendel-lampe i viskose | H\u00e5ndlavet i Marrakech Tibladin\" \/>\n<meta property=\"og:description\" content=\"Flot marokkansk lampe h\u00e5ndh\u00e6klet i kvindekooperativ. Giver et hyggeligt og afslappet boheme look til din boligindretning \u21d2 Se den her!\" \/>\n<meta property=\"og:url\" content=\"https:\/\/tibladin.dk\/sv\/produkt\/marockansk-virkad-lampa-beige-sahara-lampa\/\" \/>\n<meta property=\"og:site_name\" content=\"Tibladin\" \/>\n<meta property=\"article:modified_time\" content=\"2025-10-03T11:31:16+00:00\" \/>\n<meta property=\"og:image\" content=\"https:\/\/tibladin.dk\/wp-content\/uploads\/2025\/10\/ATLAS-light-lampe_beige_1.jpg\" \/>\n\t<meta property=\"og:image:width\" content=\"800\" \/>\n\t<meta property=\"og:image:height\" content=\"800\" \/>\n\t<meta property=\"og:image:type\" content=\"image\/jpeg\" \/>\n<meta name=\"twitter:card\" content=\"summary_large_image\" \/>\n<meta name=\"twitter:label1\" content=\"Ber\u00e4knad l\u00e4stid\" \/>\n\t<meta name=\"twitter:data1\" content=\"2 minuter\" \/>\n<script type=\"application\/ld+json\" class=\"yoast-schema-graph\">{\"@context\":\"https:\\\/\\\/schema.org\",\"@graph\":[{\"@type\":\"WebPage\",\"@id\":\"https:\\\/\\\/tibladin.dk\\\/produkt\\\/marokkanske-haeklet-lampe-beige-sahara-light\\\/\",\"url\":\"https:\\\/\\\/tibladin.dk\\\/produkt\\\/marokkanske-haeklet-lampe-beige-sahara-light\\\/\",\"name\":\"Marokkansk h\u00e6klet pendel-lampe i viskose | H\u00e5ndlavet i Marrakech Tibladin\",\"isPartOf\":{\"@id\":\"https:\\\/\\\/tibladin.dk\\\/#website\"},\"primaryImageOfPage\":{\"@id\":\"https:\\\/\\\/tibladin.dk\\\/produkt\\\/marokkanske-haeklet-lampe-beige-sahara-light\\\/#primaryimage\"},\"image\":{\"@id\":\"https:\\\/\\\/tibladin.dk\\\/produkt\\\/marokkanske-haeklet-lampe-beige-sahara-light\\\/#primaryimage\"},\"thumbnailUrl\":\"https:\\\/\\\/tibladin.dk\\\/wp-content\\\/uploads\\\/2025\\\/10\\\/ATLAS-light-lampe_beige_1.jpg\",\"datePublished\":\"2025-10-03T11:22:16+00:00\",\"dateModified\":\"2025-10-03T11:31:16+00:00\",\"description\":\"Flot marokkansk lampe h\u00e5ndh\u00e6klet i kvindekooperativ. Giver et hyggeligt og afslappet boheme look til din boligindretning \u21d2 Se den her!\",\"breadcrumb\":{\"@id\":\"https:\\\/\\\/tibladin.dk\\\/produkt\\\/marokkanske-haeklet-lampe-beige-sahara-light\\\/#breadcrumb\"},\"inLanguage\":\"sv-SE\",\"potentialAction\":[{\"@type\":\"ReadAction\",\"target\":[\"https:\\\/\\\/tibladin.dk\\\/produkt\\\/marokkanske-haeklet-lampe-beige-sahara-light\\\/\"]}]},{\"@type\":\"ImageObject\",\"inLanguage\":\"sv-SE\",\"@id\":\"https:\\\/\\\/tibladin.dk\\\/produkt\\\/marokkanske-haeklet-lampe-beige-sahara-light\\\/#primaryimage\",\"url\":\"https:\\\/\\\/tibladin.dk\\\/wp-content\\\/uploads\\\/2025\\\/10\\\/ATLAS-light-lampe_beige_1.jpg\",\"contentUrl\":\"https:\\\/\\\/tibladin.dk\\\/wp-content\\\/uploads\\\/2025\\\/10\\\/ATLAS-light-lampe_beige_1.jpg\",\"width\":800,\"height\":800},{\"@type\":\"BreadcrumbList\",\"@id\":\"https:\\\/\\\/tibladin.dk\\\/produkt\\\/marokkanske-haeklet-lampe-beige-sahara-light\\\/#breadcrumb\",\"itemListElement\":[{\"@type\":\"ListItem\",\"position\":1,\"name\":\"Hjem\",\"item\":\"https:\\\/\\\/tibladin.dk\\\/\"},{\"@type\":\"ListItem\",\"position\":2,\"name\":\"Shop\",\"item\":\"https:\\\/\\\/tibladin.dk\\\/shop\\\/\"},{\"@type\":\"ListItem\",\"position\":3,\"name\":\"Marokkanske h\u00e6klet lampe &#8211; BEIGE &#8211; SAHARA LIGHT\"}]},{\"@type\":\"WebSite\",\"@id\":\"https:\\\/\\\/tibladin.dk\\\/#website\",\"url\":\"https:\\\/\\\/tibladin.dk\\\/\",\"name\":\"Tibladin\",\"description\":\"Tibladin\",\"publisher\":{\"@id\":\"https:\\\/\\\/tibladin.dk\\\/#organization\"},\"potentialAction\":[{\"@type\":\"SearchAction\",\"target\":{\"@type\":\"EntryPoint\",\"urlTemplate\":\"https:\\\/\\\/tibladin.dk\\\/?s={search_term_string}\"},\"query-input\":{\"@type\":\"PropertyValueSpecification\",\"valueRequired\":true,\"valueName\":\"search_term_string\"}}],\"inLanguage\":\"sv-SE\"},{\"@type\":\"Organization\",\"@id\":\"https:\\\/\\\/tibladin.dk\\\/#organization\",\"name\":\"Tibladin\",\"url\":\"https:\\\/\\\/tibladin.dk\\\/\",\"logo\":{\"@type\":\"ImageObject\",\"inLanguage\":\"sv-SE\",\"@id\":\"https:\\\/\\\/tibladin.dk\\\/#\\\/schema\\\/logo\\\/image\\\/\",\"url\":\"https:\\\/\\\/tibladin.dk\\\/wp-content\\\/uploads\\\/2022\\\/09\\\/tibladin_logo.svg\",\"contentUrl\":\"https:\\\/\\\/tibladin.dk\\\/wp-content\\\/uploads\\\/2022\\\/09\\\/tibladin_logo.svg\",\"caption\":\"Tibladin\"},\"image\":{\"@id\":\"https:\\\/\\\/tibladin.dk\\\/#\\\/schema\\\/logo\\\/image\\\/\"}}]}<\/script>\n<!-- \/ Yoast SEO plugin. -->","yoast_head_json":{"title":"Marockansk virkad pendellampa i viskos | Handgjord i Marrakech Tibladin","description":"Vacker marockansk lampa handvirkad i ett kvinnokooperativ. Ger en mysig och avslappnad bohemisk look till din heminredning \u21d2 Se den h\u00e4r!","robots":{"index":"index","follow":"follow","max-snippet":"max-snippet:-1","max-image-preview":"max-image-preview:large","max-video-preview":"max-video-preview:-1"},"canonical":"https:\/\/tibladin.dk\/sv\/produkt\/marockansk-virkad-lampa-beige-sahara-lampa\/","og_locale":"sv_SE","og_type":"article","og_title":"Marokkansk h\u00e6klet pendel-lampe i viskose | H\u00e5ndlavet i Marrakech Tibladin","og_description":"Flot marokkansk lampe h\u00e5ndh\u00e6klet i kvindekooperativ. Giver et hyggeligt og afslappet boheme look til din boligindretning \u21d2 Se den her!","og_url":"https:\/\/tibladin.dk\/sv\/produkt\/marockansk-virkad-lampa-beige-sahara-lampa\/","og_site_name":"Tibladin","article_modified_time":"2025-10-03T11:31:16+00:00","og_image":[{"width":800,"height":800,"url":"https:\/\/tibladin.dk\/wp-content\/uploads\/2025\/10\/ATLAS-light-lampe_beige_1.jpg","type":"image\/jpeg"}],"twitter_card":"summary_large_image","twitter_misc":{"Ber\u00e4knad l\u00e4stid":"2 minuter"},"schema":{"@context":"https:\/\/schema.org","@graph":[{"@type":"WebPage","@id":"https:\/\/tibladin.dk\/produkt\/marokkanske-haeklet-lampe-beige-sahara-light\/","url":"https:\/\/tibladin.dk\/produkt\/marokkanske-haeklet-lampe-beige-sahara-light\/","name":"Marockansk virkad pendellampa i viskos | Handgjord i Marrakech Tibladin","isPartOf":{"@id":"https:\/\/tibladin.dk\/#website"},"primaryImageOfPage":{"@id":"https:\/\/tibladin.dk\/produkt\/marokkanske-haeklet-lampe-beige-sahara-light\/#primaryimage"},"image":{"@id":"https:\/\/tibladin.dk\/produkt\/marokkanske-haeklet-lampe-beige-sahara-light\/#primaryimage"},"thumbnailUrl":"https:\/\/tibladin.dk\/wp-content\/uploads\/2025\/10\/ATLAS-light-lampe_beige_1.jpg","datePublished":"2025-10-03T11:22:16+00:00","dateModified":"2025-10-03T11:31:16+00:00","description":"Vacker marockansk lampa handvirkad i ett kvinnokooperativ. Ger en mysig och avslappnad bohemisk look till din heminredning \u21d2 Se den h\u00e4r!","breadcrumb":{"@id":"https:\/\/tibladin.dk\/produkt\/marokkanske-haeklet-lampe-beige-sahara-light\/#breadcrumb"},"inLanguage":"sv-SE","potentialAction":[{"@type":"ReadAction","target":["https:\/\/tibladin.dk\/produkt\/marokkanske-haeklet-lampe-beige-sahara-light\/"]}]},{"@type":"ImageObject","inLanguage":"sv-SE","@id":"https:\/\/tibladin.dk\/produkt\/marokkanske-haeklet-lampe-beige-sahara-light\/#primaryimage","url":"https:\/\/tibladin.dk\/wp-content\/uploads\/2025\/10\/ATLAS-light-lampe_beige_1.jpg","contentUrl":"https:\/\/tibladin.dk\/wp-content\/uploads\/2025\/10\/ATLAS-light-lampe_beige_1.jpg","width":800,"height":800},{"@type":"BreadcrumbList","@id":"https:\/\/tibladin.dk\/produkt\/marokkanske-haeklet-lampe-beige-sahara-light\/#breadcrumb","itemListElement":[{"@type":"ListItem","position":1,"name":"Hjem","item":"https:\/\/tibladin.dk\/"},{"@type":"ListItem","position":2,"name":"Shop","item":"https:\/\/tibladin.dk\/shop\/"},{"@type":"ListItem","position":3,"name":"Marokkanske h\u00e6klet lampe &#8211; BEIGE &#8211; SAHARA LIGHT"}]},{"@type":"WebSite","@id":"https:\/\/tibladin.dk\/#website","url":"https:\/\/tibladin.dk\/","name":"Tibladin","description":"Tibladin","publisher":{"@id":"https:\/\/tibladin.dk\/#organization"},"potentialAction":[{"@type":"SearchAction","target":{"@type":"EntryPoint","urlTemplate":"https:\/\/tibladin.dk\/?s={search_term_string}"},"query-input":{"@type":"PropertyValueSpecification","valueRequired":true,"valueName":"search_term_string"}}],"inLanguage":"sv-SE"},{"@type":"Organization","@id":"https:\/\/tibladin.dk\/#organization","name":"Tibladin","url":"https:\/\/tibladin.dk\/","logo":{"@type":"ImageObject","inLanguage":"sv-SE","@id":"https:\/\/tibladin.dk\/#\/schema\/logo\/image\/","url":"https:\/\/tibladin.dk\/wp-content\/uploads\/2022\/09\/tibladin_logo.svg","contentUrl":"https:\/\/tibladin.dk\/wp-content\/uploads\/2022\/09\/tibladin_logo.svg","caption":"Tibladin"},"image":{"@id":"https:\/\/tibladin.dk\/#\/schema\/logo\/image\/"}}]}},"_links":{"self":[{"href":"https:\/\/tibladin.dk\/sv\/wp-json\/wp\/v2\/product\/40326","targetHints":{"allow":["GET"]}}],"collection":[{"href":"https:\/\/tibladin.dk\/sv\/wp-json\/wp\/v2\/product"}],"about":[{"href":"https:\/\/tibladin.dk\/sv\/wp-json\/wp\/v2\/types\/product"}],"wp:featuredmedia":[{"embeddable":true,"href":"https:\/\/tibladin.dk\/sv\/wp-json\/wp\/v2\/media\/40180"}],"wp:attachment":[{"href":"https:\/\/tibladin.dk\/sv\/wp-json\/wp\/v2\/media?parent=40326"}],"wp:term":[{"taxonomy":"product_brand","embeddable":true,"href":"https:\/\/tibladin.dk\/sv\/wp-json\/wp\/v2\/product_brand?post=40326"},{"taxonomy":"product_cat","embeddable":true,"href":"https:\/\/tibladin.dk\/sv\/wp-json\/wp\/v2\/product_cat?post=40326"},{"taxonomy":"product_tag","embeddable":true,"href":"https:\/\/tibladin.dk\/sv\/wp-json\/wp\/v2\/product_tag?post=40326"}],"curies":[{"name":"wp","href":"https:\/\/api.w.org\/{rel}","templated":true}]}}