{"id":40327,"date":"2025-10-03T13:27:34","date_gmt":"2025-10-03T11:27:34","guid":{"rendered":"https:\/\/tibladin.dk\/?post_type=product&#038;p=40327"},"modified":"2026-03-25T12:47:56","modified_gmt":"2026-03-25T11:47:56","slug":"golvkuddepuff-i-ull-okenguld","status":"publish","type":"product","link":"https:\/\/tibladin.dk\/sv\/produkt\/gulvpude-puf-i-uld-desert-gold\/","title":{"rendered":"Golvkudde\/puff i ull \u2013 DESERT GOLD"},"content":{"rendered":"<div class=\"wpb-content-wrapper\"><div class=\"vc_row wpb_row vc_row-fluid\"><div class=\"wpb_column vc_column_container vc_col-sm-6\"><div class=\"vc_column-inner\"><div class=\"wpb_wrapper\"><h3 style=\"text-align: left\" class=\"vc_custom_heading vc_do_custom_heading\" >Underh\u00e5ll av din golvkudde<\/h3>\n\t<div class=\"wpb_text_column wpb_content_element\" >\n\t\t<div class=\"wpb_wrapper\">\n\t\t\t<p>Om du skulle ha otur att f\u00e5 en fl\u00e4ck p\u00e5 din ullpuff eller golvkudde av ull, b\u00f6rja med att dammsuga fl\u00e4cken. Ullen \u00e4r naturligt omgiven av lanolin som bildar en skyddande hinna p\u00e5 fibrerna, s\u00e5 fl\u00e4ckar har s\u00e4mre chans att tr\u00e4nga in. Om det inte lossnar med detta kan du ta en fuktig trasa och dutta p\u00e5 fl\u00e4cken, gnugga slutligen inte. Skulle vi ha turen att f\u00e5 sn\u00f6 att falla en vinterdag, l\u00e4gg ut din ullpuff eller yllefilt i den nyfallna sn\u00f6n. Det \u00e4r den mest effektiva metoden f\u00f6r att f\u00e5 den rengjord p\u00e5 djupet<\/p>\n\n\t\t<\/div>\n\t<\/div>\n<\/div><\/div><\/div><div class=\"wpb_column vc_column_container vc_col-sm-6\"><div class=\"vc_column-inner\"><div class=\"wpb_wrapper\"><h3 style=\"text-align: left\" class=\"vc_custom_heading vc_do_custom_heading\" >Golvkuddar\/puffar fr\u00e5n azilalmattor<\/h3>\n\t<div class=\"wpb_text_column wpb_content_element\" >\n\t\t<div class=\"wpb_wrapper\">\n\t\t\t<p>Vi har f\u00e5tt in en hel del golvkuddar\/ullpuffar i olika f\u00e4rger och m\u00f6nster. Dessa golvkuddar \u00e4r handsydda av \u00e4kta vintage azilalmattor, vilket \u00e4r anledningen till att alla golvkuddar \u00e4r olika. Mattorna kommer fr\u00e5n Azilal-regionen i de marockanska bergen \u00f6ster om Marrakech, d\u00e4r det vanligtvis \u00e4r kvinnornas uppgift att v\u00e4va mattorna f\u00f6r hand. Ursprungligen hade de lokala berberkvinnorna inget skriftspr\u00e5k, s\u00e5 de v\u00e4vde in ber\u00e4ttelser i mattorna, varf\u00f6r varje matta \u00e4r unik. Azilal-mattor \u00e4r gjorda av 100% ull \u2013 ibland i kombination med bomullstr\u00e5d.<\/p>\n<p><a href=\"https:\/\/tibladin.dk\/sv\/produktkategori-2\/interior\/mobel\/poff\/\">Se hela v\u00e5rt utbud av golvkuddar gjorda av \u00e5tervunna Azilal- och Beni Ouarain-mattor h\u00e4r.<\/a><\/p>\n<p><b>Fyll din sittpuff<\/b><br \/>\nDet b\u00e4sta \u00e4r att fylla din sittpuff med en stor stadig kudde \u2013 g\u00e4rna 90\u00d790 cm, som kommer att fylla hela kudden bra. Du kan enkelt anv\u00e4nda saker du redan har, t\u00e4cken, kuddar, filtar eller h\u00e5rt skrynkliga tidningspapper. Du kan ocks\u00e5 k\u00f6pa skumgranulat eller bomullsfyllning till din sittpuff. Om du anv\u00e4nder den h\u00e4r typen av stoppning rekommenderar vi att du syr ett inner\u00f6verdrag eller tar ett gammalt p\u00e5slakan och l\u00e4gger in fyllningen d\u00e4r innan du l\u00e4gger den i din sittpuff.<\/p>\n<p>Vid extra k\u00f6p skickar vi den med en monteringsplatta 90\u00d790 cm.<\/p>\n\n\t\t<\/div>\n\t<\/div>\n<\/div><\/div><\/div><\/div>\n<\/div>","protected":false},"excerpt":{"rendered":"<article class=\"text-token-text-primary w-full focus:outline-none scroll-mt-[calc(var(--header-height)+min(200px,max(70px,20svh)))]\" dir=\"auto\" tabindex=\"-1\" data-turn-id=\"43dfec14-1809-43f4-a852-c7415f8209c4\" data-testid=\"conversation-turn-30\" data-scroll-anchor=\"true\" data-turn=\"assistant\">\n<div class=\"text-base my-auto mx-auto pb-10 [--thread-content-margin:--spacing(4)] @[37rem]:[--thread-content-margin:--spacing(6)] @[72rem]:[--thread-content-margin:--spacing(16)] px-(--thread-content-margin)\">\n<div class=\"[--thread-content-max-width:32rem] @[34rem]:[--thread-content-max-width:40rem] @[64rem]:[--thread-content-max-width:48rem] mx-auto max-w-(--thread-content-max-width) flex-1 group\/turn-messages focus-visible:outline-hidden relative flex w-full min-w-0 flex-col agent-turn\" tabindex=\"-1\">\n<div class=\"flex max-w-full flex-col grow\">\n<div class=\"min-h-8 text-message relative flex w-full flex-col items-end gap-2 text-start break-words whitespace-normal [.text-message+&amp;]:mt-5\" dir=\"auto\" data-message-author-role=\"assistant\" data-message-id=\"5a20f797-1d00-4fae-b31c-c3b8fb963e0d\" data-message-model-slug=\"gpt-5\">\n<div class=\"flex w-full flex-col gap-1 empty:hidden first:pt-[3px]\">\n<div class=\"markdown prose dark:prose-invert w-full break-words light markdown-new-styling\">\n<p data-start=\"215\" data-end=\"264\">\u2600\ufe0f<strong> Desert Gold<\/strong>\u00a0<strong data-start=\"218\" data-end=\"259\">\u2013 vintage marokkansk gulvpude<\/strong> \u2600\ufe0f<\/p>\n<p data-start=\"703\" data-end=\"835\">\u2028Denne Desert Gold gulvpude str\u00e5ler af varme nuancer i gyldne, orange og jordtoner, dekoreret med traditionelle geometriske og blomsterinspirerede m\u00f8nstre. Den er h\u00e5ndlavet i Marokko af et vintage berbert\u00e6ppe, hvilket g\u00f8r den til et unikt og autentisk indretningsobjekt.<\/p>\n<p data-start=\"703\" data-end=\"835\">Hver pude fort\u00e6ller sin egen historie \u2013 v\u00e6vet i uld af dygtige berberkvinder, der gennem generationer har mestret dette s\u00e6rlige h\u00e5ndv\u00e6rk. Puden b\u00e6rer smukke spor af tidens patina, som giver den dybde, sj\u00e6l og karakter.<\/p>\n<p data-start=\"703\" data-end=\"835\">Perfekt til at skabe hygge og varme i stuen, som ekstra siddeplads eller som et farverigt statement i dit hjem.<\/p>\n<ul>\n<li>\u00a0Materiale: Uld (genanvendt fra vintage t\u00e6ppe)<\/li>\n<li>\u00a0Oprindelse: H\u00e5ndlavet i Marokko<\/li>\n<li>\u00a0Fyld: Leveres uden fyld (kan nemt fyldes med fx t\u00e6pper, puder eller fyldv\u00e5r for at give den \u00f8nskede form og komfort)Du kan ogs\u00e5 v\u00e6lge din gulvpude med fyld af en stor monteringspude 90&#215;90 cm der fylder puden godt ud og g\u00f8r den bl\u00f8d og behagelig at sidde p\u00e5.<\/li>\n<\/ul>\n<p data-start=\"241\" data-end=\"287\">M\u00e5l: ca. 60&#215;60 cm \u00a0og ca 25-30 cm i h\u00f8jden (kan variere lidt, da den er h\u00e5ndlavet) bagsiden er i stribet \u00a0berbert\u00e6ppe og der er praktisk lynl\u00e5s for lettere at kunne fylde den.<\/p>\n<p data-start=\"1205\" data-end=\"1265\">Kun \u00e9t eksemplar \u2013 et unikt stykke marokkansk kunsth\u00e5ndv\u00e6rk til dit hjem.<\/p>\n<\/div>\n<\/div>\n<\/div>\n<\/div>\n<div class=\"flex min-h-[46px] justify-start\"><\/div>\n<div class=\"mt-3 w-full empty:hidden\"><\/div>\n<\/div>\n<\/div>\n<\/article>\n","protected":false},"featured_media":40294,"template":"","meta":{"inline_featured_image":false},"product_brand":[],"product_cat":[101,39],"product_tag":[],"class_list":{"0":"post-40327","1":"product","2":"type-product","3":"status-publish","4":"has-post-thumbnail","6":"product_cat-gulvpuder-uldpufs","7":"product_cat-moebler","9":"first","10":"outofstock","11":"taxable","12":"shipping-taxable","13":"purchasable","14":"product-type-simple"},"exclude_global_add_ons":false,"addons":[{"name":"F\u00e5 din sittpuff levererad med fyllning av en stor monteringsdyna","type":"checkbox","position":0,"required":false,"title_format":"label","default":"","description_enable":true,"description":"Fylld med en stor monteringskudde p\u00e5 90x90 cm, som fyller puffen v\u00e4l och g\u00f6r den mjuk och bekv\u00e4m att sitta p\u00e5. G\u00f6r det enkelt att ta av \u00f6verdraget och reng\u00f6ra det.","placeholder_enable":false,"placeholder":"","display":"images","restrictions_type":"any_text","adjust_price":false,"price":"","price_type":"flat_fee","restrictions":false,"min":"0","max":"0","options":[{"label":"Ja tak","price":"300","price_type":"quantity_based","image":11028,"visibility":true}],"id":1672424044}],"yoast_head":"<!-- This site is optimized with the Yoast SEO plugin v27.6 - https:\/\/yoast.com\/product\/yoast-seo-wordpress\/ -->\n<title>Marokkansk gulvpude | H\u00e5ndsyet af Azilal-t\u00e6ppe | Tibladin<\/title>\n<meta name=\"description\" content=\"Unik marokkansk gulvpude lavet af uldt\u00e6ppe i varme nuancer af gylden, orange og jordtoner. H\u00e5ndlavet i Marrakech \u21d2 Se den her.\" \/>\n<meta name=\"robots\" content=\"index, follow, max-snippet:-1, max-image-preview:large, max-video-preview:-1\" \/>\n<link rel=\"canonical\" href=\"https:\/\/tibladin.dk\/sv\/produkt\/golvkuddepuff-i-ull-okenguld\/\" \/>\n<meta property=\"og:locale\" content=\"sv_SE\" \/>\n<meta property=\"og:type\" content=\"article\" \/>\n<meta property=\"og:title\" content=\"Marokkansk gulvpude | H\u00e5ndsyet af Azilal-t\u00e6ppe | Tibladin\" \/>\n<meta property=\"og:description\" content=\"Unik marokkansk gulvpude lavet af uldt\u00e6ppe i varme nuancer af gylden, orange og jordtoner. H\u00e5ndlavet i Marrakech \u21d2 Se den her.\" \/>\n<meta property=\"og:url\" content=\"https:\/\/tibladin.dk\/sv\/produkt\/golvkuddepuff-i-ull-okenguld\/\" \/>\n<meta property=\"og:site_name\" content=\"Tibladin\" \/>\n<meta property=\"article:modified_time\" content=\"2026-03-25T11:47:56+00:00\" \/>\n<meta property=\"og:image\" content=\"https:\/\/tibladin.dk\/wp-content\/uploads\/2025\/10\/Marokkansk-gulvpude_desert-gold_1.jpeg\" \/>\n\t<meta property=\"og:image:width\" content=\"800\" \/>\n\t<meta property=\"og:image:height\" content=\"800\" \/>\n\t<meta property=\"og:image:type\" content=\"image\/jpeg\" \/>\n<meta name=\"twitter:card\" content=\"summary_large_image\" \/>\n<meta name=\"twitter:label1\" content=\"Ber\u00e4knad l\u00e4stid\" \/>\n\t<meta name=\"twitter:data1\" content=\"3 minuter\" \/>\n<script type=\"application\/ld+json\" class=\"yoast-schema-graph\">{\"@context\":\"https:\\\/\\\/schema.org\",\"@graph\":[{\"@type\":\"WebPage\",\"@id\":\"https:\\\/\\\/tibladin.dk\\\/produkt\\\/gulvpude-puf-i-uld-desert-gold\\\/\",\"url\":\"https:\\\/\\\/tibladin.dk\\\/produkt\\\/gulvpude-puf-i-uld-desert-gold\\\/\",\"name\":\"Marokkansk gulvpude | H\u00e5ndsyet af Azilal-t\u00e6ppe | Tibladin\",\"isPartOf\":{\"@id\":\"https:\\\/\\\/tibladin.dk\\\/#website\"},\"primaryImageOfPage\":{\"@id\":\"https:\\\/\\\/tibladin.dk\\\/produkt\\\/gulvpude-puf-i-uld-desert-gold\\\/#primaryimage\"},\"image\":{\"@id\":\"https:\\\/\\\/tibladin.dk\\\/produkt\\\/gulvpude-puf-i-uld-desert-gold\\\/#primaryimage\"},\"thumbnailUrl\":\"https:\\\/\\\/tibladin.dk\\\/wp-content\\\/uploads\\\/2025\\\/10\\\/Marokkansk-gulvpude_desert-gold_1.jpeg\",\"datePublished\":\"2025-10-03T11:27:34+00:00\",\"dateModified\":\"2026-03-25T11:47:56+00:00\",\"description\":\"Unik marokkansk gulvpude lavet af uldt\u00e6ppe i varme nuancer af gylden, orange og jordtoner. H\u00e5ndlavet i Marrakech \u21d2 Se den her.\",\"breadcrumb\":{\"@id\":\"https:\\\/\\\/tibladin.dk\\\/produkt\\\/gulvpude-puf-i-uld-desert-gold\\\/#breadcrumb\"},\"inLanguage\":\"sv-SE\",\"potentialAction\":[{\"@type\":\"ReadAction\",\"target\":[\"https:\\\/\\\/tibladin.dk\\\/produkt\\\/gulvpude-puf-i-uld-desert-gold\\\/\"]}]},{\"@type\":\"ImageObject\",\"inLanguage\":\"sv-SE\",\"@id\":\"https:\\\/\\\/tibladin.dk\\\/produkt\\\/gulvpude-puf-i-uld-desert-gold\\\/#primaryimage\",\"url\":\"https:\\\/\\\/tibladin.dk\\\/wp-content\\\/uploads\\\/2025\\\/10\\\/Marokkansk-gulvpude_desert-gold_1.jpeg\",\"contentUrl\":\"https:\\\/\\\/tibladin.dk\\\/wp-content\\\/uploads\\\/2025\\\/10\\\/Marokkansk-gulvpude_desert-gold_1.jpeg\",\"width\":800,\"height\":800,\"caption\":\"Marokkansk-gulvpude_desert-gold_1\"},{\"@type\":\"BreadcrumbList\",\"@id\":\"https:\\\/\\\/tibladin.dk\\\/produkt\\\/gulvpude-puf-i-uld-desert-gold\\\/#breadcrumb\",\"itemListElement\":[{\"@type\":\"ListItem\",\"position\":1,\"name\":\"Hjem\",\"item\":\"https:\\\/\\\/tibladin.dk\\\/\"},{\"@type\":\"ListItem\",\"position\":2,\"name\":\"Shop\",\"item\":\"https:\\\/\\\/tibladin.dk\\\/shop\\\/\"},{\"@type\":\"ListItem\",\"position\":3,\"name\":\"Gulvpude\\\/puf i uld &#8211; DESERT GOLD\"}]},{\"@type\":\"WebSite\",\"@id\":\"https:\\\/\\\/tibladin.dk\\\/#website\",\"url\":\"https:\\\/\\\/tibladin.dk\\\/\",\"name\":\"Tibladin\",\"description\":\"Tibladin\",\"publisher\":{\"@id\":\"https:\\\/\\\/tibladin.dk\\\/#organization\"},\"potentialAction\":[{\"@type\":\"SearchAction\",\"target\":{\"@type\":\"EntryPoint\",\"urlTemplate\":\"https:\\\/\\\/tibladin.dk\\\/?s={search_term_string}\"},\"query-input\":{\"@type\":\"PropertyValueSpecification\",\"valueRequired\":true,\"valueName\":\"search_term_string\"}}],\"inLanguage\":\"sv-SE\"},{\"@type\":\"Organization\",\"@id\":\"https:\\\/\\\/tibladin.dk\\\/#organization\",\"name\":\"Tibladin\",\"url\":\"https:\\\/\\\/tibladin.dk\\\/\",\"logo\":{\"@type\":\"ImageObject\",\"inLanguage\":\"sv-SE\",\"@id\":\"https:\\\/\\\/tibladin.dk\\\/#\\\/schema\\\/logo\\\/image\\\/\",\"url\":\"https:\\\/\\\/tibladin.dk\\\/wp-content\\\/uploads\\\/2022\\\/09\\\/tibladin_logo.svg\",\"contentUrl\":\"https:\\\/\\\/tibladin.dk\\\/wp-content\\\/uploads\\\/2022\\\/09\\\/tibladin_logo.svg\",\"caption\":\"Tibladin\"},\"image\":{\"@id\":\"https:\\\/\\\/tibladin.dk\\\/#\\\/schema\\\/logo\\\/image\\\/\"}}]}<\/script>\n<!-- \/ Yoast SEO plugin. -->","yoast_head_json":{"title":"Marockansk golvkudde | Handsydd fr\u00e5n Azilal-matta | Tibladin","description":"Unik marockansk golvkudde tillverkad av ullmatta i varma nyanser av guld, orange och jordf\u00e4rger. Handgjord i Marrakech \u21d2 Se den h\u00e4r.","robots":{"index":"index","follow":"follow","max-snippet":"max-snippet:-1","max-image-preview":"max-image-preview:large","max-video-preview":"max-video-preview:-1"},"canonical":"https:\/\/tibladin.dk\/sv\/produkt\/golvkuddepuff-i-ull-okenguld\/","og_locale":"sv_SE","og_type":"article","og_title":"Marokkansk gulvpude | H\u00e5ndsyet af Azilal-t\u00e6ppe | Tibladin","og_description":"Unik marokkansk gulvpude lavet af uldt\u00e6ppe i varme nuancer af gylden, orange og jordtoner. H\u00e5ndlavet i Marrakech \u21d2 Se den her.","og_url":"https:\/\/tibladin.dk\/sv\/produkt\/golvkuddepuff-i-ull-okenguld\/","og_site_name":"Tibladin","article_modified_time":"2026-03-25T11:47:56+00:00","og_image":[{"width":800,"height":800,"url":"https:\/\/tibladin.dk\/wp-content\/uploads\/2025\/10\/Marokkansk-gulvpude_desert-gold_1.jpeg","type":"image\/jpeg"}],"twitter_card":"summary_large_image","twitter_misc":{"Ber\u00e4knad l\u00e4stid":"3 minuter"},"schema":{"@context":"https:\/\/schema.org","@graph":[{"@type":"WebPage","@id":"https:\/\/tibladin.dk\/produkt\/gulvpude-puf-i-uld-desert-gold\/","url":"https:\/\/tibladin.dk\/produkt\/gulvpude-puf-i-uld-desert-gold\/","name":"Marockansk golvkudde | Handsydd fr\u00e5n Azilal-matta | Tibladin","isPartOf":{"@id":"https:\/\/tibladin.dk\/#website"},"primaryImageOfPage":{"@id":"https:\/\/tibladin.dk\/produkt\/gulvpude-puf-i-uld-desert-gold\/#primaryimage"},"image":{"@id":"https:\/\/tibladin.dk\/produkt\/gulvpude-puf-i-uld-desert-gold\/#primaryimage"},"thumbnailUrl":"https:\/\/tibladin.dk\/wp-content\/uploads\/2025\/10\/Marokkansk-gulvpude_desert-gold_1.jpeg","datePublished":"2025-10-03T11:27:34+00:00","dateModified":"2026-03-25T11:47:56+00:00","description":"Unik marockansk golvkudde tillverkad av ullmatta i varma nyanser av guld, orange och jordf\u00e4rger. Handgjord i Marrakech \u21d2 Se den h\u00e4r.","breadcrumb":{"@id":"https:\/\/tibladin.dk\/produkt\/gulvpude-puf-i-uld-desert-gold\/#breadcrumb"},"inLanguage":"sv-SE","potentialAction":[{"@type":"ReadAction","target":["https:\/\/tibladin.dk\/produkt\/gulvpude-puf-i-uld-desert-gold\/"]}]},{"@type":"ImageObject","inLanguage":"sv-SE","@id":"https:\/\/tibladin.dk\/produkt\/gulvpude-puf-i-uld-desert-gold\/#primaryimage","url":"https:\/\/tibladin.dk\/wp-content\/uploads\/2025\/10\/Marokkansk-gulvpude_desert-gold_1.jpeg","contentUrl":"https:\/\/tibladin.dk\/wp-content\/uploads\/2025\/10\/Marokkansk-gulvpude_desert-gold_1.jpeg","width":800,"height":800,"caption":"Marokkansk-gulvpude_desert-gold_1"},{"@type":"BreadcrumbList","@id":"https:\/\/tibladin.dk\/produkt\/gulvpude-puf-i-uld-desert-gold\/#breadcrumb","itemListElement":[{"@type":"ListItem","position":1,"name":"Hjem","item":"https:\/\/tibladin.dk\/"},{"@type":"ListItem","position":2,"name":"Shop","item":"https:\/\/tibladin.dk\/shop\/"},{"@type":"ListItem","position":3,"name":"Gulvpude\/puf i uld &#8211; DESERT GOLD"}]},{"@type":"WebSite","@id":"https:\/\/tibladin.dk\/#website","url":"https:\/\/tibladin.dk\/","name":"Tibladin","description":"Tibladin","publisher":{"@id":"https:\/\/tibladin.dk\/#organization"},"potentialAction":[{"@type":"SearchAction","target":{"@type":"EntryPoint","urlTemplate":"https:\/\/tibladin.dk\/?s={search_term_string}"},"query-input":{"@type":"PropertyValueSpecification","valueRequired":true,"valueName":"search_term_string"}}],"inLanguage":"sv-SE"},{"@type":"Organization","@id":"https:\/\/tibladin.dk\/#organization","name":"Tibladin","url":"https:\/\/tibladin.dk\/","logo":{"@type":"ImageObject","inLanguage":"sv-SE","@id":"https:\/\/tibladin.dk\/#\/schema\/logo\/image\/","url":"https:\/\/tibladin.dk\/wp-content\/uploads\/2022\/09\/tibladin_logo.svg","contentUrl":"https:\/\/tibladin.dk\/wp-content\/uploads\/2022\/09\/tibladin_logo.svg","caption":"Tibladin"},"image":{"@id":"https:\/\/tibladin.dk\/#\/schema\/logo\/image\/"}}]}},"_links":{"self":[{"href":"https:\/\/tibladin.dk\/sv\/wp-json\/wp\/v2\/product\/40327","targetHints":{"allow":["GET"]}}],"collection":[{"href":"https:\/\/tibladin.dk\/sv\/wp-json\/wp\/v2\/product"}],"about":[{"href":"https:\/\/tibladin.dk\/sv\/wp-json\/wp\/v2\/types\/product"}],"wp:featuredmedia":[{"embeddable":true,"href":"https:\/\/tibladin.dk\/sv\/wp-json\/wp\/v2\/media\/40294"}],"wp:attachment":[{"href":"https:\/\/tibladin.dk\/sv\/wp-json\/wp\/v2\/media?parent=40327"}],"wp:term":[{"taxonomy":"product_brand","embeddable":true,"href":"https:\/\/tibladin.dk\/sv\/wp-json\/wp\/v2\/product_brand?post=40327"},{"taxonomy":"product_cat","embeddable":true,"href":"https:\/\/tibladin.dk\/sv\/wp-json\/wp\/v2\/product_cat?post=40327"},{"taxonomy":"product_tag","embeddable":true,"href":"https:\/\/tibladin.dk\/sv\/wp-json\/wp\/v2\/product_tag?post=40327"}],"curies":[{"name":"wp","href":"https:\/\/api.w.org\/{rel}","templated":true}]}}