{"id":40479,"date":"2025-10-10T10:01:20","date_gmt":"2025-10-10T08:01:20","guid":{"rendered":"https:\/\/tibladin.dk\/?post_type=product&#038;p=40479"},"modified":"2025-10-10T14:50:13","modified_gmt":"2025-10-10T12:50:13","slug":"berberkorg-l-amane","status":"publish","type":"product","link":"https:\/\/tibladin.dk\/sv\/produkt\/berberkurv-l-amane\/","title":{"rendered":"Berberkorg L \u2013 AMANE"},"content":{"rendered":"<div class=\"wpb-content-wrapper\"><div class=\"vc_row wpb_row vc_row-fluid\"><div class=\"wpb_column vc_column_container vc_col-sm-4\"><div class=\"vc_column-inner\"><div class=\"wpb_wrapper\"><\/div><\/div><\/div><div class=\"wpb_column vc_column_container vc_col-sm-4\"><div class=\"vc_column-inner\"><div class=\"wpb_wrapper\"><h3 style=\"text-align: left\" class=\"vc_custom_heading vc_do_custom_heading\" >Underh\u00e5ll<\/h3>\n\t<div class=\"wpb_text_column wpb_content_element\" >\n\t\t<div class=\"wpb_wrapper\">\n\t\t\t<p>F\u00f6r reng\u00f6ring \u00e4r det enklaste att dammsuga den noggrant.<\/p>\n\n\t\t<\/div>\n\t<\/div>\n<\/div><\/div><\/div><div class=\"wpb_column vc_column_container vc_col-sm-4\"><div class=\"vc_column-inner\"><div class=\"wpb_wrapper\"><h3 style=\"text-align: left\" class=\"vc_custom_heading vc_do_custom_heading\" >Historien bakom<\/h3>\n\t<div class=\"wpb_text_column wpb_content_element\" >\n\t\t<div class=\"wpb_wrapper\">\n\t\t\t<p>Jag \u00e4lskar kurvor! De kan ge alla rum v\u00e4rme och mysighet.<\/p>\n<p>Anv\u00e4nd denna korg som f\u00f6rvaring f\u00f6r extra kuddar och filtar, halsdukar eller tofflor.<\/p>\n<p>Korgarna \u00e4r handgjorda och fr\u00e5n ett familjef\u00f6retag i Marrakech som \u00e4r specialiserat p\u00e5 fl\u00e4tad och har gjort det i generationer.<\/p>\n\n\t\t<\/div>\n\t<\/div>\n<\/div><\/div><\/div><\/div>\n<\/div>","protected":false},"excerpt":{"rendered":"<p>F\u00e4rgglad, livfull och full av sj\u00e4l \u2013 Amane \u00e4r en autentisk berberkorg handgjord av kvinnor i Marockos bergsomr\u00e5den. Varje korg \u00e4r unik och v\u00e4vd av naturligt gr\u00e4s, lindad med f\u00e4rgglada ulltr\u00e5dar i traditionella m\u00f6nster som ber\u00e4ttar historier om liv, natur och gemenskap.<\/p>\n<p>Med sina cirka 40 cm i h\u00f6jd och 26 cm i diameter \u00e4r Amane idealisk f\u00f6r f\u00f6rvaring av sm\u00e5 f\u00f6rem\u00e5l i hemmet \u2013 fr\u00e5n smycken och nycklar till torkade blommor eller som ett rent dekorativt konstverk i sig.<\/p>\n<p>Namnet Amane betyder vatten p\u00e5 berberspr\u00e5k \u2013 en symbol f\u00f6r liv, renhet och f\u00f6rnyelse. Det passar vackert i b\u00e5de moderna och boheminspirerade hem, d\u00e4r f\u00e4rger och hantverk f\u00e5r ber\u00e4tta sin egen historia.<\/p>\n<p>Detaljer:<\/p>\n<p>* Handgjort i Marocko<br \/>\n* Material: naturgr\u00e4s och ulltr\u00e5d<br \/>\n* M\u00e5tt: ca. H 40 cm x \u00d8 26 cm<\/p>\n<p>Varje korg \u00e4r unik \u2013 sm\u00e5 variationer i f\u00e4rger och m\u00f6nster kan f\u00f6rekomma<\/p>","protected":false},"featured_media":40439,"template":"","meta":{"inline_featured_image":false},"product_brand":[],"product_cat":[55,51],"product_tag":[],"class_list":{"0":"post-40479","1":"product","2":"type-product","3":"status-publish","4":"has-post-thumbnail","6":"product_cat-kurve","7":"product_cat-opbevaring","9":"first","10":"instock","11":"taxable","12":"shipping-taxable","13":"purchasable","14":"product-type-simple"},"exclude_global_add_ons":[],"addons":[],"yoast_head":"<!-- This site is optimized with the Yoast SEO plugin v27.4 - https:\/\/yoast.com\/product\/yoast-seo-wordpress\/ -->\n<title>Berberkurv L - AMANE - Tibladin<\/title>\n<meta name=\"description\" content=\"Farverig, h\u00e5ndlavet berberkurv med masser af sj\u00e6l. Perfekt til opbevaring i stue, bad og sovev\u00e6relse. Stort udvalg af unikke designs!\" \/>\n<meta name=\"robots\" content=\"index, follow, max-snippet:-1, max-image-preview:large, max-video-preview:-1\" \/>\n<link rel=\"canonical\" href=\"https:\/\/tibladin.dk\/sv\/produkt\/berberkorg-l-amane\/\" \/>\n<meta property=\"og:locale\" content=\"sv_SE\" \/>\n<meta property=\"og:type\" content=\"article\" \/>\n<meta property=\"og:title\" content=\"Berberkurv L - AMANE - Tibladin\" \/>\n<meta property=\"og:description\" content=\"Farverig, h\u00e5ndlavet berberkurv med masser af sj\u00e6l. Perfekt til opbevaring i stue, bad og sovev\u00e6relse. Stort udvalg af unikke designs!\" \/>\n<meta property=\"og:url\" content=\"https:\/\/tibladin.dk\/sv\/produkt\/berberkorg-l-amane\/\" \/>\n<meta property=\"og:site_name\" content=\"Tibladin\" \/>\n<meta property=\"article:modified_time\" content=\"2025-10-10T12:50:13+00:00\" \/>\n<meta property=\"og:image\" content=\"https:\/\/tibladin.dk\/wp-content\/uploads\/2025\/10\/Amane-berberkurv-str-L.jpeg\" \/>\n\t<meta property=\"og:image:width\" content=\"800\" \/>\n\t<meta property=\"og:image:height\" content=\"800\" \/>\n\t<meta property=\"og:image:type\" content=\"image\/jpeg\" \/>\n<meta name=\"twitter:card\" content=\"summary_large_image\" \/>\n<meta name=\"twitter:label1\" content=\"Ber\u00e4knad l\u00e4stid\" \/>\n\t<meta name=\"twitter:data1\" content=\"1 minut\" \/>\n<script type=\"application\/ld+json\" class=\"yoast-schema-graph\">{\"@context\":\"https:\\\/\\\/schema.org\",\"@graph\":[{\"@type\":\"WebPage\",\"@id\":\"https:\\\/\\\/tibladin.dk\\\/produkt\\\/berberkurv-l-amane\\\/\",\"url\":\"https:\\\/\\\/tibladin.dk\\\/produkt\\\/berberkurv-l-amane\\\/\",\"name\":\"Berberkurv L - AMANE - Tibladin\",\"isPartOf\":{\"@id\":\"https:\\\/\\\/tibladin.dk\\\/#website\"},\"primaryImageOfPage\":{\"@id\":\"https:\\\/\\\/tibladin.dk\\\/produkt\\\/berberkurv-l-amane\\\/#primaryimage\"},\"image\":{\"@id\":\"https:\\\/\\\/tibladin.dk\\\/produkt\\\/berberkurv-l-amane\\\/#primaryimage\"},\"thumbnailUrl\":\"https:\\\/\\\/tibladin.dk\\\/wp-content\\\/uploads\\\/2025\\\/10\\\/Amane-berberkurv-str-L.jpeg\",\"datePublished\":\"2025-10-10T08:01:20+00:00\",\"dateModified\":\"2025-10-10T12:50:13+00:00\",\"description\":\"Farverig, h\u00e5ndlavet berberkurv med masser af sj\u00e6l. Perfekt til opbevaring i stue, bad og sovev\u00e6relse. Stort udvalg af unikke designs!\",\"breadcrumb\":{\"@id\":\"https:\\\/\\\/tibladin.dk\\\/produkt\\\/berberkurv-l-amane\\\/#breadcrumb\"},\"inLanguage\":\"sv-SE\",\"potentialAction\":[{\"@type\":\"ReadAction\",\"target\":[\"https:\\\/\\\/tibladin.dk\\\/produkt\\\/berberkurv-l-amane\\\/\"]}]},{\"@type\":\"ImageObject\",\"inLanguage\":\"sv-SE\",\"@id\":\"https:\\\/\\\/tibladin.dk\\\/produkt\\\/berberkurv-l-amane\\\/#primaryimage\",\"url\":\"https:\\\/\\\/tibladin.dk\\\/wp-content\\\/uploads\\\/2025\\\/10\\\/Amane-berberkurv-str-L.jpeg\",\"contentUrl\":\"https:\\\/\\\/tibladin.dk\\\/wp-content\\\/uploads\\\/2025\\\/10\\\/Amane-berberkurv-str-L.jpeg\",\"width\":800,\"height\":800,\"caption\":\"Amane-berberkurv-str-L\"},{\"@type\":\"BreadcrumbList\",\"@id\":\"https:\\\/\\\/tibladin.dk\\\/produkt\\\/berberkurv-l-amane\\\/#breadcrumb\",\"itemListElement\":[{\"@type\":\"ListItem\",\"position\":1,\"name\":\"Hjem\",\"item\":\"https:\\\/\\\/tibladin.dk\\\/\"},{\"@type\":\"ListItem\",\"position\":2,\"name\":\"Shop\",\"item\":\"https:\\\/\\\/tibladin.dk\\\/shop\\\/\"},{\"@type\":\"ListItem\",\"position\":3,\"name\":\"Berberkurv L &#8211; AMANE\"}]},{\"@type\":\"WebSite\",\"@id\":\"https:\\\/\\\/tibladin.dk\\\/#website\",\"url\":\"https:\\\/\\\/tibladin.dk\\\/\",\"name\":\"Tibladin\",\"description\":\"Tibladin\",\"publisher\":{\"@id\":\"https:\\\/\\\/tibladin.dk\\\/#organization\"},\"potentialAction\":[{\"@type\":\"SearchAction\",\"target\":{\"@type\":\"EntryPoint\",\"urlTemplate\":\"https:\\\/\\\/tibladin.dk\\\/?s={search_term_string}\"},\"query-input\":{\"@type\":\"PropertyValueSpecification\",\"valueRequired\":true,\"valueName\":\"search_term_string\"}}],\"inLanguage\":\"sv-SE\"},{\"@type\":\"Organization\",\"@id\":\"https:\\\/\\\/tibladin.dk\\\/#organization\",\"name\":\"Tibladin\",\"url\":\"https:\\\/\\\/tibladin.dk\\\/\",\"logo\":{\"@type\":\"ImageObject\",\"inLanguage\":\"sv-SE\",\"@id\":\"https:\\\/\\\/tibladin.dk\\\/#\\\/schema\\\/logo\\\/image\\\/\",\"url\":\"https:\\\/\\\/tibladin.dk\\\/wp-content\\\/uploads\\\/2022\\\/09\\\/tibladin_logo.svg\",\"contentUrl\":\"https:\\\/\\\/tibladin.dk\\\/wp-content\\\/uploads\\\/2022\\\/09\\\/tibladin_logo.svg\",\"caption\":\"Tibladin\"},\"image\":{\"@id\":\"https:\\\/\\\/tibladin.dk\\\/#\\\/schema\\\/logo\\\/image\\\/\"}}]}<\/script>\n<!-- \/ Yoast SEO plugin. -->","yoast_head_json":{"title":"Berberkorg L - AMANE - Tibladin","description":"F\u00e4rgglad, handgjord berberkorg med massor av sj\u00e4l. Perfekt f\u00f6r f\u00f6rvaring i vardagsrum, badrum och sovrum. Stort urval av unika designer!","robots":{"index":"index","follow":"follow","max-snippet":"max-snippet:-1","max-image-preview":"max-image-preview:large","max-video-preview":"max-video-preview:-1"},"canonical":"https:\/\/tibladin.dk\/sv\/produkt\/berberkorg-l-amane\/","og_locale":"sv_SE","og_type":"article","og_title":"Berberkurv L - AMANE - Tibladin","og_description":"Farverig, h\u00e5ndlavet berberkurv med masser af sj\u00e6l. Perfekt til opbevaring i stue, bad og sovev\u00e6relse. Stort udvalg af unikke designs!","og_url":"https:\/\/tibladin.dk\/sv\/produkt\/berberkorg-l-amane\/","og_site_name":"Tibladin","article_modified_time":"2025-10-10T12:50:13+00:00","og_image":[{"width":800,"height":800,"url":"https:\/\/tibladin.dk\/wp-content\/uploads\/2025\/10\/Amane-berberkurv-str-L.jpeg","type":"image\/jpeg"}],"twitter_card":"summary_large_image","twitter_misc":{"Ber\u00e4knad l\u00e4stid":"1 minut"},"schema":{"@context":"https:\/\/schema.org","@graph":[{"@type":"WebPage","@id":"https:\/\/tibladin.dk\/produkt\/berberkurv-l-amane\/","url":"https:\/\/tibladin.dk\/produkt\/berberkurv-l-amane\/","name":"Berberkorg L - AMANE - Tibladin","isPartOf":{"@id":"https:\/\/tibladin.dk\/#website"},"primaryImageOfPage":{"@id":"https:\/\/tibladin.dk\/produkt\/berberkurv-l-amane\/#primaryimage"},"image":{"@id":"https:\/\/tibladin.dk\/produkt\/berberkurv-l-amane\/#primaryimage"},"thumbnailUrl":"https:\/\/tibladin.dk\/wp-content\/uploads\/2025\/10\/Amane-berberkurv-str-L.jpeg","datePublished":"2025-10-10T08:01:20+00:00","dateModified":"2025-10-10T12:50:13+00:00","description":"F\u00e4rgglad, handgjord berberkorg med massor av sj\u00e4l. Perfekt f\u00f6r f\u00f6rvaring i vardagsrum, badrum och sovrum. Stort urval av unika designer!","breadcrumb":{"@id":"https:\/\/tibladin.dk\/produkt\/berberkurv-l-amane\/#breadcrumb"},"inLanguage":"sv-SE","potentialAction":[{"@type":"ReadAction","target":["https:\/\/tibladin.dk\/produkt\/berberkurv-l-amane\/"]}]},{"@type":"ImageObject","inLanguage":"sv-SE","@id":"https:\/\/tibladin.dk\/produkt\/berberkurv-l-amane\/#primaryimage","url":"https:\/\/tibladin.dk\/wp-content\/uploads\/2025\/10\/Amane-berberkurv-str-L.jpeg","contentUrl":"https:\/\/tibladin.dk\/wp-content\/uploads\/2025\/10\/Amane-berberkurv-str-L.jpeg","width":800,"height":800,"caption":"Amane-berberkurv-str-L"},{"@type":"BreadcrumbList","@id":"https:\/\/tibladin.dk\/produkt\/berberkurv-l-amane\/#breadcrumb","itemListElement":[{"@type":"ListItem","position":1,"name":"Hjem","item":"https:\/\/tibladin.dk\/"},{"@type":"ListItem","position":2,"name":"Shop","item":"https:\/\/tibladin.dk\/shop\/"},{"@type":"ListItem","position":3,"name":"Berberkurv L &#8211; AMANE"}]},{"@type":"WebSite","@id":"https:\/\/tibladin.dk\/#website","url":"https:\/\/tibladin.dk\/","name":"Tibladin","description":"Tibladin","publisher":{"@id":"https:\/\/tibladin.dk\/#organization"},"potentialAction":[{"@type":"SearchAction","target":{"@type":"EntryPoint","urlTemplate":"https:\/\/tibladin.dk\/?s={search_term_string}"},"query-input":{"@type":"PropertyValueSpecification","valueRequired":true,"valueName":"search_term_string"}}],"inLanguage":"sv-SE"},{"@type":"Organization","@id":"https:\/\/tibladin.dk\/#organization","name":"Tibladin","url":"https:\/\/tibladin.dk\/","logo":{"@type":"ImageObject","inLanguage":"sv-SE","@id":"https:\/\/tibladin.dk\/#\/schema\/logo\/image\/","url":"https:\/\/tibladin.dk\/wp-content\/uploads\/2022\/09\/tibladin_logo.svg","contentUrl":"https:\/\/tibladin.dk\/wp-content\/uploads\/2022\/09\/tibladin_logo.svg","caption":"Tibladin"},"image":{"@id":"https:\/\/tibladin.dk\/#\/schema\/logo\/image\/"}}]}},"_links":{"self":[{"href":"https:\/\/tibladin.dk\/sv\/wp-json\/wp\/v2\/product\/40479","targetHints":{"allow":["GET"]}}],"collection":[{"href":"https:\/\/tibladin.dk\/sv\/wp-json\/wp\/v2\/product"}],"about":[{"href":"https:\/\/tibladin.dk\/sv\/wp-json\/wp\/v2\/types\/product"}],"wp:featuredmedia":[{"embeddable":true,"href":"https:\/\/tibladin.dk\/sv\/wp-json\/wp\/v2\/media\/40439"}],"wp:attachment":[{"href":"https:\/\/tibladin.dk\/sv\/wp-json\/wp\/v2\/media?parent=40479"}],"wp:term":[{"taxonomy":"product_brand","embeddable":true,"href":"https:\/\/tibladin.dk\/sv\/wp-json\/wp\/v2\/product_brand?post=40479"},{"taxonomy":"product_cat","embeddable":true,"href":"https:\/\/tibladin.dk\/sv\/wp-json\/wp\/v2\/product_cat?post=40479"},{"taxonomy":"product_tag","embeddable":true,"href":"https:\/\/tibladin.dk\/sv\/wp-json\/wp\/v2\/product_tag?post=40479"}],"curies":[{"name":"wp","href":"https:\/\/api.w.org\/{rel}","templated":true}]}}